{"id":9566,"date":"2025-06-25T16:54:57","date_gmt":"2025-06-25T08:54:57","guid":{"rendered":"https:\/\/www.excalibur-generator.com\/svr700h-700d-handgefuehrte-strassenwalze\/"},"modified":"2025-06-25T16:54:57","modified_gmt":"2025-06-25T08:54:57","slug":"svr700h-700d-handgefuehrte-strassenwalze","status":"publish","type":"product","link":"https:\/\/www.excalibur-generator.com\/de\/svr700h-700d-handgefuhrte-strasenwalze.html","title":{"rendered":"SVR700H\/700D Handgef\u00fchrte Stra\u00dfenwalze"},"content":{"rendered":"<table width=\"892\">\n<tbody>\n<tr>\n<td width=\"269\">Modell<\/td>\n<td width=\"410\">SVR700H<\/td>\n<td width=\"213\">SVR700D<\/td>\n<\/tr>\n<tr>\n<td width=\"269\">Motormarke<\/td>\n<td width=\"410\">HONDA GX390\/GX270<\/td>\n<td width=\"213\">S178F<\/td>\n<\/tr>\n<tr>\n<td width=\"269\">Motormodell<\/td>\n<td width=\"410\">Benzin &amp; Einzylinder &amp; Vertikal &amp; Viertakt &amp; Diesel &amp; Einzylinder &amp; Vertikal &amp; Viertakt &amp; \u00dcberkopfventile<\/td>\n<td width=\"213\">Luft &amp; Direkteinspritzung<\/td>\n<\/tr>\n<tr>\n<td width=\"269\">Leistung<\/td>\n<td width=\"410\">9.7kw<\/td>\n<td width=\"213\">4.4kw<\/td>\n<\/tr>\n<tr>\n<td width=\"269\">Drehzahl<\/td>\n<td width=\"410\">3600rpm<\/td>\n<td width=\"213\">3600rpm<\/td>\n<\/tr>\n<tr>\n<td width=\"269\">Kraftstoffkapazit\u00e4t<\/td>\n<td width=\"410\">6.5L<\/td>\n<td width=\"213\">3.5L<\/td>\n<\/tr>\n<tr>\n<td width=\"269\">Schmier\u00f6l<\/td>\n<td width=\"410\">1.1L<\/td>\n<td width=\"213\">1.1L<\/td>\n<\/tr>\n<tr>\n<td width=\"269\">Start-up<\/td>\n<td colspan=\"2\" width=\"623\">Handr\u00fccksto\u00df \/ Elektrostart<\/td>\n<\/tr>\n<tr>\n<td width=\"269\">Statische Belastung<\/td>\n<td colspan=\"2\">45n\/cm<\/td>\n<\/tr>\n<tr>\n<td width=\"269\">Schwingungsfrequenz<\/td>\n<td colspan=\"2\" width=\"623\">70hz<\/td>\n<\/tr>\n<tr>\n<td width=\"269\">Nennamplitude<\/td>\n<td colspan=\"2\" width=\"623\">0.6mm<\/td>\n<\/tr>\n<tr>\n<td width=\"269\">Aufregende Kraft<\/td>\n<td colspan=\"2\" width=\"623\">20kn<\/td>\n<\/tr>\n<tr>\n<td width=\"269\">Weg zum Wandern<\/td>\n<td colspan=\"2\" width=\"623\">Hydraulischer Kettenantrieb in beide Richtungen<\/td>\n<\/tr>\n<tr>\n<td width=\"269\">Gehgeschwindigkeit<\/td>\n<td colspan=\"2\" width=\"623\">4.5km\/h<\/td>\n<\/tr>\n<tr>\n<td width=\"269\">Theoretische Kletterf\u00e4higkeit<\/td>\n<td colspan=\"2\" width=\"623\">30%<\/td>\n<\/tr>\n<tr>\n<td width=\"269\">Kapazit\u00e4t des Hydrauliktanks<\/td>\n<td width=\"410\">15L<\/td>\n<td width=\"213\">15L<\/td>\n<\/tr>\n<tr>\n<td width=\"269\">Wassertankkapazit\u00e4t<\/td>\n<td colspan=\"2\" width=\"623\">20L<\/td>\n<\/tr>\n<tr>\n<td width=\"269\">Bew\u00e4sserungssystem<\/td>\n<td colspan=\"2\" width=\"623\">Schwerkraftbew\u00e4sserung<\/td>\n<\/tr>\n<tr>\n<td width=\"269\">Radgr\u00f6\u00dfe<\/td>\n<td colspan=\"2\" width=\"623\">\u03c6530*700mm<\/td>\n<\/tr>\n<tr>\n<td width=\"269\">Volle Breite<\/td>\n<td colspan=\"2\" width=\"623\">880mm<\/td>\n<\/tr>\n<tr>\n<td width=\"269\">Maschinenl\u00e4nge (Schutzrahmen kippen)<\/td>\n<td colspan=\"2\" width=\"623\">2150mm<\/td>\n<\/tr>\n<tr>\n<td width=\"269\">Maschinenh\u00f6he (Schutzst\u00e4nder aufgestellt)<\/td>\n<td colspan=\"2\" width=\"623\">1870mm<\/td>\n<\/tr>\n<tr>\n<td width=\"269\">Packungsgr\u00f6\u00dfe<\/td>\n<td colspan=\"2\" width=\"623\">1200*920*1920mm<\/td>\n<\/tr>\n<tr>\n<td width=\"269\">Gewicht<\/td>\n<td colspan=\"2\" width=\"623\">550kg<\/td>\n<\/tr>\n<\/tbody>\n<\/table>\n","protected":false},"excerpt":{"rendered":"<ul>\n<li>Markenst\u00e4rke, starke Leistung und einfache Inbetriebnahme.<\/li>\n<li>Der kleine Arbeitsradius eignet sich f\u00fcr extrem enge Arbeitsbereiche.<\/li>\n<li>Hydraulikpumpen und -motoren f\u00fcr den Hausgebrauch gew\u00e4hrleisten einen einfachen bidirektionalen Betrieb.<\/li>\n<li>Verl\u00e4ngerte Armlehne, Komfort beim Lenken<\/li>\n<li>FYH-Lager und MITSUBOSHI-Riemen sorgen f\u00fcr eine zuverl\u00e4ssige Maschinenleistung.<\/li>\n<li>Oberfl\u00e4chenbeschichtung durch Spr\u00fchen, attraktives Aussehen, rostbest\u00e4ndig, korrosionsbest\u00e4ndig.<\/li>\n<\/ul>\n","protected":false},"featured_media":9567,"comment_status":"open","ping_status":"closed","template":"","meta":{"site-sidebar-layout":"default","site-content-layout":"","ast-site-content-layout":"default","site-content-style":"default","site-sidebar-style":"default","ast-global-header-display":"","ast-banner-title-visibility":"","ast-main-header-display":"","ast-hfb-above-header-display":"","ast-hfb-below-header-display":"","ast-hfb-mobile-header-display":"","site-post-title":"","ast-breadcrumbs-content":"","ast-featured-img":"","footer-sml-layout":"","theme-transparent-header-meta":"default","adv-header-id-meta":"","stick-header-meta":"","header-above-stick-meta":"","header-main-stick-meta":"","header-below-stick-meta":"","astra-migrate-meta-layouts":"default","ast-page-background-enabled":"default","ast-page-background-meta":{"desktop":{"background-color":"var(--ast-global-color-4)","background-image":"","background-repeat":"repeat","background-position":"center center","background-size":"auto","background-attachment":"scroll","background-type":"","background-media":"","overlay-type":"","overlay-color":"","overlay-opacity":"","overlay-gradient":""},"tablet":{"background-color":"","background-image":"","background-repeat":"repeat","background-position":"center center","background-size":"auto","background-attachment":"scroll","background-type":"","background-media":"","overlay-type":"","overlay-color":"","overlay-opacity":"","overlay-gradient":""},"mobile":{"background-color":"","background-image":"","background-repeat":"repeat","background-position":"center center","background-size":"auto","background-attachment":"scroll","background-type":"","background-media":"","overlay-type":"","overlay-color":"","overlay-opacity":"","overlay-gradient":""}},"ast-content-background-meta":{"desktop":{"background-color":"var(--ast-global-color-5)","background-image":"","background-repeat":"repeat","background-position":"center center","background-size":"auto","background-attachment":"scroll","background-type":"","background-media":"","overlay-type":"","overlay-color":"","overlay-opacity":"","overlay-gradient":""},"tablet":{"background-color":"var(--ast-global-color-5)","background-image":"","background-repeat":"repeat","background-position":"center center","background-size":"auto","background-attachment":"scroll","background-type":"","background-media":"","overlay-type":"","overlay-color":"","overlay-opacity":"","overlay-gradient":""},"mobile":{"background-color":"var(--ast-global-color-5)","background-image":"","background-repeat":"repeat","background-position":"center center","background-size":"auto","background-attachment":"scroll","background-type":"","background-media":"","overlay-type":"","overlay-color":"","overlay-opacity":"","overlay-gradient":""}}},"product_brand":[],"product_cat":[95],"product_tag":[],"class_list":{"0":"post-9566","1":"product","2":"type-product","3":"status-publish","4":"has-post-thumbnail","6":"product_cat-unkategorisiert","7":"desktop-align-left","8":"tablet-align-left","9":"mobile-align-left","11":"first","12":"instock","13":"shipping-taxable","14":"product-type-simple"},"yoast_head":"<!-- This site is optimized with the Yoast SEO plugin v26.5 - https:\/\/yoast.com\/wordpress\/plugins\/seo\/ -->\n<title>SVR700H\/700D Handgef\u00fchrte Stra\u00dfenwalze &#8211; Excalibur Generator<\/title>\n<meta name=\"description\" content=\"Die handgef\u00fchrte Stra\u00dfenwalze SVR700H\/700D bietet eine Kraft von 20 kN, einen bidirektionalen Hydraulikantrieb und eine effiziente Verdichtung mit Benzin- oder Dieselantrieb.\" \/>\n<meta name=\"robots\" content=\"index, follow, max-snippet:-1, max-image-preview:large, max-video-preview:-1\" \/>\n<link rel=\"canonical\" href=\"https:\/\/www.excalibur-generator.com\/de\/svr700h-700d-handgefuhrte-strasenwalze.html\" \/>\n<meta name=\"twitter:label1\" content=\"Gesch\u00e4tzte Lesezeit\" \/>\n\t<meta name=\"twitter:data1\" content=\"1\u00a0Minute\" \/>\n<script type=\"application\/ld+json\" class=\"yoast-schema-graph\">{\"@context\":\"https:\/\/schema.org\",\"@graph\":[{\"@type\":\"WebPage\",\"@id\":\"https:\/\/www.excalibur-generator.com\/de\/svr700h-700d-handgefuhrte-strasenwalze.html\",\"url\":\"https:\/\/www.excalibur-generator.com\/de\/svr700h-700d-handgefuhrte-strasenwalze.html\",\"name\":\"SVR700H\/700D Handgef\u00fchrte Stra\u00dfenwalze &#8211; Excalibur Generator\",\"isPartOf\":{\"@id\":\"https:\/\/www.excalibur-generator.com\/de\/#website\"},\"primaryImageOfPage\":{\"@id\":\"https:\/\/www.excalibur-generator.com\/de\/svr700h-700d-handgefuhrte-strasenwalze.html#primaryimage\"},\"image\":{\"@id\":\"https:\/\/www.excalibur-generator.com\/de\/svr700h-700d-handgefuhrte-strasenwalze.html#primaryimage\"},\"thumbnailUrl\":\"https:\/\/www.excalibur-generator.com\/wp-content\/uploads\/2025\/06\/SVR700H-700D-walk-behind-raod-roller.jpg\",\"datePublished\":\"2025-06-25T08:54:57+00:00\",\"description\":\"Die handgef\u00fchrte Stra\u00dfenwalze SVR700H\/700D bietet eine Kraft von 20 kN, einen bidirektionalen Hydraulikantrieb und eine effiziente Verdichtung mit Benzin- oder Dieselantrieb.\",\"breadcrumb\":{\"@id\":\"https:\/\/www.excalibur-generator.com\/de\/svr700h-700d-handgefuhrte-strasenwalze.html#breadcrumb\"},\"inLanguage\":\"de\",\"potentialAction\":[{\"@type\":\"ReadAction\",\"target\":[\"https:\/\/www.excalibur-generator.com\/de\/svr700h-700d-handgefuhrte-strasenwalze.html\"]}]},{\"@type\":\"ImageObject\",\"inLanguage\":\"de\",\"@id\":\"https:\/\/www.excalibur-generator.com\/de\/svr700h-700d-handgefuhrte-strasenwalze.html#primaryimage\",\"url\":\"https:\/\/www.excalibur-generator.com\/wp-content\/uploads\/2025\/06\/SVR700H-700D-walk-behind-raod-roller.jpg\",\"contentUrl\":\"https:\/\/www.excalibur-generator.com\/wp-content\/uploads\/2025\/06\/SVR700H-700D-walk-behind-raod-roller.jpg\",\"width\":800,\"height\":800,\"caption\":\"SVR700H 700D walk behind raod roller\"},{\"@type\":\"BreadcrumbList\",\"@id\":\"https:\/\/www.excalibur-generator.com\/de\/svr700h-700d-handgefuhrte-strasenwalze.html#breadcrumb\",\"itemListElement\":[{\"@type\":\"ListItem\",\"position\":1,\"name\":\"Home\",\"item\":\"https:\/\/www.excalibur-generator.com\/de\/\"},{\"@type\":\"ListItem\",\"position\":2,\"name\":\"Produkte\",\"item\":\"https:\/\/www.excalibur-generator.com\/de\/produkte.html\"},{\"@type\":\"ListItem\",\"position\":3,\"name\":\"SVR700H\/700D Handgef\u00fchrte Stra\u00dfenwalze\"}]},{\"@type\":\"WebSite\",\"@id\":\"https:\/\/www.excalibur-generator.com\/de\/#website\",\"url\":\"https:\/\/www.excalibur-generator.com\/de\/\",\"name\":\"Excalibur Generator\",\"description\":\"\",\"publisher\":{\"@id\":\"https:\/\/www.excalibur-generator.com\/de\/#organization\"},\"potentialAction\":[{\"@type\":\"SearchAction\",\"target\":{\"@type\":\"EntryPoint\",\"urlTemplate\":\"https:\/\/www.excalibur-generator.com\/de\/?s={search_term_string}\"},\"query-input\":{\"@type\":\"PropertyValueSpecification\",\"valueRequired\":true,\"valueName\":\"search_term_string\"}}],\"inLanguage\":\"de\"},{\"@type\":\"Organization\",\"@id\":\"https:\/\/www.excalibur-generator.com\/de\/#organization\",\"name\":\"Excalibur Generator\",\"url\":\"https:\/\/www.excalibur-generator.com\/de\/\",\"logo\":{\"@type\":\"ImageObject\",\"inLanguage\":\"de\",\"@id\":\"https:\/\/www.excalibur-generator.com\/de\/#\/schema\/logo\/image\/\",\"url\":\"https:\/\/www.excalibur-generator.com\/wp-content\/uploads\/2024\/05\/EXCALIBUR.png\",\"contentUrl\":\"https:\/\/www.excalibur-generator.com\/wp-content\/uploads\/2024\/05\/EXCALIBUR.png\",\"width\":350,\"height\":79,\"caption\":\"Excalibur Generator\"},\"image\":{\"@id\":\"https:\/\/www.excalibur-generator.com\/de\/#\/schema\/logo\/image\/\"}}]}<\/script>\n<!-- \/ Yoast SEO plugin. -->","yoast_head_json":{"title":"SVR700H\/700D Handgef\u00fchrte Stra\u00dfenwalze &#8211; Excalibur Generator","description":"Die handgef\u00fchrte Stra\u00dfenwalze SVR700H\/700D bietet eine Kraft von 20 kN, einen bidirektionalen Hydraulikantrieb und eine effiziente Verdichtung mit Benzin- oder Dieselantrieb.","robots":{"index":"index","follow":"follow","max-snippet":"max-snippet:-1","max-image-preview":"max-image-preview:large","max-video-preview":"max-video-preview:-1"},"canonical":"https:\/\/www.excalibur-generator.com\/de\/svr700h-700d-handgefuhrte-strasenwalze.html","twitter_misc":{"Gesch\u00e4tzte Lesezeit":"1\u00a0Minute"},"schema":{"@context":"https:\/\/schema.org","@graph":[{"@type":"WebPage","@id":"https:\/\/www.excalibur-generator.com\/de\/svr700h-700d-handgefuhrte-strasenwalze.html","url":"https:\/\/www.excalibur-generator.com\/de\/svr700h-700d-handgefuhrte-strasenwalze.html","name":"SVR700H\/700D Handgef\u00fchrte Stra\u00dfenwalze &#8211; Excalibur Generator","isPartOf":{"@id":"https:\/\/www.excalibur-generator.com\/de\/#website"},"primaryImageOfPage":{"@id":"https:\/\/www.excalibur-generator.com\/de\/svr700h-700d-handgefuhrte-strasenwalze.html#primaryimage"},"image":{"@id":"https:\/\/www.excalibur-generator.com\/de\/svr700h-700d-handgefuhrte-strasenwalze.html#primaryimage"},"thumbnailUrl":"https:\/\/www.excalibur-generator.com\/wp-content\/uploads\/2025\/06\/SVR700H-700D-walk-behind-raod-roller.jpg","datePublished":"2025-06-25T08:54:57+00:00","description":"Die handgef\u00fchrte Stra\u00dfenwalze SVR700H\/700D bietet eine Kraft von 20 kN, einen bidirektionalen Hydraulikantrieb und eine effiziente Verdichtung mit Benzin- oder Dieselantrieb.","breadcrumb":{"@id":"https:\/\/www.excalibur-generator.com\/de\/svr700h-700d-handgefuhrte-strasenwalze.html#breadcrumb"},"inLanguage":"de","potentialAction":[{"@type":"ReadAction","target":["https:\/\/www.excalibur-generator.com\/de\/svr700h-700d-handgefuhrte-strasenwalze.html"]}]},{"@type":"ImageObject","inLanguage":"de","@id":"https:\/\/www.excalibur-generator.com\/de\/svr700h-700d-handgefuhrte-strasenwalze.html#primaryimage","url":"https:\/\/www.excalibur-generator.com\/wp-content\/uploads\/2025\/06\/SVR700H-700D-walk-behind-raod-roller.jpg","contentUrl":"https:\/\/www.excalibur-generator.com\/wp-content\/uploads\/2025\/06\/SVR700H-700D-walk-behind-raod-roller.jpg","width":800,"height":800,"caption":"SVR700H 700D walk behind raod roller"},{"@type":"BreadcrumbList","@id":"https:\/\/www.excalibur-generator.com\/de\/svr700h-700d-handgefuhrte-strasenwalze.html#breadcrumb","itemListElement":[{"@type":"ListItem","position":1,"name":"Home","item":"https:\/\/www.excalibur-generator.com\/de\/"},{"@type":"ListItem","position":2,"name":"Produkte","item":"https:\/\/www.excalibur-generator.com\/de\/produkte.html"},{"@type":"ListItem","position":3,"name":"SVR700H\/700D Handgef\u00fchrte Stra\u00dfenwalze"}]},{"@type":"WebSite","@id":"https:\/\/www.excalibur-generator.com\/de\/#website","url":"https:\/\/www.excalibur-generator.com\/de\/","name":"Excalibur Generator","description":"","publisher":{"@id":"https:\/\/www.excalibur-generator.com\/de\/#organization"},"potentialAction":[{"@type":"SearchAction","target":{"@type":"EntryPoint","urlTemplate":"https:\/\/www.excalibur-generator.com\/de\/?s={search_term_string}"},"query-input":{"@type":"PropertyValueSpecification","valueRequired":true,"valueName":"search_term_string"}}],"inLanguage":"de"},{"@type":"Organization","@id":"https:\/\/www.excalibur-generator.com\/de\/#organization","name":"Excalibur Generator","url":"https:\/\/www.excalibur-generator.com\/de\/","logo":{"@type":"ImageObject","inLanguage":"de","@id":"https:\/\/www.excalibur-generator.com\/de\/#\/schema\/logo\/image\/","url":"https:\/\/www.excalibur-generator.com\/wp-content\/uploads\/2024\/05\/EXCALIBUR.png","contentUrl":"https:\/\/www.excalibur-generator.com\/wp-content\/uploads\/2024\/05\/EXCALIBUR.png","width":350,"height":79,"caption":"Excalibur Generator"},"image":{"@id":"https:\/\/www.excalibur-generator.com\/de\/#\/schema\/logo\/image\/"}}]}},"_links":{"self":[{"href":"https:\/\/www.excalibur-generator.com\/de\/wp-json\/wp\/v2\/product\/9566","targetHints":{"allow":["GET"]}}],"collection":[{"href":"https:\/\/www.excalibur-generator.com\/de\/wp-json\/wp\/v2\/product"}],"about":[{"href":"https:\/\/www.excalibur-generator.com\/de\/wp-json\/wp\/v2\/types\/product"}],"replies":[{"embeddable":true,"href":"https:\/\/www.excalibur-generator.com\/de\/wp-json\/wp\/v2\/comments?post=9566"}],"wp:featuredmedia":[{"embeddable":true,"href":"https:\/\/www.excalibur-generator.com\/de\/wp-json\/wp\/v2\/media\/9567"}],"wp:attachment":[{"href":"https:\/\/www.excalibur-generator.com\/de\/wp-json\/wp\/v2\/media?parent=9566"}],"wp:term":[{"taxonomy":"product_brand","embeddable":true,"href":"https:\/\/www.excalibur-generator.com\/de\/wp-json\/wp\/v2\/product_brand?post=9566"},{"taxonomy":"product_cat","embeddable":true,"href":"https:\/\/www.excalibur-generator.com\/de\/wp-json\/wp\/v2\/product_cat?post=9566"},{"taxonomy":"product_tag","embeddable":true,"href":"https:\/\/www.excalibur-generator.com\/de\/wp-json\/wp\/v2\/product_tag?post=9566"}],"curies":[{"name":"wp","href":"https:\/\/api.w.org\/{rel}","templated":true}]}}