{"id":9568,"date":"2025-06-25T16:24:30","date_gmt":"2025-06-25T08:24:30","guid":{"rendered":"https:\/\/www.excalibur-generator.com\/dvr600h-600d-handgefuehrte-strassenwalze\/"},"modified":"2025-09-15T13:16:35","modified_gmt":"2025-09-15T05:16:35","slug":"dvr600h-600d-handgefuehrte-strassenwalze","status":"publish","type":"product","link":"https:\/\/www.excalibur-generator.com\/de\/dvr600h-600d-handgefuhrte-strasenwalze.html","title":{"rendered":"DVR600H\/600D Handgef\u00fchrte Stra\u00dfenwalze"},"content":{"rendered":"<table>\n<tbody>\n<tr>\n<td>Modell<\/td>\n<td>DVR600H<\/td>\n<td>DVR600D<\/td>\n<\/tr>\n<tr>\n<td>Motormarke<\/td>\n<td>HONDA GX270<\/td>\n<td>S178<\/td>\n<\/tr>\n<tr>\n<td>Motormodell<\/td>\n<td>Benzin &amp; Einzylinder &amp; Vertikal &amp; Viertakt &amp; Diesel &amp; Einzelsitzventile<\/td>\n<td>Diesel &amp; Einzylinder &amp; Vertikal &amp; Viertakt &amp; Luft &amp; Direkteinspritzung<\/td>\n<\/tr>\n<tr>\n<td>Leistung<\/td>\n<td>6.7kw<\/td>\n<td>4.4kw<\/td>\n<\/tr>\n<tr>\n<td>Drehzahl<\/td>\n<td>3600rpm<\/td>\n<td>3600rpm<\/td>\n<\/tr>\n<tr>\n<td>Kraftstoffkapazit\u00e4t<\/td>\n<td>5.9L<\/td>\n<td>3.5L<\/td>\n<\/tr>\n<tr>\n<td>Schmier\u00f6l<\/td>\n<td>1.1L<\/td>\n<td>1.1L<\/td>\n<\/tr>\n<tr>\n<td>Start-up<\/td>\n<td colspan=\"2\">Handr\u00fccksto\u00df \/ Elektrostart<\/td>\n<\/tr>\n<tr>\n<td>Statische Belastung<\/td>\n<td colspan=\"2\">45n\/cm<\/td>\n<\/tr>\n<tr>\n<td>Schwingungsfrequenz<\/td>\n<td colspan=\"2\">70hz<\/td>\n<\/tr>\n<tr>\n<td>Nennamplitude<\/td>\n<td colspan=\"2\">0.6mm<\/td>\n<\/tr>\n<tr>\n<td>Aufregende Kraft<\/td>\n<td colspan=\"2\">20kn<\/td>\n<\/tr>\n<tr>\n<td>Weg zum Wandern<\/td>\n<td colspan=\"2\">Hydraulischer Kettenantrieb in beide Richtungen<\/td>\n<\/tr>\n<tr>\n<td>Gehgeschwindigkeit<\/td>\n<td colspan=\"2\">0~3.8km\/h<\/td>\n<\/tr>\n<tr>\n<td>Theoretische Kletterf\u00e4higkeit<\/td>\n<td colspan=\"2\">30%<\/td>\n<\/tr>\n<tr>\n<td>Kapazit\u00e4t des Hydrauliktanks<\/td>\n<td colspan=\"2\">18L<\/td>\n<\/tr>\n<tr>\n<td>Wassertankkapazit\u00e4t<\/td>\n<td>20L<\/td>\n<td>20L<\/td>\n<\/tr>\n<tr>\n<td>Bew\u00e4sserungssystem<\/td>\n<td>Gravity watering<\/td>\n<td>Schwerkraftbew\u00e4sserung<\/td>\n<\/tr>\n<tr>\n<td>Radgr\u00f6\u00dfe<\/td>\n<td colspan=\"2\">\u03c6426*600mm*2<\/td>\n<\/tr>\n<tr>\n<td>Volle Breite<\/td>\n<td colspan=\"2\">780mm<\/td>\n<\/tr>\n<tr>\n<td>Maschinenl\u00e4nge (Schutzrahmen kippen)<\/td>\n<td colspan=\"2\">2480mm<\/td>\n<\/tr>\n<tr>\n<td>Maschinenh\u00f6he (Schutzst\u00e4nder aufgestellt)<\/td>\n<td colspan=\"2\">1820mm<\/td>\n<\/tr>\n<tr>\n<td>Packungsgr\u00f6\u00dfe<\/td>\n<td colspan=\"2\">1600*850*1900mm<\/td>\n<\/tr>\n<tr>\n<td>Gewicht<\/td>\n<td>540kg<\/td>\n<td>540kg<\/td>\n<\/tr>\n<\/tbody>\n<\/table>\n","protected":false},"excerpt":{"rendered":"<ul>\n<li>Benzin- oder Dieselmotor, Elektrostart, 20 kN Erregungskraft.<\/li>\n<li>Doppeltrommel-Design, 70 Hz Vibration, 0,6 mm Amplitude, 30 % Steigung.<\/li>\n<li>Hydraulischer Kettenantrieb, 780 mm Breite, Schwerkraftbew\u00e4sserung, 540 kg Gewicht.<\/li>\n<\/ul>\n","protected":false},"featured_media":9569,"comment_status":"open","ping_status":"closed","template":"","meta":{"site-sidebar-layout":"default","site-content-layout":"","ast-site-content-layout":"default","site-content-style":"default","site-sidebar-style":"default","ast-global-header-display":"","ast-banner-title-visibility":"","ast-main-header-display":"","ast-hfb-above-header-display":"","ast-hfb-below-header-display":"","ast-hfb-mobile-header-display":"","site-post-title":"","ast-breadcrumbs-content":"","ast-featured-img":"","footer-sml-layout":"","theme-transparent-header-meta":"default","adv-header-id-meta":"","stick-header-meta":"","header-above-stick-meta":"","header-main-stick-meta":"","header-below-stick-meta":"","astra-migrate-meta-layouts":"default","ast-page-background-enabled":"default","ast-page-background-meta":{"desktop":{"background-color":"var(--ast-global-color-4)","background-image":"","background-repeat":"repeat","background-position":"center center","background-size":"auto","background-attachment":"scroll","background-type":"","background-media":"","overlay-type":"","overlay-color":"","overlay-opacity":"","overlay-gradient":""},"tablet":{"background-color":"","background-image":"","background-repeat":"repeat","background-position":"center center","background-size":"auto","background-attachment":"scroll","background-type":"","background-media":"","overlay-type":"","overlay-color":"","overlay-opacity":"","overlay-gradient":""},"mobile":{"background-color":"","background-image":"","background-repeat":"repeat","background-position":"center center","background-size":"auto","background-attachment":"scroll","background-type":"","background-media":"","overlay-type":"","overlay-color":"","overlay-opacity":"","overlay-gradient":""}},"ast-content-background-meta":{"desktop":{"background-color":"var(--ast-global-color-5)","background-image":"","background-repeat":"repeat","background-position":"center center","background-size":"auto","background-attachment":"scroll","background-type":"","background-media":"","overlay-type":"","overlay-color":"","overlay-opacity":"","overlay-gradient":""},"tablet":{"background-color":"var(--ast-global-color-5)","background-image":"","background-repeat":"repeat","background-position":"center center","background-size":"auto","background-attachment":"scroll","background-type":"","background-media":"","overlay-type":"","overlay-color":"","overlay-opacity":"","overlay-gradient":""},"mobile":{"background-color":"var(--ast-global-color-5)","background-image":"","background-repeat":"repeat","background-position":"center center","background-size":"auto","background-attachment":"scroll","background-type":"","background-media":"","overlay-type":"","overlay-color":"","overlay-opacity":"","overlay-gradient":""}}},"product_brand":[],"product_cat":[95],"product_tag":[],"class_list":{"0":"post-9568","1":"product","2":"type-product","3":"status-publish","4":"has-post-thumbnail","6":"product_cat-unkategorisiert","7":"desktop-align-left","8":"tablet-align-left","9":"mobile-align-left","11":"first","12":"instock","13":"shipping-taxable","14":"product-type-simple"},"yoast_head":"<!-- This site is optimized with the Yoast SEO plugin v26.5 - https:\/\/yoast.com\/wordpress\/plugins\/seo\/ -->\n<title>DVR600H\/600D Handgef\u00fchrte Doppelwalze &#8211; Excalibur Generator<\/title>\n<meta name=\"description\" content=\"Die handgef\u00fchrten Stra\u00dfenwalzen DVR600H\/600D verf\u00fcgen \u00fcber zwei Walzen, eine Zentrifugalkraft von 20 kN, eine Steigf\u00e4higkeit von 30 % und einen effizienten Honda- oder Dieselmotor.\" \/>\n<meta name=\"robots\" content=\"index, follow, max-snippet:-1, max-image-preview:large, max-video-preview:-1\" \/>\n<link rel=\"canonical\" href=\"https:\/\/www.excalibur-generator.com\/de\/dvr600h-600d-handgefuhrte-strasenwalze.html\" \/>\n<meta name=\"twitter:label1\" content=\"Gesch\u00e4tzte Lesezeit\" \/>\n\t<meta name=\"twitter:data1\" content=\"1\u00a0Minute\" \/>\n<script type=\"application\/ld+json\" class=\"yoast-schema-graph\">{\"@context\":\"https:\/\/schema.org\",\"@graph\":[{\"@type\":\"WebPage\",\"@id\":\"https:\/\/www.excalibur-generator.com\/de\/dvr600h-600d-handgefuhrte-strasenwalze.html\",\"url\":\"https:\/\/www.excalibur-generator.com\/de\/dvr600h-600d-handgefuhrte-strasenwalze.html\",\"name\":\"DVR600H\/600D Handgef\u00fchrte Doppelwalze &#8211; Excalibur Generator\",\"isPartOf\":{\"@id\":\"https:\/\/www.excalibur-generator.com\/de\/#website\"},\"primaryImageOfPage\":{\"@id\":\"https:\/\/www.excalibur-generator.com\/de\/dvr600h-600d-handgefuhrte-strasenwalze.html#primaryimage\"},\"image\":{\"@id\":\"https:\/\/www.excalibur-generator.com\/de\/dvr600h-600d-handgefuhrte-strasenwalze.html#primaryimage\"},\"thumbnailUrl\":\"https:\/\/www.excalibur-generator.com\/wp-content\/uploads\/2025\/06\/DVR60H-600D-walk-behind-road-roller.jpg\",\"datePublished\":\"2025-06-25T08:24:30+00:00\",\"dateModified\":\"2025-09-15T05:16:35+00:00\",\"description\":\"Die handgef\u00fchrten Stra\u00dfenwalzen DVR600H\/600D verf\u00fcgen \u00fcber zwei Walzen, eine Zentrifugalkraft von 20 kN, eine Steigf\u00e4higkeit von 30 % und einen effizienten Honda- oder Dieselmotor.\",\"breadcrumb\":{\"@id\":\"https:\/\/www.excalibur-generator.com\/de\/dvr600h-600d-handgefuhrte-strasenwalze.html#breadcrumb\"},\"inLanguage\":\"de\",\"potentialAction\":[{\"@type\":\"ReadAction\",\"target\":[\"https:\/\/www.excalibur-generator.com\/de\/dvr600h-600d-handgefuhrte-strasenwalze.html\"]}]},{\"@type\":\"ImageObject\",\"inLanguage\":\"de\",\"@id\":\"https:\/\/www.excalibur-generator.com\/de\/dvr600h-600d-handgefuhrte-strasenwalze.html#primaryimage\",\"url\":\"https:\/\/www.excalibur-generator.com\/wp-content\/uploads\/2025\/06\/DVR60H-600D-walk-behind-road-roller.jpg\",\"contentUrl\":\"https:\/\/www.excalibur-generator.com\/wp-content\/uploads\/2025\/06\/DVR60H-600D-walk-behind-road-roller.jpg\",\"width\":800,\"height\":800,\"caption\":\"DVR60H 600D walk behind road roller\"},{\"@type\":\"BreadcrumbList\",\"@id\":\"https:\/\/www.excalibur-generator.com\/de\/dvr600h-600d-handgefuhrte-strasenwalze.html#breadcrumb\",\"itemListElement\":[{\"@type\":\"ListItem\",\"position\":1,\"name\":\"Home\",\"item\":\"https:\/\/www.excalibur-generator.com\/de\/\"},{\"@type\":\"ListItem\",\"position\":2,\"name\":\"Produkte\",\"item\":\"https:\/\/www.excalibur-generator.com\/de\/produkte.html\"},{\"@type\":\"ListItem\",\"position\":3,\"name\":\"DVR600H\/600D Handgef\u00fchrte Stra\u00dfenwalze\"}]},{\"@type\":\"WebSite\",\"@id\":\"https:\/\/www.excalibur-generator.com\/de\/#website\",\"url\":\"https:\/\/www.excalibur-generator.com\/de\/\",\"name\":\"Excalibur Generator\",\"description\":\"\",\"publisher\":{\"@id\":\"https:\/\/www.excalibur-generator.com\/de\/#organization\"},\"potentialAction\":[{\"@type\":\"SearchAction\",\"target\":{\"@type\":\"EntryPoint\",\"urlTemplate\":\"https:\/\/www.excalibur-generator.com\/de\/?s={search_term_string}\"},\"query-input\":{\"@type\":\"PropertyValueSpecification\",\"valueRequired\":true,\"valueName\":\"search_term_string\"}}],\"inLanguage\":\"de\"},{\"@type\":\"Organization\",\"@id\":\"https:\/\/www.excalibur-generator.com\/de\/#organization\",\"name\":\"Excalibur Generator\",\"url\":\"https:\/\/www.excalibur-generator.com\/de\/\",\"logo\":{\"@type\":\"ImageObject\",\"inLanguage\":\"de\",\"@id\":\"https:\/\/www.excalibur-generator.com\/de\/#\/schema\/logo\/image\/\",\"url\":\"https:\/\/www.excalibur-generator.com\/wp-content\/uploads\/2024\/05\/EXCALIBUR.png\",\"contentUrl\":\"https:\/\/www.excalibur-generator.com\/wp-content\/uploads\/2024\/05\/EXCALIBUR.png\",\"width\":350,\"height\":79,\"caption\":\"Excalibur Generator\"},\"image\":{\"@id\":\"https:\/\/www.excalibur-generator.com\/de\/#\/schema\/logo\/image\/\"}}]}<\/script>\n<!-- \/ Yoast SEO plugin. -->","yoast_head_json":{"title":"DVR600H\/600D Handgef\u00fchrte Doppelwalze &#8211; Excalibur Generator","description":"Die handgef\u00fchrten Stra\u00dfenwalzen DVR600H\/600D verf\u00fcgen \u00fcber zwei Walzen, eine Zentrifugalkraft von 20 kN, eine Steigf\u00e4higkeit von 30 % und einen effizienten Honda- oder Dieselmotor.","robots":{"index":"index","follow":"follow","max-snippet":"max-snippet:-1","max-image-preview":"max-image-preview:large","max-video-preview":"max-video-preview:-1"},"canonical":"https:\/\/www.excalibur-generator.com\/de\/dvr600h-600d-handgefuhrte-strasenwalze.html","twitter_misc":{"Gesch\u00e4tzte Lesezeit":"1\u00a0Minute"},"schema":{"@context":"https:\/\/schema.org","@graph":[{"@type":"WebPage","@id":"https:\/\/www.excalibur-generator.com\/de\/dvr600h-600d-handgefuhrte-strasenwalze.html","url":"https:\/\/www.excalibur-generator.com\/de\/dvr600h-600d-handgefuhrte-strasenwalze.html","name":"DVR600H\/600D Handgef\u00fchrte Doppelwalze &#8211; Excalibur Generator","isPartOf":{"@id":"https:\/\/www.excalibur-generator.com\/de\/#website"},"primaryImageOfPage":{"@id":"https:\/\/www.excalibur-generator.com\/de\/dvr600h-600d-handgefuhrte-strasenwalze.html#primaryimage"},"image":{"@id":"https:\/\/www.excalibur-generator.com\/de\/dvr600h-600d-handgefuhrte-strasenwalze.html#primaryimage"},"thumbnailUrl":"https:\/\/www.excalibur-generator.com\/wp-content\/uploads\/2025\/06\/DVR60H-600D-walk-behind-road-roller.jpg","datePublished":"2025-06-25T08:24:30+00:00","dateModified":"2025-09-15T05:16:35+00:00","description":"Die handgef\u00fchrten Stra\u00dfenwalzen DVR600H\/600D verf\u00fcgen \u00fcber zwei Walzen, eine Zentrifugalkraft von 20 kN, eine Steigf\u00e4higkeit von 30 % und einen effizienten Honda- oder Dieselmotor.","breadcrumb":{"@id":"https:\/\/www.excalibur-generator.com\/de\/dvr600h-600d-handgefuhrte-strasenwalze.html#breadcrumb"},"inLanguage":"de","potentialAction":[{"@type":"ReadAction","target":["https:\/\/www.excalibur-generator.com\/de\/dvr600h-600d-handgefuhrte-strasenwalze.html"]}]},{"@type":"ImageObject","inLanguage":"de","@id":"https:\/\/www.excalibur-generator.com\/de\/dvr600h-600d-handgefuhrte-strasenwalze.html#primaryimage","url":"https:\/\/www.excalibur-generator.com\/wp-content\/uploads\/2025\/06\/DVR60H-600D-walk-behind-road-roller.jpg","contentUrl":"https:\/\/www.excalibur-generator.com\/wp-content\/uploads\/2025\/06\/DVR60H-600D-walk-behind-road-roller.jpg","width":800,"height":800,"caption":"DVR60H 600D walk behind road roller"},{"@type":"BreadcrumbList","@id":"https:\/\/www.excalibur-generator.com\/de\/dvr600h-600d-handgefuhrte-strasenwalze.html#breadcrumb","itemListElement":[{"@type":"ListItem","position":1,"name":"Home","item":"https:\/\/www.excalibur-generator.com\/de\/"},{"@type":"ListItem","position":2,"name":"Produkte","item":"https:\/\/www.excalibur-generator.com\/de\/produkte.html"},{"@type":"ListItem","position":3,"name":"DVR600H\/600D Handgef\u00fchrte Stra\u00dfenwalze"}]},{"@type":"WebSite","@id":"https:\/\/www.excalibur-generator.com\/de\/#website","url":"https:\/\/www.excalibur-generator.com\/de\/","name":"Excalibur Generator","description":"","publisher":{"@id":"https:\/\/www.excalibur-generator.com\/de\/#organization"},"potentialAction":[{"@type":"SearchAction","target":{"@type":"EntryPoint","urlTemplate":"https:\/\/www.excalibur-generator.com\/de\/?s={search_term_string}"},"query-input":{"@type":"PropertyValueSpecification","valueRequired":true,"valueName":"search_term_string"}}],"inLanguage":"de"},{"@type":"Organization","@id":"https:\/\/www.excalibur-generator.com\/de\/#organization","name":"Excalibur Generator","url":"https:\/\/www.excalibur-generator.com\/de\/","logo":{"@type":"ImageObject","inLanguage":"de","@id":"https:\/\/www.excalibur-generator.com\/de\/#\/schema\/logo\/image\/","url":"https:\/\/www.excalibur-generator.com\/wp-content\/uploads\/2024\/05\/EXCALIBUR.png","contentUrl":"https:\/\/www.excalibur-generator.com\/wp-content\/uploads\/2024\/05\/EXCALIBUR.png","width":350,"height":79,"caption":"Excalibur Generator"},"image":{"@id":"https:\/\/www.excalibur-generator.com\/de\/#\/schema\/logo\/image\/"}}]}},"_links":{"self":[{"href":"https:\/\/www.excalibur-generator.com\/de\/wp-json\/wp\/v2\/product\/9568","targetHints":{"allow":["GET"]}}],"collection":[{"href":"https:\/\/www.excalibur-generator.com\/de\/wp-json\/wp\/v2\/product"}],"about":[{"href":"https:\/\/www.excalibur-generator.com\/de\/wp-json\/wp\/v2\/types\/product"}],"replies":[{"embeddable":true,"href":"https:\/\/www.excalibur-generator.com\/de\/wp-json\/wp\/v2\/comments?post=9568"}],"wp:featuredmedia":[{"embeddable":true,"href":"https:\/\/www.excalibur-generator.com\/de\/wp-json\/wp\/v2\/media\/9569"}],"wp:attachment":[{"href":"https:\/\/www.excalibur-generator.com\/de\/wp-json\/wp\/v2\/media?parent=9568"}],"wp:term":[{"taxonomy":"product_brand","embeddable":true,"href":"https:\/\/www.excalibur-generator.com\/de\/wp-json\/wp\/v2\/product_brand?post=9568"},{"taxonomy":"product_cat","embeddable":true,"href":"https:\/\/www.excalibur-generator.com\/de\/wp-json\/wp\/v2\/product_cat?post=9568"},{"taxonomy":"product_tag","embeddable":true,"href":"https:\/\/www.excalibur-generator.com\/de\/wp-json\/wp\/v2\/product_tag?post=9568"}],"curies":[{"name":"wp","href":"https:\/\/api.w.org\/{rel}","templated":true}]}}