{"id":9572,"date":"2025-06-25T15:45:15","date_gmt":"2025-06-25T07:45:15","guid":{"rendered":"https:\/\/www.excalibur-generator.com\/sfs-1-ruettelbohle\/"},"modified":"2025-06-25T15:45:15","modified_gmt":"2025-06-25T07:45:15","slug":"sfs-1-ruettelbohle","status":"publish","type":"product","link":"https:\/\/www.excalibur-generator.com\/de\/sfs-1-vibrations-betonestrich.html","title":{"rendered":"SFS-1 R\u00fcttelbohle"},"content":{"rendered":"<h2>Produktstruktur<\/h2>\n<table>\n<tbody>\n<tr>\n<td width=\"284\"><img fetchpriority=\"high\" decoding=\"async\" class=\"alignnone size-full wp-image-6744\" src=\"https:\/\/www.excalibur-generator.com\/wp-content\/uploads\/2025\/06\/Vibrating-Concrete-Screed-Structure.webp\" alt=\"Vibrierende Betonestrichkonstruktion\" width=\"600\" height=\"600\" srcset=\"https:\/\/www.excalibur-generator.com\/wp-content\/uploads\/2025\/06\/Vibrating-Concrete-Screed-Structure.webp 600w, https:\/\/www.excalibur-generator.com\/wp-content\/uploads\/2025\/06\/Vibrating-Concrete-Screed-Structure-300x300.webp 300w, https:\/\/www.excalibur-generator.com\/wp-content\/uploads\/2025\/06\/Vibrating-Concrete-Screed-Structure-150x150.webp 150w, https:\/\/www.excalibur-generator.com\/wp-content\/uploads\/2025\/06\/Vibrating-Concrete-Screed-Structure-100x100.webp 100w\" sizes=\"(max-width: 600px) 100vw, 600px\" \/><\/td>\n<td width=\"284\">\n<ol>\n<li>Drosselklappensteuerung: manuelle Einstellung der Vibrationsgeschwindigkeit.<\/li>\n<li>Benzinmotoren S35 oder GX35 verf\u00fcgbar.<\/li>\n<li>Drosselklappensteuerung: Manuelle Einstellung der Vibrationsgeschwindigkeit.<\/li>\n<\/ol>\n<\/td>\n<\/tr>\n<\/tbody>\n<\/table>\n<h2>Produktparameter<\/h2>\n<table>\n<tbody>\n<tr>\n<td>Modell<\/td>\n<td>SFS-1<\/td>\n<\/tr>\n<tr>\n<td>Motor<\/td>\n<td>Luftgek\u00fchlt, 4-Takt<\/td>\n<\/tr>\n<tr>\n<td>Motortyp<\/td>\n<td>Honda GX35 oder chinesischer Motor<\/td>\n<\/tr>\n<tr>\n<td>Leistung kW (PS)<\/td>\n<td>1.2(1.6)<\/td>\n<\/tr>\n<tr>\n<td>Nettogewicht kg (Ib)<\/td>\n<td>12.7(28.0)<\/td>\n<\/tr>\n<\/tbody>\n<\/table>\n<h2>Klinge optional<\/h2>\n<p><img decoding=\"async\" class=\"size-full wp-image-6747 aligncenter\" src=\"https:\/\/www.excalibur-generator.com\/wp-content\/uploads\/2025\/06\/blade-optional.png\" alt=\"Klinge optional\" width=\"600\" height=\"286\" srcset=\"https:\/\/www.excalibur-generator.com\/wp-content\/uploads\/2025\/06\/blade-optional.png 600w, https:\/\/www.excalibur-generator.com\/wp-content\/uploads\/2025\/06\/blade-optional-300x143.png 300w\" sizes=\"(max-width: 600px) 100vw, 600px\" \/><\/p>\n<table>\n<tbody>\n<tr>\n<td>Blattgr\u00f6\u00dfe m (ft)<\/td>\n<td>1.2(4)<\/td>\n<td>1.8(6)<\/td>\n<td>2.4(8)<\/td>\n<td>3.0(10)<\/td>\n<td>3.7(12)<\/td>\n<td>4.3(14)<\/td>\n<td>4.9(16)<\/td>\n<\/tr>\n<tr>\n<td>Nettogewicht kg (Ib)<\/td>\n<td>2.9(6.4)<\/td>\n<td>4.36(9.6)<\/td>\n<td>5.81(12.8)<\/td>\n<td>7.27(16)<\/td>\n<td>8.72(19.2)<\/td>\n<td>10.16(22.4)<\/td>\n<td>11.61(25.6)<\/td>\n<\/tr>\n<\/tbody>\n<\/table>\n","protected":false},"excerpt":{"rendered":"<ul>\n<li>Angetrieben von einem luftgek\u00fchlten 1,6-PS-Viertaktmotor.<\/li>\n<li>Leichtbauweise mit nur 12,7 kg f\u00fcr einfache Handhabung.<\/li>\n<li>Kompatibel mit Honda GX35 oder zuverl\u00e4ssigem chinesischem Motor.<\/li>\n<\/ul>\n","protected":false},"featured_media":9575,"comment_status":"open","ping_status":"closed","template":"","meta":{"site-sidebar-layout":"default","site-content-layout":"","ast-site-content-layout":"default","site-content-style":"default","site-sidebar-style":"default","ast-global-header-display":"","ast-banner-title-visibility":"","ast-main-header-display":"","ast-hfb-above-header-display":"","ast-hfb-below-header-display":"","ast-hfb-mobile-header-display":"","site-post-title":"","ast-breadcrumbs-content":"","ast-featured-img":"","footer-sml-layout":"","theme-transparent-header-meta":"default","adv-header-id-meta":"","stick-header-meta":"","header-above-stick-meta":"","header-main-stick-meta":"","header-below-stick-meta":"","astra-migrate-meta-layouts":"default","ast-page-background-enabled":"default","ast-page-background-meta":{"desktop":{"background-color":"var(--ast-global-color-4)","background-image":"","background-repeat":"repeat","background-position":"center center","background-size":"auto","background-attachment":"scroll","background-type":"","background-media":"","overlay-type":"","overlay-color":"","overlay-opacity":"","overlay-gradient":""},"tablet":{"background-color":"","background-image":"","background-repeat":"repeat","background-position":"center center","background-size":"auto","background-attachment":"scroll","background-type":"","background-media":"","overlay-type":"","overlay-color":"","overlay-opacity":"","overlay-gradient":""},"mobile":{"background-color":"","background-image":"","background-repeat":"repeat","background-position":"center center","background-size":"auto","background-attachment":"scroll","background-type":"","background-media":"","overlay-type":"","overlay-color":"","overlay-opacity":"","overlay-gradient":""}},"ast-content-background-meta":{"desktop":{"background-color":"var(--ast-global-color-5)","background-image":"","background-repeat":"repeat","background-position":"center center","background-size":"auto","background-attachment":"scroll","background-type":"","background-media":"","overlay-type":"","overlay-color":"","overlay-opacity":"","overlay-gradient":""},"tablet":{"background-color":"var(--ast-global-color-5)","background-image":"","background-repeat":"repeat","background-position":"center center","background-size":"auto","background-attachment":"scroll","background-type":"","background-media":"","overlay-type":"","overlay-color":"","overlay-opacity":"","overlay-gradient":""},"mobile":{"background-color":"var(--ast-global-color-5)","background-image":"","background-repeat":"repeat","background-position":"center center","background-size":"auto","background-attachment":"scroll","background-type":"","background-media":"","overlay-type":"","overlay-color":"","overlay-opacity":"","overlay-gradient":""}}},"product_brand":[],"product_cat":[95],"product_tag":[],"class_list":{"0":"post-9572","1":"product","2":"type-product","3":"status-publish","4":"has-post-thumbnail","6":"product_cat-unkategorisiert","7":"desktop-align-left","8":"tablet-align-left","9":"mobile-align-left","11":"first","12":"instock","13":"shipping-taxable","14":"product-type-simple"},"yoast_head":"<!-- This site is optimized with the Yoast SEO plugin v26.5 - https:\/\/yoast.com\/wordpress\/plugins\/seo\/ -->\n<title>SFS-1 R\u00fcttelbohle &#8211; Excalibur Generator<\/title>\n<meta name=\"description\" content=\"Die vibrierende Betonabziehmaschine SFS-1 verf\u00fcgt \u00fcber einen 4-Takt-Motor, eine Leistung von 1,6 PS und ein leichtes Design mit einem Gewicht von 12,7 kg f\u00fcr eine glatte Oberfl\u00e4chenbearbeitung.\" \/>\n<meta name=\"robots\" content=\"index, follow, max-snippet:-1, max-image-preview:large, max-video-preview:-1\" \/>\n<link rel=\"canonical\" href=\"https:\/\/www.excalibur-generator.com\/de\/sfs-1-vibrations-betonestrich.html\" \/>\n<script type=\"application\/ld+json\" class=\"yoast-schema-graph\">{\"@context\":\"https:\/\/schema.org\",\"@graph\":[{\"@type\":\"WebPage\",\"@id\":\"https:\/\/www.excalibur-generator.com\/de\/sfs-1-vibrations-betonestrich.html\",\"url\":\"https:\/\/www.excalibur-generator.com\/de\/sfs-1-vibrations-betonestrich.html\",\"name\":\"SFS-1 R\u00fcttelbohle &#8211; Excalibur Generator\",\"isPartOf\":{\"@id\":\"https:\/\/www.excalibur-generator.com\/de\/#website\"},\"primaryImageOfPage\":{\"@id\":\"https:\/\/www.excalibur-generator.com\/de\/sfs-1-vibrations-betonestrich.html#primaryimage\"},\"image\":{\"@id\":\"https:\/\/www.excalibur-generator.com\/de\/sfs-1-vibrations-betonestrich.html#primaryimage\"},\"thumbnailUrl\":\"https:\/\/www.excalibur-generator.com\/wp-content\/uploads\/2025\/06\/Vibrating-Screed-1.webp\",\"datePublished\":\"2025-06-25T07:45:15+00:00\",\"description\":\"Die vibrierende Betonabziehmaschine SFS-1 verf\u00fcgt \u00fcber einen 4-Takt-Motor, eine Leistung von 1,6 PS und ein leichtes Design mit einem Gewicht von 12,7 kg f\u00fcr eine glatte Oberfl\u00e4chenbearbeitung.\",\"breadcrumb\":{\"@id\":\"https:\/\/www.excalibur-generator.com\/de\/sfs-1-vibrations-betonestrich.html#breadcrumb\"},\"inLanguage\":\"de\",\"potentialAction\":[{\"@type\":\"ReadAction\",\"target\":[\"https:\/\/www.excalibur-generator.com\/de\/sfs-1-vibrations-betonestrich.html\"]}]},{\"@type\":\"ImageObject\",\"inLanguage\":\"de\",\"@id\":\"https:\/\/www.excalibur-generator.com\/de\/sfs-1-vibrations-betonestrich.html#primaryimage\",\"url\":\"https:\/\/www.excalibur-generator.com\/wp-content\/uploads\/2025\/06\/Vibrating-Screed-1.webp\",\"contentUrl\":\"https:\/\/www.excalibur-generator.com\/wp-content\/uploads\/2025\/06\/Vibrating-Screed-1.webp\",\"width\":800,\"height\":800,\"caption\":\"Vibrating Screed\"},{\"@type\":\"BreadcrumbList\",\"@id\":\"https:\/\/www.excalibur-generator.com\/de\/sfs-1-vibrations-betonestrich.html#breadcrumb\",\"itemListElement\":[{\"@type\":\"ListItem\",\"position\":1,\"name\":\"Home\",\"item\":\"https:\/\/www.excalibur-generator.com\/de\/\"},{\"@type\":\"ListItem\",\"position\":2,\"name\":\"Produkte\",\"item\":\"https:\/\/www.excalibur-generator.com\/de\/produkte.html\"},{\"@type\":\"ListItem\",\"position\":3,\"name\":\"SFS-1 R\u00fcttelbohle\"}]},{\"@type\":\"WebSite\",\"@id\":\"https:\/\/www.excalibur-generator.com\/de\/#website\",\"url\":\"https:\/\/www.excalibur-generator.com\/de\/\",\"name\":\"Excalibur Generator\",\"description\":\"\",\"publisher\":{\"@id\":\"https:\/\/www.excalibur-generator.com\/de\/#organization\"},\"potentialAction\":[{\"@type\":\"SearchAction\",\"target\":{\"@type\":\"EntryPoint\",\"urlTemplate\":\"https:\/\/www.excalibur-generator.com\/de\/?s={search_term_string}\"},\"query-input\":{\"@type\":\"PropertyValueSpecification\",\"valueRequired\":true,\"valueName\":\"search_term_string\"}}],\"inLanguage\":\"de\"},{\"@type\":\"Organization\",\"@id\":\"https:\/\/www.excalibur-generator.com\/de\/#organization\",\"name\":\"Excalibur Generator\",\"url\":\"https:\/\/www.excalibur-generator.com\/de\/\",\"logo\":{\"@type\":\"ImageObject\",\"inLanguage\":\"de\",\"@id\":\"https:\/\/www.excalibur-generator.com\/de\/#\/schema\/logo\/image\/\",\"url\":\"https:\/\/www.excalibur-generator.com\/wp-content\/uploads\/2024\/05\/EXCALIBUR.png\",\"contentUrl\":\"https:\/\/www.excalibur-generator.com\/wp-content\/uploads\/2024\/05\/EXCALIBUR.png\",\"width\":350,\"height\":79,\"caption\":\"Excalibur Generator\"},\"image\":{\"@id\":\"https:\/\/www.excalibur-generator.com\/de\/#\/schema\/logo\/image\/\"}}]}<\/script>\n<!-- \/ Yoast SEO plugin. -->","yoast_head_json":{"title":"SFS-1 R\u00fcttelbohle &#8211; Excalibur Generator","description":"Die vibrierende Betonabziehmaschine SFS-1 verf\u00fcgt \u00fcber einen 4-Takt-Motor, eine Leistung von 1,6 PS und ein leichtes Design mit einem Gewicht von 12,7 kg f\u00fcr eine glatte Oberfl\u00e4chenbearbeitung.","robots":{"index":"index","follow":"follow","max-snippet":"max-snippet:-1","max-image-preview":"max-image-preview:large","max-video-preview":"max-video-preview:-1"},"canonical":"https:\/\/www.excalibur-generator.com\/de\/sfs-1-vibrations-betonestrich.html","schema":{"@context":"https:\/\/schema.org","@graph":[{"@type":"WebPage","@id":"https:\/\/www.excalibur-generator.com\/de\/sfs-1-vibrations-betonestrich.html","url":"https:\/\/www.excalibur-generator.com\/de\/sfs-1-vibrations-betonestrich.html","name":"SFS-1 R\u00fcttelbohle &#8211; Excalibur Generator","isPartOf":{"@id":"https:\/\/www.excalibur-generator.com\/de\/#website"},"primaryImageOfPage":{"@id":"https:\/\/www.excalibur-generator.com\/de\/sfs-1-vibrations-betonestrich.html#primaryimage"},"image":{"@id":"https:\/\/www.excalibur-generator.com\/de\/sfs-1-vibrations-betonestrich.html#primaryimage"},"thumbnailUrl":"https:\/\/www.excalibur-generator.com\/wp-content\/uploads\/2025\/06\/Vibrating-Screed-1.webp","datePublished":"2025-06-25T07:45:15+00:00","description":"Die vibrierende Betonabziehmaschine SFS-1 verf\u00fcgt \u00fcber einen 4-Takt-Motor, eine Leistung von 1,6 PS und ein leichtes Design mit einem Gewicht von 12,7 kg f\u00fcr eine glatte Oberfl\u00e4chenbearbeitung.","breadcrumb":{"@id":"https:\/\/www.excalibur-generator.com\/de\/sfs-1-vibrations-betonestrich.html#breadcrumb"},"inLanguage":"de","potentialAction":[{"@type":"ReadAction","target":["https:\/\/www.excalibur-generator.com\/de\/sfs-1-vibrations-betonestrich.html"]}]},{"@type":"ImageObject","inLanguage":"de","@id":"https:\/\/www.excalibur-generator.com\/de\/sfs-1-vibrations-betonestrich.html#primaryimage","url":"https:\/\/www.excalibur-generator.com\/wp-content\/uploads\/2025\/06\/Vibrating-Screed-1.webp","contentUrl":"https:\/\/www.excalibur-generator.com\/wp-content\/uploads\/2025\/06\/Vibrating-Screed-1.webp","width":800,"height":800,"caption":"Vibrating Screed"},{"@type":"BreadcrumbList","@id":"https:\/\/www.excalibur-generator.com\/de\/sfs-1-vibrations-betonestrich.html#breadcrumb","itemListElement":[{"@type":"ListItem","position":1,"name":"Home","item":"https:\/\/www.excalibur-generator.com\/de\/"},{"@type":"ListItem","position":2,"name":"Produkte","item":"https:\/\/www.excalibur-generator.com\/de\/produkte.html"},{"@type":"ListItem","position":3,"name":"SFS-1 R\u00fcttelbohle"}]},{"@type":"WebSite","@id":"https:\/\/www.excalibur-generator.com\/de\/#website","url":"https:\/\/www.excalibur-generator.com\/de\/","name":"Excalibur Generator","description":"","publisher":{"@id":"https:\/\/www.excalibur-generator.com\/de\/#organization"},"potentialAction":[{"@type":"SearchAction","target":{"@type":"EntryPoint","urlTemplate":"https:\/\/www.excalibur-generator.com\/de\/?s={search_term_string}"},"query-input":{"@type":"PropertyValueSpecification","valueRequired":true,"valueName":"search_term_string"}}],"inLanguage":"de"},{"@type":"Organization","@id":"https:\/\/www.excalibur-generator.com\/de\/#organization","name":"Excalibur Generator","url":"https:\/\/www.excalibur-generator.com\/de\/","logo":{"@type":"ImageObject","inLanguage":"de","@id":"https:\/\/www.excalibur-generator.com\/de\/#\/schema\/logo\/image\/","url":"https:\/\/www.excalibur-generator.com\/wp-content\/uploads\/2024\/05\/EXCALIBUR.png","contentUrl":"https:\/\/www.excalibur-generator.com\/wp-content\/uploads\/2024\/05\/EXCALIBUR.png","width":350,"height":79,"caption":"Excalibur Generator"},"image":{"@id":"https:\/\/www.excalibur-generator.com\/de\/#\/schema\/logo\/image\/"}}]}},"_links":{"self":[{"href":"https:\/\/www.excalibur-generator.com\/de\/wp-json\/wp\/v2\/product\/9572","targetHints":{"allow":["GET"]}}],"collection":[{"href":"https:\/\/www.excalibur-generator.com\/de\/wp-json\/wp\/v2\/product"}],"about":[{"href":"https:\/\/www.excalibur-generator.com\/de\/wp-json\/wp\/v2\/types\/product"}],"replies":[{"embeddable":true,"href":"https:\/\/www.excalibur-generator.com\/de\/wp-json\/wp\/v2\/comments?post=9572"}],"wp:featuredmedia":[{"embeddable":true,"href":"https:\/\/www.excalibur-generator.com\/de\/wp-json\/wp\/v2\/media\/9575"}],"wp:attachment":[{"href":"https:\/\/www.excalibur-generator.com\/de\/wp-json\/wp\/v2\/media?parent=9572"}],"wp:term":[{"taxonomy":"product_brand","embeddable":true,"href":"https:\/\/www.excalibur-generator.com\/de\/wp-json\/wp\/v2\/product_brand?post=9572"},{"taxonomy":"product_cat","embeddable":true,"href":"https:\/\/www.excalibur-generator.com\/de\/wp-json\/wp\/v2\/product_cat?post=9572"},{"taxonomy":"product_tag","embeddable":true,"href":"https:\/\/www.excalibur-generator.com\/de\/wp-json\/wp\/v2\/product_tag?post=9572"}],"curies":[{"name":"wp","href":"https:\/\/api.w.org\/{rel}","templated":true}]}}