{"id":9581,"date":"2025-06-25T14:24:53","date_gmt":"2025-06-25T06:24:53","guid":{"rendered":"https:\/\/www.excalibur-generator.com\/smt125-140-160-180-schubkarrenmischer\/"},"modified":"2025-06-25T14:24:53","modified_gmt":"2025-06-25T06:24:53","slug":"smt125-140-160-180-schubkarrenmischer","status":"publish","type":"product","link":"https:\/\/www.excalibur-generator.com\/de\/smt125-140-160-180-schubkarrenmischer.html","title":{"rendered":"SMT125\/140\/160\/180 Schubkarrenmischer"},"content":{"rendered":"<table>\n<tbody>\n<tr>\n<td>Modell<\/td>\n<td>SMT125<\/td>\n<td>SMT140<\/td>\n<td>SMT160<\/td>\n<td>SMT180<\/td>\n<\/tr>\n<tr>\n<td>Trommelvolumen (L)<\/td>\n<td>125<\/td>\n<td>140<\/td>\n<td>160<\/td>\n<td>180<\/td>\n<\/tr>\n<tr>\n<td>Trommelgeschwindigkeit (U\/min)<\/td>\n<td>30<\/td>\n<td>30<\/td>\n<td>30<\/td>\n<td>30<\/td>\n<\/tr>\n<tr>\n<td>Spannung (V)<\/td>\n<td colspan=\"4\">110,230,380<\/td>\n<\/tr>\n<tr>\n<td>Motorleistung (W)<\/td>\n<td>550<\/td>\n<td>550<\/td>\n<td>650<\/td>\n<td>850<\/td>\n<\/tr>\n<tr>\n<td>Motordrehzahl (U\/min)<\/td>\n<td>2800<\/td>\n<td>2800<\/td>\n<td>2800<\/td>\n<td>2800<\/td>\n<\/tr>\n<tr>\n<td>Formgr\u00f6\u00dfe (mm)<\/td>\n<td colspan=\"2\">1280*620*880<\/td>\n<td colspan=\"2\">1280*620*910<\/td>\n<\/tr>\n<tr>\n<td>Verpackungsgr\u00f6\u00dfe (mm)<\/td>\n<td>760*640*380<\/td>\n<td>760*640*430<\/td>\n<td>800*680*430<\/td>\n<td>800*680*440<\/td>\n<\/tr>\n<tr>\n<td>Nettogewicht (kg)<\/td>\n<td>46<\/td>\n<td>49<\/td>\n<td>51<\/td>\n<td>53<\/td>\n<\/tr>\n<\/tbody>\n<\/table>\n","protected":false},"excerpt":{"rendered":"<ul>\n<li>Anh\u00e4ngermischer mit 125\u2013180-Liter-Trommel f\u00fcr vielseitige Chargengr\u00f6\u00dfen.<\/li>\n<li>Angetrieben von einem 550\u2013850-W-Motor mit einer Drehzahl von 2800 U\/min.<\/li>\n<li>Geeignet f\u00fcr 110-V-, 230-V- oder 380-V-Stromversorgungsoptionen.<\/li>\n<\/ul>\n","protected":false},"featured_media":9582,"comment_status":"open","ping_status":"closed","template":"","meta":{"site-sidebar-layout":"default","site-content-layout":"","ast-site-content-layout":"default","site-content-style":"default","site-sidebar-style":"default","ast-global-header-display":"","ast-banner-title-visibility":"","ast-main-header-display":"","ast-hfb-above-header-display":"","ast-hfb-below-header-display":"","ast-hfb-mobile-header-display":"","site-post-title":"","ast-breadcrumbs-content":"","ast-featured-img":"","footer-sml-layout":"","theme-transparent-header-meta":"default","adv-header-id-meta":"","stick-header-meta":"","header-above-stick-meta":"","header-main-stick-meta":"","header-below-stick-meta":"","astra-migrate-meta-layouts":"default","ast-page-background-enabled":"default","ast-page-background-meta":{"desktop":{"background-color":"var(--ast-global-color-4)","background-image":"","background-repeat":"repeat","background-position":"center center","background-size":"auto","background-attachment":"scroll","background-type":"","background-media":"","overlay-type":"","overlay-color":"","overlay-opacity":"","overlay-gradient":""},"tablet":{"background-color":"","background-image":"","background-repeat":"repeat","background-position":"center center","background-size":"auto","background-attachment":"scroll","background-type":"","background-media":"","overlay-type":"","overlay-color":"","overlay-opacity":"","overlay-gradient":""},"mobile":{"background-color":"","background-image":"","background-repeat":"repeat","background-position":"center center","background-size":"auto","background-attachment":"scroll","background-type":"","background-media":"","overlay-type":"","overlay-color":"","overlay-opacity":"","overlay-gradient":""}},"ast-content-background-meta":{"desktop":{"background-color":"var(--ast-global-color-5)","background-image":"","background-repeat":"repeat","background-position":"center center","background-size":"auto","background-attachment":"scroll","background-type":"","background-media":"","overlay-type":"","overlay-color":"","overlay-opacity":"","overlay-gradient":""},"tablet":{"background-color":"var(--ast-global-color-5)","background-image":"","background-repeat":"repeat","background-position":"center center","background-size":"auto","background-attachment":"scroll","background-type":"","background-media":"","overlay-type":"","overlay-color":"","overlay-opacity":"","overlay-gradient":""},"mobile":{"background-color":"var(--ast-global-color-5)","background-image":"","background-repeat":"repeat","background-position":"center center","background-size":"auto","background-attachment":"scroll","background-type":"","background-media":"","overlay-type":"","overlay-color":"","overlay-opacity":"","overlay-gradient":""}}},"product_brand":[],"product_cat":[95],"product_tag":[],"class_list":{"0":"post-9581","1":"product","2":"type-product","3":"status-publish","4":"has-post-thumbnail","6":"product_cat-unkategorisiert","7":"desktop-align-left","8":"tablet-align-left","9":"mobile-align-left","11":"first","12":"instock","13":"shipping-taxable","14":"product-type-simple"},"yoast_head":"<!-- This site is optimized with the Yoast SEO plugin v26.5 - https:\/\/yoast.com\/wordpress\/plugins\/seo\/ -->\n<title>SMT125\/140\/160\/180 Schubkarrenmischer &#8211; Excalibur Generator<\/title>\n<meta name=\"description\" content=\"Der Anh\u00e4nger-Betonmischer SM 125-180 bietet ein Fassungsverm\u00f6gen von 125\u2013180 l, eine stabile Drehzahl von 30 U\/min und leistungsstarke Motoroptionen mit bis zu 850 W.\" \/>\n<meta name=\"robots\" content=\"index, follow, max-snippet:-1, max-image-preview:large, max-video-preview:-1\" \/>\n<link rel=\"canonical\" href=\"https:\/\/www.excalibur-generator.com\/de\/smt125-140-160-180-schubkarrenmischer.html\" \/>\n<script type=\"application\/ld+json\" class=\"yoast-schema-graph\">{\"@context\":\"https:\/\/schema.org\",\"@graph\":[{\"@type\":\"WebPage\",\"@id\":\"https:\/\/www.excalibur-generator.com\/de\/smt125-140-160-180-schubkarrenmischer.html\",\"url\":\"https:\/\/www.excalibur-generator.com\/de\/smt125-140-160-180-schubkarrenmischer.html\",\"name\":\"SMT125\/140\/160\/180 Schubkarrenmischer &#8211; Excalibur Generator\",\"isPartOf\":{\"@id\":\"https:\/\/www.excalibur-generator.com\/de\/#website\"},\"primaryImageOfPage\":{\"@id\":\"https:\/\/www.excalibur-generator.com\/de\/smt125-140-160-180-schubkarrenmischer.html#primaryimage\"},\"image\":{\"@id\":\"https:\/\/www.excalibur-generator.com\/de\/smt125-140-160-180-schubkarrenmischer.html#primaryimage\"},\"thumbnailUrl\":\"https:\/\/www.excalibur-generator.com\/wp-content\/uploads\/2025\/06\/Wheelbarrow-Concrete-Mixer-1.webp\",\"datePublished\":\"2025-06-25T06:24:53+00:00\",\"description\":\"Der Anh\u00e4nger-Betonmischer SM 125-180 bietet ein Fassungsverm\u00f6gen von 125\u2013180 l, eine stabile Drehzahl von 30 U\/min und leistungsstarke Motoroptionen mit bis zu 850 W.\",\"breadcrumb\":{\"@id\":\"https:\/\/www.excalibur-generator.com\/de\/smt125-140-160-180-schubkarrenmischer.html#breadcrumb\"},\"inLanguage\":\"de\",\"potentialAction\":[{\"@type\":\"ReadAction\",\"target\":[\"https:\/\/www.excalibur-generator.com\/de\/smt125-140-160-180-schubkarrenmischer.html\"]}]},{\"@type\":\"ImageObject\",\"inLanguage\":\"de\",\"@id\":\"https:\/\/www.excalibur-generator.com\/de\/smt125-140-160-180-schubkarrenmischer.html#primaryimage\",\"url\":\"https:\/\/www.excalibur-generator.com\/wp-content\/uploads\/2025\/06\/Wheelbarrow-Concrete-Mixer-1.webp\",\"contentUrl\":\"https:\/\/www.excalibur-generator.com\/wp-content\/uploads\/2025\/06\/Wheelbarrow-Concrete-Mixer-1.webp\",\"width\":800,\"height\":800,\"caption\":\"Wheelbarrow Concrete Mixer\"},{\"@type\":\"BreadcrumbList\",\"@id\":\"https:\/\/www.excalibur-generator.com\/de\/smt125-140-160-180-schubkarrenmischer.html#breadcrumb\",\"itemListElement\":[{\"@type\":\"ListItem\",\"position\":1,\"name\":\"Home\",\"item\":\"https:\/\/www.excalibur-generator.com\/de\/\"},{\"@type\":\"ListItem\",\"position\":2,\"name\":\"Produkte\",\"item\":\"https:\/\/www.excalibur-generator.com\/de\/produkte.html\"},{\"@type\":\"ListItem\",\"position\":3,\"name\":\"SMT125\/140\/160\/180 Schubkarrenmischer\"}]},{\"@type\":\"WebSite\",\"@id\":\"https:\/\/www.excalibur-generator.com\/de\/#website\",\"url\":\"https:\/\/www.excalibur-generator.com\/de\/\",\"name\":\"Excalibur Generator\",\"description\":\"\",\"publisher\":{\"@id\":\"https:\/\/www.excalibur-generator.com\/de\/#organization\"},\"potentialAction\":[{\"@type\":\"SearchAction\",\"target\":{\"@type\":\"EntryPoint\",\"urlTemplate\":\"https:\/\/www.excalibur-generator.com\/de\/?s={search_term_string}\"},\"query-input\":{\"@type\":\"PropertyValueSpecification\",\"valueRequired\":true,\"valueName\":\"search_term_string\"}}],\"inLanguage\":\"de\"},{\"@type\":\"Organization\",\"@id\":\"https:\/\/www.excalibur-generator.com\/de\/#organization\",\"name\":\"Excalibur Generator\",\"url\":\"https:\/\/www.excalibur-generator.com\/de\/\",\"logo\":{\"@type\":\"ImageObject\",\"inLanguage\":\"de\",\"@id\":\"https:\/\/www.excalibur-generator.com\/de\/#\/schema\/logo\/image\/\",\"url\":\"https:\/\/www.excalibur-generator.com\/wp-content\/uploads\/2024\/05\/EXCALIBUR.png\",\"contentUrl\":\"https:\/\/www.excalibur-generator.com\/wp-content\/uploads\/2024\/05\/EXCALIBUR.png\",\"width\":350,\"height\":79,\"caption\":\"Excalibur Generator\"},\"image\":{\"@id\":\"https:\/\/www.excalibur-generator.com\/de\/#\/schema\/logo\/image\/\"}}]}<\/script>\n<!-- \/ Yoast SEO plugin. -->","yoast_head_json":{"title":"SMT125\/140\/160\/180 Schubkarrenmischer &#8211; Excalibur Generator","description":"Der Anh\u00e4nger-Betonmischer SM 125-180 bietet ein Fassungsverm\u00f6gen von 125\u2013180 l, eine stabile Drehzahl von 30 U\/min und leistungsstarke Motoroptionen mit bis zu 850 W.","robots":{"index":"index","follow":"follow","max-snippet":"max-snippet:-1","max-image-preview":"max-image-preview:large","max-video-preview":"max-video-preview:-1"},"canonical":"https:\/\/www.excalibur-generator.com\/de\/smt125-140-160-180-schubkarrenmischer.html","schema":{"@context":"https:\/\/schema.org","@graph":[{"@type":"WebPage","@id":"https:\/\/www.excalibur-generator.com\/de\/smt125-140-160-180-schubkarrenmischer.html","url":"https:\/\/www.excalibur-generator.com\/de\/smt125-140-160-180-schubkarrenmischer.html","name":"SMT125\/140\/160\/180 Schubkarrenmischer &#8211; Excalibur Generator","isPartOf":{"@id":"https:\/\/www.excalibur-generator.com\/de\/#website"},"primaryImageOfPage":{"@id":"https:\/\/www.excalibur-generator.com\/de\/smt125-140-160-180-schubkarrenmischer.html#primaryimage"},"image":{"@id":"https:\/\/www.excalibur-generator.com\/de\/smt125-140-160-180-schubkarrenmischer.html#primaryimage"},"thumbnailUrl":"https:\/\/www.excalibur-generator.com\/wp-content\/uploads\/2025\/06\/Wheelbarrow-Concrete-Mixer-1.webp","datePublished":"2025-06-25T06:24:53+00:00","description":"Der Anh\u00e4nger-Betonmischer SM 125-180 bietet ein Fassungsverm\u00f6gen von 125\u2013180 l, eine stabile Drehzahl von 30 U\/min und leistungsstarke Motoroptionen mit bis zu 850 W.","breadcrumb":{"@id":"https:\/\/www.excalibur-generator.com\/de\/smt125-140-160-180-schubkarrenmischer.html#breadcrumb"},"inLanguage":"de","potentialAction":[{"@type":"ReadAction","target":["https:\/\/www.excalibur-generator.com\/de\/smt125-140-160-180-schubkarrenmischer.html"]}]},{"@type":"ImageObject","inLanguage":"de","@id":"https:\/\/www.excalibur-generator.com\/de\/smt125-140-160-180-schubkarrenmischer.html#primaryimage","url":"https:\/\/www.excalibur-generator.com\/wp-content\/uploads\/2025\/06\/Wheelbarrow-Concrete-Mixer-1.webp","contentUrl":"https:\/\/www.excalibur-generator.com\/wp-content\/uploads\/2025\/06\/Wheelbarrow-Concrete-Mixer-1.webp","width":800,"height":800,"caption":"Wheelbarrow Concrete Mixer"},{"@type":"BreadcrumbList","@id":"https:\/\/www.excalibur-generator.com\/de\/smt125-140-160-180-schubkarrenmischer.html#breadcrumb","itemListElement":[{"@type":"ListItem","position":1,"name":"Home","item":"https:\/\/www.excalibur-generator.com\/de\/"},{"@type":"ListItem","position":2,"name":"Produkte","item":"https:\/\/www.excalibur-generator.com\/de\/produkte.html"},{"@type":"ListItem","position":3,"name":"SMT125\/140\/160\/180 Schubkarrenmischer"}]},{"@type":"WebSite","@id":"https:\/\/www.excalibur-generator.com\/de\/#website","url":"https:\/\/www.excalibur-generator.com\/de\/","name":"Excalibur Generator","description":"","publisher":{"@id":"https:\/\/www.excalibur-generator.com\/de\/#organization"},"potentialAction":[{"@type":"SearchAction","target":{"@type":"EntryPoint","urlTemplate":"https:\/\/www.excalibur-generator.com\/de\/?s={search_term_string}"},"query-input":{"@type":"PropertyValueSpecification","valueRequired":true,"valueName":"search_term_string"}}],"inLanguage":"de"},{"@type":"Organization","@id":"https:\/\/www.excalibur-generator.com\/de\/#organization","name":"Excalibur Generator","url":"https:\/\/www.excalibur-generator.com\/de\/","logo":{"@type":"ImageObject","inLanguage":"de","@id":"https:\/\/www.excalibur-generator.com\/de\/#\/schema\/logo\/image\/","url":"https:\/\/www.excalibur-generator.com\/wp-content\/uploads\/2024\/05\/EXCALIBUR.png","contentUrl":"https:\/\/www.excalibur-generator.com\/wp-content\/uploads\/2024\/05\/EXCALIBUR.png","width":350,"height":79,"caption":"Excalibur Generator"},"image":{"@id":"https:\/\/www.excalibur-generator.com\/de\/#\/schema\/logo\/image\/"}}]}},"_links":{"self":[{"href":"https:\/\/www.excalibur-generator.com\/de\/wp-json\/wp\/v2\/product\/9581","targetHints":{"allow":["GET"]}}],"collection":[{"href":"https:\/\/www.excalibur-generator.com\/de\/wp-json\/wp\/v2\/product"}],"about":[{"href":"https:\/\/www.excalibur-generator.com\/de\/wp-json\/wp\/v2\/types\/product"}],"replies":[{"embeddable":true,"href":"https:\/\/www.excalibur-generator.com\/de\/wp-json\/wp\/v2\/comments?post=9581"}],"wp:featuredmedia":[{"embeddable":true,"href":"https:\/\/www.excalibur-generator.com\/de\/wp-json\/wp\/v2\/media\/9582"}],"wp:attachment":[{"href":"https:\/\/www.excalibur-generator.com\/de\/wp-json\/wp\/v2\/media?parent=9581"}],"wp:term":[{"taxonomy":"product_brand","embeddable":true,"href":"https:\/\/www.excalibur-generator.com\/de\/wp-json\/wp\/v2\/product_brand?post=9581"},{"taxonomy":"product_cat","embeddable":true,"href":"https:\/\/www.excalibur-generator.com\/de\/wp-json\/wp\/v2\/product_cat?post=9581"},{"taxonomy":"product_tag","embeddable":true,"href":"https:\/\/www.excalibur-generator.com\/de\/wp-json\/wp\/v2\/product_tag?post=9581"}],"curies":[{"name":"wp","href":"https:\/\/api.w.org\/{rel}","templated":true}]}}