{"id":9586,"date":"2025-06-25T13:36:20","date_gmt":"2025-06-25T05:36:20","guid":{"rendered":"https:\/\/www.excalibur-generator.com\/sm-260-350-400-450-500-betonmischer-traktor\/"},"modified":"2025-06-25T13:36:20","modified_gmt":"2025-06-25T05:36:20","slug":"sm-260-350-400-450-500-betonmischer-traktor","status":"publish","type":"product","link":"https:\/\/www.excalibur-generator.com\/de\/sm-260-350-400-450-500-betonmischer-traktor.html","title":{"rendered":"SM 260\/350\/400\/450\/500 Betonmischer Traktor"},"content":{"rendered":"<h2>Produktstruktur<\/h2>\n<table>\n<tbody>\n<tr>\n<td width=\"284\"><img fetchpriority=\"high\" decoding=\"async\" class=\"alignnone size-full wp-image-6708\" src=\"https:\/\/www.excalibur-generator.com\/wp-content\/uploads\/2025\/06\/towable-concrete-mixer-structure.webp\" alt=\"Anh\u00e4ngbare Betonmischerkonstruktion\" width=\"600\" height=\"600\" srcset=\"https:\/\/www.excalibur-generator.com\/wp-content\/uploads\/2025\/06\/towable-concrete-mixer-structure.webp 600w, https:\/\/www.excalibur-generator.com\/wp-content\/uploads\/2025\/06\/towable-concrete-mixer-structure-300x300.webp 300w, https:\/\/www.excalibur-generator.com\/wp-content\/uploads\/2025\/06\/towable-concrete-mixer-structure-150x150.webp 150w, https:\/\/www.excalibur-generator.com\/wp-content\/uploads\/2025\/06\/towable-concrete-mixer-structure-100x100.webp 100w\" sizes=\"(max-width: 600px) 100vw, 600px\" \/><\/td>\n<td width=\"284\">\n<ol>\n<li>Die Kapazit\u00e4t von 260 bis 500 Litern eignet sich perfekt f\u00fcr kleine bis mittelgro\u00dfe Projekte.<\/li>\n<li>Die pulverbeschichtete Trommel und der Rahmen verbessern die Festigkeit, Haltbarkeit und Korrosionsbest\u00e4ndigkeit.<\/li>\n<li>Einteiliges Zahnrad aus Gusseisen sorgt f\u00fcr Langlebigkeit und eine l\u00e4ngere Lebensdauer.<\/li>\n<li>Geeignet f\u00fcr Honda GX200-, Robin EY20- und 178F-Dieselmotoren.<\/li>\n<li>17-Zoll-Gro\u00dfr\u00e4der<\/li>\n<li>Das Design mit ziehbarem Griff erm\u00f6glicht einen schnellen und einfachen Transport des Ger\u00e4ts.<\/li>\n<\/ol>\n<\/td>\n<\/tr>\n<\/tbody>\n<\/table>\n<h2>Produktparameter<\/h2>\n<table>\n<tbody>\n<tr>\n<td>Modell<\/td>\n<td colspan=\"3\">SM260\/SM350<\/td>\n<td colspan=\"3\">SM400\/SM450<\/td>\n<td>SM500<\/td>\n<\/tr>\n<tr>\n<td>Motormodell<\/td>\n<td>S178F<\/td>\n<td>GX200<\/td>\n<td>Elektromotor<\/td>\n<td>S178F<\/td>\n<td>GX200<\/td>\n<td>Elektromotor<\/td>\n<td>S186FA<\/td>\n<\/tr>\n<tr>\n<td>Nennleistung KW(PS)<\/td>\n<td>4.9(6.6)<\/td>\n<td>4.9(6.5)<\/td>\n<td>2.2(3)<\/td>\n<td>4.9(6.6)<\/td>\n<td>4.9(6.5)<\/td>\n<td>2.2(3)<\/td>\n<td>7.3(9.9)500<\/td>\n<\/tr>\n<tr>\n<td>Trommelvolumen (L)<\/td>\n<td><\/td>\n<td>260\/350<\/td>\n<td><\/td>\n<td><\/td>\n<td>400\/450<\/td>\n<td><\/td>\n<td>500<\/td>\n<\/tr>\n<tr>\n<td>Produktivit\u00e4t (m\u00b3\/h)<\/td>\n<td><\/td>\n<td>6-10\/10-14<\/td>\n<td><\/td>\n<td><\/td>\n<td>14-18\/16-20<\/td>\n<td><\/td>\n<td>18-22<\/td>\n<\/tr>\n<tr>\n<td>Anzahl der R\u00e4der<\/td>\n<td><\/td>\n<td>214<\/td>\n<td><\/td>\n<td><\/td>\n<td>2\/4<\/td>\n<td><\/td>\n<td>2\/4<\/td>\n<\/tr>\n<tr>\n<td>Drehzahl der Mischertrommel (U\/min)<\/td>\n<td><\/td>\n<td>30<\/td>\n<td><\/td>\n<td><\/td>\n<td>30<\/td>\n<td><\/td>\n<td>30<\/td>\n<\/tr>\n<tr>\n<td>Startsystem<\/td>\n<td colspan=\"7\">Manueller\/elektrischer Start<\/td>\n<\/tr>\n<tr>\n<td>Fahren<\/td>\n<td><\/td>\n<td>Manuelles Dr\u00fccken<\/td>\n<td><\/td>\n<td><\/td>\n<td>Manuelles Dr\u00fccken<\/td>\n<td><\/td>\n<td>Manuelles Dr\u00fccken<\/td>\n<\/tr>\n<tr>\n<td>Verpackungsgr\u00f6\u00dfe (L*B*H) mm<\/td>\n<td><\/td>\n<td>1950*880*1125<\/td>\n<td><\/td>\n<td><\/td>\n<td>1950*880*1225<\/td>\n<td><\/td>\n<td>1950*880*1225<\/td>\n<\/tr>\n<tr>\n<td>Nettogewicht (kg)<\/td>\n<td><\/td>\n<td>280\/330<\/td>\n<td><\/td>\n<td><\/td>\n<td>350\/370<\/td>\n<td><\/td>\n<td>390<\/td>\n<\/tr>\n<\/tbody>\n<\/table>\n","protected":false},"excerpt":{"rendered":"<ul>\n<li>Trommelvolumenoptionen: 260 l oder 500 l f\u00fcr mehr Flexibilit\u00e4t.<\/li>\n<li>6\u201320 m\u00b3\/h Leistung, ideal f\u00fcr kleine bis mittlere Projekte.<\/li>\n<li>Startoptionen f\u00fcr Elektro-, Diesel- oder Benzinmotoren enthalten.<\/li>\n<\/ul>\n","protected":false},"featured_media":9587,"comment_status":"open","ping_status":"closed","template":"","meta":{"site-sidebar-layout":"default","site-content-layout":"","ast-site-content-layout":"default","site-content-style":"default","site-sidebar-style":"default","ast-global-header-display":"","ast-banner-title-visibility":"","ast-main-header-display":"","ast-hfb-above-header-display":"","ast-hfb-below-header-display":"","ast-hfb-mobile-header-display":"","site-post-title":"","ast-breadcrumbs-content":"","ast-featured-img":"","footer-sml-layout":"","theme-transparent-header-meta":"default","adv-header-id-meta":"","stick-header-meta":"","header-above-stick-meta":"","header-main-stick-meta":"","header-below-stick-meta":"","astra-migrate-meta-layouts":"default","ast-page-background-enabled":"default","ast-page-background-meta":{"desktop":{"background-color":"var(--ast-global-color-4)","background-image":"","background-repeat":"repeat","background-position":"center center","background-size":"auto","background-attachment":"scroll","background-type":"","background-media":"","overlay-type":"","overlay-color":"","overlay-opacity":"","overlay-gradient":""},"tablet":{"background-color":"","background-image":"","background-repeat":"repeat","background-position":"center center","background-size":"auto","background-attachment":"scroll","background-type":"","background-media":"","overlay-type":"","overlay-color":"","overlay-opacity":"","overlay-gradient":""},"mobile":{"background-color":"","background-image":"","background-repeat":"repeat","background-position":"center center","background-size":"auto","background-attachment":"scroll","background-type":"","background-media":"","overlay-type":"","overlay-color":"","overlay-opacity":"","overlay-gradient":""}},"ast-content-background-meta":{"desktop":{"background-color":"var(--ast-global-color-5)","background-image":"","background-repeat":"repeat","background-position":"center center","background-size":"auto","background-attachment":"scroll","background-type":"","background-media":"","overlay-type":"","overlay-color":"","overlay-opacity":"","overlay-gradient":""},"tablet":{"background-color":"var(--ast-global-color-5)","background-image":"","background-repeat":"repeat","background-position":"center center","background-size":"auto","background-attachment":"scroll","background-type":"","background-media":"","overlay-type":"","overlay-color":"","overlay-opacity":"","overlay-gradient":""},"mobile":{"background-color":"var(--ast-global-color-5)","background-image":"","background-repeat":"repeat","background-position":"center center","background-size":"auto","background-attachment":"scroll","background-type":"","background-media":"","overlay-type":"","overlay-color":"","overlay-opacity":"","overlay-gradient":""}}},"product_brand":[],"product_cat":[95],"product_tag":[],"class_list":{"0":"post-9586","1":"product","2":"type-product","3":"status-publish","4":"has-post-thumbnail","6":"product_cat-unkategorisiert","7":"desktop-align-left","8":"tablet-align-left","9":"mobile-align-left","11":"first","12":"instock","13":"shipping-taxable","14":"product-type-simple"},"yoast_head":"<!-- This site is optimized with the Yoast SEO plugin v26.5 - https:\/\/yoast.com\/wordpress\/plugins\/seo\/ -->\n<title>SM 260\/350\/400\/450\/500 Betonmischer Traktor &#8211; Excalibur Generator<\/title>\n<meta name=\"description\" content=\"Die ziehbaren Betonmischer SM260\u2013SM500 verf\u00fcgen \u00fcber 260\u2013500-Liter-Trommeln, manuellen Druck, elektrischen\/manuellen Start und bieten eine Mischleistung von 6\u201322 m\u00b3\/h.\" \/>\n<meta name=\"robots\" content=\"index, follow, max-snippet:-1, max-image-preview:large, max-video-preview:-1\" \/>\n<link rel=\"canonical\" href=\"https:\/\/www.excalibur-generator.com\/de\/sm-260-350-400-450-500-betonmischer-traktor.html\" \/>\n<meta name=\"twitter:label1\" content=\"Gesch\u00e4tzte Lesezeit\" \/>\n\t<meta name=\"twitter:data1\" content=\"1\u00a0Minute\" \/>\n<script type=\"application\/ld+json\" class=\"yoast-schema-graph\">{\"@context\":\"https:\/\/schema.org\",\"@graph\":[{\"@type\":\"WebPage\",\"@id\":\"https:\/\/www.excalibur-generator.com\/de\/sm-260-350-400-450-500-betonmischer-traktor.html\",\"url\":\"https:\/\/www.excalibur-generator.com\/de\/sm-260-350-400-450-500-betonmischer-traktor.html\",\"name\":\"SM 260\/350\/400\/450\/500 Betonmischer Traktor &#8211; Excalibur Generator\",\"isPartOf\":{\"@id\":\"https:\/\/www.excalibur-generator.com\/de\/#website\"},\"primaryImageOfPage\":{\"@id\":\"https:\/\/www.excalibur-generator.com\/de\/sm-260-350-400-450-500-betonmischer-traktor.html#primaryimage\"},\"image\":{\"@id\":\"https:\/\/www.excalibur-generator.com\/de\/sm-260-350-400-450-500-betonmischer-traktor.html#primaryimage\"},\"thumbnailUrl\":\"https:\/\/www.excalibur-generator.com\/wp-content\/uploads\/2025\/06\/SM260-500Towable-Concrete-Mixer.webp\",\"datePublished\":\"2025-06-25T05:36:20+00:00\",\"description\":\"Die ziehbaren Betonmischer SM260\u2013SM500 verf\u00fcgen \u00fcber 260\u2013500-Liter-Trommeln, manuellen Druck, elektrischen\/manuellen Start und bieten eine Mischleistung von 6\u201322 m\u00b3\/h.\",\"breadcrumb\":{\"@id\":\"https:\/\/www.excalibur-generator.com\/de\/sm-260-350-400-450-500-betonmischer-traktor.html#breadcrumb\"},\"inLanguage\":\"de\",\"potentialAction\":[{\"@type\":\"ReadAction\",\"target\":[\"https:\/\/www.excalibur-generator.com\/de\/sm-260-350-400-450-500-betonmischer-traktor.html\"]}]},{\"@type\":\"ImageObject\",\"inLanguage\":\"de\",\"@id\":\"https:\/\/www.excalibur-generator.com\/de\/sm-260-350-400-450-500-betonmischer-traktor.html#primaryimage\",\"url\":\"https:\/\/www.excalibur-generator.com\/wp-content\/uploads\/2025\/06\/SM260-500Towable-Concrete-Mixer.webp\",\"contentUrl\":\"https:\/\/www.excalibur-generator.com\/wp-content\/uploads\/2025\/06\/SM260-500Towable-Concrete-Mixer.webp\",\"width\":800,\"height\":800,\"caption\":\"SM260-500Towable Concrete Mixer\"},{\"@type\":\"BreadcrumbList\",\"@id\":\"https:\/\/www.excalibur-generator.com\/de\/sm-260-350-400-450-500-betonmischer-traktor.html#breadcrumb\",\"itemListElement\":[{\"@type\":\"ListItem\",\"position\":1,\"name\":\"Home\",\"item\":\"https:\/\/www.excalibur-generator.com\/de\/\"},{\"@type\":\"ListItem\",\"position\":2,\"name\":\"Produkte\",\"item\":\"https:\/\/www.excalibur-generator.com\/de\/produkte.html\"},{\"@type\":\"ListItem\",\"position\":3,\"name\":\"SM 260\/350\/400\/450\/500 Betonmischer Traktor\"}]},{\"@type\":\"WebSite\",\"@id\":\"https:\/\/www.excalibur-generator.com\/de\/#website\",\"url\":\"https:\/\/www.excalibur-generator.com\/de\/\",\"name\":\"Excalibur Generator\",\"description\":\"\",\"publisher\":{\"@id\":\"https:\/\/www.excalibur-generator.com\/de\/#organization\"},\"potentialAction\":[{\"@type\":\"SearchAction\",\"target\":{\"@type\":\"EntryPoint\",\"urlTemplate\":\"https:\/\/www.excalibur-generator.com\/de\/?s={search_term_string}\"},\"query-input\":{\"@type\":\"PropertyValueSpecification\",\"valueRequired\":true,\"valueName\":\"search_term_string\"}}],\"inLanguage\":\"de\"},{\"@type\":\"Organization\",\"@id\":\"https:\/\/www.excalibur-generator.com\/de\/#organization\",\"name\":\"Excalibur Generator\",\"url\":\"https:\/\/www.excalibur-generator.com\/de\/\",\"logo\":{\"@type\":\"ImageObject\",\"inLanguage\":\"de\",\"@id\":\"https:\/\/www.excalibur-generator.com\/de\/#\/schema\/logo\/image\/\",\"url\":\"https:\/\/www.excalibur-generator.com\/wp-content\/uploads\/2024\/05\/EXCALIBUR.png\",\"contentUrl\":\"https:\/\/www.excalibur-generator.com\/wp-content\/uploads\/2024\/05\/EXCALIBUR.png\",\"width\":350,\"height\":79,\"caption\":\"Excalibur Generator\"},\"image\":{\"@id\":\"https:\/\/www.excalibur-generator.com\/de\/#\/schema\/logo\/image\/\"}}]}<\/script>\n<!-- \/ Yoast SEO plugin. -->","yoast_head_json":{"title":"SM 260\/350\/400\/450\/500 Betonmischer Traktor &#8211; Excalibur Generator","description":"Die ziehbaren Betonmischer SM260\u2013SM500 verf\u00fcgen \u00fcber 260\u2013500-Liter-Trommeln, manuellen Druck, elektrischen\/manuellen Start und bieten eine Mischleistung von 6\u201322 m\u00b3\/h.","robots":{"index":"index","follow":"follow","max-snippet":"max-snippet:-1","max-image-preview":"max-image-preview:large","max-video-preview":"max-video-preview:-1"},"canonical":"https:\/\/www.excalibur-generator.com\/de\/sm-260-350-400-450-500-betonmischer-traktor.html","twitter_misc":{"Gesch\u00e4tzte Lesezeit":"1\u00a0Minute"},"schema":{"@context":"https:\/\/schema.org","@graph":[{"@type":"WebPage","@id":"https:\/\/www.excalibur-generator.com\/de\/sm-260-350-400-450-500-betonmischer-traktor.html","url":"https:\/\/www.excalibur-generator.com\/de\/sm-260-350-400-450-500-betonmischer-traktor.html","name":"SM 260\/350\/400\/450\/500 Betonmischer Traktor &#8211; Excalibur Generator","isPartOf":{"@id":"https:\/\/www.excalibur-generator.com\/de\/#website"},"primaryImageOfPage":{"@id":"https:\/\/www.excalibur-generator.com\/de\/sm-260-350-400-450-500-betonmischer-traktor.html#primaryimage"},"image":{"@id":"https:\/\/www.excalibur-generator.com\/de\/sm-260-350-400-450-500-betonmischer-traktor.html#primaryimage"},"thumbnailUrl":"https:\/\/www.excalibur-generator.com\/wp-content\/uploads\/2025\/06\/SM260-500Towable-Concrete-Mixer.webp","datePublished":"2025-06-25T05:36:20+00:00","description":"Die ziehbaren Betonmischer SM260\u2013SM500 verf\u00fcgen \u00fcber 260\u2013500-Liter-Trommeln, manuellen Druck, elektrischen\/manuellen Start und bieten eine Mischleistung von 6\u201322 m\u00b3\/h.","breadcrumb":{"@id":"https:\/\/www.excalibur-generator.com\/de\/sm-260-350-400-450-500-betonmischer-traktor.html#breadcrumb"},"inLanguage":"de","potentialAction":[{"@type":"ReadAction","target":["https:\/\/www.excalibur-generator.com\/de\/sm-260-350-400-450-500-betonmischer-traktor.html"]}]},{"@type":"ImageObject","inLanguage":"de","@id":"https:\/\/www.excalibur-generator.com\/de\/sm-260-350-400-450-500-betonmischer-traktor.html#primaryimage","url":"https:\/\/www.excalibur-generator.com\/wp-content\/uploads\/2025\/06\/SM260-500Towable-Concrete-Mixer.webp","contentUrl":"https:\/\/www.excalibur-generator.com\/wp-content\/uploads\/2025\/06\/SM260-500Towable-Concrete-Mixer.webp","width":800,"height":800,"caption":"SM260-500Towable Concrete Mixer"},{"@type":"BreadcrumbList","@id":"https:\/\/www.excalibur-generator.com\/de\/sm-260-350-400-450-500-betonmischer-traktor.html#breadcrumb","itemListElement":[{"@type":"ListItem","position":1,"name":"Home","item":"https:\/\/www.excalibur-generator.com\/de\/"},{"@type":"ListItem","position":2,"name":"Produkte","item":"https:\/\/www.excalibur-generator.com\/de\/produkte.html"},{"@type":"ListItem","position":3,"name":"SM 260\/350\/400\/450\/500 Betonmischer Traktor"}]},{"@type":"WebSite","@id":"https:\/\/www.excalibur-generator.com\/de\/#website","url":"https:\/\/www.excalibur-generator.com\/de\/","name":"Excalibur Generator","description":"","publisher":{"@id":"https:\/\/www.excalibur-generator.com\/de\/#organization"},"potentialAction":[{"@type":"SearchAction","target":{"@type":"EntryPoint","urlTemplate":"https:\/\/www.excalibur-generator.com\/de\/?s={search_term_string}"},"query-input":{"@type":"PropertyValueSpecification","valueRequired":true,"valueName":"search_term_string"}}],"inLanguage":"de"},{"@type":"Organization","@id":"https:\/\/www.excalibur-generator.com\/de\/#organization","name":"Excalibur Generator","url":"https:\/\/www.excalibur-generator.com\/de\/","logo":{"@type":"ImageObject","inLanguage":"de","@id":"https:\/\/www.excalibur-generator.com\/de\/#\/schema\/logo\/image\/","url":"https:\/\/www.excalibur-generator.com\/wp-content\/uploads\/2024\/05\/EXCALIBUR.png","contentUrl":"https:\/\/www.excalibur-generator.com\/wp-content\/uploads\/2024\/05\/EXCALIBUR.png","width":350,"height":79,"caption":"Excalibur Generator"},"image":{"@id":"https:\/\/www.excalibur-generator.com\/de\/#\/schema\/logo\/image\/"}}]}},"_links":{"self":[{"href":"https:\/\/www.excalibur-generator.com\/de\/wp-json\/wp\/v2\/product\/9586","targetHints":{"allow":["GET"]}}],"collection":[{"href":"https:\/\/www.excalibur-generator.com\/de\/wp-json\/wp\/v2\/product"}],"about":[{"href":"https:\/\/www.excalibur-generator.com\/de\/wp-json\/wp\/v2\/types\/product"}],"replies":[{"embeddable":true,"href":"https:\/\/www.excalibur-generator.com\/de\/wp-json\/wp\/v2\/comments?post=9586"}],"wp:featuredmedia":[{"embeddable":true,"href":"https:\/\/www.excalibur-generator.com\/de\/wp-json\/wp\/v2\/media\/9587"}],"wp:attachment":[{"href":"https:\/\/www.excalibur-generator.com\/de\/wp-json\/wp\/v2\/media?parent=9586"}],"wp:term":[{"taxonomy":"product_brand","embeddable":true,"href":"https:\/\/www.excalibur-generator.com\/de\/wp-json\/wp\/v2\/product_brand?post=9586"},{"taxonomy":"product_cat","embeddable":true,"href":"https:\/\/www.excalibur-generator.com\/de\/wp-json\/wp\/v2\/product_cat?post=9586"},{"taxonomy":"product_tag","embeddable":true,"href":"https:\/\/www.excalibur-generator.com\/de\/wp-json\/wp\/v2\/product_tag?post=9586"}],"curies":[{"name":"wp","href":"https:\/\/api.w.org\/{rel}","templated":true}]}}