{"id":9621,"date":"2025-06-24T15:40:48","date_gmt":"2025-06-24T07:40:48","guid":{"rendered":"https:\/\/www.excalibur-generator.com\/vs1046-aufsitz-glaetter\/"},"modified":"2025-06-24T15:40:48","modified_gmt":"2025-06-24T07:40:48","slug":"vs1046-aufsitz-glaetter","status":"publish","type":"product","link":"https:\/\/www.excalibur-generator.com\/de\/vs1046-aufsitz-glatter.html","title":{"rendered":"VS1046 Aufsitz-Gl\u00e4tter"},"content":{"rendered":"<table>\n<tbody>\n<tr>\n<td>TYP<\/td>\n<td>VS1046<\/td>\n<\/tr>\n<tr>\n<td>MOTORTYP<\/td>\n<td>BRIGGS &amp; STRATTON<\/td>\n<\/tr>\n<tr>\n<td>LEISTUNG<\/td>\n<td>34HP<\/td>\n<\/tr>\n<tr>\n<td>START-MODUS<\/td>\n<td>ELEKTRISCHER START<\/td>\n<\/tr>\n<tr>\n<td>KRAFTSTOFFART<\/td>\n<td>H\u00d6HER ALS 90#BENZIN<\/td>\n<\/tr>\n<tr>\n<td>KRAFTSTOFFTANK<\/td>\n<td>40L<\/td>\n<\/tr>\n<tr>\n<td>WANTER-TANK<\/td>\n<td>40L<\/td>\n<\/tr>\n<tr>\n<td>FAHRMODUS<\/td>\n<td>MECHANISCHER ANTRIEB<\/td>\n<\/tr>\n<tr>\n<td>ARBEITSDURCHMESSER<\/td>\n<td>120CM*2<\/td>\n<\/tr>\n<tr>\n<td>ARBEITSGESCHWINDIGKEIT<\/td>\n<td>140-170RPM<\/td>\n<\/tr>\n<tr>\n<td>KLINGENANZAHL<\/td>\n<td>5*2<\/td>\n<\/tr>\n<tr>\n<td>KLINGENMATERIAL<\/td>\n<td>65Mn<\/td>\n<\/tr>\n<tr>\n<td>KLINGENGR\u00d6SSE<\/td>\n<td>450MM(L)X200MM(W)<\/td>\n<\/tr>\n<tr>\n<td>UMRISSABMESSUNG<\/td>\n<td>2.54M*1.30M*1.52M<\/td>\n<\/tr>\n<tr>\n<td>VERPACKUNGSGR\u00d6SSE<\/td>\n<td>2.65M*1.4,*1.6M<\/td>\n<\/tr>\n<tr>\n<td>NETTOGEWICHT<\/td>\n<td>480KGS<\/td>\n<\/tr>\n<tr>\n<td>VERPACKUNGSGEWICHT<\/td>\n<td>550KGS<\/td>\n<\/tr>\n<\/tbody>\n<\/table>\n","protected":false},"excerpt":{"rendered":"<ul>\n<li>Zwei 120-cm-Pfannen sorgen f\u00fcr eine breite, effiziente Abdeckung beim Fertigstellen.<\/li>\n<li>34 PS Briggs &amp; Stratton Motor mit Elektrostartsystem<\/li>\n<li>Gro\u00dfe 450-mm-Klingen optimieren die Oberfl\u00e4chenbearbeitung von Beton<\/li>\n<\/ul>\n","protected":false},"featured_media":9622,"comment_status":"open","ping_status":"closed","template":"","meta":{"site-sidebar-layout":"default","site-content-layout":"","ast-site-content-layout":"default","site-content-style":"default","site-sidebar-style":"default","ast-global-header-display":"","ast-banner-title-visibility":"","ast-main-header-display":"","ast-hfb-above-header-display":"","ast-hfb-below-header-display":"","ast-hfb-mobile-header-display":"","site-post-title":"","ast-breadcrumbs-content":"","ast-featured-img":"","footer-sml-layout":"","theme-transparent-header-meta":"default","adv-header-id-meta":"","stick-header-meta":"","header-above-stick-meta":"","header-main-stick-meta":"","header-below-stick-meta":"","astra-migrate-meta-layouts":"default","ast-page-background-enabled":"default","ast-page-background-meta":{"desktop":{"background-color":"var(--ast-global-color-4)","background-image":"","background-repeat":"repeat","background-position":"center center","background-size":"auto","background-attachment":"scroll","background-type":"","background-media":"","overlay-type":"","overlay-color":"","overlay-opacity":"","overlay-gradient":""},"tablet":{"background-color":"","background-image":"","background-repeat":"repeat","background-position":"center center","background-size":"auto","background-attachment":"scroll","background-type":"","background-media":"","overlay-type":"","overlay-color":"","overlay-opacity":"","overlay-gradient":""},"mobile":{"background-color":"","background-image":"","background-repeat":"repeat","background-position":"center center","background-size":"auto","background-attachment":"scroll","background-type":"","background-media":"","overlay-type":"","overlay-color":"","overlay-opacity":"","overlay-gradient":""}},"ast-content-background-meta":{"desktop":{"background-color":"var(--ast-global-color-5)","background-image":"","background-repeat":"repeat","background-position":"center center","background-size":"auto","background-attachment":"scroll","background-type":"","background-media":"","overlay-type":"","overlay-color":"","overlay-opacity":"","overlay-gradient":""},"tablet":{"background-color":"var(--ast-global-color-5)","background-image":"","background-repeat":"repeat","background-position":"center center","background-size":"auto","background-attachment":"scroll","background-type":"","background-media":"","overlay-type":"","overlay-color":"","overlay-opacity":"","overlay-gradient":""},"mobile":{"background-color":"var(--ast-global-color-5)","background-image":"","background-repeat":"repeat","background-position":"center center","background-size":"auto","background-attachment":"scroll","background-type":"","background-media":"","overlay-type":"","overlay-color":"","overlay-opacity":"","overlay-gradient":""}}},"product_brand":[],"product_cat":[95],"product_tag":[96],"class_list":{"0":"post-9621","1":"product","2":"type-product","3":"status-publish","4":"has-post-thumbnail","6":"product_cat-unkategorisiert","7":"product_tag-aufsitz-flugelglatter","8":"desktop-align-left","9":"tablet-align-left","10":"mobile-align-left","12":"first","13":"instock","14":"shipping-taxable","15":"product-type-simple"},"yoast_head":"<!-- This site is optimized with the Yoast SEO plugin v26.5 - https:\/\/yoast.com\/wordpress\/plugins\/seo\/ -->\n<title>VS1046 Aufsitz-Gl\u00e4tter &#8211; Excalibur Generator<\/title>\n<meta name=\"description\" content=\"Die Aufsitz-Gl\u00e4ttmaschine VS1046 verf\u00fcgt \u00fcber einen 34-PS-Motor, zwei 120-cm-Schaufeln, einen mechanischen Antrieb und einen Elektrostart f\u00fcr eine hocheffiziente Betonbearbeitung.\" \/>\n<meta name=\"robots\" content=\"index, follow, max-snippet:-1, max-image-preview:large, max-video-preview:-1\" \/>\n<link rel=\"canonical\" href=\"https:\/\/www.excalibur-generator.com\/de\/vs1046-aufsitz-glatter.html\" \/>\n<script type=\"application\/ld+json\" class=\"yoast-schema-graph\">{\"@context\":\"https:\/\/schema.org\",\"@graph\":[{\"@type\":\"WebPage\",\"@id\":\"https:\/\/www.excalibur-generator.com\/de\/vs1046-aufsitz-glatter.html\",\"url\":\"https:\/\/www.excalibur-generator.com\/de\/vs1046-aufsitz-glatter.html\",\"name\":\"VS1046 Aufsitz-Gl\u00e4tter &#8211; Excalibur Generator\",\"isPartOf\":{\"@id\":\"https:\/\/www.excalibur-generator.com\/de\/#website\"},\"primaryImageOfPage\":{\"@id\":\"https:\/\/www.excalibur-generator.com\/de\/vs1046-aufsitz-glatter.html#primaryimage\"},\"image\":{\"@id\":\"https:\/\/www.excalibur-generator.com\/de\/vs1046-aufsitz-glatter.html#primaryimage\"},\"thumbnailUrl\":\"https:\/\/www.excalibur-generator.com\/wp-content\/uploads\/2025\/06\/VS1046-Ride-on-Power-Trowel.jpg\",\"datePublished\":\"2025-06-24T07:40:48+00:00\",\"description\":\"Die Aufsitz-Gl\u00e4ttmaschine VS1046 verf\u00fcgt \u00fcber einen 34-PS-Motor, zwei 120-cm-Schaufeln, einen mechanischen Antrieb und einen Elektrostart f\u00fcr eine hocheffiziente Betonbearbeitung.\",\"breadcrumb\":{\"@id\":\"https:\/\/www.excalibur-generator.com\/de\/vs1046-aufsitz-glatter.html#breadcrumb\"},\"inLanguage\":\"de\",\"potentialAction\":[{\"@type\":\"ReadAction\",\"target\":[\"https:\/\/www.excalibur-generator.com\/de\/vs1046-aufsitz-glatter.html\"]}]},{\"@type\":\"ImageObject\",\"inLanguage\":\"de\",\"@id\":\"https:\/\/www.excalibur-generator.com\/de\/vs1046-aufsitz-glatter.html#primaryimage\",\"url\":\"https:\/\/www.excalibur-generator.com\/wp-content\/uploads\/2025\/06\/VS1046-Ride-on-Power-Trowel.jpg\",\"contentUrl\":\"https:\/\/www.excalibur-generator.com\/wp-content\/uploads\/2025\/06\/VS1046-Ride-on-Power-Trowel.jpg\",\"width\":800,\"height\":800,\"caption\":\"VS1046 Ride-on Power Trowel\"},{\"@type\":\"BreadcrumbList\",\"@id\":\"https:\/\/www.excalibur-generator.com\/de\/vs1046-aufsitz-glatter.html#breadcrumb\",\"itemListElement\":[{\"@type\":\"ListItem\",\"position\":1,\"name\":\"Home\",\"item\":\"https:\/\/www.excalibur-generator.com\/de\/\"},{\"@type\":\"ListItem\",\"position\":2,\"name\":\"Produkte\",\"item\":\"https:\/\/www.excalibur-generator.com\/de\/produkte.html\"},{\"@type\":\"ListItem\",\"position\":3,\"name\":\"VS1046 Aufsitz-Gl\u00e4tter\"}]},{\"@type\":\"WebSite\",\"@id\":\"https:\/\/www.excalibur-generator.com\/de\/#website\",\"url\":\"https:\/\/www.excalibur-generator.com\/de\/\",\"name\":\"Excalibur Generator\",\"description\":\"\",\"publisher\":{\"@id\":\"https:\/\/www.excalibur-generator.com\/de\/#organization\"},\"potentialAction\":[{\"@type\":\"SearchAction\",\"target\":{\"@type\":\"EntryPoint\",\"urlTemplate\":\"https:\/\/www.excalibur-generator.com\/de\/?s={search_term_string}\"},\"query-input\":{\"@type\":\"PropertyValueSpecification\",\"valueRequired\":true,\"valueName\":\"search_term_string\"}}],\"inLanguage\":\"de\"},{\"@type\":\"Organization\",\"@id\":\"https:\/\/www.excalibur-generator.com\/de\/#organization\",\"name\":\"Excalibur Generator\",\"url\":\"https:\/\/www.excalibur-generator.com\/de\/\",\"logo\":{\"@type\":\"ImageObject\",\"inLanguage\":\"de\",\"@id\":\"https:\/\/www.excalibur-generator.com\/de\/#\/schema\/logo\/image\/\",\"url\":\"https:\/\/www.excalibur-generator.com\/wp-content\/uploads\/2024\/05\/EXCALIBUR.png\",\"contentUrl\":\"https:\/\/www.excalibur-generator.com\/wp-content\/uploads\/2024\/05\/EXCALIBUR.png\",\"width\":350,\"height\":79,\"caption\":\"Excalibur Generator\"},\"image\":{\"@id\":\"https:\/\/www.excalibur-generator.com\/de\/#\/schema\/logo\/image\/\"}}]}<\/script>\n<!-- \/ Yoast SEO plugin. -->","yoast_head_json":{"title":"VS1046 Aufsitz-Gl\u00e4tter &#8211; Excalibur Generator","description":"Die Aufsitz-Gl\u00e4ttmaschine VS1046 verf\u00fcgt \u00fcber einen 34-PS-Motor, zwei 120-cm-Schaufeln, einen mechanischen Antrieb und einen Elektrostart f\u00fcr eine hocheffiziente Betonbearbeitung.","robots":{"index":"index","follow":"follow","max-snippet":"max-snippet:-1","max-image-preview":"max-image-preview:large","max-video-preview":"max-video-preview:-1"},"canonical":"https:\/\/www.excalibur-generator.com\/de\/vs1046-aufsitz-glatter.html","schema":{"@context":"https:\/\/schema.org","@graph":[{"@type":"WebPage","@id":"https:\/\/www.excalibur-generator.com\/de\/vs1046-aufsitz-glatter.html","url":"https:\/\/www.excalibur-generator.com\/de\/vs1046-aufsitz-glatter.html","name":"VS1046 Aufsitz-Gl\u00e4tter &#8211; Excalibur Generator","isPartOf":{"@id":"https:\/\/www.excalibur-generator.com\/de\/#website"},"primaryImageOfPage":{"@id":"https:\/\/www.excalibur-generator.com\/de\/vs1046-aufsitz-glatter.html#primaryimage"},"image":{"@id":"https:\/\/www.excalibur-generator.com\/de\/vs1046-aufsitz-glatter.html#primaryimage"},"thumbnailUrl":"https:\/\/www.excalibur-generator.com\/wp-content\/uploads\/2025\/06\/VS1046-Ride-on-Power-Trowel.jpg","datePublished":"2025-06-24T07:40:48+00:00","description":"Die Aufsitz-Gl\u00e4ttmaschine VS1046 verf\u00fcgt \u00fcber einen 34-PS-Motor, zwei 120-cm-Schaufeln, einen mechanischen Antrieb und einen Elektrostart f\u00fcr eine hocheffiziente Betonbearbeitung.","breadcrumb":{"@id":"https:\/\/www.excalibur-generator.com\/de\/vs1046-aufsitz-glatter.html#breadcrumb"},"inLanguage":"de","potentialAction":[{"@type":"ReadAction","target":["https:\/\/www.excalibur-generator.com\/de\/vs1046-aufsitz-glatter.html"]}]},{"@type":"ImageObject","inLanguage":"de","@id":"https:\/\/www.excalibur-generator.com\/de\/vs1046-aufsitz-glatter.html#primaryimage","url":"https:\/\/www.excalibur-generator.com\/wp-content\/uploads\/2025\/06\/VS1046-Ride-on-Power-Trowel.jpg","contentUrl":"https:\/\/www.excalibur-generator.com\/wp-content\/uploads\/2025\/06\/VS1046-Ride-on-Power-Trowel.jpg","width":800,"height":800,"caption":"VS1046 Ride-on Power Trowel"},{"@type":"BreadcrumbList","@id":"https:\/\/www.excalibur-generator.com\/de\/vs1046-aufsitz-glatter.html#breadcrumb","itemListElement":[{"@type":"ListItem","position":1,"name":"Home","item":"https:\/\/www.excalibur-generator.com\/de\/"},{"@type":"ListItem","position":2,"name":"Produkte","item":"https:\/\/www.excalibur-generator.com\/de\/produkte.html"},{"@type":"ListItem","position":3,"name":"VS1046 Aufsitz-Gl\u00e4tter"}]},{"@type":"WebSite","@id":"https:\/\/www.excalibur-generator.com\/de\/#website","url":"https:\/\/www.excalibur-generator.com\/de\/","name":"Excalibur Generator","description":"","publisher":{"@id":"https:\/\/www.excalibur-generator.com\/de\/#organization"},"potentialAction":[{"@type":"SearchAction","target":{"@type":"EntryPoint","urlTemplate":"https:\/\/www.excalibur-generator.com\/de\/?s={search_term_string}"},"query-input":{"@type":"PropertyValueSpecification","valueRequired":true,"valueName":"search_term_string"}}],"inLanguage":"de"},{"@type":"Organization","@id":"https:\/\/www.excalibur-generator.com\/de\/#organization","name":"Excalibur Generator","url":"https:\/\/www.excalibur-generator.com\/de\/","logo":{"@type":"ImageObject","inLanguage":"de","@id":"https:\/\/www.excalibur-generator.com\/de\/#\/schema\/logo\/image\/","url":"https:\/\/www.excalibur-generator.com\/wp-content\/uploads\/2024\/05\/EXCALIBUR.png","contentUrl":"https:\/\/www.excalibur-generator.com\/wp-content\/uploads\/2024\/05\/EXCALIBUR.png","width":350,"height":79,"caption":"Excalibur Generator"},"image":{"@id":"https:\/\/www.excalibur-generator.com\/de\/#\/schema\/logo\/image\/"}}]}},"_links":{"self":[{"href":"https:\/\/www.excalibur-generator.com\/de\/wp-json\/wp\/v2\/product\/9621","targetHints":{"allow":["GET"]}}],"collection":[{"href":"https:\/\/www.excalibur-generator.com\/de\/wp-json\/wp\/v2\/product"}],"about":[{"href":"https:\/\/www.excalibur-generator.com\/de\/wp-json\/wp\/v2\/types\/product"}],"replies":[{"embeddable":true,"href":"https:\/\/www.excalibur-generator.com\/de\/wp-json\/wp\/v2\/comments?post=9621"}],"wp:featuredmedia":[{"embeddable":true,"href":"https:\/\/www.excalibur-generator.com\/de\/wp-json\/wp\/v2\/media\/9622"}],"wp:attachment":[{"href":"https:\/\/www.excalibur-generator.com\/de\/wp-json\/wp\/v2\/media?parent=9621"}],"wp:term":[{"taxonomy":"product_brand","embeddable":true,"href":"https:\/\/www.excalibur-generator.com\/de\/wp-json\/wp\/v2\/product_brand?post=9621"},{"taxonomy":"product_cat","embeddable":true,"href":"https:\/\/www.excalibur-generator.com\/de\/wp-json\/wp\/v2\/product_cat?post=9621"},{"taxonomy":"product_tag","embeddable":true,"href":"https:\/\/www.excalibur-generator.com\/de\/wp-json\/wp\/v2\/product_tag?post=9621"}],"curies":[{"name":"wp","href":"https:\/\/api.w.org\/{rel}","templated":true}]}}