{"id":9644,"date":"2025-06-23T14:00:07","date_gmt":"2025-06-23T06:00:07","guid":{"rendered":"https:\/\/www.excalibur-generator.com\/sc-60-vorwaertslaufende-ruettelplatte\/"},"modified":"2025-06-23T14:00:07","modified_gmt":"2025-06-23T06:00:07","slug":"sc-60-vorwaertslaufende-ruettelplatte","status":"publish","type":"product","link":"https:\/\/www.excalibur-generator.com\/de\/sc-60-vorwartslaufende-ruttelplatte.html","title":{"rendered":"SC-60 Vorw\u00e4rtslaufende R\u00fcttelplatte"},"content":{"rendered":"<table>\n<tbody>\n<tr>\n<td>Modell<\/td>\n<td>SC-60<\/td>\n<\/tr>\n<tr>\n<td>Plattengr\u00f6\u00dfe L*B (mm)<\/td>\n<td>560*370<\/td>\n<\/tr>\n<tr>\n<td>Fahrgeschwindigkeit (m\/min)<\/td>\n<td>20-25<\/td>\n<\/tr>\n<tr>\n<td>Begrenzte Notenf\u00e4higkeit<\/td>\n<td>20<\/td>\n<\/tr>\n<tr>\n<td>Schwingungsfrequenz vpm(Hz)<\/td>\n<td>5600(90)<\/td>\n<\/tr>\n<tr>\n<td>Zentrifugalkraft (kN)<\/td>\n<td>10<\/td>\n<\/tr>\n<tr>\n<td rowspan=\"2\">Motormodell Option<\/td>\n<td>Honda GX160\/Robin EY20\/Lifan 168F<\/td>\n<\/tr>\n<tr>\n<td>Dieselmotor S173F\/Elektromotor 2,2 kW<\/td>\n<\/tr>\n<tr>\n<td>Startsystem<\/td>\n<td>R\u00fccksto\u00dfstarter<\/td>\n<\/tr>\n<tr>\n<td>Verpackungsgr\u00f6\u00dfe (L*B*H) mm<\/td>\n<td>870*420*650<\/td>\n<\/tr>\n<tr>\n<td>Nettogewicht (kg)<\/td>\n<td>69<\/td>\n<\/tr>\n<\/tbody>\n<\/table>\n","protected":false},"excerpt":{"rendered":"<ul>\n<li>Kompaktes Design mit einer Platte von 560 \u00d7 370 mm f\u00fcr beengte Platzverh\u00e4ltnisse<\/li>\n<li>Liefert eine Zentrifugalkraft von 10 kN bei einer Frequenz von 5600 VPM.<\/li>\n<li>Kompatibel mit Benzin-, Diesel- oder Elektromotoroptionen<\/li>\n<\/ul>\n","protected":false},"featured_media":9645,"comment_status":"open","ping_status":"closed","template":"","meta":{"site-sidebar-layout":"default","site-content-layout":"","ast-site-content-layout":"default","site-content-style":"default","site-sidebar-style":"default","ast-global-header-display":"","ast-banner-title-visibility":"","ast-main-header-display":"","ast-hfb-above-header-display":"","ast-hfb-below-header-display":"","ast-hfb-mobile-header-display":"","site-post-title":"","ast-breadcrumbs-content":"","ast-featured-img":"","footer-sml-layout":"","theme-transparent-header-meta":"default","adv-header-id-meta":"","stick-header-meta":"","header-above-stick-meta":"","header-main-stick-meta":"","header-below-stick-meta":"","astra-migrate-meta-layouts":"default","ast-page-background-enabled":"default","ast-page-background-meta":{"desktop":{"background-color":"var(--ast-global-color-4)","background-image":"","background-repeat":"repeat","background-position":"center center","background-size":"auto","background-attachment":"scroll","background-type":"","background-media":"","overlay-type":"","overlay-color":"","overlay-opacity":"","overlay-gradient":""},"tablet":{"background-color":"","background-image":"","background-repeat":"repeat","background-position":"center center","background-size":"auto","background-attachment":"scroll","background-type":"","background-media":"","overlay-type":"","overlay-color":"","overlay-opacity":"","overlay-gradient":""},"mobile":{"background-color":"","background-image":"","background-repeat":"repeat","background-position":"center center","background-size":"auto","background-attachment":"scroll","background-type":"","background-media":"","overlay-type":"","overlay-color":"","overlay-opacity":"","overlay-gradient":""}},"ast-content-background-meta":{"desktop":{"background-color":"var(--ast-global-color-5)","background-image":"","background-repeat":"repeat","background-position":"center center","background-size":"auto","background-attachment":"scroll","background-type":"","background-media":"","overlay-type":"","overlay-color":"","overlay-opacity":"","overlay-gradient":""},"tablet":{"background-color":"var(--ast-global-color-5)","background-image":"","background-repeat":"repeat","background-position":"center center","background-size":"auto","background-attachment":"scroll","background-type":"","background-media":"","overlay-type":"","overlay-color":"","overlay-opacity":"","overlay-gradient":""},"mobile":{"background-color":"var(--ast-global-color-5)","background-image":"","background-repeat":"repeat","background-position":"center center","background-size":"auto","background-attachment":"scroll","background-type":"","background-media":"","overlay-type":"","overlay-color":"","overlay-opacity":"","overlay-gradient":""}}},"product_brand":[],"product_cat":[95],"product_tag":[97],"class_list":{"0":"post-9644","1":"product","2":"type-product","3":"status-publish","4":"has-post-thumbnail","6":"product_cat-unkategorisiert","7":"product_tag-vorwartsplattenverdichter","8":"desktop-align-left","9":"tablet-align-left","10":"mobile-align-left","12":"first","13":"instock","14":"shipping-taxable","15":"product-type-simple"},"yoast_head":"<!-- This site is optimized with the Yoast SEO plugin v26.5 - https:\/\/yoast.com\/wordpress\/plugins\/seo\/ -->\n<title>SC-60 Vorw\u00e4rtslaufende R\u00fcttelplatte &#8211; Excalibur Generator<\/title>\n<meta name=\"description\" content=\"Der SC-60 ist ein kompakter, 69 kg schwerer Einrichtungs-Plattenverdichter, der eine Kraft von 10 kN bei 5600 vpm f\u00fcr eine effiziente Oberfl\u00e4chenverdichtung liefert.\" \/>\n<meta name=\"robots\" content=\"index, follow, max-snippet:-1, max-image-preview:large, max-video-preview:-1\" \/>\n<link rel=\"canonical\" href=\"https:\/\/www.excalibur-generator.com\/de\/sc-60-vorwartslaufende-ruttelplatte.html\" \/>\n<script type=\"application\/ld+json\" class=\"yoast-schema-graph\">{\"@context\":\"https:\/\/schema.org\",\"@graph\":[{\"@type\":\"WebPage\",\"@id\":\"https:\/\/www.excalibur-generator.com\/de\/sc-60-vorwartslaufende-ruttelplatte.html\",\"url\":\"https:\/\/www.excalibur-generator.com\/de\/sc-60-vorwartslaufende-ruttelplatte.html\",\"name\":\"SC-60 Vorw\u00e4rtslaufende R\u00fcttelplatte &#8211; Excalibur Generator\",\"isPartOf\":{\"@id\":\"https:\/\/www.excalibur-generator.com\/de\/#website\"},\"primaryImageOfPage\":{\"@id\":\"https:\/\/www.excalibur-generator.com\/de\/sc-60-vorwartslaufende-ruttelplatte.html#primaryimage\"},\"image\":{\"@id\":\"https:\/\/www.excalibur-generator.com\/de\/sc-60-vorwartslaufende-ruttelplatte.html#primaryimage\"},\"thumbnailUrl\":\"https:\/\/www.excalibur-generator.com\/wp-content\/uploads\/2025\/06\/SC-60-Single-Direction-Vibratory-Plate-Compactor.jpg\",\"datePublished\":\"2025-06-23T06:00:07+00:00\",\"description\":\"Der SC-60 ist ein kompakter, 69 kg schwerer Einrichtungs-Plattenverdichter, der eine Kraft von 10 kN bei 5600 vpm f\u00fcr eine effiziente Oberfl\u00e4chenverdichtung liefert.\",\"breadcrumb\":{\"@id\":\"https:\/\/www.excalibur-generator.com\/de\/sc-60-vorwartslaufende-ruttelplatte.html#breadcrumb\"},\"inLanguage\":\"de\",\"potentialAction\":[{\"@type\":\"ReadAction\",\"target\":[\"https:\/\/www.excalibur-generator.com\/de\/sc-60-vorwartslaufende-ruttelplatte.html\"]}]},{\"@type\":\"ImageObject\",\"inLanguage\":\"de\",\"@id\":\"https:\/\/www.excalibur-generator.com\/de\/sc-60-vorwartslaufende-ruttelplatte.html#primaryimage\",\"url\":\"https:\/\/www.excalibur-generator.com\/wp-content\/uploads\/2025\/06\/SC-60-Single-Direction-Vibratory-Plate-Compactor.jpg\",\"contentUrl\":\"https:\/\/www.excalibur-generator.com\/wp-content\/uploads\/2025\/06\/SC-60-Single-Direction-Vibratory-Plate-Compactor.jpg\",\"width\":800,\"height\":800,\"caption\":\"SC-60 Single Direction Vibratory Plate Compactor\"},{\"@type\":\"BreadcrumbList\",\"@id\":\"https:\/\/www.excalibur-generator.com\/de\/sc-60-vorwartslaufende-ruttelplatte.html#breadcrumb\",\"itemListElement\":[{\"@type\":\"ListItem\",\"position\":1,\"name\":\"Home\",\"item\":\"https:\/\/www.excalibur-generator.com\/de\/\"},{\"@type\":\"ListItem\",\"position\":2,\"name\":\"Produkte\",\"item\":\"https:\/\/www.excalibur-generator.com\/de\/produkte.html\"},{\"@type\":\"ListItem\",\"position\":3,\"name\":\"SC-60 Vorw\u00e4rtslaufende R\u00fcttelplatte\"}]},{\"@type\":\"WebSite\",\"@id\":\"https:\/\/www.excalibur-generator.com\/de\/#website\",\"url\":\"https:\/\/www.excalibur-generator.com\/de\/\",\"name\":\"Excalibur Generator\",\"description\":\"\",\"publisher\":{\"@id\":\"https:\/\/www.excalibur-generator.com\/de\/#organization\"},\"potentialAction\":[{\"@type\":\"SearchAction\",\"target\":{\"@type\":\"EntryPoint\",\"urlTemplate\":\"https:\/\/www.excalibur-generator.com\/de\/?s={search_term_string}\"},\"query-input\":{\"@type\":\"PropertyValueSpecification\",\"valueRequired\":true,\"valueName\":\"search_term_string\"}}],\"inLanguage\":\"de\"},{\"@type\":\"Organization\",\"@id\":\"https:\/\/www.excalibur-generator.com\/de\/#organization\",\"name\":\"Excalibur Generator\",\"url\":\"https:\/\/www.excalibur-generator.com\/de\/\",\"logo\":{\"@type\":\"ImageObject\",\"inLanguage\":\"de\",\"@id\":\"https:\/\/www.excalibur-generator.com\/de\/#\/schema\/logo\/image\/\",\"url\":\"https:\/\/www.excalibur-generator.com\/wp-content\/uploads\/2024\/05\/EXCALIBUR.png\",\"contentUrl\":\"https:\/\/www.excalibur-generator.com\/wp-content\/uploads\/2024\/05\/EXCALIBUR.png\",\"width\":350,\"height\":79,\"caption\":\"Excalibur Generator\"},\"image\":{\"@id\":\"https:\/\/www.excalibur-generator.com\/de\/#\/schema\/logo\/image\/\"}}]}<\/script>\n<!-- \/ Yoast SEO plugin. -->","yoast_head_json":{"title":"SC-60 Vorw\u00e4rtslaufende R\u00fcttelplatte &#8211; Excalibur Generator","description":"Der SC-60 ist ein kompakter, 69 kg schwerer Einrichtungs-Plattenverdichter, der eine Kraft von 10 kN bei 5600 vpm f\u00fcr eine effiziente Oberfl\u00e4chenverdichtung liefert.","robots":{"index":"index","follow":"follow","max-snippet":"max-snippet:-1","max-image-preview":"max-image-preview:large","max-video-preview":"max-video-preview:-1"},"canonical":"https:\/\/www.excalibur-generator.com\/de\/sc-60-vorwartslaufende-ruttelplatte.html","schema":{"@context":"https:\/\/schema.org","@graph":[{"@type":"WebPage","@id":"https:\/\/www.excalibur-generator.com\/de\/sc-60-vorwartslaufende-ruttelplatte.html","url":"https:\/\/www.excalibur-generator.com\/de\/sc-60-vorwartslaufende-ruttelplatte.html","name":"SC-60 Vorw\u00e4rtslaufende R\u00fcttelplatte &#8211; Excalibur Generator","isPartOf":{"@id":"https:\/\/www.excalibur-generator.com\/de\/#website"},"primaryImageOfPage":{"@id":"https:\/\/www.excalibur-generator.com\/de\/sc-60-vorwartslaufende-ruttelplatte.html#primaryimage"},"image":{"@id":"https:\/\/www.excalibur-generator.com\/de\/sc-60-vorwartslaufende-ruttelplatte.html#primaryimage"},"thumbnailUrl":"https:\/\/www.excalibur-generator.com\/wp-content\/uploads\/2025\/06\/SC-60-Single-Direction-Vibratory-Plate-Compactor.jpg","datePublished":"2025-06-23T06:00:07+00:00","description":"Der SC-60 ist ein kompakter, 69 kg schwerer Einrichtungs-Plattenverdichter, der eine Kraft von 10 kN bei 5600 vpm f\u00fcr eine effiziente Oberfl\u00e4chenverdichtung liefert.","breadcrumb":{"@id":"https:\/\/www.excalibur-generator.com\/de\/sc-60-vorwartslaufende-ruttelplatte.html#breadcrumb"},"inLanguage":"de","potentialAction":[{"@type":"ReadAction","target":["https:\/\/www.excalibur-generator.com\/de\/sc-60-vorwartslaufende-ruttelplatte.html"]}]},{"@type":"ImageObject","inLanguage":"de","@id":"https:\/\/www.excalibur-generator.com\/de\/sc-60-vorwartslaufende-ruttelplatte.html#primaryimage","url":"https:\/\/www.excalibur-generator.com\/wp-content\/uploads\/2025\/06\/SC-60-Single-Direction-Vibratory-Plate-Compactor.jpg","contentUrl":"https:\/\/www.excalibur-generator.com\/wp-content\/uploads\/2025\/06\/SC-60-Single-Direction-Vibratory-Plate-Compactor.jpg","width":800,"height":800,"caption":"SC-60 Single Direction Vibratory Plate Compactor"},{"@type":"BreadcrumbList","@id":"https:\/\/www.excalibur-generator.com\/de\/sc-60-vorwartslaufende-ruttelplatte.html#breadcrumb","itemListElement":[{"@type":"ListItem","position":1,"name":"Home","item":"https:\/\/www.excalibur-generator.com\/de\/"},{"@type":"ListItem","position":2,"name":"Produkte","item":"https:\/\/www.excalibur-generator.com\/de\/produkte.html"},{"@type":"ListItem","position":3,"name":"SC-60 Vorw\u00e4rtslaufende R\u00fcttelplatte"}]},{"@type":"WebSite","@id":"https:\/\/www.excalibur-generator.com\/de\/#website","url":"https:\/\/www.excalibur-generator.com\/de\/","name":"Excalibur Generator","description":"","publisher":{"@id":"https:\/\/www.excalibur-generator.com\/de\/#organization"},"potentialAction":[{"@type":"SearchAction","target":{"@type":"EntryPoint","urlTemplate":"https:\/\/www.excalibur-generator.com\/de\/?s={search_term_string}"},"query-input":{"@type":"PropertyValueSpecification","valueRequired":true,"valueName":"search_term_string"}}],"inLanguage":"de"},{"@type":"Organization","@id":"https:\/\/www.excalibur-generator.com\/de\/#organization","name":"Excalibur Generator","url":"https:\/\/www.excalibur-generator.com\/de\/","logo":{"@type":"ImageObject","inLanguage":"de","@id":"https:\/\/www.excalibur-generator.com\/de\/#\/schema\/logo\/image\/","url":"https:\/\/www.excalibur-generator.com\/wp-content\/uploads\/2024\/05\/EXCALIBUR.png","contentUrl":"https:\/\/www.excalibur-generator.com\/wp-content\/uploads\/2024\/05\/EXCALIBUR.png","width":350,"height":79,"caption":"Excalibur Generator"},"image":{"@id":"https:\/\/www.excalibur-generator.com\/de\/#\/schema\/logo\/image\/"}}]}},"_links":{"self":[{"href":"https:\/\/www.excalibur-generator.com\/de\/wp-json\/wp\/v2\/product\/9644","targetHints":{"allow":["GET"]}}],"collection":[{"href":"https:\/\/www.excalibur-generator.com\/de\/wp-json\/wp\/v2\/product"}],"about":[{"href":"https:\/\/www.excalibur-generator.com\/de\/wp-json\/wp\/v2\/types\/product"}],"replies":[{"embeddable":true,"href":"https:\/\/www.excalibur-generator.com\/de\/wp-json\/wp\/v2\/comments?post=9644"}],"wp:featuredmedia":[{"embeddable":true,"href":"https:\/\/www.excalibur-generator.com\/de\/wp-json\/wp\/v2\/media\/9645"}],"wp:attachment":[{"href":"https:\/\/www.excalibur-generator.com\/de\/wp-json\/wp\/v2\/media?parent=9644"}],"wp:term":[{"taxonomy":"product_brand","embeddable":true,"href":"https:\/\/www.excalibur-generator.com\/de\/wp-json\/wp\/v2\/product_brand?post=9644"},{"taxonomy":"product_cat","embeddable":true,"href":"https:\/\/www.excalibur-generator.com\/de\/wp-json\/wp\/v2\/product_cat?post=9644"},{"taxonomy":"product_tag","embeddable":true,"href":"https:\/\/www.excalibur-generator.com\/de\/wp-json\/wp\/v2\/product_tag?post=9644"}],"curies":[{"name":"wp","href":"https:\/\/api.w.org\/{rel}","templated":true}]}}