{"id":9657,"date":"2024-05-27T09:53:34","date_gmt":"2024-05-27T01:53:34","guid":{"rendered":"https:\/\/www.excalibur-generator.com\/5kw-6kw-leiser-diesel-generator\/"},"modified":"2024-05-27T09:53:34","modified_gmt":"2024-05-27T01:53:34","slug":"5kw-6kw-leiser-diesel-generator","status":"publish","type":"product","link":"https:\/\/www.excalibur-generator.com\/de\/5kw-6kw-leiser-diesel-generator.html","title":{"rendered":"5kw\/6kw Leiser Diesel Generator"},"content":{"rendered":"<table>\n<colgroup>\n<col>\n<col>\n<col>\n<col>\n<col><\/colgroup>\n<tbody>\n<tr class=\"firstRow\">\n<td>Modell<\/td>\n<td>SS6500DS\/3<\/td>\n<td>SS7500DS\/3<\/td>\n<td>SS8500DS\/3<\/td>\n<td>SS9500DS\/3<\/td>\n<\/tr>\n<tr>\n<td>Frequenz (Hz)<\/td>\n<td>50\/60<\/td>\n<td>50\/60<\/td>\n<td>50\/60<\/td>\n<td>50\/60<\/td>\n<\/tr>\n<tr>\n<td>Nennspannung (V)<\/td>\n<td colspan=\"4\">110\/115\/120\/220\/230\/240\/380\/400\/415\/420<\/td>\n<\/tr>\n<tr>\n<td>Nennleistung KW<\/td>\n<td>4.5\/5.0<\/td>\n<td>5.0\/5.5<\/td>\n<td>6.0\/6.5<\/td>\n<td>6.5\/7<\/td>\n<\/tr>\n<tr>\n<td>Maximale Leistung in kW<\/td>\n<td>5.0\/5.5<\/td>\n<td>5.5\/6.0<\/td>\n<td>6.5\/7.0<\/td>\n<td>7\/7.5<\/td>\n<\/tr>\n<tr>\n<td>Gleichstromausgang<\/td>\n<td>12V-8.3A<\/td>\n<td>12V-8.3A<\/td>\n<td>12V-8.3A<\/td>\n<td>12V-8.3A<\/td>\n<\/tr>\n<tr>\n<td>Leistungsfaktor<\/td>\n<td>1\/0.8<\/td>\n<td>1\/0.8<\/td>\n<td>1\/0.8<\/td>\n<td>1\/0.8<\/td>\n<\/tr>\n<tr>\n<td>Ger\u00e4uschpegel (7 m) dB(A)<\/td>\n<td>72<\/td>\n<td>72<\/td>\n<td>72<\/td>\n<td>72<\/td>\n<\/tr>\n<tr>\n<td>Motormodell<\/td>\n<td>S186FAE<\/td>\n<td>S188FBE<\/td>\n<td>S192FE<\/td>\n<td>S195FE<\/td>\n<\/tr>\n<tr>\n<td>Motortyp<\/td>\n<td colspan=\"4\">Einzylinder, 4-Takt, luftgek\u00fchlt, Direkteinspritzung<\/td>\n<\/tr>\n<tr>\n<td>Bohrung*Hub (mm)<\/td>\n<td>86*72<\/td>\n<td>88*75<\/td>\n<td>92*75<\/td>\n<td>95*75<\/td>\n<\/tr>\n<tr>\n<td>Hubraum (cc)<\/td>\n<td>418<\/td>\n<td>456<\/td>\n<td>498<\/td>\n<td>531<\/td>\n<\/tr>\n<tr>\n<td>Kraftstoffart<\/td>\n<td colspan=\"4\">0 # Diesel (Sommer); -10# Diesel (Winter), -35# Diesel (sehr kalt)<\/td>\n<\/tr>\n<tr>\n<td>Kraftstofftankinhalt (l)<\/td>\n<td>20<\/td>\n<td>20<\/td>\n<td>20<\/td>\n<td>20<\/td>\n<\/tr>\n<tr>\n<td>Startsystem<\/td>\n<td>Elektrostart<\/td>\n<td>Elektrostart<\/td>\n<td>Elektrostart<\/td>\n<td><\/td>\n<\/tr>\n<tr>\n<td>Nettogewicht (kg)<\/td>\n<td>141<\/td>\n<td>143<\/td>\n<td>151<\/td>\n<td>150<\/td>\n<\/tr>\n<tr>\n<td>Standard-Serie Verpackungsgr\u00f6\u00dfe (L*B*H) mm<\/td>\n<td>950*530*70<\/td>\n<td>950*530*700<\/td>\n<td>950*530*700<\/td>\n<td>950*530*700<\/td>\n<\/tr>\n<tr>\n<td>Pro Series Verpackungsgr\u00f6\u00dfe (L*B*H) mm<\/td>\n<td>\/<\/td>\n<td>\/<\/td>\n<td>\/<\/td>\n<td>\/<\/td>\n<\/tr>\n<tr>\n<td>L\u00e4nge und Durchmesser des Motorkerns (mm)<\/td>\n<td>190*132<\/td>\n<td>190*140<\/td>\n<td>204*130<\/td>\n<td>204*148<\/td>\n<\/tr>\n<tr>\n<td>Standardfunktionen<\/td>\n<td colspan=\"4\">\u25cb optional, \u25cfStandardausstattung<\/td>\n<\/tr>\n<tr>\n<td>\u00d6lschutz<\/td>\n<td>\u25cf<\/td>\n<td>\u25cf<\/td>\n<td>\u25cf<\/td>\n<td>\u25cf<\/td>\n<\/tr>\n<tr>\n<td>4&#215;4-R\u00e4der<\/td>\n<td>\u25cf<\/td>\n<td>\u25cf<\/td>\n<td>\u25cf<\/td>\n<td>\u25cf<\/td>\n<\/tr>\n<tr>\n<td>ATS<\/td>\n<td>\u25cb<\/td>\n<td>\u25cb<\/td>\n<td>\u25cb<\/td>\n<td>\u25cb<\/td>\n<\/tr>\n<tr>\n<td>Geeignetes ATS-Modell<\/td>\n<td colspan=\"4\">EX-ATS-001 ,EX-ATS-002,EX-ATS-003<\/td>\n<\/tr>\n<tr>\n<td>Digitales Messger\u00e4t<\/td>\n<td>\u25cb<\/td>\n<td>\u25cb<\/td>\n<td>\u25cb<\/td>\n<td>\u25cb<\/td>\n<\/tr>\n<tr>\n<td>Fernstartsystem<\/td>\n<td>\u25cb<\/td>\n<td>\u25cb<\/td>\n<td>\u25cb<\/td>\n<td>\u25cb<\/td>\n<\/tr>\n<tr>\n<td>USB-Ausgang USB<\/td>\n<td>\u25cb<\/td>\n<td>\u25cb<\/td>\n<td>\u25cb<\/td>\n<td>\u25cb<\/td>\n<\/tr>\n<tr>\n<td>Leichtere Leistung<\/td>\n<td>\u25cb<\/td>\n<td>\u25cb<\/td>\n<td>\u25cb<\/td>\n<td>\u25cb<\/td>\n<\/tr>\n<\/tbody>\n<\/table>\n","protected":false},"excerpt":{"rendered":"<p><strong>Modell:<\/strong><\/p>\n<div>SS6500DS<\/div>\n<div>SS7500DS<\/div>\n<div>SS8500DS<\/div>\n<div>SS9500DS<\/div>\n<div><\/div>\n<div><strong>Nennleistung:<\/strong><\/div>\n<div>4.5KW\/5KW\/6KW\/6.5KW<\/div>\n<div><\/div>\n<div><strong>Gleichstromausgang:<\/strong><\/div>\n<div>12 V \u2013 8,3 A<\/div>\n<div><\/div>\n<div><strong>Ger\u00e4uschpegel (7 m) dB(A):<\/strong><\/div>\n<div>72<\/div>\n","protected":false},"featured_media":9658,"comment_status":"open","ping_status":"closed","template":"","meta":{"site-sidebar-layout":"default","site-content-layout":"","ast-site-content-layout":"default","site-content-style":"default","site-sidebar-style":"default","ast-global-header-display":"","ast-banner-title-visibility":"","ast-main-header-display":"","ast-hfb-above-header-display":"","ast-hfb-below-header-display":"","ast-hfb-mobile-header-display":"","site-post-title":"","ast-breadcrumbs-content":"","ast-featured-img":"","footer-sml-layout":"","theme-transparent-header-meta":"default","adv-header-id-meta":"","stick-header-meta":"","header-above-stick-meta":"","header-main-stick-meta":"","header-below-stick-meta":"","astra-migrate-meta-layouts":"default","ast-page-background-enabled":"default","ast-page-background-meta":{"desktop":{"background-color":"var(--ast-global-color-4)","background-image":"","background-repeat":"repeat","background-position":"center center","background-size":"auto","background-attachment":"scroll","background-type":"","background-media":"","overlay-type":"","overlay-color":"","overlay-opacity":"","overlay-gradient":""},"tablet":{"background-color":"","background-image":"","background-repeat":"repeat","background-position":"center center","background-size":"auto","background-attachment":"scroll","background-type":"","background-media":"","overlay-type":"","overlay-color":"","overlay-opacity":"","overlay-gradient":""},"mobile":{"background-color":"","background-image":"","background-repeat":"repeat","background-position":"center center","background-size":"auto","background-attachment":"scroll","background-type":"","background-media":"","overlay-type":"","overlay-color":"","overlay-opacity":"","overlay-gradient":""}},"ast-content-background-meta":{"desktop":{"background-color":"var(--ast-global-color-5)","background-image":"","background-repeat":"repeat","background-position":"center center","background-size":"auto","background-attachment":"scroll","background-type":"","background-media":"","overlay-type":"","overlay-color":"","overlay-opacity":"","overlay-gradient":""},"tablet":{"background-color":"var(--ast-global-color-5)","background-image":"","background-repeat":"repeat","background-position":"center center","background-size":"auto","background-attachment":"scroll","background-type":"","background-media":"","overlay-type":"","overlay-color":"","overlay-opacity":"","overlay-gradient":""},"mobile":{"background-color":"var(--ast-global-color-5)","background-image":"","background-repeat":"repeat","background-position":"center center","background-size":"auto","background-attachment":"scroll","background-type":"","background-media":"","overlay-type":"","overlay-color":"","overlay-opacity":"","overlay-gradient":""}}},"product_brand":[],"product_cat":[95],"product_tag":[98],"class_list":{"0":"post-9657","1":"product","2":"type-product","3":"status-publish","4":"has-post-thumbnail","6":"product_cat-unkategorisiert","7":"product_tag-generator-silent","8":"desktop-align-left","9":"tablet-align-left","10":"mobile-align-left","12":"first","13":"instock","14":"shipping-taxable","15":"product-type-simple"},"yoast_head":"<!-- This site is optimized with the Yoast SEO plugin v26.5 - https:\/\/yoast.com\/wordpress\/plugins\/seo\/ -->\n<title>5kw\/6kw Leiser Diesel Generator &#8211; Excalibur Generator<\/title>\n<meta name=\"description\" content=\"Der leise Dieselgenerator mit 5 kW\/6 kW liefert zuverl\u00e4ssige Leistung bei minimaler Ger\u00e4uschentwicklung. Er eignet sich ideal f\u00fcr den privaten und gewerblichen Gebrauch und gew\u00e4hrleistet eine zuverl\u00e4ssige Leistung bei Stromausf\u00e4llen.\" \/>\n<meta name=\"robots\" content=\"index, follow, max-snippet:-1, max-image-preview:large, max-video-preview:-1\" \/>\n<link rel=\"canonical\" href=\"https:\/\/www.excalibur-generator.com\/de\/5kw-6kw-leiser-diesel-generator.html\" \/>\n<meta name=\"twitter:label1\" content=\"Gesch\u00e4tzte Lesezeit\" \/>\n\t<meta name=\"twitter:data1\" content=\"1\u00a0Minute\" \/>\n<script type=\"application\/ld+json\" class=\"yoast-schema-graph\">{\"@context\":\"https:\/\/schema.org\",\"@graph\":[{\"@type\":\"WebPage\",\"@id\":\"https:\/\/www.excalibur-generator.com\/de\/5kw-6kw-leiser-diesel-generator.html\",\"url\":\"https:\/\/www.excalibur-generator.com\/de\/5kw-6kw-leiser-diesel-generator.html\",\"name\":\"5kw\/6kw Leiser Diesel Generator &#8211; Excalibur Generator\",\"isPartOf\":{\"@id\":\"https:\/\/www.excalibur-generator.com\/de\/#website\"},\"primaryImageOfPage\":{\"@id\":\"https:\/\/www.excalibur-generator.com\/de\/5kw-6kw-leiser-diesel-generator.html#primaryimage\"},\"image\":{\"@id\":\"https:\/\/www.excalibur-generator.com\/de\/5kw-6kw-leiser-diesel-generator.html#primaryimage\"},\"thumbnailUrl\":\"https:\/\/www.excalibur-generator.com\/wp-content\/uploads\/2024\/05\/electric-start-silent-generator.webp\",\"datePublished\":\"2024-05-27T01:53:34+00:00\",\"description\":\"Der leise Dieselgenerator mit 5 kW\/6 kW liefert zuverl\u00e4ssige Leistung bei minimaler Ger\u00e4uschentwicklung. Er eignet sich ideal f\u00fcr den privaten und gewerblichen Gebrauch und gew\u00e4hrleistet eine zuverl\u00e4ssige Leistung bei Stromausf\u00e4llen.\",\"breadcrumb\":{\"@id\":\"https:\/\/www.excalibur-generator.com\/de\/5kw-6kw-leiser-diesel-generator.html#breadcrumb\"},\"inLanguage\":\"de\",\"potentialAction\":[{\"@type\":\"ReadAction\",\"target\":[\"https:\/\/www.excalibur-generator.com\/de\/5kw-6kw-leiser-diesel-generator.html\"]}]},{\"@type\":\"ImageObject\",\"inLanguage\":\"de\",\"@id\":\"https:\/\/www.excalibur-generator.com\/de\/5kw-6kw-leiser-diesel-generator.html#primaryimage\",\"url\":\"https:\/\/www.excalibur-generator.com\/wp-content\/uploads\/2024\/05\/electric-start-silent-generator.webp\",\"contentUrl\":\"https:\/\/www.excalibur-generator.com\/wp-content\/uploads\/2024\/05\/electric-start-silent-generator.webp\",\"width\":800,\"height\":800,\"caption\":\"electric-start-silent-generator\"},{\"@type\":\"BreadcrumbList\",\"@id\":\"https:\/\/www.excalibur-generator.com\/de\/5kw-6kw-leiser-diesel-generator.html#breadcrumb\",\"itemListElement\":[{\"@type\":\"ListItem\",\"position\":1,\"name\":\"Home\",\"item\":\"https:\/\/www.excalibur-generator.com\/de\/\"},{\"@type\":\"ListItem\",\"position\":2,\"name\":\"Produkte\",\"item\":\"https:\/\/www.excalibur-generator.com\/de\/produkte.html\"},{\"@type\":\"ListItem\",\"position\":3,\"name\":\"5kw\/6kw Leiser Diesel Generator\"}]},{\"@type\":\"WebSite\",\"@id\":\"https:\/\/www.excalibur-generator.com\/de\/#website\",\"url\":\"https:\/\/www.excalibur-generator.com\/de\/\",\"name\":\"Excalibur Generator\",\"description\":\"\",\"publisher\":{\"@id\":\"https:\/\/www.excalibur-generator.com\/de\/#organization\"},\"potentialAction\":[{\"@type\":\"SearchAction\",\"target\":{\"@type\":\"EntryPoint\",\"urlTemplate\":\"https:\/\/www.excalibur-generator.com\/de\/?s={search_term_string}\"},\"query-input\":{\"@type\":\"PropertyValueSpecification\",\"valueRequired\":true,\"valueName\":\"search_term_string\"}}],\"inLanguage\":\"de\"},{\"@type\":\"Organization\",\"@id\":\"https:\/\/www.excalibur-generator.com\/de\/#organization\",\"name\":\"Excalibur Generator\",\"url\":\"https:\/\/www.excalibur-generator.com\/de\/\",\"logo\":{\"@type\":\"ImageObject\",\"inLanguage\":\"de\",\"@id\":\"https:\/\/www.excalibur-generator.com\/de\/#\/schema\/logo\/image\/\",\"url\":\"https:\/\/www.excalibur-generator.com\/wp-content\/uploads\/2024\/05\/EXCALIBUR.png\",\"contentUrl\":\"https:\/\/www.excalibur-generator.com\/wp-content\/uploads\/2024\/05\/EXCALIBUR.png\",\"width\":350,\"height\":79,\"caption\":\"Excalibur Generator\"},\"image\":{\"@id\":\"https:\/\/www.excalibur-generator.com\/de\/#\/schema\/logo\/image\/\"}}]}<\/script>\n<!-- \/ Yoast SEO plugin. -->","yoast_head_json":{"title":"5kw\/6kw Leiser Diesel Generator &#8211; Excalibur Generator","description":"Der leise Dieselgenerator mit 5 kW\/6 kW liefert zuverl\u00e4ssige Leistung bei minimaler Ger\u00e4uschentwicklung. Er eignet sich ideal f\u00fcr den privaten und gewerblichen Gebrauch und gew\u00e4hrleistet eine zuverl\u00e4ssige Leistung bei Stromausf\u00e4llen.","robots":{"index":"index","follow":"follow","max-snippet":"max-snippet:-1","max-image-preview":"max-image-preview:large","max-video-preview":"max-video-preview:-1"},"canonical":"https:\/\/www.excalibur-generator.com\/de\/5kw-6kw-leiser-diesel-generator.html","twitter_misc":{"Gesch\u00e4tzte Lesezeit":"1\u00a0Minute"},"schema":{"@context":"https:\/\/schema.org","@graph":[{"@type":"WebPage","@id":"https:\/\/www.excalibur-generator.com\/de\/5kw-6kw-leiser-diesel-generator.html","url":"https:\/\/www.excalibur-generator.com\/de\/5kw-6kw-leiser-diesel-generator.html","name":"5kw\/6kw Leiser Diesel Generator &#8211; Excalibur Generator","isPartOf":{"@id":"https:\/\/www.excalibur-generator.com\/de\/#website"},"primaryImageOfPage":{"@id":"https:\/\/www.excalibur-generator.com\/de\/5kw-6kw-leiser-diesel-generator.html#primaryimage"},"image":{"@id":"https:\/\/www.excalibur-generator.com\/de\/5kw-6kw-leiser-diesel-generator.html#primaryimage"},"thumbnailUrl":"https:\/\/www.excalibur-generator.com\/wp-content\/uploads\/2024\/05\/electric-start-silent-generator.webp","datePublished":"2024-05-27T01:53:34+00:00","description":"Der leise Dieselgenerator mit 5 kW\/6 kW liefert zuverl\u00e4ssige Leistung bei minimaler Ger\u00e4uschentwicklung. Er eignet sich ideal f\u00fcr den privaten und gewerblichen Gebrauch und gew\u00e4hrleistet eine zuverl\u00e4ssige Leistung bei Stromausf\u00e4llen.","breadcrumb":{"@id":"https:\/\/www.excalibur-generator.com\/de\/5kw-6kw-leiser-diesel-generator.html#breadcrumb"},"inLanguage":"de","potentialAction":[{"@type":"ReadAction","target":["https:\/\/www.excalibur-generator.com\/de\/5kw-6kw-leiser-diesel-generator.html"]}]},{"@type":"ImageObject","inLanguage":"de","@id":"https:\/\/www.excalibur-generator.com\/de\/5kw-6kw-leiser-diesel-generator.html#primaryimage","url":"https:\/\/www.excalibur-generator.com\/wp-content\/uploads\/2024\/05\/electric-start-silent-generator.webp","contentUrl":"https:\/\/www.excalibur-generator.com\/wp-content\/uploads\/2024\/05\/electric-start-silent-generator.webp","width":800,"height":800,"caption":"electric-start-silent-generator"},{"@type":"BreadcrumbList","@id":"https:\/\/www.excalibur-generator.com\/de\/5kw-6kw-leiser-diesel-generator.html#breadcrumb","itemListElement":[{"@type":"ListItem","position":1,"name":"Home","item":"https:\/\/www.excalibur-generator.com\/de\/"},{"@type":"ListItem","position":2,"name":"Produkte","item":"https:\/\/www.excalibur-generator.com\/de\/produkte.html"},{"@type":"ListItem","position":3,"name":"5kw\/6kw Leiser Diesel Generator"}]},{"@type":"WebSite","@id":"https:\/\/www.excalibur-generator.com\/de\/#website","url":"https:\/\/www.excalibur-generator.com\/de\/","name":"Excalibur Generator","description":"","publisher":{"@id":"https:\/\/www.excalibur-generator.com\/de\/#organization"},"potentialAction":[{"@type":"SearchAction","target":{"@type":"EntryPoint","urlTemplate":"https:\/\/www.excalibur-generator.com\/de\/?s={search_term_string}"},"query-input":{"@type":"PropertyValueSpecification","valueRequired":true,"valueName":"search_term_string"}}],"inLanguage":"de"},{"@type":"Organization","@id":"https:\/\/www.excalibur-generator.com\/de\/#organization","name":"Excalibur Generator","url":"https:\/\/www.excalibur-generator.com\/de\/","logo":{"@type":"ImageObject","inLanguage":"de","@id":"https:\/\/www.excalibur-generator.com\/de\/#\/schema\/logo\/image\/","url":"https:\/\/www.excalibur-generator.com\/wp-content\/uploads\/2024\/05\/EXCALIBUR.png","contentUrl":"https:\/\/www.excalibur-generator.com\/wp-content\/uploads\/2024\/05\/EXCALIBUR.png","width":350,"height":79,"caption":"Excalibur Generator"},"image":{"@id":"https:\/\/www.excalibur-generator.com\/de\/#\/schema\/logo\/image\/"}}]}},"_links":{"self":[{"href":"https:\/\/www.excalibur-generator.com\/de\/wp-json\/wp\/v2\/product\/9657","targetHints":{"allow":["GET"]}}],"collection":[{"href":"https:\/\/www.excalibur-generator.com\/de\/wp-json\/wp\/v2\/product"}],"about":[{"href":"https:\/\/www.excalibur-generator.com\/de\/wp-json\/wp\/v2\/types\/product"}],"replies":[{"embeddable":true,"href":"https:\/\/www.excalibur-generator.com\/de\/wp-json\/wp\/v2\/comments?post=9657"}],"wp:featuredmedia":[{"embeddable":true,"href":"https:\/\/www.excalibur-generator.com\/de\/wp-json\/wp\/v2\/media\/9658"}],"wp:attachment":[{"href":"https:\/\/www.excalibur-generator.com\/de\/wp-json\/wp\/v2\/media?parent=9657"}],"wp:term":[{"taxonomy":"product_brand","embeddable":true,"href":"https:\/\/www.excalibur-generator.com\/de\/wp-json\/wp\/v2\/product_brand?post=9657"},{"taxonomy":"product_cat","embeddable":true,"href":"https:\/\/www.excalibur-generator.com\/de\/wp-json\/wp\/v2\/product_cat?post=9657"},{"taxonomy":"product_tag","embeddable":true,"href":"https:\/\/www.excalibur-generator.com\/de\/wp-json\/wp\/v2\/product_tag?post=9657"}],"curies":[{"name":"wp","href":"https:\/\/api.w.org\/{rel}","templated":true}]}}