{"id":9671,"date":"2024-05-27T09:37:00","date_gmt":"2024-05-27T01:37:00","guid":{"rendered":"https:\/\/www.excalibur-generator.com\/220-v-wechselstrom-benzin-wechselrichter-generator\/"},"modified":"2024-05-27T09:37:00","modified_gmt":"2024-05-27T01:37:00","slug":"220-v-wechselstrom-benzin-wechselrichter-generator","status":"publish","type":"product","link":"https:\/\/www.excalibur-generator.com\/de\/220v-wechselstrom-benzin-wechselrichter-generator-.html","title":{"rendered":"220-V-Wechselstrom-Benzin-Wechselrichter-Generator"},"content":{"rendered":"<p>\u25cfDurch den Einsatz eines b\u00fcrstenlosen Permanentmagnet-Generators aus 100 % Kupfer betr\u00e4gt der Wirkungsgrad bis zu 90 %, wodurch etwa 10 % Kraftstoff eingespart werden.<br \/>\n\u25cfStabile Leistungsabgabe, THD &lt;3%.<br \/>\n\u25cfEs k\u00f6nnen mehrere Maschinen parallel angeschlossen werden.<br \/>\n\u25cfKompakte Gr\u00f6\u00dfe und geringes Gewicht, weniger als 32 kg.<\/p>\n<table align=\"center\">\n<colgroup>\n<col>\n<col>\n<col>\n<col><\/colgroup>\n<tbody>\n<tr class=\"firstRow\">\n<td>Modell<\/td>\n<td>SX40001<\/td>\n<td>SX5000i<\/td>\n<td>SX6000i<\/td>\n<\/tr>\n<tr>\n<td>Nennspannung<\/td>\n<td>220V AC<\/td>\n<td>220V AC<\/td>\n<td>220V AC<\/td>\n<\/tr>\n<tr>\n<td>Nennfrequenz<\/td>\n<td>50Hz<\/td>\n<td>50Hz<\/td>\n<td>50Hz<\/td>\n<\/tr>\n<tr>\n<td>Nennstrom<\/td>\n<td>13A<\/td>\n<td>17A<\/td>\n<td>20A<\/td>\n<\/tr>\n<tr>\n<td>Nennleistung<\/td>\n<td>3200W<\/td>\n<td>4000W<\/td>\n<td>4500W<\/td>\n<\/tr>\n<tr>\n<td>Max. Leistung<\/td>\n<td>3500W<\/td>\n<td>4200W<\/td>\n<td>5000W<\/td>\n<\/tr>\n<tr>\n<td>Verzerrungsgrad (THD)<\/td>\n<td>&lt;3%<\/td>\n<td>&lt;3%<\/td>\n<td>&lt;3%<\/td>\n<\/tr>\n<\/tbody>\n<\/table>\n","protected":false},"excerpt":{"rendered":"<p><strong>Modell:<\/strong><\/p>\n<div>SX4000i<\/div>\n<div>SX5000i<\/div>\n<div>SX6000i<\/div>\n<div><\/div>\n<div><strong>Nennleistung:<\/strong><\/div>\n<div>3.2KW\/4KW\/4.5KW<\/div>\n<div><strong>Nennstrom:<\/strong><\/div>\n<div>13A\/17A\/20A<\/div>\n","protected":false},"featured_media":9672,"comment_status":"open","ping_status":"closed","template":"","meta":{"site-sidebar-layout":"default","site-content-layout":"","ast-site-content-layout":"default","site-content-style":"default","site-sidebar-style":"default","ast-global-header-display":"","ast-banner-title-visibility":"","ast-main-header-display":"","ast-hfb-above-header-display":"","ast-hfb-below-header-display":"","ast-hfb-mobile-header-display":"","site-post-title":"","ast-breadcrumbs-content":"","ast-featured-img":"","footer-sml-layout":"","theme-transparent-header-meta":"default","adv-header-id-meta":"","stick-header-meta":"","header-above-stick-meta":"","header-main-stick-meta":"","header-below-stick-meta":"","astra-migrate-meta-layouts":"default","ast-page-background-enabled":"default","ast-page-background-meta":{"desktop":{"background-color":"var(--ast-global-color-4)","background-image":"","background-repeat":"repeat","background-position":"center center","background-size":"auto","background-attachment":"scroll","background-type":"","background-media":"","overlay-type":"","overlay-color":"","overlay-opacity":"","overlay-gradient":""},"tablet":{"background-color":"","background-image":"","background-repeat":"repeat","background-position":"center center","background-size":"auto","background-attachment":"scroll","background-type":"","background-media":"","overlay-type":"","overlay-color":"","overlay-opacity":"","overlay-gradient":""},"mobile":{"background-color":"","background-image":"","background-repeat":"repeat","background-position":"center center","background-size":"auto","background-attachment":"scroll","background-type":"","background-media":"","overlay-type":"","overlay-color":"","overlay-opacity":"","overlay-gradient":""}},"ast-content-background-meta":{"desktop":{"background-color":"var(--ast-global-color-5)","background-image":"","background-repeat":"repeat","background-position":"center center","background-size":"auto","background-attachment":"scroll","background-type":"","background-media":"","overlay-type":"","overlay-color":"","overlay-opacity":"","overlay-gradient":""},"tablet":{"background-color":"var(--ast-global-color-5)","background-image":"","background-repeat":"repeat","background-position":"center center","background-size":"auto","background-attachment":"scroll","background-type":"","background-media":"","overlay-type":"","overlay-color":"","overlay-opacity":"","overlay-gradient":""},"mobile":{"background-color":"var(--ast-global-color-5)","background-image":"","background-repeat":"repeat","background-position":"center center","background-size":"auto","background-attachment":"scroll","background-type":"","background-media":"","overlay-type":"","overlay-color":"","overlay-opacity":"","overlay-gradient":""}}},"product_brand":[],"product_cat":[95],"product_tag":[99],"class_list":{"0":"post-9671","1":"product","2":"type-product","3":"status-publish","4":"has-post-thumbnail","6":"product_cat-unkategorisiert","7":"product_tag-generator-offen","8":"desktop-align-left","9":"tablet-align-left","10":"mobile-align-left","12":"first","13":"instock","14":"shipping-taxable","15":"product-type-simple"},"yoast_head":"<!-- This site is optimized with the Yoast SEO plugin v26.5 - https:\/\/yoast.com\/wordpress\/plugins\/seo\/ -->\n<title>220-V-Wechselstrom-Benzin-Wechselrichter-Generator &#8211; Excalibur Generator<\/title>\n<meta name=\"description\" content=\"Der offene Benzin-Wechselrichtergenerator mit 220 V Wechselstrom bietet eine tragbare Stromversorgungsl\u00f6sung. Dank seiner effizienten Wechselrichtertechnologie gew\u00e4hrleistet er eine stabile 220-V-Ausgangsleistung und eignet sich somit ideal f\u00fcr verschiedene elektronische Ger\u00e4te und Haushaltsger\u00e4te.\" \/>\n<meta name=\"robots\" content=\"index, follow, max-snippet:-1, max-image-preview:large, max-video-preview:-1\" \/>\n<link rel=\"canonical\" href=\"https:\/\/www.excalibur-generator.com\/de\/220v-wechselstrom-benzin-wechselrichter-generator-.html\" \/>\n<script type=\"application\/ld+json\" class=\"yoast-schema-graph\">{\"@context\":\"https:\/\/schema.org\",\"@graph\":[{\"@type\":\"WebPage\",\"@id\":\"https:\/\/www.excalibur-generator.com\/de\/220v-wechselstrom-benzin-wechselrichter-generator-.html\",\"url\":\"https:\/\/www.excalibur-generator.com\/de\/220v-wechselstrom-benzin-wechselrichter-generator-.html\",\"name\":\"220-V-Wechselstrom-Benzin-Wechselrichter-Generator &#8211; Excalibur Generator\",\"isPartOf\":{\"@id\":\"https:\/\/www.excalibur-generator.com\/de\/#website\"},\"primaryImageOfPage\":{\"@id\":\"https:\/\/www.excalibur-generator.com\/de\/220v-wechselstrom-benzin-wechselrichter-generator-.html#primaryimage\"},\"image\":{\"@id\":\"https:\/\/www.excalibur-generator.com\/de\/220v-wechselstrom-benzin-wechselrichter-generator-.html#primaryimage\"},\"thumbnailUrl\":\"https:\/\/www.excalibur-generator.com\/wp-content\/uploads\/2024\/05\/open-Inverter-Gasoline-Generator.webp\",\"datePublished\":\"2024-05-27T01:37:00+00:00\",\"description\":\"Der offene Benzin-Wechselrichtergenerator mit 220 V Wechselstrom bietet eine tragbare Stromversorgungsl\u00f6sung. Dank seiner effizienten Wechselrichtertechnologie gew\u00e4hrleistet er eine stabile 220-V-Ausgangsleistung und eignet sich somit ideal f\u00fcr verschiedene elektronische Ger\u00e4te und Haushaltsger\u00e4te.\",\"breadcrumb\":{\"@id\":\"https:\/\/www.excalibur-generator.com\/de\/220v-wechselstrom-benzin-wechselrichter-generator-.html#breadcrumb\"},\"inLanguage\":\"de\",\"potentialAction\":[{\"@type\":\"ReadAction\",\"target\":[\"https:\/\/www.excalibur-generator.com\/de\/220v-wechselstrom-benzin-wechselrichter-generator-.html\"]}]},{\"@type\":\"ImageObject\",\"inLanguage\":\"de\",\"@id\":\"https:\/\/www.excalibur-generator.com\/de\/220v-wechselstrom-benzin-wechselrichter-generator-.html#primaryimage\",\"url\":\"https:\/\/www.excalibur-generator.com\/wp-content\/uploads\/2024\/05\/open-Inverter-Gasoline-Generator.webp\",\"contentUrl\":\"https:\/\/www.excalibur-generator.com\/wp-content\/uploads\/2024\/05\/open-Inverter-Gasoline-Generator.webp\",\"width\":800,\"height\":800,\"caption\":\"open-Inverter-Gasoline-Generator\"},{\"@type\":\"BreadcrumbList\",\"@id\":\"https:\/\/www.excalibur-generator.com\/de\/220v-wechselstrom-benzin-wechselrichter-generator-.html#breadcrumb\",\"itemListElement\":[{\"@type\":\"ListItem\",\"position\":1,\"name\":\"Home\",\"item\":\"https:\/\/www.excalibur-generator.com\/de\/\"},{\"@type\":\"ListItem\",\"position\":2,\"name\":\"Produkte\",\"item\":\"https:\/\/www.excalibur-generator.com\/de\/produkte.html\"},{\"@type\":\"ListItem\",\"position\":3,\"name\":\"220-V-Wechselstrom-Benzin-Wechselrichter-Generator\"}]},{\"@type\":\"WebSite\",\"@id\":\"https:\/\/www.excalibur-generator.com\/de\/#website\",\"url\":\"https:\/\/www.excalibur-generator.com\/de\/\",\"name\":\"Excalibur Generator\",\"description\":\"\",\"publisher\":{\"@id\":\"https:\/\/www.excalibur-generator.com\/de\/#organization\"},\"potentialAction\":[{\"@type\":\"SearchAction\",\"target\":{\"@type\":\"EntryPoint\",\"urlTemplate\":\"https:\/\/www.excalibur-generator.com\/de\/?s={search_term_string}\"},\"query-input\":{\"@type\":\"PropertyValueSpecification\",\"valueRequired\":true,\"valueName\":\"search_term_string\"}}],\"inLanguage\":\"de\"},{\"@type\":\"Organization\",\"@id\":\"https:\/\/www.excalibur-generator.com\/de\/#organization\",\"name\":\"Excalibur Generator\",\"url\":\"https:\/\/www.excalibur-generator.com\/de\/\",\"logo\":{\"@type\":\"ImageObject\",\"inLanguage\":\"de\",\"@id\":\"https:\/\/www.excalibur-generator.com\/de\/#\/schema\/logo\/image\/\",\"url\":\"https:\/\/www.excalibur-generator.com\/wp-content\/uploads\/2024\/05\/EXCALIBUR.png\",\"contentUrl\":\"https:\/\/www.excalibur-generator.com\/wp-content\/uploads\/2024\/05\/EXCALIBUR.png\",\"width\":350,\"height\":79,\"caption\":\"Excalibur Generator\"},\"image\":{\"@id\":\"https:\/\/www.excalibur-generator.com\/de\/#\/schema\/logo\/image\/\"}}]}<\/script>\n<!-- \/ Yoast SEO plugin. -->","yoast_head_json":{"title":"220-V-Wechselstrom-Benzin-Wechselrichter-Generator &#8211; Excalibur Generator","description":"Der offene Benzin-Wechselrichtergenerator mit 220 V Wechselstrom bietet eine tragbare Stromversorgungsl\u00f6sung. Dank seiner effizienten Wechselrichtertechnologie gew\u00e4hrleistet er eine stabile 220-V-Ausgangsleistung und eignet sich somit ideal f\u00fcr verschiedene elektronische Ger\u00e4te und Haushaltsger\u00e4te.","robots":{"index":"index","follow":"follow","max-snippet":"max-snippet:-1","max-image-preview":"max-image-preview:large","max-video-preview":"max-video-preview:-1"},"canonical":"https:\/\/www.excalibur-generator.com\/de\/220v-wechselstrom-benzin-wechselrichter-generator-.html","schema":{"@context":"https:\/\/schema.org","@graph":[{"@type":"WebPage","@id":"https:\/\/www.excalibur-generator.com\/de\/220v-wechselstrom-benzin-wechselrichter-generator-.html","url":"https:\/\/www.excalibur-generator.com\/de\/220v-wechselstrom-benzin-wechselrichter-generator-.html","name":"220-V-Wechselstrom-Benzin-Wechselrichter-Generator &#8211; Excalibur Generator","isPartOf":{"@id":"https:\/\/www.excalibur-generator.com\/de\/#website"},"primaryImageOfPage":{"@id":"https:\/\/www.excalibur-generator.com\/de\/220v-wechselstrom-benzin-wechselrichter-generator-.html#primaryimage"},"image":{"@id":"https:\/\/www.excalibur-generator.com\/de\/220v-wechselstrom-benzin-wechselrichter-generator-.html#primaryimage"},"thumbnailUrl":"https:\/\/www.excalibur-generator.com\/wp-content\/uploads\/2024\/05\/open-Inverter-Gasoline-Generator.webp","datePublished":"2024-05-27T01:37:00+00:00","description":"Der offene Benzin-Wechselrichtergenerator mit 220 V Wechselstrom bietet eine tragbare Stromversorgungsl\u00f6sung. Dank seiner effizienten Wechselrichtertechnologie gew\u00e4hrleistet er eine stabile 220-V-Ausgangsleistung und eignet sich somit ideal f\u00fcr verschiedene elektronische Ger\u00e4te und Haushaltsger\u00e4te.","breadcrumb":{"@id":"https:\/\/www.excalibur-generator.com\/de\/220v-wechselstrom-benzin-wechselrichter-generator-.html#breadcrumb"},"inLanguage":"de","potentialAction":[{"@type":"ReadAction","target":["https:\/\/www.excalibur-generator.com\/de\/220v-wechselstrom-benzin-wechselrichter-generator-.html"]}]},{"@type":"ImageObject","inLanguage":"de","@id":"https:\/\/www.excalibur-generator.com\/de\/220v-wechselstrom-benzin-wechselrichter-generator-.html#primaryimage","url":"https:\/\/www.excalibur-generator.com\/wp-content\/uploads\/2024\/05\/open-Inverter-Gasoline-Generator.webp","contentUrl":"https:\/\/www.excalibur-generator.com\/wp-content\/uploads\/2024\/05\/open-Inverter-Gasoline-Generator.webp","width":800,"height":800,"caption":"open-Inverter-Gasoline-Generator"},{"@type":"BreadcrumbList","@id":"https:\/\/www.excalibur-generator.com\/de\/220v-wechselstrom-benzin-wechselrichter-generator-.html#breadcrumb","itemListElement":[{"@type":"ListItem","position":1,"name":"Home","item":"https:\/\/www.excalibur-generator.com\/de\/"},{"@type":"ListItem","position":2,"name":"Produkte","item":"https:\/\/www.excalibur-generator.com\/de\/produkte.html"},{"@type":"ListItem","position":3,"name":"220-V-Wechselstrom-Benzin-Wechselrichter-Generator"}]},{"@type":"WebSite","@id":"https:\/\/www.excalibur-generator.com\/de\/#website","url":"https:\/\/www.excalibur-generator.com\/de\/","name":"Excalibur Generator","description":"","publisher":{"@id":"https:\/\/www.excalibur-generator.com\/de\/#organization"},"potentialAction":[{"@type":"SearchAction","target":{"@type":"EntryPoint","urlTemplate":"https:\/\/www.excalibur-generator.com\/de\/?s={search_term_string}"},"query-input":{"@type":"PropertyValueSpecification","valueRequired":true,"valueName":"search_term_string"}}],"inLanguage":"de"},{"@type":"Organization","@id":"https:\/\/www.excalibur-generator.com\/de\/#organization","name":"Excalibur Generator","url":"https:\/\/www.excalibur-generator.com\/de\/","logo":{"@type":"ImageObject","inLanguage":"de","@id":"https:\/\/www.excalibur-generator.com\/de\/#\/schema\/logo\/image\/","url":"https:\/\/www.excalibur-generator.com\/wp-content\/uploads\/2024\/05\/EXCALIBUR.png","contentUrl":"https:\/\/www.excalibur-generator.com\/wp-content\/uploads\/2024\/05\/EXCALIBUR.png","width":350,"height":79,"caption":"Excalibur Generator"},"image":{"@id":"https:\/\/www.excalibur-generator.com\/de\/#\/schema\/logo\/image\/"}}]}},"_links":{"self":[{"href":"https:\/\/www.excalibur-generator.com\/de\/wp-json\/wp\/v2\/product\/9671","targetHints":{"allow":["GET"]}}],"collection":[{"href":"https:\/\/www.excalibur-generator.com\/de\/wp-json\/wp\/v2\/product"}],"about":[{"href":"https:\/\/www.excalibur-generator.com\/de\/wp-json\/wp\/v2\/types\/product"}],"replies":[{"embeddable":true,"href":"https:\/\/www.excalibur-generator.com\/de\/wp-json\/wp\/v2\/comments?post=9671"}],"wp:featuredmedia":[{"embeddable":true,"href":"https:\/\/www.excalibur-generator.com\/de\/wp-json\/wp\/v2\/media\/9672"}],"wp:attachment":[{"href":"https:\/\/www.excalibur-generator.com\/de\/wp-json\/wp\/v2\/media?parent=9671"}],"wp:term":[{"taxonomy":"product_brand","embeddable":true,"href":"https:\/\/www.excalibur-generator.com\/de\/wp-json\/wp\/v2\/product_brand?post=9671"},{"taxonomy":"product_cat","embeddable":true,"href":"https:\/\/www.excalibur-generator.com\/de\/wp-json\/wp\/v2\/product_cat?post=9671"},{"taxonomy":"product_tag","embeddable":true,"href":"https:\/\/www.excalibur-generator.com\/de\/wp-json\/wp\/v2\/product_tag?post=9671"}],"curies":[{"name":"wp","href":"https:\/\/api.w.org\/{rel}","templated":true}]}}