{"id":9673,"date":"2024-05-27T09:34:44","date_gmt":"2024-05-27T01:34:44","guid":{"rendered":"https:\/\/www.excalibur-generator.com\/2-kw-5-kw-6-kw-diesel-schweissgeraet-und-generator-in-offener-bauweise\/"},"modified":"2024-05-27T09:34:44","modified_gmt":"2024-05-27T01:34:44","slug":"2-kw-5-kw-6-kw-diesel-schweissgeraet-und-generator-in-offener-bauweise","status":"publish","type":"product","link":"https:\/\/www.excalibur-generator.com\/de\/2kw-5kw-6kw-diesel-schweisgerat-und-generator-in-offener-bauweise.html","title":{"rendered":"2 kW\/5 kW\/6 kW Diesel-Schwei\u00dfger\u00e4t und Generator in offener Bauweise"},"content":{"rendered":"<h2><strong>Produkteigenschaft<\/strong><\/h2>\n<p>\u25cf NUR EINPHASIG<\/p>\n<p>\u25cf Maximale Gleichstromschwei\u00dfleistung von 180 A<\/p>\n<p>\u25cf 2000 Watt maximale Startleistung, 1800 Watt Betriebsleistung<\/p>\n<p>\u25cf Verf\u00fcgt \u00fcber einen leistungsstarken, zuverl\u00e4ssigen Excalibur 41 8cc Dieselmotor<\/p>\n<p>\u25cf 13,8 Stunden Laufzeit bei 50 % Last<\/p>\n<p>\u25cf Elektrostart mit manueller Sicherung, 1 2-V-Batterie im Lieferumfang enthalten<\/p>\n<p>\u25cf Digitalanzeige f\u00fcr schnelle und einfache Schwei\u00dfeinstellungen (optional)<\/p>\n<p>\u25cf Inklusive 8-Zoll-Radsatz f\u00fcr einfachen Transport auf der Baustelle <\/p>\n<h2><strong>Produktparameter<\/strong><\/h2>\n<table align=\"center\">\n<colgroup>\n<col>\n<col>\n<col>\n<col><\/colgroup>\n<tbody>\n<tr class=\"firstRow\">\n<td>Modell<\/td>\n<td>S6500D(E)W<\/td>\n<td>S7500D(E)W<\/td>\n<td>S8500D(E)W<\/td>\n<\/tr>\n<tr>\n<td>Frequenz (HZ)<\/td>\n<td colspan=\"3\">50 \/60<\/td>\n<\/tr>\n<tr>\n<td>Nennspannung (V)<\/td>\n<td colspan=\"3\">110,120,220,230,240<\/td>\n<\/tr>\n<tr>\n<td>Nennleistung KW<\/td>\n<td>4.6\/5.0 1.8\/2.0<\/td>\n<td>2.0\/2.2 5.0\/5.5<\/td>\n<td>2.8\/3.0 6.0\/6.5<\/td>\n<\/tr>\n<tr>\n<td>Gleichstromausgang<\/td>\n<td colspan=\"3\">12V-8.3A<\/td>\n<\/tr>\n<tr>\n<td>Leistungsfaktor<\/td>\n<td colspan=\"3\">1.0<\/td>\n<\/tr>\n<tr>\n<td>Schwei\u00dfspannung (DC) (V)<\/td>\n<td colspan=\"3\">25-30<\/td>\n<\/tr>\n<tr>\n<td>Nennschwei\u00dfstrom DC<\/td>\n<td>50A-180A<\/td>\n<td>50A-190A<\/td>\n<td>50A-230A<\/td>\n<\/tr>\n<tr>\n<td>Elektrode (mm)<\/td>\n<td colspan=\"3\">1.6-4.0<\/td>\n<\/tr>\n<tr>\n<td>Ger\u00e4uschpegel (7 m) dB (A)<\/td>\n<td colspan=\"3\">69-72<\/td>\n<\/tr>\n<tr>\n<td>Motormodell<\/td>\n<td>S186FA(E)<\/td>\n<td>S188FB(E)<\/td>\n<td>S192F(E)<\/td>\n<\/tr>\n<tr>\n<td>Kraftstofftankinhalt (L)<\/td>\n<td colspan=\"3\">20<\/td>\n<\/tr>\n<tr>\n<td>Kontinuierliche Laufzeit (Std.)<\/td>\n<td>5.8<\/td>\n<td>5.3<\/td>\n<td>4<\/td>\n<\/tr>\n<tr>\n<td>Startsystem<\/td>\n<td colspan=\"3\">Manueller\/elektrischer Start<\/td>\n<\/tr>\n<tr>\n<td>Verpackungsgr\u00f6\u00dfe (L*B*H) mm<\/td>\n<td colspan=\"3\">950*545*710<\/td>\n<\/tr>\n<tr>\n<td>Nettogewicht (KG)<\/td>\n<td>115<\/td>\n<td>120<\/td>\n<td>126<\/td>\n<\/tr>\n<\/tbody>\n<\/table>\n","protected":false},"excerpt":{"rendered":"<p><strong>Modell:<\/strong><\/p>\n<div>S6500D(E)W<\/div>\n<div>S7500D(E)W<\/div>\n<div>S8500D(E)W<\/div>\n<div><\/div>\n<div><strong>Nennleistung:<\/strong><\/div>\n<div>1.8KW-6.5KW<\/div>\n<div><\/div>\n<div><strong>Nennstrom:<\/strong><\/div>\n<div>50A-180A<\/div>\n<div><\/div>\n<div><strong>Gleichstromausgang:<\/strong><\/div>\n<div>12 V \u2013 8,3 A<\/div>\n<div><\/div>\n<div><strong>Ger\u00e4uschpegel (7 m) dB(A):<\/strong><\/div>\n<div>69-72<\/div>\n<div><\/div>\n<p>&nbsp;<\/p>\n","protected":false},"featured_media":9674,"comment_status":"open","ping_status":"closed","template":"","meta":{"site-sidebar-layout":"default","site-content-layout":"","ast-site-content-layout":"default","site-content-style":"default","site-sidebar-style":"default","ast-global-header-display":"","ast-banner-title-visibility":"","ast-main-header-display":"","ast-hfb-above-header-display":"","ast-hfb-below-header-display":"","ast-hfb-mobile-header-display":"","site-post-title":"","ast-breadcrumbs-content":"","ast-featured-img":"","footer-sml-layout":"","theme-transparent-header-meta":"default","adv-header-id-meta":"","stick-header-meta":"","header-above-stick-meta":"","header-main-stick-meta":"","header-below-stick-meta":"","astra-migrate-meta-layouts":"default","ast-page-background-enabled":"default","ast-page-background-meta":{"desktop":{"background-color":"var(--ast-global-color-4)","background-image":"","background-repeat":"repeat","background-position":"center center","background-size":"auto","background-attachment":"scroll","background-type":"","background-media":"","overlay-type":"","overlay-color":"","overlay-opacity":"","overlay-gradient":""},"tablet":{"background-color":"","background-image":"","background-repeat":"repeat","background-position":"center center","background-size":"auto","background-attachment":"scroll","background-type":"","background-media":"","overlay-type":"","overlay-color":"","overlay-opacity":"","overlay-gradient":""},"mobile":{"background-color":"","background-image":"","background-repeat":"repeat","background-position":"center center","background-size":"auto","background-attachment":"scroll","background-type":"","background-media":"","overlay-type":"","overlay-color":"","overlay-opacity":"","overlay-gradient":""}},"ast-content-background-meta":{"desktop":{"background-color":"var(--ast-global-color-5)","background-image":"","background-repeat":"repeat","background-position":"center center","background-size":"auto","background-attachment":"scroll","background-type":"","background-media":"","overlay-type":"","overlay-color":"","overlay-opacity":"","overlay-gradient":""},"tablet":{"background-color":"var(--ast-global-color-5)","background-image":"","background-repeat":"repeat","background-position":"center center","background-size":"auto","background-attachment":"scroll","background-type":"","background-media":"","overlay-type":"","overlay-color":"","overlay-opacity":"","overlay-gradient":""},"mobile":{"background-color":"var(--ast-global-color-5)","background-image":"","background-repeat":"repeat","background-position":"center center","background-size":"auto","background-attachment":"scroll","background-type":"","background-media":"","overlay-type":"","overlay-color":"","overlay-opacity":"","overlay-gradient":""}}},"product_brand":[],"product_cat":[95],"product_tag":[99],"class_list":{"0":"post-9673","1":"product","2":"type-product","3":"status-publish","4":"has-post-thumbnail","6":"product_cat-unkategorisiert","7":"product_tag-generator-offen","8":"desktop-align-left","9":"tablet-align-left","10":"mobile-align-left","12":"first","13":"instock","14":"shipping-taxable","15":"product-type-simple"},"yoast_head":"<!-- This site is optimized with the Yoast SEO plugin v26.5 - https:\/\/yoast.com\/wordpress\/plugins\/seo\/ -->\n<title>2 kW\/5 kW\/6 kW Diesel-Schwei\u00dfger\u00e4t und Generator in offener Bauweise &#8211; Excalibur Generator<\/title>\n<meta name=\"description\" content=\"Das offene 2-kW-\/5-kW-\/6-kW-Dieselschwei\u00dfger\u00e4t und der Generator kombinieren nahtlos Schwei\u00dfen und Stromerzeugung. Robust und vielseitig, bietet es effiziente Leistung f\u00fcr verschiedene Anwendungen und gew\u00e4hrleistet einen zuverl\u00e4ssigen Betrieb.\" \/>\n<meta name=\"robots\" content=\"index, follow, max-snippet:-1, max-image-preview:large, max-video-preview:-1\" \/>\n<link rel=\"canonical\" href=\"https:\/\/www.excalibur-generator.com\/de\/2kw-5kw-6kw-diesel-schweisgerat-und-generator-in-offener-bauweise.html\" \/>\n<meta name=\"twitter:label1\" content=\"Gesch\u00e4tzte Lesezeit\" \/>\n\t<meta name=\"twitter:data1\" content=\"1\u00a0Minute\" \/>\n<script type=\"application\/ld+json\" class=\"yoast-schema-graph\">{\"@context\":\"https:\/\/schema.org\",\"@graph\":[{\"@type\":\"WebPage\",\"@id\":\"https:\/\/www.excalibur-generator.com\/de\/2kw-5kw-6kw-diesel-schweisgerat-und-generator-in-offener-bauweise.html\",\"url\":\"https:\/\/www.excalibur-generator.com\/de\/2kw-5kw-6kw-diesel-schweisgerat-und-generator-in-offener-bauweise.html\",\"name\":\"2 kW\/5 kW\/6 kW Diesel-Schwei\u00dfger\u00e4t und Generator in offener Bauweise &#8211; Excalibur Generator\",\"isPartOf\":{\"@id\":\"https:\/\/www.excalibur-generator.com\/de\/#website\"},\"primaryImageOfPage\":{\"@id\":\"https:\/\/www.excalibur-generator.com\/de\/2kw-5kw-6kw-diesel-schweisgerat-und-generator-in-offener-bauweise.html#primaryimage\"},\"image\":{\"@id\":\"https:\/\/www.excalibur-generator.com\/de\/2kw-5kw-6kw-diesel-schweisgerat-und-generator-in-offener-bauweise.html#primaryimage\"},\"thumbnailUrl\":\"https:\/\/www.excalibur-generator.com\/wp-content\/uploads\/2024\/05\/Diesel-welder-generator.webp\",\"datePublished\":\"2024-05-27T01:34:44+00:00\",\"description\":\"Das offene 2-kW-\/5-kW-\/6-kW-Dieselschwei\u00dfger\u00e4t und der Generator kombinieren nahtlos Schwei\u00dfen und Stromerzeugung. Robust und vielseitig, bietet es effiziente Leistung f\u00fcr verschiedene Anwendungen und gew\u00e4hrleistet einen zuverl\u00e4ssigen Betrieb.\",\"breadcrumb\":{\"@id\":\"https:\/\/www.excalibur-generator.com\/de\/2kw-5kw-6kw-diesel-schweisgerat-und-generator-in-offener-bauweise.html#breadcrumb\"},\"inLanguage\":\"de\",\"potentialAction\":[{\"@type\":\"ReadAction\",\"target\":[\"https:\/\/www.excalibur-generator.com\/de\/2kw-5kw-6kw-diesel-schweisgerat-und-generator-in-offener-bauweise.html\"]}]},{\"@type\":\"ImageObject\",\"inLanguage\":\"de\",\"@id\":\"https:\/\/www.excalibur-generator.com\/de\/2kw-5kw-6kw-diesel-schweisgerat-und-generator-in-offener-bauweise.html#primaryimage\",\"url\":\"https:\/\/www.excalibur-generator.com\/wp-content\/uploads\/2024\/05\/Diesel-welder-generator.webp\",\"contentUrl\":\"https:\/\/www.excalibur-generator.com\/wp-content\/uploads\/2024\/05\/Diesel-welder-generator.webp\",\"width\":800,\"height\":800,\"caption\":\"Diesel-welder-generator\"},{\"@type\":\"BreadcrumbList\",\"@id\":\"https:\/\/www.excalibur-generator.com\/de\/2kw-5kw-6kw-diesel-schweisgerat-und-generator-in-offener-bauweise.html#breadcrumb\",\"itemListElement\":[{\"@type\":\"ListItem\",\"position\":1,\"name\":\"Home\",\"item\":\"https:\/\/www.excalibur-generator.com\/de\/\"},{\"@type\":\"ListItem\",\"position\":2,\"name\":\"Produkte\",\"item\":\"https:\/\/www.excalibur-generator.com\/de\/produkte.html\"},{\"@type\":\"ListItem\",\"position\":3,\"name\":\"2 kW\/5 kW\/6 kW Diesel-Schwei\u00dfger\u00e4t und Generator in offener Bauweise\"}]},{\"@type\":\"WebSite\",\"@id\":\"https:\/\/www.excalibur-generator.com\/de\/#website\",\"url\":\"https:\/\/www.excalibur-generator.com\/de\/\",\"name\":\"Excalibur Generator\",\"description\":\"\",\"publisher\":{\"@id\":\"https:\/\/www.excalibur-generator.com\/de\/#organization\"},\"potentialAction\":[{\"@type\":\"SearchAction\",\"target\":{\"@type\":\"EntryPoint\",\"urlTemplate\":\"https:\/\/www.excalibur-generator.com\/de\/?s={search_term_string}\"},\"query-input\":{\"@type\":\"PropertyValueSpecification\",\"valueRequired\":true,\"valueName\":\"search_term_string\"}}],\"inLanguage\":\"de\"},{\"@type\":\"Organization\",\"@id\":\"https:\/\/www.excalibur-generator.com\/de\/#organization\",\"name\":\"Excalibur Generator\",\"url\":\"https:\/\/www.excalibur-generator.com\/de\/\",\"logo\":{\"@type\":\"ImageObject\",\"inLanguage\":\"de\",\"@id\":\"https:\/\/www.excalibur-generator.com\/de\/#\/schema\/logo\/image\/\",\"url\":\"https:\/\/www.excalibur-generator.com\/wp-content\/uploads\/2024\/05\/EXCALIBUR.png\",\"contentUrl\":\"https:\/\/www.excalibur-generator.com\/wp-content\/uploads\/2024\/05\/EXCALIBUR.png\",\"width\":350,\"height\":79,\"caption\":\"Excalibur Generator\"},\"image\":{\"@id\":\"https:\/\/www.excalibur-generator.com\/de\/#\/schema\/logo\/image\/\"}}]}<\/script>\n<!-- \/ Yoast SEO plugin. -->","yoast_head_json":{"title":"2 kW\/5 kW\/6 kW Diesel-Schwei\u00dfger\u00e4t und Generator in offener Bauweise &#8211; Excalibur Generator","description":"Das offene 2-kW-\/5-kW-\/6-kW-Dieselschwei\u00dfger\u00e4t und der Generator kombinieren nahtlos Schwei\u00dfen und Stromerzeugung. Robust und vielseitig, bietet es effiziente Leistung f\u00fcr verschiedene Anwendungen und gew\u00e4hrleistet einen zuverl\u00e4ssigen Betrieb.","robots":{"index":"index","follow":"follow","max-snippet":"max-snippet:-1","max-image-preview":"max-image-preview:large","max-video-preview":"max-video-preview:-1"},"canonical":"https:\/\/www.excalibur-generator.com\/de\/2kw-5kw-6kw-diesel-schweisgerat-und-generator-in-offener-bauweise.html","twitter_misc":{"Gesch\u00e4tzte Lesezeit":"1\u00a0Minute"},"schema":{"@context":"https:\/\/schema.org","@graph":[{"@type":"WebPage","@id":"https:\/\/www.excalibur-generator.com\/de\/2kw-5kw-6kw-diesel-schweisgerat-und-generator-in-offener-bauweise.html","url":"https:\/\/www.excalibur-generator.com\/de\/2kw-5kw-6kw-diesel-schweisgerat-und-generator-in-offener-bauweise.html","name":"2 kW\/5 kW\/6 kW Diesel-Schwei\u00dfger\u00e4t und Generator in offener Bauweise &#8211; Excalibur Generator","isPartOf":{"@id":"https:\/\/www.excalibur-generator.com\/de\/#website"},"primaryImageOfPage":{"@id":"https:\/\/www.excalibur-generator.com\/de\/2kw-5kw-6kw-diesel-schweisgerat-und-generator-in-offener-bauweise.html#primaryimage"},"image":{"@id":"https:\/\/www.excalibur-generator.com\/de\/2kw-5kw-6kw-diesel-schweisgerat-und-generator-in-offener-bauweise.html#primaryimage"},"thumbnailUrl":"https:\/\/www.excalibur-generator.com\/wp-content\/uploads\/2024\/05\/Diesel-welder-generator.webp","datePublished":"2024-05-27T01:34:44+00:00","description":"Das offene 2-kW-\/5-kW-\/6-kW-Dieselschwei\u00dfger\u00e4t und der Generator kombinieren nahtlos Schwei\u00dfen und Stromerzeugung. Robust und vielseitig, bietet es effiziente Leistung f\u00fcr verschiedene Anwendungen und gew\u00e4hrleistet einen zuverl\u00e4ssigen Betrieb.","breadcrumb":{"@id":"https:\/\/www.excalibur-generator.com\/de\/2kw-5kw-6kw-diesel-schweisgerat-und-generator-in-offener-bauweise.html#breadcrumb"},"inLanguage":"de","potentialAction":[{"@type":"ReadAction","target":["https:\/\/www.excalibur-generator.com\/de\/2kw-5kw-6kw-diesel-schweisgerat-und-generator-in-offener-bauweise.html"]}]},{"@type":"ImageObject","inLanguage":"de","@id":"https:\/\/www.excalibur-generator.com\/de\/2kw-5kw-6kw-diesel-schweisgerat-und-generator-in-offener-bauweise.html#primaryimage","url":"https:\/\/www.excalibur-generator.com\/wp-content\/uploads\/2024\/05\/Diesel-welder-generator.webp","contentUrl":"https:\/\/www.excalibur-generator.com\/wp-content\/uploads\/2024\/05\/Diesel-welder-generator.webp","width":800,"height":800,"caption":"Diesel-welder-generator"},{"@type":"BreadcrumbList","@id":"https:\/\/www.excalibur-generator.com\/de\/2kw-5kw-6kw-diesel-schweisgerat-und-generator-in-offener-bauweise.html#breadcrumb","itemListElement":[{"@type":"ListItem","position":1,"name":"Home","item":"https:\/\/www.excalibur-generator.com\/de\/"},{"@type":"ListItem","position":2,"name":"Produkte","item":"https:\/\/www.excalibur-generator.com\/de\/produkte.html"},{"@type":"ListItem","position":3,"name":"2 kW\/5 kW\/6 kW Diesel-Schwei\u00dfger\u00e4t und Generator in offener Bauweise"}]},{"@type":"WebSite","@id":"https:\/\/www.excalibur-generator.com\/de\/#website","url":"https:\/\/www.excalibur-generator.com\/de\/","name":"Excalibur Generator","description":"","publisher":{"@id":"https:\/\/www.excalibur-generator.com\/de\/#organization"},"potentialAction":[{"@type":"SearchAction","target":{"@type":"EntryPoint","urlTemplate":"https:\/\/www.excalibur-generator.com\/de\/?s={search_term_string}"},"query-input":{"@type":"PropertyValueSpecification","valueRequired":true,"valueName":"search_term_string"}}],"inLanguage":"de"},{"@type":"Organization","@id":"https:\/\/www.excalibur-generator.com\/de\/#organization","name":"Excalibur Generator","url":"https:\/\/www.excalibur-generator.com\/de\/","logo":{"@type":"ImageObject","inLanguage":"de","@id":"https:\/\/www.excalibur-generator.com\/de\/#\/schema\/logo\/image\/","url":"https:\/\/www.excalibur-generator.com\/wp-content\/uploads\/2024\/05\/EXCALIBUR.png","contentUrl":"https:\/\/www.excalibur-generator.com\/wp-content\/uploads\/2024\/05\/EXCALIBUR.png","width":350,"height":79,"caption":"Excalibur Generator"},"image":{"@id":"https:\/\/www.excalibur-generator.com\/de\/#\/schema\/logo\/image\/"}}]}},"_links":{"self":[{"href":"https:\/\/www.excalibur-generator.com\/de\/wp-json\/wp\/v2\/product\/9673","targetHints":{"allow":["GET"]}}],"collection":[{"href":"https:\/\/www.excalibur-generator.com\/de\/wp-json\/wp\/v2\/product"}],"about":[{"href":"https:\/\/www.excalibur-generator.com\/de\/wp-json\/wp\/v2\/types\/product"}],"replies":[{"embeddable":true,"href":"https:\/\/www.excalibur-generator.com\/de\/wp-json\/wp\/v2\/comments?post=9673"}],"wp:featuredmedia":[{"embeddable":true,"href":"https:\/\/www.excalibur-generator.com\/de\/wp-json\/wp\/v2\/media\/9674"}],"wp:attachment":[{"href":"https:\/\/www.excalibur-generator.com\/de\/wp-json\/wp\/v2\/media?parent=9673"}],"wp:term":[{"taxonomy":"product_brand","embeddable":true,"href":"https:\/\/www.excalibur-generator.com\/de\/wp-json\/wp\/v2\/product_brand?post=9673"},{"taxonomy":"product_cat","embeddable":true,"href":"https:\/\/www.excalibur-generator.com\/de\/wp-json\/wp\/v2\/product_cat?post=9673"},{"taxonomy":"product_tag","embeddable":true,"href":"https:\/\/www.excalibur-generator.com\/de\/wp-json\/wp\/v2\/product_tag?post=9673"}],"curies":[{"name":"wp","href":"https:\/\/api.w.org\/{rel}","templated":true}]}}