{"id":9679,"date":"2024-05-27T09:14:56","date_gmt":"2024-05-27T01:14:56","guid":{"rendered":"https:\/\/www.excalibur-generator.com\/3-kw-leiser-benzin-koffer-wechselrichtergenerator\/"},"modified":"2024-05-27T09:14:56","modified_gmt":"2024-05-27T01:14:56","slug":"3-kw-leiser-benzin-koffer-wechselrichtergenerator","status":"publish","type":"product","link":"https:\/\/www.excalibur-generator.com\/de\/3kw-leiser-benzin-koffer-wechselrichtergenerator.html","title":{"rendered":"3 kW leiser Benzin-Koffer-Wechselrichtergenerator"},"content":{"rendered":"<p>\u25cfKleine Gr\u00f6\u00dfe, geringes Gewicht, Sinuswelle.<\/p>\n<p>\u25cfDas intelligente Wechselrichter-Steuerungssystem kann die Motordrehzahl automatisch an die Lastsituation anpassen, um den Kraftstoffverbrauch zu senken.<\/p>\n<p>\u25cfKann frei zwischen 50 Hz und 60 Hz umgeschaltet werden und erm\u00f6glicht den parallelen Betrieb von 2 Maschinen, was die Verwendung erleichtert.<\/p>\n<table align=\"center\">\n<colgroup>\n<col>\n<col><\/colgroup>\n<tbody>\n<tr class=\"firstRow\">\n<td>Generatormodell<\/td>\n<td>S3100iS<\/td>\n<\/tr>\n<tr>\n<td>Generator Typ<\/td>\n<td>INVERTER-GENERATOR<\/td>\n<\/tr>\n<tr>\n<td>AC-Frequenz (Hz)<\/td>\n<td>50<\/td>\n<\/tr>\n<tr>\n<td>DC-Ausgang (V\/A)<\/td>\n<td>12\/8.3<\/td>\n<\/tr>\n<tr>\n<td>AC-Ausgangsspannung (V)<\/td>\n<td>230<\/td>\n<\/tr>\n<tr>\n<td>Strom A<\/td>\n<td>13.0<\/td>\n<\/tr>\n<tr>\n<td>Kontinuierliche AC-Leistung (kW)<\/td>\n<td>3.0<\/td>\n<\/tr>\n<tr>\n<td>Ma AC-Ausgang (Kw)<\/td>\n<td>3.3<\/td>\n<\/tr>\n<tr>\n<td>Phasennummer<\/td>\n<td>Single phase<\/td>\n<\/tr>\n<tr>\n<td>Motormodell<\/td>\n<td>S185i<\/td>\n<\/tr>\n<tr>\n<td>Ger\u00e4uschpegel (7 m bei 25 %) (dB)<\/td>\n<td>70<\/td>\n<\/tr>\n<tr>\n<td>Motortyp<\/td>\n<td>Einzylinder, Zwangsluftk\u00fchlung, 4-Takt<\/td>\n<\/tr>\n<tr>\n<td>Startsystem<\/td>\n<td>R\u00fcckrufstart<\/td>\n<\/tr>\n<tr>\n<td>Bohrung*Hub (mm)<\/td>\n<td>70&#215;48<\/td>\n<\/tr>\n<tr>\n<td>Kraftstofftankinhalt (L)<\/td>\n<td>_5.0<\/td>\n<\/tr>\n<tr>\n<td>\u00d6lkapazit\u00e4t (L)<\/td>\n<td>0.5<\/td>\n<\/tr>\n<tr>\n<td>Steckdosen<\/td>\n<td>Europ\u00e4ische Steckdose<\/td>\n<\/tr>\n<tr>\n<td>Produktabmessung<\/td>\n<td>588*415*531<\/td>\n<\/tr>\n<tr>\n<td>Verpackungsabmessungen (mm)<\/td>\n<td>608*435*555<\/td>\n<\/tr>\n<tr>\n<td>Nettogewicht (kg)<\/td>\n<td>29<\/td>\n<\/tr>\n<tr>\n<td>Hubraum (ml)<\/td>\n<td>185<\/td>\n<\/tr>\n<tr>\n<td>Kraftstoffverbrauch (g\/w.h)<\/td>\n<td>660<\/td>\n<\/tr>\n<tr>\n<td>Kontinuierliche Laufzeit (h)<\/td>\n<td>7,5 (50 % Last)<\/td>\n<\/tr>\n<tr>\n<td>Zertifizierung<\/td>\n<td>EPA\/CARB\/CE\/EU5<\/td>\n<\/tr>\n<tr>\n<td>\u00d6lschutz<\/td>\n<td>\u25cf<\/td>\n<\/tr>\n<tr>\n<td>Anzeigemessger\u00e4t<\/td>\n<td>\u25cb<\/td>\n<\/tr>\n<tr>\n<td>USB-Ausgang<\/td>\n<td>\u25cf<\/td>\n<\/tr>\n<tr>\n<td>DC12V Ausgang<\/td>\n<td>\u25cf<\/td>\n<\/tr>\n<tr>\n<td>Leichtere Leistung<\/td>\n<td>\u25cb<\/td>\n<\/tr>\n<tr>\n<td>Startmodus<\/td>\n<td>\u25cb<\/td>\n<\/tr>\n<tr>\n<td>Fernstart<\/td>\n<td>\u25cb<\/td>\n<\/tr>\n<tr>\n<td>Parallel Mode<\/td>\n<td>\u25cf<\/td>\n<\/tr>\n<tr>\n<td>THD (%)<\/td>\n<td>\u22643<\/td>\n<\/tr>\n<\/tbody>\n<\/table>\n","protected":false},"excerpt":{"rendered":"<p><strong>Modell:<\/strong><\/p>\n<div>S3100iS<\/div>\n<div><\/div>\n<div><strong>Wechselstromausgang:<\/strong><\/div>\n<div>3KW<\/div>\n<div><\/div>\n<div><strong>Gleichstromausgang:<\/strong><\/div>\n<div>12V\/8.3A<\/div>\n<div><\/div>\n<div><strong>Ger\u00e4uschpegel (7 m) dB(A):<\/strong><\/div>\n<div>70<\/div>\n","protected":false},"featured_media":10955,"comment_status":"open","ping_status":"closed","template":"","meta":{"site-sidebar-layout":"default","site-content-layout":"","ast-site-content-layout":"default","site-content-style":"default","site-sidebar-style":"default","ast-global-header-display":"","ast-banner-title-visibility":"","ast-main-header-display":"","ast-hfb-above-header-display":"","ast-hfb-below-header-display":"","ast-hfb-mobile-header-display":"","site-post-title":"","ast-breadcrumbs-content":"","ast-featured-img":"","footer-sml-layout":"","theme-transparent-header-meta":"default","adv-header-id-meta":"","stick-header-meta":"","header-above-stick-meta":"","header-main-stick-meta":"","header-below-stick-meta":"","astra-migrate-meta-layouts":"default","ast-page-background-enabled":"default","ast-page-background-meta":{"desktop":{"background-color":"var(--ast-global-color-4)","background-image":"","background-repeat":"repeat","background-position":"center center","background-size":"auto","background-attachment":"scroll","background-type":"","background-media":"","overlay-type":"","overlay-color":"","overlay-opacity":"","overlay-gradient":""},"tablet":{"background-color":"","background-image":"","background-repeat":"repeat","background-position":"center center","background-size":"auto","background-attachment":"scroll","background-type":"","background-media":"","overlay-type":"","overlay-color":"","overlay-opacity":"","overlay-gradient":""},"mobile":{"background-color":"","background-image":"","background-repeat":"repeat","background-position":"center center","background-size":"auto","background-attachment":"scroll","background-type":"","background-media":"","overlay-type":"","overlay-color":"","overlay-opacity":"","overlay-gradient":""}},"ast-content-background-meta":{"desktop":{"background-color":"var(--ast-global-color-5)","background-image":"","background-repeat":"repeat","background-position":"center center","background-size":"auto","background-attachment":"scroll","background-type":"","background-media":"","overlay-type":"","overlay-color":"","overlay-opacity":"","overlay-gradient":""},"tablet":{"background-color":"var(--ast-global-color-5)","background-image":"","background-repeat":"repeat","background-position":"center center","background-size":"auto","background-attachment":"scroll","background-type":"","background-media":"","overlay-type":"","overlay-color":"","overlay-opacity":"","overlay-gradient":""},"mobile":{"background-color":"var(--ast-global-color-5)","background-image":"","background-repeat":"repeat","background-position":"center center","background-size":"auto","background-attachment":"scroll","background-type":"","background-media":"","overlay-type":"","overlay-color":"","overlay-opacity":"","overlay-gradient":""}}},"product_brand":[],"product_cat":[95],"product_tag":[98],"class_list":{"0":"post-9679","1":"product","2":"type-product","3":"status-publish","4":"has-post-thumbnail","6":"product_cat-unkategorisiert","7":"product_tag-generator-silent","8":"desktop-align-left","9":"tablet-align-left","10":"mobile-align-left","12":"first","13":"instock","14":"shipping-taxable","15":"product-type-simple"},"yoast_head":"<!-- This site is optimized with the Yoast SEO plugin v26.5 - https:\/\/yoast.com\/wordpress\/plugins\/seo\/ -->\n<title>3 kW leiser Benzin-Koffer-Wechselrichtergenerator &#8211; Excalibur Generator<\/title>\n<meta name=\"description\" content=\"Der leise Benzin-Wechselrichtergenerator im Kofferformat mit 3 kW bietet leisen und tragbaren Strom. Dank fortschrittlicher Technologie gew\u00e4hrleistet er einen reibungslosen und zuverl\u00e4ssigen Betrieb und ist somit ideal f\u00fcr Camping, Outdoor-Events und Notf\u00e4lle.\" \/>\n<meta name=\"robots\" content=\"index, follow, max-snippet:-1, max-image-preview:large, max-video-preview:-1\" \/>\n<link rel=\"canonical\" href=\"https:\/\/www.excalibur-generator.com\/de\/3kw-leiser-benzin-koffer-wechselrichtergenerator.html\" \/>\n<meta name=\"twitter:label1\" content=\"Gesch\u00e4tzte Lesezeit\" \/>\n\t<meta name=\"twitter:data1\" content=\"1\u00a0Minute\" \/>\n<script type=\"application\/ld+json\" class=\"yoast-schema-graph\">{\"@context\":\"https:\/\/schema.org\",\"@graph\":[{\"@type\":\"WebPage\",\"@id\":\"https:\/\/www.excalibur-generator.com\/de\/3kw-leiser-benzin-koffer-wechselrichtergenerator.html\",\"url\":\"https:\/\/www.excalibur-generator.com\/de\/3kw-leiser-benzin-koffer-wechselrichtergenerator.html\",\"name\":\"3 kW leiser Benzin-Koffer-Wechselrichtergenerator &#8211; Excalibur Generator\",\"isPartOf\":{\"@id\":\"https:\/\/www.excalibur-generator.com\/de\/#website\"},\"primaryImageOfPage\":{\"@id\":\"https:\/\/www.excalibur-generator.com\/de\/3kw-leiser-benzin-koffer-wechselrichtergenerator.html#primaryimage\"},\"image\":{\"@id\":\"https:\/\/www.excalibur-generator.com\/de\/3kw-leiser-benzin-koffer-wechselrichtergenerator.html#primaryimage\"},\"thumbnailUrl\":\"https:\/\/www.excalibur-generator.com\/wp-content\/uploads\/2024\/05\/3kw-Silent-Petrol-Suitcase-Inverter-Generator.webp\",\"datePublished\":\"2024-05-27T01:14:56+00:00\",\"description\":\"Der leise Benzin-Wechselrichtergenerator im Kofferformat mit 3 kW bietet leisen und tragbaren Strom. Dank fortschrittlicher Technologie gew\u00e4hrleistet er einen reibungslosen und zuverl\u00e4ssigen Betrieb und ist somit ideal f\u00fcr Camping, Outdoor-Events und Notf\u00e4lle.\",\"breadcrumb\":{\"@id\":\"https:\/\/www.excalibur-generator.com\/de\/3kw-leiser-benzin-koffer-wechselrichtergenerator.html#breadcrumb\"},\"inLanguage\":\"de\",\"potentialAction\":[{\"@type\":\"ReadAction\",\"target\":[\"https:\/\/www.excalibur-generator.com\/de\/3kw-leiser-benzin-koffer-wechselrichtergenerator.html\"]}]},{\"@type\":\"ImageObject\",\"inLanguage\":\"de\",\"@id\":\"https:\/\/www.excalibur-generator.com\/de\/3kw-leiser-benzin-koffer-wechselrichtergenerator.html#primaryimage\",\"url\":\"https:\/\/www.excalibur-generator.com\/wp-content\/uploads\/2024\/05\/3kw-Silent-Petrol-Suitcase-Inverter-Generator.webp\",\"contentUrl\":\"https:\/\/www.excalibur-generator.com\/wp-content\/uploads\/2024\/05\/3kw-Silent-Petrol-Suitcase-Inverter-Generator.webp\",\"width\":800,\"height\":800,\"caption\":\"3kw Silent Petrol Suitcase Inverter Generator\"},{\"@type\":\"BreadcrumbList\",\"@id\":\"https:\/\/www.excalibur-generator.com\/de\/3kw-leiser-benzin-koffer-wechselrichtergenerator.html#breadcrumb\",\"itemListElement\":[{\"@type\":\"ListItem\",\"position\":1,\"name\":\"Home\",\"item\":\"https:\/\/www.excalibur-generator.com\/de\/\"},{\"@type\":\"ListItem\",\"position\":2,\"name\":\"Produkte\",\"item\":\"https:\/\/www.excalibur-generator.com\/de\/produkte.html\"},{\"@type\":\"ListItem\",\"position\":3,\"name\":\"3 kW leiser Benzin-Koffer-Wechselrichtergenerator\"}]},{\"@type\":\"WebSite\",\"@id\":\"https:\/\/www.excalibur-generator.com\/de\/#website\",\"url\":\"https:\/\/www.excalibur-generator.com\/de\/\",\"name\":\"Excalibur Generator\",\"description\":\"\",\"publisher\":{\"@id\":\"https:\/\/www.excalibur-generator.com\/de\/#organization\"},\"potentialAction\":[{\"@type\":\"SearchAction\",\"target\":{\"@type\":\"EntryPoint\",\"urlTemplate\":\"https:\/\/www.excalibur-generator.com\/de\/?s={search_term_string}\"},\"query-input\":{\"@type\":\"PropertyValueSpecification\",\"valueRequired\":true,\"valueName\":\"search_term_string\"}}],\"inLanguage\":\"de\"},{\"@type\":\"Organization\",\"@id\":\"https:\/\/www.excalibur-generator.com\/de\/#organization\",\"name\":\"Excalibur Generator\",\"url\":\"https:\/\/www.excalibur-generator.com\/de\/\",\"logo\":{\"@type\":\"ImageObject\",\"inLanguage\":\"de\",\"@id\":\"https:\/\/www.excalibur-generator.com\/de\/#\/schema\/logo\/image\/\",\"url\":\"https:\/\/www.excalibur-generator.com\/wp-content\/uploads\/2024\/05\/EXCALIBUR.png\",\"contentUrl\":\"https:\/\/www.excalibur-generator.com\/wp-content\/uploads\/2024\/05\/EXCALIBUR.png\",\"width\":350,\"height\":79,\"caption\":\"Excalibur Generator\"},\"image\":{\"@id\":\"https:\/\/www.excalibur-generator.com\/de\/#\/schema\/logo\/image\/\"}}]}<\/script>\n<!-- \/ Yoast SEO plugin. -->","yoast_head_json":{"title":"3 kW leiser Benzin-Koffer-Wechselrichtergenerator &#8211; Excalibur Generator","description":"Der leise Benzin-Wechselrichtergenerator im Kofferformat mit 3 kW bietet leisen und tragbaren Strom. Dank fortschrittlicher Technologie gew\u00e4hrleistet er einen reibungslosen und zuverl\u00e4ssigen Betrieb und ist somit ideal f\u00fcr Camping, Outdoor-Events und Notf\u00e4lle.","robots":{"index":"index","follow":"follow","max-snippet":"max-snippet:-1","max-image-preview":"max-image-preview:large","max-video-preview":"max-video-preview:-1"},"canonical":"https:\/\/www.excalibur-generator.com\/de\/3kw-leiser-benzin-koffer-wechselrichtergenerator.html","twitter_misc":{"Gesch\u00e4tzte Lesezeit":"1\u00a0Minute"},"schema":{"@context":"https:\/\/schema.org","@graph":[{"@type":"WebPage","@id":"https:\/\/www.excalibur-generator.com\/de\/3kw-leiser-benzin-koffer-wechselrichtergenerator.html","url":"https:\/\/www.excalibur-generator.com\/de\/3kw-leiser-benzin-koffer-wechselrichtergenerator.html","name":"3 kW leiser Benzin-Koffer-Wechselrichtergenerator &#8211; Excalibur Generator","isPartOf":{"@id":"https:\/\/www.excalibur-generator.com\/de\/#website"},"primaryImageOfPage":{"@id":"https:\/\/www.excalibur-generator.com\/de\/3kw-leiser-benzin-koffer-wechselrichtergenerator.html#primaryimage"},"image":{"@id":"https:\/\/www.excalibur-generator.com\/de\/3kw-leiser-benzin-koffer-wechselrichtergenerator.html#primaryimage"},"thumbnailUrl":"https:\/\/www.excalibur-generator.com\/wp-content\/uploads\/2024\/05\/3kw-Silent-Petrol-Suitcase-Inverter-Generator.webp","datePublished":"2024-05-27T01:14:56+00:00","description":"Der leise Benzin-Wechselrichtergenerator im Kofferformat mit 3 kW bietet leisen und tragbaren Strom. Dank fortschrittlicher Technologie gew\u00e4hrleistet er einen reibungslosen und zuverl\u00e4ssigen Betrieb und ist somit ideal f\u00fcr Camping, Outdoor-Events und Notf\u00e4lle.","breadcrumb":{"@id":"https:\/\/www.excalibur-generator.com\/de\/3kw-leiser-benzin-koffer-wechselrichtergenerator.html#breadcrumb"},"inLanguage":"de","potentialAction":[{"@type":"ReadAction","target":["https:\/\/www.excalibur-generator.com\/de\/3kw-leiser-benzin-koffer-wechselrichtergenerator.html"]}]},{"@type":"ImageObject","inLanguage":"de","@id":"https:\/\/www.excalibur-generator.com\/de\/3kw-leiser-benzin-koffer-wechselrichtergenerator.html#primaryimage","url":"https:\/\/www.excalibur-generator.com\/wp-content\/uploads\/2024\/05\/3kw-Silent-Petrol-Suitcase-Inverter-Generator.webp","contentUrl":"https:\/\/www.excalibur-generator.com\/wp-content\/uploads\/2024\/05\/3kw-Silent-Petrol-Suitcase-Inverter-Generator.webp","width":800,"height":800,"caption":"3kw Silent Petrol Suitcase Inverter Generator"},{"@type":"BreadcrumbList","@id":"https:\/\/www.excalibur-generator.com\/de\/3kw-leiser-benzin-koffer-wechselrichtergenerator.html#breadcrumb","itemListElement":[{"@type":"ListItem","position":1,"name":"Home","item":"https:\/\/www.excalibur-generator.com\/de\/"},{"@type":"ListItem","position":2,"name":"Produkte","item":"https:\/\/www.excalibur-generator.com\/de\/produkte.html"},{"@type":"ListItem","position":3,"name":"3 kW leiser Benzin-Koffer-Wechselrichtergenerator"}]},{"@type":"WebSite","@id":"https:\/\/www.excalibur-generator.com\/de\/#website","url":"https:\/\/www.excalibur-generator.com\/de\/","name":"Excalibur Generator","description":"","publisher":{"@id":"https:\/\/www.excalibur-generator.com\/de\/#organization"},"potentialAction":[{"@type":"SearchAction","target":{"@type":"EntryPoint","urlTemplate":"https:\/\/www.excalibur-generator.com\/de\/?s={search_term_string}"},"query-input":{"@type":"PropertyValueSpecification","valueRequired":true,"valueName":"search_term_string"}}],"inLanguage":"de"},{"@type":"Organization","@id":"https:\/\/www.excalibur-generator.com\/de\/#organization","name":"Excalibur Generator","url":"https:\/\/www.excalibur-generator.com\/de\/","logo":{"@type":"ImageObject","inLanguage":"de","@id":"https:\/\/www.excalibur-generator.com\/de\/#\/schema\/logo\/image\/","url":"https:\/\/www.excalibur-generator.com\/wp-content\/uploads\/2024\/05\/EXCALIBUR.png","contentUrl":"https:\/\/www.excalibur-generator.com\/wp-content\/uploads\/2024\/05\/EXCALIBUR.png","width":350,"height":79,"caption":"Excalibur Generator"},"image":{"@id":"https:\/\/www.excalibur-generator.com\/de\/#\/schema\/logo\/image\/"}}]}},"_links":{"self":[{"href":"https:\/\/www.excalibur-generator.com\/de\/wp-json\/wp\/v2\/product\/9679","targetHints":{"allow":["GET"]}}],"collection":[{"href":"https:\/\/www.excalibur-generator.com\/de\/wp-json\/wp\/v2\/product"}],"about":[{"href":"https:\/\/www.excalibur-generator.com\/de\/wp-json\/wp\/v2\/types\/product"}],"replies":[{"embeddable":true,"href":"https:\/\/www.excalibur-generator.com\/de\/wp-json\/wp\/v2\/comments?post=9679"}],"wp:featuredmedia":[{"embeddable":true,"href":"https:\/\/www.excalibur-generator.com\/de\/wp-json\/wp\/v2\/media\/10955"}],"wp:attachment":[{"href":"https:\/\/www.excalibur-generator.com\/de\/wp-json\/wp\/v2\/media?parent=9679"}],"wp:term":[{"taxonomy":"product_brand","embeddable":true,"href":"https:\/\/www.excalibur-generator.com\/de\/wp-json\/wp\/v2\/product_brand?post=9679"},{"taxonomy":"product_cat","embeddable":true,"href":"https:\/\/www.excalibur-generator.com\/de\/wp-json\/wp\/v2\/product_cat?post=9679"},{"taxonomy":"product_tag","embeddable":true,"href":"https:\/\/www.excalibur-generator.com\/de\/wp-json\/wp\/v2\/product_tag?post=9679"}],"curies":[{"name":"wp","href":"https:\/\/api.w.org\/{rel}","templated":true}]}}