{"id":9683,"date":"2024-05-27T09:07:51","date_gmt":"2024-05-27T01:07:51","guid":{"rendered":"https:\/\/www.excalibur-generator.com\/24-v-gleichstrom-dieselgenerator\/"},"modified":"2024-05-27T09:07:51","modified_gmt":"2024-05-27T01:07:51","slug":"24-v-gleichstrom-dieselgenerator","status":"publish","type":"product","link":"https:\/\/www.excalibur-generator.com\/de\/24v-gleichstrom-dieselgenerator.html","title":{"rendered":"24-V-Gleichstrom Dieselgenerator"},"content":{"rendered":"<h2><strong>Die Funktionen des 24-V-Gleichstrom-Dieselgenerators<\/strong><\/h2>\n<p>\u25cf Leises Design, sicher und kraftstoffsparend<\/p>\n<div>\u25cf Neuartiges Erscheinungsbild, kompakte Gr\u00f6\u00dfe<\/div>\n<div>\u25cf Permanentmagnetmotor, 100 % Kupfer, stabile Leistung<br \/>\n\u25cf Automatischer Start und Stopp, \u00d6lmangelsicherung, \u00dcberlastschutz<\/p>\n<h2><strong>Die Parameter des 24-V-Gleichstrom-Dieselgenerators<\/strong><\/h2>\n<p>&nbsp;<\/p>\n<table align=\"center\">\n<colgroup>\n<col>\n<col>\n<col><\/colgroup>\n<tbody>\n<tr class=\"firstRow\">\n<td><\/td>\n<td>Typ<\/td>\n<td>SDC2000DS<br \/>\n24V DC<\/td>\n<\/tr>\n<tr>\n<td rowspan=\"5\">Motor<\/td>\n<td>Motormodus<\/td>\n<td>170FB<\/td>\n<\/tr>\n<tr>\n<td>Startmethode<\/td>\n<td>Elektrostart<\/td>\n<\/tr>\n<tr>\n<td>Kraftstoffverbrauch<\/td>\n<td>0.6L\/h<\/td>\n<\/tr>\n<tr>\n<td>\u00d6lkapazit\u00e4t (L)<\/td>\n<td>0.8<\/td>\n<\/tr>\n<tr>\n<td>Kraftstofftankinhalt (L)<\/td>\n<td>5.5<\/td>\n<\/tr>\n<tr>\n<td rowspan=\"8\">Generator<\/td>\n<td>Spannung (V)<\/td>\n<td>24V<\/td>\n<\/tr>\n<tr>\n<td>Nennleistung (KVA)<\/td>\n<td>2<\/td>\n<\/tr>\n<tr>\n<td>Max. Ladestrom (A)<\/td>\n<td>75<\/td>\n<\/tr>\n<tr>\n<td>Isolierungs-Leye<\/td>\n<td>F<\/td>\n<\/tr>\n<tr>\n<td>Ger\u00e4uschpegel (dB)<\/td>\n<td>\u226472<\/td>\n<\/tr>\n<tr>\n<td>Lademethode<\/td>\n<td>Automatisches Laden bei leerem Akku<\/td>\n<\/tr>\n<tr>\n<td>Verpackungsgr\u00f6\u00dfe (L*B*H) (mm)<\/td>\n<td>680*420*525<\/td>\n<\/tr>\n<tr>\n<td>Gewicht (kg)<\/td>\n<td>65<\/td>\n<\/tr>\n<\/tbody>\n<\/table>\n<\/div>\n","protected":false},"excerpt":{"rendered":"<p><strong>Modell:<\/strong><\/p>\n<div>SDC2000DS<br \/>\n24V DC<\/div>\n<div><\/div>\n<div><strong>Nennleistung:<\/strong><\/div>\n<div>2KVA<\/div>\n<div><\/div>\n<div><strong>Ger\u00e4uschpegel (dB):<\/strong><\/div>\n<div>\u226472<\/div>\n","protected":false},"featured_media":9684,"comment_status":"open","ping_status":"closed","template":"","meta":{"site-sidebar-layout":"default","site-content-layout":"","ast-site-content-layout":"default","site-content-style":"default","site-sidebar-style":"default","ast-global-header-display":"","ast-banner-title-visibility":"","ast-main-header-display":"","ast-hfb-above-header-display":"","ast-hfb-below-header-display":"","ast-hfb-mobile-header-display":"","site-post-title":"","ast-breadcrumbs-content":"","ast-featured-img":"","footer-sml-layout":"","theme-transparent-header-meta":"default","adv-header-id-meta":"","stick-header-meta":"","header-above-stick-meta":"","header-main-stick-meta":"","header-below-stick-meta":"","astra-migrate-meta-layouts":"default","ast-page-background-enabled":"default","ast-page-background-meta":{"desktop":{"background-color":"var(--ast-global-color-4)","background-image":"","background-repeat":"repeat","background-position":"center center","background-size":"auto","background-attachment":"scroll","background-type":"","background-media":"","overlay-type":"","overlay-color":"","overlay-opacity":"","overlay-gradient":""},"tablet":{"background-color":"","background-image":"","background-repeat":"repeat","background-position":"center center","background-size":"auto","background-attachment":"scroll","background-type":"","background-media":"","overlay-type":"","overlay-color":"","overlay-opacity":"","overlay-gradient":""},"mobile":{"background-color":"","background-image":"","background-repeat":"repeat","background-position":"center center","background-size":"auto","background-attachment":"scroll","background-type":"","background-media":"","overlay-type":"","overlay-color":"","overlay-opacity":"","overlay-gradient":""}},"ast-content-background-meta":{"desktop":{"background-color":"var(--ast-global-color-5)","background-image":"","background-repeat":"repeat","background-position":"center center","background-size":"auto","background-attachment":"scroll","background-type":"","background-media":"","overlay-type":"","overlay-color":"","overlay-opacity":"","overlay-gradient":""},"tablet":{"background-color":"var(--ast-global-color-5)","background-image":"","background-repeat":"repeat","background-position":"center center","background-size":"auto","background-attachment":"scroll","background-type":"","background-media":"","overlay-type":"","overlay-color":"","overlay-opacity":"","overlay-gradient":""},"mobile":{"background-color":"var(--ast-global-color-5)","background-image":"","background-repeat":"repeat","background-position":"center center","background-size":"auto","background-attachment":"scroll","background-type":"","background-media":"","overlay-type":"","overlay-color":"","overlay-opacity":"","overlay-gradient":""}}},"product_brand":[],"product_cat":[95],"product_tag":[],"class_list":{"0":"post-9683","1":"product","2":"type-product","3":"status-publish","4":"has-post-thumbnail","6":"product_cat-unkategorisiert","7":"desktop-align-left","8":"tablet-align-left","9":"mobile-align-left","11":"first","12":"instock","13":"shipping-taxable","14":"product-type-simple"},"yoast_head":"<!-- This site is optimized with the Yoast SEO plugin v26.5 - https:\/\/yoast.com\/wordpress\/plugins\/seo\/ -->\n<title>24-V-Gleichstrom Dieselgenerator &#8211; Excalibur Generator<\/title>\n<meta name=\"description\" content=\"Der 24-V-Gleichstrom-Dieselgenerator liefert zuverl\u00e4ssig Strom f\u00fcr verschiedene Anwendungen. Kompakt und effizient liefert er 24 Volt Gleichstrom und eignet sich f\u00fcr netzunabh\u00e4ngige Stromversorgung in unterschiedlichsten Umgebungen.\" \/>\n<meta name=\"robots\" content=\"index, follow, max-snippet:-1, max-image-preview:large, max-video-preview:-1\" \/>\n<link rel=\"canonical\" href=\"https:\/\/www.excalibur-generator.com\/de\/24v-gleichstrom-dieselgenerator.html\" \/>\n<script type=\"application\/ld+json\" class=\"yoast-schema-graph\">{\"@context\":\"https:\/\/schema.org\",\"@graph\":[{\"@type\":\"WebPage\",\"@id\":\"https:\/\/www.excalibur-generator.com\/de\/24v-gleichstrom-dieselgenerator.html\",\"url\":\"https:\/\/www.excalibur-generator.com\/de\/24v-gleichstrom-dieselgenerator.html\",\"name\":\"24-V-Gleichstrom Dieselgenerator &#8211; Excalibur Generator\",\"isPartOf\":{\"@id\":\"https:\/\/www.excalibur-generator.com\/de\/#website\"},\"primaryImageOfPage\":{\"@id\":\"https:\/\/www.excalibur-generator.com\/de\/24v-gleichstrom-dieselgenerator.html#primaryimage\"},\"image\":{\"@id\":\"https:\/\/www.excalibur-generator.com\/de\/24v-gleichstrom-dieselgenerator.html#primaryimage\"},\"thumbnailUrl\":\"https:\/\/www.excalibur-generator.com\/wp-content\/uploads\/2024\/05\/24V-DC-Diesel-Generator.webp\",\"datePublished\":\"2024-05-27T01:07:51+00:00\",\"description\":\"Der 24-V-Gleichstrom-Dieselgenerator liefert zuverl\u00e4ssig Strom f\u00fcr verschiedene Anwendungen. Kompakt und effizient liefert er 24 Volt Gleichstrom und eignet sich f\u00fcr netzunabh\u00e4ngige Stromversorgung in unterschiedlichsten Umgebungen.\",\"breadcrumb\":{\"@id\":\"https:\/\/www.excalibur-generator.com\/de\/24v-gleichstrom-dieselgenerator.html#breadcrumb\"},\"inLanguage\":\"de\",\"potentialAction\":[{\"@type\":\"ReadAction\",\"target\":[\"https:\/\/www.excalibur-generator.com\/de\/24v-gleichstrom-dieselgenerator.html\"]}]},{\"@type\":\"ImageObject\",\"inLanguage\":\"de\",\"@id\":\"https:\/\/www.excalibur-generator.com\/de\/24v-gleichstrom-dieselgenerator.html#primaryimage\",\"url\":\"https:\/\/www.excalibur-generator.com\/wp-content\/uploads\/2024\/05\/24V-DC-Diesel-Generator.webp\",\"contentUrl\":\"https:\/\/www.excalibur-generator.com\/wp-content\/uploads\/2024\/05\/24V-DC-Diesel-Generator.webp\",\"width\":800,\"height\":800,\"caption\":\"24V-DC-Diesel-Generator\"},{\"@type\":\"BreadcrumbList\",\"@id\":\"https:\/\/www.excalibur-generator.com\/de\/24v-gleichstrom-dieselgenerator.html#breadcrumb\",\"itemListElement\":[{\"@type\":\"ListItem\",\"position\":1,\"name\":\"Home\",\"item\":\"https:\/\/www.excalibur-generator.com\/de\/\"},{\"@type\":\"ListItem\",\"position\":2,\"name\":\"Produkte\",\"item\":\"https:\/\/www.excalibur-generator.com\/de\/produkte.html\"},{\"@type\":\"ListItem\",\"position\":3,\"name\":\"24-V-Gleichstrom Dieselgenerator\"}]},{\"@type\":\"WebSite\",\"@id\":\"https:\/\/www.excalibur-generator.com\/de\/#website\",\"url\":\"https:\/\/www.excalibur-generator.com\/de\/\",\"name\":\"Excalibur Generator\",\"description\":\"\",\"publisher\":{\"@id\":\"https:\/\/www.excalibur-generator.com\/de\/#organization\"},\"potentialAction\":[{\"@type\":\"SearchAction\",\"target\":{\"@type\":\"EntryPoint\",\"urlTemplate\":\"https:\/\/www.excalibur-generator.com\/de\/?s={search_term_string}\"},\"query-input\":{\"@type\":\"PropertyValueSpecification\",\"valueRequired\":true,\"valueName\":\"search_term_string\"}}],\"inLanguage\":\"de\"},{\"@type\":\"Organization\",\"@id\":\"https:\/\/www.excalibur-generator.com\/de\/#organization\",\"name\":\"Excalibur Generator\",\"url\":\"https:\/\/www.excalibur-generator.com\/de\/\",\"logo\":{\"@type\":\"ImageObject\",\"inLanguage\":\"de\",\"@id\":\"https:\/\/www.excalibur-generator.com\/de\/#\/schema\/logo\/image\/\",\"url\":\"https:\/\/www.excalibur-generator.com\/wp-content\/uploads\/2024\/05\/EXCALIBUR.png\",\"contentUrl\":\"https:\/\/www.excalibur-generator.com\/wp-content\/uploads\/2024\/05\/EXCALIBUR.png\",\"width\":350,\"height\":79,\"caption\":\"Excalibur Generator\"},\"image\":{\"@id\":\"https:\/\/www.excalibur-generator.com\/de\/#\/schema\/logo\/image\/\"}}]}<\/script>\n<!-- \/ Yoast SEO plugin. -->","yoast_head_json":{"title":"24-V-Gleichstrom Dieselgenerator &#8211; Excalibur Generator","description":"Der 24-V-Gleichstrom-Dieselgenerator liefert zuverl\u00e4ssig Strom f\u00fcr verschiedene Anwendungen. Kompakt und effizient liefert er 24 Volt Gleichstrom und eignet sich f\u00fcr netzunabh\u00e4ngige Stromversorgung in unterschiedlichsten Umgebungen.","robots":{"index":"index","follow":"follow","max-snippet":"max-snippet:-1","max-image-preview":"max-image-preview:large","max-video-preview":"max-video-preview:-1"},"canonical":"https:\/\/www.excalibur-generator.com\/de\/24v-gleichstrom-dieselgenerator.html","schema":{"@context":"https:\/\/schema.org","@graph":[{"@type":"WebPage","@id":"https:\/\/www.excalibur-generator.com\/de\/24v-gleichstrom-dieselgenerator.html","url":"https:\/\/www.excalibur-generator.com\/de\/24v-gleichstrom-dieselgenerator.html","name":"24-V-Gleichstrom Dieselgenerator &#8211; Excalibur Generator","isPartOf":{"@id":"https:\/\/www.excalibur-generator.com\/de\/#website"},"primaryImageOfPage":{"@id":"https:\/\/www.excalibur-generator.com\/de\/24v-gleichstrom-dieselgenerator.html#primaryimage"},"image":{"@id":"https:\/\/www.excalibur-generator.com\/de\/24v-gleichstrom-dieselgenerator.html#primaryimage"},"thumbnailUrl":"https:\/\/www.excalibur-generator.com\/wp-content\/uploads\/2024\/05\/24V-DC-Diesel-Generator.webp","datePublished":"2024-05-27T01:07:51+00:00","description":"Der 24-V-Gleichstrom-Dieselgenerator liefert zuverl\u00e4ssig Strom f\u00fcr verschiedene Anwendungen. Kompakt und effizient liefert er 24 Volt Gleichstrom und eignet sich f\u00fcr netzunabh\u00e4ngige Stromversorgung in unterschiedlichsten Umgebungen.","breadcrumb":{"@id":"https:\/\/www.excalibur-generator.com\/de\/24v-gleichstrom-dieselgenerator.html#breadcrumb"},"inLanguage":"de","potentialAction":[{"@type":"ReadAction","target":["https:\/\/www.excalibur-generator.com\/de\/24v-gleichstrom-dieselgenerator.html"]}]},{"@type":"ImageObject","inLanguage":"de","@id":"https:\/\/www.excalibur-generator.com\/de\/24v-gleichstrom-dieselgenerator.html#primaryimage","url":"https:\/\/www.excalibur-generator.com\/wp-content\/uploads\/2024\/05\/24V-DC-Diesel-Generator.webp","contentUrl":"https:\/\/www.excalibur-generator.com\/wp-content\/uploads\/2024\/05\/24V-DC-Diesel-Generator.webp","width":800,"height":800,"caption":"24V-DC-Diesel-Generator"},{"@type":"BreadcrumbList","@id":"https:\/\/www.excalibur-generator.com\/de\/24v-gleichstrom-dieselgenerator.html#breadcrumb","itemListElement":[{"@type":"ListItem","position":1,"name":"Home","item":"https:\/\/www.excalibur-generator.com\/de\/"},{"@type":"ListItem","position":2,"name":"Produkte","item":"https:\/\/www.excalibur-generator.com\/de\/produkte.html"},{"@type":"ListItem","position":3,"name":"24-V-Gleichstrom Dieselgenerator"}]},{"@type":"WebSite","@id":"https:\/\/www.excalibur-generator.com\/de\/#website","url":"https:\/\/www.excalibur-generator.com\/de\/","name":"Excalibur Generator","description":"","publisher":{"@id":"https:\/\/www.excalibur-generator.com\/de\/#organization"},"potentialAction":[{"@type":"SearchAction","target":{"@type":"EntryPoint","urlTemplate":"https:\/\/www.excalibur-generator.com\/de\/?s={search_term_string}"},"query-input":{"@type":"PropertyValueSpecification","valueRequired":true,"valueName":"search_term_string"}}],"inLanguage":"de"},{"@type":"Organization","@id":"https:\/\/www.excalibur-generator.com\/de\/#organization","name":"Excalibur Generator","url":"https:\/\/www.excalibur-generator.com\/de\/","logo":{"@type":"ImageObject","inLanguage":"de","@id":"https:\/\/www.excalibur-generator.com\/de\/#\/schema\/logo\/image\/","url":"https:\/\/www.excalibur-generator.com\/wp-content\/uploads\/2024\/05\/EXCALIBUR.png","contentUrl":"https:\/\/www.excalibur-generator.com\/wp-content\/uploads\/2024\/05\/EXCALIBUR.png","width":350,"height":79,"caption":"Excalibur Generator"},"image":{"@id":"https:\/\/www.excalibur-generator.com\/de\/#\/schema\/logo\/image\/"}}]}},"_links":{"self":[{"href":"https:\/\/www.excalibur-generator.com\/de\/wp-json\/wp\/v2\/product\/9683","targetHints":{"allow":["GET"]}}],"collection":[{"href":"https:\/\/www.excalibur-generator.com\/de\/wp-json\/wp\/v2\/product"}],"about":[{"href":"https:\/\/www.excalibur-generator.com\/de\/wp-json\/wp\/v2\/types\/product"}],"replies":[{"embeddable":true,"href":"https:\/\/www.excalibur-generator.com\/de\/wp-json\/wp\/v2\/comments?post=9683"}],"wp:featuredmedia":[{"embeddable":true,"href":"https:\/\/www.excalibur-generator.com\/de\/wp-json\/wp\/v2\/media\/9684"}],"wp:attachment":[{"href":"https:\/\/www.excalibur-generator.com\/de\/wp-json\/wp\/v2\/media?parent=9683"}],"wp:term":[{"taxonomy":"product_brand","embeddable":true,"href":"https:\/\/www.excalibur-generator.com\/de\/wp-json\/wp\/v2\/product_brand?post=9683"},{"taxonomy":"product_cat","embeddable":true,"href":"https:\/\/www.excalibur-generator.com\/de\/wp-json\/wp\/v2\/product_cat?post=9683"},{"taxonomy":"product_tag","embeddable":true,"href":"https:\/\/www.excalibur-generator.com\/de\/wp-json\/wp\/v2\/product_tag?post=9683"}],"curies":[{"name":"wp","href":"https:\/\/api.w.org\/{rel}","templated":true}]}}