{"id":9685,"date":"2024-05-27T09:04:57","date_gmt":"2024-05-27T01:04:57","guid":{"rendered":"https:\/\/www.excalibur-generator.com\/2-kw-5-kw-leiser-dieselschweisser-und-generator\/"},"modified":"2024-05-27T09:04:57","modified_gmt":"2024-05-27T01:04:57","slug":"2-kw-5-kw-leiser-dieselschweisser-und-generator","status":"publish","type":"product","link":"https:\/\/www.excalibur-generator.com\/de\/2-kw-5-kw-leises-dieselschweisgerat-und-generator.html","title":{"rendered":"2 kW\/5 kW Leiser Dieselschwei\u00dfer und Generator"},"content":{"rendered":"<table align=\"center\">\n<colgroup>\n<col>\n<col>\n<col>\n<col><\/colgroup>\n<tbody>\n<tr class=\"firstRow\">\n<td>Modell<\/td>\n<td>S6500DSW-1<\/td>\n<td>S7500DSW-1<\/td>\n<td>S8500DSW-1<\/td>\n<\/tr>\n<tr>\n<td>Frequenz (HZ)<\/td>\n<td colspan=\"3\">50\/60<\/td>\n<\/tr>\n<tr>\n<td>Nennspannung (V)<\/td>\n<td colspan=\"3\">110,120,220,230,240<\/td>\n<\/tr>\n<tr>\n<td>Nennleistung KW<\/td>\n<td>4.6\/5.0 1.8\/2.0<\/td>\n<td>2.0\/2.2 5.0\/5.5<\/td>\n<td>2.8\/3.0 6.0\/6.5<\/td>\n<\/tr>\n<tr>\n<td>Gleichstromausgang<\/td>\n<td colspan=\"3\">12V-8.3A<\/td>\n<\/tr>\n<tr>\n<td>Leistungsfaktor<\/td>\n<td colspan=\"3\">1.0<\/td>\n<\/tr>\n<tr>\n<td>Schwei\u00dfspannung (DC) (V)<\/td>\n<td colspan=\"3\">25-30<\/td>\n<\/tr>\n<tr>\n<td>Nennschwei\u00dfstrom DC<\/td>\n<td>50A-180A<\/td>\n<td>50A-190A<\/td>\n<td>50A-230A<\/td>\n<\/tr>\n<tr>\n<td>Elektrode (mm)<\/td>\n<td colspan=\"3\">1.6-4.0<\/td>\n<\/tr>\n<tr>\n<td>Ger\u00e4uschpegel (7 m) dB(A)<\/td>\n<td colspan=\"3\">69-72<\/td>\n<\/tr>\n<tr>\n<td>Motormodus<\/td>\n<td>S186FA(E)<\/td>\n<td>S188FB(E)<\/td>\n<td>S192F(E)<\/td>\n<\/tr>\n<tr>\n<td>Kraftstofftankinhalt (L)<\/td>\n<td colspan=\"3\">20<\/td>\n<\/tr>\n<tr>\n<td>Kontinuierliche Laufzeit (Std.)<\/td>\n<td>9.1<\/td>\n<td>8.3<\/td>\n<td>6.7<\/td>\n<\/tr>\n<tr>\n<td>Startsystem<\/td>\n<td colspan=\"3\">Elektrostart<\/td>\n<\/tr>\n<tr>\n<td>Verpackungsgr\u00f6\u00dfe (L*B*H) mm<\/td>\n<td colspan=\"3\">950*545*710<\/td>\n<\/tr>\n<tr>\n<td>Nettogewicht (KG)<\/td>\n<td>153<\/td>\n<td>155<\/td>\n<td>160<\/td>\n<\/tr>\n<\/tbody>\n<\/table>\n","protected":false},"excerpt":{"rendered":"<p><strong>Modell:<\/strong><\/p>\n<div>S6500DSW<\/div>\n<div><\/div>\n<div><strong>Nennleistung:<\/strong><\/div>\n<div>4.6KW\/5KW<\/div>\n<div><\/div>\n<div><strong>Nennstrom:<\/strong><\/div>\n<div>50A-230A<\/div>\n<div><\/div>\n<div><strong>Gleichstromausgang:<\/strong><\/div>\n<div>12 V \u2013 8,3 A<\/div>\n<div><\/div>\n<div><strong>Ger\u00e4uschpegel (7 m) dB(A):<\/strong><\/div>\n<div>69-72<\/div>\n","protected":false},"featured_media":9686,"comment_status":"open","ping_status":"closed","template":"","meta":{"site-sidebar-layout":"default","site-content-layout":"","ast-site-content-layout":"default","site-content-style":"default","site-sidebar-style":"default","ast-global-header-display":"","ast-banner-title-visibility":"","ast-main-header-display":"","ast-hfb-above-header-display":"","ast-hfb-below-header-display":"","ast-hfb-mobile-header-display":"","site-post-title":"","ast-breadcrumbs-content":"","ast-featured-img":"","footer-sml-layout":"","theme-transparent-header-meta":"default","adv-header-id-meta":"","stick-header-meta":"","header-above-stick-meta":"","header-main-stick-meta":"","header-below-stick-meta":"","astra-migrate-meta-layouts":"default","ast-page-background-enabled":"default","ast-page-background-meta":{"desktop":{"background-color":"var(--ast-global-color-4)","background-image":"","background-repeat":"repeat","background-position":"center center","background-size":"auto","background-attachment":"scroll","background-type":"","background-media":"","overlay-type":"","overlay-color":"","overlay-opacity":"","overlay-gradient":""},"tablet":{"background-color":"","background-image":"","background-repeat":"repeat","background-position":"center center","background-size":"auto","background-attachment":"scroll","background-type":"","background-media":"","overlay-type":"","overlay-color":"","overlay-opacity":"","overlay-gradient":""},"mobile":{"background-color":"","background-image":"","background-repeat":"repeat","background-position":"center center","background-size":"auto","background-attachment":"scroll","background-type":"","background-media":"","overlay-type":"","overlay-color":"","overlay-opacity":"","overlay-gradient":""}},"ast-content-background-meta":{"desktop":{"background-color":"var(--ast-global-color-5)","background-image":"","background-repeat":"repeat","background-position":"center center","background-size":"auto","background-attachment":"scroll","background-type":"","background-media":"","overlay-type":"","overlay-color":"","overlay-opacity":"","overlay-gradient":""},"tablet":{"background-color":"var(--ast-global-color-5)","background-image":"","background-repeat":"repeat","background-position":"center center","background-size":"auto","background-attachment":"scroll","background-type":"","background-media":"","overlay-type":"","overlay-color":"","overlay-opacity":"","overlay-gradient":""},"mobile":{"background-color":"var(--ast-global-color-5)","background-image":"","background-repeat":"repeat","background-position":"center center","background-size":"auto","background-attachment":"scroll","background-type":"","background-media":"","overlay-type":"","overlay-color":"","overlay-opacity":"","overlay-gradient":""}}},"product_brand":[],"product_cat":[95],"product_tag":[98],"class_list":{"0":"post-9685","1":"product","2":"type-product","3":"status-publish","4":"has-post-thumbnail","6":"product_cat-unkategorisiert","7":"product_tag-generator-silent","8":"desktop-align-left","9":"tablet-align-left","10":"mobile-align-left","12":"first","13":"instock","14":"shipping-taxable","15":"product-type-simple"},"yoast_head":"<!-- This site is optimized with the Yoast SEO plugin v26.5 - https:\/\/yoast.com\/wordpress\/plugins\/seo\/ -->\n<title>2 kW\/5 kW Leiser Dieselschwei\u00dfer und Generator &#8211; Excalibur Generator<\/title>\n<meta name=\"description\" content=\"Das 2 kW\/5 kW Silent Diesel-Schwei\u00dfger\u00e4t und der Generator erm\u00f6glichen leises und effizientes Schwei\u00dfen und Stromerzeugen. Dank des ger\u00e4uscharmen Designs ist es vielseitig und zuverl\u00e4ssig f\u00fcr verschiedene Anwendungen geeignet.\" \/>\n<meta name=\"robots\" content=\"index, follow, max-snippet:-1, max-image-preview:large, max-video-preview:-1\" \/>\n<link rel=\"canonical\" href=\"https:\/\/www.excalibur-generator.com\/de\/2-kw-5-kw-leises-dieselschweisgerat-und-generator.html\" \/>\n<script type=\"application\/ld+json\" class=\"yoast-schema-graph\">{\"@context\":\"https:\/\/schema.org\",\"@graph\":[{\"@type\":\"WebPage\",\"@id\":\"https:\/\/www.excalibur-generator.com\/de\/2-kw-5-kw-leises-dieselschweisgerat-und-generator.html\",\"url\":\"https:\/\/www.excalibur-generator.com\/de\/2-kw-5-kw-leises-dieselschweisgerat-und-generator.html\",\"name\":\"2 kW\/5 kW Leiser Dieselschwei\u00dfer und Generator &#8211; Excalibur Generator\",\"isPartOf\":{\"@id\":\"https:\/\/www.excalibur-generator.com\/de\/#website\"},\"primaryImageOfPage\":{\"@id\":\"https:\/\/www.excalibur-generator.com\/de\/2-kw-5-kw-leises-dieselschweisgerat-und-generator.html#primaryimage\"},\"image\":{\"@id\":\"https:\/\/www.excalibur-generator.com\/de\/2-kw-5-kw-leises-dieselschweisgerat-und-generator.html#primaryimage\"},\"thumbnailUrl\":\"https:\/\/www.excalibur-generator.com\/wp-content\/uploads\/2024\/05\/Silent-diesel-welder-generator.webp\",\"datePublished\":\"2024-05-27T01:04:57+00:00\",\"description\":\"Das 2 kW\/5 kW Silent Diesel-Schwei\u00dfger\u00e4t und der Generator erm\u00f6glichen leises und effizientes Schwei\u00dfen und Stromerzeugen. Dank des ger\u00e4uscharmen Designs ist es vielseitig und zuverl\u00e4ssig f\u00fcr verschiedene Anwendungen geeignet.\",\"breadcrumb\":{\"@id\":\"https:\/\/www.excalibur-generator.com\/de\/2-kw-5-kw-leises-dieselschweisgerat-und-generator.html#breadcrumb\"},\"inLanguage\":\"de\",\"potentialAction\":[{\"@type\":\"ReadAction\",\"target\":[\"https:\/\/www.excalibur-generator.com\/de\/2-kw-5-kw-leises-dieselschweisgerat-und-generator.html\"]}]},{\"@type\":\"ImageObject\",\"inLanguage\":\"de\",\"@id\":\"https:\/\/www.excalibur-generator.com\/de\/2-kw-5-kw-leises-dieselschweisgerat-und-generator.html#primaryimage\",\"url\":\"https:\/\/www.excalibur-generator.com\/wp-content\/uploads\/2024\/05\/Silent-diesel-welder-generator.webp\",\"contentUrl\":\"https:\/\/www.excalibur-generator.com\/wp-content\/uploads\/2024\/05\/Silent-diesel-welder-generator.webp\",\"width\":800,\"height\":800,\"caption\":\"Silent-diesel-welder-generator\"},{\"@type\":\"BreadcrumbList\",\"@id\":\"https:\/\/www.excalibur-generator.com\/de\/2-kw-5-kw-leises-dieselschweisgerat-und-generator.html#breadcrumb\",\"itemListElement\":[{\"@type\":\"ListItem\",\"position\":1,\"name\":\"Home\",\"item\":\"https:\/\/www.excalibur-generator.com\/de\/\"},{\"@type\":\"ListItem\",\"position\":2,\"name\":\"Produkte\",\"item\":\"https:\/\/www.excalibur-generator.com\/de\/produkte.html\"},{\"@type\":\"ListItem\",\"position\":3,\"name\":\"2 kW\/5 kW Leiser Dieselschwei\u00dfer und Generator\"}]},{\"@type\":\"WebSite\",\"@id\":\"https:\/\/www.excalibur-generator.com\/de\/#website\",\"url\":\"https:\/\/www.excalibur-generator.com\/de\/\",\"name\":\"Excalibur Generator\",\"description\":\"\",\"publisher\":{\"@id\":\"https:\/\/www.excalibur-generator.com\/de\/#organization\"},\"potentialAction\":[{\"@type\":\"SearchAction\",\"target\":{\"@type\":\"EntryPoint\",\"urlTemplate\":\"https:\/\/www.excalibur-generator.com\/de\/?s={search_term_string}\"},\"query-input\":{\"@type\":\"PropertyValueSpecification\",\"valueRequired\":true,\"valueName\":\"search_term_string\"}}],\"inLanguage\":\"de\"},{\"@type\":\"Organization\",\"@id\":\"https:\/\/www.excalibur-generator.com\/de\/#organization\",\"name\":\"Excalibur Generator\",\"url\":\"https:\/\/www.excalibur-generator.com\/de\/\",\"logo\":{\"@type\":\"ImageObject\",\"inLanguage\":\"de\",\"@id\":\"https:\/\/www.excalibur-generator.com\/de\/#\/schema\/logo\/image\/\",\"url\":\"https:\/\/www.excalibur-generator.com\/wp-content\/uploads\/2024\/05\/EXCALIBUR.png\",\"contentUrl\":\"https:\/\/www.excalibur-generator.com\/wp-content\/uploads\/2024\/05\/EXCALIBUR.png\",\"width\":350,\"height\":79,\"caption\":\"Excalibur Generator\"},\"image\":{\"@id\":\"https:\/\/www.excalibur-generator.com\/de\/#\/schema\/logo\/image\/\"}}]}<\/script>\n<!-- \/ Yoast SEO plugin. -->","yoast_head_json":{"title":"2 kW\/5 kW Leiser Dieselschwei\u00dfer und Generator &#8211; Excalibur Generator","description":"Das 2 kW\/5 kW Silent Diesel-Schwei\u00dfger\u00e4t und der Generator erm\u00f6glichen leises und effizientes Schwei\u00dfen und Stromerzeugen. Dank des ger\u00e4uscharmen Designs ist es vielseitig und zuverl\u00e4ssig f\u00fcr verschiedene Anwendungen geeignet.","robots":{"index":"index","follow":"follow","max-snippet":"max-snippet:-1","max-image-preview":"max-image-preview:large","max-video-preview":"max-video-preview:-1"},"canonical":"https:\/\/www.excalibur-generator.com\/de\/2-kw-5-kw-leises-dieselschweisgerat-und-generator.html","schema":{"@context":"https:\/\/schema.org","@graph":[{"@type":"WebPage","@id":"https:\/\/www.excalibur-generator.com\/de\/2-kw-5-kw-leises-dieselschweisgerat-und-generator.html","url":"https:\/\/www.excalibur-generator.com\/de\/2-kw-5-kw-leises-dieselschweisgerat-und-generator.html","name":"2 kW\/5 kW Leiser Dieselschwei\u00dfer und Generator &#8211; Excalibur Generator","isPartOf":{"@id":"https:\/\/www.excalibur-generator.com\/de\/#website"},"primaryImageOfPage":{"@id":"https:\/\/www.excalibur-generator.com\/de\/2-kw-5-kw-leises-dieselschweisgerat-und-generator.html#primaryimage"},"image":{"@id":"https:\/\/www.excalibur-generator.com\/de\/2-kw-5-kw-leises-dieselschweisgerat-und-generator.html#primaryimage"},"thumbnailUrl":"https:\/\/www.excalibur-generator.com\/wp-content\/uploads\/2024\/05\/Silent-diesel-welder-generator.webp","datePublished":"2024-05-27T01:04:57+00:00","description":"Das 2 kW\/5 kW Silent Diesel-Schwei\u00dfger\u00e4t und der Generator erm\u00f6glichen leises und effizientes Schwei\u00dfen und Stromerzeugen. Dank des ger\u00e4uscharmen Designs ist es vielseitig und zuverl\u00e4ssig f\u00fcr verschiedene Anwendungen geeignet.","breadcrumb":{"@id":"https:\/\/www.excalibur-generator.com\/de\/2-kw-5-kw-leises-dieselschweisgerat-und-generator.html#breadcrumb"},"inLanguage":"de","potentialAction":[{"@type":"ReadAction","target":["https:\/\/www.excalibur-generator.com\/de\/2-kw-5-kw-leises-dieselschweisgerat-und-generator.html"]}]},{"@type":"ImageObject","inLanguage":"de","@id":"https:\/\/www.excalibur-generator.com\/de\/2-kw-5-kw-leises-dieselschweisgerat-und-generator.html#primaryimage","url":"https:\/\/www.excalibur-generator.com\/wp-content\/uploads\/2024\/05\/Silent-diesel-welder-generator.webp","contentUrl":"https:\/\/www.excalibur-generator.com\/wp-content\/uploads\/2024\/05\/Silent-diesel-welder-generator.webp","width":800,"height":800,"caption":"Silent-diesel-welder-generator"},{"@type":"BreadcrumbList","@id":"https:\/\/www.excalibur-generator.com\/de\/2-kw-5-kw-leises-dieselschweisgerat-und-generator.html#breadcrumb","itemListElement":[{"@type":"ListItem","position":1,"name":"Home","item":"https:\/\/www.excalibur-generator.com\/de\/"},{"@type":"ListItem","position":2,"name":"Produkte","item":"https:\/\/www.excalibur-generator.com\/de\/produkte.html"},{"@type":"ListItem","position":3,"name":"2 kW\/5 kW Leiser Dieselschwei\u00dfer und Generator"}]},{"@type":"WebSite","@id":"https:\/\/www.excalibur-generator.com\/de\/#website","url":"https:\/\/www.excalibur-generator.com\/de\/","name":"Excalibur Generator","description":"","publisher":{"@id":"https:\/\/www.excalibur-generator.com\/de\/#organization"},"potentialAction":[{"@type":"SearchAction","target":{"@type":"EntryPoint","urlTemplate":"https:\/\/www.excalibur-generator.com\/de\/?s={search_term_string}"},"query-input":{"@type":"PropertyValueSpecification","valueRequired":true,"valueName":"search_term_string"}}],"inLanguage":"de"},{"@type":"Organization","@id":"https:\/\/www.excalibur-generator.com\/de\/#organization","name":"Excalibur Generator","url":"https:\/\/www.excalibur-generator.com\/de\/","logo":{"@type":"ImageObject","inLanguage":"de","@id":"https:\/\/www.excalibur-generator.com\/de\/#\/schema\/logo\/image\/","url":"https:\/\/www.excalibur-generator.com\/wp-content\/uploads\/2024\/05\/EXCALIBUR.png","contentUrl":"https:\/\/www.excalibur-generator.com\/wp-content\/uploads\/2024\/05\/EXCALIBUR.png","width":350,"height":79,"caption":"Excalibur Generator"},"image":{"@id":"https:\/\/www.excalibur-generator.com\/de\/#\/schema\/logo\/image\/"}}]}},"_links":{"self":[{"href":"https:\/\/www.excalibur-generator.com\/de\/wp-json\/wp\/v2\/product\/9685","targetHints":{"allow":["GET"]}}],"collection":[{"href":"https:\/\/www.excalibur-generator.com\/de\/wp-json\/wp\/v2\/product"}],"about":[{"href":"https:\/\/www.excalibur-generator.com\/de\/wp-json\/wp\/v2\/types\/product"}],"replies":[{"embeddable":true,"href":"https:\/\/www.excalibur-generator.com\/de\/wp-json\/wp\/v2\/comments?post=9685"}],"wp:featuredmedia":[{"embeddable":true,"href":"https:\/\/www.excalibur-generator.com\/de\/wp-json\/wp\/v2\/media\/9686"}],"wp:attachment":[{"href":"https:\/\/www.excalibur-generator.com\/de\/wp-json\/wp\/v2\/media?parent=9685"}],"wp:term":[{"taxonomy":"product_brand","embeddable":true,"href":"https:\/\/www.excalibur-generator.com\/de\/wp-json\/wp\/v2\/product_brand?post=9685"},{"taxonomy":"product_cat","embeddable":true,"href":"https:\/\/www.excalibur-generator.com\/de\/wp-json\/wp\/v2\/product_cat?post=9685"},{"taxonomy":"product_tag","embeddable":true,"href":"https:\/\/www.excalibur-generator.com\/de\/wp-json\/wp\/v2\/product_tag?post=9685"}],"curies":[{"name":"wp","href":"https:\/\/api.w.org\/{rel}","templated":true}]}}