{"id":9689,"date":"2024-05-27T09:00:24","date_gmt":"2024-05-27T01:00:24","guid":{"rendered":"https:\/\/www.excalibur-generator.com\/2-kw-3-kw-offener-benzinschweisser-und-generator\/"},"modified":"2024-05-27T09:00:24","modified_gmt":"2024-05-27T01:00:24","slug":"2-kw-3-kw-offener-benzinschweisser-und-generator","status":"publish","type":"product","link":"https:\/\/www.excalibur-generator.com\/de\/2kw-3kw-offenes-benzin-schweisgerat-und-generator.html","title":{"rendered":"2 kW\/3 kW Offener Benzinschwei\u00dfer und Generator"},"content":{"rendered":"<h2><strong>Produkteigenschaft<\/strong><\/h2>\n<p>\u25cf NUR EINPHASIG<\/p>\n<p>\u25cf Maximale Gleichstromschwei\u00dfleistung von 230 A<\/p>\n<p>\u25cf 2800 Watt maximale Startleistung, 3000 Watt Betriebsleistung<\/p>\n<p>\u25cf Verf\u00fcgt \u00fcber einen leistungsstarken, zuverl\u00e4ssigen Excalibur 465cc Benzinmotor<\/p>\n<p>\u25cf 13 Stunden Laufzeit bei 50 % Last<\/p>\n<p>\u25cf Elektrostart mit manueller Sicherung, 1 2-V-Batterie im Lieferumfang enthalten<\/p>\n<p>\u25cf Digitalanzeige f\u00fcr schnelle und einfache Schwei\u00dfeinstellungen (optional)<\/p>\n<p>\u25cf Inklusive 8-Zoll-Radsatz f\u00fcr einfachen Transport auf der Baustelle <\/p>\n<h2><strong>Produktparameter<\/strong><\/h2>\n<table align=\"center\">\n<colgroup>\n<col>\n<col>\n<col>\n<col><\/colgroup>\n<tbody>\n<tr class=\"firstRow\">\n<td>Modell<\/td>\n<td>S6500CXW<\/td>\n<td>S7500CXW<\/td>\n<td>S8500CXW<\/td>\n<\/tr>\n<tr>\n<td>Frequenz (HZ)<\/td>\n<td>50Hz or 60Hz<\/td>\n<td>50 Hz oder 60 Hz<\/td>\n<td>50 Hz oder 60 Hz<\/td>\n<\/tr>\n<tr>\n<td>Nennspannung (V)<\/td>\n<td colspan=\"3\">110V,220V,230V,240V<\/td>\n<\/tr>\n<tr>\n<td>Nennleistung kW<\/td>\n<td>1.8\/2.0<\/td>\n<td>2.0 \/2.2<\/td>\n<td>2.8\/3.0<\/td>\n<\/tr>\n<tr>\n<td>DC-Ausgang<\/td>\n<td>12V-8.3A<\/td>\n<td>12V-8.3A<\/td>\n<td>12V-8.3A<\/td>\n<\/tr>\n<tr>\n<td>Leistungsfaktor<\/td>\n<td>1.0<\/td>\n<td>1.0<\/td>\n<td>1.0<\/td>\n<\/tr>\n<tr>\n<td>Schwei\u00dfspannung (DC)(V)<\/td>\n<td>50-30<\/td>\n<td>50-30<\/td>\n<td>50-30<\/td>\n<\/tr>\n<tr>\n<td>Nennschwei\u00dfstrom DC<\/td>\n<td>50A-180A<\/td>\n<td>50A-190A<\/td>\n<td>50A-230A<\/td>\n<\/tr>\n<tr>\n<td>Elektrode(mm)<\/td>\n<td>1.6-4.0<\/td>\n<td>1.6-4.0<\/td>\n<td>1.6-4.0<\/td>\n<\/tr>\n<tr>\n<td>Ger\u00e4uschpegel (7 m) dB(A)<\/td>\n<td>68<\/td>\n<td>68<\/td>\n<td>68<\/td>\n<\/tr>\n<tr>\n<td>Motormodell<\/td>\n<td>S420<\/td>\n<td>S420<\/td>\n<td>S460<\/td>\n<\/tr>\n<tr>\n<td>Kraftstofftankinhalt (l)<\/td>\n<td>25<\/td>\n<td>25<\/td>\n<td>25<\/td>\n<\/tr>\n<tr>\n<td>Kontinuierliche Laufzeit (Std.)<\/td>\n<td>13h<\/td>\n<td>13h<\/td>\n<td>13h<\/td>\n<\/tr>\n<tr>\n<td>Startsystem<\/td>\n<td colspan=\"3\">Manueller\/elektrischer Start<\/td>\n<\/tr>\n<tr>\n<td>Verpackungsgr\u00f6\u00dfe (L*B*H) mm<\/td>\n<td>750*600*640<\/td>\n<td>750*600*640<\/td>\n<td>750*600*640<\/td>\n<\/tr>\n<tr>\n<td>Nettogewicht (KG\uff09<\/td>\n<td>95<\/td>\n<td>97<\/td>\n<td>103<\/td>\n<\/tr>\n<\/tbody>\n<\/table>\n","protected":false},"excerpt":{"rendered":"<p><strong>Modell:<\/strong><\/p>\n<div>S8500CXW<\/div>\n<div><\/div>\n<div><strong>Nennleistung:<\/strong><\/div>\n<div>2.8KW\/3.0KW<\/div>\n<div><\/div>\n<div><strong>Nennstrom:<\/strong><\/div>\n<div>50A-230A<\/div>\n<div><\/div>\n<div><strong>Gleichstromausgang:<\/strong><\/div>\n<div>12 V \u2013 8,3 A<\/div>\n<div><\/div>\n<div><strong>Ger\u00e4uschpegel (7 m) dB(A):<\/strong><\/div>\n<div>68<\/div>\n","protected":false},"featured_media":9690,"comment_status":"open","ping_status":"closed","template":"","meta":{"site-sidebar-layout":"default","site-content-layout":"","ast-site-content-layout":"default","site-content-style":"default","site-sidebar-style":"default","ast-global-header-display":"","ast-banner-title-visibility":"","ast-main-header-display":"","ast-hfb-above-header-display":"","ast-hfb-below-header-display":"","ast-hfb-mobile-header-display":"","site-post-title":"","ast-breadcrumbs-content":"","ast-featured-img":"","footer-sml-layout":"","theme-transparent-header-meta":"default","adv-header-id-meta":"","stick-header-meta":"","header-above-stick-meta":"","header-main-stick-meta":"","header-below-stick-meta":"","astra-migrate-meta-layouts":"default","ast-page-background-enabled":"default","ast-page-background-meta":{"desktop":{"background-color":"var(--ast-global-color-4)","background-image":"","background-repeat":"repeat","background-position":"center center","background-size":"auto","background-attachment":"scroll","background-type":"","background-media":"","overlay-type":"","overlay-color":"","overlay-opacity":"","overlay-gradient":""},"tablet":{"background-color":"","background-image":"","background-repeat":"repeat","background-position":"center center","background-size":"auto","background-attachment":"scroll","background-type":"","background-media":"","overlay-type":"","overlay-color":"","overlay-opacity":"","overlay-gradient":""},"mobile":{"background-color":"","background-image":"","background-repeat":"repeat","background-position":"center center","background-size":"auto","background-attachment":"scroll","background-type":"","background-media":"","overlay-type":"","overlay-color":"","overlay-opacity":"","overlay-gradient":""}},"ast-content-background-meta":{"desktop":{"background-color":"var(--ast-global-color-5)","background-image":"","background-repeat":"repeat","background-position":"center center","background-size":"auto","background-attachment":"scroll","background-type":"","background-media":"","overlay-type":"","overlay-color":"","overlay-opacity":"","overlay-gradient":""},"tablet":{"background-color":"var(--ast-global-color-5)","background-image":"","background-repeat":"repeat","background-position":"center center","background-size":"auto","background-attachment":"scroll","background-type":"","background-media":"","overlay-type":"","overlay-color":"","overlay-opacity":"","overlay-gradient":""},"mobile":{"background-color":"var(--ast-global-color-5)","background-image":"","background-repeat":"repeat","background-position":"center center","background-size":"auto","background-attachment":"scroll","background-type":"","background-media":"","overlay-type":"","overlay-color":"","overlay-opacity":"","overlay-gradient":""}}},"product_brand":[],"product_cat":[95],"product_tag":[99],"class_list":{"0":"post-9689","1":"product","2":"type-product","3":"status-publish","4":"has-post-thumbnail","6":"product_cat-unkategorisiert","7":"product_tag-generator-offen","8":"desktop-align-left","9":"tablet-align-left","10":"mobile-align-left","12":"first","13":"instock","14":"shipping-taxable","15":"product-type-simple"},"yoast_head":"<!-- This site is optimized with the Yoast SEO plugin v26.5 - https:\/\/yoast.com\/wordpress\/plugins\/seo\/ -->\n<title>2 kW\/3 kW Offener Benzinschwei\u00dfer und Generator &#8211; Excalibur Generator<\/title>\n<meta name=\"description\" content=\"Das offene 2-kW\/3-kW-Benzinschwei\u00dfger\u00e4t und der Generator erm\u00f6glichen tragbares und effizientes Schwei\u00dfen und Stromerzeugen. Das offene Design gew\u00e4hrleistet Zug\u00e4nglichkeit und Benutzerfreundlichkeit f\u00fcr vielseitige Anwendungen.\" \/>\n<meta name=\"robots\" content=\"index, follow, max-snippet:-1, max-image-preview:large, max-video-preview:-1\" \/>\n<link rel=\"canonical\" href=\"https:\/\/www.excalibur-generator.com\/de\/2kw-3kw-offenes-benzin-schweisgerat-und-generator.html\" \/>\n<meta name=\"twitter:label1\" content=\"Gesch\u00e4tzte Lesezeit\" \/>\n\t<meta name=\"twitter:data1\" content=\"1\u00a0Minute\" \/>\n<script type=\"application\/ld+json\" class=\"yoast-schema-graph\">{\"@context\":\"https:\/\/schema.org\",\"@graph\":[{\"@type\":\"WebPage\",\"@id\":\"https:\/\/www.excalibur-generator.com\/de\/2kw-3kw-offenes-benzin-schweisgerat-und-generator.html\",\"url\":\"https:\/\/www.excalibur-generator.com\/de\/2kw-3kw-offenes-benzin-schweisgerat-und-generator.html\",\"name\":\"2 kW\/3 kW Offener Benzinschwei\u00dfer und Generator &#8211; Excalibur Generator\",\"isPartOf\":{\"@id\":\"https:\/\/www.excalibur-generator.com\/de\/#website\"},\"primaryImageOfPage\":{\"@id\":\"https:\/\/www.excalibur-generator.com\/de\/2kw-3kw-offenes-benzin-schweisgerat-und-generator.html#primaryimage\"},\"image\":{\"@id\":\"https:\/\/www.excalibur-generator.com\/de\/2kw-3kw-offenes-benzin-schweisgerat-und-generator.html#primaryimage\"},\"thumbnailUrl\":\"https:\/\/www.excalibur-generator.com\/wp-content\/uploads\/2024\/05\/gasoline-welder-generator.webp\",\"datePublished\":\"2024-05-27T01:00:24+00:00\",\"description\":\"Das offene 2-kW\/3-kW-Benzinschwei\u00dfger\u00e4t und der Generator erm\u00f6glichen tragbares und effizientes Schwei\u00dfen und Stromerzeugen. Das offene Design gew\u00e4hrleistet Zug\u00e4nglichkeit und Benutzerfreundlichkeit f\u00fcr vielseitige Anwendungen.\",\"breadcrumb\":{\"@id\":\"https:\/\/www.excalibur-generator.com\/de\/2kw-3kw-offenes-benzin-schweisgerat-und-generator.html#breadcrumb\"},\"inLanguage\":\"de\",\"potentialAction\":[{\"@type\":\"ReadAction\",\"target\":[\"https:\/\/www.excalibur-generator.com\/de\/2kw-3kw-offenes-benzin-schweisgerat-und-generator.html\"]}]},{\"@type\":\"ImageObject\",\"inLanguage\":\"de\",\"@id\":\"https:\/\/www.excalibur-generator.com\/de\/2kw-3kw-offenes-benzin-schweisgerat-und-generator.html#primaryimage\",\"url\":\"https:\/\/www.excalibur-generator.com\/wp-content\/uploads\/2024\/05\/gasoline-welder-generator.webp\",\"contentUrl\":\"https:\/\/www.excalibur-generator.com\/wp-content\/uploads\/2024\/05\/gasoline-welder-generator.webp\",\"width\":800,\"height\":800,\"caption\":\"gasoline-welder-generator\"},{\"@type\":\"BreadcrumbList\",\"@id\":\"https:\/\/www.excalibur-generator.com\/de\/2kw-3kw-offenes-benzin-schweisgerat-und-generator.html#breadcrumb\",\"itemListElement\":[{\"@type\":\"ListItem\",\"position\":1,\"name\":\"Home\",\"item\":\"https:\/\/www.excalibur-generator.com\/de\/\"},{\"@type\":\"ListItem\",\"position\":2,\"name\":\"Produkte\",\"item\":\"https:\/\/www.excalibur-generator.com\/de\/produkte.html\"},{\"@type\":\"ListItem\",\"position\":3,\"name\":\"2 kW\/3 kW Offener Benzinschwei\u00dfer und Generator\"}]},{\"@type\":\"WebSite\",\"@id\":\"https:\/\/www.excalibur-generator.com\/de\/#website\",\"url\":\"https:\/\/www.excalibur-generator.com\/de\/\",\"name\":\"Excalibur Generator\",\"description\":\"\",\"publisher\":{\"@id\":\"https:\/\/www.excalibur-generator.com\/de\/#organization\"},\"potentialAction\":[{\"@type\":\"SearchAction\",\"target\":{\"@type\":\"EntryPoint\",\"urlTemplate\":\"https:\/\/www.excalibur-generator.com\/de\/?s={search_term_string}\"},\"query-input\":{\"@type\":\"PropertyValueSpecification\",\"valueRequired\":true,\"valueName\":\"search_term_string\"}}],\"inLanguage\":\"de\"},{\"@type\":\"Organization\",\"@id\":\"https:\/\/www.excalibur-generator.com\/de\/#organization\",\"name\":\"Excalibur Generator\",\"url\":\"https:\/\/www.excalibur-generator.com\/de\/\",\"logo\":{\"@type\":\"ImageObject\",\"inLanguage\":\"de\",\"@id\":\"https:\/\/www.excalibur-generator.com\/de\/#\/schema\/logo\/image\/\",\"url\":\"https:\/\/www.excalibur-generator.com\/wp-content\/uploads\/2024\/05\/EXCALIBUR.png\",\"contentUrl\":\"https:\/\/www.excalibur-generator.com\/wp-content\/uploads\/2024\/05\/EXCALIBUR.png\",\"width\":350,\"height\":79,\"caption\":\"Excalibur Generator\"},\"image\":{\"@id\":\"https:\/\/www.excalibur-generator.com\/de\/#\/schema\/logo\/image\/\"}}]}<\/script>\n<!-- \/ Yoast SEO plugin. -->","yoast_head_json":{"title":"2 kW\/3 kW Offener Benzinschwei\u00dfer und Generator &#8211; Excalibur Generator","description":"Das offene 2-kW\/3-kW-Benzinschwei\u00dfger\u00e4t und der Generator erm\u00f6glichen tragbares und effizientes Schwei\u00dfen und Stromerzeugen. Das offene Design gew\u00e4hrleistet Zug\u00e4nglichkeit und Benutzerfreundlichkeit f\u00fcr vielseitige Anwendungen.","robots":{"index":"index","follow":"follow","max-snippet":"max-snippet:-1","max-image-preview":"max-image-preview:large","max-video-preview":"max-video-preview:-1"},"canonical":"https:\/\/www.excalibur-generator.com\/de\/2kw-3kw-offenes-benzin-schweisgerat-und-generator.html","twitter_misc":{"Gesch\u00e4tzte Lesezeit":"1\u00a0Minute"},"schema":{"@context":"https:\/\/schema.org","@graph":[{"@type":"WebPage","@id":"https:\/\/www.excalibur-generator.com\/de\/2kw-3kw-offenes-benzin-schweisgerat-und-generator.html","url":"https:\/\/www.excalibur-generator.com\/de\/2kw-3kw-offenes-benzin-schweisgerat-und-generator.html","name":"2 kW\/3 kW Offener Benzinschwei\u00dfer und Generator &#8211; Excalibur Generator","isPartOf":{"@id":"https:\/\/www.excalibur-generator.com\/de\/#website"},"primaryImageOfPage":{"@id":"https:\/\/www.excalibur-generator.com\/de\/2kw-3kw-offenes-benzin-schweisgerat-und-generator.html#primaryimage"},"image":{"@id":"https:\/\/www.excalibur-generator.com\/de\/2kw-3kw-offenes-benzin-schweisgerat-und-generator.html#primaryimage"},"thumbnailUrl":"https:\/\/www.excalibur-generator.com\/wp-content\/uploads\/2024\/05\/gasoline-welder-generator.webp","datePublished":"2024-05-27T01:00:24+00:00","description":"Das offene 2-kW\/3-kW-Benzinschwei\u00dfger\u00e4t und der Generator erm\u00f6glichen tragbares und effizientes Schwei\u00dfen und Stromerzeugen. Das offene Design gew\u00e4hrleistet Zug\u00e4nglichkeit und Benutzerfreundlichkeit f\u00fcr vielseitige Anwendungen.","breadcrumb":{"@id":"https:\/\/www.excalibur-generator.com\/de\/2kw-3kw-offenes-benzin-schweisgerat-und-generator.html#breadcrumb"},"inLanguage":"de","potentialAction":[{"@type":"ReadAction","target":["https:\/\/www.excalibur-generator.com\/de\/2kw-3kw-offenes-benzin-schweisgerat-und-generator.html"]}]},{"@type":"ImageObject","inLanguage":"de","@id":"https:\/\/www.excalibur-generator.com\/de\/2kw-3kw-offenes-benzin-schweisgerat-und-generator.html#primaryimage","url":"https:\/\/www.excalibur-generator.com\/wp-content\/uploads\/2024\/05\/gasoline-welder-generator.webp","contentUrl":"https:\/\/www.excalibur-generator.com\/wp-content\/uploads\/2024\/05\/gasoline-welder-generator.webp","width":800,"height":800,"caption":"gasoline-welder-generator"},{"@type":"BreadcrumbList","@id":"https:\/\/www.excalibur-generator.com\/de\/2kw-3kw-offenes-benzin-schweisgerat-und-generator.html#breadcrumb","itemListElement":[{"@type":"ListItem","position":1,"name":"Home","item":"https:\/\/www.excalibur-generator.com\/de\/"},{"@type":"ListItem","position":2,"name":"Produkte","item":"https:\/\/www.excalibur-generator.com\/de\/produkte.html"},{"@type":"ListItem","position":3,"name":"2 kW\/3 kW Offener Benzinschwei\u00dfer und Generator"}]},{"@type":"WebSite","@id":"https:\/\/www.excalibur-generator.com\/de\/#website","url":"https:\/\/www.excalibur-generator.com\/de\/","name":"Excalibur Generator","description":"","publisher":{"@id":"https:\/\/www.excalibur-generator.com\/de\/#organization"},"potentialAction":[{"@type":"SearchAction","target":{"@type":"EntryPoint","urlTemplate":"https:\/\/www.excalibur-generator.com\/de\/?s={search_term_string}"},"query-input":{"@type":"PropertyValueSpecification","valueRequired":true,"valueName":"search_term_string"}}],"inLanguage":"de"},{"@type":"Organization","@id":"https:\/\/www.excalibur-generator.com\/de\/#organization","name":"Excalibur Generator","url":"https:\/\/www.excalibur-generator.com\/de\/","logo":{"@type":"ImageObject","inLanguage":"de","@id":"https:\/\/www.excalibur-generator.com\/de\/#\/schema\/logo\/image\/","url":"https:\/\/www.excalibur-generator.com\/wp-content\/uploads\/2024\/05\/EXCALIBUR.png","contentUrl":"https:\/\/www.excalibur-generator.com\/wp-content\/uploads\/2024\/05\/EXCALIBUR.png","width":350,"height":79,"caption":"Excalibur Generator"},"image":{"@id":"https:\/\/www.excalibur-generator.com\/de\/#\/schema\/logo\/image\/"}}]}},"_links":{"self":[{"href":"https:\/\/www.excalibur-generator.com\/de\/wp-json\/wp\/v2\/product\/9689","targetHints":{"allow":["GET"]}}],"collection":[{"href":"https:\/\/www.excalibur-generator.com\/de\/wp-json\/wp\/v2\/product"}],"about":[{"href":"https:\/\/www.excalibur-generator.com\/de\/wp-json\/wp\/v2\/types\/product"}],"replies":[{"embeddable":true,"href":"https:\/\/www.excalibur-generator.com\/de\/wp-json\/wp\/v2\/comments?post=9689"}],"wp:featuredmedia":[{"embeddable":true,"href":"https:\/\/www.excalibur-generator.com\/de\/wp-json\/wp\/v2\/media\/9690"}],"wp:attachment":[{"href":"https:\/\/www.excalibur-generator.com\/de\/wp-json\/wp\/v2\/media?parent=9689"}],"wp:term":[{"taxonomy":"product_brand","embeddable":true,"href":"https:\/\/www.excalibur-generator.com\/de\/wp-json\/wp\/v2\/product_brand?post=9689"},{"taxonomy":"product_cat","embeddable":true,"href":"https:\/\/www.excalibur-generator.com\/de\/wp-json\/wp\/v2\/product_cat?post=9689"},{"taxonomy":"product_tag","embeddable":true,"href":"https:\/\/www.excalibur-generator.com\/de\/wp-json\/wp\/v2\/product_tag?post=9689"}],"curies":[{"name":"wp","href":"https:\/\/api.w.org\/{rel}","templated":true}]}}