{"id":9697,"date":"2024-05-24T11:04:00","date_gmt":"2024-05-24T03:04:00","guid":{"rendered":"https:\/\/www.excalibur-generator.com\/8-ps-dieselmotor-einzylinder\/"},"modified":"2024-05-24T11:04:00","modified_gmt":"2024-05-24T03:04:00","slug":"8-ps-dieselmotor-einzylinder","status":"publish","type":"product","link":"https:\/\/www.excalibur-generator.com\/de\/8-ps-dieselmotor-einzylinder.html","title":{"rendered":"8 PS Dieselmotor Einzylinder"},"content":{"rendered":"<table>\n<colgroup>\n<col>\n<col><\/colgroup>\n<tbody>\n<tr class=\"firstRow\">\n<td>Modell<\/td>\n<td>S186FA<\/td>\n<\/tr>\n<tr>\n<td>Typ<\/td>\n<td>Luftgek\u00fchlt, 4-Takt, Einzylinder, vertikal<\/td>\n<\/tr>\n<tr>\n<td>Bohrung*Hub (mm)<\/td>\n<td>86*72<\/td>\n<\/tr>\n<tr>\n<td>Displacement (cc)<\/td>\n<td>418<\/td>\n<\/tr>\n<tr>\n<td>Verbrennungssystem<\/td>\n<td>Direkteinspritzung<\/td>\n<\/tr>\n<tr>\n<td rowspan=\"2\">Nennleistung kW (PS)\/U\/min<\/td>\n<td>5.7(7.8)\/3000<\/td>\n<\/tr>\n<tr>\n<td>6.6(8.9)\/3600<\/td>\n<\/tr>\n<tr>\n<td rowspan=\"2\">Maximale Leistung kW (PS)\/U\/min<\/td>\n<td>6.3(8.6)\/3000<\/td>\n<\/tr>\n<tr>\n<td>7.3(9.9)\/3600<\/td>\n<\/tr>\n<tr>\n<td>Drehrichtung<\/td>\n<td>Gegen den Uhrzeigersinn, mit Blick auf die Zapfwelle<\/td>\n<\/tr>\n<tr>\n<td>Kraftstoff<\/td>\n<td>0#(Sommer)\/-10#(Winter)<\/td>\n<\/tr>\n<tr>\n<td>Kraftstofftankinhalt (l)<\/td>\n<td>5.5<\/td>\n<\/tr>\n<tr>\n<td>Schmier\u00f6lkapazit\u00e4t (l)<\/td>\n<td>1.65<\/td>\n<\/tr>\n<tr>\n<td>Schmiersystem<\/td>\n<td>Pressre spritzte<\/td>\n<\/tr>\n<tr>\n<td>Startsystem<\/td>\n<td>R\u00fccksto\u00dfstarter\/Elektrostarter<\/td>\n<\/tr>\n<tr>\n<td>Verpackungsgr\u00f6\u00dfe (mm)<\/td>\n<td><\/td>\n<\/tr>\n<tr>\n<td>Nettogewicht<\/td>\n<td>48<\/td>\n<\/tr>\n<\/tbody>\n<\/table>\n","protected":false},"excerpt":{"rendered":"<p>Modell S186FA Typ Luftgek\u00fchlt, 4-Takt, Einzylinder, vertikal Bohrung*Hub (mm) 86*72 Displacement (cc) 418 Verbrennungssystem Direkteinspritzung Nennleistung kW (PS)\/U\/min 5.7(7.8)\/3000 6.6(8.9)\/3600 Maximale Leistung kW (PS)\/U\/min 6.3(8.6)\/3000 7.3(9.9)\/3600 Drehrichtung Gegen den Uhrzeigersinn, mit Blick auf die Zapfwelle Kraftstoff 0#(Sommer)\/-10#(Winter) Kraftstofftankinhalt (l) 5.5 Schmier\u00f6lkapazit\u00e4t (l) 1.65 Schmiersystem Pressre spritzte Startsystem R\u00fccksto\u00dfstarter\/Elektrostarter Verpackungsgr\u00f6\u00dfe (mm) Nettogewicht 48<\/p>\n","protected":false},"featured_media":9698,"comment_status":"open","ping_status":"closed","template":"","meta":{"site-sidebar-layout":"default","site-content-layout":"","ast-site-content-layout":"default","site-content-style":"default","site-sidebar-style":"default","ast-global-header-display":"","ast-banner-title-visibility":"","ast-main-header-display":"","ast-hfb-above-header-display":"","ast-hfb-below-header-display":"","ast-hfb-mobile-header-display":"","site-post-title":"","ast-breadcrumbs-content":"","ast-featured-img":"","footer-sml-layout":"","theme-transparent-header-meta":"default","adv-header-id-meta":"","stick-header-meta":"","header-above-stick-meta":"","header-main-stick-meta":"","header-below-stick-meta":"","astra-migrate-meta-layouts":"default","ast-page-background-enabled":"default","ast-page-background-meta":{"desktop":{"background-color":"var(--ast-global-color-4)","background-image":"","background-repeat":"repeat","background-position":"center center","background-size":"auto","background-attachment":"scroll","background-type":"","background-media":"","overlay-type":"","overlay-color":"","overlay-opacity":"","overlay-gradient":""},"tablet":{"background-color":"","background-image":"","background-repeat":"repeat","background-position":"center center","background-size":"auto","background-attachment":"scroll","background-type":"","background-media":"","overlay-type":"","overlay-color":"","overlay-opacity":"","overlay-gradient":""},"mobile":{"background-color":"","background-image":"","background-repeat":"repeat","background-position":"center center","background-size":"auto","background-attachment":"scroll","background-type":"","background-media":"","overlay-type":"","overlay-color":"","overlay-opacity":"","overlay-gradient":""}},"ast-content-background-meta":{"desktop":{"background-color":"var(--ast-global-color-5)","background-image":"","background-repeat":"repeat","background-position":"center center","background-size":"auto","background-attachment":"scroll","background-type":"","background-media":"","overlay-type":"","overlay-color":"","overlay-opacity":"","overlay-gradient":""},"tablet":{"background-color":"var(--ast-global-color-5)","background-image":"","background-repeat":"repeat","background-position":"center center","background-size":"auto","background-attachment":"scroll","background-type":"","background-media":"","overlay-type":"","overlay-color":"","overlay-opacity":"","overlay-gradient":""},"mobile":{"background-color":"var(--ast-global-color-5)","background-image":"","background-repeat":"repeat","background-position":"center center","background-size":"auto","background-attachment":"scroll","background-type":"","background-media":"","overlay-type":"","overlay-color":"","overlay-opacity":"","overlay-gradient":""}}},"product_brand":[],"product_cat":[95],"product_tag":[],"class_list":{"0":"post-9697","1":"product","2":"type-product","3":"status-publish","4":"has-post-thumbnail","6":"product_cat-unkategorisiert","7":"desktop-align-left","8":"tablet-align-left","9":"mobile-align-left","11":"first","12":"instock","13":"shipping-taxable","14":"product-type-simple"},"yoast_head":"<!-- This site is optimized with the Yoast SEO plugin v26.5 - https:\/\/yoast.com\/wordpress\/plugins\/seo\/ -->\n<title>8 PS Dieselmotor Einzylinder &#8211; Excalibur Generator<\/title>\n<meta name=\"description\" content=\"Ein einzylindriger 8-PS-Dieselmotor, der f\u00fcr seine Effizienz und Zuverl\u00e4ssigkeit bekannt ist und sich ideal f\u00fcr verschiedene Anwendungen eignet.\" \/>\n<meta name=\"robots\" content=\"index, follow, max-snippet:-1, max-image-preview:large, max-video-preview:-1\" \/>\n<link rel=\"canonical\" href=\"https:\/\/www.excalibur-generator.com\/de\/8-ps-dieselmotor-einzylinder.html\" \/>\n<script type=\"application\/ld+json\" class=\"yoast-schema-graph\">{\"@context\":\"https:\/\/schema.org\",\"@graph\":[{\"@type\":\"WebPage\",\"@id\":\"https:\/\/www.excalibur-generator.com\/de\/8-ps-dieselmotor-einzylinder.html\",\"url\":\"https:\/\/www.excalibur-generator.com\/de\/8-ps-dieselmotor-einzylinder.html\",\"name\":\"8 PS Dieselmotor Einzylinder &#8211; Excalibur Generator\",\"isPartOf\":{\"@id\":\"https:\/\/www.excalibur-generator.com\/de\/#website\"},\"primaryImageOfPage\":{\"@id\":\"https:\/\/www.excalibur-generator.com\/de\/8-ps-dieselmotor-einzylinder.html#primaryimage\"},\"image\":{\"@id\":\"https:\/\/www.excalibur-generator.com\/de\/8-ps-dieselmotor-einzylinder.html#primaryimage\"},\"thumbnailUrl\":\"https:\/\/www.excalibur-generator.com\/wp-content\/uploads\/2024\/05\/8HP-Diesel-Engine-Single-Cylinder.jpg\",\"datePublished\":\"2024-05-24T03:04:00+00:00\",\"description\":\"Ein einzylindriger 8-PS-Dieselmotor, der f\u00fcr seine Effizienz und Zuverl\u00e4ssigkeit bekannt ist und sich ideal f\u00fcr verschiedene Anwendungen eignet.\",\"breadcrumb\":{\"@id\":\"https:\/\/www.excalibur-generator.com\/de\/8-ps-dieselmotor-einzylinder.html#breadcrumb\"},\"inLanguage\":\"de\",\"potentialAction\":[{\"@type\":\"ReadAction\",\"target\":[\"https:\/\/www.excalibur-generator.com\/de\/8-ps-dieselmotor-einzylinder.html\"]}]},{\"@type\":\"ImageObject\",\"inLanguage\":\"de\",\"@id\":\"https:\/\/www.excalibur-generator.com\/de\/8-ps-dieselmotor-einzylinder.html#primaryimage\",\"url\":\"https:\/\/www.excalibur-generator.com\/wp-content\/uploads\/2024\/05\/8HP-Diesel-Engine-Single-Cylinder.jpg\",\"contentUrl\":\"https:\/\/www.excalibur-generator.com\/wp-content\/uploads\/2024\/05\/8HP-Diesel-Engine-Single-Cylinder.jpg\",\"width\":800,\"height\":800,\"caption\":\"8HP-Diesel-Engine-Single-Cylinder\"},{\"@type\":\"BreadcrumbList\",\"@id\":\"https:\/\/www.excalibur-generator.com\/de\/8-ps-dieselmotor-einzylinder.html#breadcrumb\",\"itemListElement\":[{\"@type\":\"ListItem\",\"position\":1,\"name\":\"Home\",\"item\":\"https:\/\/www.excalibur-generator.com\/de\/\"},{\"@type\":\"ListItem\",\"position\":2,\"name\":\"Produkte\",\"item\":\"https:\/\/www.excalibur-generator.com\/de\/produkte.html\"},{\"@type\":\"ListItem\",\"position\":3,\"name\":\"8 PS Dieselmotor Einzylinder\"}]},{\"@type\":\"WebSite\",\"@id\":\"https:\/\/www.excalibur-generator.com\/de\/#website\",\"url\":\"https:\/\/www.excalibur-generator.com\/de\/\",\"name\":\"Excalibur Generator\",\"description\":\"\",\"publisher\":{\"@id\":\"https:\/\/www.excalibur-generator.com\/de\/#organization\"},\"potentialAction\":[{\"@type\":\"SearchAction\",\"target\":{\"@type\":\"EntryPoint\",\"urlTemplate\":\"https:\/\/www.excalibur-generator.com\/de\/?s={search_term_string}\"},\"query-input\":{\"@type\":\"PropertyValueSpecification\",\"valueRequired\":true,\"valueName\":\"search_term_string\"}}],\"inLanguage\":\"de\"},{\"@type\":\"Organization\",\"@id\":\"https:\/\/www.excalibur-generator.com\/de\/#organization\",\"name\":\"Excalibur Generator\",\"url\":\"https:\/\/www.excalibur-generator.com\/de\/\",\"logo\":{\"@type\":\"ImageObject\",\"inLanguage\":\"de\",\"@id\":\"https:\/\/www.excalibur-generator.com\/de\/#\/schema\/logo\/image\/\",\"url\":\"https:\/\/www.excalibur-generator.com\/wp-content\/uploads\/2024\/05\/EXCALIBUR.png\",\"contentUrl\":\"https:\/\/www.excalibur-generator.com\/wp-content\/uploads\/2024\/05\/EXCALIBUR.png\",\"width\":350,\"height\":79,\"caption\":\"Excalibur Generator\"},\"image\":{\"@id\":\"https:\/\/www.excalibur-generator.com\/de\/#\/schema\/logo\/image\/\"}}]}<\/script>\n<!-- \/ Yoast SEO plugin. -->","yoast_head_json":{"title":"8 PS Dieselmotor Einzylinder &#8211; Excalibur Generator","description":"Ein einzylindriger 8-PS-Dieselmotor, der f\u00fcr seine Effizienz und Zuverl\u00e4ssigkeit bekannt ist und sich ideal f\u00fcr verschiedene Anwendungen eignet.","robots":{"index":"index","follow":"follow","max-snippet":"max-snippet:-1","max-image-preview":"max-image-preview:large","max-video-preview":"max-video-preview:-1"},"canonical":"https:\/\/www.excalibur-generator.com\/de\/8-ps-dieselmotor-einzylinder.html","schema":{"@context":"https:\/\/schema.org","@graph":[{"@type":"WebPage","@id":"https:\/\/www.excalibur-generator.com\/de\/8-ps-dieselmotor-einzylinder.html","url":"https:\/\/www.excalibur-generator.com\/de\/8-ps-dieselmotor-einzylinder.html","name":"8 PS Dieselmotor Einzylinder &#8211; Excalibur Generator","isPartOf":{"@id":"https:\/\/www.excalibur-generator.com\/de\/#website"},"primaryImageOfPage":{"@id":"https:\/\/www.excalibur-generator.com\/de\/8-ps-dieselmotor-einzylinder.html#primaryimage"},"image":{"@id":"https:\/\/www.excalibur-generator.com\/de\/8-ps-dieselmotor-einzylinder.html#primaryimage"},"thumbnailUrl":"https:\/\/www.excalibur-generator.com\/wp-content\/uploads\/2024\/05\/8HP-Diesel-Engine-Single-Cylinder.jpg","datePublished":"2024-05-24T03:04:00+00:00","description":"Ein einzylindriger 8-PS-Dieselmotor, der f\u00fcr seine Effizienz und Zuverl\u00e4ssigkeit bekannt ist und sich ideal f\u00fcr verschiedene Anwendungen eignet.","breadcrumb":{"@id":"https:\/\/www.excalibur-generator.com\/de\/8-ps-dieselmotor-einzylinder.html#breadcrumb"},"inLanguage":"de","potentialAction":[{"@type":"ReadAction","target":["https:\/\/www.excalibur-generator.com\/de\/8-ps-dieselmotor-einzylinder.html"]}]},{"@type":"ImageObject","inLanguage":"de","@id":"https:\/\/www.excalibur-generator.com\/de\/8-ps-dieselmotor-einzylinder.html#primaryimage","url":"https:\/\/www.excalibur-generator.com\/wp-content\/uploads\/2024\/05\/8HP-Diesel-Engine-Single-Cylinder.jpg","contentUrl":"https:\/\/www.excalibur-generator.com\/wp-content\/uploads\/2024\/05\/8HP-Diesel-Engine-Single-Cylinder.jpg","width":800,"height":800,"caption":"8HP-Diesel-Engine-Single-Cylinder"},{"@type":"BreadcrumbList","@id":"https:\/\/www.excalibur-generator.com\/de\/8-ps-dieselmotor-einzylinder.html#breadcrumb","itemListElement":[{"@type":"ListItem","position":1,"name":"Home","item":"https:\/\/www.excalibur-generator.com\/de\/"},{"@type":"ListItem","position":2,"name":"Produkte","item":"https:\/\/www.excalibur-generator.com\/de\/produkte.html"},{"@type":"ListItem","position":3,"name":"8 PS Dieselmotor Einzylinder"}]},{"@type":"WebSite","@id":"https:\/\/www.excalibur-generator.com\/de\/#website","url":"https:\/\/www.excalibur-generator.com\/de\/","name":"Excalibur Generator","description":"","publisher":{"@id":"https:\/\/www.excalibur-generator.com\/de\/#organization"},"potentialAction":[{"@type":"SearchAction","target":{"@type":"EntryPoint","urlTemplate":"https:\/\/www.excalibur-generator.com\/de\/?s={search_term_string}"},"query-input":{"@type":"PropertyValueSpecification","valueRequired":true,"valueName":"search_term_string"}}],"inLanguage":"de"},{"@type":"Organization","@id":"https:\/\/www.excalibur-generator.com\/de\/#organization","name":"Excalibur Generator","url":"https:\/\/www.excalibur-generator.com\/de\/","logo":{"@type":"ImageObject","inLanguage":"de","@id":"https:\/\/www.excalibur-generator.com\/de\/#\/schema\/logo\/image\/","url":"https:\/\/www.excalibur-generator.com\/wp-content\/uploads\/2024\/05\/EXCALIBUR.png","contentUrl":"https:\/\/www.excalibur-generator.com\/wp-content\/uploads\/2024\/05\/EXCALIBUR.png","width":350,"height":79,"caption":"Excalibur Generator"},"image":{"@id":"https:\/\/www.excalibur-generator.com\/de\/#\/schema\/logo\/image\/"}}]}},"_links":{"self":[{"href":"https:\/\/www.excalibur-generator.com\/de\/wp-json\/wp\/v2\/product\/9697","targetHints":{"allow":["GET"]}}],"collection":[{"href":"https:\/\/www.excalibur-generator.com\/de\/wp-json\/wp\/v2\/product"}],"about":[{"href":"https:\/\/www.excalibur-generator.com\/de\/wp-json\/wp\/v2\/types\/product"}],"replies":[{"embeddable":true,"href":"https:\/\/www.excalibur-generator.com\/de\/wp-json\/wp\/v2\/comments?post=9697"}],"wp:featuredmedia":[{"embeddable":true,"href":"https:\/\/www.excalibur-generator.com\/de\/wp-json\/wp\/v2\/media\/9698"}],"wp:attachment":[{"href":"https:\/\/www.excalibur-generator.com\/de\/wp-json\/wp\/v2\/media?parent=9697"}],"wp:term":[{"taxonomy":"product_brand","embeddable":true,"href":"https:\/\/www.excalibur-generator.com\/de\/wp-json\/wp\/v2\/product_brand?post=9697"},{"taxonomy":"product_cat","embeddable":true,"href":"https:\/\/www.excalibur-generator.com\/de\/wp-json\/wp\/v2\/product_cat?post=9697"},{"taxonomy":"product_tag","embeddable":true,"href":"https:\/\/www.excalibur-generator.com\/de\/wp-json\/wp\/v2\/product_tag?post=9697"}],"curies":[{"name":"wp","href":"https:\/\/api.w.org\/{rel}","templated":true}]}}