{"id":9703,"date":"2024-05-24T10:54:11","date_gmt":"2024-05-24T02:54:11","guid":{"rendered":"https:\/\/www.excalibur-generator.com\/s2v100fe-dieselmotor-2-zylinder-4-takt\/"},"modified":"2024-05-24T10:54:11","modified_gmt":"2024-05-24T02:54:11","slug":"s2v100fe-dieselmotor-2-zylinder-4-takt","status":"publish","type":"product","link":"https:\/\/www.excalibur-generator.com\/de\/s2v100fe-dieselmotor-2-zylinder-4-takt.html","title":{"rendered":"S2V100FE Dieselmotor 2 Zylinder 4-Takt"},"content":{"rendered":"<table width=\"712\">\n<colgroup>\n<col>\n<col><\/colgroup>\n<tbody>\n<tr class=\"firstRow\">\n<td>Modell<\/td>\n<td>S2V100FE<\/td>\n<\/tr>\n<tr>\n<td>Typ<\/td>\n<td>Zweizylinder, \u201eV\u201c, 4-Takt, luftgek\u00fchlt, Direkteinspritzung<\/td>\n<\/tr>\n<tr>\n<td>Bohrung*Hub (mm)<\/td>\n<td>100*88<\/td>\n<\/tr>\n<tr>\n<td>Hubraum (cc)<\/td>\n<td>1.382<\/td>\n<\/tr>\n<tr>\n<td>Verbrennungsrate<\/td>\n<td>20:1<\/td>\n<\/tr>\n<tr>\n<td rowspan=\"2\">Nennleistung (kW\/U\/min)<\/td>\n<td>21\/3000<\/td>\n<\/tr>\n<tr>\n<td>22\/3600<\/td>\n<\/tr>\n<tr>\n<td>Kraftstoff<\/td>\n<td>0# (Sommer) -10# (Winter) \uff0c-35 # (sehr kalt) Diesel<\/td>\n<\/tr>\n<tr>\n<td>Schmier\u00f6ltyp<\/td>\n<td>SAE 15W40 (CF-Klasse oder h\u00f6her)<\/td>\n<\/tr>\n<tr>\n<td>Schmiermittel [L (US-Gallone)]<\/td>\n<td>3.2<\/td>\n<\/tr>\n<tr>\n<td>Weg zur Arbeit<\/td>\n<td>12 Stunden Dauerbetrieb<\/td>\n<\/tr>\n<tr>\n<td>Kraftstoffverbrauch (100 % Last)<\/td>\n<td>\u2264250g\/kw.h<\/td>\n<\/tr>\n<tr>\n<td>Kraftstofftankinhalt (l)<\/td>\n<td>12<\/td>\n<\/tr>\n<tr>\n<td>Ger\u00e4uschpegel (7 m) dB (A)<\/td>\n<td><\/td>\n<\/tr>\n<tr>\n<td>Startsystem<\/td>\n<td>Elektrostart<\/td>\n<\/tr>\n<tr>\n<td>Verpackungsgr\u00f6\u00dfe (L*B*H) mm<\/td>\n<td>640*640*845<\/td>\n<\/tr>\n<tr>\n<td>Nettogewicht (kg)<\/td>\n<td>92<\/td>\n<\/tr>\n<\/tbody>\n<\/table>\n","protected":false},"excerpt":{"rendered":"<p>Modell S2V100FE Typ Zweizylinder, \u201eV\u201c, 4-Takt, luftgek\u00fchlt, Direkteinspritzung Bohrung*Hub (mm) 100*88 Hubraum (cc) 1.382 Verbrennungsrate 20:1 Nennleistung (kW\/U\/min) 21\/3000 22\/3600 Kraftstoff 0# (Sommer) -10# (Winter) \uff0c-35 # (sehr kalt) Diesel Schmier\u00f6ltyp SAE 15W40 (CF-Klasse oder h\u00f6her) Schmiermittel [L (US-Gallone)] 3.2 Weg zur Arbeit 12 Stunden Dauerbetrieb Kraftstoffverbrauch (100 % Last) \u2264250g\/kw.h Kraftstofftankinhalt (l) 12 Ger\u00e4uschpegel (7 m) dB (A) Startsystem Elektrostart Verpackungsgr\u00f6\u00dfe (L*B*H) mm 640*640*845 Nettogewicht (kg) 92<\/p>\n","protected":false},"featured_media":9704,"comment_status":"open","ping_status":"closed","template":"","meta":{"site-sidebar-layout":"default","site-content-layout":"","ast-site-content-layout":"default","site-content-style":"default","site-sidebar-style":"default","ast-global-header-display":"","ast-banner-title-visibility":"","ast-main-header-display":"","ast-hfb-above-header-display":"","ast-hfb-below-header-display":"","ast-hfb-mobile-header-display":"","site-post-title":"","ast-breadcrumbs-content":"","ast-featured-img":"","footer-sml-layout":"","theme-transparent-header-meta":"default","adv-header-id-meta":"","stick-header-meta":"","header-above-stick-meta":"","header-main-stick-meta":"","header-below-stick-meta":"","astra-migrate-meta-layouts":"default","ast-page-background-enabled":"default","ast-page-background-meta":{"desktop":{"background-color":"var(--ast-global-color-4)","background-image":"","background-repeat":"repeat","background-position":"center center","background-size":"auto","background-attachment":"scroll","background-type":"","background-media":"","overlay-type":"","overlay-color":"","overlay-opacity":"","overlay-gradient":""},"tablet":{"background-color":"","background-image":"","background-repeat":"repeat","background-position":"center center","background-size":"auto","background-attachment":"scroll","background-type":"","background-media":"","overlay-type":"","overlay-color":"","overlay-opacity":"","overlay-gradient":""},"mobile":{"background-color":"","background-image":"","background-repeat":"repeat","background-position":"center center","background-size":"auto","background-attachment":"scroll","background-type":"","background-media":"","overlay-type":"","overlay-color":"","overlay-opacity":"","overlay-gradient":""}},"ast-content-background-meta":{"desktop":{"background-color":"var(--ast-global-color-5)","background-image":"","background-repeat":"repeat","background-position":"center center","background-size":"auto","background-attachment":"scroll","background-type":"","background-media":"","overlay-type":"","overlay-color":"","overlay-opacity":"","overlay-gradient":""},"tablet":{"background-color":"var(--ast-global-color-5)","background-image":"","background-repeat":"repeat","background-position":"center center","background-size":"auto","background-attachment":"scroll","background-type":"","background-media":"","overlay-type":"","overlay-color":"","overlay-opacity":"","overlay-gradient":""},"mobile":{"background-color":"var(--ast-global-color-5)","background-image":"","background-repeat":"repeat","background-position":"center center","background-size":"auto","background-attachment":"scroll","background-type":"","background-media":"","overlay-type":"","overlay-color":"","overlay-opacity":"","overlay-gradient":""}}},"product_brand":[],"product_cat":[95],"product_tag":[],"class_list":{"0":"post-9703","1":"product","2":"type-product","3":"status-publish","4":"has-post-thumbnail","6":"product_cat-unkategorisiert","7":"desktop-align-left","8":"tablet-align-left","9":"mobile-align-left","11":"first","12":"instock","13":"shipping-taxable","14":"product-type-simple"},"yoast_head":"<!-- This site is optimized with the Yoast SEO plugin v26.5 - https:\/\/yoast.com\/wordpress\/plugins\/seo\/ -->\n<title>S2V100FE Dieselmotor 2 Zylinder 4-Takt &#8211; Excalibur Generator<\/title>\n<meta name=\"description\" content=\"Der Dieselmotor S2V100FE mit 2 Zylindern und 4-Takt-Konfiguration steht f\u00fcr zuverl\u00e4ssige Leistung und Effizienz f\u00fcr vielseitige Anwendungen und gew\u00e4hrleistet eine konstante Leistung in unterschiedlichen Einsatzszenarien.\" \/>\n<meta name=\"robots\" content=\"index, follow, max-snippet:-1, max-image-preview:large, max-video-preview:-1\" \/>\n<link rel=\"canonical\" href=\"https:\/\/www.excalibur-generator.com\/de\/s2v100fe-dieselmotor-2-zylinder-4-takt.html\" \/>\n<script type=\"application\/ld+json\" class=\"yoast-schema-graph\">{\"@context\":\"https:\/\/schema.org\",\"@graph\":[{\"@type\":\"WebPage\",\"@id\":\"https:\/\/www.excalibur-generator.com\/de\/s2v100fe-dieselmotor-2-zylinder-4-takt.html\",\"url\":\"https:\/\/www.excalibur-generator.com\/de\/s2v100fe-dieselmotor-2-zylinder-4-takt.html\",\"name\":\"S2V100FE Dieselmotor 2 Zylinder 4-Takt &#8211; Excalibur Generator\",\"isPartOf\":{\"@id\":\"https:\/\/www.excalibur-generator.com\/de\/#website\"},\"primaryImageOfPage\":{\"@id\":\"https:\/\/www.excalibur-generator.com\/de\/s2v100fe-dieselmotor-2-zylinder-4-takt.html#primaryimage\"},\"image\":{\"@id\":\"https:\/\/www.excalibur-generator.com\/de\/s2v100fe-dieselmotor-2-zylinder-4-takt.html#primaryimage\"},\"thumbnailUrl\":\"https:\/\/www.excalibur-generator.com\/wp-content\/uploads\/2024\/05\/S2V100FE-Diesel-Engine-2-Cylinder-4-stroke.jpg\",\"datePublished\":\"2024-05-24T02:54:11+00:00\",\"description\":\"Der Dieselmotor S2V100FE mit 2 Zylindern und 4-Takt-Konfiguration steht f\u00fcr zuverl\u00e4ssige Leistung und Effizienz f\u00fcr vielseitige Anwendungen und gew\u00e4hrleistet eine konstante Leistung in unterschiedlichen Einsatzszenarien.\",\"breadcrumb\":{\"@id\":\"https:\/\/www.excalibur-generator.com\/de\/s2v100fe-dieselmotor-2-zylinder-4-takt.html#breadcrumb\"},\"inLanguage\":\"de\",\"potentialAction\":[{\"@type\":\"ReadAction\",\"target\":[\"https:\/\/www.excalibur-generator.com\/de\/s2v100fe-dieselmotor-2-zylinder-4-takt.html\"]}]},{\"@type\":\"ImageObject\",\"inLanguage\":\"de\",\"@id\":\"https:\/\/www.excalibur-generator.com\/de\/s2v100fe-dieselmotor-2-zylinder-4-takt.html#primaryimage\",\"url\":\"https:\/\/www.excalibur-generator.com\/wp-content\/uploads\/2024\/05\/S2V100FE-Diesel-Engine-2-Cylinder-4-stroke.jpg\",\"contentUrl\":\"https:\/\/www.excalibur-generator.com\/wp-content\/uploads\/2024\/05\/S2V100FE-Diesel-Engine-2-Cylinder-4-stroke.jpg\",\"width\":800,\"height\":800,\"caption\":\"S2V100FE-Diesel-Engine-2-Cylinder-4-stroke\"},{\"@type\":\"BreadcrumbList\",\"@id\":\"https:\/\/www.excalibur-generator.com\/de\/s2v100fe-dieselmotor-2-zylinder-4-takt.html#breadcrumb\",\"itemListElement\":[{\"@type\":\"ListItem\",\"position\":1,\"name\":\"Home\",\"item\":\"https:\/\/www.excalibur-generator.com\/de\/\"},{\"@type\":\"ListItem\",\"position\":2,\"name\":\"Produkte\",\"item\":\"https:\/\/www.excalibur-generator.com\/de\/produkte.html\"},{\"@type\":\"ListItem\",\"position\":3,\"name\":\"S2V100FE Dieselmotor 2 Zylinder 4-Takt\"}]},{\"@type\":\"WebSite\",\"@id\":\"https:\/\/www.excalibur-generator.com\/de\/#website\",\"url\":\"https:\/\/www.excalibur-generator.com\/de\/\",\"name\":\"Excalibur Generator\",\"description\":\"\",\"publisher\":{\"@id\":\"https:\/\/www.excalibur-generator.com\/de\/#organization\"},\"potentialAction\":[{\"@type\":\"SearchAction\",\"target\":{\"@type\":\"EntryPoint\",\"urlTemplate\":\"https:\/\/www.excalibur-generator.com\/de\/?s={search_term_string}\"},\"query-input\":{\"@type\":\"PropertyValueSpecification\",\"valueRequired\":true,\"valueName\":\"search_term_string\"}}],\"inLanguage\":\"de\"},{\"@type\":\"Organization\",\"@id\":\"https:\/\/www.excalibur-generator.com\/de\/#organization\",\"name\":\"Excalibur Generator\",\"url\":\"https:\/\/www.excalibur-generator.com\/de\/\",\"logo\":{\"@type\":\"ImageObject\",\"inLanguage\":\"de\",\"@id\":\"https:\/\/www.excalibur-generator.com\/de\/#\/schema\/logo\/image\/\",\"url\":\"https:\/\/www.excalibur-generator.com\/wp-content\/uploads\/2024\/05\/EXCALIBUR.png\",\"contentUrl\":\"https:\/\/www.excalibur-generator.com\/wp-content\/uploads\/2024\/05\/EXCALIBUR.png\",\"width\":350,\"height\":79,\"caption\":\"Excalibur Generator\"},\"image\":{\"@id\":\"https:\/\/www.excalibur-generator.com\/de\/#\/schema\/logo\/image\/\"}}]}<\/script>\n<!-- \/ Yoast SEO plugin. -->","yoast_head_json":{"title":"S2V100FE Dieselmotor 2 Zylinder 4-Takt &#8211; Excalibur Generator","description":"Der Dieselmotor S2V100FE mit 2 Zylindern und 4-Takt-Konfiguration steht f\u00fcr zuverl\u00e4ssige Leistung und Effizienz f\u00fcr vielseitige Anwendungen und gew\u00e4hrleistet eine konstante Leistung in unterschiedlichen Einsatzszenarien.","robots":{"index":"index","follow":"follow","max-snippet":"max-snippet:-1","max-image-preview":"max-image-preview:large","max-video-preview":"max-video-preview:-1"},"canonical":"https:\/\/www.excalibur-generator.com\/de\/s2v100fe-dieselmotor-2-zylinder-4-takt.html","schema":{"@context":"https:\/\/schema.org","@graph":[{"@type":"WebPage","@id":"https:\/\/www.excalibur-generator.com\/de\/s2v100fe-dieselmotor-2-zylinder-4-takt.html","url":"https:\/\/www.excalibur-generator.com\/de\/s2v100fe-dieselmotor-2-zylinder-4-takt.html","name":"S2V100FE Dieselmotor 2 Zylinder 4-Takt &#8211; Excalibur Generator","isPartOf":{"@id":"https:\/\/www.excalibur-generator.com\/de\/#website"},"primaryImageOfPage":{"@id":"https:\/\/www.excalibur-generator.com\/de\/s2v100fe-dieselmotor-2-zylinder-4-takt.html#primaryimage"},"image":{"@id":"https:\/\/www.excalibur-generator.com\/de\/s2v100fe-dieselmotor-2-zylinder-4-takt.html#primaryimage"},"thumbnailUrl":"https:\/\/www.excalibur-generator.com\/wp-content\/uploads\/2024\/05\/S2V100FE-Diesel-Engine-2-Cylinder-4-stroke.jpg","datePublished":"2024-05-24T02:54:11+00:00","description":"Der Dieselmotor S2V100FE mit 2 Zylindern und 4-Takt-Konfiguration steht f\u00fcr zuverl\u00e4ssige Leistung und Effizienz f\u00fcr vielseitige Anwendungen und gew\u00e4hrleistet eine konstante Leistung in unterschiedlichen Einsatzszenarien.","breadcrumb":{"@id":"https:\/\/www.excalibur-generator.com\/de\/s2v100fe-dieselmotor-2-zylinder-4-takt.html#breadcrumb"},"inLanguage":"de","potentialAction":[{"@type":"ReadAction","target":["https:\/\/www.excalibur-generator.com\/de\/s2v100fe-dieselmotor-2-zylinder-4-takt.html"]}]},{"@type":"ImageObject","inLanguage":"de","@id":"https:\/\/www.excalibur-generator.com\/de\/s2v100fe-dieselmotor-2-zylinder-4-takt.html#primaryimage","url":"https:\/\/www.excalibur-generator.com\/wp-content\/uploads\/2024\/05\/S2V100FE-Diesel-Engine-2-Cylinder-4-stroke.jpg","contentUrl":"https:\/\/www.excalibur-generator.com\/wp-content\/uploads\/2024\/05\/S2V100FE-Diesel-Engine-2-Cylinder-4-stroke.jpg","width":800,"height":800,"caption":"S2V100FE-Diesel-Engine-2-Cylinder-4-stroke"},{"@type":"BreadcrumbList","@id":"https:\/\/www.excalibur-generator.com\/de\/s2v100fe-dieselmotor-2-zylinder-4-takt.html#breadcrumb","itemListElement":[{"@type":"ListItem","position":1,"name":"Home","item":"https:\/\/www.excalibur-generator.com\/de\/"},{"@type":"ListItem","position":2,"name":"Produkte","item":"https:\/\/www.excalibur-generator.com\/de\/produkte.html"},{"@type":"ListItem","position":3,"name":"S2V100FE Dieselmotor 2 Zylinder 4-Takt"}]},{"@type":"WebSite","@id":"https:\/\/www.excalibur-generator.com\/de\/#website","url":"https:\/\/www.excalibur-generator.com\/de\/","name":"Excalibur Generator","description":"","publisher":{"@id":"https:\/\/www.excalibur-generator.com\/de\/#organization"},"potentialAction":[{"@type":"SearchAction","target":{"@type":"EntryPoint","urlTemplate":"https:\/\/www.excalibur-generator.com\/de\/?s={search_term_string}"},"query-input":{"@type":"PropertyValueSpecification","valueRequired":true,"valueName":"search_term_string"}}],"inLanguage":"de"},{"@type":"Organization","@id":"https:\/\/www.excalibur-generator.com\/de\/#organization","name":"Excalibur Generator","url":"https:\/\/www.excalibur-generator.com\/de\/","logo":{"@type":"ImageObject","inLanguage":"de","@id":"https:\/\/www.excalibur-generator.com\/de\/#\/schema\/logo\/image\/","url":"https:\/\/www.excalibur-generator.com\/wp-content\/uploads\/2024\/05\/EXCALIBUR.png","contentUrl":"https:\/\/www.excalibur-generator.com\/wp-content\/uploads\/2024\/05\/EXCALIBUR.png","width":350,"height":79,"caption":"Excalibur Generator"},"image":{"@id":"https:\/\/www.excalibur-generator.com\/de\/#\/schema\/logo\/image\/"}}]}},"_links":{"self":[{"href":"https:\/\/www.excalibur-generator.com\/de\/wp-json\/wp\/v2\/product\/9703","targetHints":{"allow":["GET"]}}],"collection":[{"href":"https:\/\/www.excalibur-generator.com\/de\/wp-json\/wp\/v2\/product"}],"about":[{"href":"https:\/\/www.excalibur-generator.com\/de\/wp-json\/wp\/v2\/types\/product"}],"replies":[{"embeddable":true,"href":"https:\/\/www.excalibur-generator.com\/de\/wp-json\/wp\/v2\/comments?post=9703"}],"wp:featuredmedia":[{"embeddable":true,"href":"https:\/\/www.excalibur-generator.com\/de\/wp-json\/wp\/v2\/media\/9704"}],"wp:attachment":[{"href":"https:\/\/www.excalibur-generator.com\/de\/wp-json\/wp\/v2\/media?parent=9703"}],"wp:term":[{"taxonomy":"product_brand","embeddable":true,"href":"https:\/\/www.excalibur-generator.com\/de\/wp-json\/wp\/v2\/product_brand?post=9703"},{"taxonomy":"product_cat","embeddable":true,"href":"https:\/\/www.excalibur-generator.com\/de\/wp-json\/wp\/v2\/product_cat?post=9703"},{"taxonomy":"product_tag","embeddable":true,"href":"https:\/\/www.excalibur-generator.com\/de\/wp-json\/wp\/v2\/product_tag?post=9703"}],"curies":[{"name":"wp","href":"https:\/\/api.w.org\/{rel}","templated":true}]}}