{"id":9705,"date":"2024-05-24T10:50:32","date_gmt":"2024-05-24T02:50:32","guid":{"rendered":"https:\/\/www.excalibur-generator.com\/s20k-kerosinmotor-einzylinder-4-takt\/"},"modified":"2024-05-24T10:50:32","modified_gmt":"2024-05-24T02:50:32","slug":"s20k-kerosinmotor-einzylinder-4-takt","status":"publish","type":"product","link":"https:\/\/www.excalibur-generator.com\/de\/s20k-kerosinmotor-einzylinder-viertakt.html","title":{"rendered":"S20K Kerosinmotor Einzylinder 4-Takt"},"content":{"rendered":"<table>\n<colgroup>\n<col>\n<col><\/colgroup>\n<tbody>\n<tr class=\"firstRow\">\n<td>Modell<\/td>\n<td>S20K<\/td>\n<\/tr>\n<tr>\n<td>Typ<\/td>\n<td>Luftgek\u00fchlt, 4-Takt, Einzylinder, Seitenventil<\/td>\n<\/tr>\n<tr>\n<td>Bohrung*Hub (mm)<\/td>\n<td>67*52<\/td>\n<\/tr>\n<tr>\n<td>Hubraum (cc)<\/td>\n<td>183<\/td>\n<\/tr>\n<tr>\n<td>Nennleistung kW (PS)\/U\/min<\/td>\n<td>2.3(3.1)\/3000<\/td>\n<\/tr>\n<tr>\n<td>Maximale Leistung kW (PS)\/U\/min<\/td>\n<td>3.2(4.3)\/4000<\/td>\n<\/tr>\n<tr>\n<td>Drehrichtung<\/td>\n<td>Gegen den Uhrzeigersinn, mit Blick auf die Zapfwelle<\/td>\n<\/tr>\n<tr>\n<td>Kraftstoff<\/td>\n<td>Kerosin (Autobenzin beim Starten &gt;90#)<\/td>\n<\/tr>\n<tr>\n<td rowspan=\"2\">Kraftstofftankinhalt (l)<\/td>\n<td>BENZIN 0,17<\/td>\n<\/tr>\n<tr>\n<td>KEROZIN 3.4<\/td>\n<\/tr>\n<tr>\n<td>Schmier\u00f6lkapazit\u00e4t (l)<\/td>\n<td>0.6<\/td>\n<\/tr>\n<tr>\n<td>Z\u00fcndkerze<\/td>\n<td>E6TC<\/td>\n<\/tr>\n<tr>\n<td>Startsystem<\/td>\n<td>R\u00fccksto\u00dfstarter<\/td>\n<\/tr>\n<tr>\n<td>Verpackungsgr\u00f6\u00dfe (mm)<\/td>\n<td>380*370*425<\/td>\n<\/tr>\n<tr>\n<td>Nettogewicht<\/td>\n<td>16<\/td>\n<\/tr>\n<\/tbody>\n<\/table>\n","protected":false},"excerpt":{"rendered":"<p>Modell S20K Typ Luftgek\u00fchlt, 4-Takt, Einzylinder, Seitenventil Bohrung*Hub (mm) 67*52 Hubraum (cc) 183 Nennleistung kW (PS)\/U\/min 2.3(3.1)\/3000 Maximale Leistung kW (PS)\/U\/min 3.2(4.3)\/4000 Drehrichtung Gegen den Uhrzeigersinn, mit Blick auf die Zapfwelle Kraftstoff Kerosin (Autobenzin beim Starten &gt;90#) Kraftstofftankinhalt (l) BENZIN 0,17 KEROZIN 3.4 Schmier\u00f6lkapazit\u00e4t (l) 0.6 Z\u00fcndkerze E6TC Startsystem R\u00fccksto\u00dfstarter Verpackungsgr\u00f6\u00dfe (mm) 380*370*425 Nettogewicht 16<\/p>\n","protected":false},"featured_media":9706,"comment_status":"open","ping_status":"closed","template":"","meta":{"site-sidebar-layout":"default","site-content-layout":"","ast-site-content-layout":"default","site-content-style":"default","site-sidebar-style":"default","ast-global-header-display":"","ast-banner-title-visibility":"","ast-main-header-display":"","ast-hfb-above-header-display":"","ast-hfb-below-header-display":"","ast-hfb-mobile-header-display":"","site-post-title":"","ast-breadcrumbs-content":"","ast-featured-img":"","footer-sml-layout":"","theme-transparent-header-meta":"default","adv-header-id-meta":"","stick-header-meta":"","header-above-stick-meta":"","header-main-stick-meta":"","header-below-stick-meta":"","astra-migrate-meta-layouts":"default","ast-page-background-enabled":"default","ast-page-background-meta":{"desktop":{"background-color":"var(--ast-global-color-4)","background-image":"","background-repeat":"repeat","background-position":"center center","background-size":"auto","background-attachment":"scroll","background-type":"","background-media":"","overlay-type":"","overlay-color":"","overlay-opacity":"","overlay-gradient":""},"tablet":{"background-color":"","background-image":"","background-repeat":"repeat","background-position":"center center","background-size":"auto","background-attachment":"scroll","background-type":"","background-media":"","overlay-type":"","overlay-color":"","overlay-opacity":"","overlay-gradient":""},"mobile":{"background-color":"","background-image":"","background-repeat":"repeat","background-position":"center center","background-size":"auto","background-attachment":"scroll","background-type":"","background-media":"","overlay-type":"","overlay-color":"","overlay-opacity":"","overlay-gradient":""}},"ast-content-background-meta":{"desktop":{"background-color":"var(--ast-global-color-5)","background-image":"","background-repeat":"repeat","background-position":"center center","background-size":"auto","background-attachment":"scroll","background-type":"","background-media":"","overlay-type":"","overlay-color":"","overlay-opacity":"","overlay-gradient":""},"tablet":{"background-color":"var(--ast-global-color-5)","background-image":"","background-repeat":"repeat","background-position":"center center","background-size":"auto","background-attachment":"scroll","background-type":"","background-media":"","overlay-type":"","overlay-color":"","overlay-opacity":"","overlay-gradient":""},"mobile":{"background-color":"var(--ast-global-color-5)","background-image":"","background-repeat":"repeat","background-position":"center center","background-size":"auto","background-attachment":"scroll","background-type":"","background-media":"","overlay-type":"","overlay-color":"","overlay-opacity":"","overlay-gradient":""}}},"product_brand":[],"product_cat":[95],"product_tag":[],"class_list":{"0":"post-9705","1":"product","2":"type-product","3":"status-publish","4":"has-post-thumbnail","6":"product_cat-unkategorisiert","7":"desktop-align-left","8":"tablet-align-left","9":"mobile-align-left","11":"first","12":"instock","13":"shipping-taxable","14":"product-type-simple"},"yoast_head":"<!-- This site is optimized with the Yoast SEO plugin v26.5 - https:\/\/yoast.com\/wordpress\/plugins\/seo\/ -->\n<title>S20K Kerosinmotor Einzylinder 4-Takt &#8211; Excalibur Generator<\/title>\n<meta name=\"description\" content=\"Der S20K-Kerosinmotor mit Einzylinder-Viertaktkonfiguration bietet zuverl\u00e4ssige Leistung f\u00fcr verschiedene Anwendungen und vereint Effizienz und Langlebigkeit in einem kompakten Design.\" \/>\n<meta name=\"robots\" content=\"index, follow, max-snippet:-1, max-image-preview:large, max-video-preview:-1\" \/>\n<link rel=\"canonical\" href=\"https:\/\/www.excalibur-generator.com\/de\/s20k-kerosinmotor-einzylinder-viertakt.html\" \/>\n<script type=\"application\/ld+json\" class=\"yoast-schema-graph\">{\"@context\":\"https:\/\/schema.org\",\"@graph\":[{\"@type\":\"WebPage\",\"@id\":\"https:\/\/www.excalibur-generator.com\/de\/s20k-kerosinmotor-einzylinder-viertakt.html\",\"url\":\"https:\/\/www.excalibur-generator.com\/de\/s20k-kerosinmotor-einzylinder-viertakt.html\",\"name\":\"S20K Kerosinmotor Einzylinder 4-Takt &#8211; Excalibur Generator\",\"isPartOf\":{\"@id\":\"https:\/\/www.excalibur-generator.com\/de\/#website\"},\"primaryImageOfPage\":{\"@id\":\"https:\/\/www.excalibur-generator.com\/de\/s20k-kerosinmotor-einzylinder-viertakt.html#primaryimage\"},\"image\":{\"@id\":\"https:\/\/www.excalibur-generator.com\/de\/s20k-kerosinmotor-einzylinder-viertakt.html#primaryimage\"},\"thumbnailUrl\":\"https:\/\/www.excalibur-generator.com\/wp-content\/uploads\/2024\/05\/S20K-Kerosene-Engine-Single-Cylinder-4-cycle.jpg\",\"datePublished\":\"2024-05-24T02:50:32+00:00\",\"description\":\"Der S20K-Kerosinmotor mit Einzylinder-Viertaktkonfiguration bietet zuverl\u00e4ssige Leistung f\u00fcr verschiedene Anwendungen und vereint Effizienz und Langlebigkeit in einem kompakten Design.\",\"breadcrumb\":{\"@id\":\"https:\/\/www.excalibur-generator.com\/de\/s20k-kerosinmotor-einzylinder-viertakt.html#breadcrumb\"},\"inLanguage\":\"de\",\"potentialAction\":[{\"@type\":\"ReadAction\",\"target\":[\"https:\/\/www.excalibur-generator.com\/de\/s20k-kerosinmotor-einzylinder-viertakt.html\"]}]},{\"@type\":\"ImageObject\",\"inLanguage\":\"de\",\"@id\":\"https:\/\/www.excalibur-generator.com\/de\/s20k-kerosinmotor-einzylinder-viertakt.html#primaryimage\",\"url\":\"https:\/\/www.excalibur-generator.com\/wp-content\/uploads\/2024\/05\/S20K-Kerosene-Engine-Single-Cylinder-4-cycle.jpg\",\"contentUrl\":\"https:\/\/www.excalibur-generator.com\/wp-content\/uploads\/2024\/05\/S20K-Kerosene-Engine-Single-Cylinder-4-cycle.jpg\",\"width\":800,\"height\":800,\"caption\":\"S20K-Kerosene-Engine-Single-Cylinder-4-cycle\"},{\"@type\":\"BreadcrumbList\",\"@id\":\"https:\/\/www.excalibur-generator.com\/de\/s20k-kerosinmotor-einzylinder-viertakt.html#breadcrumb\",\"itemListElement\":[{\"@type\":\"ListItem\",\"position\":1,\"name\":\"Home\",\"item\":\"https:\/\/www.excalibur-generator.com\/de\/\"},{\"@type\":\"ListItem\",\"position\":2,\"name\":\"Produkte\",\"item\":\"https:\/\/www.excalibur-generator.com\/de\/produkte.html\"},{\"@type\":\"ListItem\",\"position\":3,\"name\":\"S20K Kerosinmotor Einzylinder 4-Takt\"}]},{\"@type\":\"WebSite\",\"@id\":\"https:\/\/www.excalibur-generator.com\/de\/#website\",\"url\":\"https:\/\/www.excalibur-generator.com\/de\/\",\"name\":\"Excalibur Generator\",\"description\":\"\",\"publisher\":{\"@id\":\"https:\/\/www.excalibur-generator.com\/de\/#organization\"},\"potentialAction\":[{\"@type\":\"SearchAction\",\"target\":{\"@type\":\"EntryPoint\",\"urlTemplate\":\"https:\/\/www.excalibur-generator.com\/de\/?s={search_term_string}\"},\"query-input\":{\"@type\":\"PropertyValueSpecification\",\"valueRequired\":true,\"valueName\":\"search_term_string\"}}],\"inLanguage\":\"de\"},{\"@type\":\"Organization\",\"@id\":\"https:\/\/www.excalibur-generator.com\/de\/#organization\",\"name\":\"Excalibur Generator\",\"url\":\"https:\/\/www.excalibur-generator.com\/de\/\",\"logo\":{\"@type\":\"ImageObject\",\"inLanguage\":\"de\",\"@id\":\"https:\/\/www.excalibur-generator.com\/de\/#\/schema\/logo\/image\/\",\"url\":\"https:\/\/www.excalibur-generator.com\/wp-content\/uploads\/2024\/05\/EXCALIBUR.png\",\"contentUrl\":\"https:\/\/www.excalibur-generator.com\/wp-content\/uploads\/2024\/05\/EXCALIBUR.png\",\"width\":350,\"height\":79,\"caption\":\"Excalibur Generator\"},\"image\":{\"@id\":\"https:\/\/www.excalibur-generator.com\/de\/#\/schema\/logo\/image\/\"}}]}<\/script>\n<!-- \/ Yoast SEO plugin. -->","yoast_head_json":{"title":"S20K Kerosinmotor Einzylinder 4-Takt &#8211; Excalibur Generator","description":"Der S20K-Kerosinmotor mit Einzylinder-Viertaktkonfiguration bietet zuverl\u00e4ssige Leistung f\u00fcr verschiedene Anwendungen und vereint Effizienz und Langlebigkeit in einem kompakten Design.","robots":{"index":"index","follow":"follow","max-snippet":"max-snippet:-1","max-image-preview":"max-image-preview:large","max-video-preview":"max-video-preview:-1"},"canonical":"https:\/\/www.excalibur-generator.com\/de\/s20k-kerosinmotor-einzylinder-viertakt.html","schema":{"@context":"https:\/\/schema.org","@graph":[{"@type":"WebPage","@id":"https:\/\/www.excalibur-generator.com\/de\/s20k-kerosinmotor-einzylinder-viertakt.html","url":"https:\/\/www.excalibur-generator.com\/de\/s20k-kerosinmotor-einzylinder-viertakt.html","name":"S20K Kerosinmotor Einzylinder 4-Takt &#8211; Excalibur Generator","isPartOf":{"@id":"https:\/\/www.excalibur-generator.com\/de\/#website"},"primaryImageOfPage":{"@id":"https:\/\/www.excalibur-generator.com\/de\/s20k-kerosinmotor-einzylinder-viertakt.html#primaryimage"},"image":{"@id":"https:\/\/www.excalibur-generator.com\/de\/s20k-kerosinmotor-einzylinder-viertakt.html#primaryimage"},"thumbnailUrl":"https:\/\/www.excalibur-generator.com\/wp-content\/uploads\/2024\/05\/S20K-Kerosene-Engine-Single-Cylinder-4-cycle.jpg","datePublished":"2024-05-24T02:50:32+00:00","description":"Der S20K-Kerosinmotor mit Einzylinder-Viertaktkonfiguration bietet zuverl\u00e4ssige Leistung f\u00fcr verschiedene Anwendungen und vereint Effizienz und Langlebigkeit in einem kompakten Design.","breadcrumb":{"@id":"https:\/\/www.excalibur-generator.com\/de\/s20k-kerosinmotor-einzylinder-viertakt.html#breadcrumb"},"inLanguage":"de","potentialAction":[{"@type":"ReadAction","target":["https:\/\/www.excalibur-generator.com\/de\/s20k-kerosinmotor-einzylinder-viertakt.html"]}]},{"@type":"ImageObject","inLanguage":"de","@id":"https:\/\/www.excalibur-generator.com\/de\/s20k-kerosinmotor-einzylinder-viertakt.html#primaryimage","url":"https:\/\/www.excalibur-generator.com\/wp-content\/uploads\/2024\/05\/S20K-Kerosene-Engine-Single-Cylinder-4-cycle.jpg","contentUrl":"https:\/\/www.excalibur-generator.com\/wp-content\/uploads\/2024\/05\/S20K-Kerosene-Engine-Single-Cylinder-4-cycle.jpg","width":800,"height":800,"caption":"S20K-Kerosene-Engine-Single-Cylinder-4-cycle"},{"@type":"BreadcrumbList","@id":"https:\/\/www.excalibur-generator.com\/de\/s20k-kerosinmotor-einzylinder-viertakt.html#breadcrumb","itemListElement":[{"@type":"ListItem","position":1,"name":"Home","item":"https:\/\/www.excalibur-generator.com\/de\/"},{"@type":"ListItem","position":2,"name":"Produkte","item":"https:\/\/www.excalibur-generator.com\/de\/produkte.html"},{"@type":"ListItem","position":3,"name":"S20K Kerosinmotor Einzylinder 4-Takt"}]},{"@type":"WebSite","@id":"https:\/\/www.excalibur-generator.com\/de\/#website","url":"https:\/\/www.excalibur-generator.com\/de\/","name":"Excalibur Generator","description":"","publisher":{"@id":"https:\/\/www.excalibur-generator.com\/de\/#organization"},"potentialAction":[{"@type":"SearchAction","target":{"@type":"EntryPoint","urlTemplate":"https:\/\/www.excalibur-generator.com\/de\/?s={search_term_string}"},"query-input":{"@type":"PropertyValueSpecification","valueRequired":true,"valueName":"search_term_string"}}],"inLanguage":"de"},{"@type":"Organization","@id":"https:\/\/www.excalibur-generator.com\/de\/#organization","name":"Excalibur Generator","url":"https:\/\/www.excalibur-generator.com\/de\/","logo":{"@type":"ImageObject","inLanguage":"de","@id":"https:\/\/www.excalibur-generator.com\/de\/#\/schema\/logo\/image\/","url":"https:\/\/www.excalibur-generator.com\/wp-content\/uploads\/2024\/05\/EXCALIBUR.png","contentUrl":"https:\/\/www.excalibur-generator.com\/wp-content\/uploads\/2024\/05\/EXCALIBUR.png","width":350,"height":79,"caption":"Excalibur Generator"},"image":{"@id":"https:\/\/www.excalibur-generator.com\/de\/#\/schema\/logo\/image\/"}}]}},"_links":{"self":[{"href":"https:\/\/www.excalibur-generator.com\/de\/wp-json\/wp\/v2\/product\/9705","targetHints":{"allow":["GET"]}}],"collection":[{"href":"https:\/\/www.excalibur-generator.com\/de\/wp-json\/wp\/v2\/product"}],"about":[{"href":"https:\/\/www.excalibur-generator.com\/de\/wp-json\/wp\/v2\/types\/product"}],"replies":[{"embeddable":true,"href":"https:\/\/www.excalibur-generator.com\/de\/wp-json\/wp\/v2\/comments?post=9705"}],"wp:featuredmedia":[{"embeddable":true,"href":"https:\/\/www.excalibur-generator.com\/de\/wp-json\/wp\/v2\/media\/9706"}],"wp:attachment":[{"href":"https:\/\/www.excalibur-generator.com\/de\/wp-json\/wp\/v2\/media?parent=9705"}],"wp:term":[{"taxonomy":"product_brand","embeddable":true,"href":"https:\/\/www.excalibur-generator.com\/de\/wp-json\/wp\/v2\/product_brand?post=9705"},{"taxonomy":"product_cat","embeddable":true,"href":"https:\/\/www.excalibur-generator.com\/de\/wp-json\/wp\/v2\/product_cat?post=9705"},{"taxonomy":"product_tag","embeddable":true,"href":"https:\/\/www.excalibur-generator.com\/de\/wp-json\/wp\/v2\/product_tag?post=9705"}],"curies":[{"name":"wp","href":"https:\/\/api.w.org\/{rel}","templated":true}]}}