{"id":9709,"date":"2024-05-24T10:35:45","date_gmt":"2024-05-24T02:35:45","guid":{"rendered":"https:\/\/www.excalibur-generator.com\/s28d-vertikaler-benzinmotor\/"},"modified":"2024-05-24T10:35:45","modified_gmt":"2024-05-24T02:35:45","slug":"s28d-vertikaler-benzinmotor","status":"publish","type":"product","link":"https:\/\/www.excalibur-generator.com\/de\/s28d-vertikal-benzin-motor.html","title":{"rendered":"S28D Vertikaler Benzinmotor"},"content":{"rendered":"<table>\n<colgroup>\n<col>\n<col><\/colgroup>\n<tbody>\n<tr class=\"firstRow\">\n<td>Modell<\/td>\n<td>S28D<\/td>\n<\/tr>\n<tr>\n<td>Typ<\/td>\n<td>Luftgek\u00fchlt, 4-Takt, Einzylinder, Seitenventil<\/td>\n<\/tr>\n<tr>\n<td>Bohrung*Hub(mm)<\/td>\n<td>75*62<\/td>\n<\/tr>\n<tr>\n<td>Verdr\u00e4ngung (cc)<\/td>\n<td>273<\/td>\n<\/tr>\n<tr>\n<td>Nennleistung kW (hp)\/U\/min<\/td>\n<td>4.2(5.7)\/3600<\/td>\n<\/tr>\n<tr>\n<td>Maximale Leistung kW (PS)\/U\/min<\/td>\n<td>5.91(8.0)\/4000<\/td>\n<\/tr>\n<tr>\n<td>Drehrichtung<\/td>\n<td>Gegen den Uhrzeigersinn, mit Blick auf die Zapfwelle<\/td>\n<\/tr>\n<tr>\n<td>Kraftstoff<\/td>\n<td>Automobil Benzin bleifrei<\/td>\n<\/tr>\n<tr>\n<td>Kraftstofftankinhalt (l)<\/td>\n<td>5.5<\/td>\n<\/tr>\n<tr>\n<td>Lubricating oil capacity (L)<\/td>\n<td>0.85<\/td>\n<\/tr>\n<tr>\n<td>Z\u00fcndkerze<\/td>\n<td>E6TC<\/td>\n<\/tr>\n<tr>\n<td>Startsystem<\/td>\n<td>R\u00fccksto\u00dfstarter<\/td>\n<\/tr>\n<tr>\n<td>Packungsgr\u00f6\u00dfe (mm)<\/td>\n<td>440*380*460<\/td>\n<\/tr>\n<tr>\n<td>Nettogewicht<\/td>\n<td>21.5<\/td>\n<\/tr>\n<\/tbody>\n<\/table>\n","protected":false},"excerpt":{"rendered":"<p>Modell S28D Typ Luftgek\u00fchlt, 4-Takt, Einzylinder, Seitenventil Bohrung*Hub(mm) 75*62 Verdr\u00e4ngung (cc) 273 Nennleistung kW (hp)\/U\/min 4.2(5.7)\/3600 Maximale Leistung kW (PS)\/U\/min 5.91(8.0)\/4000 Drehrichtung Gegen den Uhrzeigersinn, mit Blick auf die Zapfwelle Kraftstoff Automobil Benzin bleifrei Kraftstofftankinhalt (l) 5.5 Lubricating oil capacity (L) 0.85 Z\u00fcndkerze E6TC Startsystem R\u00fccksto\u00dfstarter Packungsgr\u00f6\u00dfe (mm) 440*380*460 Nettogewicht 21.5<\/p>\n","protected":false},"featured_media":9710,"comment_status":"open","ping_status":"closed","template":"","meta":{"site-sidebar-layout":"default","site-content-layout":"","ast-site-content-layout":"default","site-content-style":"default","site-sidebar-style":"default","ast-global-header-display":"","ast-banner-title-visibility":"","ast-main-header-display":"","ast-hfb-above-header-display":"","ast-hfb-below-header-display":"","ast-hfb-mobile-header-display":"","site-post-title":"","ast-breadcrumbs-content":"","ast-featured-img":"","footer-sml-layout":"","theme-transparent-header-meta":"default","adv-header-id-meta":"","stick-header-meta":"","header-above-stick-meta":"","header-main-stick-meta":"","header-below-stick-meta":"","astra-migrate-meta-layouts":"default","ast-page-background-enabled":"default","ast-page-background-meta":{"desktop":{"background-color":"var(--ast-global-color-4)","background-image":"","background-repeat":"repeat","background-position":"center center","background-size":"auto","background-attachment":"scroll","background-type":"","background-media":"","overlay-type":"","overlay-color":"","overlay-opacity":"","overlay-gradient":""},"tablet":{"background-color":"","background-image":"","background-repeat":"repeat","background-position":"center center","background-size":"auto","background-attachment":"scroll","background-type":"","background-media":"","overlay-type":"","overlay-color":"","overlay-opacity":"","overlay-gradient":""},"mobile":{"background-color":"","background-image":"","background-repeat":"repeat","background-position":"center center","background-size":"auto","background-attachment":"scroll","background-type":"","background-media":"","overlay-type":"","overlay-color":"","overlay-opacity":"","overlay-gradient":""}},"ast-content-background-meta":{"desktop":{"background-color":"var(--ast-global-color-5)","background-image":"","background-repeat":"repeat","background-position":"center center","background-size":"auto","background-attachment":"scroll","background-type":"","background-media":"","overlay-type":"","overlay-color":"","overlay-opacity":"","overlay-gradient":""},"tablet":{"background-color":"var(--ast-global-color-5)","background-image":"","background-repeat":"repeat","background-position":"center center","background-size":"auto","background-attachment":"scroll","background-type":"","background-media":"","overlay-type":"","overlay-color":"","overlay-opacity":"","overlay-gradient":""},"mobile":{"background-color":"var(--ast-global-color-5)","background-image":"","background-repeat":"repeat","background-position":"center center","background-size":"auto","background-attachment":"scroll","background-type":"","background-media":"","overlay-type":"","overlay-color":"","overlay-opacity":"","overlay-gradient":""}}},"product_brand":[],"product_cat":[95],"product_tag":[],"class_list":{"0":"post-9709","1":"product","2":"type-product","3":"status-publish","4":"has-post-thumbnail","6":"product_cat-unkategorisiert","7":"desktop-align-left","8":"tablet-align-left","9":"mobile-align-left","11":"first","12":"instock","13":"shipping-taxable","14":"product-type-simple"},"yoast_head":"<!-- This site is optimized with the Yoast SEO plugin v26.5 - https:\/\/yoast.com\/wordpress\/plugins\/seo\/ -->\n<title>S28D Vertikaler Benzinmotor &#8211; Excalibur Generator<\/title>\n<meta name=\"description\" content=\"Der vertikale Benzinmotor S28D ist ein leistungsstarker und zuverl\u00e4ssiger 4-Takt-Motor mit vertikaler Bauweise, der sich ideal f\u00fcr eine Vielzahl von Anwendungen eignet. Dank seiner pr\u00e4zisen Konstruktion bietet er effiziente Leistung und Langlebigkeit und ist somit eine vielseitige Wahl f\u00fcr verschiedene Aufgaben.\" \/>\n<meta name=\"robots\" content=\"index, follow, max-snippet:-1, max-image-preview:large, max-video-preview:-1\" \/>\n<link rel=\"canonical\" href=\"https:\/\/www.excalibur-generator.com\/de\/s28d-vertikal-benzin-motor.html\" \/>\n<script type=\"application\/ld+json\" class=\"yoast-schema-graph\">{\"@context\":\"https:\/\/schema.org\",\"@graph\":[{\"@type\":\"WebPage\",\"@id\":\"https:\/\/www.excalibur-generator.com\/de\/s28d-vertikal-benzin-motor.html\",\"url\":\"https:\/\/www.excalibur-generator.com\/de\/s28d-vertikal-benzin-motor.html\",\"name\":\"S28D Vertikaler Benzinmotor &#8211; Excalibur Generator\",\"isPartOf\":{\"@id\":\"https:\/\/www.excalibur-generator.com\/de\/#website\"},\"primaryImageOfPage\":{\"@id\":\"https:\/\/www.excalibur-generator.com\/de\/s28d-vertikal-benzin-motor.html#primaryimage\"},\"image\":{\"@id\":\"https:\/\/www.excalibur-generator.com\/de\/s28d-vertikal-benzin-motor.html#primaryimage\"},\"thumbnailUrl\":\"https:\/\/www.excalibur-generator.com\/wp-content\/uploads\/2024\/05\/S28D-Vertical-Gasoline-Engine.jpg\",\"datePublished\":\"2024-05-24T02:35:45+00:00\",\"description\":\"Der vertikale Benzinmotor S28D ist ein leistungsstarker und zuverl\u00e4ssiger 4-Takt-Motor mit vertikaler Bauweise, der sich ideal f\u00fcr eine Vielzahl von Anwendungen eignet. Dank seiner pr\u00e4zisen Konstruktion bietet er effiziente Leistung und Langlebigkeit und ist somit eine vielseitige Wahl f\u00fcr verschiedene Aufgaben.\",\"breadcrumb\":{\"@id\":\"https:\/\/www.excalibur-generator.com\/de\/s28d-vertikal-benzin-motor.html#breadcrumb\"},\"inLanguage\":\"de\",\"potentialAction\":[{\"@type\":\"ReadAction\",\"target\":[\"https:\/\/www.excalibur-generator.com\/de\/s28d-vertikal-benzin-motor.html\"]}]},{\"@type\":\"ImageObject\",\"inLanguage\":\"de\",\"@id\":\"https:\/\/www.excalibur-generator.com\/de\/s28d-vertikal-benzin-motor.html#primaryimage\",\"url\":\"https:\/\/www.excalibur-generator.com\/wp-content\/uploads\/2024\/05\/S28D-Vertical-Gasoline-Engine.jpg\",\"contentUrl\":\"https:\/\/www.excalibur-generator.com\/wp-content\/uploads\/2024\/05\/S28D-Vertical-Gasoline-Engine.jpg\",\"width\":800,\"height\":800,\"caption\":\"S28D-Vertical-Gasoline-Engine\"},{\"@type\":\"BreadcrumbList\",\"@id\":\"https:\/\/www.excalibur-generator.com\/de\/s28d-vertikal-benzin-motor.html#breadcrumb\",\"itemListElement\":[{\"@type\":\"ListItem\",\"position\":1,\"name\":\"Home\",\"item\":\"https:\/\/www.excalibur-generator.com\/de\/\"},{\"@type\":\"ListItem\",\"position\":2,\"name\":\"Produkte\",\"item\":\"https:\/\/www.excalibur-generator.com\/de\/produkte.html\"},{\"@type\":\"ListItem\",\"position\":3,\"name\":\"S28D Vertikaler Benzinmotor\"}]},{\"@type\":\"WebSite\",\"@id\":\"https:\/\/www.excalibur-generator.com\/de\/#website\",\"url\":\"https:\/\/www.excalibur-generator.com\/de\/\",\"name\":\"Excalibur Generator\",\"description\":\"\",\"publisher\":{\"@id\":\"https:\/\/www.excalibur-generator.com\/de\/#organization\"},\"potentialAction\":[{\"@type\":\"SearchAction\",\"target\":{\"@type\":\"EntryPoint\",\"urlTemplate\":\"https:\/\/www.excalibur-generator.com\/de\/?s={search_term_string}\"},\"query-input\":{\"@type\":\"PropertyValueSpecification\",\"valueRequired\":true,\"valueName\":\"search_term_string\"}}],\"inLanguage\":\"de\"},{\"@type\":\"Organization\",\"@id\":\"https:\/\/www.excalibur-generator.com\/de\/#organization\",\"name\":\"Excalibur Generator\",\"url\":\"https:\/\/www.excalibur-generator.com\/de\/\",\"logo\":{\"@type\":\"ImageObject\",\"inLanguage\":\"de\",\"@id\":\"https:\/\/www.excalibur-generator.com\/de\/#\/schema\/logo\/image\/\",\"url\":\"https:\/\/www.excalibur-generator.com\/wp-content\/uploads\/2024\/05\/EXCALIBUR.png\",\"contentUrl\":\"https:\/\/www.excalibur-generator.com\/wp-content\/uploads\/2024\/05\/EXCALIBUR.png\",\"width\":350,\"height\":79,\"caption\":\"Excalibur Generator\"},\"image\":{\"@id\":\"https:\/\/www.excalibur-generator.com\/de\/#\/schema\/logo\/image\/\"}}]}<\/script>\n<!-- \/ Yoast SEO plugin. -->","yoast_head_json":{"title":"S28D Vertikaler Benzinmotor &#8211; Excalibur Generator","description":"Der vertikale Benzinmotor S28D ist ein leistungsstarker und zuverl\u00e4ssiger 4-Takt-Motor mit vertikaler Bauweise, der sich ideal f\u00fcr eine Vielzahl von Anwendungen eignet. Dank seiner pr\u00e4zisen Konstruktion bietet er effiziente Leistung und Langlebigkeit und ist somit eine vielseitige Wahl f\u00fcr verschiedene Aufgaben.","robots":{"index":"index","follow":"follow","max-snippet":"max-snippet:-1","max-image-preview":"max-image-preview:large","max-video-preview":"max-video-preview:-1"},"canonical":"https:\/\/www.excalibur-generator.com\/de\/s28d-vertikal-benzin-motor.html","schema":{"@context":"https:\/\/schema.org","@graph":[{"@type":"WebPage","@id":"https:\/\/www.excalibur-generator.com\/de\/s28d-vertikal-benzin-motor.html","url":"https:\/\/www.excalibur-generator.com\/de\/s28d-vertikal-benzin-motor.html","name":"S28D Vertikaler Benzinmotor &#8211; Excalibur Generator","isPartOf":{"@id":"https:\/\/www.excalibur-generator.com\/de\/#website"},"primaryImageOfPage":{"@id":"https:\/\/www.excalibur-generator.com\/de\/s28d-vertikal-benzin-motor.html#primaryimage"},"image":{"@id":"https:\/\/www.excalibur-generator.com\/de\/s28d-vertikal-benzin-motor.html#primaryimage"},"thumbnailUrl":"https:\/\/www.excalibur-generator.com\/wp-content\/uploads\/2024\/05\/S28D-Vertical-Gasoline-Engine.jpg","datePublished":"2024-05-24T02:35:45+00:00","description":"Der vertikale Benzinmotor S28D ist ein leistungsstarker und zuverl\u00e4ssiger 4-Takt-Motor mit vertikaler Bauweise, der sich ideal f\u00fcr eine Vielzahl von Anwendungen eignet. Dank seiner pr\u00e4zisen Konstruktion bietet er effiziente Leistung und Langlebigkeit und ist somit eine vielseitige Wahl f\u00fcr verschiedene Aufgaben.","breadcrumb":{"@id":"https:\/\/www.excalibur-generator.com\/de\/s28d-vertikal-benzin-motor.html#breadcrumb"},"inLanguage":"de","potentialAction":[{"@type":"ReadAction","target":["https:\/\/www.excalibur-generator.com\/de\/s28d-vertikal-benzin-motor.html"]}]},{"@type":"ImageObject","inLanguage":"de","@id":"https:\/\/www.excalibur-generator.com\/de\/s28d-vertikal-benzin-motor.html#primaryimage","url":"https:\/\/www.excalibur-generator.com\/wp-content\/uploads\/2024\/05\/S28D-Vertical-Gasoline-Engine.jpg","contentUrl":"https:\/\/www.excalibur-generator.com\/wp-content\/uploads\/2024\/05\/S28D-Vertical-Gasoline-Engine.jpg","width":800,"height":800,"caption":"S28D-Vertical-Gasoline-Engine"},{"@type":"BreadcrumbList","@id":"https:\/\/www.excalibur-generator.com\/de\/s28d-vertikal-benzin-motor.html#breadcrumb","itemListElement":[{"@type":"ListItem","position":1,"name":"Home","item":"https:\/\/www.excalibur-generator.com\/de\/"},{"@type":"ListItem","position":2,"name":"Produkte","item":"https:\/\/www.excalibur-generator.com\/de\/produkte.html"},{"@type":"ListItem","position":3,"name":"S28D Vertikaler Benzinmotor"}]},{"@type":"WebSite","@id":"https:\/\/www.excalibur-generator.com\/de\/#website","url":"https:\/\/www.excalibur-generator.com\/de\/","name":"Excalibur Generator","description":"","publisher":{"@id":"https:\/\/www.excalibur-generator.com\/de\/#organization"},"potentialAction":[{"@type":"SearchAction","target":{"@type":"EntryPoint","urlTemplate":"https:\/\/www.excalibur-generator.com\/de\/?s={search_term_string}"},"query-input":{"@type":"PropertyValueSpecification","valueRequired":true,"valueName":"search_term_string"}}],"inLanguage":"de"},{"@type":"Organization","@id":"https:\/\/www.excalibur-generator.com\/de\/#organization","name":"Excalibur Generator","url":"https:\/\/www.excalibur-generator.com\/de\/","logo":{"@type":"ImageObject","inLanguage":"de","@id":"https:\/\/www.excalibur-generator.com\/de\/#\/schema\/logo\/image\/","url":"https:\/\/www.excalibur-generator.com\/wp-content\/uploads\/2024\/05\/EXCALIBUR.png","contentUrl":"https:\/\/www.excalibur-generator.com\/wp-content\/uploads\/2024\/05\/EXCALIBUR.png","width":350,"height":79,"caption":"Excalibur Generator"},"image":{"@id":"https:\/\/www.excalibur-generator.com\/de\/#\/schema\/logo\/image\/"}}]}},"_links":{"self":[{"href":"https:\/\/www.excalibur-generator.com\/de\/wp-json\/wp\/v2\/product\/9709","targetHints":{"allow":["GET"]}}],"collection":[{"href":"https:\/\/www.excalibur-generator.com\/de\/wp-json\/wp\/v2\/product"}],"about":[{"href":"https:\/\/www.excalibur-generator.com\/de\/wp-json\/wp\/v2\/types\/product"}],"replies":[{"embeddable":true,"href":"https:\/\/www.excalibur-generator.com\/de\/wp-json\/wp\/v2\/comments?post=9709"}],"wp:featuredmedia":[{"embeddable":true,"href":"https:\/\/www.excalibur-generator.com\/de\/wp-json\/wp\/v2\/media\/9710"}],"wp:attachment":[{"href":"https:\/\/www.excalibur-generator.com\/de\/wp-json\/wp\/v2\/media?parent=9709"}],"wp:term":[{"taxonomy":"product_brand","embeddable":true,"href":"https:\/\/www.excalibur-generator.com\/de\/wp-json\/wp\/v2\/product_brand?post=9709"},{"taxonomy":"product_cat","embeddable":true,"href":"https:\/\/www.excalibur-generator.com\/de\/wp-json\/wp\/v2\/product_cat?post=9709"},{"taxonomy":"product_tag","embeddable":true,"href":"https:\/\/www.excalibur-generator.com\/de\/wp-json\/wp\/v2\/product_tag?post=9709"}],"curies":[{"name":"wp","href":"https:\/\/api.w.org\/{rel}","templated":true}]}}