{"id":9715,"date":"2024-05-24T10:24:57","date_gmt":"2024-05-24T02:24:57","guid":{"rendered":"https:\/\/www.excalibur-generator.com\/15-ps-s500-horizontaler-benzinmotor\/"},"modified":"2025-09-16T16:19:10","modified_gmt":"2025-09-16T08:19:10","slug":"15-ps-s500-horizontaler-benzinmotor","status":"publish","type":"product","link":"https:\/\/www.excalibur-generator.com\/de\/15hp-s500-horizontal-benzinmotor.html","title":{"rendered":"15 PS S500 Horizontaler Benzinmotor"},"content":{"rendered":"<table>\n<colgroup>\n<col>\n<col><\/colgroup>\n<tbody>\n<tr class=\"firstRow\">\n<td>Modell<\/td>\n<td>S500<\/td>\n<\/tr>\n<tr>\n<td>Typ<\/td>\n<td>Luftgek\u00fchlt, 4-Takt, Einzylinder, Seitenventil<\/td>\n<\/tr>\n<tr>\n<td>Bohrung*Hub(mm)<\/td>\n<td>94*72<\/td>\n<\/tr>\n<tr>\n<td>Verdr\u00e4ngung (cc)<\/td>\n<td>500<\/td>\n<\/tr>\n<tr>\n<td>Verdichtungsverh\u00e4ltnis<\/td>\n<td>8.5:1<\/td>\n<\/tr>\n<tr>\n<td>Max. Leistungsabgabe (HP\/rpm) <\/td>\n<td>18\/3600<\/td>\n<\/tr>\n<tr>\n<td>Max. Drehmoment(N.m\/) <\/td>\n<td>31<\/td>\n<\/tr>\n<tr>\n<td>lZ\u00fcndsystem<\/td>\n<td>Z\u00fcndsystem Ber\u00fchrungslose Transistorz\u00fcndung (T.C.I)<\/td>\n<\/tr>\n<tr>\n<td>Startsystem<\/td>\n<td>R\u00fcckspulen\/Elektrisch<\/td>\n<\/tr>\n<tr>\n<td>Luftreiniger<\/td>\n<td>Semi-Drypil-Bad, doppelt, doppelt leise und Zyklon-Typ<\/td>\n<\/tr>\n<tr>\n<td>Kraftstofftank (L)<\/td>\n<td>6.9<\/td>\n<\/tr>\n<tr>\n<td>\u00d6lkapazit\u00e4t (L)<\/td>\n<td>1.2<\/td>\n<\/tr>\n<tr>\n<td>Kraftstoffverbrauch (g\/kw-Stunde)<\/td>\n<td>\u2264374<\/td>\n<\/tr>\n<tr>\n<td>Abmessung (L* B* H)mm<\/td>\n<td>475*425*440<\/td>\n<\/tr>\n<tr>\n<td>G.W\/NW (Kg)<\/td>\n<td>39\/36<\/td>\n<\/tr>\n<\/tbody>\n<\/table>\n","protected":false},"excerpt":{"rendered":"<p>Modell S500 Typ Luftgek\u00fchlt, 4-Takt, Einzylinder, Seitenventil Bohrung*Hub(mm) 94*72 Verdr\u00e4ngung (cc) 500 Verdichtungsverh\u00e4ltnis 8.5:1 Max. Leistungsabgabe (HP\/rpm) 18\/3600 Max. Drehmoment(N.m\/) 31 lZ\u00fcndsystem Z\u00fcndsystem Ber\u00fchrungslose Transistorz\u00fcndung (T.C.I) Startsystem R\u00fcckspulen\/Elektrisch Luftreiniger Semi-Drypil-Bad, doppelt, doppelt leise und Zyklon-Typ Kraftstofftank (L) 6.9 \u00d6lkapazit\u00e4t (L) 1.2 Kraftstoffverbrauch (g\/kw-Stunde) \u2264374 Abmessung (L* B* H)mm 475*425*440 G.W\/NW (Kg) 39\/36<\/p>\n","protected":false},"featured_media":9716,"comment_status":"open","ping_status":"closed","template":"","meta":{"site-sidebar-layout":"default","site-content-layout":"","ast-site-content-layout":"default","site-content-style":"default","site-sidebar-style":"default","ast-global-header-display":"","ast-banner-title-visibility":"","ast-main-header-display":"","ast-hfb-above-header-display":"","ast-hfb-below-header-display":"","ast-hfb-mobile-header-display":"","site-post-title":"","ast-breadcrumbs-content":"","ast-featured-img":"","footer-sml-layout":"","theme-transparent-header-meta":"default","adv-header-id-meta":"","stick-header-meta":"","header-above-stick-meta":"","header-main-stick-meta":"","header-below-stick-meta":"","astra-migrate-meta-layouts":"default","ast-page-background-enabled":"default","ast-page-background-meta":{"desktop":{"background-color":"var(--ast-global-color-4)","background-image":"","background-repeat":"repeat","background-position":"center center","background-size":"auto","background-attachment":"scroll","background-type":"","background-media":"","overlay-type":"","overlay-color":"","overlay-opacity":"","overlay-gradient":""},"tablet":{"background-color":"","background-image":"","background-repeat":"repeat","background-position":"center center","background-size":"auto","background-attachment":"scroll","background-type":"","background-media":"","overlay-type":"","overlay-color":"","overlay-opacity":"","overlay-gradient":""},"mobile":{"background-color":"","background-image":"","background-repeat":"repeat","background-position":"center center","background-size":"auto","background-attachment":"scroll","background-type":"","background-media":"","overlay-type":"","overlay-color":"","overlay-opacity":"","overlay-gradient":""}},"ast-content-background-meta":{"desktop":{"background-color":"var(--ast-global-color-5)","background-image":"","background-repeat":"repeat","background-position":"center center","background-size":"auto","background-attachment":"scroll","background-type":"","background-media":"","overlay-type":"","overlay-color":"","overlay-opacity":"","overlay-gradient":""},"tablet":{"background-color":"var(--ast-global-color-5)","background-image":"","background-repeat":"repeat","background-position":"center center","background-size":"auto","background-attachment":"scroll","background-type":"","background-media":"","overlay-type":"","overlay-color":"","overlay-opacity":"","overlay-gradient":""},"mobile":{"background-color":"var(--ast-global-color-5)","background-image":"","background-repeat":"repeat","background-position":"center center","background-size":"auto","background-attachment":"scroll","background-type":"","background-media":"","overlay-type":"","overlay-color":"","overlay-opacity":"","overlay-gradient":""}}},"product_brand":[],"product_cat":[95],"product_tag":[],"class_list":{"0":"post-9715","1":"product","2":"type-product","3":"status-publish","4":"has-post-thumbnail","6":"product_cat-unkategorisiert","7":"desktop-align-left","8":"tablet-align-left","9":"mobile-align-left","11":"first","12":"instock","13":"shipping-taxable","14":"product-type-simple"},"yoast_head":"<!-- This site is optimized with the Yoast SEO plugin v26.5 - https:\/\/yoast.com\/wordpress\/plugins\/seo\/ -->\n<title>15 PS S500 Horizontaler Benzinmotor &#8211; Excalibur Generator<\/title>\n<meta name=\"description\" content=\"Der horizontale 15-PS-Benzinmotor S500 ist ein leistungsstarkes, kompaktes Aggregat, das f\u00fcr Vielseitigkeit ausgelegt ist. Mit seiner robusten 4-Takt-Konstruktion bietet er zuverl\u00e4ssige Leistung f\u00fcr verschiedene Anwendungen und gew\u00e4hrleistet Effizienz und Langlebigkeit in einer platzsparenden Bauweise.\" \/>\n<meta name=\"robots\" content=\"index, follow, max-snippet:-1, max-image-preview:large, max-video-preview:-1\" \/>\n<link rel=\"canonical\" href=\"https:\/\/www.excalibur-generator.com\/de\/15hp-s500-horizontal-benzinmotor.html\" \/>\n<script type=\"application\/ld+json\" class=\"yoast-schema-graph\">{\"@context\":\"https:\/\/schema.org\",\"@graph\":[{\"@type\":\"WebPage\",\"@id\":\"https:\/\/www.excalibur-generator.com\/de\/15hp-s500-horizontal-benzinmotor.html\",\"url\":\"https:\/\/www.excalibur-generator.com\/de\/15hp-s500-horizontal-benzinmotor.html\",\"name\":\"15 PS S500 Horizontaler Benzinmotor &#8211; Excalibur Generator\",\"isPartOf\":{\"@id\":\"https:\/\/www.excalibur-generator.com\/de\/#website\"},\"primaryImageOfPage\":{\"@id\":\"https:\/\/www.excalibur-generator.com\/de\/15hp-s500-horizontal-benzinmotor.html#primaryimage\"},\"image\":{\"@id\":\"https:\/\/www.excalibur-generator.com\/de\/15hp-s500-horizontal-benzinmotor.html#primaryimage\"},\"thumbnailUrl\":\"https:\/\/www.excalibur-generator.com\/wp-content\/uploads\/2024\/05\/15HP-S500-Horizontal-Gasoline-Engine.jpg\",\"datePublished\":\"2024-05-24T02:24:57+00:00\",\"dateModified\":\"2025-09-16T08:19:10+00:00\",\"description\":\"Der horizontale 15-PS-Benzinmotor S500 ist ein leistungsstarkes, kompaktes Aggregat, das f\u00fcr Vielseitigkeit ausgelegt ist. Mit seiner robusten 4-Takt-Konstruktion bietet er zuverl\u00e4ssige Leistung f\u00fcr verschiedene Anwendungen und gew\u00e4hrleistet Effizienz und Langlebigkeit in einer platzsparenden Bauweise.\",\"breadcrumb\":{\"@id\":\"https:\/\/www.excalibur-generator.com\/de\/15hp-s500-horizontal-benzinmotor.html#breadcrumb\"},\"inLanguage\":\"de\",\"potentialAction\":[{\"@type\":\"ReadAction\",\"target\":[\"https:\/\/www.excalibur-generator.com\/de\/15hp-s500-horizontal-benzinmotor.html\"]}]},{\"@type\":\"ImageObject\",\"inLanguage\":\"de\",\"@id\":\"https:\/\/www.excalibur-generator.com\/de\/15hp-s500-horizontal-benzinmotor.html#primaryimage\",\"url\":\"https:\/\/www.excalibur-generator.com\/wp-content\/uploads\/2024\/05\/15HP-S500-Horizontal-Gasoline-Engine.jpg\",\"contentUrl\":\"https:\/\/www.excalibur-generator.com\/wp-content\/uploads\/2024\/05\/15HP-S500-Horizontal-Gasoline-Engine.jpg\",\"width\":800,\"height\":800,\"caption\":\"15HP-S500-Horizontal-Gasoline-Engine\"},{\"@type\":\"BreadcrumbList\",\"@id\":\"https:\/\/www.excalibur-generator.com\/de\/15hp-s500-horizontal-benzinmotor.html#breadcrumb\",\"itemListElement\":[{\"@type\":\"ListItem\",\"position\":1,\"name\":\"Home\",\"item\":\"https:\/\/www.excalibur-generator.com\/de\/\"},{\"@type\":\"ListItem\",\"position\":2,\"name\":\"Produkte\",\"item\":\"https:\/\/www.excalibur-generator.com\/de\/produkte.html\"},{\"@type\":\"ListItem\",\"position\":3,\"name\":\"15 PS S500 Horizontaler Benzinmotor\"}]},{\"@type\":\"WebSite\",\"@id\":\"https:\/\/www.excalibur-generator.com\/de\/#website\",\"url\":\"https:\/\/www.excalibur-generator.com\/de\/\",\"name\":\"Excalibur Generator\",\"description\":\"\",\"publisher\":{\"@id\":\"https:\/\/www.excalibur-generator.com\/de\/#organization\"},\"potentialAction\":[{\"@type\":\"SearchAction\",\"target\":{\"@type\":\"EntryPoint\",\"urlTemplate\":\"https:\/\/www.excalibur-generator.com\/de\/?s={search_term_string}\"},\"query-input\":{\"@type\":\"PropertyValueSpecification\",\"valueRequired\":true,\"valueName\":\"search_term_string\"}}],\"inLanguage\":\"de\"},{\"@type\":\"Organization\",\"@id\":\"https:\/\/www.excalibur-generator.com\/de\/#organization\",\"name\":\"Excalibur Generator\",\"url\":\"https:\/\/www.excalibur-generator.com\/de\/\",\"logo\":{\"@type\":\"ImageObject\",\"inLanguage\":\"de\",\"@id\":\"https:\/\/www.excalibur-generator.com\/de\/#\/schema\/logo\/image\/\",\"url\":\"https:\/\/www.excalibur-generator.com\/wp-content\/uploads\/2024\/05\/EXCALIBUR.png\",\"contentUrl\":\"https:\/\/www.excalibur-generator.com\/wp-content\/uploads\/2024\/05\/EXCALIBUR.png\",\"width\":350,\"height\":79,\"caption\":\"Excalibur Generator\"},\"image\":{\"@id\":\"https:\/\/www.excalibur-generator.com\/de\/#\/schema\/logo\/image\/\"}}]}<\/script>\n<!-- \/ Yoast SEO plugin. -->","yoast_head_json":{"title":"15 PS S500 Horizontaler Benzinmotor &#8211; Excalibur Generator","description":"Der horizontale 15-PS-Benzinmotor S500 ist ein leistungsstarkes, kompaktes Aggregat, das f\u00fcr Vielseitigkeit ausgelegt ist. Mit seiner robusten 4-Takt-Konstruktion bietet er zuverl\u00e4ssige Leistung f\u00fcr verschiedene Anwendungen und gew\u00e4hrleistet Effizienz und Langlebigkeit in einer platzsparenden Bauweise.","robots":{"index":"index","follow":"follow","max-snippet":"max-snippet:-1","max-image-preview":"max-image-preview:large","max-video-preview":"max-video-preview:-1"},"canonical":"https:\/\/www.excalibur-generator.com\/de\/15hp-s500-horizontal-benzinmotor.html","schema":{"@context":"https:\/\/schema.org","@graph":[{"@type":"WebPage","@id":"https:\/\/www.excalibur-generator.com\/de\/15hp-s500-horizontal-benzinmotor.html","url":"https:\/\/www.excalibur-generator.com\/de\/15hp-s500-horizontal-benzinmotor.html","name":"15 PS S500 Horizontaler Benzinmotor &#8211; Excalibur Generator","isPartOf":{"@id":"https:\/\/www.excalibur-generator.com\/de\/#website"},"primaryImageOfPage":{"@id":"https:\/\/www.excalibur-generator.com\/de\/15hp-s500-horizontal-benzinmotor.html#primaryimage"},"image":{"@id":"https:\/\/www.excalibur-generator.com\/de\/15hp-s500-horizontal-benzinmotor.html#primaryimage"},"thumbnailUrl":"https:\/\/www.excalibur-generator.com\/wp-content\/uploads\/2024\/05\/15HP-S500-Horizontal-Gasoline-Engine.jpg","datePublished":"2024-05-24T02:24:57+00:00","dateModified":"2025-09-16T08:19:10+00:00","description":"Der horizontale 15-PS-Benzinmotor S500 ist ein leistungsstarkes, kompaktes Aggregat, das f\u00fcr Vielseitigkeit ausgelegt ist. Mit seiner robusten 4-Takt-Konstruktion bietet er zuverl\u00e4ssige Leistung f\u00fcr verschiedene Anwendungen und gew\u00e4hrleistet Effizienz und Langlebigkeit in einer platzsparenden Bauweise.","breadcrumb":{"@id":"https:\/\/www.excalibur-generator.com\/de\/15hp-s500-horizontal-benzinmotor.html#breadcrumb"},"inLanguage":"de","potentialAction":[{"@type":"ReadAction","target":["https:\/\/www.excalibur-generator.com\/de\/15hp-s500-horizontal-benzinmotor.html"]}]},{"@type":"ImageObject","inLanguage":"de","@id":"https:\/\/www.excalibur-generator.com\/de\/15hp-s500-horizontal-benzinmotor.html#primaryimage","url":"https:\/\/www.excalibur-generator.com\/wp-content\/uploads\/2024\/05\/15HP-S500-Horizontal-Gasoline-Engine.jpg","contentUrl":"https:\/\/www.excalibur-generator.com\/wp-content\/uploads\/2024\/05\/15HP-S500-Horizontal-Gasoline-Engine.jpg","width":800,"height":800,"caption":"15HP-S500-Horizontal-Gasoline-Engine"},{"@type":"BreadcrumbList","@id":"https:\/\/www.excalibur-generator.com\/de\/15hp-s500-horizontal-benzinmotor.html#breadcrumb","itemListElement":[{"@type":"ListItem","position":1,"name":"Home","item":"https:\/\/www.excalibur-generator.com\/de\/"},{"@type":"ListItem","position":2,"name":"Produkte","item":"https:\/\/www.excalibur-generator.com\/de\/produkte.html"},{"@type":"ListItem","position":3,"name":"15 PS S500 Horizontaler Benzinmotor"}]},{"@type":"WebSite","@id":"https:\/\/www.excalibur-generator.com\/de\/#website","url":"https:\/\/www.excalibur-generator.com\/de\/","name":"Excalibur Generator","description":"","publisher":{"@id":"https:\/\/www.excalibur-generator.com\/de\/#organization"},"potentialAction":[{"@type":"SearchAction","target":{"@type":"EntryPoint","urlTemplate":"https:\/\/www.excalibur-generator.com\/de\/?s={search_term_string}"},"query-input":{"@type":"PropertyValueSpecification","valueRequired":true,"valueName":"search_term_string"}}],"inLanguage":"de"},{"@type":"Organization","@id":"https:\/\/www.excalibur-generator.com\/de\/#organization","name":"Excalibur Generator","url":"https:\/\/www.excalibur-generator.com\/de\/","logo":{"@type":"ImageObject","inLanguage":"de","@id":"https:\/\/www.excalibur-generator.com\/de\/#\/schema\/logo\/image\/","url":"https:\/\/www.excalibur-generator.com\/wp-content\/uploads\/2024\/05\/EXCALIBUR.png","contentUrl":"https:\/\/www.excalibur-generator.com\/wp-content\/uploads\/2024\/05\/EXCALIBUR.png","width":350,"height":79,"caption":"Excalibur Generator"},"image":{"@id":"https:\/\/www.excalibur-generator.com\/de\/#\/schema\/logo\/image\/"}}]}},"_links":{"self":[{"href":"https:\/\/www.excalibur-generator.com\/de\/wp-json\/wp\/v2\/product\/9715","targetHints":{"allow":["GET"]}}],"collection":[{"href":"https:\/\/www.excalibur-generator.com\/de\/wp-json\/wp\/v2\/product"}],"about":[{"href":"https:\/\/www.excalibur-generator.com\/de\/wp-json\/wp\/v2\/types\/product"}],"replies":[{"embeddable":true,"href":"https:\/\/www.excalibur-generator.com\/de\/wp-json\/wp\/v2\/comments?post=9715"}],"wp:featuredmedia":[{"embeddable":true,"href":"https:\/\/www.excalibur-generator.com\/de\/wp-json\/wp\/v2\/media\/9716"}],"wp:attachment":[{"href":"https:\/\/www.excalibur-generator.com\/de\/wp-json\/wp\/v2\/media?parent=9715"}],"wp:term":[{"taxonomy":"product_brand","embeddable":true,"href":"https:\/\/www.excalibur-generator.com\/de\/wp-json\/wp\/v2\/product_brand?post=9715"},{"taxonomy":"product_cat","embeddable":true,"href":"https:\/\/www.excalibur-generator.com\/de\/wp-json\/wp\/v2\/product_cat?post=9715"},{"taxonomy":"product_tag","embeddable":true,"href":"https:\/\/www.excalibur-generator.com\/de\/wp-json\/wp\/v2\/product_tag?post=9715"}],"curies":[{"name":"wp","href":"https:\/\/api.w.org\/{rel}","templated":true}]}}