{"id":9717,"date":"2024-05-24T10:11:09","date_gmt":"2024-05-24T02:11:09","guid":{"rendered":"https:\/\/www.excalibur-generator.com\/98-kw-15-kw-s1100f-einfacher-dieselmotor\/"},"modified":"2025-09-16T16:18:43","modified_gmt":"2025-09-16T08:18:43","slug":"98-kw-15-kw-s1100f-einfacher-dieselmotor","status":"publish","type":"product","link":"https:\/\/www.excalibur-generator.com\/de\/9-8-kw-1-5-kw-s1100f-einzeldieselmotor.html","title":{"rendered":"9,8 kW\/1,5 kW S1100F Einfacher Dieselmotor"},"content":{"rendered":"<table>\n<colgroup>\n<col>\n<col span=\"2\"><\/colgroup>\n<tbody>\n<tr class=\"firstRow\">\n<td>Modell<\/td>\n<td colspan=\"2\">S1100FE<\/td>\n<\/tr>\n<tr>\n<td>Bohrung*Hub(mm)<\/td>\n<td colspan=\"2\">100*84<\/td>\n<\/tr>\n<tr>\n<td>Verdr\u00e4ngung (cc)<\/td>\n<td colspan=\"2\">660<\/td>\n<\/tr>\n<tr>\n<td>Motordrehzahl (U\/min)<\/td>\n<td>3000<\/td>\n<td>3600<\/td>\n<\/tr>\n<tr>\n<td>Max.Leistung(kW)<\/td>\n<td>9.8<\/td>\n<td>10.5<\/td>\n<\/tr>\n<tr>\n<td>Kontinuierliche Leistung (kW )<\/td>\n<td>9.1<\/td>\n<td>9.8<\/td>\n<\/tr>\n<tr>\n<td>Kraftstofftyp<\/td>\n<td colspan=\"2\">0<\/td>\n<\/tr>\n<tr>\n<td>System starten<\/td>\n<td><\/td>\n<td><\/td>\n<\/tr>\n<tr>\n<td>Kraftstofftankinhalt (l)<\/td>\n<td colspan=\"2\">5.5<\/td>\n<\/tr>\n<tr>\n<td>Schmier\u00f6lkapazit\u00e4t (L)<\/td>\n<td colspan=\"2\">2.5<\/td>\n<\/tr>\n<tr>\n<td>Kraftstoffverbrauch (100% Last)<\/td>\n<td><\/td>\n<td><\/td>\n<\/tr>\n<tr>\n<td>Abmessung (mm)<\/td>\n<td colspan=\"2\">510*500*590<\/td>\n<\/tr>\n<tr>\n<td>Nettogewicht (kg)<\/td>\n<td colspan=\"2\">57<\/td>\n<\/tr>\n<\/tbody>\n<\/table>\n","protected":false},"excerpt":{"rendered":"<p>Modell S1100FE Bohrung*Hub(mm) 100*84 Verdr\u00e4ngung (cc) 660 Motordrehzahl (U\/min) 3000 3600 Max.Leistung(kW) 9.8 10.5 Kontinuierliche Leistung (kW ) 9.1 9.8 Kraftstofftyp 0 System starten Kraftstofftankinhalt (l) 5.5 Schmier\u00f6lkapazit\u00e4t (L) 2.5 Kraftstoffverbrauch (100% Last) Abmessung (mm) 510*500*590 Nettogewicht (kg) 57<\/p>\n","protected":false},"featured_media":9718,"comment_status":"open","ping_status":"closed","template":"","meta":{"site-sidebar-layout":"default","site-content-layout":"","ast-site-content-layout":"default","site-content-style":"default","site-sidebar-style":"default","ast-global-header-display":"","ast-banner-title-visibility":"","ast-main-header-display":"","ast-hfb-above-header-display":"","ast-hfb-below-header-display":"","ast-hfb-mobile-header-display":"","site-post-title":"","ast-breadcrumbs-content":"","ast-featured-img":"","footer-sml-layout":"","theme-transparent-header-meta":"default","adv-header-id-meta":"","stick-header-meta":"","header-above-stick-meta":"","header-main-stick-meta":"","header-below-stick-meta":"","astra-migrate-meta-layouts":"default","ast-page-background-enabled":"default","ast-page-background-meta":{"desktop":{"background-color":"var(--ast-global-color-4)","background-image":"","background-repeat":"repeat","background-position":"center center","background-size":"auto","background-attachment":"scroll","background-type":"","background-media":"","overlay-type":"","overlay-color":"","overlay-opacity":"","overlay-gradient":""},"tablet":{"background-color":"","background-image":"","background-repeat":"repeat","background-position":"center center","background-size":"auto","background-attachment":"scroll","background-type":"","background-media":"","overlay-type":"","overlay-color":"","overlay-opacity":"","overlay-gradient":""},"mobile":{"background-color":"","background-image":"","background-repeat":"repeat","background-position":"center center","background-size":"auto","background-attachment":"scroll","background-type":"","background-media":"","overlay-type":"","overlay-color":"","overlay-opacity":"","overlay-gradient":""}},"ast-content-background-meta":{"desktop":{"background-color":"var(--ast-global-color-5)","background-image":"","background-repeat":"repeat","background-position":"center center","background-size":"auto","background-attachment":"scroll","background-type":"","background-media":"","overlay-type":"","overlay-color":"","overlay-opacity":"","overlay-gradient":""},"tablet":{"background-color":"var(--ast-global-color-5)","background-image":"","background-repeat":"repeat","background-position":"center center","background-size":"auto","background-attachment":"scroll","background-type":"","background-media":"","overlay-type":"","overlay-color":"","overlay-opacity":"","overlay-gradient":""},"mobile":{"background-color":"var(--ast-global-color-5)","background-image":"","background-repeat":"repeat","background-position":"center center","background-size":"auto","background-attachment":"scroll","background-type":"","background-media":"","overlay-type":"","overlay-color":"","overlay-opacity":"","overlay-gradient":""}}},"product_brand":[],"product_cat":[95],"product_tag":[],"class_list":{"0":"post-9717","1":"product","2":"type-product","3":"status-publish","4":"has-post-thumbnail","6":"product_cat-unkategorisiert","7":"desktop-align-left","8":"tablet-align-left","9":"mobile-align-left","11":"first","12":"instock","13":"shipping-taxable","14":"product-type-simple"},"yoast_head":"<!-- This site is optimized with the Yoast SEO plugin v26.5 - https:\/\/yoast.com\/wordpress\/plugins\/seo\/ -->\n<title>9,8 kW\/1,5 kW S1100F Einfacher Dieselmotor &#8211; Excalibur Generator<\/title>\n<meta name=\"description\" content=\"Der 15 PS starke horizontale Benzinmotor S500 \u00fcberzeugt durch seine robuste Bauweise und seine leistungsstarke Performance und eignet sich damit ideal f\u00fcr vielf\u00e4ltige Anwendungen. Seine Langlebigkeit, Effizienz und Zuverl\u00e4ssigkeit zeichnen ihn f\u00fcr den vielseitigen Einsatz in unterschiedlichen Umgebungen aus.\" \/>\n<meta name=\"robots\" content=\"index, follow, max-snippet:-1, max-image-preview:large, max-video-preview:-1\" \/>\n<link rel=\"canonical\" href=\"https:\/\/www.excalibur-generator.com\/de\/9-8-kw-1-5-kw-s1100f-einzeldieselmotor.html\" \/>\n<script type=\"application\/ld+json\" class=\"yoast-schema-graph\">{\"@context\":\"https:\/\/schema.org\",\"@graph\":[{\"@type\":\"WebPage\",\"@id\":\"https:\/\/www.excalibur-generator.com\/de\/9-8-kw-1-5-kw-s1100f-einzeldieselmotor.html\",\"url\":\"https:\/\/www.excalibur-generator.com\/de\/9-8-kw-1-5-kw-s1100f-einzeldieselmotor.html\",\"name\":\"9,8 kW\/1,5 kW S1100F Einfacher Dieselmotor &#8211; Excalibur Generator\",\"isPartOf\":{\"@id\":\"https:\/\/www.excalibur-generator.com\/de\/#website\"},\"primaryImageOfPage\":{\"@id\":\"https:\/\/www.excalibur-generator.com\/de\/9-8-kw-1-5-kw-s1100f-einzeldieselmotor.html#primaryimage\"},\"image\":{\"@id\":\"https:\/\/www.excalibur-generator.com\/de\/9-8-kw-1-5-kw-s1100f-einzeldieselmotor.html#primaryimage\"},\"thumbnailUrl\":\"https:\/\/www.excalibur-generator.com\/wp-content\/uploads\/2024\/05\/9.8kw1.5kwS1100F-Single-Diesel-Engine.jpg\",\"datePublished\":\"2024-05-24T02:11:09+00:00\",\"dateModified\":\"2025-09-16T08:18:43+00:00\",\"description\":\"Der 15 PS starke horizontale Benzinmotor S500 \u00fcberzeugt durch seine robuste Bauweise und seine leistungsstarke Performance und eignet sich damit ideal f\u00fcr vielf\u00e4ltige Anwendungen. Seine Langlebigkeit, Effizienz und Zuverl\u00e4ssigkeit zeichnen ihn f\u00fcr den vielseitigen Einsatz in unterschiedlichen Umgebungen aus.\",\"breadcrumb\":{\"@id\":\"https:\/\/www.excalibur-generator.com\/de\/9-8-kw-1-5-kw-s1100f-einzeldieselmotor.html#breadcrumb\"},\"inLanguage\":\"de\",\"potentialAction\":[{\"@type\":\"ReadAction\",\"target\":[\"https:\/\/www.excalibur-generator.com\/de\/9-8-kw-1-5-kw-s1100f-einzeldieselmotor.html\"]}]},{\"@type\":\"ImageObject\",\"inLanguage\":\"de\",\"@id\":\"https:\/\/www.excalibur-generator.com\/de\/9-8-kw-1-5-kw-s1100f-einzeldieselmotor.html#primaryimage\",\"url\":\"https:\/\/www.excalibur-generator.com\/wp-content\/uploads\/2024\/05\/9.8kw1.5kwS1100F-Single-Diesel-Engine.jpg\",\"contentUrl\":\"https:\/\/www.excalibur-generator.com\/wp-content\/uploads\/2024\/05\/9.8kw1.5kwS1100F-Single-Diesel-Engine.jpg\",\"width\":800,\"height\":800,\"caption\":\"9.8kw1.5kwS1100F-Single-Diesel-Engine\"},{\"@type\":\"BreadcrumbList\",\"@id\":\"https:\/\/www.excalibur-generator.com\/de\/9-8-kw-1-5-kw-s1100f-einzeldieselmotor.html#breadcrumb\",\"itemListElement\":[{\"@type\":\"ListItem\",\"position\":1,\"name\":\"Home\",\"item\":\"https:\/\/www.excalibur-generator.com\/de\/\"},{\"@type\":\"ListItem\",\"position\":2,\"name\":\"Produkte\",\"item\":\"https:\/\/www.excalibur-generator.com\/de\/produkte.html\"},{\"@type\":\"ListItem\",\"position\":3,\"name\":\"9,8 kW\/1,5 kW S1100F Einfacher Dieselmotor\"}]},{\"@type\":\"WebSite\",\"@id\":\"https:\/\/www.excalibur-generator.com\/de\/#website\",\"url\":\"https:\/\/www.excalibur-generator.com\/de\/\",\"name\":\"Excalibur Generator\",\"description\":\"\",\"publisher\":{\"@id\":\"https:\/\/www.excalibur-generator.com\/de\/#organization\"},\"potentialAction\":[{\"@type\":\"SearchAction\",\"target\":{\"@type\":\"EntryPoint\",\"urlTemplate\":\"https:\/\/www.excalibur-generator.com\/de\/?s={search_term_string}\"},\"query-input\":{\"@type\":\"PropertyValueSpecification\",\"valueRequired\":true,\"valueName\":\"search_term_string\"}}],\"inLanguage\":\"de\"},{\"@type\":\"Organization\",\"@id\":\"https:\/\/www.excalibur-generator.com\/de\/#organization\",\"name\":\"Excalibur Generator\",\"url\":\"https:\/\/www.excalibur-generator.com\/de\/\",\"logo\":{\"@type\":\"ImageObject\",\"inLanguage\":\"de\",\"@id\":\"https:\/\/www.excalibur-generator.com\/de\/#\/schema\/logo\/image\/\",\"url\":\"https:\/\/www.excalibur-generator.com\/wp-content\/uploads\/2024\/05\/EXCALIBUR.png\",\"contentUrl\":\"https:\/\/www.excalibur-generator.com\/wp-content\/uploads\/2024\/05\/EXCALIBUR.png\",\"width\":350,\"height\":79,\"caption\":\"Excalibur Generator\"},\"image\":{\"@id\":\"https:\/\/www.excalibur-generator.com\/de\/#\/schema\/logo\/image\/\"}}]}<\/script>\n<!-- \/ Yoast SEO plugin. -->","yoast_head_json":{"title":"9,8 kW\/1,5 kW S1100F Einfacher Dieselmotor &#8211; Excalibur Generator","description":"Der 15 PS starke horizontale Benzinmotor S500 \u00fcberzeugt durch seine robuste Bauweise und seine leistungsstarke Performance und eignet sich damit ideal f\u00fcr vielf\u00e4ltige Anwendungen. Seine Langlebigkeit, Effizienz und Zuverl\u00e4ssigkeit zeichnen ihn f\u00fcr den vielseitigen Einsatz in unterschiedlichen Umgebungen aus.","robots":{"index":"index","follow":"follow","max-snippet":"max-snippet:-1","max-image-preview":"max-image-preview:large","max-video-preview":"max-video-preview:-1"},"canonical":"https:\/\/www.excalibur-generator.com\/de\/9-8-kw-1-5-kw-s1100f-einzeldieselmotor.html","schema":{"@context":"https:\/\/schema.org","@graph":[{"@type":"WebPage","@id":"https:\/\/www.excalibur-generator.com\/de\/9-8-kw-1-5-kw-s1100f-einzeldieselmotor.html","url":"https:\/\/www.excalibur-generator.com\/de\/9-8-kw-1-5-kw-s1100f-einzeldieselmotor.html","name":"9,8 kW\/1,5 kW S1100F Einfacher Dieselmotor &#8211; Excalibur Generator","isPartOf":{"@id":"https:\/\/www.excalibur-generator.com\/de\/#website"},"primaryImageOfPage":{"@id":"https:\/\/www.excalibur-generator.com\/de\/9-8-kw-1-5-kw-s1100f-einzeldieselmotor.html#primaryimage"},"image":{"@id":"https:\/\/www.excalibur-generator.com\/de\/9-8-kw-1-5-kw-s1100f-einzeldieselmotor.html#primaryimage"},"thumbnailUrl":"https:\/\/www.excalibur-generator.com\/wp-content\/uploads\/2024\/05\/9.8kw1.5kwS1100F-Single-Diesel-Engine.jpg","datePublished":"2024-05-24T02:11:09+00:00","dateModified":"2025-09-16T08:18:43+00:00","description":"Der 15 PS starke horizontale Benzinmotor S500 \u00fcberzeugt durch seine robuste Bauweise und seine leistungsstarke Performance und eignet sich damit ideal f\u00fcr vielf\u00e4ltige Anwendungen. Seine Langlebigkeit, Effizienz und Zuverl\u00e4ssigkeit zeichnen ihn f\u00fcr den vielseitigen Einsatz in unterschiedlichen Umgebungen aus.","breadcrumb":{"@id":"https:\/\/www.excalibur-generator.com\/de\/9-8-kw-1-5-kw-s1100f-einzeldieselmotor.html#breadcrumb"},"inLanguage":"de","potentialAction":[{"@type":"ReadAction","target":["https:\/\/www.excalibur-generator.com\/de\/9-8-kw-1-5-kw-s1100f-einzeldieselmotor.html"]}]},{"@type":"ImageObject","inLanguage":"de","@id":"https:\/\/www.excalibur-generator.com\/de\/9-8-kw-1-5-kw-s1100f-einzeldieselmotor.html#primaryimage","url":"https:\/\/www.excalibur-generator.com\/wp-content\/uploads\/2024\/05\/9.8kw1.5kwS1100F-Single-Diesel-Engine.jpg","contentUrl":"https:\/\/www.excalibur-generator.com\/wp-content\/uploads\/2024\/05\/9.8kw1.5kwS1100F-Single-Diesel-Engine.jpg","width":800,"height":800,"caption":"9.8kw1.5kwS1100F-Single-Diesel-Engine"},{"@type":"BreadcrumbList","@id":"https:\/\/www.excalibur-generator.com\/de\/9-8-kw-1-5-kw-s1100f-einzeldieselmotor.html#breadcrumb","itemListElement":[{"@type":"ListItem","position":1,"name":"Home","item":"https:\/\/www.excalibur-generator.com\/de\/"},{"@type":"ListItem","position":2,"name":"Produkte","item":"https:\/\/www.excalibur-generator.com\/de\/produkte.html"},{"@type":"ListItem","position":3,"name":"9,8 kW\/1,5 kW S1100F Einfacher Dieselmotor"}]},{"@type":"WebSite","@id":"https:\/\/www.excalibur-generator.com\/de\/#website","url":"https:\/\/www.excalibur-generator.com\/de\/","name":"Excalibur Generator","description":"","publisher":{"@id":"https:\/\/www.excalibur-generator.com\/de\/#organization"},"potentialAction":[{"@type":"SearchAction","target":{"@type":"EntryPoint","urlTemplate":"https:\/\/www.excalibur-generator.com\/de\/?s={search_term_string}"},"query-input":{"@type":"PropertyValueSpecification","valueRequired":true,"valueName":"search_term_string"}}],"inLanguage":"de"},{"@type":"Organization","@id":"https:\/\/www.excalibur-generator.com\/de\/#organization","name":"Excalibur Generator","url":"https:\/\/www.excalibur-generator.com\/de\/","logo":{"@type":"ImageObject","inLanguage":"de","@id":"https:\/\/www.excalibur-generator.com\/de\/#\/schema\/logo\/image\/","url":"https:\/\/www.excalibur-generator.com\/wp-content\/uploads\/2024\/05\/EXCALIBUR.png","contentUrl":"https:\/\/www.excalibur-generator.com\/wp-content\/uploads\/2024\/05\/EXCALIBUR.png","width":350,"height":79,"caption":"Excalibur Generator"},"image":{"@id":"https:\/\/www.excalibur-generator.com\/de\/#\/schema\/logo\/image\/"}}]}},"_links":{"self":[{"href":"https:\/\/www.excalibur-generator.com\/de\/wp-json\/wp\/v2\/product\/9717","targetHints":{"allow":["GET"]}}],"collection":[{"href":"https:\/\/www.excalibur-generator.com\/de\/wp-json\/wp\/v2\/product"}],"about":[{"href":"https:\/\/www.excalibur-generator.com\/de\/wp-json\/wp\/v2\/types\/product"}],"replies":[{"embeddable":true,"href":"https:\/\/www.excalibur-generator.com\/de\/wp-json\/wp\/v2\/comments?post=9717"}],"wp:featuredmedia":[{"embeddable":true,"href":"https:\/\/www.excalibur-generator.com\/de\/wp-json\/wp\/v2\/media\/9718"}],"wp:attachment":[{"href":"https:\/\/www.excalibur-generator.com\/de\/wp-json\/wp\/v2\/media?parent=9717"}],"wp:term":[{"taxonomy":"product_brand","embeddable":true,"href":"https:\/\/www.excalibur-generator.com\/de\/wp-json\/wp\/v2\/product_brand?post=9717"},{"taxonomy":"product_cat","embeddable":true,"href":"https:\/\/www.excalibur-generator.com\/de\/wp-json\/wp\/v2\/product_cat?post=9717"},{"taxonomy":"product_tag","embeddable":true,"href":"https:\/\/www.excalibur-generator.com\/de\/wp-json\/wp\/v2\/product_tag?post=9717"}],"curies":[{"name":"wp","href":"https:\/\/api.w.org\/{rel}","templated":true}]}}