{"id":9719,"date":"2024-05-24T10:08:28","date_gmt":"2024-05-24T02:08:28","guid":{"rendered":"https:\/\/www.excalibur-generator.com\/5-ps-dieselmotor-einzylinder\/"},"modified":"2025-09-16T16:17:50","modified_gmt":"2025-09-16T08:17:50","slug":"5-ps-dieselmotor-einzylinder","status":"publish","type":"product","link":"https:\/\/www.excalibur-generator.com\/de\/5-ps-dieselmotor.html","title":{"rendered":"5 PS Dieselmotor Einzylinder"},"content":{"rendered":"<table>\n<colgroup>\n<col>\n<col><\/colgroup>\n<tbody>\n<tr class=\"firstRow\">\n<td>Modell<\/td>\n<td>S173F(E)<\/td>\n<\/tr>\n<tr>\n<td>Typ<\/td>\n<td>Luftgek\u00fchlt, 4-Takt, Einzylinder, vertikal<\/td>\n<\/tr>\n<tr>\n<td>Bohrung*Hub(mm)<\/td>\n<td>73*58<\/td>\n<\/tr>\n<tr>\n<td>Verdr\u00e4ngung (cc)<\/td>\n<td>243<\/td>\n<\/tr>\n<tr>\n<td>Verbrennungssystem<\/td>\n<td>Direkteinspritzung<\/td>\n<\/tr>\n<tr>\n<td rowspan=\"2\">Nennleistung kW (hp)\/U\/min<\/td>\n<td>3.5(5.2)\/3000<\/td>\n<\/tr>\n<tr>\n<td>3.8(5.5)\/3600<\/td>\n<\/tr>\n<tr>\n<td rowspan=\"2\">Maximale Leistung kW (PS)\/U\/min<\/td>\n<td>3.8(5.5)\/3000<\/td>\n<\/tr>\n<tr>\n<td>4.05(6.0)\/3600<\/td>\n<\/tr>\n<tr>\n<td>Drehrichtung<\/td>\n<td>Gegen den Uhrzeigersinn, mit Blick auf die Zapfwelle<\/td>\n<\/tr>\n<tr>\n<td>Kraftstoff<\/td>\n<td>0#(Sommer)\/-10#(Winter)<\/td>\n<\/tr>\n<tr>\n<td>Fassungsverm\u00f6gen des Kraftstofftanks (L)<\/td>\n<td>2.5<\/td>\n<\/tr>\n<tr>\n<td>Fassungsverm\u00f6gen Schmier\u00f6l (L)<\/td>\n<td>0.75<\/td>\n<\/tr>\n<tr>\n<td>Schmiersystem<\/td>\n<td>Pressre spritzte<\/td>\n<\/tr>\n<tr>\n<td>Startsystem<\/td>\n<td>R\u00fccksto\u00dfstarter\/Elektrostarter<\/td>\n<\/tr>\n<tr>\n<td>Packungsgr\u00f6\u00dfe (mm)<\/td>\n<td>420*380*460<\/td>\n<\/tr>\n<tr>\n<td>Nettogewicht<\/td>\n<td>27<\/td>\n<\/tr>\n<\/tbody>\n<\/table>\n","protected":false},"excerpt":{"rendered":"<p>Modell S173F(E) Typ Luftgek\u00fchlt, 4-Takt, Einzylinder, vertikal Bohrung*Hub(mm) 73*58 Verdr\u00e4ngung (cc) 243 Verbrennungssystem Direkteinspritzung Nennleistung kW (hp)\/U\/min 3.5(5.2)\/3000 3.8(5.5)\/3600 Maximale Leistung kW (PS)\/U\/min 3.8(5.5)\/3000 4.05(6.0)\/3600 Drehrichtung Gegen den Uhrzeigersinn, mit Blick auf die Zapfwelle Kraftstoff 0#(Sommer)\/-10#(Winter) Fassungsverm\u00f6gen des Kraftstofftanks (L) 2.5 Fassungsverm\u00f6gen Schmier\u00f6l (L) 0.75 Schmiersystem Pressre spritzte Startsystem R\u00fccksto\u00dfstarter\/Elektrostarter Packungsgr\u00f6\u00dfe (mm) 420*380*460 Nettogewicht 27<\/p>\n","protected":false},"featured_media":9720,"comment_status":"open","ping_status":"closed","template":"","meta":{"site-sidebar-layout":"default","site-content-layout":"","ast-site-content-layout":"default","site-content-style":"default","site-sidebar-style":"default","ast-global-header-display":"","ast-banner-title-visibility":"","ast-main-header-display":"","ast-hfb-above-header-display":"","ast-hfb-below-header-display":"","ast-hfb-mobile-header-display":"","site-post-title":"","ast-breadcrumbs-content":"","ast-featured-img":"","footer-sml-layout":"","theme-transparent-header-meta":"default","adv-header-id-meta":"","stick-header-meta":"","header-above-stick-meta":"","header-main-stick-meta":"","header-below-stick-meta":"","astra-migrate-meta-layouts":"default","ast-page-background-enabled":"default","ast-page-background-meta":{"desktop":{"background-color":"var(--ast-global-color-4)","background-image":"","background-repeat":"repeat","background-position":"center center","background-size":"auto","background-attachment":"scroll","background-type":"","background-media":"","overlay-type":"","overlay-color":"","overlay-opacity":"","overlay-gradient":""},"tablet":{"background-color":"","background-image":"","background-repeat":"repeat","background-position":"center center","background-size":"auto","background-attachment":"scroll","background-type":"","background-media":"","overlay-type":"","overlay-color":"","overlay-opacity":"","overlay-gradient":""},"mobile":{"background-color":"","background-image":"","background-repeat":"repeat","background-position":"center center","background-size":"auto","background-attachment":"scroll","background-type":"","background-media":"","overlay-type":"","overlay-color":"","overlay-opacity":"","overlay-gradient":""}},"ast-content-background-meta":{"desktop":{"background-color":"var(--ast-global-color-5)","background-image":"","background-repeat":"repeat","background-position":"center center","background-size":"auto","background-attachment":"scroll","background-type":"","background-media":"","overlay-type":"","overlay-color":"","overlay-opacity":"","overlay-gradient":""},"tablet":{"background-color":"var(--ast-global-color-5)","background-image":"","background-repeat":"repeat","background-position":"center center","background-size":"auto","background-attachment":"scroll","background-type":"","background-media":"","overlay-type":"","overlay-color":"","overlay-opacity":"","overlay-gradient":""},"mobile":{"background-color":"var(--ast-global-color-5)","background-image":"","background-repeat":"repeat","background-position":"center center","background-size":"auto","background-attachment":"scroll","background-type":"","background-media":"","overlay-type":"","overlay-color":"","overlay-opacity":"","overlay-gradient":""}}},"product_brand":[],"product_cat":[95],"product_tag":[],"class_list":{"0":"post-9719","1":"product","2":"type-product","3":"status-publish","4":"has-post-thumbnail","6":"product_cat-unkategorisiert","7":"desktop-align-left","8":"tablet-align-left","9":"mobile-align-left","11":"first","12":"instock","13":"shipping-taxable","14":"product-type-simple"},"yoast_head":"<!-- This site is optimized with the Yoast SEO plugin v26.5 - https:\/\/yoast.com\/wordpress\/plugins\/seo\/ -->\n<title>5 PS Dieselmotor Einzylinder &#8211; Excalibur Generator<\/title>\n<meta name=\"description\" content=\"Ein 5-PS-Dieselmotor ist ein leistungsstarker und effizienter Verbrennungsmotor mit einer Leistung von f\u00fcnf PS, der h\u00e4ufig f\u00fcr verschiedene Anwendungen eingesetzt wird, darunter landwirtschaftliche Maschinen, Generatoren und Industrieanlagen.\" \/>\n<meta name=\"robots\" content=\"index, follow, max-snippet:-1, max-image-preview:large, max-video-preview:-1\" \/>\n<link rel=\"canonical\" href=\"https:\/\/www.excalibur-generator.com\/de\/5-ps-dieselmotor.html\" \/>\n<script type=\"application\/ld+json\" class=\"yoast-schema-graph\">{\"@context\":\"https:\/\/schema.org\",\"@graph\":[{\"@type\":\"WebPage\",\"@id\":\"https:\/\/www.excalibur-generator.com\/de\/5-ps-dieselmotor.html\",\"url\":\"https:\/\/www.excalibur-generator.com\/de\/5-ps-dieselmotor.html\",\"name\":\"5 PS Dieselmotor Einzylinder &#8211; Excalibur Generator\",\"isPartOf\":{\"@id\":\"https:\/\/www.excalibur-generator.com\/de\/#website\"},\"primaryImageOfPage\":{\"@id\":\"https:\/\/www.excalibur-generator.com\/de\/5-ps-dieselmotor.html#primaryimage\"},\"image\":{\"@id\":\"https:\/\/www.excalibur-generator.com\/de\/5-ps-dieselmotor.html#primaryimage\"},\"thumbnailUrl\":\"https:\/\/www.excalibur-generator.com\/wp-content\/uploads\/2024\/05\/5HP-Diesel-Engine-Single-Cylinder.jpg\",\"datePublished\":\"2024-05-24T02:08:28+00:00\",\"dateModified\":\"2025-09-16T08:17:50+00:00\",\"description\":\"Ein 5-PS-Dieselmotor ist ein leistungsstarker und effizienter Verbrennungsmotor mit einer Leistung von f\u00fcnf PS, der h\u00e4ufig f\u00fcr verschiedene Anwendungen eingesetzt wird, darunter landwirtschaftliche Maschinen, Generatoren und Industrieanlagen.\",\"breadcrumb\":{\"@id\":\"https:\/\/www.excalibur-generator.com\/de\/5-ps-dieselmotor.html#breadcrumb\"},\"inLanguage\":\"de\",\"potentialAction\":[{\"@type\":\"ReadAction\",\"target\":[\"https:\/\/www.excalibur-generator.com\/de\/5-ps-dieselmotor.html\"]}]},{\"@type\":\"ImageObject\",\"inLanguage\":\"de\",\"@id\":\"https:\/\/www.excalibur-generator.com\/de\/5-ps-dieselmotor.html#primaryimage\",\"url\":\"https:\/\/www.excalibur-generator.com\/wp-content\/uploads\/2024\/05\/5HP-Diesel-Engine-Single-Cylinder.jpg\",\"contentUrl\":\"https:\/\/www.excalibur-generator.com\/wp-content\/uploads\/2024\/05\/5HP-Diesel-Engine-Single-Cylinder.jpg\",\"width\":800,\"height\":800,\"caption\":\"5HP-Diesel-Engine-Single-Cylinder\"},{\"@type\":\"BreadcrumbList\",\"@id\":\"https:\/\/www.excalibur-generator.com\/de\/5-ps-dieselmotor.html#breadcrumb\",\"itemListElement\":[{\"@type\":\"ListItem\",\"position\":1,\"name\":\"Home\",\"item\":\"https:\/\/www.excalibur-generator.com\/de\/\"},{\"@type\":\"ListItem\",\"position\":2,\"name\":\"Produkte\",\"item\":\"https:\/\/www.excalibur-generator.com\/de\/produkte.html\"},{\"@type\":\"ListItem\",\"position\":3,\"name\":\"5 PS Dieselmotor Einzylinder\"}]},{\"@type\":\"WebSite\",\"@id\":\"https:\/\/www.excalibur-generator.com\/de\/#website\",\"url\":\"https:\/\/www.excalibur-generator.com\/de\/\",\"name\":\"Excalibur Generator\",\"description\":\"\",\"publisher\":{\"@id\":\"https:\/\/www.excalibur-generator.com\/de\/#organization\"},\"potentialAction\":[{\"@type\":\"SearchAction\",\"target\":{\"@type\":\"EntryPoint\",\"urlTemplate\":\"https:\/\/www.excalibur-generator.com\/de\/?s={search_term_string}\"},\"query-input\":{\"@type\":\"PropertyValueSpecification\",\"valueRequired\":true,\"valueName\":\"search_term_string\"}}],\"inLanguage\":\"de\"},{\"@type\":\"Organization\",\"@id\":\"https:\/\/www.excalibur-generator.com\/de\/#organization\",\"name\":\"Excalibur Generator\",\"url\":\"https:\/\/www.excalibur-generator.com\/de\/\",\"logo\":{\"@type\":\"ImageObject\",\"inLanguage\":\"de\",\"@id\":\"https:\/\/www.excalibur-generator.com\/de\/#\/schema\/logo\/image\/\",\"url\":\"https:\/\/www.excalibur-generator.com\/wp-content\/uploads\/2024\/05\/EXCALIBUR.png\",\"contentUrl\":\"https:\/\/www.excalibur-generator.com\/wp-content\/uploads\/2024\/05\/EXCALIBUR.png\",\"width\":350,\"height\":79,\"caption\":\"Excalibur Generator\"},\"image\":{\"@id\":\"https:\/\/www.excalibur-generator.com\/de\/#\/schema\/logo\/image\/\"}}]}<\/script>\n<!-- \/ Yoast SEO plugin. -->","yoast_head_json":{"title":"5 PS Dieselmotor Einzylinder &#8211; Excalibur Generator","description":"Ein 5-PS-Dieselmotor ist ein leistungsstarker und effizienter Verbrennungsmotor mit einer Leistung von f\u00fcnf PS, der h\u00e4ufig f\u00fcr verschiedene Anwendungen eingesetzt wird, darunter landwirtschaftliche Maschinen, Generatoren und Industrieanlagen.","robots":{"index":"index","follow":"follow","max-snippet":"max-snippet:-1","max-image-preview":"max-image-preview:large","max-video-preview":"max-video-preview:-1"},"canonical":"https:\/\/www.excalibur-generator.com\/de\/5-ps-dieselmotor.html","schema":{"@context":"https:\/\/schema.org","@graph":[{"@type":"WebPage","@id":"https:\/\/www.excalibur-generator.com\/de\/5-ps-dieselmotor.html","url":"https:\/\/www.excalibur-generator.com\/de\/5-ps-dieselmotor.html","name":"5 PS Dieselmotor Einzylinder &#8211; Excalibur Generator","isPartOf":{"@id":"https:\/\/www.excalibur-generator.com\/de\/#website"},"primaryImageOfPage":{"@id":"https:\/\/www.excalibur-generator.com\/de\/5-ps-dieselmotor.html#primaryimage"},"image":{"@id":"https:\/\/www.excalibur-generator.com\/de\/5-ps-dieselmotor.html#primaryimage"},"thumbnailUrl":"https:\/\/www.excalibur-generator.com\/wp-content\/uploads\/2024\/05\/5HP-Diesel-Engine-Single-Cylinder.jpg","datePublished":"2024-05-24T02:08:28+00:00","dateModified":"2025-09-16T08:17:50+00:00","description":"Ein 5-PS-Dieselmotor ist ein leistungsstarker und effizienter Verbrennungsmotor mit einer Leistung von f\u00fcnf PS, der h\u00e4ufig f\u00fcr verschiedene Anwendungen eingesetzt wird, darunter landwirtschaftliche Maschinen, Generatoren und Industrieanlagen.","breadcrumb":{"@id":"https:\/\/www.excalibur-generator.com\/de\/5-ps-dieselmotor.html#breadcrumb"},"inLanguage":"de","potentialAction":[{"@type":"ReadAction","target":["https:\/\/www.excalibur-generator.com\/de\/5-ps-dieselmotor.html"]}]},{"@type":"ImageObject","inLanguage":"de","@id":"https:\/\/www.excalibur-generator.com\/de\/5-ps-dieselmotor.html#primaryimage","url":"https:\/\/www.excalibur-generator.com\/wp-content\/uploads\/2024\/05\/5HP-Diesel-Engine-Single-Cylinder.jpg","contentUrl":"https:\/\/www.excalibur-generator.com\/wp-content\/uploads\/2024\/05\/5HP-Diesel-Engine-Single-Cylinder.jpg","width":800,"height":800,"caption":"5HP-Diesel-Engine-Single-Cylinder"},{"@type":"BreadcrumbList","@id":"https:\/\/www.excalibur-generator.com\/de\/5-ps-dieselmotor.html#breadcrumb","itemListElement":[{"@type":"ListItem","position":1,"name":"Home","item":"https:\/\/www.excalibur-generator.com\/de\/"},{"@type":"ListItem","position":2,"name":"Produkte","item":"https:\/\/www.excalibur-generator.com\/de\/produkte.html"},{"@type":"ListItem","position":3,"name":"5 PS Dieselmotor Einzylinder"}]},{"@type":"WebSite","@id":"https:\/\/www.excalibur-generator.com\/de\/#website","url":"https:\/\/www.excalibur-generator.com\/de\/","name":"Excalibur Generator","description":"","publisher":{"@id":"https:\/\/www.excalibur-generator.com\/de\/#organization"},"potentialAction":[{"@type":"SearchAction","target":{"@type":"EntryPoint","urlTemplate":"https:\/\/www.excalibur-generator.com\/de\/?s={search_term_string}"},"query-input":{"@type":"PropertyValueSpecification","valueRequired":true,"valueName":"search_term_string"}}],"inLanguage":"de"},{"@type":"Organization","@id":"https:\/\/www.excalibur-generator.com\/de\/#organization","name":"Excalibur Generator","url":"https:\/\/www.excalibur-generator.com\/de\/","logo":{"@type":"ImageObject","inLanguage":"de","@id":"https:\/\/www.excalibur-generator.com\/de\/#\/schema\/logo\/image\/","url":"https:\/\/www.excalibur-generator.com\/wp-content\/uploads\/2024\/05\/EXCALIBUR.png","contentUrl":"https:\/\/www.excalibur-generator.com\/wp-content\/uploads\/2024\/05\/EXCALIBUR.png","width":350,"height":79,"caption":"Excalibur Generator"},"image":{"@id":"https:\/\/www.excalibur-generator.com\/de\/#\/schema\/logo\/image\/"}}]}},"_links":{"self":[{"href":"https:\/\/www.excalibur-generator.com\/de\/wp-json\/wp\/v2\/product\/9719","targetHints":{"allow":["GET"]}}],"collection":[{"href":"https:\/\/www.excalibur-generator.com\/de\/wp-json\/wp\/v2\/product"}],"about":[{"href":"https:\/\/www.excalibur-generator.com\/de\/wp-json\/wp\/v2\/types\/product"}],"replies":[{"embeddable":true,"href":"https:\/\/www.excalibur-generator.com\/de\/wp-json\/wp\/v2\/comments?post=9719"}],"wp:featuredmedia":[{"embeddable":true,"href":"https:\/\/www.excalibur-generator.com\/de\/wp-json\/wp\/v2\/media\/9720"}],"wp:attachment":[{"href":"https:\/\/www.excalibur-generator.com\/de\/wp-json\/wp\/v2\/media?parent=9719"}],"wp:term":[{"taxonomy":"product_brand","embeddable":true,"href":"https:\/\/www.excalibur-generator.com\/de\/wp-json\/wp\/v2\/product_brand?post=9719"},{"taxonomy":"product_cat","embeddable":true,"href":"https:\/\/www.excalibur-generator.com\/de\/wp-json\/wp\/v2\/product_cat?post=9719"},{"taxonomy":"product_tag","embeddable":true,"href":"https:\/\/www.excalibur-generator.com\/de\/wp-json\/wp\/v2\/product_tag?post=9719"}],"curies":[{"name":"wp","href":"https:\/\/api.w.org\/{rel}","templated":true}]}}