{"id":9721,"date":"2024-05-24T09:42:25","date_gmt":"2024-05-24T01:42:25","guid":{"rendered":"https:\/\/www.excalibur-generator.com\/14-kw-15-kw-sl292fe-dieselmotor-2-zylinder\/"},"modified":"2024-05-24T09:42:25","modified_gmt":"2024-05-24T01:42:25","slug":"14-kw-15-kw-sl292fe-dieselmotor-2-zylinder","status":"publish","type":"product","link":"https:\/\/www.excalibur-generator.com\/de\/sl292fe-dieselmotor-2-zylinder.html","title":{"rendered":"14 kW\/15 kW SL292FE Dieselmotor 2 Zylinder"},"content":{"rendered":"<table width=\"686\">\n<colgroup>\n<col>\n<col>\n<col><\/colgroup>\n<tbody>\n<tr class=\"firstRow\">\n<td>Modell<\/td>\n<td colspan=\"2\">SL292FE<\/td>\n<\/tr>\n<tr>\n<td>Motortyp<\/td>\n<td colspan=\"2\">Inline, 2-Zylinder, luftgek\u00fchlt, 4-Takt<\/td>\n<\/tr>\n<tr>\n<td>Bohrung*Hub (mm)<\/td>\n<td colspan=\"2\">2-92*75<\/td>\n<\/tr>\n<tr>\n<td>Verdr\u00e4ngung (L)<\/td>\n<td colspan=\"2\">0.997<\/td>\n<\/tr>\n<tr>\n<td>Verdichtungsverh\u00e4ltnis<\/td>\n<td colspan=\"2\">20:1<\/td>\n<\/tr>\n<tr>\n<td>Nennleistung (kW\/rpm)<\/td>\n<td>14\/3000<\/td>\n<td>15\/3600<\/td>\n<\/tr>\n<tr>\n<td>Kraftstofftyp<\/td>\n<td colspan=\"2\">0# ( Sommer) -10# ( Winter)-35 # ( sehr kalt) Diesel<\/td>\n<\/tr>\n<tr>\n<td>Schmier\u00f6ltypArbeitsweise<\/td>\n<td colspan=\"2\">SAE10W30( CD-Gr\u00f6\u00dfe)<\/td>\n<\/tr>\n<tr>\n<td>Schmiermittel[L(US.gal)<\/td>\n<td colspan=\"2\">4.2<\/td>\n<\/tr>\n<tr>\n<td>Weg zur Arbeit<\/td>\n<td colspan=\"2\">12 Stunden Dauerbetrieb<\/td>\n<\/tr>\n<tr>\n<td>Kraftstoffverbrauch (100 % Last)<\/td>\n<td colspan=\"2\">\u2264250g\/kw.h<\/td>\n<\/tr>\n<tr>\n<td>Kraftstofftankinhalt (L)<\/td>\n<td colspan=\"2\">6.5<\/td>\n<\/tr>\n<tr>\n<td>Ger\u00e4uschpegel (7m) db (A)<\/td>\n<td colspan=\"2\">82<\/td>\n<\/tr>\n<tr>\n<td>Startsystem<\/td>\n<td colspan=\"2\">Elektrostart<\/td>\n<\/tr>\n<tr>\n<td>Verpackungsgr\u00f6\u00dfe (L*B) mm<\/td>\n<td colspan=\"2\">420*480*590<\/td>\n<\/tr>\n<tr>\n<td>Nettogewicht (kg)<\/td>\n<td colspan=\"2\">78<\/td>\n<\/tr>\n<\/tbody>\n<\/table>\n","protected":false},"excerpt":{"rendered":"<p>Modell SL292FE Motortyp Inline, 2-Zylinder, luftgek\u00fchlt, 4-Takt Bohrung*Hub (mm) 2-92*75 Verdr\u00e4ngung (L) 0.997 Verdichtungsverh\u00e4ltnis 20:1 Nennleistung (kW\/rpm) 14\/3000 15\/3600 Kraftstofftyp 0# ( Sommer) -10# ( Winter)-35 # ( sehr kalt) Diesel Schmier\u00f6ltypArbeitsweise SAE10W30( CD-Gr\u00f6\u00dfe) Schmiermittel[L(US.gal) 4.2 Weg zur Arbeit 12 Stunden Dauerbetrieb Kraftstoffverbrauch (100 % Last) \u2264250g\/kw.h Kraftstofftankinhalt (L) 6.5 Ger\u00e4uschpegel (7m) db (A) 82 Startsystem Elektrostart Verpackungsgr\u00f6\u00dfe (L*B) mm 420*480*590 Nettogewicht (kg) 78<\/p>\n","protected":false},"featured_media":9722,"comment_status":"open","ping_status":"closed","template":"","meta":{"site-sidebar-layout":"default","site-content-layout":"","ast-site-content-layout":"default","site-content-style":"default","site-sidebar-style":"default","ast-global-header-display":"","ast-banner-title-visibility":"","ast-main-header-display":"","ast-hfb-above-header-display":"","ast-hfb-below-header-display":"","ast-hfb-mobile-header-display":"","site-post-title":"","ast-breadcrumbs-content":"","ast-featured-img":"","footer-sml-layout":"","theme-transparent-header-meta":"default","adv-header-id-meta":"","stick-header-meta":"","header-above-stick-meta":"","header-main-stick-meta":"","header-below-stick-meta":"","astra-migrate-meta-layouts":"default","ast-page-background-enabled":"default","ast-page-background-meta":{"desktop":{"background-color":"var(--ast-global-color-4)","background-image":"","background-repeat":"repeat","background-position":"center center","background-size":"auto","background-attachment":"scroll","background-type":"","background-media":"","overlay-type":"","overlay-color":"","overlay-opacity":"","overlay-gradient":""},"tablet":{"background-color":"","background-image":"","background-repeat":"repeat","background-position":"center center","background-size":"auto","background-attachment":"scroll","background-type":"","background-media":"","overlay-type":"","overlay-color":"","overlay-opacity":"","overlay-gradient":""},"mobile":{"background-color":"","background-image":"","background-repeat":"repeat","background-position":"center center","background-size":"auto","background-attachment":"scroll","background-type":"","background-media":"","overlay-type":"","overlay-color":"","overlay-opacity":"","overlay-gradient":""}},"ast-content-background-meta":{"desktop":{"background-color":"var(--ast-global-color-5)","background-image":"","background-repeat":"repeat","background-position":"center center","background-size":"auto","background-attachment":"scroll","background-type":"","background-media":"","overlay-type":"","overlay-color":"","overlay-opacity":"","overlay-gradient":""},"tablet":{"background-color":"var(--ast-global-color-5)","background-image":"","background-repeat":"repeat","background-position":"center center","background-size":"auto","background-attachment":"scroll","background-type":"","background-media":"","overlay-type":"","overlay-color":"","overlay-opacity":"","overlay-gradient":""},"mobile":{"background-color":"var(--ast-global-color-5)","background-image":"","background-repeat":"repeat","background-position":"center center","background-size":"auto","background-attachment":"scroll","background-type":"","background-media":"","overlay-type":"","overlay-color":"","overlay-opacity":"","overlay-gradient":""}}},"product_brand":[],"product_cat":[95],"product_tag":[],"class_list":{"0":"post-9721","1":"product","2":"type-product","3":"status-publish","4":"has-post-thumbnail","6":"product_cat-unkategorisiert","7":"desktop-align-left","8":"tablet-align-left","9":"mobile-align-left","11":"first","12":"instock","13":"shipping-taxable","14":"product-type-simple"},"yoast_head":"<!-- This site is optimized with the Yoast SEO plugin v26.5 - https:\/\/yoast.com\/wordpress\/plugins\/seo\/ -->\n<title>14 kW\/15 kW SL292FE Dieselmotor 2 Zylinder &#8211; Excalibur Generator<\/title>\n<meta name=\"description\" content=\"Der 14 kW\/15 kW SL292FE-Dieselmotor mit 2-Zylinder-Konstruktion vereint Leistung und Effizienz f\u00fcr zuverl\u00e4ssige Performance in verschiedenen Anwendungen und ist damit die ideale Wahl f\u00fcr vielseitige und anspruchsvolle Aufgaben.\" \/>\n<meta name=\"robots\" content=\"index, follow, max-snippet:-1, max-image-preview:large, max-video-preview:-1\" \/>\n<link rel=\"canonical\" href=\"https:\/\/www.excalibur-generator.com\/de\/sl292fe-dieselmotor-2-zylinder.html\" \/>\n<script type=\"application\/ld+json\" class=\"yoast-schema-graph\">{\"@context\":\"https:\/\/schema.org\",\"@graph\":[{\"@type\":\"WebPage\",\"@id\":\"https:\/\/www.excalibur-generator.com\/de\/sl292fe-dieselmotor-2-zylinder.html\",\"url\":\"https:\/\/www.excalibur-generator.com\/de\/sl292fe-dieselmotor-2-zylinder.html\",\"name\":\"14 kW\/15 kW SL292FE Dieselmotor 2 Zylinder &#8211; Excalibur Generator\",\"isPartOf\":{\"@id\":\"https:\/\/www.excalibur-generator.com\/de\/#website\"},\"primaryImageOfPage\":{\"@id\":\"https:\/\/www.excalibur-generator.com\/de\/sl292fe-dieselmotor-2-zylinder.html#primaryimage\"},\"image\":{\"@id\":\"https:\/\/www.excalibur-generator.com\/de\/sl292fe-dieselmotor-2-zylinder.html#primaryimage\"},\"thumbnailUrl\":\"https:\/\/www.excalibur-generator.com\/wp-content\/uploads\/2024\/05\/14KW-15KW-SL292FE-Diesel-Engine-2-Cylinder.jpg\",\"datePublished\":\"2024-05-24T01:42:25+00:00\",\"description\":\"Der 14 kW\/15 kW SL292FE-Dieselmotor mit 2-Zylinder-Konstruktion vereint Leistung und Effizienz f\u00fcr zuverl\u00e4ssige Performance in verschiedenen Anwendungen und ist damit die ideale Wahl f\u00fcr vielseitige und anspruchsvolle Aufgaben.\",\"breadcrumb\":{\"@id\":\"https:\/\/www.excalibur-generator.com\/de\/sl292fe-dieselmotor-2-zylinder.html#breadcrumb\"},\"inLanguage\":\"de\",\"potentialAction\":[{\"@type\":\"ReadAction\",\"target\":[\"https:\/\/www.excalibur-generator.com\/de\/sl292fe-dieselmotor-2-zylinder.html\"]}]},{\"@type\":\"ImageObject\",\"inLanguage\":\"de\",\"@id\":\"https:\/\/www.excalibur-generator.com\/de\/sl292fe-dieselmotor-2-zylinder.html#primaryimage\",\"url\":\"https:\/\/www.excalibur-generator.com\/wp-content\/uploads\/2024\/05\/14KW-15KW-SL292FE-Diesel-Engine-2-Cylinder.jpg\",\"contentUrl\":\"https:\/\/www.excalibur-generator.com\/wp-content\/uploads\/2024\/05\/14KW-15KW-SL292FE-Diesel-Engine-2-Cylinder.jpg\",\"width\":800,\"height\":800,\"caption\":\"14KW-15KW-SL292FE-Diesel-Engine-2-Cylinder\"},{\"@type\":\"BreadcrumbList\",\"@id\":\"https:\/\/www.excalibur-generator.com\/de\/sl292fe-dieselmotor-2-zylinder.html#breadcrumb\",\"itemListElement\":[{\"@type\":\"ListItem\",\"position\":1,\"name\":\"Home\",\"item\":\"https:\/\/www.excalibur-generator.com\/de\/\"},{\"@type\":\"ListItem\",\"position\":2,\"name\":\"Produkte\",\"item\":\"https:\/\/www.excalibur-generator.com\/de\/produkte.html\"},{\"@type\":\"ListItem\",\"position\":3,\"name\":\"14 kW\/15 kW SL292FE Dieselmotor 2 Zylinder\"}]},{\"@type\":\"WebSite\",\"@id\":\"https:\/\/www.excalibur-generator.com\/de\/#website\",\"url\":\"https:\/\/www.excalibur-generator.com\/de\/\",\"name\":\"Excalibur Generator\",\"description\":\"\",\"publisher\":{\"@id\":\"https:\/\/www.excalibur-generator.com\/de\/#organization\"},\"potentialAction\":[{\"@type\":\"SearchAction\",\"target\":{\"@type\":\"EntryPoint\",\"urlTemplate\":\"https:\/\/www.excalibur-generator.com\/de\/?s={search_term_string}\"},\"query-input\":{\"@type\":\"PropertyValueSpecification\",\"valueRequired\":true,\"valueName\":\"search_term_string\"}}],\"inLanguage\":\"de\"},{\"@type\":\"Organization\",\"@id\":\"https:\/\/www.excalibur-generator.com\/de\/#organization\",\"name\":\"Excalibur Generator\",\"url\":\"https:\/\/www.excalibur-generator.com\/de\/\",\"logo\":{\"@type\":\"ImageObject\",\"inLanguage\":\"de\",\"@id\":\"https:\/\/www.excalibur-generator.com\/de\/#\/schema\/logo\/image\/\",\"url\":\"https:\/\/www.excalibur-generator.com\/wp-content\/uploads\/2024\/05\/EXCALIBUR.png\",\"contentUrl\":\"https:\/\/www.excalibur-generator.com\/wp-content\/uploads\/2024\/05\/EXCALIBUR.png\",\"width\":350,\"height\":79,\"caption\":\"Excalibur Generator\"},\"image\":{\"@id\":\"https:\/\/www.excalibur-generator.com\/de\/#\/schema\/logo\/image\/\"}}]}<\/script>\n<!-- \/ Yoast SEO plugin. -->","yoast_head_json":{"title":"14 kW\/15 kW SL292FE Dieselmotor 2 Zylinder &#8211; Excalibur Generator","description":"Der 14 kW\/15 kW SL292FE-Dieselmotor mit 2-Zylinder-Konstruktion vereint Leistung und Effizienz f\u00fcr zuverl\u00e4ssige Performance in verschiedenen Anwendungen und ist damit die ideale Wahl f\u00fcr vielseitige und anspruchsvolle Aufgaben.","robots":{"index":"index","follow":"follow","max-snippet":"max-snippet:-1","max-image-preview":"max-image-preview:large","max-video-preview":"max-video-preview:-1"},"canonical":"https:\/\/www.excalibur-generator.com\/de\/sl292fe-dieselmotor-2-zylinder.html","schema":{"@context":"https:\/\/schema.org","@graph":[{"@type":"WebPage","@id":"https:\/\/www.excalibur-generator.com\/de\/sl292fe-dieselmotor-2-zylinder.html","url":"https:\/\/www.excalibur-generator.com\/de\/sl292fe-dieselmotor-2-zylinder.html","name":"14 kW\/15 kW SL292FE Dieselmotor 2 Zylinder &#8211; Excalibur Generator","isPartOf":{"@id":"https:\/\/www.excalibur-generator.com\/de\/#website"},"primaryImageOfPage":{"@id":"https:\/\/www.excalibur-generator.com\/de\/sl292fe-dieselmotor-2-zylinder.html#primaryimage"},"image":{"@id":"https:\/\/www.excalibur-generator.com\/de\/sl292fe-dieselmotor-2-zylinder.html#primaryimage"},"thumbnailUrl":"https:\/\/www.excalibur-generator.com\/wp-content\/uploads\/2024\/05\/14KW-15KW-SL292FE-Diesel-Engine-2-Cylinder.jpg","datePublished":"2024-05-24T01:42:25+00:00","description":"Der 14 kW\/15 kW SL292FE-Dieselmotor mit 2-Zylinder-Konstruktion vereint Leistung und Effizienz f\u00fcr zuverl\u00e4ssige Performance in verschiedenen Anwendungen und ist damit die ideale Wahl f\u00fcr vielseitige und anspruchsvolle Aufgaben.","breadcrumb":{"@id":"https:\/\/www.excalibur-generator.com\/de\/sl292fe-dieselmotor-2-zylinder.html#breadcrumb"},"inLanguage":"de","potentialAction":[{"@type":"ReadAction","target":["https:\/\/www.excalibur-generator.com\/de\/sl292fe-dieselmotor-2-zylinder.html"]}]},{"@type":"ImageObject","inLanguage":"de","@id":"https:\/\/www.excalibur-generator.com\/de\/sl292fe-dieselmotor-2-zylinder.html#primaryimage","url":"https:\/\/www.excalibur-generator.com\/wp-content\/uploads\/2024\/05\/14KW-15KW-SL292FE-Diesel-Engine-2-Cylinder.jpg","contentUrl":"https:\/\/www.excalibur-generator.com\/wp-content\/uploads\/2024\/05\/14KW-15KW-SL292FE-Diesel-Engine-2-Cylinder.jpg","width":800,"height":800,"caption":"14KW-15KW-SL292FE-Diesel-Engine-2-Cylinder"},{"@type":"BreadcrumbList","@id":"https:\/\/www.excalibur-generator.com\/de\/sl292fe-dieselmotor-2-zylinder.html#breadcrumb","itemListElement":[{"@type":"ListItem","position":1,"name":"Home","item":"https:\/\/www.excalibur-generator.com\/de\/"},{"@type":"ListItem","position":2,"name":"Produkte","item":"https:\/\/www.excalibur-generator.com\/de\/produkte.html"},{"@type":"ListItem","position":3,"name":"14 kW\/15 kW SL292FE Dieselmotor 2 Zylinder"}]},{"@type":"WebSite","@id":"https:\/\/www.excalibur-generator.com\/de\/#website","url":"https:\/\/www.excalibur-generator.com\/de\/","name":"Excalibur Generator","description":"","publisher":{"@id":"https:\/\/www.excalibur-generator.com\/de\/#organization"},"potentialAction":[{"@type":"SearchAction","target":{"@type":"EntryPoint","urlTemplate":"https:\/\/www.excalibur-generator.com\/de\/?s={search_term_string}"},"query-input":{"@type":"PropertyValueSpecification","valueRequired":true,"valueName":"search_term_string"}}],"inLanguage":"de"},{"@type":"Organization","@id":"https:\/\/www.excalibur-generator.com\/de\/#organization","name":"Excalibur Generator","url":"https:\/\/www.excalibur-generator.com\/de\/","logo":{"@type":"ImageObject","inLanguage":"de","@id":"https:\/\/www.excalibur-generator.com\/de\/#\/schema\/logo\/image\/","url":"https:\/\/www.excalibur-generator.com\/wp-content\/uploads\/2024\/05\/EXCALIBUR.png","contentUrl":"https:\/\/www.excalibur-generator.com\/wp-content\/uploads\/2024\/05\/EXCALIBUR.png","width":350,"height":79,"caption":"Excalibur Generator"},"image":{"@id":"https:\/\/www.excalibur-generator.com\/de\/#\/schema\/logo\/image\/"}}]}},"_links":{"self":[{"href":"https:\/\/www.excalibur-generator.com\/de\/wp-json\/wp\/v2\/product\/9721","targetHints":{"allow":["GET"]}}],"collection":[{"href":"https:\/\/www.excalibur-generator.com\/de\/wp-json\/wp\/v2\/product"}],"about":[{"href":"https:\/\/www.excalibur-generator.com\/de\/wp-json\/wp\/v2\/types\/product"}],"replies":[{"embeddable":true,"href":"https:\/\/www.excalibur-generator.com\/de\/wp-json\/wp\/v2\/comments?post=9721"}],"wp:featuredmedia":[{"embeddable":true,"href":"https:\/\/www.excalibur-generator.com\/de\/wp-json\/wp\/v2\/media\/9722"}],"wp:attachment":[{"href":"https:\/\/www.excalibur-generator.com\/de\/wp-json\/wp\/v2\/media?parent=9721"}],"wp:term":[{"taxonomy":"product_brand","embeddable":true,"href":"https:\/\/www.excalibur-generator.com\/de\/wp-json\/wp\/v2\/product_brand?post=9721"},{"taxonomy":"product_cat","embeddable":true,"href":"https:\/\/www.excalibur-generator.com\/de\/wp-json\/wp\/v2\/product_cat?post=9721"},{"taxonomy":"product_tag","embeddable":true,"href":"https:\/\/www.excalibur-generator.com\/de\/wp-json\/wp\/v2\/product_tag?post=9721"}],"curies":[{"name":"wp","href":"https:\/\/api.w.org\/{rel}","templated":true}]}}