{"id":9725,"date":"2024-05-24T09:22:22","date_gmt":"2024-05-24T01:22:22","guid":{"rendered":"https:\/\/www.excalibur-generator.com\/chemische-wasserpumpe\/"},"modified":"2024-05-24T09:22:22","modified_gmt":"2024-05-24T01:22:22","slug":"chemische-wasserpumpe","status":"publish","type":"product","link":"https:\/\/www.excalibur-generator.com\/de\/chemische-wasserpumpe.html","title":{"rendered":"Chemische Wasserpumpe"},"content":{"rendered":"<table>\n<colgroup>\n<col>\n<col span=\"3\"><\/colgroup>\n<tbody>\n<tr class=\"firstRow\">\n<td><\/td>\n<td>Modell<\/td>\n<td>SP50DC<\/td>\n<td>SP80DC<\/td>\n<\/tr>\n<tr>\n<td rowspan=\"4\">Pumpe<\/td>\n<td>Ansaugung*F\u00f6rderung (mm)\/(Zoll)<\/td>\n<td>50*50\/2*2<\/td>\n<td>80*80\/3*3<\/td>\n<\/tr>\n<tr>\n<td>Nennh\u00f6he(m)<\/td>\n<td>36<\/td>\n<td>26<\/td>\n<\/tr>\n<tr>\n<td>Max. Saugh\u00f6he (m) <\/td>\n<td>8<\/td>\n<td>8<\/td>\n<\/tr>\n<tr>\n<td>Max. F\u00f6rdervolumen (m\u00b3\/h)<\/td>\n<td>36<\/td>\n<td>65<\/td>\n<\/tr>\n<tr>\n<td rowspan=\"5\">Motor<\/td>\n<td>Modell<\/td>\n<td>S173F(E)<\/td>\n<td>S178F(E)<\/td>\n<\/tr>\n<tr>\n<td>Motorleistung<\/td>\n<td>6HP<\/td>\n<td>7HP<\/td>\n<\/tr>\n<tr>\n<td>Motor Typ<\/td>\n<td colspan=\"2\">Einzylinder, 4-Takt, luftgek\u00fchlt, vertikal, Dieselmotor<\/td>\n<\/tr>\n<tr>\n<td>Startsystem<\/td>\n<td colspan=\"2\">Manueller\/ elektrischer Start<\/td>\n<\/tr>\n<tr>\n<td>Kraftstofftank(L)<\/td>\n<td>2.5<\/td>\n<td>3.5<\/td>\n<\/tr>\n<tr>\n<td rowspan=\"3\">Pumpensatz<\/td>\n<td>Kontinuierliche Laufzeit (h)<\/td>\n<td>2<\/td>\n<td>2.5<\/td>\n<\/tr>\n<tr>\n<td>N.W.\/G.W. (kg)<\/td>\n<td>34\/37<\/td>\n<td>50\/53<\/td>\n<\/tr>\n<tr>\n<td>Verpackungsgr\u00f6\u00dfe L*B*H(mm)<\/td>\n<td>570*420*530<\/td>\n<td>610*460*560<\/td>\n<\/tr>\n<\/tbody>\n<\/table>\n","protected":false},"excerpt":{"rendered":"<p>Modell SP50DC SP80DC Pumpe Ansaugung*F\u00f6rderung (mm)\/(Zoll) 50*50\/2*2 80*80\/3*3 Nennh\u00f6he(m) 36 26 Max. Saugh\u00f6he (m) 8 8 Max. F\u00f6rdervolumen (m\u00b3\/h) 36 65 Motor Modell S173F(E) S178F(E) Motorleistung 6HP 7HP Motor Typ Einzylinder, 4-Takt, luftgek\u00fchlt, vertikal, Dieselmotor Startsystem Manueller\/ elektrischer Start Kraftstofftank(L) 2.5 3.5 Pumpensatz Kontinuierliche Laufzeit (h) 2 2.5 N.W.\/G.W. (kg) 34\/37 50\/53 Verpackungsgr\u00f6\u00dfe L*B*H(mm) 570*420*530 610*460*560<\/p>\n","protected":false},"featured_media":9726,"comment_status":"open","ping_status":"closed","template":"","meta":{"site-sidebar-layout":"default","site-content-layout":"","ast-site-content-layout":"default","site-content-style":"default","site-sidebar-style":"default","ast-global-header-display":"","ast-banner-title-visibility":"","ast-main-header-display":"","ast-hfb-above-header-display":"","ast-hfb-below-header-display":"","ast-hfb-mobile-header-display":"","site-post-title":"","ast-breadcrumbs-content":"","ast-featured-img":"","footer-sml-layout":"","theme-transparent-header-meta":"default","adv-header-id-meta":"","stick-header-meta":"","header-above-stick-meta":"","header-main-stick-meta":"","header-below-stick-meta":"","astra-migrate-meta-layouts":"default","ast-page-background-enabled":"default","ast-page-background-meta":{"desktop":{"background-color":"var(--ast-global-color-4)","background-image":"","background-repeat":"repeat","background-position":"center center","background-size":"auto","background-attachment":"scroll","background-type":"","background-media":"","overlay-type":"","overlay-color":"","overlay-opacity":"","overlay-gradient":""},"tablet":{"background-color":"","background-image":"","background-repeat":"repeat","background-position":"center center","background-size":"auto","background-attachment":"scroll","background-type":"","background-media":"","overlay-type":"","overlay-color":"","overlay-opacity":"","overlay-gradient":""},"mobile":{"background-color":"","background-image":"","background-repeat":"repeat","background-position":"center center","background-size":"auto","background-attachment":"scroll","background-type":"","background-media":"","overlay-type":"","overlay-color":"","overlay-opacity":"","overlay-gradient":""}},"ast-content-background-meta":{"desktop":{"background-color":"var(--ast-global-color-5)","background-image":"","background-repeat":"repeat","background-position":"center center","background-size":"auto","background-attachment":"scroll","background-type":"","background-media":"","overlay-type":"","overlay-color":"","overlay-opacity":"","overlay-gradient":""},"tablet":{"background-color":"var(--ast-global-color-5)","background-image":"","background-repeat":"repeat","background-position":"center center","background-size":"auto","background-attachment":"scroll","background-type":"","background-media":"","overlay-type":"","overlay-color":"","overlay-opacity":"","overlay-gradient":""},"mobile":{"background-color":"var(--ast-global-color-5)","background-image":"","background-repeat":"repeat","background-position":"center center","background-size":"auto","background-attachment":"scroll","background-type":"","background-media":"","overlay-type":"","overlay-color":"","overlay-opacity":"","overlay-gradient":""}}},"product_brand":[],"product_cat":[95],"product_tag":[],"class_list":{"0":"post-9725","1":"product","2":"type-product","3":"status-publish","4":"has-post-thumbnail","6":"product_cat-unkategorisiert","7":"desktop-align-left","8":"tablet-align-left","9":"mobile-align-left","11":"first","12":"instock","13":"shipping-taxable","14":"product-type-simple"},"yoast_head":"<!-- This site is optimized with the Yoast SEO plugin v26.5 - https:\/\/yoast.com\/wordpress\/plugins\/seo\/ -->\n<title>Chemische Wasserpumpe &#8211; Excalibur Generator<\/title>\n<meta name=\"description\" content=\"Die Chemiewasserpumpe transportiert effizient verschiedene Fl\u00fcssigkeiten und sorgt f\u00fcr eine pr\u00e4zise und zuverl\u00e4ssige Fl\u00fcssigkeitsbewegung. Sie ist f\u00fcr chemische Anwendungen konzipiert, bietet Korrosionsbest\u00e4ndigkeit und optimale Leistung und erf\u00fcllt Industriestandards.\" \/>\n<meta name=\"robots\" content=\"index, follow, max-snippet:-1, max-image-preview:large, max-video-preview:-1\" \/>\n<link rel=\"canonical\" href=\"https:\/\/www.excalibur-generator.com\/de\/chemische-wasserpumpe.html\" \/>\n<script type=\"application\/ld+json\" class=\"yoast-schema-graph\">{\"@context\":\"https:\/\/schema.org\",\"@graph\":[{\"@type\":\"WebPage\",\"@id\":\"https:\/\/www.excalibur-generator.com\/de\/chemische-wasserpumpe.html\",\"url\":\"https:\/\/www.excalibur-generator.com\/de\/chemische-wasserpumpe.html\",\"name\":\"Chemische Wasserpumpe &#8211; Excalibur Generator\",\"isPartOf\":{\"@id\":\"https:\/\/www.excalibur-generator.com\/de\/#website\"},\"primaryImageOfPage\":{\"@id\":\"https:\/\/www.excalibur-generator.com\/de\/chemische-wasserpumpe.html#primaryimage\"},\"image\":{\"@id\":\"https:\/\/www.excalibur-generator.com\/de\/chemische-wasserpumpe.html#primaryimage\"},\"thumbnailUrl\":\"https:\/\/www.excalibur-generator.com\/wp-content\/uploads\/2024\/05\/Chemical-Water-Pump.jpg\",\"datePublished\":\"2024-05-24T01:22:22+00:00\",\"description\":\"Die Chemiewasserpumpe transportiert effizient verschiedene Fl\u00fcssigkeiten und sorgt f\u00fcr eine pr\u00e4zise und zuverl\u00e4ssige Fl\u00fcssigkeitsbewegung. Sie ist f\u00fcr chemische Anwendungen konzipiert, bietet Korrosionsbest\u00e4ndigkeit und optimale Leistung und erf\u00fcllt Industriestandards.\",\"breadcrumb\":{\"@id\":\"https:\/\/www.excalibur-generator.com\/de\/chemische-wasserpumpe.html#breadcrumb\"},\"inLanguage\":\"de\",\"potentialAction\":[{\"@type\":\"ReadAction\",\"target\":[\"https:\/\/www.excalibur-generator.com\/de\/chemische-wasserpumpe.html\"]}]},{\"@type\":\"ImageObject\",\"inLanguage\":\"de\",\"@id\":\"https:\/\/www.excalibur-generator.com\/de\/chemische-wasserpumpe.html#primaryimage\",\"url\":\"https:\/\/www.excalibur-generator.com\/wp-content\/uploads\/2024\/05\/Chemical-Water-Pump.jpg\",\"contentUrl\":\"https:\/\/www.excalibur-generator.com\/wp-content\/uploads\/2024\/05\/Chemical-Water-Pump.jpg\",\"width\":800,\"height\":800,\"caption\":\"Chemical-Water-Pump\"},{\"@type\":\"BreadcrumbList\",\"@id\":\"https:\/\/www.excalibur-generator.com\/de\/chemische-wasserpumpe.html#breadcrumb\",\"itemListElement\":[{\"@type\":\"ListItem\",\"position\":1,\"name\":\"Home\",\"item\":\"https:\/\/www.excalibur-generator.com\/de\/\"},{\"@type\":\"ListItem\",\"position\":2,\"name\":\"Produkte\",\"item\":\"https:\/\/www.excalibur-generator.com\/de\/produkte.html\"},{\"@type\":\"ListItem\",\"position\":3,\"name\":\"Chemische Wasserpumpe\"}]},{\"@type\":\"WebSite\",\"@id\":\"https:\/\/www.excalibur-generator.com\/de\/#website\",\"url\":\"https:\/\/www.excalibur-generator.com\/de\/\",\"name\":\"Excalibur Generator\",\"description\":\"\",\"publisher\":{\"@id\":\"https:\/\/www.excalibur-generator.com\/de\/#organization\"},\"potentialAction\":[{\"@type\":\"SearchAction\",\"target\":{\"@type\":\"EntryPoint\",\"urlTemplate\":\"https:\/\/www.excalibur-generator.com\/de\/?s={search_term_string}\"},\"query-input\":{\"@type\":\"PropertyValueSpecification\",\"valueRequired\":true,\"valueName\":\"search_term_string\"}}],\"inLanguage\":\"de\"},{\"@type\":\"Organization\",\"@id\":\"https:\/\/www.excalibur-generator.com\/de\/#organization\",\"name\":\"Excalibur Generator\",\"url\":\"https:\/\/www.excalibur-generator.com\/de\/\",\"logo\":{\"@type\":\"ImageObject\",\"inLanguage\":\"de\",\"@id\":\"https:\/\/www.excalibur-generator.com\/de\/#\/schema\/logo\/image\/\",\"url\":\"https:\/\/www.excalibur-generator.com\/wp-content\/uploads\/2024\/05\/EXCALIBUR.png\",\"contentUrl\":\"https:\/\/www.excalibur-generator.com\/wp-content\/uploads\/2024\/05\/EXCALIBUR.png\",\"width\":350,\"height\":79,\"caption\":\"Excalibur Generator\"},\"image\":{\"@id\":\"https:\/\/www.excalibur-generator.com\/de\/#\/schema\/logo\/image\/\"}}]}<\/script>\n<!-- \/ Yoast SEO plugin. -->","yoast_head_json":{"title":"Chemische Wasserpumpe &#8211; Excalibur Generator","description":"Die Chemiewasserpumpe transportiert effizient verschiedene Fl\u00fcssigkeiten und sorgt f\u00fcr eine pr\u00e4zise und zuverl\u00e4ssige Fl\u00fcssigkeitsbewegung. Sie ist f\u00fcr chemische Anwendungen konzipiert, bietet Korrosionsbest\u00e4ndigkeit und optimale Leistung und erf\u00fcllt Industriestandards.","robots":{"index":"index","follow":"follow","max-snippet":"max-snippet:-1","max-image-preview":"max-image-preview:large","max-video-preview":"max-video-preview:-1"},"canonical":"https:\/\/www.excalibur-generator.com\/de\/chemische-wasserpumpe.html","schema":{"@context":"https:\/\/schema.org","@graph":[{"@type":"WebPage","@id":"https:\/\/www.excalibur-generator.com\/de\/chemische-wasserpumpe.html","url":"https:\/\/www.excalibur-generator.com\/de\/chemische-wasserpumpe.html","name":"Chemische Wasserpumpe &#8211; Excalibur Generator","isPartOf":{"@id":"https:\/\/www.excalibur-generator.com\/de\/#website"},"primaryImageOfPage":{"@id":"https:\/\/www.excalibur-generator.com\/de\/chemische-wasserpumpe.html#primaryimage"},"image":{"@id":"https:\/\/www.excalibur-generator.com\/de\/chemische-wasserpumpe.html#primaryimage"},"thumbnailUrl":"https:\/\/www.excalibur-generator.com\/wp-content\/uploads\/2024\/05\/Chemical-Water-Pump.jpg","datePublished":"2024-05-24T01:22:22+00:00","description":"Die Chemiewasserpumpe transportiert effizient verschiedene Fl\u00fcssigkeiten und sorgt f\u00fcr eine pr\u00e4zise und zuverl\u00e4ssige Fl\u00fcssigkeitsbewegung. Sie ist f\u00fcr chemische Anwendungen konzipiert, bietet Korrosionsbest\u00e4ndigkeit und optimale Leistung und erf\u00fcllt Industriestandards.","breadcrumb":{"@id":"https:\/\/www.excalibur-generator.com\/de\/chemische-wasserpumpe.html#breadcrumb"},"inLanguage":"de","potentialAction":[{"@type":"ReadAction","target":["https:\/\/www.excalibur-generator.com\/de\/chemische-wasserpumpe.html"]}]},{"@type":"ImageObject","inLanguage":"de","@id":"https:\/\/www.excalibur-generator.com\/de\/chemische-wasserpumpe.html#primaryimage","url":"https:\/\/www.excalibur-generator.com\/wp-content\/uploads\/2024\/05\/Chemical-Water-Pump.jpg","contentUrl":"https:\/\/www.excalibur-generator.com\/wp-content\/uploads\/2024\/05\/Chemical-Water-Pump.jpg","width":800,"height":800,"caption":"Chemical-Water-Pump"},{"@type":"BreadcrumbList","@id":"https:\/\/www.excalibur-generator.com\/de\/chemische-wasserpumpe.html#breadcrumb","itemListElement":[{"@type":"ListItem","position":1,"name":"Home","item":"https:\/\/www.excalibur-generator.com\/de\/"},{"@type":"ListItem","position":2,"name":"Produkte","item":"https:\/\/www.excalibur-generator.com\/de\/produkte.html"},{"@type":"ListItem","position":3,"name":"Chemische Wasserpumpe"}]},{"@type":"WebSite","@id":"https:\/\/www.excalibur-generator.com\/de\/#website","url":"https:\/\/www.excalibur-generator.com\/de\/","name":"Excalibur Generator","description":"","publisher":{"@id":"https:\/\/www.excalibur-generator.com\/de\/#organization"},"potentialAction":[{"@type":"SearchAction","target":{"@type":"EntryPoint","urlTemplate":"https:\/\/www.excalibur-generator.com\/de\/?s={search_term_string}"},"query-input":{"@type":"PropertyValueSpecification","valueRequired":true,"valueName":"search_term_string"}}],"inLanguage":"de"},{"@type":"Organization","@id":"https:\/\/www.excalibur-generator.com\/de\/#organization","name":"Excalibur Generator","url":"https:\/\/www.excalibur-generator.com\/de\/","logo":{"@type":"ImageObject","inLanguage":"de","@id":"https:\/\/www.excalibur-generator.com\/de\/#\/schema\/logo\/image\/","url":"https:\/\/www.excalibur-generator.com\/wp-content\/uploads\/2024\/05\/EXCALIBUR.png","contentUrl":"https:\/\/www.excalibur-generator.com\/wp-content\/uploads\/2024\/05\/EXCALIBUR.png","width":350,"height":79,"caption":"Excalibur Generator"},"image":{"@id":"https:\/\/www.excalibur-generator.com\/de\/#\/schema\/logo\/image\/"}}]}},"_links":{"self":[{"href":"https:\/\/www.excalibur-generator.com\/de\/wp-json\/wp\/v2\/product\/9725","targetHints":{"allow":["GET"]}}],"collection":[{"href":"https:\/\/www.excalibur-generator.com\/de\/wp-json\/wp\/v2\/product"}],"about":[{"href":"https:\/\/www.excalibur-generator.com\/de\/wp-json\/wp\/v2\/types\/product"}],"replies":[{"embeddable":true,"href":"https:\/\/www.excalibur-generator.com\/de\/wp-json\/wp\/v2\/comments?post=9725"}],"wp:featuredmedia":[{"embeddable":true,"href":"https:\/\/www.excalibur-generator.com\/de\/wp-json\/wp\/v2\/media\/9726"}],"wp:attachment":[{"href":"https:\/\/www.excalibur-generator.com\/de\/wp-json\/wp\/v2\/media?parent=9725"}],"wp:term":[{"taxonomy":"product_brand","embeddable":true,"href":"https:\/\/www.excalibur-generator.com\/de\/wp-json\/wp\/v2\/product_brand?post=9725"},{"taxonomy":"product_cat","embeddable":true,"href":"https:\/\/www.excalibur-generator.com\/de\/wp-json\/wp\/v2\/product_cat?post=9725"},{"taxonomy":"product_tag","embeddable":true,"href":"https:\/\/www.excalibur-generator.com\/de\/wp-json\/wp\/v2\/product_tag?post=9725"}],"curies":[{"name":"wp","href":"https:\/\/api.w.org\/{rel}","templated":true}]}}