{"id":9727,"date":"2024-05-23T17:27:11","date_gmt":"2024-05-23T09:27:11","guid":{"rendered":"https:\/\/www.excalibur-generator.com\/wasserpumpe-mit-flexibler-welle\/"},"modified":"2024-05-23T17:27:11","modified_gmt":"2024-05-23T09:27:11","slug":"wasserpumpe-mit-flexibler-welle","status":"publish","type":"product","link":"https:\/\/www.excalibur-generator.com\/de\/wasserpumpe-mit-flexibler-welle.html","title":{"rendered":"Wasserpumpe mit flexibler Welle"},"content":{"rendered":"<table>\n<tbody>\n<tr class=\"firstRow\">\n<td>Modell<\/td>\n<td>SFP50<\/td>\n<td>SFP80<\/td>\n<\/tr>\n<tr>\n<td>Auslassdurchmesser (mm)<\/td>\n<td>50<\/td>\n<td>80<\/td>\n<\/tr>\n<tr>\n<td>Flexible Welle (m)<\/td>\n<td>6<\/td>\n<td>6<\/td>\n<\/tr>\n<tr>\n<td>Typ verbinden<\/td>\n<td colspan=\"2\">PIN-TYP: BUTTERFLY-TYP<\/td>\n<\/tr>\n<tr>\n<td>Maximaler Hub (m)<\/td>\n<td>16<\/td>\n<td>12<\/td>\n<\/tr>\n<tr>\n<td>Maximale F\u00f6rdermenge (m3\/h)<\/td>\n<td>25<\/td>\n<td>40<\/td>\n<\/tr>\n<tr>\n<td>Motor Modell<\/td>\n<td colspan=\"2\">S20<\/td>\n<\/tr>\n<tr>\n<td>Fassungsverm\u00f6gen des Kraftstofftanks (L)<\/td>\n<td>3.8<\/td>\n<td>3.8<\/td>\n<\/tr>\n<tr>\n<td>Startsystem<\/td>\n<td colspan=\"2\">R\u00fccksto\u00dfstarter<\/td>\n<\/tr>\n<tr>\n<td>Verpackungsgr\u00f6\u00dfe (L*B*H)mm<\/td>\n<td colspan=\"2\">515*380*515<\/td>\n<\/tr>\n<tr>\n<td>Nettogewicht (KG)<\/td>\n<td>22<\/td>\n<td>24<\/td>\n<\/tr>\n<\/tbody>\n<\/table>\n","protected":false},"excerpt":{"rendered":"<p>Modell SFP50 SFP80 Auslassdurchmesser (mm) 50 80 Flexible Welle (m) 6 6 Typ verbinden PIN-TYP: BUTTERFLY-TYP Maximaler Hub (m) 16 12 Maximale F\u00f6rdermenge (m3\/h) 25 40 Motor Modell S20 Fassungsverm\u00f6gen des Kraftstofftanks (L) 3.8 3.8 Startsystem R\u00fccksto\u00dfstarter Verpackungsgr\u00f6\u00dfe (L*B*H)mm 515*380*515 Nettogewicht (KG) 22 24<\/p>\n","protected":false},"featured_media":9728,"comment_status":"open","ping_status":"closed","template":"","meta":{"site-sidebar-layout":"default","site-content-layout":"","ast-site-content-layout":"default","site-content-style":"default","site-sidebar-style":"default","ast-global-header-display":"","ast-banner-title-visibility":"","ast-main-header-display":"","ast-hfb-above-header-display":"","ast-hfb-below-header-display":"","ast-hfb-mobile-header-display":"","site-post-title":"","ast-breadcrumbs-content":"","ast-featured-img":"","footer-sml-layout":"","theme-transparent-header-meta":"default","adv-header-id-meta":"","stick-header-meta":"","header-above-stick-meta":"","header-main-stick-meta":"","header-below-stick-meta":"","astra-migrate-meta-layouts":"default","ast-page-background-enabled":"default","ast-page-background-meta":{"desktop":{"background-color":"var(--ast-global-color-4)","background-image":"","background-repeat":"repeat","background-position":"center center","background-size":"auto","background-attachment":"scroll","background-type":"","background-media":"","overlay-type":"","overlay-color":"","overlay-opacity":"","overlay-gradient":""},"tablet":{"background-color":"","background-image":"","background-repeat":"repeat","background-position":"center center","background-size":"auto","background-attachment":"scroll","background-type":"","background-media":"","overlay-type":"","overlay-color":"","overlay-opacity":"","overlay-gradient":""},"mobile":{"background-color":"","background-image":"","background-repeat":"repeat","background-position":"center center","background-size":"auto","background-attachment":"scroll","background-type":"","background-media":"","overlay-type":"","overlay-color":"","overlay-opacity":"","overlay-gradient":""}},"ast-content-background-meta":{"desktop":{"background-color":"var(--ast-global-color-5)","background-image":"","background-repeat":"repeat","background-position":"center center","background-size":"auto","background-attachment":"scroll","background-type":"","background-media":"","overlay-type":"","overlay-color":"","overlay-opacity":"","overlay-gradient":""},"tablet":{"background-color":"var(--ast-global-color-5)","background-image":"","background-repeat":"repeat","background-position":"center center","background-size":"auto","background-attachment":"scroll","background-type":"","background-media":"","overlay-type":"","overlay-color":"","overlay-opacity":"","overlay-gradient":""},"mobile":{"background-color":"var(--ast-global-color-5)","background-image":"","background-repeat":"repeat","background-position":"center center","background-size":"auto","background-attachment":"scroll","background-type":"","background-media":"","overlay-type":"","overlay-color":"","overlay-opacity":"","overlay-gradient":""}}},"product_brand":[],"product_cat":[95],"product_tag":[],"class_list":{"0":"post-9727","1":"product","2":"type-product","3":"status-publish","4":"has-post-thumbnail","6":"product_cat-unkategorisiert","7":"desktop-align-left","8":"tablet-align-left","9":"mobile-align-left","11":"first","12":"instock","13":"shipping-taxable","14":"product-type-simple"},"yoast_head":"<!-- This site is optimized with the Yoast SEO plugin v26.5 - https:\/\/yoast.com\/wordpress\/plugins\/seo\/ -->\n<title>Wasserpumpe mit flexibler Welle &#8211; Excalibur Generator<\/title>\n<meta name=\"description\" content=\"Eine Wasserpumpe mit flexibler Welle ist ein vielseitiges Ger\u00e4t f\u00fcr verschiedene Wassertransferanwendungen. Die flexible Welle erm\u00f6glicht effizientes Pumpen in schwer zug\u00e4nglichen Bereichen und bietet Komfort und Anpassungsf\u00e4higkeit.\" \/>\n<meta name=\"robots\" content=\"index, follow, max-snippet:-1, max-image-preview:large, max-video-preview:-1\" \/>\n<link rel=\"canonical\" href=\"https:\/\/www.excalibur-generator.com\/de\/wasserpumpe-mit-flexibler-welle.html\" \/>\n<script type=\"application\/ld+json\" class=\"yoast-schema-graph\">{\"@context\":\"https:\/\/schema.org\",\"@graph\":[{\"@type\":\"WebPage\",\"@id\":\"https:\/\/www.excalibur-generator.com\/de\/wasserpumpe-mit-flexibler-welle.html\",\"url\":\"https:\/\/www.excalibur-generator.com\/de\/wasserpumpe-mit-flexibler-welle.html\",\"name\":\"Wasserpumpe mit flexibler Welle &#8211; Excalibur Generator\",\"isPartOf\":{\"@id\":\"https:\/\/www.excalibur-generator.com\/de\/#website\"},\"primaryImageOfPage\":{\"@id\":\"https:\/\/www.excalibur-generator.com\/de\/wasserpumpe-mit-flexibler-welle.html#primaryimage\"},\"image\":{\"@id\":\"https:\/\/www.excalibur-generator.com\/de\/wasserpumpe-mit-flexibler-welle.html#primaryimage\"},\"thumbnailUrl\":\"https:\/\/www.excalibur-generator.com\/wp-content\/uploads\/2024\/05\/Flexible-Shaft-Water-Pump.jpg\",\"datePublished\":\"2024-05-23T09:27:11+00:00\",\"description\":\"Eine Wasserpumpe mit flexibler Welle ist ein vielseitiges Ger\u00e4t f\u00fcr verschiedene Wassertransferanwendungen. Die flexible Welle erm\u00f6glicht effizientes Pumpen in schwer zug\u00e4nglichen Bereichen und bietet Komfort und Anpassungsf\u00e4higkeit.\",\"breadcrumb\":{\"@id\":\"https:\/\/www.excalibur-generator.com\/de\/wasserpumpe-mit-flexibler-welle.html#breadcrumb\"},\"inLanguage\":\"de\",\"potentialAction\":[{\"@type\":\"ReadAction\",\"target\":[\"https:\/\/www.excalibur-generator.com\/de\/wasserpumpe-mit-flexibler-welle.html\"]}]},{\"@type\":\"ImageObject\",\"inLanguage\":\"de\",\"@id\":\"https:\/\/www.excalibur-generator.com\/de\/wasserpumpe-mit-flexibler-welle.html#primaryimage\",\"url\":\"https:\/\/www.excalibur-generator.com\/wp-content\/uploads\/2024\/05\/Flexible-Shaft-Water-Pump.jpg\",\"contentUrl\":\"https:\/\/www.excalibur-generator.com\/wp-content\/uploads\/2024\/05\/Flexible-Shaft-Water-Pump.jpg\",\"width\":800,\"height\":800,\"caption\":\"Flexible-Shaft-Water-Pump\"},{\"@type\":\"BreadcrumbList\",\"@id\":\"https:\/\/www.excalibur-generator.com\/de\/wasserpumpe-mit-flexibler-welle.html#breadcrumb\",\"itemListElement\":[{\"@type\":\"ListItem\",\"position\":1,\"name\":\"Home\",\"item\":\"https:\/\/www.excalibur-generator.com\/de\/\"},{\"@type\":\"ListItem\",\"position\":2,\"name\":\"Produkte\",\"item\":\"https:\/\/www.excalibur-generator.com\/de\/produkte.html\"},{\"@type\":\"ListItem\",\"position\":3,\"name\":\"Wasserpumpe mit flexibler Welle\"}]},{\"@type\":\"WebSite\",\"@id\":\"https:\/\/www.excalibur-generator.com\/de\/#website\",\"url\":\"https:\/\/www.excalibur-generator.com\/de\/\",\"name\":\"Excalibur Generator\",\"description\":\"\",\"publisher\":{\"@id\":\"https:\/\/www.excalibur-generator.com\/de\/#organization\"},\"potentialAction\":[{\"@type\":\"SearchAction\",\"target\":{\"@type\":\"EntryPoint\",\"urlTemplate\":\"https:\/\/www.excalibur-generator.com\/de\/?s={search_term_string}\"},\"query-input\":{\"@type\":\"PropertyValueSpecification\",\"valueRequired\":true,\"valueName\":\"search_term_string\"}}],\"inLanguage\":\"de\"},{\"@type\":\"Organization\",\"@id\":\"https:\/\/www.excalibur-generator.com\/de\/#organization\",\"name\":\"Excalibur Generator\",\"url\":\"https:\/\/www.excalibur-generator.com\/de\/\",\"logo\":{\"@type\":\"ImageObject\",\"inLanguage\":\"de\",\"@id\":\"https:\/\/www.excalibur-generator.com\/de\/#\/schema\/logo\/image\/\",\"url\":\"https:\/\/www.excalibur-generator.com\/wp-content\/uploads\/2024\/05\/EXCALIBUR.png\",\"contentUrl\":\"https:\/\/www.excalibur-generator.com\/wp-content\/uploads\/2024\/05\/EXCALIBUR.png\",\"width\":350,\"height\":79,\"caption\":\"Excalibur Generator\"},\"image\":{\"@id\":\"https:\/\/www.excalibur-generator.com\/de\/#\/schema\/logo\/image\/\"}}]}<\/script>\n<!-- \/ Yoast SEO plugin. -->","yoast_head_json":{"title":"Wasserpumpe mit flexibler Welle &#8211; Excalibur Generator","description":"Eine Wasserpumpe mit flexibler Welle ist ein vielseitiges Ger\u00e4t f\u00fcr verschiedene Wassertransferanwendungen. Die flexible Welle erm\u00f6glicht effizientes Pumpen in schwer zug\u00e4nglichen Bereichen und bietet Komfort und Anpassungsf\u00e4higkeit.","robots":{"index":"index","follow":"follow","max-snippet":"max-snippet:-1","max-image-preview":"max-image-preview:large","max-video-preview":"max-video-preview:-1"},"canonical":"https:\/\/www.excalibur-generator.com\/de\/wasserpumpe-mit-flexibler-welle.html","schema":{"@context":"https:\/\/schema.org","@graph":[{"@type":"WebPage","@id":"https:\/\/www.excalibur-generator.com\/de\/wasserpumpe-mit-flexibler-welle.html","url":"https:\/\/www.excalibur-generator.com\/de\/wasserpumpe-mit-flexibler-welle.html","name":"Wasserpumpe mit flexibler Welle &#8211; Excalibur Generator","isPartOf":{"@id":"https:\/\/www.excalibur-generator.com\/de\/#website"},"primaryImageOfPage":{"@id":"https:\/\/www.excalibur-generator.com\/de\/wasserpumpe-mit-flexibler-welle.html#primaryimage"},"image":{"@id":"https:\/\/www.excalibur-generator.com\/de\/wasserpumpe-mit-flexibler-welle.html#primaryimage"},"thumbnailUrl":"https:\/\/www.excalibur-generator.com\/wp-content\/uploads\/2024\/05\/Flexible-Shaft-Water-Pump.jpg","datePublished":"2024-05-23T09:27:11+00:00","description":"Eine Wasserpumpe mit flexibler Welle ist ein vielseitiges Ger\u00e4t f\u00fcr verschiedene Wassertransferanwendungen. Die flexible Welle erm\u00f6glicht effizientes Pumpen in schwer zug\u00e4nglichen Bereichen und bietet Komfort und Anpassungsf\u00e4higkeit.","breadcrumb":{"@id":"https:\/\/www.excalibur-generator.com\/de\/wasserpumpe-mit-flexibler-welle.html#breadcrumb"},"inLanguage":"de","potentialAction":[{"@type":"ReadAction","target":["https:\/\/www.excalibur-generator.com\/de\/wasserpumpe-mit-flexibler-welle.html"]}]},{"@type":"ImageObject","inLanguage":"de","@id":"https:\/\/www.excalibur-generator.com\/de\/wasserpumpe-mit-flexibler-welle.html#primaryimage","url":"https:\/\/www.excalibur-generator.com\/wp-content\/uploads\/2024\/05\/Flexible-Shaft-Water-Pump.jpg","contentUrl":"https:\/\/www.excalibur-generator.com\/wp-content\/uploads\/2024\/05\/Flexible-Shaft-Water-Pump.jpg","width":800,"height":800,"caption":"Flexible-Shaft-Water-Pump"},{"@type":"BreadcrumbList","@id":"https:\/\/www.excalibur-generator.com\/de\/wasserpumpe-mit-flexibler-welle.html#breadcrumb","itemListElement":[{"@type":"ListItem","position":1,"name":"Home","item":"https:\/\/www.excalibur-generator.com\/de\/"},{"@type":"ListItem","position":2,"name":"Produkte","item":"https:\/\/www.excalibur-generator.com\/de\/produkte.html"},{"@type":"ListItem","position":3,"name":"Wasserpumpe mit flexibler Welle"}]},{"@type":"WebSite","@id":"https:\/\/www.excalibur-generator.com\/de\/#website","url":"https:\/\/www.excalibur-generator.com\/de\/","name":"Excalibur Generator","description":"","publisher":{"@id":"https:\/\/www.excalibur-generator.com\/de\/#organization"},"potentialAction":[{"@type":"SearchAction","target":{"@type":"EntryPoint","urlTemplate":"https:\/\/www.excalibur-generator.com\/de\/?s={search_term_string}"},"query-input":{"@type":"PropertyValueSpecification","valueRequired":true,"valueName":"search_term_string"}}],"inLanguage":"de"},{"@type":"Organization","@id":"https:\/\/www.excalibur-generator.com\/de\/#organization","name":"Excalibur Generator","url":"https:\/\/www.excalibur-generator.com\/de\/","logo":{"@type":"ImageObject","inLanguage":"de","@id":"https:\/\/www.excalibur-generator.com\/de\/#\/schema\/logo\/image\/","url":"https:\/\/www.excalibur-generator.com\/wp-content\/uploads\/2024\/05\/EXCALIBUR.png","contentUrl":"https:\/\/www.excalibur-generator.com\/wp-content\/uploads\/2024\/05\/EXCALIBUR.png","width":350,"height":79,"caption":"Excalibur Generator"},"image":{"@id":"https:\/\/www.excalibur-generator.com\/de\/#\/schema\/logo\/image\/"}}]}},"_links":{"self":[{"href":"https:\/\/www.excalibur-generator.com\/de\/wp-json\/wp\/v2\/product\/9727","targetHints":{"allow":["GET"]}}],"collection":[{"href":"https:\/\/www.excalibur-generator.com\/de\/wp-json\/wp\/v2\/product"}],"about":[{"href":"https:\/\/www.excalibur-generator.com\/de\/wp-json\/wp\/v2\/types\/product"}],"replies":[{"embeddable":true,"href":"https:\/\/www.excalibur-generator.com\/de\/wp-json\/wp\/v2\/comments?post=9727"}],"wp:featuredmedia":[{"embeddable":true,"href":"https:\/\/www.excalibur-generator.com\/de\/wp-json\/wp\/v2\/media\/9728"}],"wp:attachment":[{"href":"https:\/\/www.excalibur-generator.com\/de\/wp-json\/wp\/v2\/media?parent=9727"}],"wp:term":[{"taxonomy":"product_brand","embeddable":true,"href":"https:\/\/www.excalibur-generator.com\/de\/wp-json\/wp\/v2\/product_brand?post=9727"},{"taxonomy":"product_cat","embeddable":true,"href":"https:\/\/www.excalibur-generator.com\/de\/wp-json\/wp\/v2\/product_cat?post=9727"},{"taxonomy":"product_tag","embeddable":true,"href":"https:\/\/www.excalibur-generator.com\/de\/wp-json\/wp\/v2\/product_tag?post=9727"}],"curies":[{"name":"wp","href":"https:\/\/api.w.org\/{rel}","templated":true}]}}