{"id":9729,"date":"2024-05-23T17:22:27","date_gmt":"2024-05-23T09:22:27","guid":{"rendered":"https:\/\/www.excalibur-generator.com\/hochdruck-wasserpumpe-aus-gusseisen\/"},"modified":"2024-05-23T17:22:27","modified_gmt":"2024-05-23T09:22:27","slug":"hochdruck-wasserpumpe-aus-gusseisen","status":"publish","type":"product","link":"https:\/\/www.excalibur-generator.com\/de\/hochdruck-wasserpumpe-aus-gusseisen.html","title":{"rendered":"Hochdruck-Wasserpumpe aus Gusseisen"},"content":{"rendered":"<table>\n<colgroup>\n<col>\n<col span=\"2\">\n<col>\n<col>\n<col span=\"2\">\n<col>\n<col><\/colgroup>\n<tbody>\n<tr class=\"firstRow\">\n<td colspan=\"4\">Dieseltyp<\/td>\n<td colspan=\"3\">Benzintyp<\/td>\n<td colspan=\"2\">Zweizylinder-Dieseltyp<\/td>\n<\/tr>\n<tr>\n<td>Modell<\/td>\n<td>SHP50DEL<\/td>\n<td>SHP80DEL<\/td>\n<td>SHP100DEL<\/td>\n<td>SHP50BL<\/td>\n<td>SHP80BL<\/td>\n<td>SHP100BL<\/td>\n<td>SHP80DEL<\/td>\n<td>SHP100DEL<\/td>\n<\/tr>\n<tr>\n<td>Typ<\/td>\n<td colspan=\"6\">Selbstansaugende Zentrifugalpumpe<\/td>\n<td colspan=\"2\">Selbstansaugende Zentrifugalpumpe<\/td>\n<\/tr>\n<tr>\n<td>Saugleistung*F\u00f6rderleistung(mm)(Zoll)<\/td>\n<td>50*50\/2*2<\/td>\n<td>80*80\/3*3<\/td>\n<td>100*100\/4*4<\/td>\n<td>50*50\/2*2<\/td>\n<td>80*80\/3*3<\/td>\n<td>100*100\/4*4<\/td>\n<td>155*155\/6*6<\/td>\n<td>200*200\/8*8<\/td>\n<\/tr>\n<tr>\n<td>Gesamth\u00f6he (m)<\/td>\n<td>85<\/td>\n<td>75<\/td>\n<td>55<\/td>\n<td>85<\/td>\n<td>75<\/td>\n<td>55<\/td>\n<td>95<\/td>\n<td>85<\/td>\n<\/tr>\n<tr>\n<td>Saugh\u00f6he (m)<\/td>\n<td>6<\/td>\n<td>6<\/td>\n<td>6<\/td>\n<td>6<\/td>\n<td>6<\/td>\n<td>6<\/td>\n<td>8<\/td>\n<td>5<\/td>\n<\/tr>\n<tr>\n<td>Max. F\u00f6rdermenge (m\u00b3\/h)<\/td>\n<td>35<\/td>\n<td>42<\/td>\n<td>120<\/td>\n<td>35<\/td>\n<td>42<\/td>\n<td>120<\/td>\n<td>101<\/td>\n<td>120<\/td>\n<\/tr>\n<tr>\n<td>Gleitringdichtung<\/td>\n<td colspan=\"6\">Keramische Kohle<\/td>\n<td colspan=\"2\">Keramische Kohle<\/td>\n<\/tr>\n<tr>\n<td>Motormodell<\/td>\n<td>S178F(E)<\/td>\n<td>S186FA(E)<\/td>\n<td>S192F(E)<\/td>\n<td>S210F<\/td>\n<td>S210F<\/td>\n<td>S420F<\/td>\n<td colspan=\"2\">SV292FE<\/td>\n<\/tr>\n<tr>\n<td>Kraftstofftankinhalt (L)<\/td>\n<td>3.5<\/td>\n<td>5.5<\/td>\n<td>5.5<\/td>\n<td>3.6<\/td>\n<td>3.6<\/td>\n<td>6.5<\/td>\n<td colspan=\"2\">12.5<\/td>\n<\/tr>\n<tr>\n<td>System starten<\/td>\n<td><\/td>\n<td><\/td>\n<td colspan=\"2\">Manueller Start\/Elektrostart<\/td>\n<td><\/td>\n<td><\/td>\n<td colspan=\"2\">Elektrostart<\/td>\n<\/tr>\n<tr>\n<td>Verpackungsgr\u00f6\u00dfe (L*B*H) mm<\/td>\n<td>580*490*570<\/td>\n<td>580*490*630<\/td>\n<td>585*490*635<\/td>\n<td>470*380*450<\/td>\n<td>510*38*450<\/td>\n<td>620*535*545<\/td>\n<td colspan=\"2\" rowspan=\"2\"><\/td>\n<\/tr>\n<tr>\n<td>Nettogewicht (KG)<\/td>\n<td>50<\/td>\n<td>68<\/td>\n<td>75<\/td>\n<td>35<\/td>\n<td>42<\/td>\n<td>55<\/td>\n<\/tr>\n<\/tbody>\n<\/table>\n","protected":false},"excerpt":{"rendered":"<p>Dieseltyp Benzintyp Zweizylinder-Dieseltyp Modell SHP50DEL SHP80DEL SHP100DEL SHP50BL SHP80BL SHP100BL SHP80DEL SHP100DEL Typ Selbstansaugende Zentrifugalpumpe Selbstansaugende Zentrifugalpumpe Saugleistung*F\u00f6rderleistung(mm)(Zoll) 50*50\/2*2 80*80\/3*3 100*100\/4*4 50*50\/2*2 80*80\/3*3 100*100\/4*4 155*155\/6*6 200*200\/8*8 Gesamth\u00f6he (m) 85 75 55 85 75 55 95 85 Saugh\u00f6he (m) 6 6 6 6 6 6 8 5 Max. F\u00f6rdermenge (m\u00b3\/h) 35 42 120 35 42 120 101 120 Gleitringdichtung Keramische Kohle Keramische Kohle Motormodell S178F(E) S186FA(E) S192F(E) S210F S210F S420F SV292FE Kraftstofftankinhalt (L) 3.5 5.5 5.5 3.6 3.6 6.5 12.5 System starten Manueller Start\/Elektrostart Elektrostart Verpackungsgr\u00f6\u00dfe (L*B*H) mm 580*490*570 580*490*630 585*490*635 470*380*450 510*38*450 620*535*545 Nettogewicht (KG) 50 68 75 35 42 55<\/p>\n","protected":false},"featured_media":9730,"comment_status":"open","ping_status":"closed","template":"","meta":{"site-sidebar-layout":"default","site-content-layout":"","ast-site-content-layout":"default","site-content-style":"default","site-sidebar-style":"default","ast-global-header-display":"","ast-banner-title-visibility":"","ast-main-header-display":"","ast-hfb-above-header-display":"","ast-hfb-below-header-display":"","ast-hfb-mobile-header-display":"","site-post-title":"","ast-breadcrumbs-content":"","ast-featured-img":"","footer-sml-layout":"","theme-transparent-header-meta":"default","adv-header-id-meta":"","stick-header-meta":"","header-above-stick-meta":"","header-main-stick-meta":"","header-below-stick-meta":"","astra-migrate-meta-layouts":"default","ast-page-background-enabled":"default","ast-page-background-meta":{"desktop":{"background-color":"var(--ast-global-color-4)","background-image":"","background-repeat":"repeat","background-position":"center center","background-size":"auto","background-attachment":"scroll","background-type":"","background-media":"","overlay-type":"","overlay-color":"","overlay-opacity":"","overlay-gradient":""},"tablet":{"background-color":"","background-image":"","background-repeat":"repeat","background-position":"center center","background-size":"auto","background-attachment":"scroll","background-type":"","background-media":"","overlay-type":"","overlay-color":"","overlay-opacity":"","overlay-gradient":""},"mobile":{"background-color":"","background-image":"","background-repeat":"repeat","background-position":"center center","background-size":"auto","background-attachment":"scroll","background-type":"","background-media":"","overlay-type":"","overlay-color":"","overlay-opacity":"","overlay-gradient":""}},"ast-content-background-meta":{"desktop":{"background-color":"var(--ast-global-color-5)","background-image":"","background-repeat":"repeat","background-position":"center center","background-size":"auto","background-attachment":"scroll","background-type":"","background-media":"","overlay-type":"","overlay-color":"","overlay-opacity":"","overlay-gradient":""},"tablet":{"background-color":"var(--ast-global-color-5)","background-image":"","background-repeat":"repeat","background-position":"center center","background-size":"auto","background-attachment":"scroll","background-type":"","background-media":"","overlay-type":"","overlay-color":"","overlay-opacity":"","overlay-gradient":""},"mobile":{"background-color":"var(--ast-global-color-5)","background-image":"","background-repeat":"repeat","background-position":"center center","background-size":"auto","background-attachment":"scroll","background-type":"","background-media":"","overlay-type":"","overlay-color":"","overlay-opacity":"","overlay-gradient":""}}},"product_brand":[],"product_cat":[95],"product_tag":[],"class_list":{"0":"post-9729","1":"product","2":"type-product","3":"status-publish","4":"has-post-thumbnail","6":"product_cat-unkategorisiert","7":"desktop-align-left","8":"tablet-align-left","9":"mobile-align-left","11":"first","12":"instock","13":"shipping-taxable","14":"product-type-simple"},"yoast_head":"<!-- This site is optimized with the Yoast SEO plugin v26.5 - https:\/\/yoast.com\/wordpress\/plugins\/seo\/ -->\n<title>Hochdruck-Wasserpumpe aus Gusseisen &#8211; Excalibur Generator<\/title>\n<meta name=\"description\" content=\"Langlebige Hochdruck-Wasserpumpe aus Gusseisen f\u00fcr effizienten Wassertransfer. Die robuste Konstruktion gew\u00e4hrleistet Zuverl\u00e4ssigkeit und eignet sich ideal f\u00fcr verschiedene Anwendungen, von der Bew\u00e4sserung bis zum industriellen Einsatz.\" \/>\n<meta name=\"robots\" content=\"index, follow, max-snippet:-1, max-image-preview:large, max-video-preview:-1\" \/>\n<link rel=\"canonical\" href=\"https:\/\/www.excalibur-generator.com\/de\/hochdruck-wasserpumpe-aus-gusseisen.html\" \/>\n<script type=\"application\/ld+json\" class=\"yoast-schema-graph\">{\"@context\":\"https:\/\/schema.org\",\"@graph\":[{\"@type\":\"WebPage\",\"@id\":\"https:\/\/www.excalibur-generator.com\/de\/hochdruck-wasserpumpe-aus-gusseisen.html\",\"url\":\"https:\/\/www.excalibur-generator.com\/de\/hochdruck-wasserpumpe-aus-gusseisen.html\",\"name\":\"Hochdruck-Wasserpumpe aus Gusseisen &#8211; Excalibur Generator\",\"isPartOf\":{\"@id\":\"https:\/\/www.excalibur-generator.com\/de\/#website\"},\"primaryImageOfPage\":{\"@id\":\"https:\/\/www.excalibur-generator.com\/de\/hochdruck-wasserpumpe-aus-gusseisen.html#primaryimage\"},\"image\":{\"@id\":\"https:\/\/www.excalibur-generator.com\/de\/hochdruck-wasserpumpe-aus-gusseisen.html#primaryimage\"},\"thumbnailUrl\":\"https:\/\/www.excalibur-generator.com\/wp-content\/uploads\/2024\/05\/High-Pressure-Cast-Iron-Water-Pump.jpg\",\"datePublished\":\"2024-05-23T09:22:27+00:00\",\"description\":\"Langlebige Hochdruck-Wasserpumpe aus Gusseisen f\u00fcr effizienten Wassertransfer. Die robuste Konstruktion gew\u00e4hrleistet Zuverl\u00e4ssigkeit und eignet sich ideal f\u00fcr verschiedene Anwendungen, von der Bew\u00e4sserung bis zum industriellen Einsatz.\",\"breadcrumb\":{\"@id\":\"https:\/\/www.excalibur-generator.com\/de\/hochdruck-wasserpumpe-aus-gusseisen.html#breadcrumb\"},\"inLanguage\":\"de\",\"potentialAction\":[{\"@type\":\"ReadAction\",\"target\":[\"https:\/\/www.excalibur-generator.com\/de\/hochdruck-wasserpumpe-aus-gusseisen.html\"]}]},{\"@type\":\"ImageObject\",\"inLanguage\":\"de\",\"@id\":\"https:\/\/www.excalibur-generator.com\/de\/hochdruck-wasserpumpe-aus-gusseisen.html#primaryimage\",\"url\":\"https:\/\/www.excalibur-generator.com\/wp-content\/uploads\/2024\/05\/High-Pressure-Cast-Iron-Water-Pump.jpg\",\"contentUrl\":\"https:\/\/www.excalibur-generator.com\/wp-content\/uploads\/2024\/05\/High-Pressure-Cast-Iron-Water-Pump.jpg\",\"width\":800,\"height\":800,\"caption\":\"High-Pressure-Cast-Iron-Water-Pump\"},{\"@type\":\"BreadcrumbList\",\"@id\":\"https:\/\/www.excalibur-generator.com\/de\/hochdruck-wasserpumpe-aus-gusseisen.html#breadcrumb\",\"itemListElement\":[{\"@type\":\"ListItem\",\"position\":1,\"name\":\"Home\",\"item\":\"https:\/\/www.excalibur-generator.com\/de\/\"},{\"@type\":\"ListItem\",\"position\":2,\"name\":\"Produkte\",\"item\":\"https:\/\/www.excalibur-generator.com\/de\/produkte.html\"},{\"@type\":\"ListItem\",\"position\":3,\"name\":\"Hochdruck-Wasserpumpe aus Gusseisen\"}]},{\"@type\":\"WebSite\",\"@id\":\"https:\/\/www.excalibur-generator.com\/de\/#website\",\"url\":\"https:\/\/www.excalibur-generator.com\/de\/\",\"name\":\"Excalibur Generator\",\"description\":\"\",\"publisher\":{\"@id\":\"https:\/\/www.excalibur-generator.com\/de\/#organization\"},\"potentialAction\":[{\"@type\":\"SearchAction\",\"target\":{\"@type\":\"EntryPoint\",\"urlTemplate\":\"https:\/\/www.excalibur-generator.com\/de\/?s={search_term_string}\"},\"query-input\":{\"@type\":\"PropertyValueSpecification\",\"valueRequired\":true,\"valueName\":\"search_term_string\"}}],\"inLanguage\":\"de\"},{\"@type\":\"Organization\",\"@id\":\"https:\/\/www.excalibur-generator.com\/de\/#organization\",\"name\":\"Excalibur Generator\",\"url\":\"https:\/\/www.excalibur-generator.com\/de\/\",\"logo\":{\"@type\":\"ImageObject\",\"inLanguage\":\"de\",\"@id\":\"https:\/\/www.excalibur-generator.com\/de\/#\/schema\/logo\/image\/\",\"url\":\"https:\/\/www.excalibur-generator.com\/wp-content\/uploads\/2024\/05\/EXCALIBUR.png\",\"contentUrl\":\"https:\/\/www.excalibur-generator.com\/wp-content\/uploads\/2024\/05\/EXCALIBUR.png\",\"width\":350,\"height\":79,\"caption\":\"Excalibur Generator\"},\"image\":{\"@id\":\"https:\/\/www.excalibur-generator.com\/de\/#\/schema\/logo\/image\/\"}}]}<\/script>\n<!-- \/ Yoast SEO plugin. -->","yoast_head_json":{"title":"Hochdruck-Wasserpumpe aus Gusseisen &#8211; Excalibur Generator","description":"Langlebige Hochdruck-Wasserpumpe aus Gusseisen f\u00fcr effizienten Wassertransfer. Die robuste Konstruktion gew\u00e4hrleistet Zuverl\u00e4ssigkeit und eignet sich ideal f\u00fcr verschiedene Anwendungen, von der Bew\u00e4sserung bis zum industriellen Einsatz.","robots":{"index":"index","follow":"follow","max-snippet":"max-snippet:-1","max-image-preview":"max-image-preview:large","max-video-preview":"max-video-preview:-1"},"canonical":"https:\/\/www.excalibur-generator.com\/de\/hochdruck-wasserpumpe-aus-gusseisen.html","schema":{"@context":"https:\/\/schema.org","@graph":[{"@type":"WebPage","@id":"https:\/\/www.excalibur-generator.com\/de\/hochdruck-wasserpumpe-aus-gusseisen.html","url":"https:\/\/www.excalibur-generator.com\/de\/hochdruck-wasserpumpe-aus-gusseisen.html","name":"Hochdruck-Wasserpumpe aus Gusseisen &#8211; Excalibur Generator","isPartOf":{"@id":"https:\/\/www.excalibur-generator.com\/de\/#website"},"primaryImageOfPage":{"@id":"https:\/\/www.excalibur-generator.com\/de\/hochdruck-wasserpumpe-aus-gusseisen.html#primaryimage"},"image":{"@id":"https:\/\/www.excalibur-generator.com\/de\/hochdruck-wasserpumpe-aus-gusseisen.html#primaryimage"},"thumbnailUrl":"https:\/\/www.excalibur-generator.com\/wp-content\/uploads\/2024\/05\/High-Pressure-Cast-Iron-Water-Pump.jpg","datePublished":"2024-05-23T09:22:27+00:00","description":"Langlebige Hochdruck-Wasserpumpe aus Gusseisen f\u00fcr effizienten Wassertransfer. Die robuste Konstruktion gew\u00e4hrleistet Zuverl\u00e4ssigkeit und eignet sich ideal f\u00fcr verschiedene Anwendungen, von der Bew\u00e4sserung bis zum industriellen Einsatz.","breadcrumb":{"@id":"https:\/\/www.excalibur-generator.com\/de\/hochdruck-wasserpumpe-aus-gusseisen.html#breadcrumb"},"inLanguage":"de","potentialAction":[{"@type":"ReadAction","target":["https:\/\/www.excalibur-generator.com\/de\/hochdruck-wasserpumpe-aus-gusseisen.html"]}]},{"@type":"ImageObject","inLanguage":"de","@id":"https:\/\/www.excalibur-generator.com\/de\/hochdruck-wasserpumpe-aus-gusseisen.html#primaryimage","url":"https:\/\/www.excalibur-generator.com\/wp-content\/uploads\/2024\/05\/High-Pressure-Cast-Iron-Water-Pump.jpg","contentUrl":"https:\/\/www.excalibur-generator.com\/wp-content\/uploads\/2024\/05\/High-Pressure-Cast-Iron-Water-Pump.jpg","width":800,"height":800,"caption":"High-Pressure-Cast-Iron-Water-Pump"},{"@type":"BreadcrumbList","@id":"https:\/\/www.excalibur-generator.com\/de\/hochdruck-wasserpumpe-aus-gusseisen.html#breadcrumb","itemListElement":[{"@type":"ListItem","position":1,"name":"Home","item":"https:\/\/www.excalibur-generator.com\/de\/"},{"@type":"ListItem","position":2,"name":"Produkte","item":"https:\/\/www.excalibur-generator.com\/de\/produkte.html"},{"@type":"ListItem","position":3,"name":"Hochdruck-Wasserpumpe aus Gusseisen"}]},{"@type":"WebSite","@id":"https:\/\/www.excalibur-generator.com\/de\/#website","url":"https:\/\/www.excalibur-generator.com\/de\/","name":"Excalibur Generator","description":"","publisher":{"@id":"https:\/\/www.excalibur-generator.com\/de\/#organization"},"potentialAction":[{"@type":"SearchAction","target":{"@type":"EntryPoint","urlTemplate":"https:\/\/www.excalibur-generator.com\/de\/?s={search_term_string}"},"query-input":{"@type":"PropertyValueSpecification","valueRequired":true,"valueName":"search_term_string"}}],"inLanguage":"de"},{"@type":"Organization","@id":"https:\/\/www.excalibur-generator.com\/de\/#organization","name":"Excalibur Generator","url":"https:\/\/www.excalibur-generator.com\/de\/","logo":{"@type":"ImageObject","inLanguage":"de","@id":"https:\/\/www.excalibur-generator.com\/de\/#\/schema\/logo\/image\/","url":"https:\/\/www.excalibur-generator.com\/wp-content\/uploads\/2024\/05\/EXCALIBUR.png","contentUrl":"https:\/\/www.excalibur-generator.com\/wp-content\/uploads\/2024\/05\/EXCALIBUR.png","width":350,"height":79,"caption":"Excalibur Generator"},"image":{"@id":"https:\/\/www.excalibur-generator.com\/de\/#\/schema\/logo\/image\/"}}]}},"_links":{"self":[{"href":"https:\/\/www.excalibur-generator.com\/de\/wp-json\/wp\/v2\/product\/9729","targetHints":{"allow":["GET"]}}],"collection":[{"href":"https:\/\/www.excalibur-generator.com\/de\/wp-json\/wp\/v2\/product"}],"about":[{"href":"https:\/\/www.excalibur-generator.com\/de\/wp-json\/wp\/v2\/types\/product"}],"replies":[{"embeddable":true,"href":"https:\/\/www.excalibur-generator.com\/de\/wp-json\/wp\/v2\/comments?post=9729"}],"wp:featuredmedia":[{"embeddable":true,"href":"https:\/\/www.excalibur-generator.com\/de\/wp-json\/wp\/v2\/media\/9730"}],"wp:attachment":[{"href":"https:\/\/www.excalibur-generator.com\/de\/wp-json\/wp\/v2\/media?parent=9729"}],"wp:term":[{"taxonomy":"product_brand","embeddable":true,"href":"https:\/\/www.excalibur-generator.com\/de\/wp-json\/wp\/v2\/product_brand?post=9729"},{"taxonomy":"product_cat","embeddable":true,"href":"https:\/\/www.excalibur-generator.com\/de\/wp-json\/wp\/v2\/product_cat?post=9729"},{"taxonomy":"product_tag","embeddable":true,"href":"https:\/\/www.excalibur-generator.com\/de\/wp-json\/wp\/v2\/product_tag?post=9729"}],"curies":[{"name":"wp","href":"https:\/\/api.w.org\/{rel}","templated":true}]}}