{"id":9733,"date":"2024-05-23T16:42:31","date_gmt":"2024-05-23T08:42:31","guid":{"rendered":"https:\/\/www.excalibur-generator.com\/hochdruck-aluminiumpumpe\/"},"modified":"2024-05-23T16:42:31","modified_gmt":"2024-05-23T08:42:31","slug":"hochdruck-aluminiumpumpe","status":"publish","type":"product","link":"https:\/\/www.excalibur-generator.com\/de\/hochdruck-aluminiumpumpe.html","title":{"rendered":"Hochdruck-Aluminiumpumpe"},"content":{"rendered":"<table>\n<colgroup>\n<col>\n<col>\n<col>\n<col>\n<col>\n<col>\n<col><\/colgroup>\n<tbody>\n<tr class=\"firstRow\">\n<td><\/td>\n<td colspan=\"3\">TYP GASOLIN<\/td>\n<td colspan=\"3\">DIESEL-TYP<\/td>\n<\/tr>\n<tr>\n<td>Modell<\/td>\n<td>SHP-15B<\/td>\n<td>SHP-20B<\/td>\n<td>SHP-30B<\/td>\n<td>SHP-15D<\/td>\n<td>SHP-20D<\/td>\n<td>SHP-30D<\/td>\n<\/tr>\n<tr>\n<td>Typ<\/td>\n<td colspan=\"6\">Selbstansaugende Zentrifugalpumpe<\/td>\n<\/tr>\n<tr>\n<td>Saugleistung (Zoll)<\/td>\n<td>1*1.5<\/td>\n<td>1*2<\/td>\n<td>1*3<\/td>\n<td>1*1.5<\/td>\n<td>1*2<\/td>\n<td>1*3<\/td>\n<\/tr>\n<tr>\n<td>Lieferung (Zoll)<\/td>\n<td>1*1,5 Zoll+2*1 Zoll<\/td>\n<td>1*2Zoll+2*1,5 Zoll<\/td>\n<td>1*3 Zoll<\/td>\n<td>1*1,5 Zoll+2*1 Zoll<\/td>\n<td>1*2Zoll+2*1,5 Zoll<\/td>\n<td>1*3 Zoll<\/td>\n<\/tr>\n<tr>\n<td>Gesamth\u00f6he (m)<\/td>\n<td>55<\/td>\n<td>65<\/td>\n<td>80<\/td>\n<td>55<\/td>\n<td>65<\/td>\n<td>80<\/td>\n<\/tr>\n<tr>\n<td>Saugh\u00f6he (m)<\/td>\n<td>7<\/td>\n<td>7<\/td>\n<td>7<\/td>\n<td>7<\/td>\n<td>7<\/td>\n<td>7<\/td>\n<\/tr>\n<tr>\n<td>Max. F\u00f6rdermenge (m3\/h)<\/td>\n<td>20<\/td>\n<td>30<\/td>\n<td>40<\/td>\n<td>20<\/td>\n<td>30<\/td>\n<td>40<\/td>\n<\/tr>\n<tr>\n<td>Gleitringdichtung<\/td>\n<td colspan=\"6\">Keramik-Carbon<\/td>\n<\/tr>\n<tr>\n<td>Motormodell<\/td>\n<td colspan=\"2\">S200F 6.5hp<\/td>\n<td>S390F 13hp<\/td>\n<td>S173F(E)<\/td>\n<td>S178F(E)<\/td>\n<td>S186FA(E)<\/td>\n<\/tr>\n<tr>\n<td>Kraftstofftankinhalt (L)<\/td>\n<td>3.6<\/td>\n<td>3.6<\/td>\n<td>6.5<\/td>\n<td>2.5<\/td>\n<td>3.5<\/td>\n<td>5.5<\/td>\n<\/tr>\n<tr>\n<td>Startsystem<\/td>\n<td colspan=\"3\">Manueller Start<\/td>\n<td colspan=\"3\">Manueller Start oder elektrischer Start<\/td>\n<\/tr>\n<tr>\n<td>Verpackungsgr\u00f6\u00dfe (L*B*H) mm<\/td>\n<td>535*490*465<\/td>\n<td>510*380*450<\/td>\n<td>620*535*545<\/td>\n<td>520*420*380<\/td>\n<td>570*465*560<\/td>\n<td>690*535*560<\/td>\n<\/tr>\n<tr>\n<td>Nettogewicht (kg)<\/td>\n<td>30<\/td>\n<td>28<\/td>\n<td>50<\/td>\n<td>32<\/td>\n<td>45<\/td>\n<td>64<\/td>\n<\/tr>\n<\/tbody>\n<\/table>\n","protected":false},"excerpt":{"rendered":"<p>TYP GASOLIN DIESEL-TYP Modell SHP-15B SHP-20B SHP-30B SHP-15D SHP-20D SHP-30D Typ Selbstansaugende Zentrifugalpumpe Saugleistung (Zoll) 1*1.5 1*2 1*3 1*1.5 1*2 1*3 Lieferung (Zoll) 1*1,5 Zoll+2*1 Zoll 1*2Zoll+2*1,5 Zoll 1*3 Zoll 1*1,5 Zoll+2*1 Zoll 1*2Zoll+2*1,5 Zoll 1*3 Zoll Gesamth\u00f6he (m) 55 65 80 55 65 80 Saugh\u00f6he (m) 7 7 7 7 7 7 Max. F\u00f6rdermenge (m3\/h) 20 30 40 20 30 40 Gleitringdichtung Keramik-Carbon Motormodell S200F 6.5hp S390F 13hp S173F(E) S178F(E) S186FA(E) Kraftstofftankinhalt (L) 3.6 3.6 6.5 2.5 3.5 5.5 Startsystem Manueller Start Manueller Start oder elektrischer Start Verpackungsgr\u00f6\u00dfe (L*B*H) mm 535*490*465 510*380*450 620*535*545 520*420*380 570*465*560 690*535*560 Nettogewicht (kg) 30 28 50 32 45 64<\/p>\n","protected":false},"featured_media":9734,"comment_status":"open","ping_status":"closed","template":"","meta":{"site-sidebar-layout":"default","site-content-layout":"","ast-site-content-layout":"default","site-content-style":"default","site-sidebar-style":"default","ast-global-header-display":"","ast-banner-title-visibility":"","ast-main-header-display":"","ast-hfb-above-header-display":"","ast-hfb-below-header-display":"","ast-hfb-mobile-header-display":"","site-post-title":"","ast-breadcrumbs-content":"","ast-featured-img":"","footer-sml-layout":"","theme-transparent-header-meta":"default","adv-header-id-meta":"","stick-header-meta":"","header-above-stick-meta":"","header-main-stick-meta":"","header-below-stick-meta":"","astra-migrate-meta-layouts":"default","ast-page-background-enabled":"default","ast-page-background-meta":{"desktop":{"background-color":"var(--ast-global-color-4)","background-image":"","background-repeat":"repeat","background-position":"center center","background-size":"auto","background-attachment":"scroll","background-type":"","background-media":"","overlay-type":"","overlay-color":"","overlay-opacity":"","overlay-gradient":""},"tablet":{"background-color":"","background-image":"","background-repeat":"repeat","background-position":"center center","background-size":"auto","background-attachment":"scroll","background-type":"","background-media":"","overlay-type":"","overlay-color":"","overlay-opacity":"","overlay-gradient":""},"mobile":{"background-color":"","background-image":"","background-repeat":"repeat","background-position":"center center","background-size":"auto","background-attachment":"scroll","background-type":"","background-media":"","overlay-type":"","overlay-color":"","overlay-opacity":"","overlay-gradient":""}},"ast-content-background-meta":{"desktop":{"background-color":"var(--ast-global-color-5)","background-image":"","background-repeat":"repeat","background-position":"center center","background-size":"auto","background-attachment":"scroll","background-type":"","background-media":"","overlay-type":"","overlay-color":"","overlay-opacity":"","overlay-gradient":""},"tablet":{"background-color":"var(--ast-global-color-5)","background-image":"","background-repeat":"repeat","background-position":"center center","background-size":"auto","background-attachment":"scroll","background-type":"","background-media":"","overlay-type":"","overlay-color":"","overlay-opacity":"","overlay-gradient":""},"mobile":{"background-color":"var(--ast-global-color-5)","background-image":"","background-repeat":"repeat","background-position":"center center","background-size":"auto","background-attachment":"scroll","background-type":"","background-media":"","overlay-type":"","overlay-color":"","overlay-opacity":"","overlay-gradient":""}}},"product_brand":[],"product_cat":[95],"product_tag":[],"class_list":{"0":"post-9733","1":"product","2":"type-product","3":"status-publish","4":"has-post-thumbnail","6":"product_cat-unkategorisiert","7":"desktop-align-left","8":"tablet-align-left","9":"mobile-align-left","11":"first","12":"instock","13":"shipping-taxable","14":"product-type-simple"},"yoast_head":"<!-- This site is optimized with the Yoast SEO plugin v26.5 - https:\/\/yoast.com\/wordpress\/plugins\/seo\/ -->\n<title>Hochdruck-Aluminiumpumpe &#8211; Excalibur Generator<\/title>\n<meta name=\"description\" content=\"Die Hochdruckpumpe aus Aluminium bietet \u00fcberragende Leistung, Haltbarkeit und leichte Tragbarkeit f\u00fcr eine effiziente Wasserf\u00f6rderung und ist daher ideal f\u00fcr verschiedene Anwendungen in anspruchsvollen Umgebungen.\" \/>\n<meta name=\"robots\" content=\"index, follow, max-snippet:-1, max-image-preview:large, max-video-preview:-1\" \/>\n<link rel=\"canonical\" href=\"https:\/\/www.excalibur-generator.com\/de\/hochdruck-aluminiumpumpe.html\" \/>\n<script type=\"application\/ld+json\" class=\"yoast-schema-graph\">{\"@context\":\"https:\/\/schema.org\",\"@graph\":[{\"@type\":\"WebPage\",\"@id\":\"https:\/\/www.excalibur-generator.com\/de\/hochdruck-aluminiumpumpe.html\",\"url\":\"https:\/\/www.excalibur-generator.com\/de\/hochdruck-aluminiumpumpe.html\",\"name\":\"Hochdruck-Aluminiumpumpe &#8211; Excalibur Generator\",\"isPartOf\":{\"@id\":\"https:\/\/www.excalibur-generator.com\/de\/#website\"},\"primaryImageOfPage\":{\"@id\":\"https:\/\/www.excalibur-generator.com\/de\/hochdruck-aluminiumpumpe.html#primaryimage\"},\"image\":{\"@id\":\"https:\/\/www.excalibur-generator.com\/de\/hochdruck-aluminiumpumpe.html#primaryimage\"},\"thumbnailUrl\":\"https:\/\/www.excalibur-generator.com\/wp-content\/uploads\/2024\/05\/High-Pressure-Aluminum-Pump.jpg\",\"datePublished\":\"2024-05-23T08:42:31+00:00\",\"description\":\"Die Hochdruckpumpe aus Aluminium bietet \u00fcberragende Leistung, Haltbarkeit und leichte Tragbarkeit f\u00fcr eine effiziente Wasserf\u00f6rderung und ist daher ideal f\u00fcr verschiedene Anwendungen in anspruchsvollen Umgebungen.\",\"breadcrumb\":{\"@id\":\"https:\/\/www.excalibur-generator.com\/de\/hochdruck-aluminiumpumpe.html#breadcrumb\"},\"inLanguage\":\"de\",\"potentialAction\":[{\"@type\":\"ReadAction\",\"target\":[\"https:\/\/www.excalibur-generator.com\/de\/hochdruck-aluminiumpumpe.html\"]}]},{\"@type\":\"ImageObject\",\"inLanguage\":\"de\",\"@id\":\"https:\/\/www.excalibur-generator.com\/de\/hochdruck-aluminiumpumpe.html#primaryimage\",\"url\":\"https:\/\/www.excalibur-generator.com\/wp-content\/uploads\/2024\/05\/High-Pressure-Aluminum-Pump.jpg\",\"contentUrl\":\"https:\/\/www.excalibur-generator.com\/wp-content\/uploads\/2024\/05\/High-Pressure-Aluminum-Pump.jpg\",\"width\":800,\"height\":800,\"caption\":\"High-Pressure-Aluminum-Pump\"},{\"@type\":\"BreadcrumbList\",\"@id\":\"https:\/\/www.excalibur-generator.com\/de\/hochdruck-aluminiumpumpe.html#breadcrumb\",\"itemListElement\":[{\"@type\":\"ListItem\",\"position\":1,\"name\":\"Home\",\"item\":\"https:\/\/www.excalibur-generator.com\/de\/\"},{\"@type\":\"ListItem\",\"position\":2,\"name\":\"Produkte\",\"item\":\"https:\/\/www.excalibur-generator.com\/de\/produkte.html\"},{\"@type\":\"ListItem\",\"position\":3,\"name\":\"Hochdruck-Aluminiumpumpe\"}]},{\"@type\":\"WebSite\",\"@id\":\"https:\/\/www.excalibur-generator.com\/de\/#website\",\"url\":\"https:\/\/www.excalibur-generator.com\/de\/\",\"name\":\"Excalibur Generator\",\"description\":\"\",\"publisher\":{\"@id\":\"https:\/\/www.excalibur-generator.com\/de\/#organization\"},\"potentialAction\":[{\"@type\":\"SearchAction\",\"target\":{\"@type\":\"EntryPoint\",\"urlTemplate\":\"https:\/\/www.excalibur-generator.com\/de\/?s={search_term_string}\"},\"query-input\":{\"@type\":\"PropertyValueSpecification\",\"valueRequired\":true,\"valueName\":\"search_term_string\"}}],\"inLanguage\":\"de\"},{\"@type\":\"Organization\",\"@id\":\"https:\/\/www.excalibur-generator.com\/de\/#organization\",\"name\":\"Excalibur Generator\",\"url\":\"https:\/\/www.excalibur-generator.com\/de\/\",\"logo\":{\"@type\":\"ImageObject\",\"inLanguage\":\"de\",\"@id\":\"https:\/\/www.excalibur-generator.com\/de\/#\/schema\/logo\/image\/\",\"url\":\"https:\/\/www.excalibur-generator.com\/wp-content\/uploads\/2024\/05\/EXCALIBUR.png\",\"contentUrl\":\"https:\/\/www.excalibur-generator.com\/wp-content\/uploads\/2024\/05\/EXCALIBUR.png\",\"width\":350,\"height\":79,\"caption\":\"Excalibur Generator\"},\"image\":{\"@id\":\"https:\/\/www.excalibur-generator.com\/de\/#\/schema\/logo\/image\/\"}}]}<\/script>\n<!-- \/ Yoast SEO plugin. -->","yoast_head_json":{"title":"Hochdruck-Aluminiumpumpe &#8211; Excalibur Generator","description":"Die Hochdruckpumpe aus Aluminium bietet \u00fcberragende Leistung, Haltbarkeit und leichte Tragbarkeit f\u00fcr eine effiziente Wasserf\u00f6rderung und ist daher ideal f\u00fcr verschiedene Anwendungen in anspruchsvollen Umgebungen.","robots":{"index":"index","follow":"follow","max-snippet":"max-snippet:-1","max-image-preview":"max-image-preview:large","max-video-preview":"max-video-preview:-1"},"canonical":"https:\/\/www.excalibur-generator.com\/de\/hochdruck-aluminiumpumpe.html","schema":{"@context":"https:\/\/schema.org","@graph":[{"@type":"WebPage","@id":"https:\/\/www.excalibur-generator.com\/de\/hochdruck-aluminiumpumpe.html","url":"https:\/\/www.excalibur-generator.com\/de\/hochdruck-aluminiumpumpe.html","name":"Hochdruck-Aluminiumpumpe &#8211; Excalibur Generator","isPartOf":{"@id":"https:\/\/www.excalibur-generator.com\/de\/#website"},"primaryImageOfPage":{"@id":"https:\/\/www.excalibur-generator.com\/de\/hochdruck-aluminiumpumpe.html#primaryimage"},"image":{"@id":"https:\/\/www.excalibur-generator.com\/de\/hochdruck-aluminiumpumpe.html#primaryimage"},"thumbnailUrl":"https:\/\/www.excalibur-generator.com\/wp-content\/uploads\/2024\/05\/High-Pressure-Aluminum-Pump.jpg","datePublished":"2024-05-23T08:42:31+00:00","description":"Die Hochdruckpumpe aus Aluminium bietet \u00fcberragende Leistung, Haltbarkeit und leichte Tragbarkeit f\u00fcr eine effiziente Wasserf\u00f6rderung und ist daher ideal f\u00fcr verschiedene Anwendungen in anspruchsvollen Umgebungen.","breadcrumb":{"@id":"https:\/\/www.excalibur-generator.com\/de\/hochdruck-aluminiumpumpe.html#breadcrumb"},"inLanguage":"de","potentialAction":[{"@type":"ReadAction","target":["https:\/\/www.excalibur-generator.com\/de\/hochdruck-aluminiumpumpe.html"]}]},{"@type":"ImageObject","inLanguage":"de","@id":"https:\/\/www.excalibur-generator.com\/de\/hochdruck-aluminiumpumpe.html#primaryimage","url":"https:\/\/www.excalibur-generator.com\/wp-content\/uploads\/2024\/05\/High-Pressure-Aluminum-Pump.jpg","contentUrl":"https:\/\/www.excalibur-generator.com\/wp-content\/uploads\/2024\/05\/High-Pressure-Aluminum-Pump.jpg","width":800,"height":800,"caption":"High-Pressure-Aluminum-Pump"},{"@type":"BreadcrumbList","@id":"https:\/\/www.excalibur-generator.com\/de\/hochdruck-aluminiumpumpe.html#breadcrumb","itemListElement":[{"@type":"ListItem","position":1,"name":"Home","item":"https:\/\/www.excalibur-generator.com\/de\/"},{"@type":"ListItem","position":2,"name":"Produkte","item":"https:\/\/www.excalibur-generator.com\/de\/produkte.html"},{"@type":"ListItem","position":3,"name":"Hochdruck-Aluminiumpumpe"}]},{"@type":"WebSite","@id":"https:\/\/www.excalibur-generator.com\/de\/#website","url":"https:\/\/www.excalibur-generator.com\/de\/","name":"Excalibur Generator","description":"","publisher":{"@id":"https:\/\/www.excalibur-generator.com\/de\/#organization"},"potentialAction":[{"@type":"SearchAction","target":{"@type":"EntryPoint","urlTemplate":"https:\/\/www.excalibur-generator.com\/de\/?s={search_term_string}"},"query-input":{"@type":"PropertyValueSpecification","valueRequired":true,"valueName":"search_term_string"}}],"inLanguage":"de"},{"@type":"Organization","@id":"https:\/\/www.excalibur-generator.com\/de\/#organization","name":"Excalibur Generator","url":"https:\/\/www.excalibur-generator.com\/de\/","logo":{"@type":"ImageObject","inLanguage":"de","@id":"https:\/\/www.excalibur-generator.com\/de\/#\/schema\/logo\/image\/","url":"https:\/\/www.excalibur-generator.com\/wp-content\/uploads\/2024\/05\/EXCALIBUR.png","contentUrl":"https:\/\/www.excalibur-generator.com\/wp-content\/uploads\/2024\/05\/EXCALIBUR.png","width":350,"height":79,"caption":"Excalibur Generator"},"image":{"@id":"https:\/\/www.excalibur-generator.com\/de\/#\/schema\/logo\/image\/"}}]}},"_links":{"self":[{"href":"https:\/\/www.excalibur-generator.com\/de\/wp-json\/wp\/v2\/product\/9733","targetHints":{"allow":["GET"]}}],"collection":[{"href":"https:\/\/www.excalibur-generator.com\/de\/wp-json\/wp\/v2\/product"}],"about":[{"href":"https:\/\/www.excalibur-generator.com\/de\/wp-json\/wp\/v2\/types\/product"}],"replies":[{"embeddable":true,"href":"https:\/\/www.excalibur-generator.com\/de\/wp-json\/wp\/v2\/comments?post=9733"}],"wp:featuredmedia":[{"embeddable":true,"href":"https:\/\/www.excalibur-generator.com\/de\/wp-json\/wp\/v2\/media\/9734"}],"wp:attachment":[{"href":"https:\/\/www.excalibur-generator.com\/de\/wp-json\/wp\/v2\/media?parent=9733"}],"wp:term":[{"taxonomy":"product_brand","embeddable":true,"href":"https:\/\/www.excalibur-generator.com\/de\/wp-json\/wp\/v2\/product_brand?post=9733"},{"taxonomy":"product_cat","embeddable":true,"href":"https:\/\/www.excalibur-generator.com\/de\/wp-json\/wp\/v2\/product_cat?post=9733"},{"taxonomy":"product_tag","embeddable":true,"href":"https:\/\/www.excalibur-generator.com\/de\/wp-json\/wp\/v2\/product_tag?post=9733"}],"curies":[{"name":"wp","href":"https:\/\/api.w.org\/{rel}","templated":true}]}}