{"id":9735,"date":"2024-05-23T16:38:41","date_gmt":"2024-05-23T08:38:41","guid":{"rendered":"https:\/\/www.excalibur-generator.com\/hochdruckpumpe-aus-gusseisen\/"},"modified":"2024-05-23T16:38:41","modified_gmt":"2024-05-23T08:38:41","slug":"hochdruckpumpe-aus-gusseisen","status":"publish","type":"product","link":"https:\/\/www.excalibur-generator.com\/de\/hochdruckpumpe-aus-gusseisen.html","title":{"rendered":"Hochdruckpumpe aus Gusseisen"},"content":{"rendered":"<table width=\"1064\">\n<colgroup>\n<col span=\"2\">\n<col span=\"3\">\n<col>\n<col>\n<col>\n<col><\/colgroup>\n<tbody>\n<tr class=\"firstRow\">\n<td><\/td>\n<td colspan=\"3\">Diesel Typ<\/td>\n<td colspan=\"3\">Benzin Typ<\/td>\n<td colspan=\"2\">Zweizylinder Diesel Typ<\/td>\n<\/tr>\n<tr>\n<td>Modell<\/td>\n<td>SHP5ODEI<\/td>\n<td>SHP8ODEI<\/td>\n<td>SHP100DEI<\/td>\n<td>SHP50BI<\/td>\n<td>SHP80BI<\/td>\n<td>SHP100BI<\/td>\n<td>SHP8ODEI<\/td>\n<td>SHP100DEI<\/td>\n<\/tr>\n<tr>\n<td>Typ<\/td>\n<td colspan=\"6\">Selbstansaugende Zentrifugalpumpe<\/td>\n<td colspan=\"2\">Selbstansaugende Zentrifugalpumpe<\/td>\n<\/tr>\n<tr>\n<td>Saug-*Druck (mm) (Zoll)<\/td>\n<td>50*50\/2*2<\/td>\n<td>80*80\/3*3<\/td>\n<td>100*100\/4*4<\/td>\n<td>50*50\/2*2<\/td>\n<td>80*80\/3*3<\/td>\n<td>100*100\/4*4<\/td>\n<td>80*80<\/td>\n<td>100*100<\/td>\n<\/tr>\n<tr>\n<td>Gesamth\u00f6he (m)<\/td>\n<td>85<\/td>\n<td>75<\/td>\n<td>55<\/td>\n<td>85<\/td>\n<td>75<\/td>\n<td>55<\/td>\n<td>95<\/td>\n<td>85<\/td>\n<\/tr>\n<tr>\n<td>Saugh\u00f6he (m)<\/td>\n<td>6<\/td>\n<td>6<\/td>\n<td>6<\/td>\n<td>6<\/td>\n<td>6<\/td>\n<td>6<\/td>\n<td>6<\/td>\n<td>6<\/td>\n<\/tr>\n<tr>\n<td>Max. F\u00f6rdermenge (m3\/h)<\/td>\n<td>35<\/td>\n<td>42<\/td>\n<td>120<\/td>\n<td>35<\/td>\n<td>42<\/td>\n<td>120<\/td>\n<td>101<\/td>\n<td>120<\/td>\n<\/tr>\n<tr>\n<td>Gleitringdichtung<\/td>\n<td colspan=\"8\">Keramisch Kohle<\/td>\n<\/tr>\n<tr>\n<td>Motormodell<\/td>\n<td>S178F(E)<\/td>\n<td>S186FA(E)<\/td>\n<td>S192F(E)<\/td>\n<td>S210F<\/td>\n<td>S210F<\/td>\n<td>S420F<\/td>\n<td colspan=\"2\">SV292FE<\/td>\n<\/tr>\n<tr>\n<td>Kraftstofftankinhalt (L)<\/td>\n<td>3.5<\/td>\n<td>5.5<\/td>\n<td>5.5<\/td>\n<td>3.6<\/td>\n<td>3.6<\/td>\n<td>6.5<\/td>\n<td colspan=\"2\">12.5<\/td>\n<\/tr>\n<tr>\n<td>Startsystem<\/td>\n<td colspan=\"8\">Manueller Start\/elektrischer Start<\/td>\n<\/tr>\n<tr>\n<td>Verpackungsgr\u00f6\u00dfe (L*B*H) mm<\/td>\n<td>580*490*570<\/td>\n<td>580*490*630<\/td>\n<td>585*490*635<\/td>\n<td>470*380*450<\/td>\n<td>510*38*450<\/td>\n<td>620*535*545<\/td>\n<td colspan=\"2\" rowspan=\"2\"><\/td>\n<\/tr>\n<tr>\n<td>Nettogewicht (KG)<\/td>\n<td>50<\/td>\n<td>68<\/td>\n<td>75<\/td>\n<td>35<\/td>\n<td>42<\/td>\n<td>55<\/td>\n<\/tr>\n<\/tbody>\n<\/table>\n","protected":false},"excerpt":{"rendered":"<p>Diesel Typ Benzin Typ Zweizylinder Diesel Typ Modell SHP5ODEI SHP8ODEI SHP100DEI SHP50BI SHP80BI SHP100BI SHP8ODEI SHP100DEI Typ Selbstansaugende Zentrifugalpumpe Selbstansaugende Zentrifugalpumpe Saug-*Druck (mm) (Zoll) 50*50\/2*2 80*80\/3*3 100*100\/4*4 50*50\/2*2 80*80\/3*3 100*100\/4*4 80*80 100*100 Gesamth\u00f6he (m) 85 75 55 85 75 55 95 85 Saugh\u00f6he (m) 6 6 6 6 6 6 6 6 Max. F\u00f6rdermenge (m3\/h) 35 42 120 35 42 120 101 120 Gleitringdichtung Keramisch Kohle Motormodell S178F(E) S186FA(E) S192F(E) S210F S210F S420F SV292FE Kraftstofftankinhalt (L) 3.5 5.5 5.5 3.6 3.6 6.5 12.5 Startsystem Manueller Start\/elektrischer Start Verpackungsgr\u00f6\u00dfe (L*B*H) mm 580*490*570 580*490*630 585*490*635 470*380*450 510*38*450 620*535*545 Nettogewicht (KG) 50 68 75 35 42 55<\/p>\n","protected":false},"featured_media":9736,"comment_status":"open","ping_status":"closed","template":"","meta":{"site-sidebar-layout":"default","site-content-layout":"","ast-site-content-layout":"default","site-content-style":"default","site-sidebar-style":"default","ast-global-header-display":"","ast-banner-title-visibility":"","ast-main-header-display":"","ast-hfb-above-header-display":"","ast-hfb-below-header-display":"","ast-hfb-mobile-header-display":"","site-post-title":"","ast-breadcrumbs-content":"","ast-featured-img":"","footer-sml-layout":"","theme-transparent-header-meta":"default","adv-header-id-meta":"","stick-header-meta":"","header-above-stick-meta":"","header-main-stick-meta":"","header-below-stick-meta":"","astra-migrate-meta-layouts":"default","ast-page-background-enabled":"default","ast-page-background-meta":{"desktop":{"background-color":"var(--ast-global-color-4)","background-image":"","background-repeat":"repeat","background-position":"center center","background-size":"auto","background-attachment":"scroll","background-type":"","background-media":"","overlay-type":"","overlay-color":"","overlay-opacity":"","overlay-gradient":""},"tablet":{"background-color":"","background-image":"","background-repeat":"repeat","background-position":"center center","background-size":"auto","background-attachment":"scroll","background-type":"","background-media":"","overlay-type":"","overlay-color":"","overlay-opacity":"","overlay-gradient":""},"mobile":{"background-color":"","background-image":"","background-repeat":"repeat","background-position":"center center","background-size":"auto","background-attachment":"scroll","background-type":"","background-media":"","overlay-type":"","overlay-color":"","overlay-opacity":"","overlay-gradient":""}},"ast-content-background-meta":{"desktop":{"background-color":"var(--ast-global-color-5)","background-image":"","background-repeat":"repeat","background-position":"center center","background-size":"auto","background-attachment":"scroll","background-type":"","background-media":"","overlay-type":"","overlay-color":"","overlay-opacity":"","overlay-gradient":""},"tablet":{"background-color":"var(--ast-global-color-5)","background-image":"","background-repeat":"repeat","background-position":"center center","background-size":"auto","background-attachment":"scroll","background-type":"","background-media":"","overlay-type":"","overlay-color":"","overlay-opacity":"","overlay-gradient":""},"mobile":{"background-color":"var(--ast-global-color-5)","background-image":"","background-repeat":"repeat","background-position":"center center","background-size":"auto","background-attachment":"scroll","background-type":"","background-media":"","overlay-type":"","overlay-color":"","overlay-opacity":"","overlay-gradient":""}}},"product_brand":[],"product_cat":[95],"product_tag":[],"class_list":{"0":"post-9735","1":"product","2":"type-product","3":"status-publish","4":"has-post-thumbnail","6":"product_cat-unkategorisiert","7":"desktop-align-left","8":"tablet-align-left","9":"mobile-align-left","11":"first","12":"instock","13":"shipping-taxable","14":"product-type-simple"},"yoast_head":"<!-- This site is optimized with the Yoast SEO plugin v26.5 - https:\/\/yoast.com\/wordpress\/plugins\/seo\/ -->\n<title>Hochdruckpumpe aus Gusseisen &#8211; Excalibur Generator<\/title>\n<meta name=\"description\" content=\"Die Hochdruckpumpe aus Gusseisen bietet robuste Leistung und bew\u00e4ltigt anspruchsvolle Aufgaben mit Langlebigkeit. Ihre robuste Konstruktion gew\u00e4hrleistet lang anhaltende Effizienz in verschiedenen industriellen und gewerblichen Anwendungen.\" \/>\n<meta name=\"robots\" content=\"index, follow, max-snippet:-1, max-image-preview:large, max-video-preview:-1\" \/>\n<link rel=\"canonical\" href=\"https:\/\/www.excalibur-generator.com\/de\/hochdruckpumpe-aus-gusseisen.html\" \/>\n<script type=\"application\/ld+json\" class=\"yoast-schema-graph\">{\"@context\":\"https:\/\/schema.org\",\"@graph\":[{\"@type\":\"WebPage\",\"@id\":\"https:\/\/www.excalibur-generator.com\/de\/hochdruckpumpe-aus-gusseisen.html\",\"url\":\"https:\/\/www.excalibur-generator.com\/de\/hochdruckpumpe-aus-gusseisen.html\",\"name\":\"Hochdruckpumpe aus Gusseisen &#8211; Excalibur Generator\",\"isPartOf\":{\"@id\":\"https:\/\/www.excalibur-generator.com\/de\/#website\"},\"primaryImageOfPage\":{\"@id\":\"https:\/\/www.excalibur-generator.com\/de\/hochdruckpumpe-aus-gusseisen.html#primaryimage\"},\"image\":{\"@id\":\"https:\/\/www.excalibur-generator.com\/de\/hochdruckpumpe-aus-gusseisen.html#primaryimage\"},\"thumbnailUrl\":\"https:\/\/www.excalibur-generator.com\/wp-content\/uploads\/2024\/05\/High-Pressure-Cast-Iron-Pump.jpg\",\"datePublished\":\"2024-05-23T08:38:41+00:00\",\"description\":\"Die Hochdruckpumpe aus Gusseisen bietet robuste Leistung und bew\u00e4ltigt anspruchsvolle Aufgaben mit Langlebigkeit. Ihre robuste Konstruktion gew\u00e4hrleistet lang anhaltende Effizienz in verschiedenen industriellen und gewerblichen Anwendungen.\",\"breadcrumb\":{\"@id\":\"https:\/\/www.excalibur-generator.com\/de\/hochdruckpumpe-aus-gusseisen.html#breadcrumb\"},\"inLanguage\":\"de\",\"potentialAction\":[{\"@type\":\"ReadAction\",\"target\":[\"https:\/\/www.excalibur-generator.com\/de\/hochdruckpumpe-aus-gusseisen.html\"]}]},{\"@type\":\"ImageObject\",\"inLanguage\":\"de\",\"@id\":\"https:\/\/www.excalibur-generator.com\/de\/hochdruckpumpe-aus-gusseisen.html#primaryimage\",\"url\":\"https:\/\/www.excalibur-generator.com\/wp-content\/uploads\/2024\/05\/High-Pressure-Cast-Iron-Pump.jpg\",\"contentUrl\":\"https:\/\/www.excalibur-generator.com\/wp-content\/uploads\/2024\/05\/High-Pressure-Cast-Iron-Pump.jpg\",\"width\":800,\"height\":800,\"caption\":\"High-Pressure-Cast-Iron-Pump\"},{\"@type\":\"BreadcrumbList\",\"@id\":\"https:\/\/www.excalibur-generator.com\/de\/hochdruckpumpe-aus-gusseisen.html#breadcrumb\",\"itemListElement\":[{\"@type\":\"ListItem\",\"position\":1,\"name\":\"Home\",\"item\":\"https:\/\/www.excalibur-generator.com\/de\/\"},{\"@type\":\"ListItem\",\"position\":2,\"name\":\"Produkte\",\"item\":\"https:\/\/www.excalibur-generator.com\/de\/produkte.html\"},{\"@type\":\"ListItem\",\"position\":3,\"name\":\"Hochdruckpumpe aus Gusseisen\"}]},{\"@type\":\"WebSite\",\"@id\":\"https:\/\/www.excalibur-generator.com\/de\/#website\",\"url\":\"https:\/\/www.excalibur-generator.com\/de\/\",\"name\":\"Excalibur Generator\",\"description\":\"\",\"publisher\":{\"@id\":\"https:\/\/www.excalibur-generator.com\/de\/#organization\"},\"potentialAction\":[{\"@type\":\"SearchAction\",\"target\":{\"@type\":\"EntryPoint\",\"urlTemplate\":\"https:\/\/www.excalibur-generator.com\/de\/?s={search_term_string}\"},\"query-input\":{\"@type\":\"PropertyValueSpecification\",\"valueRequired\":true,\"valueName\":\"search_term_string\"}}],\"inLanguage\":\"de\"},{\"@type\":\"Organization\",\"@id\":\"https:\/\/www.excalibur-generator.com\/de\/#organization\",\"name\":\"Excalibur Generator\",\"url\":\"https:\/\/www.excalibur-generator.com\/de\/\",\"logo\":{\"@type\":\"ImageObject\",\"inLanguage\":\"de\",\"@id\":\"https:\/\/www.excalibur-generator.com\/de\/#\/schema\/logo\/image\/\",\"url\":\"https:\/\/www.excalibur-generator.com\/wp-content\/uploads\/2024\/05\/EXCALIBUR.png\",\"contentUrl\":\"https:\/\/www.excalibur-generator.com\/wp-content\/uploads\/2024\/05\/EXCALIBUR.png\",\"width\":350,\"height\":79,\"caption\":\"Excalibur Generator\"},\"image\":{\"@id\":\"https:\/\/www.excalibur-generator.com\/de\/#\/schema\/logo\/image\/\"}}]}<\/script>\n<!-- \/ Yoast SEO plugin. -->","yoast_head_json":{"title":"Hochdruckpumpe aus Gusseisen &#8211; Excalibur Generator","description":"Die Hochdruckpumpe aus Gusseisen bietet robuste Leistung und bew\u00e4ltigt anspruchsvolle Aufgaben mit Langlebigkeit. Ihre robuste Konstruktion gew\u00e4hrleistet lang anhaltende Effizienz in verschiedenen industriellen und gewerblichen Anwendungen.","robots":{"index":"index","follow":"follow","max-snippet":"max-snippet:-1","max-image-preview":"max-image-preview:large","max-video-preview":"max-video-preview:-1"},"canonical":"https:\/\/www.excalibur-generator.com\/de\/hochdruckpumpe-aus-gusseisen.html","schema":{"@context":"https:\/\/schema.org","@graph":[{"@type":"WebPage","@id":"https:\/\/www.excalibur-generator.com\/de\/hochdruckpumpe-aus-gusseisen.html","url":"https:\/\/www.excalibur-generator.com\/de\/hochdruckpumpe-aus-gusseisen.html","name":"Hochdruckpumpe aus Gusseisen &#8211; Excalibur Generator","isPartOf":{"@id":"https:\/\/www.excalibur-generator.com\/de\/#website"},"primaryImageOfPage":{"@id":"https:\/\/www.excalibur-generator.com\/de\/hochdruckpumpe-aus-gusseisen.html#primaryimage"},"image":{"@id":"https:\/\/www.excalibur-generator.com\/de\/hochdruckpumpe-aus-gusseisen.html#primaryimage"},"thumbnailUrl":"https:\/\/www.excalibur-generator.com\/wp-content\/uploads\/2024\/05\/High-Pressure-Cast-Iron-Pump.jpg","datePublished":"2024-05-23T08:38:41+00:00","description":"Die Hochdruckpumpe aus Gusseisen bietet robuste Leistung und bew\u00e4ltigt anspruchsvolle Aufgaben mit Langlebigkeit. Ihre robuste Konstruktion gew\u00e4hrleistet lang anhaltende Effizienz in verschiedenen industriellen und gewerblichen Anwendungen.","breadcrumb":{"@id":"https:\/\/www.excalibur-generator.com\/de\/hochdruckpumpe-aus-gusseisen.html#breadcrumb"},"inLanguage":"de","potentialAction":[{"@type":"ReadAction","target":["https:\/\/www.excalibur-generator.com\/de\/hochdruckpumpe-aus-gusseisen.html"]}]},{"@type":"ImageObject","inLanguage":"de","@id":"https:\/\/www.excalibur-generator.com\/de\/hochdruckpumpe-aus-gusseisen.html#primaryimage","url":"https:\/\/www.excalibur-generator.com\/wp-content\/uploads\/2024\/05\/High-Pressure-Cast-Iron-Pump.jpg","contentUrl":"https:\/\/www.excalibur-generator.com\/wp-content\/uploads\/2024\/05\/High-Pressure-Cast-Iron-Pump.jpg","width":800,"height":800,"caption":"High-Pressure-Cast-Iron-Pump"},{"@type":"BreadcrumbList","@id":"https:\/\/www.excalibur-generator.com\/de\/hochdruckpumpe-aus-gusseisen.html#breadcrumb","itemListElement":[{"@type":"ListItem","position":1,"name":"Home","item":"https:\/\/www.excalibur-generator.com\/de\/"},{"@type":"ListItem","position":2,"name":"Produkte","item":"https:\/\/www.excalibur-generator.com\/de\/produkte.html"},{"@type":"ListItem","position":3,"name":"Hochdruckpumpe aus Gusseisen"}]},{"@type":"WebSite","@id":"https:\/\/www.excalibur-generator.com\/de\/#website","url":"https:\/\/www.excalibur-generator.com\/de\/","name":"Excalibur Generator","description":"","publisher":{"@id":"https:\/\/www.excalibur-generator.com\/de\/#organization"},"potentialAction":[{"@type":"SearchAction","target":{"@type":"EntryPoint","urlTemplate":"https:\/\/www.excalibur-generator.com\/de\/?s={search_term_string}"},"query-input":{"@type":"PropertyValueSpecification","valueRequired":true,"valueName":"search_term_string"}}],"inLanguage":"de"},{"@type":"Organization","@id":"https:\/\/www.excalibur-generator.com\/de\/#organization","name":"Excalibur Generator","url":"https:\/\/www.excalibur-generator.com\/de\/","logo":{"@type":"ImageObject","inLanguage":"de","@id":"https:\/\/www.excalibur-generator.com\/de\/#\/schema\/logo\/image\/","url":"https:\/\/www.excalibur-generator.com\/wp-content\/uploads\/2024\/05\/EXCALIBUR.png","contentUrl":"https:\/\/www.excalibur-generator.com\/wp-content\/uploads\/2024\/05\/EXCALIBUR.png","width":350,"height":79,"caption":"Excalibur Generator"},"image":{"@id":"https:\/\/www.excalibur-generator.com\/de\/#\/schema\/logo\/image\/"}}]}},"_links":{"self":[{"href":"https:\/\/www.excalibur-generator.com\/de\/wp-json\/wp\/v2\/product\/9735","targetHints":{"allow":["GET"]}}],"collection":[{"href":"https:\/\/www.excalibur-generator.com\/de\/wp-json\/wp\/v2\/product"}],"about":[{"href":"https:\/\/www.excalibur-generator.com\/de\/wp-json\/wp\/v2\/types\/product"}],"replies":[{"embeddable":true,"href":"https:\/\/www.excalibur-generator.com\/de\/wp-json\/wp\/v2\/comments?post=9735"}],"wp:featuredmedia":[{"embeddable":true,"href":"https:\/\/www.excalibur-generator.com\/de\/wp-json\/wp\/v2\/media\/9736"}],"wp:attachment":[{"href":"https:\/\/www.excalibur-generator.com\/de\/wp-json\/wp\/v2\/media?parent=9735"}],"wp:term":[{"taxonomy":"product_brand","embeddable":true,"href":"https:\/\/www.excalibur-generator.com\/de\/wp-json\/wp\/v2\/product_brand?post=9735"},{"taxonomy":"product_cat","embeddable":true,"href":"https:\/\/www.excalibur-generator.com\/de\/wp-json\/wp\/v2\/product_cat?post=9735"},{"taxonomy":"product_tag","embeddable":true,"href":"https:\/\/www.excalibur-generator.com\/de\/wp-json\/wp\/v2\/product_tag?post=9735"}],"curies":[{"name":"wp","href":"https:\/\/api.w.org\/{rel}","templated":true}]}}