{"id":9737,"date":"2024-05-23T16:33:09","date_gmt":"2024-05-23T08:33:09","guid":{"rendered":"https:\/\/www.excalibur-generator.com\/12-kw-offener-wechselrichter-dieselschweisser-und-generator\/"},"modified":"2024-05-23T16:33:09","modified_gmt":"2024-05-23T08:33:09","slug":"12-kw-offener-wechselrichter-dieselschweisser-und-generator","status":"publish","type":"product","link":"https:\/\/www.excalibur-generator.com\/de\/12-kw-offener-wechselrichter-diesel-schweiser-und-generator.html","title":{"rendered":"12 kW offener Wechselrichter-Dieselschwei\u00dfer und Generator"},"content":{"rendered":"<div class=\"sliderTable mt10 mb10 sliderTable-index0\">\n<div class=\"inner\">\n<table align=\"center\">\n<colgroup>\n<col>\n<col><\/colgroup>\n<tbody>\n<tr class=\"firstRow\">\n<td>Modell<\/td>\n<td>S10000D(E)Wi \/S10000D(E)Wi3<\/td>\n<\/tr>\n<tr>\n<td>Frequenz (HZ)<\/td>\n<td>50Hz or 60Hz<\/td>\n<\/tr>\n<tr>\n<td>Nennspannung (V)<\/td>\n<td>110V,120V,220V,230V,240V,380V,400V,415V<\/td>\n<\/tr>\n<tr>\n<td>Nennleistung kW<\/td>\n<td>11.5\/12<\/td>\n<\/tr>\n<tr>\n<td>Gleichstromausgang<\/td>\n<td>12V-8.3A<\/td>\n<\/tr>\n<tr>\n<td>Leistungsfaktor<\/td>\n<td>1,0\/0,8 (dreiphasig)<\/td>\n<\/tr>\n<tr>\n<td>Schwei\u00dfspannung (DC)(V)<\/td>\n<td>20-30<\/td>\n<\/tr>\n<tr>\n<td>Nennschwei\u00dfstrom DC<\/td>\n<td>20A-300A<\/td>\n<\/tr>\n<tr>\n<td>Elektrode (mm)<\/td>\n<td>1.6-6.0<\/td>\n<\/tr>\n<tr>\n<td>Ger\u00e4uschpegel (7 m) dB (A)<\/td>\n<td>83<\/td>\n<\/tr>\n<tr>\n<td>Motormodell<\/td>\n<td>SV292FE<\/td>\n<\/tr>\n<tr>\n<td>Kraftstofftankinhalt (L)<\/td>\n<td>28<\/td>\n<\/tr>\n<tr>\n<td>Kontinuierliche Laufzeit (Std.)<\/td>\n<td>5.3<\/td>\n<\/tr>\n<tr>\n<td>Startsystem<\/td>\n<td>Elektrostart<\/td>\n<\/tr>\n<tr>\n<td>Verpackungsgr\u00f6\u00dfe (L*B*H) mm<\/td>\n<td>1010*630*920<\/td>\n<\/tr>\n<tr>\n<td>Nettogewicht (KG)<\/td>\n<td>215<\/td>\n<\/tr>\n<\/tbody>\n<\/table>\n<\/div>\n<\/div>\n","protected":false},"excerpt":{"rendered":"<p><strong>Modell:<\/strong><\/p>\n<div>S10000D(E)Wi<\/div>\n<div>S10000D(E)Wi3<\/div>\n<div><\/div>\n<div><strong>Nennleistung:<\/strong><\/div>\n<div>11.5KW\/12KW<\/div>\n<div><\/div>\n<div><strong>Nennstrom:<\/strong><\/div>\n<div>20A-300A<\/div>\n<div><\/div>\n<div><strong>Gleichstromausgang:<\/strong><\/div>\n<div>12 V \u2013 8,3 A<\/div>\n<div><\/div>\n<div><strong>Ger\u00e4uschpegel (7 m) dB(A):<\/strong><\/div>\n<div>83<\/div>\n","protected":false},"featured_media":9738,"comment_status":"open","ping_status":"closed","template":"","meta":{"site-sidebar-layout":"default","site-content-layout":"","ast-site-content-layout":"default","site-content-style":"default","site-sidebar-style":"default","ast-global-header-display":"","ast-banner-title-visibility":"","ast-main-header-display":"","ast-hfb-above-header-display":"","ast-hfb-below-header-display":"","ast-hfb-mobile-header-display":"","site-post-title":"","ast-breadcrumbs-content":"","ast-featured-img":"","footer-sml-layout":"","theme-transparent-header-meta":"default","adv-header-id-meta":"","stick-header-meta":"","header-above-stick-meta":"","header-main-stick-meta":"","header-below-stick-meta":"","astra-migrate-meta-layouts":"default","ast-page-background-enabled":"default","ast-page-background-meta":{"desktop":{"background-color":"var(--ast-global-color-4)","background-image":"","background-repeat":"repeat","background-position":"center center","background-size":"auto","background-attachment":"scroll","background-type":"","background-media":"","overlay-type":"","overlay-color":"","overlay-opacity":"","overlay-gradient":""},"tablet":{"background-color":"","background-image":"","background-repeat":"repeat","background-position":"center center","background-size":"auto","background-attachment":"scroll","background-type":"","background-media":"","overlay-type":"","overlay-color":"","overlay-opacity":"","overlay-gradient":""},"mobile":{"background-color":"","background-image":"","background-repeat":"repeat","background-position":"center center","background-size":"auto","background-attachment":"scroll","background-type":"","background-media":"","overlay-type":"","overlay-color":"","overlay-opacity":"","overlay-gradient":""}},"ast-content-background-meta":{"desktop":{"background-color":"var(--ast-global-color-5)","background-image":"","background-repeat":"repeat","background-position":"center center","background-size":"auto","background-attachment":"scroll","background-type":"","background-media":"","overlay-type":"","overlay-color":"","overlay-opacity":"","overlay-gradient":""},"tablet":{"background-color":"var(--ast-global-color-5)","background-image":"","background-repeat":"repeat","background-position":"center center","background-size":"auto","background-attachment":"scroll","background-type":"","background-media":"","overlay-type":"","overlay-color":"","overlay-opacity":"","overlay-gradient":""},"mobile":{"background-color":"var(--ast-global-color-5)","background-image":"","background-repeat":"repeat","background-position":"center center","background-size":"auto","background-attachment":"scroll","background-type":"","background-media":"","overlay-type":"","overlay-color":"","overlay-opacity":"","overlay-gradient":""}}},"product_brand":[],"product_cat":[95],"product_tag":[99],"class_list":{"0":"post-9737","1":"product","2":"type-product","3":"status-publish","4":"has-post-thumbnail","6":"product_cat-unkategorisiert","7":"product_tag-generator-offen","8":"desktop-align-left","9":"tablet-align-left","10":"mobile-align-left","12":"first","13":"instock","14":"shipping-taxable","15":"product-type-simple"},"yoast_head":"<!-- This site is optimized with the Yoast SEO plugin v26.5 - https:\/\/yoast.com\/wordpress\/plugins\/seo\/ -->\n<title>12 kW offener Wechselrichter-Dieselschwei\u00dfer und Generator &#8211; Excalibur Generator<\/title>\n<meta name=\"description\" content=\"Der offene 12-kW-Inverter-Dieselschwei\u00dfer und -Generator bietet leistungsstarke Schwei\u00df- und Stromerzeugungskapazit\u00e4t. Dank der offenen Bauweise gew\u00e4hrleisten sie Zug\u00e4nglichkeit und zuverl\u00e4ssige Leistung f\u00fcr vielf\u00e4ltige Anwendungen.\" \/>\n<meta name=\"robots\" content=\"index, follow, max-snippet:-1, max-image-preview:large, max-video-preview:-1\" \/>\n<link rel=\"canonical\" href=\"https:\/\/www.excalibur-generator.com\/de\/12-kw-offener-wechselrichter-diesel-schweiser-und-generator.html\" \/>\n<script type=\"application\/ld+json\" class=\"yoast-schema-graph\">{\"@context\":\"https:\/\/schema.org\",\"@graph\":[{\"@type\":\"WebPage\",\"@id\":\"https:\/\/www.excalibur-generator.com\/de\/12-kw-offener-wechselrichter-diesel-schweiser-und-generator.html\",\"url\":\"https:\/\/www.excalibur-generator.com\/de\/12-kw-offener-wechselrichter-diesel-schweiser-und-generator.html\",\"name\":\"12 kW offener Wechselrichter-Dieselschwei\u00dfer und Generator &#8211; Excalibur Generator\",\"isPartOf\":{\"@id\":\"https:\/\/www.excalibur-generator.com\/de\/#website\"},\"primaryImageOfPage\":{\"@id\":\"https:\/\/www.excalibur-generator.com\/de\/12-kw-offener-wechselrichter-diesel-schweiser-und-generator.html#primaryimage\"},\"image\":{\"@id\":\"https:\/\/www.excalibur-generator.com\/de\/12-kw-offener-wechselrichter-diesel-schweiser-und-generator.html#primaryimage\"},\"thumbnailUrl\":\"https:\/\/www.excalibur-generator.com\/wp-content\/uploads\/2024\/05\/inverter-diesel-welder-generator-open.webp\",\"datePublished\":\"2024-05-23T08:33:09+00:00\",\"description\":\"Der offene 12-kW-Inverter-Dieselschwei\u00dfer und -Generator bietet leistungsstarke Schwei\u00df- und Stromerzeugungskapazit\u00e4t. Dank der offenen Bauweise gew\u00e4hrleisten sie Zug\u00e4nglichkeit und zuverl\u00e4ssige Leistung f\u00fcr vielf\u00e4ltige Anwendungen.\",\"breadcrumb\":{\"@id\":\"https:\/\/www.excalibur-generator.com\/de\/12-kw-offener-wechselrichter-diesel-schweiser-und-generator.html#breadcrumb\"},\"inLanguage\":\"de\",\"potentialAction\":[{\"@type\":\"ReadAction\",\"target\":[\"https:\/\/www.excalibur-generator.com\/de\/12-kw-offener-wechselrichter-diesel-schweiser-und-generator.html\"]}]},{\"@type\":\"ImageObject\",\"inLanguage\":\"de\",\"@id\":\"https:\/\/www.excalibur-generator.com\/de\/12-kw-offener-wechselrichter-diesel-schweiser-und-generator.html#primaryimage\",\"url\":\"https:\/\/www.excalibur-generator.com\/wp-content\/uploads\/2024\/05\/inverter-diesel-welder-generator-open.webp\",\"contentUrl\":\"https:\/\/www.excalibur-generator.com\/wp-content\/uploads\/2024\/05\/inverter-diesel-welder-generator-open.webp\",\"width\":800,\"height\":800,\"caption\":\"inverter-diesel-welder-generator-open\"},{\"@type\":\"BreadcrumbList\",\"@id\":\"https:\/\/www.excalibur-generator.com\/de\/12-kw-offener-wechselrichter-diesel-schweiser-und-generator.html#breadcrumb\",\"itemListElement\":[{\"@type\":\"ListItem\",\"position\":1,\"name\":\"Home\",\"item\":\"https:\/\/www.excalibur-generator.com\/de\/\"},{\"@type\":\"ListItem\",\"position\":2,\"name\":\"Produkte\",\"item\":\"https:\/\/www.excalibur-generator.com\/de\/produkte.html\"},{\"@type\":\"ListItem\",\"position\":3,\"name\":\"12 kW offener Wechselrichter-Dieselschwei\u00dfer und Generator\"}]},{\"@type\":\"WebSite\",\"@id\":\"https:\/\/www.excalibur-generator.com\/de\/#website\",\"url\":\"https:\/\/www.excalibur-generator.com\/de\/\",\"name\":\"Excalibur Generator\",\"description\":\"\",\"publisher\":{\"@id\":\"https:\/\/www.excalibur-generator.com\/de\/#organization\"},\"potentialAction\":[{\"@type\":\"SearchAction\",\"target\":{\"@type\":\"EntryPoint\",\"urlTemplate\":\"https:\/\/www.excalibur-generator.com\/de\/?s={search_term_string}\"},\"query-input\":{\"@type\":\"PropertyValueSpecification\",\"valueRequired\":true,\"valueName\":\"search_term_string\"}}],\"inLanguage\":\"de\"},{\"@type\":\"Organization\",\"@id\":\"https:\/\/www.excalibur-generator.com\/de\/#organization\",\"name\":\"Excalibur Generator\",\"url\":\"https:\/\/www.excalibur-generator.com\/de\/\",\"logo\":{\"@type\":\"ImageObject\",\"inLanguage\":\"de\",\"@id\":\"https:\/\/www.excalibur-generator.com\/de\/#\/schema\/logo\/image\/\",\"url\":\"https:\/\/www.excalibur-generator.com\/wp-content\/uploads\/2024\/05\/EXCALIBUR.png\",\"contentUrl\":\"https:\/\/www.excalibur-generator.com\/wp-content\/uploads\/2024\/05\/EXCALIBUR.png\",\"width\":350,\"height\":79,\"caption\":\"Excalibur Generator\"},\"image\":{\"@id\":\"https:\/\/www.excalibur-generator.com\/de\/#\/schema\/logo\/image\/\"}}]}<\/script>\n<!-- \/ Yoast SEO plugin. -->","yoast_head_json":{"title":"12 kW offener Wechselrichter-Dieselschwei\u00dfer und Generator &#8211; Excalibur Generator","description":"Der offene 12-kW-Inverter-Dieselschwei\u00dfer und -Generator bietet leistungsstarke Schwei\u00df- und Stromerzeugungskapazit\u00e4t. Dank der offenen Bauweise gew\u00e4hrleisten sie Zug\u00e4nglichkeit und zuverl\u00e4ssige Leistung f\u00fcr vielf\u00e4ltige Anwendungen.","robots":{"index":"index","follow":"follow","max-snippet":"max-snippet:-1","max-image-preview":"max-image-preview:large","max-video-preview":"max-video-preview:-1"},"canonical":"https:\/\/www.excalibur-generator.com\/de\/12-kw-offener-wechselrichter-diesel-schweiser-und-generator.html","schema":{"@context":"https:\/\/schema.org","@graph":[{"@type":"WebPage","@id":"https:\/\/www.excalibur-generator.com\/de\/12-kw-offener-wechselrichter-diesel-schweiser-und-generator.html","url":"https:\/\/www.excalibur-generator.com\/de\/12-kw-offener-wechselrichter-diesel-schweiser-und-generator.html","name":"12 kW offener Wechselrichter-Dieselschwei\u00dfer und Generator &#8211; Excalibur Generator","isPartOf":{"@id":"https:\/\/www.excalibur-generator.com\/de\/#website"},"primaryImageOfPage":{"@id":"https:\/\/www.excalibur-generator.com\/de\/12-kw-offener-wechselrichter-diesel-schweiser-und-generator.html#primaryimage"},"image":{"@id":"https:\/\/www.excalibur-generator.com\/de\/12-kw-offener-wechselrichter-diesel-schweiser-und-generator.html#primaryimage"},"thumbnailUrl":"https:\/\/www.excalibur-generator.com\/wp-content\/uploads\/2024\/05\/inverter-diesel-welder-generator-open.webp","datePublished":"2024-05-23T08:33:09+00:00","description":"Der offene 12-kW-Inverter-Dieselschwei\u00dfer und -Generator bietet leistungsstarke Schwei\u00df- und Stromerzeugungskapazit\u00e4t. Dank der offenen Bauweise gew\u00e4hrleisten sie Zug\u00e4nglichkeit und zuverl\u00e4ssige Leistung f\u00fcr vielf\u00e4ltige Anwendungen.","breadcrumb":{"@id":"https:\/\/www.excalibur-generator.com\/de\/12-kw-offener-wechselrichter-diesel-schweiser-und-generator.html#breadcrumb"},"inLanguage":"de","potentialAction":[{"@type":"ReadAction","target":["https:\/\/www.excalibur-generator.com\/de\/12-kw-offener-wechselrichter-diesel-schweiser-und-generator.html"]}]},{"@type":"ImageObject","inLanguage":"de","@id":"https:\/\/www.excalibur-generator.com\/de\/12-kw-offener-wechselrichter-diesel-schweiser-und-generator.html#primaryimage","url":"https:\/\/www.excalibur-generator.com\/wp-content\/uploads\/2024\/05\/inverter-diesel-welder-generator-open.webp","contentUrl":"https:\/\/www.excalibur-generator.com\/wp-content\/uploads\/2024\/05\/inverter-diesel-welder-generator-open.webp","width":800,"height":800,"caption":"inverter-diesel-welder-generator-open"},{"@type":"BreadcrumbList","@id":"https:\/\/www.excalibur-generator.com\/de\/12-kw-offener-wechselrichter-diesel-schweiser-und-generator.html#breadcrumb","itemListElement":[{"@type":"ListItem","position":1,"name":"Home","item":"https:\/\/www.excalibur-generator.com\/de\/"},{"@type":"ListItem","position":2,"name":"Produkte","item":"https:\/\/www.excalibur-generator.com\/de\/produkte.html"},{"@type":"ListItem","position":3,"name":"12 kW offener Wechselrichter-Dieselschwei\u00dfer und Generator"}]},{"@type":"WebSite","@id":"https:\/\/www.excalibur-generator.com\/de\/#website","url":"https:\/\/www.excalibur-generator.com\/de\/","name":"Excalibur Generator","description":"","publisher":{"@id":"https:\/\/www.excalibur-generator.com\/de\/#organization"},"potentialAction":[{"@type":"SearchAction","target":{"@type":"EntryPoint","urlTemplate":"https:\/\/www.excalibur-generator.com\/de\/?s={search_term_string}"},"query-input":{"@type":"PropertyValueSpecification","valueRequired":true,"valueName":"search_term_string"}}],"inLanguage":"de"},{"@type":"Organization","@id":"https:\/\/www.excalibur-generator.com\/de\/#organization","name":"Excalibur Generator","url":"https:\/\/www.excalibur-generator.com\/de\/","logo":{"@type":"ImageObject","inLanguage":"de","@id":"https:\/\/www.excalibur-generator.com\/de\/#\/schema\/logo\/image\/","url":"https:\/\/www.excalibur-generator.com\/wp-content\/uploads\/2024\/05\/EXCALIBUR.png","contentUrl":"https:\/\/www.excalibur-generator.com\/wp-content\/uploads\/2024\/05\/EXCALIBUR.png","width":350,"height":79,"caption":"Excalibur Generator"},"image":{"@id":"https:\/\/www.excalibur-generator.com\/de\/#\/schema\/logo\/image\/"}}]}},"_links":{"self":[{"href":"https:\/\/www.excalibur-generator.com\/de\/wp-json\/wp\/v2\/product\/9737","targetHints":{"allow":["GET"]}}],"collection":[{"href":"https:\/\/www.excalibur-generator.com\/de\/wp-json\/wp\/v2\/product"}],"about":[{"href":"https:\/\/www.excalibur-generator.com\/de\/wp-json\/wp\/v2\/types\/product"}],"replies":[{"embeddable":true,"href":"https:\/\/www.excalibur-generator.com\/de\/wp-json\/wp\/v2\/comments?post=9737"}],"wp:featuredmedia":[{"embeddable":true,"href":"https:\/\/www.excalibur-generator.com\/de\/wp-json\/wp\/v2\/media\/9738"}],"wp:attachment":[{"href":"https:\/\/www.excalibur-generator.com\/de\/wp-json\/wp\/v2\/media?parent=9737"}],"wp:term":[{"taxonomy":"product_brand","embeddable":true,"href":"https:\/\/www.excalibur-generator.com\/de\/wp-json\/wp\/v2\/product_brand?post=9737"},{"taxonomy":"product_cat","embeddable":true,"href":"https:\/\/www.excalibur-generator.com\/de\/wp-json\/wp\/v2\/product_cat?post=9737"},{"taxonomy":"product_tag","embeddable":true,"href":"https:\/\/www.excalibur-generator.com\/de\/wp-json\/wp\/v2\/product_tag?post=9737"}],"curies":[{"name":"wp","href":"https:\/\/api.w.org\/{rel}","templated":true}]}}