{"id":3880,"date":"2024-05-27T10:01:39","date_gmt":"2024-05-27T02:01:39","guid":{"rendered":"https:\/\/www.excalibur-generator.com\/generador-diesel-silencioso-65kva-75kva\/"},"modified":"2024-09-18T13:22:23","modified_gmt":"2024-09-18T05:22:23","slug":"generador-diesel-silencioso-65kva-75kva","status":"publish","type":"product","link":"https:\/\/www.excalibur-generator.com\/es\/generador-diesel-silencioso-65kva-75kva.html","title":{"rendered":"Generador Diesel Silencioso 6,5Kva\/7,5Kva"},"content":{"rendered":"<table align=\"center\">\n<colgroup>\n<col \/>\n<col \/>\n<col \/>\n<col \/>\n<col \/>\n<col \/><\/colgroup>\n<tbody>\n<tr class=\"firstRow\">\n<td>Modelo<\/td>\n<td>S3500DS-1-8\/ S3500DS3-1-8<\/td>\n<td>S6500DS-1-8\/ S6500DS3-1~8<\/td>\n<td>S7500DS-1-8\/ S7500DS3-1-8<\/td>\n<td>S8500DS- 1-8\/ S8500DS3-1-8<\/td>\n<td>S9500DS-1-8\/ S9500DS3-1-8<\/td>\n<\/tr>\n<tr>\n<td>Frecuencia(Hz)<\/td>\n<td>50\/60<\/td>\n<td>50\/60<\/td>\n<td>50\/60<\/td>\n<td>50\/60<\/td>\n<td>50\/60<\/td>\n<\/tr>\n<tr>\n<td>Tensi\u00f3n nominal (V)<\/td>\n<td colspan=\"5\">110\/115\/120\/220\/230\/240\/380\/400\/415\/420<\/td>\n<\/tr>\n<tr>\n<td>Potencia nominal KW<\/td>\n<td>2.8 \/3.0<\/td>\n<td>4.5\/5.0<\/td>\n<td>5.0\/5.5<\/td>\n<td>6.0\/6.5<\/td>\n<td>6.5\/7<\/td>\n<\/tr>\n<tr>\n<td>Potencia m\u00e1ximakW<\/td>\n<td>3.0 \/3.3<\/td>\n<td>5.0\/5.5<\/td>\n<td>5.5\/6.0<\/td>\n<td>6.5\/7.0<\/td>\n<td>7\/7.5<\/td>\n<\/tr>\n<tr>\n<td>Salida CC<\/td>\n<td>12V-8,3A<\/td>\n<td>12V-8,3A<\/td>\n<td>12V-8,3A<\/td>\n<td>12V-8,3A<\/td>\n<td>12V-8,3A<\/td>\n<\/tr>\n<tr>\n<td>Factor de potencia<\/td>\n<td>1\/0.8<\/td>\n<td>1\/0.8<\/td>\n<td>1\/0.8<\/td>\n<td>1\/0.8<\/td>\n<td>1\/0.8<\/td>\n<\/tr>\n<tr>\n<td>Nivel de ruido (7 m)db (A)<\/td>\n<td>72<\/td>\n<td>72<\/td>\n<td>72<\/td>\n<td>72<\/td>\n<td>72<\/td>\n<\/tr>\n<tr>\n<td>Modelo de motor<\/td>\n<td>S178FE<\/td>\n<td>S186FAE<\/td>\n<td>S188FBE<\/td>\n<td>S192FE<\/td>\n<td>S195FE<\/td>\n<\/tr>\n<tr>\n<td>Tipo de motor<\/td>\n<td colspan=\"5\">Monocil\u00edndrico,4 Tiempos,Refrigerado por aire,Inyecci\u00f3n directa<\/td>\n<\/tr>\n<tr>\n<td>Di\u00e1metro*Carrera (mm)<\/td>\n<td>78*62<\/td>\n<td>86*72<\/td>\n<td>88*75<\/td>\n<td>92*75<\/td>\n<td>95*75<\/td>\n<\/tr>\n<tr>\n<td>Cilindrada (cc)<\/td>\n<td>296<\/td>\n<td>418<\/td>\n<td>456<\/td>\n<td>498<\/td>\n<td>531<\/td>\n<\/tr>\n<tr>\n<td>Tipo de combustible<\/td>\n<td colspan=\"5\">0#Diesel (verano);-10#Diesel (invierno),-35#Diesel (Muy fr\u00edo)<\/td>\n<\/tr>\n<tr>\n<td>Capacidad del dep\u00f3sito de combustible (L)<\/td>\n<td>20<\/td>\n<td>20<\/td>\n<td>20<\/td>\n<td>20<\/td>\n<td>20<\/td>\n<\/tr>\n<tr>\n<td>Sistema de arranque<\/td>\n<td>Arranque el\u00e9ctrico<\/td>\n<td>Arranque el\u00e9ctrico<\/td>\n<td>Arranque el\u00e9ctrico<\/td>\n<td>Arranque el\u00e9ctrico<\/td>\n<td>Arranque el\u00e9ctrico<\/td>\n<\/tr>\n<tr>\n<td>Peso neto (kg)<\/td>\n<td>122<\/td>\n<td>141<\/td>\n<td>143<\/td>\n<td>151<\/td>\n<td>150<\/td>\n<\/tr>\n<tr>\n<td>Serie regular Tama\u00f1o del embalaje (L*A*A)mm<\/td>\n<td>950*530*700<\/td>\n<td>950*530*700<\/td>\n<td>950*530*700<\/td>\n<td>950*530*700<\/td>\n<td>950*530*700<\/td>\n<\/tr>\n<tr>\n<td>Serie Pro Tama\u00f1o del embalaje(L*A*Al)mm<\/td>\n<td>\/<\/td>\n<td>\/<\/td>\n<td>\/<\/td>\n<td>\/<\/td>\n<td>\/<\/td>\n<\/tr>\n<tr>\n<td>Longitud y di\u00e1metro del n\u00facleo del motor(mm)<\/td>\n<td>190*85<\/td>\n<td>190*132<\/td>\n<td>190*140<\/td>\n<td>204*130<\/td>\n<td>204*148<\/td>\n<\/tr>\n<tr>\n<td>Caracter\u00edsticas est\u00e1ndar<\/td>\n<td colspan=\"5\">\u25cb opcional,\u25cf Configuraci\u00f3n est\u00e1ndar<\/td>\n<\/tr>\n<tr>\n<td>Protector de aceite<\/td>\n<td>\u25cf<\/td>\n<td>\u25cf<\/td>\n<td>\u25cf<\/td>\n<td>\u25cf<\/td>\n<td>\u25cf<\/td>\n<\/tr>\n<tr>\n<td>Ruedas 4&#215;4<\/td>\n<td>\u25cf<\/td>\n<td>\u25cf<\/td>\n<td>\u25cf<\/td>\n<td>\u25cf<\/td>\n<td>\u25cf<\/td>\n<\/tr>\n<tr>\n<td>ATS<\/td>\n<td>\u25cb<\/td>\n<td>\u25cb<\/td>\n<td>\u25cb<\/td>\n<td>\u25cb<\/td>\n<td>\u25cb<\/td>\n<\/tr>\n<tr>\n<td>Modelo adecuado ATS<\/td>\n<td colspan=\"5\">EX-ATS-001,EX-ATS-002,EX-ATS-003<\/td>\n<\/tr>\n<tr>\n<td>Medidor digital<\/td>\n<td>\u25cb<\/td>\n<td>\u25cb<\/td>\n<td>\u25cb<\/td>\n<td>\u25cb<\/td>\n<td>\u25cb<\/td>\n<\/tr>\n<tr>\n<td>Sistema de arranque a distancia<\/td>\n<td>\u25cb<\/td>\n<td>\u25cb<\/td>\n<td>\u25cb<\/td>\n<td>\u25cb<\/td>\n<td>\u25cb<\/td>\n<\/tr>\n<tr>\n<td>Salida USB<\/td>\n<td>\u25cb<\/td>\n<td>\u25cb<\/td>\n<td>\u25cb<\/td>\n<td>\u25cb<\/td>\n<td>\u25cb<\/td>\n<\/tr>\n<tr>\n<td>Salida del encendedor<\/td>\n<td>\u25cb<\/td>\n<td>\u25cb<\/td>\n<td>\u25cb<\/td>\n<td>\u25cb<\/td>\n<td>\u25cb<\/td>\n<\/tr>\n<\/tbody>\n<\/table>\n","protected":false},"excerpt":{"rendered":"<p><strong>Modelo: <\/strong><\/p>\n<div>Tipo cl\u00e1sico\/-1 Tipo\/-3 Tipo\/-4 Tipo\/-5 Tipo\/-6 Tipo<\/div>\n<div><\/div>\n<div><strong>Salida nominal:<\/strong><\/div>\n<div>3KW-7KW<\/div>\n<div><\/div>\n<div><strong>Salida de CC:<\/strong><\/div>\n<div>12V-8,3A<\/div>\n<div><\/div>\n<div><strong>Nivel Nosie (7 m) db(A):<\/strong><\/div>\n<div>72<\/div>\n<div><\/div>\n<p>&nbsp;<\/p>\n","protected":false},"featured_media":3352,"comment_status":"open","ping_status":"closed","template":"","meta":{"site-sidebar-layout":"default","site-content-layout":"","ast-site-content-layout":"default","site-content-style":"default","site-sidebar-style":"default","ast-global-header-display":"","ast-banner-title-visibility":"","ast-main-header-display":"","ast-hfb-above-header-display":"","ast-hfb-below-header-display":"","ast-hfb-mobile-header-display":"","site-post-title":"","ast-breadcrumbs-content":"","ast-featured-img":"","footer-sml-layout":"","theme-transparent-header-meta":"default","adv-header-id-meta":"","stick-header-meta":"","header-above-stick-meta":"","header-main-stick-meta":"","header-below-stick-meta":"","astra-migrate-meta-layouts":"set","ast-page-background-enabled":"default","ast-page-background-meta":{"desktop":{"background-color":"var(--ast-global-color-4)","background-image":"","background-repeat":"repeat","background-position":"center center","background-size":"auto","background-attachment":"scroll","background-type":"","background-media":"","overlay-type":"","overlay-color":"","overlay-opacity":"","overlay-gradient":""},"tablet":{"background-color":"","background-image":"","background-repeat":"repeat","background-position":"center center","background-size":"auto","background-attachment":"scroll","background-type":"","background-media":"","overlay-type":"","overlay-color":"","overlay-opacity":"","overlay-gradient":""},"mobile":{"background-color":"","background-image":"","background-repeat":"repeat","background-position":"center center","background-size":"auto","background-attachment":"scroll","background-type":"","background-media":"","overlay-type":"","overlay-color":"","overlay-opacity":"","overlay-gradient":""}},"ast-content-background-meta":{"desktop":{"background-color":"var(--ast-global-color-5)","background-image":"","background-repeat":"repeat","background-position":"center center","background-size":"auto","background-attachment":"scroll","background-type":"","background-media":"","overlay-type":"","overlay-color":"","overlay-opacity":"","overlay-gradient":""},"tablet":{"background-color":"var(--ast-global-color-5)","background-image":"","background-repeat":"repeat","background-position":"center center","background-size":"auto","background-attachment":"scroll","background-type":"","background-media":"","overlay-type":"","overlay-color":"","overlay-opacity":"","overlay-gradient":""},"mobile":{"background-color":"var(--ast-global-color-5)","background-image":"","background-repeat":"repeat","background-position":"center center","background-size":"auto","background-attachment":"scroll","background-type":"","background-media":"","overlay-type":"","overlay-color":"","overlay-opacity":"","overlay-gradient":""}}},"product_brand":[],"product_cat":[43],"product_tag":[56],"class_list":{"0":"post-3880","1":"product","2":"type-product","3":"status-publish","4":"has-post-thumbnail","6":"product_cat-sin-categorizar","7":"product_tag-generador-silencioso","8":"desktop-align-left","9":"tablet-align-left","10":"mobile-align-left","12":"first","13":"instock","14":"shipping-taxable","15":"product-type-simple"},"yoast_head":"<!-- This site is optimized with the Yoast SEO plugin v26.5 - https:\/\/yoast.com\/wordpress\/plugins\/seo\/ -->\n<title>Generador Diesel Silencioso 6,5Kva\/7,5Kva &#8211; Excalibur Generator<\/title>\n<meta name=\"description\" content=\"El Generador Diesel Silencioso 6,5Kva\/7,5Kva proporciona una potencia fiable con el m\u00ednimo ruido. Ideal para diversas aplicaciones, su robusto dise\u00f1o garantiza un rendimiento eficaz, lo que lo convierte en una soluci\u00f3n vers\u00e1til para las necesidades energ\u00e9ticas.\" \/>\n<meta name=\"robots\" content=\"index, follow, max-snippet:-1, max-image-preview:large, max-video-preview:-1\" \/>\n<link rel=\"canonical\" href=\"https:\/\/www.excalibur-generator.com\/es\/generador-diesel-silencioso-65kva-75kva.html\" \/>\n<meta name=\"twitter:label1\" content=\"Tiempo de lectura\" \/>\n\t<meta name=\"twitter:data1\" content=\"2 minutos\" \/>\n<script type=\"application\/ld+json\" class=\"yoast-schema-graph\">{\"@context\":\"https:\/\/schema.org\",\"@graph\":[{\"@type\":\"WebPage\",\"@id\":\"https:\/\/www.excalibur-generator.com\/es\/generador-diesel-silencioso-65kva-75kva.html\",\"url\":\"https:\/\/www.excalibur-generator.com\/es\/generador-diesel-silencioso-65kva-75kva.html\",\"name\":\"Generador Diesel Silencioso 6,5Kva\/7,5Kva &#8211; Excalibur Generator\",\"isPartOf\":{\"@id\":\"https:\/\/www.excalibur-generator.com\/es\/#website\"},\"primaryImageOfPage\":{\"@id\":\"https:\/\/www.excalibur-generator.com\/es\/generador-diesel-silencioso-65kva-75kva.html#primaryimage\"},\"image\":{\"@id\":\"https:\/\/www.excalibur-generator.com\/es\/generador-diesel-silencioso-65kva-75kva.html#primaryimage\"},\"thumbnailUrl\":\"https:\/\/www.excalibur-generator.com\/wp-content\/uploads\/2024\/05\/10kw-silent-diesel-generator.webp\",\"datePublished\":\"2024-05-27T02:01:39+00:00\",\"dateModified\":\"2024-09-18T05:22:23+00:00\",\"description\":\"El Generador Diesel Silencioso 6,5Kva\/7,5Kva proporciona una potencia fiable con el m\u00ednimo ruido. Ideal para diversas aplicaciones, su robusto dise\u00f1o garantiza un rendimiento eficaz, lo que lo convierte en una soluci\u00f3n vers\u00e1til para las necesidades energ\u00e9ticas.\",\"breadcrumb\":{\"@id\":\"https:\/\/www.excalibur-generator.com\/es\/generador-diesel-silencioso-65kva-75kva.html#breadcrumb\"},\"inLanguage\":\"es\",\"potentialAction\":[{\"@type\":\"ReadAction\",\"target\":[\"https:\/\/www.excalibur-generator.com\/es\/generador-diesel-silencioso-65kva-75kva.html\"]}]},{\"@type\":\"ImageObject\",\"inLanguage\":\"es\",\"@id\":\"https:\/\/www.excalibur-generator.com\/es\/generador-diesel-silencioso-65kva-75kva.html#primaryimage\",\"url\":\"https:\/\/www.excalibur-generator.com\/wp-content\/uploads\/2024\/05\/10kw-silent-diesel-generator.webp\",\"contentUrl\":\"https:\/\/www.excalibur-generator.com\/wp-content\/uploads\/2024\/05\/10kw-silent-diesel-generator.webp\",\"width\":800,\"height\":800,\"caption\":\"Generador di\u00e9sel silencioso de 10 kW\"},{\"@type\":\"BreadcrumbList\",\"@id\":\"https:\/\/www.excalibur-generator.com\/es\/generador-diesel-silencioso-65kva-75kva.html#breadcrumb\",\"itemListElement\":[{\"@type\":\"ListItem\",\"position\":1,\"name\":\"Home\",\"item\":\"https:\/\/www.excalibur-generator.com\/es\/inicio\/\"},{\"@type\":\"ListItem\",\"position\":2,\"name\":\"Productos\",\"item\":\"https:\/\/www.excalibur-generator.com\/es\/productos.html\"},{\"@type\":\"ListItem\",\"position\":3,\"name\":\"Generador Diesel Silencioso 6,5Kva\/7,5Kva\"}]},{\"@type\":\"WebSite\",\"@id\":\"https:\/\/www.excalibur-generator.com\/es\/#website\",\"url\":\"https:\/\/www.excalibur-generator.com\/es\/\",\"name\":\"Excalibur Generator\",\"description\":\"\",\"publisher\":{\"@id\":\"https:\/\/www.excalibur-generator.com\/es\/#organization\"},\"potentialAction\":[{\"@type\":\"SearchAction\",\"target\":{\"@type\":\"EntryPoint\",\"urlTemplate\":\"https:\/\/www.excalibur-generator.com\/es\/?s={search_term_string}\"},\"query-input\":{\"@type\":\"PropertyValueSpecification\",\"valueRequired\":true,\"valueName\":\"search_term_string\"}}],\"inLanguage\":\"es\"},{\"@type\":\"Organization\",\"@id\":\"https:\/\/www.excalibur-generator.com\/es\/#organization\",\"name\":\"Excalibur Generator\",\"url\":\"https:\/\/www.excalibur-generator.com\/es\/\",\"logo\":{\"@type\":\"ImageObject\",\"inLanguage\":\"es\",\"@id\":\"https:\/\/www.excalibur-generator.com\/es\/#\/schema\/logo\/image\/\",\"url\":\"https:\/\/www.excalibur-generator.com\/wp-content\/uploads\/2024\/05\/EXCALIBUR.png\",\"contentUrl\":\"https:\/\/www.excalibur-generator.com\/wp-content\/uploads\/2024\/05\/EXCALIBUR.png\",\"width\":350,\"height\":79,\"caption\":\"Excalibur Generator\"},\"image\":{\"@id\":\"https:\/\/www.excalibur-generator.com\/es\/#\/schema\/logo\/image\/\"}}]}<\/script>\n<!-- \/ Yoast SEO plugin. -->","yoast_head_json":{"title":"Generador Diesel Silencioso 6,5Kva\/7,5Kva &#8211; Excalibur Generator","description":"El Generador Diesel Silencioso 6,5Kva\/7,5Kva proporciona una potencia fiable con el m\u00ednimo ruido. Ideal para diversas aplicaciones, su robusto dise\u00f1o garantiza un rendimiento eficaz, lo que lo convierte en una soluci\u00f3n vers\u00e1til para las necesidades energ\u00e9ticas.","robots":{"index":"index","follow":"follow","max-snippet":"max-snippet:-1","max-image-preview":"max-image-preview:large","max-video-preview":"max-video-preview:-1"},"canonical":"https:\/\/www.excalibur-generator.com\/es\/generador-diesel-silencioso-65kva-75kva.html","twitter_misc":{"Tiempo de lectura":"2 minutos"},"schema":{"@context":"https:\/\/schema.org","@graph":[{"@type":"WebPage","@id":"https:\/\/www.excalibur-generator.com\/es\/generador-diesel-silencioso-65kva-75kva.html","url":"https:\/\/www.excalibur-generator.com\/es\/generador-diesel-silencioso-65kva-75kva.html","name":"Generador Diesel Silencioso 6,5Kva\/7,5Kva &#8211; Excalibur Generator","isPartOf":{"@id":"https:\/\/www.excalibur-generator.com\/es\/#website"},"primaryImageOfPage":{"@id":"https:\/\/www.excalibur-generator.com\/es\/generador-diesel-silencioso-65kva-75kva.html#primaryimage"},"image":{"@id":"https:\/\/www.excalibur-generator.com\/es\/generador-diesel-silencioso-65kva-75kva.html#primaryimage"},"thumbnailUrl":"https:\/\/www.excalibur-generator.com\/wp-content\/uploads\/2024\/05\/10kw-silent-diesel-generator.webp","datePublished":"2024-05-27T02:01:39+00:00","dateModified":"2024-09-18T05:22:23+00:00","description":"El Generador Diesel Silencioso 6,5Kva\/7,5Kva proporciona una potencia fiable con el m\u00ednimo ruido. Ideal para diversas aplicaciones, su robusto dise\u00f1o garantiza un rendimiento eficaz, lo que lo convierte en una soluci\u00f3n vers\u00e1til para las necesidades energ\u00e9ticas.","breadcrumb":{"@id":"https:\/\/www.excalibur-generator.com\/es\/generador-diesel-silencioso-65kva-75kva.html#breadcrumb"},"inLanguage":"es","potentialAction":[{"@type":"ReadAction","target":["https:\/\/www.excalibur-generator.com\/es\/generador-diesel-silencioso-65kva-75kva.html"]}]},{"@type":"ImageObject","inLanguage":"es","@id":"https:\/\/www.excalibur-generator.com\/es\/generador-diesel-silencioso-65kva-75kva.html#primaryimage","url":"https:\/\/www.excalibur-generator.com\/wp-content\/uploads\/2024\/05\/10kw-silent-diesel-generator.webp","contentUrl":"https:\/\/www.excalibur-generator.com\/wp-content\/uploads\/2024\/05\/10kw-silent-diesel-generator.webp","width":800,"height":800,"caption":"Generador di\u00e9sel silencioso de 10 kW"},{"@type":"BreadcrumbList","@id":"https:\/\/www.excalibur-generator.com\/es\/generador-diesel-silencioso-65kva-75kva.html#breadcrumb","itemListElement":[{"@type":"ListItem","position":1,"name":"Home","item":"https:\/\/www.excalibur-generator.com\/es\/inicio\/"},{"@type":"ListItem","position":2,"name":"Productos","item":"https:\/\/www.excalibur-generator.com\/es\/productos.html"},{"@type":"ListItem","position":3,"name":"Generador Diesel Silencioso 6,5Kva\/7,5Kva"}]},{"@type":"WebSite","@id":"https:\/\/www.excalibur-generator.com\/es\/#website","url":"https:\/\/www.excalibur-generator.com\/es\/","name":"Excalibur Generator","description":"","publisher":{"@id":"https:\/\/www.excalibur-generator.com\/es\/#organization"},"potentialAction":[{"@type":"SearchAction","target":{"@type":"EntryPoint","urlTemplate":"https:\/\/www.excalibur-generator.com\/es\/?s={search_term_string}"},"query-input":{"@type":"PropertyValueSpecification","valueRequired":true,"valueName":"search_term_string"}}],"inLanguage":"es"},{"@type":"Organization","@id":"https:\/\/www.excalibur-generator.com\/es\/#organization","name":"Excalibur Generator","url":"https:\/\/www.excalibur-generator.com\/es\/","logo":{"@type":"ImageObject","inLanguage":"es","@id":"https:\/\/www.excalibur-generator.com\/es\/#\/schema\/logo\/image\/","url":"https:\/\/www.excalibur-generator.com\/wp-content\/uploads\/2024\/05\/EXCALIBUR.png","contentUrl":"https:\/\/www.excalibur-generator.com\/wp-content\/uploads\/2024\/05\/EXCALIBUR.png","width":350,"height":79,"caption":"Excalibur Generator"},"image":{"@id":"https:\/\/www.excalibur-generator.com\/es\/#\/schema\/logo\/image\/"}}]}},"_links":{"self":[{"href":"https:\/\/www.excalibur-generator.com\/es\/wp-json\/wp\/v2\/product\/3880","targetHints":{"allow":["GET"]}}],"collection":[{"href":"https:\/\/www.excalibur-generator.com\/es\/wp-json\/wp\/v2\/product"}],"about":[{"href":"https:\/\/www.excalibur-generator.com\/es\/wp-json\/wp\/v2\/types\/product"}],"replies":[{"embeddable":true,"href":"https:\/\/www.excalibur-generator.com\/es\/wp-json\/wp\/v2\/comments?post=3880"}],"wp:featuredmedia":[{"embeddable":true,"href":"https:\/\/www.excalibur-generator.com\/es\/wp-json\/wp\/v2\/media\/3352"}],"wp:attachment":[{"href":"https:\/\/www.excalibur-generator.com\/es\/wp-json\/wp\/v2\/media?parent=3880"}],"wp:term":[{"taxonomy":"product_brand","embeddable":true,"href":"https:\/\/www.excalibur-generator.com\/es\/wp-json\/wp\/v2\/product_brand?post=3880"},{"taxonomy":"product_cat","embeddable":true,"href":"https:\/\/www.excalibur-generator.com\/es\/wp-json\/wp\/v2\/product_cat?post=3880"},{"taxonomy":"product_tag","embeddable":true,"href":"https:\/\/www.excalibur-generator.com\/es\/wp-json\/wp\/v2\/product_tag?post=3880"}],"curies":[{"name":"wp","href":"https:\/\/api.w.org\/{rel}","templated":true}]}}