{"id":3883,"date":"2024-05-27T09:50:35","date_gmt":"2024-05-27T01:50:35","guid":{"rendered":"https:\/\/www.excalibur-generator.com\/generador-diesel-silencioso-de-10-kw-12-kw\/"},"modified":"2024-09-18T13:56:24","modified_gmt":"2024-09-18T05:56:24","slug":"generador-diesel-silencioso-de-10-kw-12-kw","status":"publish","type":"product","link":"https:\/\/www.excalibur-generator.com\/es\/generador-diesel-silencioso-de-10-kw-12-kw.html","title":{"rendered":"Generador di\u00e9sel silencioso de 10 kW\/12 kW"},"content":{"rendered":"<table>\n<colgroup>\n<col \/>\n<col \/>\n<col \/><\/colgroup>\n<tbody>\n<tr class=\"firstRow\">\n<td>Modelo<\/td>\n<td>S12000DS\/DS3<\/td>\n<td>S13000DS\/DS3<\/td>\n<\/tr>\n<tr>\n<td>Frecuencia (Hz)<\/td>\n<td>50\/60<\/td>\n<td>50\/60<\/td>\n<\/tr>\n<tr>\n<td>Voltaje nominal (V)<\/td>\n<td colspan=\"2\">110\/115\/120\/220\/230\/240\/380\/400\/415<\/td>\n<\/tr>\n<tr>\n<td>Potencia nominal KW<\/td>\n<td>10\/10.5<\/td>\n<td>11.5\/12<\/td>\n<\/tr>\n<tr>\n<td>Potencia m\u00e1ximaKW<\/td>\n<td>10.5\/11<\/td>\n<td>12\/12.5<\/td>\n<\/tr>\n<tr>\n<td>Salida CC<\/td>\n<td>12V-8,3A<\/td>\n<td>12V-8,3A<\/td>\n<\/tr>\n<tr>\n<td>Factor de potencia<\/td>\n<td>1\/0.8<\/td>\n<td>1\/0.8<\/td>\n<\/tr>\n<tr>\n<td>Nivel de ruido (7 m) db (A)<\/td>\n<td>73<\/td>\n<td>73<\/td>\n<\/tr>\n<tr>\n<td>Modelo de motor<\/td>\n<td>SV288FE<\/td>\n<td>SV292FE<\/td>\n<\/tr>\n<tr>\n<td>Tipo de motor<\/td>\n<td colspan=\"2\">V-Twin, 4 tiempos, refrigerado por aire, inyecci\u00f3n directa<\/td>\n<\/tr>\n<tr>\n<td>Di\u00e1metro*carrera (mm)<\/td>\n<td>2-88*75<\/td>\n<td>2-92*75<\/td>\n<\/tr>\n<tr>\n<td>Cilindrada (cc)<\/td>\n<td>912<\/td>\n<td>997<\/td>\n<\/tr>\n<tr>\n<td>Tipo de combustible<\/td>\n<td colspan=\"2\">0# Diesel (Verano) -10#1 Diesel (Invierno)\uff0c-35# Diesel (Mucho fr\u00edo)<\/td>\n<\/tr>\n<tr>\n<td>Capacidad del dep\u00f3sito de combustible (L)<\/td>\n<td>25<\/td>\n<td>25<\/td>\n<\/tr>\n<tr>\n<td>Sistema de arranque<\/td>\n<td>Arranque el\u00e9ctrico<\/td>\n<td>Arranque el\u00e9ctrico<\/td>\n<\/tr>\n<tr>\n<td>Peso neto (kg)<\/td>\n<td>257<\/td>\n<td>267<\/td>\n<\/tr>\n<tr>\n<td>Serie regular Tama\u00f1o del embalaje (L *An*Al) mm<\/td>\n<td>1125*680*895<\/td>\n<td>1125*680*895<\/td>\n<\/tr>\n<tr>\n<td>Serie Pro : Tama\u00f1o del embalaje (L *An*Al) mm<\/td>\n<td>1325*825*940<\/td>\n<td>1325*825*940<\/td>\n<\/tr>\n<tr>\n<td>Longitud y di\u00e1metro del n\u00facleo del motor(mm)<\/td>\n<td>245*130<\/td>\n<td>245*150<\/td>\n<\/tr>\n<tr>\n<td>Caracter\u00edsticas est\u00e1ndar<\/td>\n<td colspan=\"2\">\u25cb Opcional,\u25cf Confnguraci\u00f3n Est\u00e1ndar<\/td>\n<\/tr>\n<tr>\n<td>Protecci\u00f3n del aceite<\/td>\n<td>\u25cf<\/td>\n<td>\u25cf<\/td>\n<\/tr>\n<tr>\n<td>Ruedas &#8220;4&#215;4<\/td>\n<td>\u25cf<\/td>\n<td>\u25cf<\/td>\n<\/tr>\n<tr>\n<td>Ruedas 4&#215;3<\/td>\n<td>\u25cf<\/td>\n<td>\u25cf<\/td>\n<\/tr>\n<tr>\n<td>ATS<\/td>\n<td>\u25cb<\/td>\n<td>\u25cb<\/td>\n<\/tr>\n<tr>\n<td>Modelo adecuado ATS<\/td>\n<td>EX-ATS-004<\/td>\n<td>EX-ATS-004<\/td>\n<\/tr>\n<tr>\n<td>Medidor digital<\/td>\n<td>\u25cb<\/td>\n<td>\u25cb<\/td>\n<\/tr>\n<tr>\n<td>Sistema de arranque remoto<\/td>\n<td>\u25cb<\/td>\n<td>\u25cb<\/td>\n<\/tr>\n<tr>\n<td>Salida USB USB<\/td>\n<td>\u25cb<\/td>\n<td>\u25cb<\/td>\n<\/tr>\n<tr>\n<td>Salida m\u00e1s ligera<\/td>\n<td>\u25cb<\/td>\n<td>\u25cb<\/td>\n<\/tr>\n<tr>\n<td>Certificaci\u00f3n<\/td>\n<td>CE\/EU5<\/td>\n<td>CE\/EU5<\/td>\n<\/tr>\n<\/tbody>\n<\/table>\n","protected":false},"excerpt":{"rendered":"<p><strong>Modelo:<\/strong><\/p>\n<div>S12000DS\/DS3<\/div>\n<div>S13000DS\/DS3<\/div>\n<div><\/div>\n<div><strong>Salida nominal:<\/strong><\/div>\n<div>10KW\/10.5KW\/11.5KW\/12KW<\/div>\n<div><\/div>\n<div><strong>Salida de CC:<\/strong><\/div>\n<div>12V-8,3A<\/div>\n<div><\/div>\n<div><strong>Nivel Nosie (7 m) db(A):<\/strong><\/div>\n<div>73<\/div>\n","protected":false},"featured_media":3342,"comment_status":"open","ping_status":"closed","template":"","meta":{"site-sidebar-layout":"default","site-content-layout":"","ast-site-content-layout":"default","site-content-style":"default","site-sidebar-style":"default","ast-global-header-display":"","ast-banner-title-visibility":"","ast-main-header-display":"","ast-hfb-above-header-display":"","ast-hfb-below-header-display":"","ast-hfb-mobile-header-display":"","site-post-title":"","ast-breadcrumbs-content":"","ast-featured-img":"","footer-sml-layout":"","theme-transparent-header-meta":"default","adv-header-id-meta":"","stick-header-meta":"","header-above-stick-meta":"","header-main-stick-meta":"","header-below-stick-meta":"","astra-migrate-meta-layouts":"set","ast-page-background-enabled":"default","ast-page-background-meta":{"desktop":{"background-color":"var(--ast-global-color-4)","background-image":"","background-repeat":"repeat","background-position":"center center","background-size":"auto","background-attachment":"scroll","background-type":"","background-media":"","overlay-type":"","overlay-color":"","overlay-opacity":"","overlay-gradient":""},"tablet":{"background-color":"","background-image":"","background-repeat":"repeat","background-position":"center center","background-size":"auto","background-attachment":"scroll","background-type":"","background-media":"","overlay-type":"","overlay-color":"","overlay-opacity":"","overlay-gradient":""},"mobile":{"background-color":"","background-image":"","background-repeat":"repeat","background-position":"center center","background-size":"auto","background-attachment":"scroll","background-type":"","background-media":"","overlay-type":"","overlay-color":"","overlay-opacity":"","overlay-gradient":""}},"ast-content-background-meta":{"desktop":{"background-color":"var(--ast-global-color-5)","background-image":"","background-repeat":"repeat","background-position":"center center","background-size":"auto","background-attachment":"scroll","background-type":"","background-media":"","overlay-type":"","overlay-color":"","overlay-opacity":"","overlay-gradient":""},"tablet":{"background-color":"var(--ast-global-color-5)","background-image":"","background-repeat":"repeat","background-position":"center center","background-size":"auto","background-attachment":"scroll","background-type":"","background-media":"","overlay-type":"","overlay-color":"","overlay-opacity":"","overlay-gradient":""},"mobile":{"background-color":"var(--ast-global-color-5)","background-image":"","background-repeat":"repeat","background-position":"center center","background-size":"auto","background-attachment":"scroll","background-type":"","background-media":"","overlay-type":"","overlay-color":"","overlay-opacity":"","overlay-gradient":""}}},"product_brand":[],"product_cat":[43],"product_tag":[56],"class_list":{"0":"post-3883","1":"product","2":"type-product","3":"status-publish","4":"has-post-thumbnail","6":"product_cat-sin-categorizar","7":"product_tag-generador-silencioso","8":"desktop-align-left","9":"tablet-align-left","10":"mobile-align-left","12":"first","13":"instock","14":"shipping-taxable","15":"product-type-simple"},"yoast_head":"<!-- This site is optimized with the Yoast SEO plugin v26.5 - https:\/\/yoast.com\/wordpress\/plugins\/seo\/ -->\n<title>Generador diesel silencioso de 10 kW\/12 kW &#8211; Excalibur Generator<\/title>\n<meta name=\"description\" content=\"El generador di\u00e9sel silencioso de 10 kW\/12 kW ofrece energ\u00eda robusta y silenciosa para hogares y empresas. Con un rendimiento confiable, es una soluci\u00f3n ideal para tener electricidad sin interrupciones durante los cortes de energ\u00eda.\" \/>\n<meta name=\"robots\" content=\"index, follow, max-snippet:-1, max-image-preview:large, max-video-preview:-1\" \/>\n<link rel=\"canonical\" href=\"https:\/\/www.excalibur-generator.com\/es\/generador-diesel-silencioso-de-10-kw-12-kw.html\" \/>\n<meta name=\"twitter:label1\" content=\"Tiempo de lectura\" \/>\n\t<meta name=\"twitter:data1\" content=\"1 minuto\" \/>\n<script type=\"application\/ld+json\" class=\"yoast-schema-graph\">{\"@context\":\"https:\/\/schema.org\",\"@graph\":[{\"@type\":\"WebPage\",\"@id\":\"https:\/\/www.excalibur-generator.com\/es\/generador-diesel-silencioso-de-10-kw-12-kw.html\",\"url\":\"https:\/\/www.excalibur-generator.com\/es\/generador-diesel-silencioso-de-10-kw-12-kw.html\",\"name\":\"Generador diesel silencioso de 10 kW\/12 kW &#8211; Excalibur Generator\",\"isPartOf\":{\"@id\":\"https:\/\/www.excalibur-generator.com\/es\/#website\"},\"primaryImageOfPage\":{\"@id\":\"https:\/\/www.excalibur-generator.com\/es\/generador-diesel-silencioso-de-10-kw-12-kw.html#primaryimage\"},\"image\":{\"@id\":\"https:\/\/www.excalibur-generator.com\/es\/generador-diesel-silencioso-de-10-kw-12-kw.html#primaryimage\"},\"thumbnailUrl\":\"https:\/\/www.excalibur-generator.com\/wp-content\/uploads\/2024\/05\/13-kva-silent-diesel-generator.webp\",\"datePublished\":\"2024-05-27T01:50:35+00:00\",\"dateModified\":\"2024-09-18T05:56:24+00:00\",\"description\":\"El generador di\u00e9sel silencioso de 10 kW\/12 kW ofrece energ\u00eda robusta y silenciosa para hogares y empresas. Con un rendimiento confiable, es una soluci\u00f3n ideal para tener electricidad sin interrupciones durante los cortes de energ\u00eda.\",\"breadcrumb\":{\"@id\":\"https:\/\/www.excalibur-generator.com\/es\/generador-diesel-silencioso-de-10-kw-12-kw.html#breadcrumb\"},\"inLanguage\":\"es\",\"potentialAction\":[{\"@type\":\"ReadAction\",\"target\":[\"https:\/\/www.excalibur-generator.com\/es\/generador-diesel-silencioso-de-10-kw-12-kw.html\"]}]},{\"@type\":\"ImageObject\",\"inLanguage\":\"es\",\"@id\":\"https:\/\/www.excalibur-generator.com\/es\/generador-diesel-silencioso-de-10-kw-12-kw.html#primaryimage\",\"url\":\"https:\/\/www.excalibur-generator.com\/wp-content\/uploads\/2024\/05\/13-kva-silent-diesel-generator.webp\",\"contentUrl\":\"https:\/\/www.excalibur-generator.com\/wp-content\/uploads\/2024\/05\/13-kva-silent-diesel-generator.webp\",\"width\":800,\"height\":800,\"caption\":\"Generador-diesel-silencioso-de-13-kva\"},{\"@type\":\"BreadcrumbList\",\"@id\":\"https:\/\/www.excalibur-generator.com\/es\/generador-diesel-silencioso-de-10-kw-12-kw.html#breadcrumb\",\"itemListElement\":[{\"@type\":\"ListItem\",\"position\":1,\"name\":\"Home\",\"item\":\"https:\/\/www.excalibur-generator.com\/es\/inicio\/\"},{\"@type\":\"ListItem\",\"position\":2,\"name\":\"Productos\",\"item\":\"https:\/\/www.excalibur-generator.com\/es\/productos.html\"},{\"@type\":\"ListItem\",\"position\":3,\"name\":\"Generador di\u00e9sel silencioso de 10 kW\/12 kW\"}]},{\"@type\":\"WebSite\",\"@id\":\"https:\/\/www.excalibur-generator.com\/es\/#website\",\"url\":\"https:\/\/www.excalibur-generator.com\/es\/\",\"name\":\"Excalibur Generator\",\"description\":\"\",\"publisher\":{\"@id\":\"https:\/\/www.excalibur-generator.com\/es\/#organization\"},\"potentialAction\":[{\"@type\":\"SearchAction\",\"target\":{\"@type\":\"EntryPoint\",\"urlTemplate\":\"https:\/\/www.excalibur-generator.com\/es\/?s={search_term_string}\"},\"query-input\":{\"@type\":\"PropertyValueSpecification\",\"valueRequired\":true,\"valueName\":\"search_term_string\"}}],\"inLanguage\":\"es\"},{\"@type\":\"Organization\",\"@id\":\"https:\/\/www.excalibur-generator.com\/es\/#organization\",\"name\":\"Excalibur Generator\",\"url\":\"https:\/\/www.excalibur-generator.com\/es\/\",\"logo\":{\"@type\":\"ImageObject\",\"inLanguage\":\"es\",\"@id\":\"https:\/\/www.excalibur-generator.com\/es\/#\/schema\/logo\/image\/\",\"url\":\"https:\/\/www.excalibur-generator.com\/wp-content\/uploads\/2024\/05\/EXCALIBUR.png\",\"contentUrl\":\"https:\/\/www.excalibur-generator.com\/wp-content\/uploads\/2024\/05\/EXCALIBUR.png\",\"width\":350,\"height\":79,\"caption\":\"Excalibur Generator\"},\"image\":{\"@id\":\"https:\/\/www.excalibur-generator.com\/es\/#\/schema\/logo\/image\/\"}}]}<\/script>\n<!-- \/ Yoast SEO plugin. -->","yoast_head_json":{"title":"Generador diesel silencioso de 10 kW\/12 kW &#8211; Excalibur Generator","description":"El generador di\u00e9sel silencioso de 10 kW\/12 kW ofrece energ\u00eda robusta y silenciosa para hogares y empresas. Con un rendimiento confiable, es una soluci\u00f3n ideal para tener electricidad sin interrupciones durante los cortes de energ\u00eda.","robots":{"index":"index","follow":"follow","max-snippet":"max-snippet:-1","max-image-preview":"max-image-preview:large","max-video-preview":"max-video-preview:-1"},"canonical":"https:\/\/www.excalibur-generator.com\/es\/generador-diesel-silencioso-de-10-kw-12-kw.html","twitter_misc":{"Tiempo de lectura":"1 minuto"},"schema":{"@context":"https:\/\/schema.org","@graph":[{"@type":"WebPage","@id":"https:\/\/www.excalibur-generator.com\/es\/generador-diesel-silencioso-de-10-kw-12-kw.html","url":"https:\/\/www.excalibur-generator.com\/es\/generador-diesel-silencioso-de-10-kw-12-kw.html","name":"Generador diesel silencioso de 10 kW\/12 kW &#8211; Excalibur Generator","isPartOf":{"@id":"https:\/\/www.excalibur-generator.com\/es\/#website"},"primaryImageOfPage":{"@id":"https:\/\/www.excalibur-generator.com\/es\/generador-diesel-silencioso-de-10-kw-12-kw.html#primaryimage"},"image":{"@id":"https:\/\/www.excalibur-generator.com\/es\/generador-diesel-silencioso-de-10-kw-12-kw.html#primaryimage"},"thumbnailUrl":"https:\/\/www.excalibur-generator.com\/wp-content\/uploads\/2024\/05\/13-kva-silent-diesel-generator.webp","datePublished":"2024-05-27T01:50:35+00:00","dateModified":"2024-09-18T05:56:24+00:00","description":"El generador di\u00e9sel silencioso de 10 kW\/12 kW ofrece energ\u00eda robusta y silenciosa para hogares y empresas. Con un rendimiento confiable, es una soluci\u00f3n ideal para tener electricidad sin interrupciones durante los cortes de energ\u00eda.","breadcrumb":{"@id":"https:\/\/www.excalibur-generator.com\/es\/generador-diesel-silencioso-de-10-kw-12-kw.html#breadcrumb"},"inLanguage":"es","potentialAction":[{"@type":"ReadAction","target":["https:\/\/www.excalibur-generator.com\/es\/generador-diesel-silencioso-de-10-kw-12-kw.html"]}]},{"@type":"ImageObject","inLanguage":"es","@id":"https:\/\/www.excalibur-generator.com\/es\/generador-diesel-silencioso-de-10-kw-12-kw.html#primaryimage","url":"https:\/\/www.excalibur-generator.com\/wp-content\/uploads\/2024\/05\/13-kva-silent-diesel-generator.webp","contentUrl":"https:\/\/www.excalibur-generator.com\/wp-content\/uploads\/2024\/05\/13-kva-silent-diesel-generator.webp","width":800,"height":800,"caption":"Generador-diesel-silencioso-de-13-kva"},{"@type":"BreadcrumbList","@id":"https:\/\/www.excalibur-generator.com\/es\/generador-diesel-silencioso-de-10-kw-12-kw.html#breadcrumb","itemListElement":[{"@type":"ListItem","position":1,"name":"Home","item":"https:\/\/www.excalibur-generator.com\/es\/inicio\/"},{"@type":"ListItem","position":2,"name":"Productos","item":"https:\/\/www.excalibur-generator.com\/es\/productos.html"},{"@type":"ListItem","position":3,"name":"Generador di\u00e9sel silencioso de 10 kW\/12 kW"}]},{"@type":"WebSite","@id":"https:\/\/www.excalibur-generator.com\/es\/#website","url":"https:\/\/www.excalibur-generator.com\/es\/","name":"Excalibur Generator","description":"","publisher":{"@id":"https:\/\/www.excalibur-generator.com\/es\/#organization"},"potentialAction":[{"@type":"SearchAction","target":{"@type":"EntryPoint","urlTemplate":"https:\/\/www.excalibur-generator.com\/es\/?s={search_term_string}"},"query-input":{"@type":"PropertyValueSpecification","valueRequired":true,"valueName":"search_term_string"}}],"inLanguage":"es"},{"@type":"Organization","@id":"https:\/\/www.excalibur-generator.com\/es\/#organization","name":"Excalibur Generator","url":"https:\/\/www.excalibur-generator.com\/es\/","logo":{"@type":"ImageObject","inLanguage":"es","@id":"https:\/\/www.excalibur-generator.com\/es\/#\/schema\/logo\/image\/","url":"https:\/\/www.excalibur-generator.com\/wp-content\/uploads\/2024\/05\/EXCALIBUR.png","contentUrl":"https:\/\/www.excalibur-generator.com\/wp-content\/uploads\/2024\/05\/EXCALIBUR.png","width":350,"height":79,"caption":"Excalibur Generator"},"image":{"@id":"https:\/\/www.excalibur-generator.com\/es\/#\/schema\/logo\/image\/"}}]}},"_links":{"self":[{"href":"https:\/\/www.excalibur-generator.com\/es\/wp-json\/wp\/v2\/product\/3883","targetHints":{"allow":["GET"]}}],"collection":[{"href":"https:\/\/www.excalibur-generator.com\/es\/wp-json\/wp\/v2\/product"}],"about":[{"href":"https:\/\/www.excalibur-generator.com\/es\/wp-json\/wp\/v2\/types\/product"}],"replies":[{"embeddable":true,"href":"https:\/\/www.excalibur-generator.com\/es\/wp-json\/wp\/v2\/comments?post=3883"}],"wp:featuredmedia":[{"embeddable":true,"href":"https:\/\/www.excalibur-generator.com\/es\/wp-json\/wp\/v2\/media\/3342"}],"wp:attachment":[{"href":"https:\/\/www.excalibur-generator.com\/es\/wp-json\/wp\/v2\/media?parent=3883"}],"wp:term":[{"taxonomy":"product_brand","embeddable":true,"href":"https:\/\/www.excalibur-generator.com\/es\/wp-json\/wp\/v2\/product_brand?post=3883"},{"taxonomy":"product_cat","embeddable":true,"href":"https:\/\/www.excalibur-generator.com\/es\/wp-json\/wp\/v2\/product_cat?post=3883"},{"taxonomy":"product_tag","embeddable":true,"href":"https:\/\/www.excalibur-generator.com\/es\/wp-json\/wp\/v2\/product_tag?post=3883"}],"curies":[{"name":"wp","href":"https:\/\/api.w.org\/{rel}","templated":true}]}}