{"id":3890,"date":"2024-05-27T09:19:31","date_gmt":"2024-05-27T01:19:31","guid":{"rendered":"https:\/\/www.excalibur-generator.com\/soldador-y-generador-diesel-de-tipo-abierto-de-4-kw\/"},"modified":"2024-09-18T15:15:44","modified_gmt":"2024-09-18T07:15:44","slug":"soldador-y-generador-diesel-de-tipo-abierto-de-4-kw","status":"publish","type":"product","link":"https:\/\/www.excalibur-generator.com\/es\/soldador-y-generador-diesel-de-tipo-abierto-de-4-kw.html","title":{"rendered":"Soldador y generador diesel de tipo abierto de 4 kW"},"content":{"rendered":"<h2><strong>Caracter\u00edstica del producto<\/strong><\/h2>\n<p>\u25cf SOLO MONOF\u00c1SICO<\/p>\n<p>\u25cf Salida m\u00e1xima de soldadura de CC de 300 A<\/p>\n<p>\u25cf 3500 vatios de arranque m\u00e1ximos, 4000 vatios de funcionamiento<\/p>\n<p>\u25cf Cuenta con un potente y confiable motor di\u00e9sel bicil\u00edndrico Excalibur de 997 cc<\/p>\n<p>\u25cf 14 horas de tiempo de funcionamiento con una carga del 50 %<\/p>\n<p>\u25cf Arranque el\u00e9ctrico, bater\u00eda de 1 2 V incluida<\/p>\n<p>\u25cf Pantalla digital para configuraciones de soldadura r\u00e1pidas y f\u00e1ciles (opcional)<\/p>\n<p>\u25cf Kit de ruedas universal de 4 pulgadas incluido para una f\u00e1cil portabilidad en el lugar de trabajo<\/p>\n<h2><strong>Par\u00e1metros del producto<\/strong><\/h2>\n<table align=\"center\">\n<colgroup>\n<col \/>\n<col \/><\/colgroup>\n<tbody>\n<tr class=\"firstRow\">\n<td>Modelo<\/td>\n<td>S10000DEW<\/td>\n<\/tr>\n<tr>\n<td>Frecuencia [HZ]<\/td>\n<td>50Hz cr 60Hz<\/td>\n<\/tr>\n<tr>\n<td>Hatad Voltaje (W)<\/td>\n<td>10V,120V,220v,230V,240V<\/td>\n<\/tr>\n<tr>\n<td>Ratod Qutout KW<\/td>\n<td>3.5\/4.0<\/td>\n<\/tr>\n<tr>\n<td>Salida CC<\/td>\n<td>12V-8,3A<\/td>\n<\/tr>\n<tr>\n<td>Factor de potencia<\/td>\n<td>1.0<\/td>\n<\/tr>\n<tr>\n<td>Tensi\u00f3n de trabajo (CC)(V)<\/td>\n<td>25-30<\/td>\n<\/tr>\n<tr>\n<td>Corriente nominal de soldadura CC<\/td>\n<td>50A-300A<\/td>\n<\/tr>\n<tr>\n<td>Electrodo (mm)<\/td>\n<td>1.6-6.0<\/td>\n<\/tr>\n<tr>\n<td>Nivel Nolse (7m)db (A)<\/td>\n<td>8<\/td>\n<\/tr>\n<tr>\n<td>Motor fabricado<\/td>\n<td>S292FE<\/td>\n<\/tr>\n<tr>\n<td>Capacidad del tanque de combustible (L)<\/td>\n<td>28<\/td>\n<\/tr>\n<tr>\n<td>Tiempo de funcionamiento continuo (hr)<\/td>\n<td>5.3<\/td>\n<\/tr>\n<tr>\n<td>Sistema de arranque<\/td>\n<td>Arranque el\u00e9ctrico<\/td>\n<\/tr>\n<tr>\n<td>Tama\u00f1o del embalaje (L*An*Al) mm<\/td>\n<td>1010*630*920<\/td>\n<\/tr>\n<tr>\n<td>Peso neto (KG)<\/td>\n<td>220<\/td>\n<\/tr>\n<\/tbody>\n<\/table>\n","protected":false},"excerpt":{"rendered":"<p><strong>Modelo:<\/strong><\/p>\n<div>S10000DEW<\/div>\n<div><\/div>\n<div><strong>Salida nominal:<\/strong><\/div>\n<div>3.5KW\/4.0KW<\/div>\n<div><\/div>\n<div><strong>Corriente nominal:<\/strong><\/div>\n<div>50A-300A<\/div>\n<div><\/div>\n<div><strong>Salida de CC:<\/strong><\/div>\n<div>12V-8,3A<\/div>\n<div><\/div>\n<p>&nbsp;<\/p>\n","protected":false},"featured_media":3332,"comment_status":"open","ping_status":"closed","template":"","meta":{"site-sidebar-layout":"default","site-content-layout":"","ast-site-content-layout":"default","site-content-style":"default","site-sidebar-style":"default","ast-global-header-display":"","ast-banner-title-visibility":"","ast-main-header-display":"","ast-hfb-above-header-display":"","ast-hfb-below-header-display":"","ast-hfb-mobile-header-display":"","site-post-title":"","ast-breadcrumbs-content":"","ast-featured-img":"","footer-sml-layout":"","theme-transparent-header-meta":"default","adv-header-id-meta":"","stick-header-meta":"","header-above-stick-meta":"","header-main-stick-meta":"","header-below-stick-meta":"","astra-migrate-meta-layouts":"set","ast-page-background-enabled":"default","ast-page-background-meta":{"desktop":{"background-color":"var(--ast-global-color-4)","background-image":"","background-repeat":"repeat","background-position":"center center","background-size":"auto","background-attachment":"scroll","background-type":"","background-media":"","overlay-type":"","overlay-color":"","overlay-opacity":"","overlay-gradient":""},"tablet":{"background-color":"","background-image":"","background-repeat":"repeat","background-position":"center center","background-size":"auto","background-attachment":"scroll","background-type":"","background-media":"","overlay-type":"","overlay-color":"","overlay-opacity":"","overlay-gradient":""},"mobile":{"background-color":"","background-image":"","background-repeat":"repeat","background-position":"center center","background-size":"auto","background-attachment":"scroll","background-type":"","background-media":"","overlay-type":"","overlay-color":"","overlay-opacity":"","overlay-gradient":""}},"ast-content-background-meta":{"desktop":{"background-color":"var(--ast-global-color-5)","background-image":"","background-repeat":"repeat","background-position":"center center","background-size":"auto","background-attachment":"scroll","background-type":"","background-media":"","overlay-type":"","overlay-color":"","overlay-opacity":"","overlay-gradient":""},"tablet":{"background-color":"var(--ast-global-color-5)","background-image":"","background-repeat":"repeat","background-position":"center center","background-size":"auto","background-attachment":"scroll","background-type":"","background-media":"","overlay-type":"","overlay-color":"","overlay-opacity":"","overlay-gradient":""},"mobile":{"background-color":"var(--ast-global-color-5)","background-image":"","background-repeat":"repeat","background-position":"center center","background-size":"auto","background-attachment":"scroll","background-type":"","background-media":"","overlay-type":"","overlay-color":"","overlay-opacity":"","overlay-gradient":""}}},"product_brand":[],"product_cat":[43],"product_tag":[57],"class_list":{"0":"post-3890","1":"product","2":"type-product","3":"status-publish","4":"has-post-thumbnail","6":"product_cat-sin-categorizar","7":"product_tag-generador-abierto","8":"desktop-align-left","9":"tablet-align-left","10":"mobile-align-left","12":"first","13":"instock","14":"shipping-taxable","15":"product-type-simple"},"yoast_head":"<!-- This site is optimized with the Yoast SEO plugin v26.5 - https:\/\/yoast.com\/wordpress\/plugins\/seo\/ -->\n<title>Soldador y generador di\u00e9sel de tipo abierto de 4 kW &#8211; Excalibur Generator<\/title>\n<meta name=\"description\" content=\"La soldadora y generador di\u00e9sel de tipo abierto de 4 kW es una soluci\u00f3n potente y eficiente para la soldadura y la generaci\u00f3n de electricidad. Su dise\u00f1o abierto garantiza un f\u00e1cil acceso y mantenimiento, lo que mejora el rendimiento general.\" \/>\n<meta name=\"robots\" content=\"index, follow, max-snippet:-1, max-image-preview:large, max-video-preview:-1\" \/>\n<link rel=\"canonical\" href=\"https:\/\/www.excalibur-generator.com\/es\/soldador-y-generador-diesel-de-tipo-abierto-de-4-kw.html\" \/>\n<meta name=\"twitter:label1\" content=\"Tiempo de lectura\" \/>\n\t<meta name=\"twitter:data1\" content=\"1 minuto\" \/>\n<script type=\"application\/ld+json\" class=\"yoast-schema-graph\">{\"@context\":\"https:\/\/schema.org\",\"@graph\":[{\"@type\":\"WebPage\",\"@id\":\"https:\/\/www.excalibur-generator.com\/es\/soldador-y-generador-diesel-de-tipo-abierto-de-4-kw.html\",\"url\":\"https:\/\/www.excalibur-generator.com\/es\/soldador-y-generador-diesel-de-tipo-abierto-de-4-kw.html\",\"name\":\"Soldador y generador di\u00e9sel de tipo abierto de 4 kW &#8211; Excalibur Generator\",\"isPartOf\":{\"@id\":\"https:\/\/www.excalibur-generator.com\/es\/#website\"},\"primaryImageOfPage\":{\"@id\":\"https:\/\/www.excalibur-generator.com\/es\/soldador-y-generador-diesel-de-tipo-abierto-de-4-kw.html#primaryimage\"},\"image\":{\"@id\":\"https:\/\/www.excalibur-generator.com\/es\/soldador-y-generador-diesel-de-tipo-abierto-de-4-kw.html#primaryimage\"},\"thumbnailUrl\":\"https:\/\/www.excalibur-generator.com\/wp-content\/uploads\/2024\/05\/Open-diesel-welder-generator-1.webp\",\"datePublished\":\"2024-05-27T01:19:31+00:00\",\"dateModified\":\"2024-09-18T07:15:44+00:00\",\"description\":\"La soldadora y generador di\u00e9sel de tipo abierto de 4 kW es una soluci\u00f3n potente y eficiente para la soldadura y la generaci\u00f3n de electricidad. Su dise\u00f1o abierto garantiza un f\u00e1cil acceso y mantenimiento, lo que mejora el rendimiento general.\",\"breadcrumb\":{\"@id\":\"https:\/\/www.excalibur-generator.com\/es\/soldador-y-generador-diesel-de-tipo-abierto-de-4-kw.html#breadcrumb\"},\"inLanguage\":\"es\",\"potentialAction\":[{\"@type\":\"ReadAction\",\"target\":[\"https:\/\/www.excalibur-generator.com\/es\/soldador-y-generador-diesel-de-tipo-abierto-de-4-kw.html\"]}]},{\"@type\":\"ImageObject\",\"inLanguage\":\"es\",\"@id\":\"https:\/\/www.excalibur-generator.com\/es\/soldador-y-generador-diesel-de-tipo-abierto-de-4-kw.html#primaryimage\",\"url\":\"https:\/\/www.excalibur-generator.com\/wp-content\/uploads\/2024\/05\/Open-diesel-welder-generator-1.webp\",\"contentUrl\":\"https:\/\/www.excalibur-generator.com\/wp-content\/uploads\/2024\/05\/Open-diesel-welder-generator-1.webp\",\"width\":800,\"height\":800,\"caption\":\"Gerador soldador a diesel aberto\"},{\"@type\":\"BreadcrumbList\",\"@id\":\"https:\/\/www.excalibur-generator.com\/es\/soldador-y-generador-diesel-de-tipo-abierto-de-4-kw.html#breadcrumb\",\"itemListElement\":[{\"@type\":\"ListItem\",\"position\":1,\"name\":\"Home\",\"item\":\"https:\/\/www.excalibur-generator.com\/es\/inicio\/\"},{\"@type\":\"ListItem\",\"position\":2,\"name\":\"Productos\",\"item\":\"https:\/\/www.excalibur-generator.com\/es\/productos.html\"},{\"@type\":\"ListItem\",\"position\":3,\"name\":\"Soldador y generador diesel de tipo abierto de 4 kW\"}]},{\"@type\":\"WebSite\",\"@id\":\"https:\/\/www.excalibur-generator.com\/es\/#website\",\"url\":\"https:\/\/www.excalibur-generator.com\/es\/\",\"name\":\"Excalibur Generator\",\"description\":\"\",\"publisher\":{\"@id\":\"https:\/\/www.excalibur-generator.com\/es\/#organization\"},\"potentialAction\":[{\"@type\":\"SearchAction\",\"target\":{\"@type\":\"EntryPoint\",\"urlTemplate\":\"https:\/\/www.excalibur-generator.com\/es\/?s={search_term_string}\"},\"query-input\":{\"@type\":\"PropertyValueSpecification\",\"valueRequired\":true,\"valueName\":\"search_term_string\"}}],\"inLanguage\":\"es\"},{\"@type\":\"Organization\",\"@id\":\"https:\/\/www.excalibur-generator.com\/es\/#organization\",\"name\":\"Excalibur Generator\",\"url\":\"https:\/\/www.excalibur-generator.com\/es\/\",\"logo\":{\"@type\":\"ImageObject\",\"inLanguage\":\"es\",\"@id\":\"https:\/\/www.excalibur-generator.com\/es\/#\/schema\/logo\/image\/\",\"url\":\"https:\/\/www.excalibur-generator.com\/wp-content\/uploads\/2024\/05\/EXCALIBUR.png\",\"contentUrl\":\"https:\/\/www.excalibur-generator.com\/wp-content\/uploads\/2024\/05\/EXCALIBUR.png\",\"width\":350,\"height\":79,\"caption\":\"Excalibur Generator\"},\"image\":{\"@id\":\"https:\/\/www.excalibur-generator.com\/es\/#\/schema\/logo\/image\/\"}}]}<\/script>\n<!-- \/ Yoast SEO plugin. -->","yoast_head_json":{"title":"Soldador y generador di\u00e9sel de tipo abierto de 4 kW &#8211; Excalibur Generator","description":"La soldadora y generador di\u00e9sel de tipo abierto de 4 kW es una soluci\u00f3n potente y eficiente para la soldadura y la generaci\u00f3n de electricidad. Su dise\u00f1o abierto garantiza un f\u00e1cil acceso y mantenimiento, lo que mejora el rendimiento general.","robots":{"index":"index","follow":"follow","max-snippet":"max-snippet:-1","max-image-preview":"max-image-preview:large","max-video-preview":"max-video-preview:-1"},"canonical":"https:\/\/www.excalibur-generator.com\/es\/soldador-y-generador-diesel-de-tipo-abierto-de-4-kw.html","twitter_misc":{"Tiempo de lectura":"1 minuto"},"schema":{"@context":"https:\/\/schema.org","@graph":[{"@type":"WebPage","@id":"https:\/\/www.excalibur-generator.com\/es\/soldador-y-generador-diesel-de-tipo-abierto-de-4-kw.html","url":"https:\/\/www.excalibur-generator.com\/es\/soldador-y-generador-diesel-de-tipo-abierto-de-4-kw.html","name":"Soldador y generador di\u00e9sel de tipo abierto de 4 kW &#8211; Excalibur Generator","isPartOf":{"@id":"https:\/\/www.excalibur-generator.com\/es\/#website"},"primaryImageOfPage":{"@id":"https:\/\/www.excalibur-generator.com\/es\/soldador-y-generador-diesel-de-tipo-abierto-de-4-kw.html#primaryimage"},"image":{"@id":"https:\/\/www.excalibur-generator.com\/es\/soldador-y-generador-diesel-de-tipo-abierto-de-4-kw.html#primaryimage"},"thumbnailUrl":"https:\/\/www.excalibur-generator.com\/wp-content\/uploads\/2024\/05\/Open-diesel-welder-generator-1.webp","datePublished":"2024-05-27T01:19:31+00:00","dateModified":"2024-09-18T07:15:44+00:00","description":"La soldadora y generador di\u00e9sel de tipo abierto de 4 kW es una soluci\u00f3n potente y eficiente para la soldadura y la generaci\u00f3n de electricidad. Su dise\u00f1o abierto garantiza un f\u00e1cil acceso y mantenimiento, lo que mejora el rendimiento general.","breadcrumb":{"@id":"https:\/\/www.excalibur-generator.com\/es\/soldador-y-generador-diesel-de-tipo-abierto-de-4-kw.html#breadcrumb"},"inLanguage":"es","potentialAction":[{"@type":"ReadAction","target":["https:\/\/www.excalibur-generator.com\/es\/soldador-y-generador-diesel-de-tipo-abierto-de-4-kw.html"]}]},{"@type":"ImageObject","inLanguage":"es","@id":"https:\/\/www.excalibur-generator.com\/es\/soldador-y-generador-diesel-de-tipo-abierto-de-4-kw.html#primaryimage","url":"https:\/\/www.excalibur-generator.com\/wp-content\/uploads\/2024\/05\/Open-diesel-welder-generator-1.webp","contentUrl":"https:\/\/www.excalibur-generator.com\/wp-content\/uploads\/2024\/05\/Open-diesel-welder-generator-1.webp","width":800,"height":800,"caption":"Gerador soldador a diesel aberto"},{"@type":"BreadcrumbList","@id":"https:\/\/www.excalibur-generator.com\/es\/soldador-y-generador-diesel-de-tipo-abierto-de-4-kw.html#breadcrumb","itemListElement":[{"@type":"ListItem","position":1,"name":"Home","item":"https:\/\/www.excalibur-generator.com\/es\/inicio\/"},{"@type":"ListItem","position":2,"name":"Productos","item":"https:\/\/www.excalibur-generator.com\/es\/productos.html"},{"@type":"ListItem","position":3,"name":"Soldador y generador diesel de tipo abierto de 4 kW"}]},{"@type":"WebSite","@id":"https:\/\/www.excalibur-generator.com\/es\/#website","url":"https:\/\/www.excalibur-generator.com\/es\/","name":"Excalibur Generator","description":"","publisher":{"@id":"https:\/\/www.excalibur-generator.com\/es\/#organization"},"potentialAction":[{"@type":"SearchAction","target":{"@type":"EntryPoint","urlTemplate":"https:\/\/www.excalibur-generator.com\/es\/?s={search_term_string}"},"query-input":{"@type":"PropertyValueSpecification","valueRequired":true,"valueName":"search_term_string"}}],"inLanguage":"es"},{"@type":"Organization","@id":"https:\/\/www.excalibur-generator.com\/es\/#organization","name":"Excalibur Generator","url":"https:\/\/www.excalibur-generator.com\/es\/","logo":{"@type":"ImageObject","inLanguage":"es","@id":"https:\/\/www.excalibur-generator.com\/es\/#\/schema\/logo\/image\/","url":"https:\/\/www.excalibur-generator.com\/wp-content\/uploads\/2024\/05\/EXCALIBUR.png","contentUrl":"https:\/\/www.excalibur-generator.com\/wp-content\/uploads\/2024\/05\/EXCALIBUR.png","width":350,"height":79,"caption":"Excalibur Generator"},"image":{"@id":"https:\/\/www.excalibur-generator.com\/es\/#\/schema\/logo\/image\/"}}]}},"_links":{"self":[{"href":"https:\/\/www.excalibur-generator.com\/es\/wp-json\/wp\/v2\/product\/3890","targetHints":{"allow":["GET"]}}],"collection":[{"href":"https:\/\/www.excalibur-generator.com\/es\/wp-json\/wp\/v2\/product"}],"about":[{"href":"https:\/\/www.excalibur-generator.com\/es\/wp-json\/wp\/v2\/types\/product"}],"replies":[{"embeddable":true,"href":"https:\/\/www.excalibur-generator.com\/es\/wp-json\/wp\/v2\/comments?post=3890"}],"wp:featuredmedia":[{"embeddable":true,"href":"https:\/\/www.excalibur-generator.com\/es\/wp-json\/wp\/v2\/media\/3332"}],"wp:attachment":[{"href":"https:\/\/www.excalibur-generator.com\/es\/wp-json\/wp\/v2\/media?parent=3890"}],"wp:term":[{"taxonomy":"product_brand","embeddable":true,"href":"https:\/\/www.excalibur-generator.com\/es\/wp-json\/wp\/v2\/product_brand?post=3890"},{"taxonomy":"product_cat","embeddable":true,"href":"https:\/\/www.excalibur-generator.com\/es\/wp-json\/wp\/v2\/product_cat?post=3890"},{"taxonomy":"product_tag","embeddable":true,"href":"https:\/\/www.excalibur-generator.com\/es\/wp-json\/wp\/v2\/product_tag?post=3890"}],"curies":[{"name":"wp","href":"https:\/\/api.w.org\/{rel}","templated":true}]}}