{"id":3891,"date":"2024-05-27T09:14:56","date_gmt":"2024-05-27T01:14:56","guid":{"rendered":"https:\/\/www.excalibur-generator.com\/generador-inversor-de-gasolina-silencioso-de-3-kw-para-maletas\/"},"modified":"2024-09-18T15:25:04","modified_gmt":"2024-09-18T07:25:04","slug":"generador-inversor-de-gasolina-silencioso-de-3-kw-para-maletas","status":"publish","type":"product","link":"https:\/\/www.excalibur-generator.com\/es\/generador-inversor-de-gasolina-silencioso-de-3-kw-para-maletas.html","title":{"rendered":"Generador inversor de gasolina silencioso de 3 kW para maletas"},"content":{"rendered":"<p>\u25cf Tama\u00f1o peque\u00f1o, peso ligero, onda sinusoidal.<\/p>\n<p>\u25cf El sistema de control de inversor inteligente puede ajustar autom\u00e1ticamente la velocidad del motor seg\u00fan la situaci\u00f3n de carga para reducir el consumo de combustible.<\/p>\n<p>\u25cf Se puede cambiar libremente entre 50 HZ y 60 HZ y realizar 2 m\u00e1quinas en paralelo, m\u00e1s conveniente de usar.<\/p>\n<table align=\"center\">\n<colgroup>\n<col \/>\n<col \/><\/colgroup>\n<tbody>\n<tr class=\"firstRow\">\n<td>Modelo de generador<\/td>\n<td>S3100iS<\/td>\n<\/tr>\n<tr>\n<td>Tipo de generador<\/td>\n<td>GENERADOR INVERSOR<\/td>\n<\/tr>\n<tr>\n<td>Frecuencia CA (Hz)<\/td>\n<td>50<\/td>\n<\/tr>\n<tr>\n<td>Salida de CC (V\/A)<\/td>\n<td>12\/8.3<\/td>\n<\/tr>\n<tr>\n<td>Voltaje de salida de CA (V)<\/td>\n<td>230<\/td>\n<\/tr>\n<tr>\n<td>Corriente A<\/td>\n<td>13.0<\/td>\n<\/tr>\n<tr>\n<td>Salida CA continua (Kw)<\/td>\n<td>3.0<\/td>\n<\/tr>\n<tr>\n<td>Potencia de salida CA (Kw)<\/td>\n<td>3.3<\/td>\n<\/tr>\n<tr>\n<td>N\u00famero de fase<\/td>\n<td>Monof\u00e1sico<\/td>\n<\/tr>\n<tr>\n<td>Modelo de motor<\/td>\n<td>S185i<\/td>\n<\/tr>\n<tr>\n<td>Nivel de Nolce (7m@25%)(dB)<\/td>\n<td>70<\/td>\n<\/tr>\n<tr>\n<td>Tipo de motor<\/td>\n<td>Monocil\u00edndrico, refrigeraci\u00f3n por aire forzado, 4 tiempos<\/td>\n<\/tr>\n<tr>\n<td>Sistema de arranque<\/td>\n<td>Arranque recoleto<\/td>\n<\/tr>\n<tr>\n<td>Di\u00e1metro interior*carrera (mm)<\/td>\n<td>70&#215;48<\/td>\n<\/tr>\n<tr>\n<td>Capacidad del tanque de combustible (L)<\/td>\n<td>_5.0<\/td>\n<\/tr>\n<tr>\n<td>Capacidad de aceite (L)<\/td>\n<td>0.5<\/td>\n<\/tr>\n<tr>\n<td>Tomas de corriente<\/td>\n<td>Toma europea<\/td>\n<\/tr>\n<tr>\n<td>Dimensiones del producto<\/td>\n<td>588*415*531<\/td>\n<\/tr>\n<tr>\n<td>Dimensiones del embalaje (mm)<\/td>\n<td>608*435*555<\/td>\n<\/tr>\n<tr>\n<td>Peso neto (kg)<\/td>\n<td>29<\/td>\n<\/tr>\n<tr>\n<td>Desplazamiento (ml)<\/td>\n<td>185<\/td>\n<\/tr>\n<tr>\n<td>Consumo de combustible (g\/h)<\/td>\n<td>660<\/td>\n<\/tr>\n<tr>\n<td>Tiempo de funcionamiento continuo (h)<\/td>\n<td>7,5 (50% de carga)<\/td>\n<\/tr>\n<tr>\n<td>Certificaci\u00f3n<\/td>\n<td>EPA\/CARB\/CE\/EU5<\/td>\n<\/tr>\n<tr>\n<td>Protecci\u00f3n del aceite<\/td>\n<td>\u25cf<\/td>\n<\/tr>\n<tr>\n<td>Medidor de pantalla<\/td>\n<td>\u25cb<\/td>\n<\/tr>\n<tr>\n<td>Salida USB<\/td>\n<td>\u25cf<\/td>\n<\/tr>\n<tr>\n<td>Salida DC12V<\/td>\n<td>\u25cf<\/td>\n<\/tr>\n<tr>\n<td>Salida del encendedor<\/td>\n<td>\u25cb<\/td>\n<\/tr>\n<tr>\n<td>Modo de inicio<\/td>\n<td>\u25cb<\/td>\n<\/tr>\n<tr>\n<td>Arranque remoto<\/td>\n<td>\u25cb<\/td>\n<\/tr>\n<tr>\n<td>Modo paralelo<\/td>\n<td>\u25cf<\/td>\n<\/tr>\n<tr>\n<td>Distorsi\u00f3n arm\u00f3nica total (%)<\/td>\n<td>\u22643<\/td>\n<\/tr>\n<\/tbody>\n<\/table>\n","protected":false},"excerpt":{"rendered":"<p><strong>Modelo:<\/strong><\/p>\n<div>S3100iS<\/div>\n<div><\/div>\n<div><strong>Salida de CA continua:<\/strong><\/div>\n<div>3KW<\/div>\n<div><\/div>\n<div><strong>Salida de CC:<\/strong><\/div>\n<div>12 V\/8,3 A<\/div>\n<div><\/div>\n<div><strong>Nivel Nosie (7 m) db(A):<\/strong><\/div>\n<div>70<\/div>\n","protected":false},"featured_media":10957,"comment_status":"open","ping_status":"closed","template":"","meta":{"site-sidebar-layout":"default","site-content-layout":"","ast-site-content-layout":"default","site-content-style":"default","site-sidebar-style":"default","ast-global-header-display":"","ast-banner-title-visibility":"","ast-main-header-display":"","ast-hfb-above-header-display":"","ast-hfb-below-header-display":"","ast-hfb-mobile-header-display":"","site-post-title":"","ast-breadcrumbs-content":"","ast-featured-img":"","footer-sml-layout":"","theme-transparent-header-meta":"default","adv-header-id-meta":"","stick-header-meta":"","header-above-stick-meta":"","header-main-stick-meta":"","header-below-stick-meta":"","astra-migrate-meta-layouts":"set","ast-page-background-enabled":"default","ast-page-background-meta":{"desktop":{"background-color":"var(--ast-global-color-4)","background-image":"","background-repeat":"repeat","background-position":"center center","background-size":"auto","background-attachment":"scroll","background-type":"","background-media":"","overlay-type":"","overlay-color":"","overlay-opacity":"","overlay-gradient":""},"tablet":{"background-color":"","background-image":"","background-repeat":"repeat","background-position":"center center","background-size":"auto","background-attachment":"scroll","background-type":"","background-media":"","overlay-type":"","overlay-color":"","overlay-opacity":"","overlay-gradient":""},"mobile":{"background-color":"","background-image":"","background-repeat":"repeat","background-position":"center center","background-size":"auto","background-attachment":"scroll","background-type":"","background-media":"","overlay-type":"","overlay-color":"","overlay-opacity":"","overlay-gradient":""}},"ast-content-background-meta":{"desktop":{"background-color":"var(--ast-global-color-5)","background-image":"","background-repeat":"repeat","background-position":"center center","background-size":"auto","background-attachment":"scroll","background-type":"","background-media":"","overlay-type":"","overlay-color":"","overlay-opacity":"","overlay-gradient":""},"tablet":{"background-color":"var(--ast-global-color-5)","background-image":"","background-repeat":"repeat","background-position":"center center","background-size":"auto","background-attachment":"scroll","background-type":"","background-media":"","overlay-type":"","overlay-color":"","overlay-opacity":"","overlay-gradient":""},"mobile":{"background-color":"var(--ast-global-color-5)","background-image":"","background-repeat":"repeat","background-position":"center center","background-size":"auto","background-attachment":"scroll","background-type":"","background-media":"","overlay-type":"","overlay-color":"","overlay-opacity":"","overlay-gradient":""}}},"product_brand":[],"product_cat":[43],"product_tag":[56],"class_list":{"0":"post-3891","1":"product","2":"type-product","3":"status-publish","4":"has-post-thumbnail","6":"product_cat-sin-categorizar","7":"product_tag-generador-silencioso","8":"desktop-align-left","9":"tablet-align-left","10":"mobile-align-left","12":"first","13":"instock","14":"shipping-taxable","15":"product-type-simple"},"yoast_head":"<!-- This site is optimized with the Yoast SEO plugin v26.5 - https:\/\/yoast.com\/wordpress\/plugins\/seo\/ -->\n<title>Generador inversor de gasolina silencioso de 3 kW para maletas &#8211; Excalibur Generator<\/title>\n<meta name=\"description\" content=\"El generador inversor de gasolina silencioso de 3 kW para maleta ofrece energ\u00eda silenciosa y port\u00e1til. Con tecnolog\u00eda avanzada, garantiza un funcionamiento suave y confiable, lo que lo hace perfecto para campamentos, eventos al aire libre y emergencias.\" \/>\n<meta name=\"robots\" content=\"index, follow, max-snippet:-1, max-image-preview:large, max-video-preview:-1\" \/>\n<link rel=\"canonical\" href=\"https:\/\/www.excalibur-generator.com\/es\/generador-inversor-de-gasolina-silencioso-de-3-kw-para-maletas.html\" \/>\n<meta name=\"twitter:label1\" content=\"Tiempo de lectura\" \/>\n\t<meta name=\"twitter:data1\" content=\"2 minutos\" \/>\n<script type=\"application\/ld+json\" class=\"yoast-schema-graph\">{\"@context\":\"https:\/\/schema.org\",\"@graph\":[{\"@type\":\"WebPage\",\"@id\":\"https:\/\/www.excalibur-generator.com\/es\/generador-inversor-de-gasolina-silencioso-de-3-kw-para-maletas.html\",\"url\":\"https:\/\/www.excalibur-generator.com\/es\/generador-inversor-de-gasolina-silencioso-de-3-kw-para-maletas.html\",\"name\":\"Generador inversor de gasolina silencioso de 3 kW para maletas &#8211; Excalibur Generator\",\"isPartOf\":{\"@id\":\"https:\/\/www.excalibur-generator.com\/es\/#website\"},\"primaryImageOfPage\":{\"@id\":\"https:\/\/www.excalibur-generator.com\/es\/generador-inversor-de-gasolina-silencioso-de-3-kw-para-maletas.html#primaryimage\"},\"image\":{\"@id\":\"https:\/\/www.excalibur-generator.com\/es\/generador-inversor-de-gasolina-silencioso-de-3-kw-para-maletas.html#primaryimage\"},\"thumbnailUrl\":\"https:\/\/www.excalibur-generator.com\/wp-content\/uploads\/2024\/05\/3kw-Silent-Petrol-Suitcase-Inverter-Generator.webp\",\"datePublished\":\"2024-05-27T01:14:56+00:00\",\"dateModified\":\"2024-09-18T07:25:04+00:00\",\"description\":\"El generador inversor de gasolina silencioso de 3 kW para maleta ofrece energ\u00eda silenciosa y port\u00e1til. Con tecnolog\u00eda avanzada, garantiza un funcionamiento suave y confiable, lo que lo hace perfecto para campamentos, eventos al aire libre y emergencias.\",\"breadcrumb\":{\"@id\":\"https:\/\/www.excalibur-generator.com\/es\/generador-inversor-de-gasolina-silencioso-de-3-kw-para-maletas.html#breadcrumb\"},\"inLanguage\":\"es\",\"potentialAction\":[{\"@type\":\"ReadAction\",\"target\":[\"https:\/\/www.excalibur-generator.com\/es\/generador-inversor-de-gasolina-silencioso-de-3-kw-para-maletas.html\"]}]},{\"@type\":\"ImageObject\",\"inLanguage\":\"es\",\"@id\":\"https:\/\/www.excalibur-generator.com\/es\/generador-inversor-de-gasolina-silencioso-de-3-kw-para-maletas.html#primaryimage\",\"url\":\"https:\/\/www.excalibur-generator.com\/wp-content\/uploads\/2024\/05\/3kw-Silent-Petrol-Suitcase-Inverter-Generator.webp\",\"contentUrl\":\"https:\/\/www.excalibur-generator.com\/wp-content\/uploads\/2024\/05\/3kw-Silent-Petrol-Suitcase-Inverter-Generator.webp\",\"width\":800,\"height\":800,\"caption\":\"3kw Silent Petrol Suitcase Inverter Generator\"},{\"@type\":\"BreadcrumbList\",\"@id\":\"https:\/\/www.excalibur-generator.com\/es\/generador-inversor-de-gasolina-silencioso-de-3-kw-para-maletas.html#breadcrumb\",\"itemListElement\":[{\"@type\":\"ListItem\",\"position\":1,\"name\":\"Home\",\"item\":\"https:\/\/www.excalibur-generator.com\/es\/inicio\/\"},{\"@type\":\"ListItem\",\"position\":2,\"name\":\"Productos\",\"item\":\"https:\/\/www.excalibur-generator.com\/es\/productos.html\"},{\"@type\":\"ListItem\",\"position\":3,\"name\":\"Generador inversor de gasolina silencioso de 3 kW para maletas\"}]},{\"@type\":\"WebSite\",\"@id\":\"https:\/\/www.excalibur-generator.com\/es\/#website\",\"url\":\"https:\/\/www.excalibur-generator.com\/es\/\",\"name\":\"Excalibur Generator\",\"description\":\"\",\"publisher\":{\"@id\":\"https:\/\/www.excalibur-generator.com\/es\/#organization\"},\"potentialAction\":[{\"@type\":\"SearchAction\",\"target\":{\"@type\":\"EntryPoint\",\"urlTemplate\":\"https:\/\/www.excalibur-generator.com\/es\/?s={search_term_string}\"},\"query-input\":{\"@type\":\"PropertyValueSpecification\",\"valueRequired\":true,\"valueName\":\"search_term_string\"}}],\"inLanguage\":\"es\"},{\"@type\":\"Organization\",\"@id\":\"https:\/\/www.excalibur-generator.com\/es\/#organization\",\"name\":\"Excalibur Generator\",\"url\":\"https:\/\/www.excalibur-generator.com\/es\/\",\"logo\":{\"@type\":\"ImageObject\",\"inLanguage\":\"es\",\"@id\":\"https:\/\/www.excalibur-generator.com\/es\/#\/schema\/logo\/image\/\",\"url\":\"https:\/\/www.excalibur-generator.com\/wp-content\/uploads\/2024\/05\/EXCALIBUR.png\",\"contentUrl\":\"https:\/\/www.excalibur-generator.com\/wp-content\/uploads\/2024\/05\/EXCALIBUR.png\",\"width\":350,\"height\":79,\"caption\":\"Excalibur Generator\"},\"image\":{\"@id\":\"https:\/\/www.excalibur-generator.com\/es\/#\/schema\/logo\/image\/\"}}]}<\/script>\n<!-- \/ Yoast SEO plugin. -->","yoast_head_json":{"title":"Generador inversor de gasolina silencioso de 3 kW para maletas &#8211; Excalibur Generator","description":"El generador inversor de gasolina silencioso de 3 kW para maleta ofrece energ\u00eda silenciosa y port\u00e1til. Con tecnolog\u00eda avanzada, garantiza un funcionamiento suave y confiable, lo que lo hace perfecto para campamentos, eventos al aire libre y emergencias.","robots":{"index":"index","follow":"follow","max-snippet":"max-snippet:-1","max-image-preview":"max-image-preview:large","max-video-preview":"max-video-preview:-1"},"canonical":"https:\/\/www.excalibur-generator.com\/es\/generador-inversor-de-gasolina-silencioso-de-3-kw-para-maletas.html","twitter_misc":{"Tiempo de lectura":"2 minutos"},"schema":{"@context":"https:\/\/schema.org","@graph":[{"@type":"WebPage","@id":"https:\/\/www.excalibur-generator.com\/es\/generador-inversor-de-gasolina-silencioso-de-3-kw-para-maletas.html","url":"https:\/\/www.excalibur-generator.com\/es\/generador-inversor-de-gasolina-silencioso-de-3-kw-para-maletas.html","name":"Generador inversor de gasolina silencioso de 3 kW para maletas &#8211; Excalibur Generator","isPartOf":{"@id":"https:\/\/www.excalibur-generator.com\/es\/#website"},"primaryImageOfPage":{"@id":"https:\/\/www.excalibur-generator.com\/es\/generador-inversor-de-gasolina-silencioso-de-3-kw-para-maletas.html#primaryimage"},"image":{"@id":"https:\/\/www.excalibur-generator.com\/es\/generador-inversor-de-gasolina-silencioso-de-3-kw-para-maletas.html#primaryimage"},"thumbnailUrl":"https:\/\/www.excalibur-generator.com\/wp-content\/uploads\/2024\/05\/3kw-Silent-Petrol-Suitcase-Inverter-Generator.webp","datePublished":"2024-05-27T01:14:56+00:00","dateModified":"2024-09-18T07:25:04+00:00","description":"El generador inversor de gasolina silencioso de 3 kW para maleta ofrece energ\u00eda silenciosa y port\u00e1til. Con tecnolog\u00eda avanzada, garantiza un funcionamiento suave y confiable, lo que lo hace perfecto para campamentos, eventos al aire libre y emergencias.","breadcrumb":{"@id":"https:\/\/www.excalibur-generator.com\/es\/generador-inversor-de-gasolina-silencioso-de-3-kw-para-maletas.html#breadcrumb"},"inLanguage":"es","potentialAction":[{"@type":"ReadAction","target":["https:\/\/www.excalibur-generator.com\/es\/generador-inversor-de-gasolina-silencioso-de-3-kw-para-maletas.html"]}]},{"@type":"ImageObject","inLanguage":"es","@id":"https:\/\/www.excalibur-generator.com\/es\/generador-inversor-de-gasolina-silencioso-de-3-kw-para-maletas.html#primaryimage","url":"https:\/\/www.excalibur-generator.com\/wp-content\/uploads\/2024\/05\/3kw-Silent-Petrol-Suitcase-Inverter-Generator.webp","contentUrl":"https:\/\/www.excalibur-generator.com\/wp-content\/uploads\/2024\/05\/3kw-Silent-Petrol-Suitcase-Inverter-Generator.webp","width":800,"height":800,"caption":"3kw Silent Petrol Suitcase Inverter Generator"},{"@type":"BreadcrumbList","@id":"https:\/\/www.excalibur-generator.com\/es\/generador-inversor-de-gasolina-silencioso-de-3-kw-para-maletas.html#breadcrumb","itemListElement":[{"@type":"ListItem","position":1,"name":"Home","item":"https:\/\/www.excalibur-generator.com\/es\/inicio\/"},{"@type":"ListItem","position":2,"name":"Productos","item":"https:\/\/www.excalibur-generator.com\/es\/productos.html"},{"@type":"ListItem","position":3,"name":"Generador inversor de gasolina silencioso de 3 kW para maletas"}]},{"@type":"WebSite","@id":"https:\/\/www.excalibur-generator.com\/es\/#website","url":"https:\/\/www.excalibur-generator.com\/es\/","name":"Excalibur Generator","description":"","publisher":{"@id":"https:\/\/www.excalibur-generator.com\/es\/#organization"},"potentialAction":[{"@type":"SearchAction","target":{"@type":"EntryPoint","urlTemplate":"https:\/\/www.excalibur-generator.com\/es\/?s={search_term_string}"},"query-input":{"@type":"PropertyValueSpecification","valueRequired":true,"valueName":"search_term_string"}}],"inLanguage":"es"},{"@type":"Organization","@id":"https:\/\/www.excalibur-generator.com\/es\/#organization","name":"Excalibur Generator","url":"https:\/\/www.excalibur-generator.com\/es\/","logo":{"@type":"ImageObject","inLanguage":"es","@id":"https:\/\/www.excalibur-generator.com\/es\/#\/schema\/logo\/image\/","url":"https:\/\/www.excalibur-generator.com\/wp-content\/uploads\/2024\/05\/EXCALIBUR.png","contentUrl":"https:\/\/www.excalibur-generator.com\/wp-content\/uploads\/2024\/05\/EXCALIBUR.png","width":350,"height":79,"caption":"Excalibur Generator"},"image":{"@id":"https:\/\/www.excalibur-generator.com\/es\/#\/schema\/logo\/image\/"}}]}},"_links":{"self":[{"href":"https:\/\/www.excalibur-generator.com\/es\/wp-json\/wp\/v2\/product\/3891","targetHints":{"allow":["GET"]}}],"collection":[{"href":"https:\/\/www.excalibur-generator.com\/es\/wp-json\/wp\/v2\/product"}],"about":[{"href":"https:\/\/www.excalibur-generator.com\/es\/wp-json\/wp\/v2\/types\/product"}],"replies":[{"embeddable":true,"href":"https:\/\/www.excalibur-generator.com\/es\/wp-json\/wp\/v2\/comments?post=3891"}],"wp:featuredmedia":[{"embeddable":true,"href":"https:\/\/www.excalibur-generator.com\/es\/wp-json\/wp\/v2\/media\/10957"}],"wp:attachment":[{"href":"https:\/\/www.excalibur-generator.com\/es\/wp-json\/wp\/v2\/media?parent=3891"}],"wp:term":[{"taxonomy":"product_brand","embeddable":true,"href":"https:\/\/www.excalibur-generator.com\/es\/wp-json\/wp\/v2\/product_brand?post=3891"},{"taxonomy":"product_cat","embeddable":true,"href":"https:\/\/www.excalibur-generator.com\/es\/wp-json\/wp\/v2\/product_cat?post=3891"},{"taxonomy":"product_tag","embeddable":true,"href":"https:\/\/www.excalibur-generator.com\/es\/wp-json\/wp\/v2\/product_tag?post=3891"}],"curies":[{"name":"wp","href":"https:\/\/api.w.org\/{rel}","templated":true}]}}