{"id":3892,"date":"2024-05-27T09:11:32","date_gmt":"2024-05-27T01:11:32","guid":{"rendered":"https:\/\/www.excalibur-generator.com\/generador-inversor-de-gasolina-silencioso-de-8-kw-de-alta-calidad\/"},"modified":"2024-09-18T15:41:40","modified_gmt":"2024-09-18T07:41:40","slug":"generador-inversor-de-gasolina-silencioso-de-8-kw-de-alta-calidad","status":"publish","type":"product","link":"https:\/\/www.excalibur-generator.com\/es\/generador-inversor-de-gasolina-silencioso-de-8-kw-de-alta-calidad.html","title":{"rendered":"Generador inversor de gasolina silencioso de 8 kW de alta calidad"},"content":{"rendered":"<p>\u25cf F\u00e1cil de reparar, desmontar y mantener.<\/p>\n<p>\u25cf F\u00e1cil de arrancar: se puede arrancar con \u00e9xito en tres veces a temperaturas de -5 a 40 C.<\/p>\n<p>\u25cf Larga vida \u00fatil: utiliza bater\u00eda de litio y no necesita energ\u00eda suplementaria en 2 a\u00f1os.<\/p>\n<p>\u25cf M\u00faltiples configuraciones opcionales: arranque remoto, arranque con un bot\u00f3n, reinicio, USB, conexi\u00f3n de red y otros.<\/p>\n<p>\u25cf Usando un motor paso a paso y un carburador para controlar, puede realizar arranque con un bot\u00f3n, control remoto y control remoto de APP.<\/p>\n<table align=\"center\">\n<colgroup>\n<col \/>\n<col \/><\/colgroup>\n<tbody>\n<tr class=\"firstRow\">\n<td>Modelo de generador<\/td>\n<td>S81000iE<\/td>\n<\/tr>\n<tr>\n<td>Tipo de generador<\/td>\n<td>GENERADOR INVERSOR<\/td>\n<\/tr>\n<tr>\n<td>Frecuencia CA (Hz)<\/td>\n<td>50<\/td>\n<\/tr>\n<tr>\n<td>Salida de CC (V\/A)<\/td>\n<td>12\/8.3<\/td>\n<\/tr>\n<tr>\n<td>Voltaje de salida de CA (V)<\/td>\n<td>230<\/td>\n<\/tr>\n<tr>\n<td>Corriente A<\/td>\n<td>32.6<\/td>\n<\/tr>\n<tr>\n<td>Salida CA continua (Kw)<\/td>\n<td>7.5<\/td>\n<\/tr>\n<tr>\n<td>Potencia de salida CA (Kw)<\/td>\n<td>8.0<\/td>\n<\/tr>\n<tr>\n<td>N\u00famero de fase<\/td>\n<td>Monof\u00e1sico<\/td>\n<\/tr>\n<tr>\n<td>Modelo de motor<\/td>\n<td>S420i<\/td>\n<\/tr>\n<tr>\n<td>Nivel de ruido (7 m al 25 %) (dB)<\/td>\n<td>76<\/td>\n<\/tr>\n<tr>\n<td>Tipo de motor<\/td>\n<td>Monocil\u00edndrico, refrigeraci\u00f3n por aire forzado, 4 tiempos<\/td>\n<\/tr>\n<tr>\n<td>Sistema de arranque<\/td>\n<td>Arranque manual \/ Arranque el\u00e9ctrico \/ Arranque a distancia<\/td>\n<\/tr>\n<tr>\n<td>Di\u00e1metro interior*carrera (mm)<\/td>\n<td>90&#215;66<\/td>\n<\/tr>\n<tr>\n<td>Capacidad del tanque de combustible (L)<\/td>\n<td>24<\/td>\n<\/tr>\n<tr>\n<td>Capacidad de aceite (L)<\/td>\n<td>1.1<\/td>\n<\/tr>\n<tr>\n<td>Tomas de corriente<\/td>\n<td>Toma europea<\/td>\n<\/tr>\n<tr>\n<td>Dimensiones del producto<\/td>\n<td>699*641*643<\/td>\n<\/tr>\n<tr>\n<td>Dimensiones del embalaje (mm)<\/td>\n<td>725*661*670<\/td>\n<\/tr>\n<tr>\n<td>Peso neto (kg)<\/td>\n<td>76<\/td>\n<\/tr>\n<tr>\n<td>Desplazamiento t(ml)<\/td>\n<td>420<\/td>\n<\/tr>\n<tr>\n<td>Consumo de combustible (g\/h)<\/td>\n<td>3000<\/td>\n<\/tr>\n<tr>\n<td>Tiempo de funcionamiento continuo (h)<\/td>\n<td>8(50% de carga)<\/td>\n<\/tr>\n<tr>\n<td>Proceso de dar un t\u00edtulo<\/td>\n<td>EPA\/CARB\/CE\/EU5<\/td>\n<\/tr>\n<tr>\n<td>Protecci\u00f3n del aceite<\/td>\n<td>\u25cf<\/td>\n<\/tr>\n<tr>\n<td>Medidor de pantalla<\/td>\n<td>\u25cf<\/td>\n<\/tr>\n<tr>\n<td>Salida USB<\/td>\n<td>\u25cf<\/td>\n<\/tr>\n<tr>\n<td>Salida DC12V<\/td>\n<td>\u25cf<\/td>\n<\/tr>\n<tr>\n<td>Salida del encendedor<\/td>\n<td>\u25cb<\/td>\n<\/tr>\n<tr>\n<td>Modo de inicio<\/td>\n<td>\u25cf<\/td>\n<\/tr>\n<tr>\n<td>Arranque remoto<\/td>\n<td>\u25cf<\/td>\n<\/tr>\n<tr>\n<td>Modo paralelo<\/td>\n<td>\u25cf<\/td>\n<\/tr>\n<tr>\n<td>Distorsi\u00f3n arm\u00f3nica total (%)<\/td>\n<td>\u22643<\/td>\n<\/tr>\n<\/tbody>\n<\/table>\n","protected":false},"excerpt":{"rendered":"<p><strong>Modelo:<\/strong><\/p>\n<div>S8000iE<\/div>\n<div><\/div>\n<div><strong>Salida de CA continua:<\/strong><\/div>\n<div>7.5KW<\/div>\n<div><\/div>\n<div><strong>Salida de CC:<\/strong><\/div>\n<div>12 V\/8,3 A<\/div>\n<div><\/div>\n<div><strong>Nivel Nosie (7 m) db(A):<\/strong><\/div>\n<div>76<\/div>\n","protected":false},"featured_media":3330,"comment_status":"open","ping_status":"closed","template":"","meta":{"site-sidebar-layout":"default","site-content-layout":"","ast-site-content-layout":"default","site-content-style":"default","site-sidebar-style":"default","ast-global-header-display":"","ast-banner-title-visibility":"","ast-main-header-display":"","ast-hfb-above-header-display":"","ast-hfb-below-header-display":"","ast-hfb-mobile-header-display":"","site-post-title":"","ast-breadcrumbs-content":"","ast-featured-img":"","footer-sml-layout":"","theme-transparent-header-meta":"default","adv-header-id-meta":"","stick-header-meta":"","header-above-stick-meta":"","header-main-stick-meta":"","header-below-stick-meta":"","astra-migrate-meta-layouts":"set","ast-page-background-enabled":"default","ast-page-background-meta":{"desktop":{"background-color":"var(--ast-global-color-4)","background-image":"","background-repeat":"repeat","background-position":"center center","background-size":"auto","background-attachment":"scroll","background-type":"","background-media":"","overlay-type":"","overlay-color":"","overlay-opacity":"","overlay-gradient":""},"tablet":{"background-color":"","background-image":"","background-repeat":"repeat","background-position":"center center","background-size":"auto","background-attachment":"scroll","background-type":"","background-media":"","overlay-type":"","overlay-color":"","overlay-opacity":"","overlay-gradient":""},"mobile":{"background-color":"","background-image":"","background-repeat":"repeat","background-position":"center center","background-size":"auto","background-attachment":"scroll","background-type":"","background-media":"","overlay-type":"","overlay-color":"","overlay-opacity":"","overlay-gradient":""}},"ast-content-background-meta":{"desktop":{"background-color":"var(--ast-global-color-5)","background-image":"","background-repeat":"repeat","background-position":"center center","background-size":"auto","background-attachment":"scroll","background-type":"","background-media":"","overlay-type":"","overlay-color":"","overlay-opacity":"","overlay-gradient":""},"tablet":{"background-color":"var(--ast-global-color-5)","background-image":"","background-repeat":"repeat","background-position":"center center","background-size":"auto","background-attachment":"scroll","background-type":"","background-media":"","overlay-type":"","overlay-color":"","overlay-opacity":"","overlay-gradient":""},"mobile":{"background-color":"var(--ast-global-color-5)","background-image":"","background-repeat":"repeat","background-position":"center center","background-size":"auto","background-attachment":"scroll","background-type":"","background-media":"","overlay-type":"","overlay-color":"","overlay-opacity":"","overlay-gradient":""}}},"product_brand":[],"product_cat":[43],"product_tag":[56],"class_list":{"0":"post-3892","1":"product","2":"type-product","3":"status-publish","4":"has-post-thumbnail","6":"product_cat-sin-categorizar","7":"product_tag-generador-silencioso","8":"desktop-align-left","9":"tablet-align-left","10":"mobile-align-left","12":"first","13":"instock","14":"shipping-taxable","15":"product-type-simple"},"yoast_head":"<!-- This site is optimized with the Yoast SEO plugin v26.5 - https:\/\/yoast.com\/wordpress\/plugins\/seo\/ -->\n<title>Generador inversor de gasolina silencioso de 8 kW de alta calidad &#8211; Excalibur Generator<\/title>\n<meta name=\"description\" content=\"El generador inversor de gasolina silencioso de 8 kW de alta calidad combina potencia y silencio. Dise\u00f1ado para lograr eficiencia y bajo nivel de ruido, ofrece electricidad confiable, adecuada para diversas aplicaciones donde el funcionamiento silencioso es crucial.\" \/>\n<meta name=\"robots\" content=\"index, follow, max-snippet:-1, max-image-preview:large, max-video-preview:-1\" \/>\n<link rel=\"canonical\" href=\"https:\/\/www.excalibur-generator.com\/es\/generador-inversor-de-gasolina-silencioso-de-8-kw-de-alta-calidad.html\" \/>\n<meta name=\"twitter:label1\" content=\"Tiempo de lectura\" \/>\n\t<meta name=\"twitter:data1\" content=\"2 minutos\" \/>\n<script type=\"application\/ld+json\" class=\"yoast-schema-graph\">{\"@context\":\"https:\/\/schema.org\",\"@graph\":[{\"@type\":\"WebPage\",\"@id\":\"https:\/\/www.excalibur-generator.com\/es\/generador-inversor-de-gasolina-silencioso-de-8-kw-de-alta-calidad.html\",\"url\":\"https:\/\/www.excalibur-generator.com\/es\/generador-inversor-de-gasolina-silencioso-de-8-kw-de-alta-calidad.html\",\"name\":\"Generador inversor de gasolina silencioso de 8 kW de alta calidad &#8211; Excalibur Generator\",\"isPartOf\":{\"@id\":\"https:\/\/www.excalibur-generator.com\/es\/#website\"},\"primaryImageOfPage\":{\"@id\":\"https:\/\/www.excalibur-generator.com\/es\/generador-inversor-de-gasolina-silencioso-de-8-kw-de-alta-calidad.html#primaryimage\"},\"image\":{\"@id\":\"https:\/\/www.excalibur-generator.com\/es\/generador-inversor-de-gasolina-silencioso-de-8-kw-de-alta-calidad.html#primaryimage\"},\"thumbnailUrl\":\"https:\/\/www.excalibur-generator.com\/wp-content\/uploads\/2024\/05\/Inverter-Gasoline-Generator-Silent.webp\",\"datePublished\":\"2024-05-27T01:11:32+00:00\",\"dateModified\":\"2024-09-18T07:41:40+00:00\",\"description\":\"El generador inversor de gasolina silencioso de 8 kW de alta calidad combina potencia y silencio. Dise\u00f1ado para lograr eficiencia y bajo nivel de ruido, ofrece electricidad confiable, adecuada para diversas aplicaciones donde el funcionamiento silencioso es crucial.\",\"breadcrumb\":{\"@id\":\"https:\/\/www.excalibur-generator.com\/es\/generador-inversor-de-gasolina-silencioso-de-8-kw-de-alta-calidad.html#breadcrumb\"},\"inLanguage\":\"es\",\"potentialAction\":[{\"@type\":\"ReadAction\",\"target\":[\"https:\/\/www.excalibur-generator.com\/es\/generador-inversor-de-gasolina-silencioso-de-8-kw-de-alta-calidad.html\"]}]},{\"@type\":\"ImageObject\",\"inLanguage\":\"es\",\"@id\":\"https:\/\/www.excalibur-generator.com\/es\/generador-inversor-de-gasolina-silencioso-de-8-kw-de-alta-calidad.html#primaryimage\",\"url\":\"https:\/\/www.excalibur-generator.com\/wp-content\/uploads\/2024\/05\/Inverter-Gasoline-Generator-Silent.webp\",\"contentUrl\":\"https:\/\/www.excalibur-generator.com\/wp-content\/uploads\/2024\/05\/Inverter-Gasoline-Generator-Silent.webp\",\"width\":800,\"height\":800,\"caption\":\"Generador de gasolina inversor silencioso\"},{\"@type\":\"BreadcrumbList\",\"@id\":\"https:\/\/www.excalibur-generator.com\/es\/generador-inversor-de-gasolina-silencioso-de-8-kw-de-alta-calidad.html#breadcrumb\",\"itemListElement\":[{\"@type\":\"ListItem\",\"position\":1,\"name\":\"Home\",\"item\":\"https:\/\/www.excalibur-generator.com\/es\/inicio\/\"},{\"@type\":\"ListItem\",\"position\":2,\"name\":\"Productos\",\"item\":\"https:\/\/www.excalibur-generator.com\/es\/productos.html\"},{\"@type\":\"ListItem\",\"position\":3,\"name\":\"Generador inversor de gasolina silencioso de 8 kW de alta calidad\"}]},{\"@type\":\"WebSite\",\"@id\":\"https:\/\/www.excalibur-generator.com\/es\/#website\",\"url\":\"https:\/\/www.excalibur-generator.com\/es\/\",\"name\":\"Excalibur Generator\",\"description\":\"\",\"publisher\":{\"@id\":\"https:\/\/www.excalibur-generator.com\/es\/#organization\"},\"potentialAction\":[{\"@type\":\"SearchAction\",\"target\":{\"@type\":\"EntryPoint\",\"urlTemplate\":\"https:\/\/www.excalibur-generator.com\/es\/?s={search_term_string}\"},\"query-input\":{\"@type\":\"PropertyValueSpecification\",\"valueRequired\":true,\"valueName\":\"search_term_string\"}}],\"inLanguage\":\"es\"},{\"@type\":\"Organization\",\"@id\":\"https:\/\/www.excalibur-generator.com\/es\/#organization\",\"name\":\"Excalibur Generator\",\"url\":\"https:\/\/www.excalibur-generator.com\/es\/\",\"logo\":{\"@type\":\"ImageObject\",\"inLanguage\":\"es\",\"@id\":\"https:\/\/www.excalibur-generator.com\/es\/#\/schema\/logo\/image\/\",\"url\":\"https:\/\/www.excalibur-generator.com\/wp-content\/uploads\/2024\/05\/EXCALIBUR.png\",\"contentUrl\":\"https:\/\/www.excalibur-generator.com\/wp-content\/uploads\/2024\/05\/EXCALIBUR.png\",\"width\":350,\"height\":79,\"caption\":\"Excalibur Generator\"},\"image\":{\"@id\":\"https:\/\/www.excalibur-generator.com\/es\/#\/schema\/logo\/image\/\"}}]}<\/script>\n<!-- \/ Yoast SEO plugin. -->","yoast_head_json":{"title":"Generador inversor de gasolina silencioso de 8 kW de alta calidad &#8211; Excalibur Generator","description":"El generador inversor de gasolina silencioso de 8 kW de alta calidad combina potencia y silencio. Dise\u00f1ado para lograr eficiencia y bajo nivel de ruido, ofrece electricidad confiable, adecuada para diversas aplicaciones donde el funcionamiento silencioso es crucial.","robots":{"index":"index","follow":"follow","max-snippet":"max-snippet:-1","max-image-preview":"max-image-preview:large","max-video-preview":"max-video-preview:-1"},"canonical":"https:\/\/www.excalibur-generator.com\/es\/generador-inversor-de-gasolina-silencioso-de-8-kw-de-alta-calidad.html","twitter_misc":{"Tiempo de lectura":"2 minutos"},"schema":{"@context":"https:\/\/schema.org","@graph":[{"@type":"WebPage","@id":"https:\/\/www.excalibur-generator.com\/es\/generador-inversor-de-gasolina-silencioso-de-8-kw-de-alta-calidad.html","url":"https:\/\/www.excalibur-generator.com\/es\/generador-inversor-de-gasolina-silencioso-de-8-kw-de-alta-calidad.html","name":"Generador inversor de gasolina silencioso de 8 kW de alta calidad &#8211; Excalibur Generator","isPartOf":{"@id":"https:\/\/www.excalibur-generator.com\/es\/#website"},"primaryImageOfPage":{"@id":"https:\/\/www.excalibur-generator.com\/es\/generador-inversor-de-gasolina-silencioso-de-8-kw-de-alta-calidad.html#primaryimage"},"image":{"@id":"https:\/\/www.excalibur-generator.com\/es\/generador-inversor-de-gasolina-silencioso-de-8-kw-de-alta-calidad.html#primaryimage"},"thumbnailUrl":"https:\/\/www.excalibur-generator.com\/wp-content\/uploads\/2024\/05\/Inverter-Gasoline-Generator-Silent.webp","datePublished":"2024-05-27T01:11:32+00:00","dateModified":"2024-09-18T07:41:40+00:00","description":"El generador inversor de gasolina silencioso de 8 kW de alta calidad combina potencia y silencio. Dise\u00f1ado para lograr eficiencia y bajo nivel de ruido, ofrece electricidad confiable, adecuada para diversas aplicaciones donde el funcionamiento silencioso es crucial.","breadcrumb":{"@id":"https:\/\/www.excalibur-generator.com\/es\/generador-inversor-de-gasolina-silencioso-de-8-kw-de-alta-calidad.html#breadcrumb"},"inLanguage":"es","potentialAction":[{"@type":"ReadAction","target":["https:\/\/www.excalibur-generator.com\/es\/generador-inversor-de-gasolina-silencioso-de-8-kw-de-alta-calidad.html"]}]},{"@type":"ImageObject","inLanguage":"es","@id":"https:\/\/www.excalibur-generator.com\/es\/generador-inversor-de-gasolina-silencioso-de-8-kw-de-alta-calidad.html#primaryimage","url":"https:\/\/www.excalibur-generator.com\/wp-content\/uploads\/2024\/05\/Inverter-Gasoline-Generator-Silent.webp","contentUrl":"https:\/\/www.excalibur-generator.com\/wp-content\/uploads\/2024\/05\/Inverter-Gasoline-Generator-Silent.webp","width":800,"height":800,"caption":"Generador de gasolina inversor silencioso"},{"@type":"BreadcrumbList","@id":"https:\/\/www.excalibur-generator.com\/es\/generador-inversor-de-gasolina-silencioso-de-8-kw-de-alta-calidad.html#breadcrumb","itemListElement":[{"@type":"ListItem","position":1,"name":"Home","item":"https:\/\/www.excalibur-generator.com\/es\/inicio\/"},{"@type":"ListItem","position":2,"name":"Productos","item":"https:\/\/www.excalibur-generator.com\/es\/productos.html"},{"@type":"ListItem","position":3,"name":"Generador inversor de gasolina silencioso de 8 kW de alta calidad"}]},{"@type":"WebSite","@id":"https:\/\/www.excalibur-generator.com\/es\/#website","url":"https:\/\/www.excalibur-generator.com\/es\/","name":"Excalibur Generator","description":"","publisher":{"@id":"https:\/\/www.excalibur-generator.com\/es\/#organization"},"potentialAction":[{"@type":"SearchAction","target":{"@type":"EntryPoint","urlTemplate":"https:\/\/www.excalibur-generator.com\/es\/?s={search_term_string}"},"query-input":{"@type":"PropertyValueSpecification","valueRequired":true,"valueName":"search_term_string"}}],"inLanguage":"es"},{"@type":"Organization","@id":"https:\/\/www.excalibur-generator.com\/es\/#organization","name":"Excalibur Generator","url":"https:\/\/www.excalibur-generator.com\/es\/","logo":{"@type":"ImageObject","inLanguage":"es","@id":"https:\/\/www.excalibur-generator.com\/es\/#\/schema\/logo\/image\/","url":"https:\/\/www.excalibur-generator.com\/wp-content\/uploads\/2024\/05\/EXCALIBUR.png","contentUrl":"https:\/\/www.excalibur-generator.com\/wp-content\/uploads\/2024\/05\/EXCALIBUR.png","width":350,"height":79,"caption":"Excalibur Generator"},"image":{"@id":"https:\/\/www.excalibur-generator.com\/es\/#\/schema\/logo\/image\/"}}]}},"_links":{"self":[{"href":"https:\/\/www.excalibur-generator.com\/es\/wp-json\/wp\/v2\/product\/3892","targetHints":{"allow":["GET"]}}],"collection":[{"href":"https:\/\/www.excalibur-generator.com\/es\/wp-json\/wp\/v2\/product"}],"about":[{"href":"https:\/\/www.excalibur-generator.com\/es\/wp-json\/wp\/v2\/types\/product"}],"replies":[{"embeddable":true,"href":"https:\/\/www.excalibur-generator.com\/es\/wp-json\/wp\/v2\/comments?post=3892"}],"wp:featuredmedia":[{"embeddable":true,"href":"https:\/\/www.excalibur-generator.com\/es\/wp-json\/wp\/v2\/media\/3330"}],"wp:attachment":[{"href":"https:\/\/www.excalibur-generator.com\/es\/wp-json\/wp\/v2\/media?parent=3892"}],"wp:term":[{"taxonomy":"product_brand","embeddable":true,"href":"https:\/\/www.excalibur-generator.com\/es\/wp-json\/wp\/v2\/product_brand?post=3892"},{"taxonomy":"product_cat","embeddable":true,"href":"https:\/\/www.excalibur-generator.com\/es\/wp-json\/wp\/v2\/product_cat?post=3892"},{"taxonomy":"product_tag","embeddable":true,"href":"https:\/\/www.excalibur-generator.com\/es\/wp-json\/wp\/v2\/product_tag?post=3892"}],"curies":[{"name":"wp","href":"https:\/\/api.w.org\/{rel}","templated":true}]}}