{"id":3893,"date":"2024-05-27T09:07:51","date_gmt":"2024-05-27T01:07:51","guid":{"rendered":"https:\/\/www.excalibur-generator.com\/generador-diesel-de-24-v-cc\/"},"modified":"2024-09-18T15:48:25","modified_gmt":"2024-09-18T07:48:25","slug":"generador-diesel-de-24-v-cc","status":"publish","type":"product","link":"https:\/\/www.excalibur-generator.com\/es\/generador-diesel-de-24-v-cc.html","title":{"rendered":"Generador diesel de 24 V CC"},"content":{"rendered":"<h2><strong>Caracter\u00edsticas del generador di\u00e9sel de 24 V CC<\/strong><\/h2>\n<p>\u25cf Dise\u00f1o silencioso, seguro y de bajo consumo de combustible.<br \/>\n\u25cf Dise\u00f1o de apariencia novedosa, tama\u00f1o compacto.<br \/>\n\u25cf Motor de im\u00e1n permanente, 100% cobre, rendimiento estable<br \/>\n\u25cf Arranque y parada autom\u00e1ticos, protecci\u00f3n contra escasez de aceite, protecci\u00f3n contra sobrecarga<\/p>\n<div>\n<h2><strong>Los par\u00e1metros del generador di\u00e9sel de 24 V CC<\/strong><\/h2>\n<p>&nbsp;<\/p>\n<table align=\"center\">\n<colgroup>\n<col \/>\n<col \/>\n<col \/><\/colgroup>\n<tbody>\n<tr class=\"firstRow\">\n<td><\/td>\n<td>Tipo<\/td>\n<td>SDC2000DS 24V CC<\/td>\n<\/tr>\n<tr>\n<td rowspan=\"5\">Motor<\/td>\n<td>Modo motor<\/td>\n<td>170FB<\/td>\n<\/tr>\n<tr>\n<td>M\u00e9todo de arranque<\/td>\n<td>Arranque el\u00e9ctrico<\/td>\n<\/tr>\n<tr>\n<td>Consumo de combustible<\/td>\n<td>0,6 l\/h<\/td>\n<\/tr>\n<tr>\n<td>Capacidad de aceite (L)<\/td>\n<td>0.8<\/td>\n<\/tr>\n<tr>\n<td>Capacidad del dep\u00f3sito de combustible (L)<\/td>\n<td>5.5<\/td>\n<\/tr>\n<tr>\n<td rowspan=\"8\">Generador<\/td>\n<td>Tensi\u00f3n (V)<\/td>\n<td>24V<\/td>\n<\/tr>\n<tr>\n<td>Potencia nominal (KVA)<\/td>\n<td>2<\/td>\n<\/tr>\n<tr>\n<td>Corriente m\u00e1xima de carga (A)<\/td>\n<td>75<\/td>\n<\/tr>\n<tr>\n<td>Aislamiento Leye<\/td>\n<td>F<\/td>\n<\/tr>\n<tr>\n<td>Nivel de ruido (dB)<\/td>\n<td>\u226472<\/td>\n<\/tr>\n<tr>\n<td>M\u00e9todo de carga<\/td>\n<td>Carga autom\u00e1tica cuando la bater\u00eda est\u00e1 descargada<\/td>\n<\/tr>\n<tr>\n<td>Tama\u00f1o del embalaje (largo x ancho x alto) (mm)<\/td>\n<td>680*420*525<\/td>\n<\/tr>\n<tr>\n<td>Peso (kg)<\/td>\n<td>65<\/td>\n<\/tr>\n<\/tbody>\n<\/table>\n<\/div>\n","protected":false},"excerpt":{"rendered":"<p><strong>Modelo:<\/strong><\/p>\n<div>SDC2000DS 24V DC<\/div>\n<div><\/div>\n<div><strong>Salida nominal:<\/strong><\/div>\n<div>2KVA<\/div>\n<div><\/div>\n<div><strong>Nivel de ruido (dB):<\/strong><\/div>\n<div>\u226472<\/div>\n","protected":false},"featured_media":3329,"comment_status":"open","ping_status":"closed","template":"","meta":{"site-sidebar-layout":"default","site-content-layout":"","ast-site-content-layout":"default","site-content-style":"default","site-sidebar-style":"default","ast-global-header-display":"","ast-banner-title-visibility":"","ast-main-header-display":"","ast-hfb-above-header-display":"","ast-hfb-below-header-display":"","ast-hfb-mobile-header-display":"","site-post-title":"","ast-breadcrumbs-content":"","ast-featured-img":"","footer-sml-layout":"","theme-transparent-header-meta":"default","adv-header-id-meta":"","stick-header-meta":"","header-above-stick-meta":"","header-main-stick-meta":"","header-below-stick-meta":"","astra-migrate-meta-layouts":"set","ast-page-background-enabled":"default","ast-page-background-meta":{"desktop":{"background-color":"var(--ast-global-color-4)","background-image":"","background-repeat":"repeat","background-position":"center center","background-size":"auto","background-attachment":"scroll","background-type":"","background-media":"","overlay-type":"","overlay-color":"","overlay-opacity":"","overlay-gradient":""},"tablet":{"background-color":"","background-image":"","background-repeat":"repeat","background-position":"center center","background-size":"auto","background-attachment":"scroll","background-type":"","background-media":"","overlay-type":"","overlay-color":"","overlay-opacity":"","overlay-gradient":""},"mobile":{"background-color":"","background-image":"","background-repeat":"repeat","background-position":"center center","background-size":"auto","background-attachment":"scroll","background-type":"","background-media":"","overlay-type":"","overlay-color":"","overlay-opacity":"","overlay-gradient":""}},"ast-content-background-meta":{"desktop":{"background-color":"var(--ast-global-color-5)","background-image":"","background-repeat":"repeat","background-position":"center center","background-size":"auto","background-attachment":"scroll","background-type":"","background-media":"","overlay-type":"","overlay-color":"","overlay-opacity":"","overlay-gradient":""},"tablet":{"background-color":"var(--ast-global-color-5)","background-image":"","background-repeat":"repeat","background-position":"center center","background-size":"auto","background-attachment":"scroll","background-type":"","background-media":"","overlay-type":"","overlay-color":"","overlay-opacity":"","overlay-gradient":""},"mobile":{"background-color":"var(--ast-global-color-5)","background-image":"","background-repeat":"repeat","background-position":"center center","background-size":"auto","background-attachment":"scroll","background-type":"","background-media":"","overlay-type":"","overlay-color":"","overlay-opacity":"","overlay-gradient":""}}},"product_brand":[],"product_cat":[43],"product_tag":[],"class_list":{"0":"post-3893","1":"product","2":"type-product","3":"status-publish","4":"has-post-thumbnail","6":"product_cat-sin-categorizar","7":"desktop-align-left","8":"tablet-align-left","9":"mobile-align-left","11":"first","12":"instock","13":"shipping-taxable","14":"product-type-simple"},"yoast_head":"<!-- This site is optimized with the Yoast SEO plugin v26.5 - https:\/\/yoast.com\/wordpress\/plugins\/seo\/ -->\n<title>Generador diesel de 24 V CC &#8211; Excalibur Generator<\/title>\n<meta name=\"description\" content=\"El generador di\u00e9sel de 24 V CC proporciona energ\u00eda confiable para diversas aplicaciones. Compacto y eficiente, proporciona 24 voltios de corriente continua, adecuado para necesidades de energ\u00eda fuera de la red en diversos entornos.\" \/>\n<meta name=\"robots\" content=\"index, follow, max-snippet:-1, max-image-preview:large, max-video-preview:-1\" \/>\n<link rel=\"canonical\" href=\"https:\/\/www.excalibur-generator.com\/es\/generador-diesel-de-24-v-cc.html\" \/>\n<meta name=\"twitter:label1\" content=\"Tiempo de lectura\" \/>\n\t<meta name=\"twitter:data1\" content=\"1 minuto\" \/>\n<script type=\"application\/ld+json\" class=\"yoast-schema-graph\">{\"@context\":\"https:\/\/schema.org\",\"@graph\":[{\"@type\":\"WebPage\",\"@id\":\"https:\/\/www.excalibur-generator.com\/es\/generador-diesel-de-24-v-cc.html\",\"url\":\"https:\/\/www.excalibur-generator.com\/es\/generador-diesel-de-24-v-cc.html\",\"name\":\"Generador diesel de 24 V CC &#8211; Excalibur Generator\",\"isPartOf\":{\"@id\":\"https:\/\/www.excalibur-generator.com\/es\/#website\"},\"primaryImageOfPage\":{\"@id\":\"https:\/\/www.excalibur-generator.com\/es\/generador-diesel-de-24-v-cc.html#primaryimage\"},\"image\":{\"@id\":\"https:\/\/www.excalibur-generator.com\/es\/generador-diesel-de-24-v-cc.html#primaryimage\"},\"thumbnailUrl\":\"https:\/\/www.excalibur-generator.com\/wp-content\/uploads\/2024\/05\/24V-DC-Diesel-Generator.webp\",\"datePublished\":\"2024-05-27T01:07:51+00:00\",\"dateModified\":\"2024-09-18T07:48:25+00:00\",\"description\":\"El generador di\u00e9sel de 24 V CC proporciona energ\u00eda confiable para diversas aplicaciones. Compacto y eficiente, proporciona 24 voltios de corriente continua, adecuado para necesidades de energ\u00eda fuera de la red en diversos entornos.\",\"breadcrumb\":{\"@id\":\"https:\/\/www.excalibur-generator.com\/es\/generador-diesel-de-24-v-cc.html#breadcrumb\"},\"inLanguage\":\"es\",\"potentialAction\":[{\"@type\":\"ReadAction\",\"target\":[\"https:\/\/www.excalibur-generator.com\/es\/generador-diesel-de-24-v-cc.html\"]}]},{\"@type\":\"ImageObject\",\"inLanguage\":\"es\",\"@id\":\"https:\/\/www.excalibur-generator.com\/es\/generador-diesel-de-24-v-cc.html#primaryimage\",\"url\":\"https:\/\/www.excalibur-generator.com\/wp-content\/uploads\/2024\/05\/24V-DC-Diesel-Generator.webp\",\"contentUrl\":\"https:\/\/www.excalibur-generator.com\/wp-content\/uploads\/2024\/05\/24V-DC-Diesel-Generator.webp\",\"width\":800,\"height\":800,\"caption\":\"Generador di\u00e9sel de 24 V CC\"},{\"@type\":\"BreadcrumbList\",\"@id\":\"https:\/\/www.excalibur-generator.com\/es\/generador-diesel-de-24-v-cc.html#breadcrumb\",\"itemListElement\":[{\"@type\":\"ListItem\",\"position\":1,\"name\":\"Home\",\"item\":\"https:\/\/www.excalibur-generator.com\/es\/inicio\/\"},{\"@type\":\"ListItem\",\"position\":2,\"name\":\"Productos\",\"item\":\"https:\/\/www.excalibur-generator.com\/es\/productos.html\"},{\"@type\":\"ListItem\",\"position\":3,\"name\":\"Generador diesel de 24 V CC\"}]},{\"@type\":\"WebSite\",\"@id\":\"https:\/\/www.excalibur-generator.com\/es\/#website\",\"url\":\"https:\/\/www.excalibur-generator.com\/es\/\",\"name\":\"Excalibur Generator\",\"description\":\"\",\"publisher\":{\"@id\":\"https:\/\/www.excalibur-generator.com\/es\/#organization\"},\"potentialAction\":[{\"@type\":\"SearchAction\",\"target\":{\"@type\":\"EntryPoint\",\"urlTemplate\":\"https:\/\/www.excalibur-generator.com\/es\/?s={search_term_string}\"},\"query-input\":{\"@type\":\"PropertyValueSpecification\",\"valueRequired\":true,\"valueName\":\"search_term_string\"}}],\"inLanguage\":\"es\"},{\"@type\":\"Organization\",\"@id\":\"https:\/\/www.excalibur-generator.com\/es\/#organization\",\"name\":\"Excalibur Generator\",\"url\":\"https:\/\/www.excalibur-generator.com\/es\/\",\"logo\":{\"@type\":\"ImageObject\",\"inLanguage\":\"es\",\"@id\":\"https:\/\/www.excalibur-generator.com\/es\/#\/schema\/logo\/image\/\",\"url\":\"https:\/\/www.excalibur-generator.com\/wp-content\/uploads\/2024\/05\/EXCALIBUR.png\",\"contentUrl\":\"https:\/\/www.excalibur-generator.com\/wp-content\/uploads\/2024\/05\/EXCALIBUR.png\",\"width\":350,\"height\":79,\"caption\":\"Excalibur Generator\"},\"image\":{\"@id\":\"https:\/\/www.excalibur-generator.com\/es\/#\/schema\/logo\/image\/\"}}]}<\/script>\n<!-- \/ Yoast SEO plugin. -->","yoast_head_json":{"title":"Generador diesel de 24 V CC &#8211; Excalibur Generator","description":"El generador di\u00e9sel de 24 V CC proporciona energ\u00eda confiable para diversas aplicaciones. Compacto y eficiente, proporciona 24 voltios de corriente continua, adecuado para necesidades de energ\u00eda fuera de la red en diversos entornos.","robots":{"index":"index","follow":"follow","max-snippet":"max-snippet:-1","max-image-preview":"max-image-preview:large","max-video-preview":"max-video-preview:-1"},"canonical":"https:\/\/www.excalibur-generator.com\/es\/generador-diesel-de-24-v-cc.html","twitter_misc":{"Tiempo de lectura":"1 minuto"},"schema":{"@context":"https:\/\/schema.org","@graph":[{"@type":"WebPage","@id":"https:\/\/www.excalibur-generator.com\/es\/generador-diesel-de-24-v-cc.html","url":"https:\/\/www.excalibur-generator.com\/es\/generador-diesel-de-24-v-cc.html","name":"Generador diesel de 24 V CC &#8211; Excalibur Generator","isPartOf":{"@id":"https:\/\/www.excalibur-generator.com\/es\/#website"},"primaryImageOfPage":{"@id":"https:\/\/www.excalibur-generator.com\/es\/generador-diesel-de-24-v-cc.html#primaryimage"},"image":{"@id":"https:\/\/www.excalibur-generator.com\/es\/generador-diesel-de-24-v-cc.html#primaryimage"},"thumbnailUrl":"https:\/\/www.excalibur-generator.com\/wp-content\/uploads\/2024\/05\/24V-DC-Diesel-Generator.webp","datePublished":"2024-05-27T01:07:51+00:00","dateModified":"2024-09-18T07:48:25+00:00","description":"El generador di\u00e9sel de 24 V CC proporciona energ\u00eda confiable para diversas aplicaciones. Compacto y eficiente, proporciona 24 voltios de corriente continua, adecuado para necesidades de energ\u00eda fuera de la red en diversos entornos.","breadcrumb":{"@id":"https:\/\/www.excalibur-generator.com\/es\/generador-diesel-de-24-v-cc.html#breadcrumb"},"inLanguage":"es","potentialAction":[{"@type":"ReadAction","target":["https:\/\/www.excalibur-generator.com\/es\/generador-diesel-de-24-v-cc.html"]}]},{"@type":"ImageObject","inLanguage":"es","@id":"https:\/\/www.excalibur-generator.com\/es\/generador-diesel-de-24-v-cc.html#primaryimage","url":"https:\/\/www.excalibur-generator.com\/wp-content\/uploads\/2024\/05\/24V-DC-Diesel-Generator.webp","contentUrl":"https:\/\/www.excalibur-generator.com\/wp-content\/uploads\/2024\/05\/24V-DC-Diesel-Generator.webp","width":800,"height":800,"caption":"Generador di\u00e9sel de 24 V CC"},{"@type":"BreadcrumbList","@id":"https:\/\/www.excalibur-generator.com\/es\/generador-diesel-de-24-v-cc.html#breadcrumb","itemListElement":[{"@type":"ListItem","position":1,"name":"Home","item":"https:\/\/www.excalibur-generator.com\/es\/inicio\/"},{"@type":"ListItem","position":2,"name":"Productos","item":"https:\/\/www.excalibur-generator.com\/es\/productos.html"},{"@type":"ListItem","position":3,"name":"Generador diesel de 24 V CC"}]},{"@type":"WebSite","@id":"https:\/\/www.excalibur-generator.com\/es\/#website","url":"https:\/\/www.excalibur-generator.com\/es\/","name":"Excalibur Generator","description":"","publisher":{"@id":"https:\/\/www.excalibur-generator.com\/es\/#organization"},"potentialAction":[{"@type":"SearchAction","target":{"@type":"EntryPoint","urlTemplate":"https:\/\/www.excalibur-generator.com\/es\/?s={search_term_string}"},"query-input":{"@type":"PropertyValueSpecification","valueRequired":true,"valueName":"search_term_string"}}],"inLanguage":"es"},{"@type":"Organization","@id":"https:\/\/www.excalibur-generator.com\/es\/#organization","name":"Excalibur Generator","url":"https:\/\/www.excalibur-generator.com\/es\/","logo":{"@type":"ImageObject","inLanguage":"es","@id":"https:\/\/www.excalibur-generator.com\/es\/#\/schema\/logo\/image\/","url":"https:\/\/www.excalibur-generator.com\/wp-content\/uploads\/2024\/05\/EXCALIBUR.png","contentUrl":"https:\/\/www.excalibur-generator.com\/wp-content\/uploads\/2024\/05\/EXCALIBUR.png","width":350,"height":79,"caption":"Excalibur Generator"},"image":{"@id":"https:\/\/www.excalibur-generator.com\/es\/#\/schema\/logo\/image\/"}}]}},"_links":{"self":[{"href":"https:\/\/www.excalibur-generator.com\/es\/wp-json\/wp\/v2\/product\/3893","targetHints":{"allow":["GET"]}}],"collection":[{"href":"https:\/\/www.excalibur-generator.com\/es\/wp-json\/wp\/v2\/product"}],"about":[{"href":"https:\/\/www.excalibur-generator.com\/es\/wp-json\/wp\/v2\/types\/product"}],"replies":[{"embeddable":true,"href":"https:\/\/www.excalibur-generator.com\/es\/wp-json\/wp\/v2\/comments?post=3893"}],"wp:featuredmedia":[{"embeddable":true,"href":"https:\/\/www.excalibur-generator.com\/es\/wp-json\/wp\/v2\/media\/3329"}],"wp:attachment":[{"href":"https:\/\/www.excalibur-generator.com\/es\/wp-json\/wp\/v2\/media?parent=3893"}],"wp:term":[{"taxonomy":"product_brand","embeddable":true,"href":"https:\/\/www.excalibur-generator.com\/es\/wp-json\/wp\/v2\/product_brand?post=3893"},{"taxonomy":"product_cat","embeddable":true,"href":"https:\/\/www.excalibur-generator.com\/es\/wp-json\/wp\/v2\/product_cat?post=3893"},{"taxonomy":"product_tag","embeddable":true,"href":"https:\/\/www.excalibur-generator.com\/es\/wp-json\/wp\/v2\/product_tag?post=3893"}],"curies":[{"name":"wp","href":"https:\/\/api.w.org\/{rel}","templated":true}]}}