{"id":3895,"date":"2024-05-27T09:02:46","date_gmt":"2024-05-27T01:02:46","guid":{"rendered":"https:\/\/www.excalibur-generator.com\/soldador-y-generador-diesel-silencioso-de-6-kw-65-kw\/"},"modified":"2024-09-18T15:57:28","modified_gmt":"2024-09-18T07:57:28","slug":"soldador-y-generador-diesel-silencioso-de-6-kw-65-kw","status":"publish","type":"product","link":"https:\/\/www.excalibur-generator.com\/es\/soldador-y-generador-diesel-silencioso-de-6-kw-65-kw.html","title":{"rendered":"Soldador y generador di\u00e9sel silencioso de 6 kW\/6,5 kW"},"content":{"rendered":"<table align=\"center\">\n<colgroup>\n<col \/>\n<col \/>\n<col \/>\n<col \/><\/colgroup>\n<tbody>\n<tr class=\"firstRow\">\n<td>Modelo<\/td>\n<td>SS6500DSW<\/td>\n<td>SS7500DSW<\/td>\n<td>SS8500DSW<\/td>\n<\/tr>\n<tr>\n<td>Frecuencia (HZ)<\/td>\n<td colspan=\"3\">50 \/ 60<\/td>\n<\/tr>\n<tr>\n<td>Voltaje nominal (V)<\/td>\n<td colspan=\"3\">110,120,220,230,240<\/td>\n<\/tr>\n<tr>\n<td>Potencia nominal KW<\/td>\n<td>4.6\/5.0 1.8\/2.0<\/td>\n<td>2.0\/2.2 5.0\/5.5<\/td>\n<td>2.8\/3.0 6.0\/6.5<\/td>\n<\/tr>\n<tr>\n<td>Salida CC<\/td>\n<td colspan=\"3\">12V-8,3A<\/td>\n<\/tr>\n<tr>\n<td>Factor de potencia<\/td>\n<td colspan=\"3\">1.0<\/td>\n<\/tr>\n<tr>\n<td>Voltaje de soldadura (CC) (V)<\/td>\n<td colspan=\"3\">25-30<\/td>\n<\/tr>\n<tr>\n<td>Corriente nominal de soldadura CC<\/td>\n<td>50A-180A<\/td>\n<td>50A-190A<\/td>\n<td>50A-230A<\/td>\n<\/tr>\n<tr>\n<td>Electrodo (mm)<\/td>\n<td colspan=\"3\">1.6-4.0<\/td>\n<\/tr>\n<tr>\n<td>Nivel de ruido (7 m) db(A)<\/td>\n<td colspan=\"3\">69-72<\/td>\n<\/tr>\n<tr>\n<td>Modelo de motor<\/td>\n<td>S186FA(E)<\/td>\n<td>S188FB(E)<\/td>\n<td>S192F(E)<\/td>\n<\/tr>\n<tr>\n<td>Capacidad del dep\u00f3sito de combustible (L)<\/td>\n<td colspan=\"3\">20<\/td>\n<\/tr>\n<tr>\n<td>Tiempo de funcionamiento continuo (hr)<\/td>\n<td>9.1<\/td>\n<td>8.3<\/td>\n<td>6.7<\/td>\n<\/tr>\n<tr>\n<td>Sistema de arranque<\/td>\n<td colspan=\"3\">Arranque el\u00e9ctrico<\/td>\n<\/tr>\n<tr>\n<td>Tama\u00f1o del embalaje (L*An*Al) mm<\/td>\n<td colspan=\"3\">950*545*710<\/td>\n<\/tr>\n<tr>\n<td>Peso neto (KG)<\/td>\n<td>153<\/td>\n<td>155<\/td>\n<td>160<\/td>\n<\/tr>\n<\/tbody>\n<\/table>\n","protected":false},"excerpt":{"rendered":"<p><strong>Modelo:<\/strong><\/p>\n<div>SS6500DSW<\/div>\n<div>SS7500DSW<\/div>\n<div>SS8500DSW<\/div>\n<div><\/div>\n<div><strong>Salida nominal:<\/strong><\/div>\n<div>2KW-6KW<\/div>\n<div><\/div>\n<div><strong>Salida de CC:<\/strong><\/div>\n<div>12V-8,3A<\/div>\n<div><\/div>\n<div><strong>Nivel Nosie (7 m) db(A):<\/strong><\/div>\n<div>69-72<\/div>\n","protected":false},"featured_media":3327,"comment_status":"open","ping_status":"closed","template":"","meta":{"site-sidebar-layout":"default","site-content-layout":"","ast-site-content-layout":"default","site-content-style":"default","site-sidebar-style":"default","ast-global-header-display":"","ast-banner-title-visibility":"","ast-main-header-display":"","ast-hfb-above-header-display":"","ast-hfb-below-header-display":"","ast-hfb-mobile-header-display":"","site-post-title":"","ast-breadcrumbs-content":"","ast-featured-img":"","footer-sml-layout":"","theme-transparent-header-meta":"default","adv-header-id-meta":"","stick-header-meta":"","header-above-stick-meta":"","header-main-stick-meta":"","header-below-stick-meta":"","astra-migrate-meta-layouts":"set","ast-page-background-enabled":"default","ast-page-background-meta":{"desktop":{"background-color":"var(--ast-global-color-4)","background-image":"","background-repeat":"repeat","background-position":"center center","background-size":"auto","background-attachment":"scroll","background-type":"","background-media":"","overlay-type":"","overlay-color":"","overlay-opacity":"","overlay-gradient":""},"tablet":{"background-color":"","background-image":"","background-repeat":"repeat","background-position":"center center","background-size":"auto","background-attachment":"scroll","background-type":"","background-media":"","overlay-type":"","overlay-color":"","overlay-opacity":"","overlay-gradient":""},"mobile":{"background-color":"","background-image":"","background-repeat":"repeat","background-position":"center center","background-size":"auto","background-attachment":"scroll","background-type":"","background-media":"","overlay-type":"","overlay-color":"","overlay-opacity":"","overlay-gradient":""}},"ast-content-background-meta":{"desktop":{"background-color":"var(--ast-global-color-5)","background-image":"","background-repeat":"repeat","background-position":"center center","background-size":"auto","background-attachment":"scroll","background-type":"","background-media":"","overlay-type":"","overlay-color":"","overlay-opacity":"","overlay-gradient":""},"tablet":{"background-color":"var(--ast-global-color-5)","background-image":"","background-repeat":"repeat","background-position":"center center","background-size":"auto","background-attachment":"scroll","background-type":"","background-media":"","overlay-type":"","overlay-color":"","overlay-opacity":"","overlay-gradient":""},"mobile":{"background-color":"var(--ast-global-color-5)","background-image":"","background-repeat":"repeat","background-position":"center center","background-size":"auto","background-attachment":"scroll","background-type":"","background-media":"","overlay-type":"","overlay-color":"","overlay-opacity":"","overlay-gradient":""}}},"product_brand":[],"product_cat":[43],"product_tag":[56],"class_list":{"0":"post-3895","1":"product","2":"type-product","3":"status-publish","4":"has-post-thumbnail","6":"product_cat-sin-categorizar","7":"product_tag-generador-silencioso","8":"desktop-align-left","9":"tablet-align-left","10":"mobile-align-left","12":"first","13":"instock","14":"shipping-taxable","15":"product-type-simple"},"yoast_head":"<!-- This site is optimized with the Yoast SEO plugin v26.5 - https:\/\/yoast.com\/wordpress\/plugins\/seo\/ -->\n<title>Soldador y generador di\u00e9sel silencioso de 6 kW\/6,5 kW &#8211; Excalibur Generator<\/title>\n<meta name=\"description\" content=\"La soldadora y generador di\u00e9sel silencioso de 6 kW\/6,5 kW ofrece capacidades de soldadura potentes y silenciosas junto con una generaci\u00f3n de energ\u00eda confiable. Ideal para diversas aplicaciones, garantiza un rendimiento eficiente y vers\u00e1til.\" \/>\n<meta name=\"robots\" content=\"index, follow, max-snippet:-1, max-image-preview:large, max-video-preview:-1\" \/>\n<link rel=\"canonical\" href=\"https:\/\/www.excalibur-generator.com\/es\/soldador-y-generador-diesel-silencioso-de-6-kw-65-kw.html\" \/>\n<meta name=\"twitter:label1\" content=\"Tiempo de lectura\" \/>\n\t<meta name=\"twitter:data1\" content=\"1 minuto\" \/>\n<script type=\"application\/ld+json\" class=\"yoast-schema-graph\">{\"@context\":\"https:\/\/schema.org\",\"@graph\":[{\"@type\":\"WebPage\",\"@id\":\"https:\/\/www.excalibur-generator.com\/es\/soldador-y-generador-diesel-silencioso-de-6-kw-65-kw.html\",\"url\":\"https:\/\/www.excalibur-generator.com\/es\/soldador-y-generador-diesel-silencioso-de-6-kw-65-kw.html\",\"name\":\"Soldador y generador di\u00e9sel silencioso de 6 kW\/6,5 kW &#8211; Excalibur Generator\",\"isPartOf\":{\"@id\":\"https:\/\/www.excalibur-generator.com\/es\/#website\"},\"primaryImageOfPage\":{\"@id\":\"https:\/\/www.excalibur-generator.com\/es\/soldador-y-generador-diesel-silencioso-de-6-kw-65-kw.html#primaryimage\"},\"image\":{\"@id\":\"https:\/\/www.excalibur-generator.com\/es\/soldador-y-generador-diesel-silencioso-de-6-kw-65-kw.html#primaryimage\"},\"thumbnailUrl\":\"https:\/\/www.excalibur-generator.com\/wp-content\/uploads\/2024\/05\/Silent-diesel-welder-generator-manufacturer.webp\",\"datePublished\":\"2024-05-27T01:02:46+00:00\",\"dateModified\":\"2024-09-18T07:57:28+00:00\",\"description\":\"La soldadora y generador di\u00e9sel silencioso de 6 kW\/6,5 kW ofrece capacidades de soldadura potentes y silenciosas junto con una generaci\u00f3n de energ\u00eda confiable. Ideal para diversas aplicaciones, garantiza un rendimiento eficiente y vers\u00e1til.\",\"breadcrumb\":{\"@id\":\"https:\/\/www.excalibur-generator.com\/es\/soldador-y-generador-diesel-silencioso-de-6-kw-65-kw.html#breadcrumb\"},\"inLanguage\":\"es\",\"potentialAction\":[{\"@type\":\"ReadAction\",\"target\":[\"https:\/\/www.excalibur-generator.com\/es\/soldador-y-generador-diesel-silencioso-de-6-kw-65-kw.html\"]}]},{\"@type\":\"ImageObject\",\"inLanguage\":\"es\",\"@id\":\"https:\/\/www.excalibur-generator.com\/es\/soldador-y-generador-diesel-silencioso-de-6-kw-65-kw.html#primaryimage\",\"url\":\"https:\/\/www.excalibur-generator.com\/wp-content\/uploads\/2024\/05\/Silent-diesel-welder-generator-manufacturer.webp\",\"contentUrl\":\"https:\/\/www.excalibur-generator.com\/wp-content\/uploads\/2024\/05\/Silent-diesel-welder-generator-manufacturer.webp\",\"width\":800,\"height\":800,\"caption\":\"Fabricante de gerador de solda a diesel silencioso\"},{\"@type\":\"BreadcrumbList\",\"@id\":\"https:\/\/www.excalibur-generator.com\/es\/soldador-y-generador-diesel-silencioso-de-6-kw-65-kw.html#breadcrumb\",\"itemListElement\":[{\"@type\":\"ListItem\",\"position\":1,\"name\":\"Home\",\"item\":\"https:\/\/www.excalibur-generator.com\/es\/inicio\/\"},{\"@type\":\"ListItem\",\"position\":2,\"name\":\"Productos\",\"item\":\"https:\/\/www.excalibur-generator.com\/es\/productos.html\"},{\"@type\":\"ListItem\",\"position\":3,\"name\":\"Soldador y generador di\u00e9sel silencioso de 6 kW\/6,5 kW\"}]},{\"@type\":\"WebSite\",\"@id\":\"https:\/\/www.excalibur-generator.com\/es\/#website\",\"url\":\"https:\/\/www.excalibur-generator.com\/es\/\",\"name\":\"Excalibur Generator\",\"description\":\"\",\"publisher\":{\"@id\":\"https:\/\/www.excalibur-generator.com\/es\/#organization\"},\"potentialAction\":[{\"@type\":\"SearchAction\",\"target\":{\"@type\":\"EntryPoint\",\"urlTemplate\":\"https:\/\/www.excalibur-generator.com\/es\/?s={search_term_string}\"},\"query-input\":{\"@type\":\"PropertyValueSpecification\",\"valueRequired\":true,\"valueName\":\"search_term_string\"}}],\"inLanguage\":\"es\"},{\"@type\":\"Organization\",\"@id\":\"https:\/\/www.excalibur-generator.com\/es\/#organization\",\"name\":\"Excalibur Generator\",\"url\":\"https:\/\/www.excalibur-generator.com\/es\/\",\"logo\":{\"@type\":\"ImageObject\",\"inLanguage\":\"es\",\"@id\":\"https:\/\/www.excalibur-generator.com\/es\/#\/schema\/logo\/image\/\",\"url\":\"https:\/\/www.excalibur-generator.com\/wp-content\/uploads\/2024\/05\/EXCALIBUR.png\",\"contentUrl\":\"https:\/\/www.excalibur-generator.com\/wp-content\/uploads\/2024\/05\/EXCALIBUR.png\",\"width\":350,\"height\":79,\"caption\":\"Excalibur Generator\"},\"image\":{\"@id\":\"https:\/\/www.excalibur-generator.com\/es\/#\/schema\/logo\/image\/\"}}]}<\/script>\n<!-- \/ Yoast SEO plugin. -->","yoast_head_json":{"title":"Soldador y generador di\u00e9sel silencioso de 6 kW\/6,5 kW &#8211; Excalibur Generator","description":"La soldadora y generador di\u00e9sel silencioso de 6 kW\/6,5 kW ofrece capacidades de soldadura potentes y silenciosas junto con una generaci\u00f3n de energ\u00eda confiable. Ideal para diversas aplicaciones, garantiza un rendimiento eficiente y vers\u00e1til.","robots":{"index":"index","follow":"follow","max-snippet":"max-snippet:-1","max-image-preview":"max-image-preview:large","max-video-preview":"max-video-preview:-1"},"canonical":"https:\/\/www.excalibur-generator.com\/es\/soldador-y-generador-diesel-silencioso-de-6-kw-65-kw.html","twitter_misc":{"Tiempo de lectura":"1 minuto"},"schema":{"@context":"https:\/\/schema.org","@graph":[{"@type":"WebPage","@id":"https:\/\/www.excalibur-generator.com\/es\/soldador-y-generador-diesel-silencioso-de-6-kw-65-kw.html","url":"https:\/\/www.excalibur-generator.com\/es\/soldador-y-generador-diesel-silencioso-de-6-kw-65-kw.html","name":"Soldador y generador di\u00e9sel silencioso de 6 kW\/6,5 kW &#8211; Excalibur Generator","isPartOf":{"@id":"https:\/\/www.excalibur-generator.com\/es\/#website"},"primaryImageOfPage":{"@id":"https:\/\/www.excalibur-generator.com\/es\/soldador-y-generador-diesel-silencioso-de-6-kw-65-kw.html#primaryimage"},"image":{"@id":"https:\/\/www.excalibur-generator.com\/es\/soldador-y-generador-diesel-silencioso-de-6-kw-65-kw.html#primaryimage"},"thumbnailUrl":"https:\/\/www.excalibur-generator.com\/wp-content\/uploads\/2024\/05\/Silent-diesel-welder-generator-manufacturer.webp","datePublished":"2024-05-27T01:02:46+00:00","dateModified":"2024-09-18T07:57:28+00:00","description":"La soldadora y generador di\u00e9sel silencioso de 6 kW\/6,5 kW ofrece capacidades de soldadura potentes y silenciosas junto con una generaci\u00f3n de energ\u00eda confiable. Ideal para diversas aplicaciones, garantiza un rendimiento eficiente y vers\u00e1til.","breadcrumb":{"@id":"https:\/\/www.excalibur-generator.com\/es\/soldador-y-generador-diesel-silencioso-de-6-kw-65-kw.html#breadcrumb"},"inLanguage":"es","potentialAction":[{"@type":"ReadAction","target":["https:\/\/www.excalibur-generator.com\/es\/soldador-y-generador-diesel-silencioso-de-6-kw-65-kw.html"]}]},{"@type":"ImageObject","inLanguage":"es","@id":"https:\/\/www.excalibur-generator.com\/es\/soldador-y-generador-diesel-silencioso-de-6-kw-65-kw.html#primaryimage","url":"https:\/\/www.excalibur-generator.com\/wp-content\/uploads\/2024\/05\/Silent-diesel-welder-generator-manufacturer.webp","contentUrl":"https:\/\/www.excalibur-generator.com\/wp-content\/uploads\/2024\/05\/Silent-diesel-welder-generator-manufacturer.webp","width":800,"height":800,"caption":"Fabricante de gerador de solda a diesel silencioso"},{"@type":"BreadcrumbList","@id":"https:\/\/www.excalibur-generator.com\/es\/soldador-y-generador-diesel-silencioso-de-6-kw-65-kw.html#breadcrumb","itemListElement":[{"@type":"ListItem","position":1,"name":"Home","item":"https:\/\/www.excalibur-generator.com\/es\/inicio\/"},{"@type":"ListItem","position":2,"name":"Productos","item":"https:\/\/www.excalibur-generator.com\/es\/productos.html"},{"@type":"ListItem","position":3,"name":"Soldador y generador di\u00e9sel silencioso de 6 kW\/6,5 kW"}]},{"@type":"WebSite","@id":"https:\/\/www.excalibur-generator.com\/es\/#website","url":"https:\/\/www.excalibur-generator.com\/es\/","name":"Excalibur Generator","description":"","publisher":{"@id":"https:\/\/www.excalibur-generator.com\/es\/#organization"},"potentialAction":[{"@type":"SearchAction","target":{"@type":"EntryPoint","urlTemplate":"https:\/\/www.excalibur-generator.com\/es\/?s={search_term_string}"},"query-input":{"@type":"PropertyValueSpecification","valueRequired":true,"valueName":"search_term_string"}}],"inLanguage":"es"},{"@type":"Organization","@id":"https:\/\/www.excalibur-generator.com\/es\/#organization","name":"Excalibur Generator","url":"https:\/\/www.excalibur-generator.com\/es\/","logo":{"@type":"ImageObject","inLanguage":"es","@id":"https:\/\/www.excalibur-generator.com\/es\/#\/schema\/logo\/image\/","url":"https:\/\/www.excalibur-generator.com\/wp-content\/uploads\/2024\/05\/EXCALIBUR.png","contentUrl":"https:\/\/www.excalibur-generator.com\/wp-content\/uploads\/2024\/05\/EXCALIBUR.png","width":350,"height":79,"caption":"Excalibur Generator"},"image":{"@id":"https:\/\/www.excalibur-generator.com\/es\/#\/schema\/logo\/image\/"}}]}},"_links":{"self":[{"href":"https:\/\/www.excalibur-generator.com\/es\/wp-json\/wp\/v2\/product\/3895","targetHints":{"allow":["GET"]}}],"collection":[{"href":"https:\/\/www.excalibur-generator.com\/es\/wp-json\/wp\/v2\/product"}],"about":[{"href":"https:\/\/www.excalibur-generator.com\/es\/wp-json\/wp\/v2\/types\/product"}],"replies":[{"embeddable":true,"href":"https:\/\/www.excalibur-generator.com\/es\/wp-json\/wp\/v2\/comments?post=3895"}],"wp:featuredmedia":[{"embeddable":true,"href":"https:\/\/www.excalibur-generator.com\/es\/wp-json\/wp\/v2\/media\/3327"}],"wp:attachment":[{"href":"https:\/\/www.excalibur-generator.com\/es\/wp-json\/wp\/v2\/media?parent=3895"}],"wp:term":[{"taxonomy":"product_brand","embeddable":true,"href":"https:\/\/www.excalibur-generator.com\/es\/wp-json\/wp\/v2\/product_brand?post=3895"},{"taxonomy":"product_cat","embeddable":true,"href":"https:\/\/www.excalibur-generator.com\/es\/wp-json\/wp\/v2\/product_cat?post=3895"},{"taxonomy":"product_tag","embeddable":true,"href":"https:\/\/www.excalibur-generator.com\/es\/wp-json\/wp\/v2\/product_tag?post=3895"}],"curies":[{"name":"wp","href":"https:\/\/api.w.org\/{rel}","templated":true}]}}