{"id":3898,"date":"2024-05-27T08:48:17","date_gmt":"2024-05-27T00:48:17","guid":{"rendered":"https:\/\/www.excalibur-generator.com\/soldador-y-generador-de-gasolina-con-inversor-abierto-de-5-kw-6-kw-7-kw\/"},"modified":"2024-09-18T16:10:04","modified_gmt":"2024-09-18T08:10:04","slug":"soldador-y-generador-de-gasolina-con-inversor-abierto-de-5-kw-6-kw-7-kw","status":"publish","type":"product","link":"https:\/\/www.excalibur-generator.com\/es\/soldador-y-generador-de-gasolina-con-inversor-abierto-de-5-kw-6-kw-7-kw.html","title":{"rendered":"Soldador y generador de gasolina con inversor abierto de 5 kW\/6 kW\/7 kW"},"content":{"rendered":"<table align=\"center\">\n<colgroup>\n<col \/>\n<col \/>\n<col \/>\n<col \/><\/colgroup>\n<tbody>\n<tr class=\"firstRow\">\n<td>Modelo<\/td>\n<td>S6500CXWi\/S6500CXWi3<\/td>\n<td>S7500CXWi\/S7500CXWi3<\/td>\n<td>S8500CXWi\/S8500CXWi3<\/td>\n<\/tr>\n<tr>\n<td>Frecuencia (HZ)<\/td>\n<td>50Hz or 60Hz<\/td>\n<td>50Hz or 60Hz<\/td>\n<td>50Hz or 60Hz<\/td>\n<\/tr>\n<tr>\n<td>Tensi\u00f3n nominal (V)<\/td>\n<td>110V,120V,220V,230V,240V 380V,400V,415V<\/td>\n<td>110V,120V,220V,230V,240V 380V,400V,415V<\/td>\n<td>110V,120V,220V,230V,240V 380V,400V,415V<\/td>\n<\/tr>\n<tr>\n<td>Potencia nominal KW<\/td>\n<td>5\/5.5<\/td>\n<td>6\/6.5<\/td>\n<td>7.0\/7.5<\/td>\n<\/tr>\n<tr>\n<td>Salida de CC<\/td>\n<td>12V-8.3A<\/td>\n<td>12V-8.3A<\/td>\n<td>12V-8.3A<\/td>\n<\/tr>\n<tr>\n<td>Factor de potencia<\/td>\n<td>1,0\/0,8(trif\u00e1sico)<\/td>\n<td>1,0\/0,8(trif\u00e1sico)<\/td>\n<td>1,0\/0,8(trif\u00e1sico)<\/td>\n<\/tr>\n<tr>\n<td>Tensi\u00f3n de soldadura (CC)(V)<\/td>\n<td>20-30<\/td>\n<td>20-30<\/td>\n<td>20-30<\/td>\n<\/tr>\n<tr>\n<td>Corriente nominal de soldadura CC<\/td>\n<td>20A-180A<\/td>\n<td>20A-190A<\/td>\n<td>20A-230A<\/td>\n<\/tr>\n<tr>\n<td>Electrodo (mm)<\/td>\n<td>1.6-4.0<\/td>\n<td>1.6-4.0<\/td>\n<td>1.6-4.0<\/td>\n<\/tr>\n<tr>\n<td>Nivel de ruido (7 m) db(A)<\/td>\n<td>68<\/td>\n<td>68<\/td>\n<td>68<\/td>\n<\/tr>\n<tr>\n<td>Modo motor<\/td>\n<td>S420<\/td>\n<td>S420<\/td>\n<td>S460<\/td>\n<\/tr>\n<tr>\n<td>Capacidad del tanque de combustible (L\uff09<\/td>\n<td>25<\/td>\n<td>25<\/td>\n<td>25<\/td>\n<\/tr>\n<tr>\n<td>Tiempo de funcionamiento continuo (hr)<\/td>\n<td>13h<\/td>\n<td>13h<\/td>\n<td>13h<\/td>\n<\/tr>\n<tr>\n<td>Sistema de arranque<\/td>\n<td>Arranque manual\/el\u00e9ctrico<\/td>\n<td>Arranque manual\/el\u00e9ctrico<\/td>\n<td>Arranque manual\/el\u00e9ctrico<\/td>\n<\/tr>\n<tr>\n<td>Tama\u00f1o del embalaje (L*An*Al) mm<\/td>\n<td>750*600*640<\/td>\n<td>750*600*640<\/td>\n<td>750*600*640<\/td>\n<\/tr>\n<tr>\n<td>Peso neto (KG)<\/td>\n<td>95<\/td>\n<td>97<\/td>\n<td>103<\/td>\n<\/tr>\n<\/tbody>\n<\/table>\n","protected":false},"excerpt":{"rendered":"<p><strong>Modelo:<\/strong><\/p>\n<div>S8500CXWi<\/div>\n<div><\/div>\n<div><strong>Salida nominal:<\/strong><\/div>\n<div>7KW<\/div>\n<div><\/div>\n<div><strong>Corriente nominal:<\/strong><\/div>\n<div>20-30A<\/div>\n<div><\/div>\n<div><strong>Salida de CC:<\/strong><\/div>\n<div>12 V\/8,3 A<\/div>\n<div><\/div>\n<div><strong>Nivel Nosie (7 m) db(A):<\/strong><\/div>\n<div>68<\/div>\n","protected":false},"featured_media":3324,"comment_status":"open","ping_status":"closed","template":"","meta":{"site-sidebar-layout":"default","site-content-layout":"","ast-site-content-layout":"default","site-content-style":"default","site-sidebar-style":"default","ast-global-header-display":"","ast-banner-title-visibility":"","ast-main-header-display":"","ast-hfb-above-header-display":"","ast-hfb-below-header-display":"","ast-hfb-mobile-header-display":"","site-post-title":"","ast-breadcrumbs-content":"","ast-featured-img":"","footer-sml-layout":"","theme-transparent-header-meta":"default","adv-header-id-meta":"","stick-header-meta":"","header-above-stick-meta":"","header-main-stick-meta":"","header-below-stick-meta":"","astra-migrate-meta-layouts":"set","ast-page-background-enabled":"default","ast-page-background-meta":{"desktop":{"background-color":"var(--ast-global-color-4)","background-image":"","background-repeat":"repeat","background-position":"center center","background-size":"auto","background-attachment":"scroll","background-type":"","background-media":"","overlay-type":"","overlay-color":"","overlay-opacity":"","overlay-gradient":""},"tablet":{"background-color":"","background-image":"","background-repeat":"repeat","background-position":"center center","background-size":"auto","background-attachment":"scroll","background-type":"","background-media":"","overlay-type":"","overlay-color":"","overlay-opacity":"","overlay-gradient":""},"mobile":{"background-color":"","background-image":"","background-repeat":"repeat","background-position":"center center","background-size":"auto","background-attachment":"scroll","background-type":"","background-media":"","overlay-type":"","overlay-color":"","overlay-opacity":"","overlay-gradient":""}},"ast-content-background-meta":{"desktop":{"background-color":"var(--ast-global-color-5)","background-image":"","background-repeat":"repeat","background-position":"center center","background-size":"auto","background-attachment":"scroll","background-type":"","background-media":"","overlay-type":"","overlay-color":"","overlay-opacity":"","overlay-gradient":""},"tablet":{"background-color":"var(--ast-global-color-5)","background-image":"","background-repeat":"repeat","background-position":"center center","background-size":"auto","background-attachment":"scroll","background-type":"","background-media":"","overlay-type":"","overlay-color":"","overlay-opacity":"","overlay-gradient":""},"mobile":{"background-color":"var(--ast-global-color-5)","background-image":"","background-repeat":"repeat","background-position":"center center","background-size":"auto","background-attachment":"scroll","background-type":"","background-media":"","overlay-type":"","overlay-color":"","overlay-opacity":"","overlay-gradient":""}}},"product_brand":[],"product_cat":[43],"product_tag":[57],"class_list":{"0":"post-3898","1":"product","2":"type-product","3":"status-publish","4":"has-post-thumbnail","6":"product_cat-sin-categorizar","7":"product_tag-generador-abierto","8":"desktop-align-left","9":"tablet-align-left","10":"mobile-align-left","12":"first","13":"instock","14":"shipping-taxable","15":"product-type-simple"},"yoast_head":"<!-- This site is optimized with the Yoast SEO plugin v26.5 - https:\/\/yoast.com\/wordpress\/plugins\/seo\/ -->\n<title>Soldador y generador de gasolina con inversor abierto de 5 kW\/6 kW\/7 kW &#8211; Excalibur Generator<\/title>\n<meta name=\"description\" content=\"La soldadora y generador de gasolina inverter abierta de 5 kW\/6 kW\/7 kW combina capacidades de soldadura vers\u00e1tiles con una generaci\u00f3n de energ\u00eda eficiente. Su dise\u00f1o abierto garantiza la accesibilidad, lo que los hace ideales para diversas aplicaciones.\" \/>\n<meta name=\"robots\" content=\"index, follow, max-snippet:-1, max-image-preview:large, max-video-preview:-1\" \/>\n<link rel=\"canonical\" href=\"https:\/\/www.excalibur-generator.com\/es\/soldador-y-generador-de-gasolina-con-inversor-abierto-de-5-kw-6-kw-7-kw.html\" \/>\n<meta name=\"twitter:label1\" content=\"Tiempo de lectura\" \/>\n\t<meta name=\"twitter:data1\" content=\"1 minuto\" \/>\n<script type=\"application\/ld+json\" class=\"yoast-schema-graph\">{\"@context\":\"https:\/\/schema.org\",\"@graph\":[{\"@type\":\"WebPage\",\"@id\":\"https:\/\/www.excalibur-generator.com\/es\/soldador-y-generador-de-gasolina-con-inversor-abierto-de-5-kw-6-kw-7-kw.html\",\"url\":\"https:\/\/www.excalibur-generator.com\/es\/soldador-y-generador-de-gasolina-con-inversor-abierto-de-5-kw-6-kw-7-kw.html\",\"name\":\"Soldador y generador de gasolina con inversor abierto de 5 kW\/6 kW\/7 kW &#8211; Excalibur Generator\",\"isPartOf\":{\"@id\":\"https:\/\/www.excalibur-generator.com\/es\/#website\"},\"primaryImageOfPage\":{\"@id\":\"https:\/\/www.excalibur-generator.com\/es\/soldador-y-generador-de-gasolina-con-inversor-abierto-de-5-kw-6-kw-7-kw.html#primaryimage\"},\"image\":{\"@id\":\"https:\/\/www.excalibur-generator.com\/es\/soldador-y-generador-de-gasolina-con-inversor-abierto-de-5-kw-6-kw-7-kw.html#primaryimage\"},\"thumbnailUrl\":\"https:\/\/www.excalibur-generator.com\/wp-content\/uploads\/2024\/05\/Inverter-gasoline-welder-generator.webp\",\"datePublished\":\"2024-05-27T00:48:17+00:00\",\"dateModified\":\"2024-09-18T08:10:04+00:00\",\"description\":\"La soldadora y generador de gasolina inverter abierta de 5 kW\/6 kW\/7 kW combina capacidades de soldadura vers\u00e1tiles con una generaci\u00f3n de energ\u00eda eficiente. Su dise\u00f1o abierto garantiza la accesibilidad, lo que los hace ideales para diversas aplicaciones.\",\"breadcrumb\":{\"@id\":\"https:\/\/www.excalibur-generator.com\/es\/soldador-y-generador-de-gasolina-con-inversor-abierto-de-5-kw-6-kw-7-kw.html#breadcrumb\"},\"inLanguage\":\"es\",\"potentialAction\":[{\"@type\":\"ReadAction\",\"target\":[\"https:\/\/www.excalibur-generator.com\/es\/soldador-y-generador-de-gasolina-con-inversor-abierto-de-5-kw-6-kw-7-kw.html\"]}]},{\"@type\":\"ImageObject\",\"inLanguage\":\"es\",\"@id\":\"https:\/\/www.excalibur-generator.com\/es\/soldador-y-generador-de-gasolina-con-inversor-abierto-de-5-kw-6-kw-7-kw.html#primaryimage\",\"url\":\"https:\/\/www.excalibur-generator.com\/wp-content\/uploads\/2024\/05\/Inverter-gasoline-welder-generator.webp\",\"contentUrl\":\"https:\/\/www.excalibur-generator.com\/wp-content\/uploads\/2024\/05\/Inverter-gasoline-welder-generator.webp\",\"width\":800,\"height\":800,\"caption\":\"Generador de soldadura de gasolina con inversor\"},{\"@type\":\"BreadcrumbList\",\"@id\":\"https:\/\/www.excalibur-generator.com\/es\/soldador-y-generador-de-gasolina-con-inversor-abierto-de-5-kw-6-kw-7-kw.html#breadcrumb\",\"itemListElement\":[{\"@type\":\"ListItem\",\"position\":1,\"name\":\"Home\",\"item\":\"https:\/\/www.excalibur-generator.com\/es\/inicio\/\"},{\"@type\":\"ListItem\",\"position\":2,\"name\":\"Productos\",\"item\":\"https:\/\/www.excalibur-generator.com\/es\/productos.html\"},{\"@type\":\"ListItem\",\"position\":3,\"name\":\"Soldador y generador de gasolina con inversor abierto de 5 kW\/6 kW\/7 kW\"}]},{\"@type\":\"WebSite\",\"@id\":\"https:\/\/www.excalibur-generator.com\/es\/#website\",\"url\":\"https:\/\/www.excalibur-generator.com\/es\/\",\"name\":\"Excalibur Generator\",\"description\":\"\",\"publisher\":{\"@id\":\"https:\/\/www.excalibur-generator.com\/es\/#organization\"},\"potentialAction\":[{\"@type\":\"SearchAction\",\"target\":{\"@type\":\"EntryPoint\",\"urlTemplate\":\"https:\/\/www.excalibur-generator.com\/es\/?s={search_term_string}\"},\"query-input\":{\"@type\":\"PropertyValueSpecification\",\"valueRequired\":true,\"valueName\":\"search_term_string\"}}],\"inLanguage\":\"es\"},{\"@type\":\"Organization\",\"@id\":\"https:\/\/www.excalibur-generator.com\/es\/#organization\",\"name\":\"Excalibur Generator\",\"url\":\"https:\/\/www.excalibur-generator.com\/es\/\",\"logo\":{\"@type\":\"ImageObject\",\"inLanguage\":\"es\",\"@id\":\"https:\/\/www.excalibur-generator.com\/es\/#\/schema\/logo\/image\/\",\"url\":\"https:\/\/www.excalibur-generator.com\/wp-content\/uploads\/2024\/05\/EXCALIBUR.png\",\"contentUrl\":\"https:\/\/www.excalibur-generator.com\/wp-content\/uploads\/2024\/05\/EXCALIBUR.png\",\"width\":350,\"height\":79,\"caption\":\"Excalibur Generator\"},\"image\":{\"@id\":\"https:\/\/www.excalibur-generator.com\/es\/#\/schema\/logo\/image\/\"}}]}<\/script>\n<!-- \/ Yoast SEO plugin. -->","yoast_head_json":{"title":"Soldador y generador de gasolina con inversor abierto de 5 kW\/6 kW\/7 kW &#8211; Excalibur Generator","description":"La soldadora y generador de gasolina inverter abierta de 5 kW\/6 kW\/7 kW combina capacidades de soldadura vers\u00e1tiles con una generaci\u00f3n de energ\u00eda eficiente. Su dise\u00f1o abierto garantiza la accesibilidad, lo que los hace ideales para diversas aplicaciones.","robots":{"index":"index","follow":"follow","max-snippet":"max-snippet:-1","max-image-preview":"max-image-preview:large","max-video-preview":"max-video-preview:-1"},"canonical":"https:\/\/www.excalibur-generator.com\/es\/soldador-y-generador-de-gasolina-con-inversor-abierto-de-5-kw-6-kw-7-kw.html","twitter_misc":{"Tiempo de lectura":"1 minuto"},"schema":{"@context":"https:\/\/schema.org","@graph":[{"@type":"WebPage","@id":"https:\/\/www.excalibur-generator.com\/es\/soldador-y-generador-de-gasolina-con-inversor-abierto-de-5-kw-6-kw-7-kw.html","url":"https:\/\/www.excalibur-generator.com\/es\/soldador-y-generador-de-gasolina-con-inversor-abierto-de-5-kw-6-kw-7-kw.html","name":"Soldador y generador de gasolina con inversor abierto de 5 kW\/6 kW\/7 kW &#8211; Excalibur Generator","isPartOf":{"@id":"https:\/\/www.excalibur-generator.com\/es\/#website"},"primaryImageOfPage":{"@id":"https:\/\/www.excalibur-generator.com\/es\/soldador-y-generador-de-gasolina-con-inversor-abierto-de-5-kw-6-kw-7-kw.html#primaryimage"},"image":{"@id":"https:\/\/www.excalibur-generator.com\/es\/soldador-y-generador-de-gasolina-con-inversor-abierto-de-5-kw-6-kw-7-kw.html#primaryimage"},"thumbnailUrl":"https:\/\/www.excalibur-generator.com\/wp-content\/uploads\/2024\/05\/Inverter-gasoline-welder-generator.webp","datePublished":"2024-05-27T00:48:17+00:00","dateModified":"2024-09-18T08:10:04+00:00","description":"La soldadora y generador de gasolina inverter abierta de 5 kW\/6 kW\/7 kW combina capacidades de soldadura vers\u00e1tiles con una generaci\u00f3n de energ\u00eda eficiente. Su dise\u00f1o abierto garantiza la accesibilidad, lo que los hace ideales para diversas aplicaciones.","breadcrumb":{"@id":"https:\/\/www.excalibur-generator.com\/es\/soldador-y-generador-de-gasolina-con-inversor-abierto-de-5-kw-6-kw-7-kw.html#breadcrumb"},"inLanguage":"es","potentialAction":[{"@type":"ReadAction","target":["https:\/\/www.excalibur-generator.com\/es\/soldador-y-generador-de-gasolina-con-inversor-abierto-de-5-kw-6-kw-7-kw.html"]}]},{"@type":"ImageObject","inLanguage":"es","@id":"https:\/\/www.excalibur-generator.com\/es\/soldador-y-generador-de-gasolina-con-inversor-abierto-de-5-kw-6-kw-7-kw.html#primaryimage","url":"https:\/\/www.excalibur-generator.com\/wp-content\/uploads\/2024\/05\/Inverter-gasoline-welder-generator.webp","contentUrl":"https:\/\/www.excalibur-generator.com\/wp-content\/uploads\/2024\/05\/Inverter-gasoline-welder-generator.webp","width":800,"height":800,"caption":"Generador de soldadura de gasolina con inversor"},{"@type":"BreadcrumbList","@id":"https:\/\/www.excalibur-generator.com\/es\/soldador-y-generador-de-gasolina-con-inversor-abierto-de-5-kw-6-kw-7-kw.html#breadcrumb","itemListElement":[{"@type":"ListItem","position":1,"name":"Home","item":"https:\/\/www.excalibur-generator.com\/es\/inicio\/"},{"@type":"ListItem","position":2,"name":"Productos","item":"https:\/\/www.excalibur-generator.com\/es\/productos.html"},{"@type":"ListItem","position":3,"name":"Soldador y generador de gasolina con inversor abierto de 5 kW\/6 kW\/7 kW"}]},{"@type":"WebSite","@id":"https:\/\/www.excalibur-generator.com\/es\/#website","url":"https:\/\/www.excalibur-generator.com\/es\/","name":"Excalibur Generator","description":"","publisher":{"@id":"https:\/\/www.excalibur-generator.com\/es\/#organization"},"potentialAction":[{"@type":"SearchAction","target":{"@type":"EntryPoint","urlTemplate":"https:\/\/www.excalibur-generator.com\/es\/?s={search_term_string}"},"query-input":{"@type":"PropertyValueSpecification","valueRequired":true,"valueName":"search_term_string"}}],"inLanguage":"es"},{"@type":"Organization","@id":"https:\/\/www.excalibur-generator.com\/es\/#organization","name":"Excalibur Generator","url":"https:\/\/www.excalibur-generator.com\/es\/","logo":{"@type":"ImageObject","inLanguage":"es","@id":"https:\/\/www.excalibur-generator.com\/es\/#\/schema\/logo\/image\/","url":"https:\/\/www.excalibur-generator.com\/wp-content\/uploads\/2024\/05\/EXCALIBUR.png","contentUrl":"https:\/\/www.excalibur-generator.com\/wp-content\/uploads\/2024\/05\/EXCALIBUR.png","width":350,"height":79,"caption":"Excalibur Generator"},"image":{"@id":"https:\/\/www.excalibur-generator.com\/es\/#\/schema\/logo\/image\/"}}]}},"_links":{"self":[{"href":"https:\/\/www.excalibur-generator.com\/es\/wp-json\/wp\/v2\/product\/3898","targetHints":{"allow":["GET"]}}],"collection":[{"href":"https:\/\/www.excalibur-generator.com\/es\/wp-json\/wp\/v2\/product"}],"about":[{"href":"https:\/\/www.excalibur-generator.com\/es\/wp-json\/wp\/v2\/types\/product"}],"replies":[{"embeddable":true,"href":"https:\/\/www.excalibur-generator.com\/es\/wp-json\/wp\/v2\/comments?post=3898"}],"wp:featuredmedia":[{"embeddable":true,"href":"https:\/\/www.excalibur-generator.com\/es\/wp-json\/wp\/v2\/media\/3324"}],"wp:attachment":[{"href":"https:\/\/www.excalibur-generator.com\/es\/wp-json\/wp\/v2\/media?parent=3898"}],"wp:term":[{"taxonomy":"product_brand","embeddable":true,"href":"https:\/\/www.excalibur-generator.com\/es\/wp-json\/wp\/v2\/product_brand?post=3898"},{"taxonomy":"product_cat","embeddable":true,"href":"https:\/\/www.excalibur-generator.com\/es\/wp-json\/wp\/v2\/product_cat?post=3898"},{"taxonomy":"product_tag","embeddable":true,"href":"https:\/\/www.excalibur-generator.com\/es\/wp-json\/wp\/v2\/product_tag?post=3898"}],"curies":[{"name":"wp","href":"https:\/\/api.w.org\/{rel}","templated":true}]}}