{"id":3902,"date":"2024-05-24T10:56:33","date_gmt":"2024-05-24T02:56:33","guid":{"rendered":"https:\/\/www.excalibur-generator.com\/motor-diesel-s2v98fe-de-2-cilindros-y-4-tiempos\/"},"modified":"2024-05-24T10:56:33","modified_gmt":"2024-05-24T02:56:33","slug":"motor-diesel-s2v98fe-de-2-cilindros-y-4-tiempos","status":"publish","type":"product","link":"https:\/\/www.excalibur-generator.com\/es\/motor-diesel-s2v98fe-de-2-cilindros-y-4-tiempos\/","title":{"rendered":"Motor di\u00e9sel S2V98FE de 2 cilindros y 4 tiempos"},"content":{"rendered":"<table>\n<colgroup>\n<col>\n<col><\/colgroup>\n<tbody>\n<tr class=\"firstRow\">\n<td>Modelo<\/td>\n<td>S2V98FE<\/td>\n<\/tr>\n<tr>\n<td>Tipo<\/td>\n<td>Dos cilindros, en &#8220;V&#8221;, 4 tiempos, refrigerado por aire, inyecci\u00f3n directa<\/td>\n<\/tr>\n<tr>\n<td>Di\u00e1metro interior*carrera (mm)<\/td>\n<td>99*88<\/td>\n<\/tr>\n<tr>\n<td>Desplazamiento (cc)<\/td>\n<td>1.326<\/td>\n<\/tr>\n<tr>\n<td>Relaci\u00f3n de combusti\u00f3n<\/td>\n<td>20:1<\/td>\n<\/tr>\n<tr>\n<td rowspan=\"2\">Potencia nominal (kW\/rpm)<\/td>\n<td>20\/3000<\/td>\n<\/tr>\n<tr>\n<td>21\/3600<\/td>\n<\/tr>\n<tr>\n<td>Combustible<\/td>\n<td>0# ( Verano) -10# ( Invierno) \uff0c-35 # ( Muy fr\u00edo) Diesel<\/td>\n<\/tr>\n<tr>\n<td>Tipo de aceite lubricante<\/td>\n<td>SAE10W30( magnitud CD\uff09<\/td>\n<\/tr>\n<tr>\n<td>Lubricante[L(US .gal)]<\/td>\n<td>2.7<\/td>\n<\/tr>\n<tr>\n<td>Manera de trabajar<\/td>\n<td>12 horas de funcionamiento continuo<\/td>\n<\/tr>\n<tr>\n<td>Consumo de combustible (100% de carga)<\/td>\n<td>\u2264250g\/kw.h<\/td>\n<\/tr>\n<tr>\n<td>Capacidad del tanque de combustible (L)<\/td>\n<td>12.5<\/td>\n<\/tr>\n<tr>\n<td>Nivel de ruido (7 m) db (A)<\/td>\n<td>80<\/td>\n<\/tr>\n<tr>\n<td>Sistema de arranque<\/td>\n<td>Arranque el\u00e9ctrico<\/td>\n<\/tr>\n<tr>\n<td>Tama\u00f1o del embalaje (L*An*Al) mm<\/td>\n<td>640*640*845<\/td>\n<\/tr>\n<tr>\n<td>Peso neto (kg)<\/td>\n<td>92<\/td>\n<\/tr>\n<\/tbody>\n<\/table>\n","protected":false},"excerpt":{"rendered":"<p>Modelo S2V98FE Tipo Dos cilindros, en &#8220;V&#8221;, 4 tiempos, refrigerado por aire, inyecci\u00f3n directa Di\u00e1metro interior*carrera (mm) 99*88 Desplazamiento (cc) 1.326 Relaci\u00f3n de combusti\u00f3n 20:1 Potencia nominal (kW\/rpm) 20\/3000 21\/3600 Combustible 0# ( Verano) -10# ( Invierno) \uff0c-35 # ( Muy fr\u00edo) Diesel Tipo de aceite lubricante SAE10W30( magnitud CD\uff09 Lubricante[L(US .gal)] 2.7 Manera de trabajar 12 horas de funcionamiento continuo Consumo de combustible (100% de carga) \u2264250g\/kw.h Capacidad del tanque de combustible (L) 12.5 Nivel de ruido (7 m) db (A) 80 Sistema de arranque Arranque el\u00e9ctrico Tama\u00f1o del embalaje (L*An*Al) mm 640*640*845 Peso neto (kg) 92<\/p>\n","protected":false},"featured_media":3355,"comment_status":"open","ping_status":"closed","template":"","meta":{"site-sidebar-layout":"default","site-content-layout":"","ast-site-content-layout":"default","site-content-style":"default","site-sidebar-style":"default","ast-global-header-display":"","ast-banner-title-visibility":"","ast-main-header-display":"","ast-hfb-above-header-display":"","ast-hfb-below-header-display":"","ast-hfb-mobile-header-display":"","site-post-title":"","ast-breadcrumbs-content":"","ast-featured-img":"","footer-sml-layout":"","theme-transparent-header-meta":"default","adv-header-id-meta":"","stick-header-meta":"","header-above-stick-meta":"","header-main-stick-meta":"","header-below-stick-meta":"","astra-migrate-meta-layouts":"default","ast-page-background-enabled":"default","ast-page-background-meta":{"desktop":{"background-color":"var(--ast-global-color-4)","background-image":"","background-repeat":"repeat","background-position":"center center","background-size":"auto","background-attachment":"scroll","background-type":"","background-media":"","overlay-type":"","overlay-color":"","overlay-opacity":"","overlay-gradient":""},"tablet":{"background-color":"","background-image":"","background-repeat":"repeat","background-position":"center center","background-size":"auto","background-attachment":"scroll","background-type":"","background-media":"","overlay-type":"","overlay-color":"","overlay-opacity":"","overlay-gradient":""},"mobile":{"background-color":"","background-image":"","background-repeat":"repeat","background-position":"center center","background-size":"auto","background-attachment":"scroll","background-type":"","background-media":"","overlay-type":"","overlay-color":"","overlay-opacity":"","overlay-gradient":""}},"ast-content-background-meta":{"desktop":{"background-color":"var(--ast-global-color-5)","background-image":"","background-repeat":"repeat","background-position":"center center","background-size":"auto","background-attachment":"scroll","background-type":"","background-media":"","overlay-type":"","overlay-color":"","overlay-opacity":"","overlay-gradient":""},"tablet":{"background-color":"var(--ast-global-color-5)","background-image":"","background-repeat":"repeat","background-position":"center center","background-size":"auto","background-attachment":"scroll","background-type":"","background-media":"","overlay-type":"","overlay-color":"","overlay-opacity":"","overlay-gradient":""},"mobile":{"background-color":"var(--ast-global-color-5)","background-image":"","background-repeat":"repeat","background-position":"center center","background-size":"auto","background-attachment":"scroll","background-type":"","background-media":"","overlay-type":"","overlay-color":"","overlay-opacity":"","overlay-gradient":""}}},"product_brand":[],"product_cat":[43],"product_tag":[],"class_list":{"0":"post-3902","1":"product","2":"type-product","3":"status-publish","4":"has-post-thumbnail","6":"product_cat-sin-categorizar","7":"desktop-align-left","8":"tablet-align-left","9":"mobile-align-left","11":"first","12":"instock","13":"shipping-taxable","14":"product-type-simple"},"yoast_head":"<!-- This site is optimized with the Yoast SEO plugin v26.5 - https:\/\/yoast.com\/wordpress\/plugins\/seo\/ -->\n<title>Motor diesel S2V98FE de 2 cilindros y 4 tiempos &#8211; Excalibur Generator<\/title>\n<meta name=\"description\" content=\"El motor di\u00e9sel S2V98FE, con un dise\u00f1o de 2 cilindros y 4 tiempos, ofrece potencia robusta y eficiente para diversas aplicaciones, lo que garantiza confiabilidad y un rendimiento \u00f3ptimo.\" \/>\n<meta name=\"robots\" content=\"index, follow, max-snippet:-1, max-image-preview:large, max-video-preview:-1\" \/>\n<link rel=\"canonical\" href=\"https:\/\/www.excalibur-generator.com\/es\/motor-diesel-s2v98fe-de-2-cilindros-y-4-tiempos\/\" \/>\n<script type=\"application\/ld+json\" class=\"yoast-schema-graph\">{\"@context\":\"https:\/\/schema.org\",\"@graph\":[{\"@type\":\"WebPage\",\"@id\":\"https:\/\/www.excalibur-generator.com\/es\/motor-diesel-s2v98fe-de-2-cilindros-y-4-tiempos\/\",\"url\":\"https:\/\/www.excalibur-generator.com\/es\/motor-diesel-s2v98fe-de-2-cilindros-y-4-tiempos\/\",\"name\":\"Motor diesel S2V98FE de 2 cilindros y 4 tiempos &#8211; Excalibur Generator\",\"isPartOf\":{\"@id\":\"https:\/\/www.excalibur-generator.com\/es\/#website\"},\"primaryImageOfPage\":{\"@id\":\"https:\/\/www.excalibur-generator.com\/es\/motor-diesel-s2v98fe-de-2-cilindros-y-4-tiempos\/#primaryimage\"},\"image\":{\"@id\":\"https:\/\/www.excalibur-generator.com\/es\/motor-diesel-s2v98fe-de-2-cilindros-y-4-tiempos\/#primaryimage\"},\"thumbnailUrl\":\"https:\/\/www.excalibur-generator.com\/wp-content\/uploads\/2024\/05\/S2V98FE-Diesel-Engine-2-Cylinder-4-stroke.jpg\",\"datePublished\":\"2024-05-24T02:56:33+00:00\",\"description\":\"El motor di\u00e9sel S2V98FE, con un dise\u00f1o de 2 cilindros y 4 tiempos, ofrece potencia robusta y eficiente para diversas aplicaciones, lo que garantiza confiabilidad y un rendimiento \u00f3ptimo.\",\"breadcrumb\":{\"@id\":\"https:\/\/www.excalibur-generator.com\/es\/motor-diesel-s2v98fe-de-2-cilindros-y-4-tiempos\/#breadcrumb\"},\"inLanguage\":\"es\",\"potentialAction\":[{\"@type\":\"ReadAction\",\"target\":[\"https:\/\/www.excalibur-generator.com\/es\/motor-diesel-s2v98fe-de-2-cilindros-y-4-tiempos\/\"]}]},{\"@type\":\"ImageObject\",\"inLanguage\":\"es\",\"@id\":\"https:\/\/www.excalibur-generator.com\/es\/motor-diesel-s2v98fe-de-2-cilindros-y-4-tiempos\/#primaryimage\",\"url\":\"https:\/\/www.excalibur-generator.com\/wp-content\/uploads\/2024\/05\/S2V98FE-Diesel-Engine-2-Cylinder-4-stroke.jpg\",\"contentUrl\":\"https:\/\/www.excalibur-generator.com\/wp-content\/uploads\/2024\/05\/S2V98FE-Diesel-Engine-2-Cylinder-4-stroke.jpg\",\"width\":800,\"height\":800,\"caption\":\"Motor di\u00e9sel S2V98FE de 2 cilindros y 4 tiempos\"},{\"@type\":\"BreadcrumbList\",\"@id\":\"https:\/\/www.excalibur-generator.com\/es\/motor-diesel-s2v98fe-de-2-cilindros-y-4-tiempos\/#breadcrumb\",\"itemListElement\":[{\"@type\":\"ListItem\",\"position\":1,\"name\":\"Home\",\"item\":\"https:\/\/www.excalibur-generator.com\/es\/inicio\/\"},{\"@type\":\"ListItem\",\"position\":2,\"name\":\"Productos\",\"item\":\"https:\/\/www.excalibur-generator.com\/es\/productos.html\"},{\"@type\":\"ListItem\",\"position\":3,\"name\":\"Motor di\u00e9sel S2V98FE de 2 cilindros y 4 tiempos\"}]},{\"@type\":\"WebSite\",\"@id\":\"https:\/\/www.excalibur-generator.com\/es\/#website\",\"url\":\"https:\/\/www.excalibur-generator.com\/es\/\",\"name\":\"Excalibur Generator\",\"description\":\"\",\"publisher\":{\"@id\":\"https:\/\/www.excalibur-generator.com\/es\/#organization\"},\"potentialAction\":[{\"@type\":\"SearchAction\",\"target\":{\"@type\":\"EntryPoint\",\"urlTemplate\":\"https:\/\/www.excalibur-generator.com\/es\/?s={search_term_string}\"},\"query-input\":{\"@type\":\"PropertyValueSpecification\",\"valueRequired\":true,\"valueName\":\"search_term_string\"}}],\"inLanguage\":\"es\"},{\"@type\":\"Organization\",\"@id\":\"https:\/\/www.excalibur-generator.com\/es\/#organization\",\"name\":\"Excalibur Generator\",\"url\":\"https:\/\/www.excalibur-generator.com\/es\/\",\"logo\":{\"@type\":\"ImageObject\",\"inLanguage\":\"es\",\"@id\":\"https:\/\/www.excalibur-generator.com\/es\/#\/schema\/logo\/image\/\",\"url\":\"https:\/\/www.excalibur-generator.com\/wp-content\/uploads\/2024\/05\/EXCALIBUR.png\",\"contentUrl\":\"https:\/\/www.excalibur-generator.com\/wp-content\/uploads\/2024\/05\/EXCALIBUR.png\",\"width\":350,\"height\":79,\"caption\":\"Excalibur Generator\"},\"image\":{\"@id\":\"https:\/\/www.excalibur-generator.com\/es\/#\/schema\/logo\/image\/\"}}]}<\/script>\n<!-- \/ Yoast SEO plugin. -->","yoast_head_json":{"title":"Motor diesel S2V98FE de 2 cilindros y 4 tiempos &#8211; Excalibur Generator","description":"El motor di\u00e9sel S2V98FE, con un dise\u00f1o de 2 cilindros y 4 tiempos, ofrece potencia robusta y eficiente para diversas aplicaciones, lo que garantiza confiabilidad y un rendimiento \u00f3ptimo.","robots":{"index":"index","follow":"follow","max-snippet":"max-snippet:-1","max-image-preview":"max-image-preview:large","max-video-preview":"max-video-preview:-1"},"canonical":"https:\/\/www.excalibur-generator.com\/es\/motor-diesel-s2v98fe-de-2-cilindros-y-4-tiempos\/","schema":{"@context":"https:\/\/schema.org","@graph":[{"@type":"WebPage","@id":"https:\/\/www.excalibur-generator.com\/es\/motor-diesel-s2v98fe-de-2-cilindros-y-4-tiempos\/","url":"https:\/\/www.excalibur-generator.com\/es\/motor-diesel-s2v98fe-de-2-cilindros-y-4-tiempos\/","name":"Motor diesel S2V98FE de 2 cilindros y 4 tiempos &#8211; Excalibur Generator","isPartOf":{"@id":"https:\/\/www.excalibur-generator.com\/es\/#website"},"primaryImageOfPage":{"@id":"https:\/\/www.excalibur-generator.com\/es\/motor-diesel-s2v98fe-de-2-cilindros-y-4-tiempos\/#primaryimage"},"image":{"@id":"https:\/\/www.excalibur-generator.com\/es\/motor-diesel-s2v98fe-de-2-cilindros-y-4-tiempos\/#primaryimage"},"thumbnailUrl":"https:\/\/www.excalibur-generator.com\/wp-content\/uploads\/2024\/05\/S2V98FE-Diesel-Engine-2-Cylinder-4-stroke.jpg","datePublished":"2024-05-24T02:56:33+00:00","description":"El motor di\u00e9sel S2V98FE, con un dise\u00f1o de 2 cilindros y 4 tiempos, ofrece potencia robusta y eficiente para diversas aplicaciones, lo que garantiza confiabilidad y un rendimiento \u00f3ptimo.","breadcrumb":{"@id":"https:\/\/www.excalibur-generator.com\/es\/motor-diesel-s2v98fe-de-2-cilindros-y-4-tiempos\/#breadcrumb"},"inLanguage":"es","potentialAction":[{"@type":"ReadAction","target":["https:\/\/www.excalibur-generator.com\/es\/motor-diesel-s2v98fe-de-2-cilindros-y-4-tiempos\/"]}]},{"@type":"ImageObject","inLanguage":"es","@id":"https:\/\/www.excalibur-generator.com\/es\/motor-diesel-s2v98fe-de-2-cilindros-y-4-tiempos\/#primaryimage","url":"https:\/\/www.excalibur-generator.com\/wp-content\/uploads\/2024\/05\/S2V98FE-Diesel-Engine-2-Cylinder-4-stroke.jpg","contentUrl":"https:\/\/www.excalibur-generator.com\/wp-content\/uploads\/2024\/05\/S2V98FE-Diesel-Engine-2-Cylinder-4-stroke.jpg","width":800,"height":800,"caption":"Motor di\u00e9sel S2V98FE de 2 cilindros y 4 tiempos"},{"@type":"BreadcrumbList","@id":"https:\/\/www.excalibur-generator.com\/es\/motor-diesel-s2v98fe-de-2-cilindros-y-4-tiempos\/#breadcrumb","itemListElement":[{"@type":"ListItem","position":1,"name":"Home","item":"https:\/\/www.excalibur-generator.com\/es\/inicio\/"},{"@type":"ListItem","position":2,"name":"Productos","item":"https:\/\/www.excalibur-generator.com\/es\/productos.html"},{"@type":"ListItem","position":3,"name":"Motor di\u00e9sel S2V98FE de 2 cilindros y 4 tiempos"}]},{"@type":"WebSite","@id":"https:\/\/www.excalibur-generator.com\/es\/#website","url":"https:\/\/www.excalibur-generator.com\/es\/","name":"Excalibur Generator","description":"","publisher":{"@id":"https:\/\/www.excalibur-generator.com\/es\/#organization"},"potentialAction":[{"@type":"SearchAction","target":{"@type":"EntryPoint","urlTemplate":"https:\/\/www.excalibur-generator.com\/es\/?s={search_term_string}"},"query-input":{"@type":"PropertyValueSpecification","valueRequired":true,"valueName":"search_term_string"}}],"inLanguage":"es"},{"@type":"Organization","@id":"https:\/\/www.excalibur-generator.com\/es\/#organization","name":"Excalibur Generator","url":"https:\/\/www.excalibur-generator.com\/es\/","logo":{"@type":"ImageObject","inLanguage":"es","@id":"https:\/\/www.excalibur-generator.com\/es\/#\/schema\/logo\/image\/","url":"https:\/\/www.excalibur-generator.com\/wp-content\/uploads\/2024\/05\/EXCALIBUR.png","contentUrl":"https:\/\/www.excalibur-generator.com\/wp-content\/uploads\/2024\/05\/EXCALIBUR.png","width":350,"height":79,"caption":"Excalibur Generator"},"image":{"@id":"https:\/\/www.excalibur-generator.com\/es\/#\/schema\/logo\/image\/"}}]}},"_links":{"self":[{"href":"https:\/\/www.excalibur-generator.com\/es\/wp-json\/wp\/v2\/product\/3902","targetHints":{"allow":["GET"]}}],"collection":[{"href":"https:\/\/www.excalibur-generator.com\/es\/wp-json\/wp\/v2\/product"}],"about":[{"href":"https:\/\/www.excalibur-generator.com\/es\/wp-json\/wp\/v2\/types\/product"}],"replies":[{"embeddable":true,"href":"https:\/\/www.excalibur-generator.com\/es\/wp-json\/wp\/v2\/comments?post=3902"}],"wp:featuredmedia":[{"embeddable":true,"href":"https:\/\/www.excalibur-generator.com\/es\/wp-json\/wp\/v2\/media\/3355"}],"wp:attachment":[{"href":"https:\/\/www.excalibur-generator.com\/es\/wp-json\/wp\/v2\/media?parent=3902"}],"wp:term":[{"taxonomy":"product_brand","embeddable":true,"href":"https:\/\/www.excalibur-generator.com\/es\/wp-json\/wp\/v2\/product_brand?post=3902"},{"taxonomy":"product_cat","embeddable":true,"href":"https:\/\/www.excalibur-generator.com\/es\/wp-json\/wp\/v2\/product_cat?post=3902"},{"taxonomy":"product_tag","embeddable":true,"href":"https:\/\/www.excalibur-generator.com\/es\/wp-json\/wp\/v2\/product_tag?post=3902"}],"curies":[{"name":"wp","href":"https:\/\/api.w.org\/{rel}","templated":true}]}}