{"id":3905,"date":"2024-05-24T10:46:33","date_gmt":"2024-05-24T02:46:33","guid":{"rendered":"https:\/\/www.excalibur-generator.com\/motor-de-gasolina-vertical-s20\/"},"modified":"2024-09-18T16:46:02","modified_gmt":"2024-09-18T08:46:02","slug":"motor-de-gasolina-vertical-s20","status":"publish","type":"product","link":"https:\/\/www.excalibur-generator.com\/es\/motor-de-gasolina-vertical-s20.html","title":{"rendered":"Motor de gasolina vertical S20"},"content":{"rendered":"<table>\n<colgroup>\n<col \/>\n<col \/><\/colgroup>\n<tbody>\n<tr class=\"firstRow\">\n<td>Modelo<\/td>\n<td>S20<\/td>\n<\/tr>\n<tr>\n<td>Tipo<\/td>\n<td>Refrigerado por aire,4 tiempos,monocil\u00edndrico,v\u00e1lvula lateral<\/td>\n<\/tr>\n<tr>\n<td>Di\u00e1metro interior*carrera (mm)<\/td>\n<td>67*52<\/td>\n<\/tr>\n<tr>\n<td>Desplazamiento (cc)<\/td>\n<td>183<\/td>\n<\/tr>\n<tr>\n<td>Potencia nominal kW (CV)\/rpm<\/td>\n<td>2.65(3.5)\/3600<\/td>\n<\/tr>\n<tr>\n<td>Potencia m\u00e1xima en kW (CV)\/rpm<\/td>\n<td>3.73(5.0)\/4000<\/td>\n<\/tr>\n<tr>\n<td>Sentido de giro<\/td>\n<td>En sentido contrario a las agujas del reloj, orientado hacia el \u00e1rbol de transmisi\u00f3n<\/td>\n<\/tr>\n<tr>\n<td>Combustible<\/td>\n<td>Autom\u00f3vil Gasolina sin plomo<\/td>\n<\/tr>\n<tr>\n<td>Capacidad del tanque de combustible (L)<\/td>\n<td>3.8<\/td>\n<\/tr>\n<tr>\n<td>Capacidad de aceite lubricante (L)<\/td>\n<td>0.6<\/td>\n<\/tr>\n<tr>\n<td>Buj\u00eda de encendido<\/td>\n<td>E6TC<\/td>\n<\/tr>\n<tr>\n<td>Sistema de arranque<\/td>\n<td>Motor de arranque<\/td>\n<\/tr>\n<tr>\n<td>Tama\u00f1o del embalaje (mm)<\/td>\n<td>380*370*425<\/td>\n<\/tr>\n<tr>\n<td>Peso neto<\/td>\n<td>15<\/td>\n<\/tr>\n<\/tbody>\n<\/table>\n","protected":false},"excerpt":{"rendered":"<p>Modelo S20 Tipo Refrigerado por aire,4 tiempos,monocil\u00edndrico,v\u00e1lvula lateral Di\u00e1metro interior*carrera (mm) 67*52 Desplazamiento (cc) 183 Potencia nominal kW (CV)\/rpm 2.65(3.5)\/3600 Potencia m\u00e1xima en kW (CV)\/rpm 3.73(5.0)\/4000 Sentido de giro En sentido contrario a las agujas del reloj, orientado hacia el \u00e1rbol de transmisi\u00f3n Combustible Autom\u00f3vil Gasolina sin plomo Capacidad del tanque de combustible (L) 3.8 Capacidad de aceite lubricante (L) 0.6 Buj\u00eda de encendido E6TC Sistema de arranque Motor de arranque Tama\u00f1o del embalaje (mm) 380*370*425 Peso neto 15<\/p>\n","protected":false},"featured_media":3358,"comment_status":"open","ping_status":"closed","template":"","meta":{"site-sidebar-layout":"default","site-content-layout":"","ast-site-content-layout":"default","site-content-style":"default","site-sidebar-style":"default","ast-global-header-display":"","ast-banner-title-visibility":"","ast-main-header-display":"","ast-hfb-above-header-display":"","ast-hfb-below-header-display":"","ast-hfb-mobile-header-display":"","site-post-title":"","ast-breadcrumbs-content":"","ast-featured-img":"","footer-sml-layout":"","theme-transparent-header-meta":"default","adv-header-id-meta":"","stick-header-meta":"","header-above-stick-meta":"","header-main-stick-meta":"","header-below-stick-meta":"","astra-migrate-meta-layouts":"set","ast-page-background-enabled":"default","ast-page-background-meta":{"desktop":{"background-color":"var(--ast-global-color-4)","background-image":"","background-repeat":"repeat","background-position":"center center","background-size":"auto","background-attachment":"scroll","background-type":"","background-media":"","overlay-type":"","overlay-color":"","overlay-opacity":"","overlay-gradient":""},"tablet":{"background-color":"","background-image":"","background-repeat":"repeat","background-position":"center center","background-size":"auto","background-attachment":"scroll","background-type":"","background-media":"","overlay-type":"","overlay-color":"","overlay-opacity":"","overlay-gradient":""},"mobile":{"background-color":"","background-image":"","background-repeat":"repeat","background-position":"center center","background-size":"auto","background-attachment":"scroll","background-type":"","background-media":"","overlay-type":"","overlay-color":"","overlay-opacity":"","overlay-gradient":""}},"ast-content-background-meta":{"desktop":{"background-color":"var(--ast-global-color-5)","background-image":"","background-repeat":"repeat","background-position":"center center","background-size":"auto","background-attachment":"scroll","background-type":"","background-media":"","overlay-type":"","overlay-color":"","overlay-opacity":"","overlay-gradient":""},"tablet":{"background-color":"var(--ast-global-color-5)","background-image":"","background-repeat":"repeat","background-position":"center center","background-size":"auto","background-attachment":"scroll","background-type":"","background-media":"","overlay-type":"","overlay-color":"","overlay-opacity":"","overlay-gradient":""},"mobile":{"background-color":"var(--ast-global-color-5)","background-image":"","background-repeat":"repeat","background-position":"center center","background-size":"auto","background-attachment":"scroll","background-type":"","background-media":"","overlay-type":"","overlay-color":"","overlay-opacity":"","overlay-gradient":""}}},"product_brand":[],"product_cat":[43],"product_tag":[],"class_list":{"0":"post-3905","1":"product","2":"type-product","3":"status-publish","4":"has-post-thumbnail","6":"product_cat-sin-categorizar","7":"desktop-align-left","8":"tablet-align-left","9":"mobile-align-left","11":"first","12":"instock","13":"shipping-taxable","14":"product-type-simple"},"yoast_head":"<!-- This site is optimized with the Yoast SEO plugin v26.5 - https:\/\/yoast.com\/wordpress\/plugins\/seo\/ -->\n<title>Motor de gasolina vertical S20 &#8211; Excalibur Generator<\/title>\n<meta name=\"description\" content=\"El motor de gasolina vertical S20 cuenta con un dise\u00f1o potente, ideal para diversas aplicaciones. Con una construcci\u00f3n robusta y una potencia de 20 caballos de fuerza, garantiza un rendimiento y una eficiencia confiables, lo que lo convierte en una opci\u00f3n vers\u00e1til para diferentes tareas.\" \/>\n<meta name=\"robots\" content=\"index, follow, max-snippet:-1, max-image-preview:large, max-video-preview:-1\" \/>\n<link rel=\"canonical\" href=\"https:\/\/www.excalibur-generator.com\/es\/motor-de-gasolina-vertical-s20.html\" \/>\n<meta name=\"twitter:label1\" content=\"Tiempo de lectura\" \/>\n\t<meta name=\"twitter:data1\" content=\"1 minuto\" \/>\n<script type=\"application\/ld+json\" class=\"yoast-schema-graph\">{\"@context\":\"https:\/\/schema.org\",\"@graph\":[{\"@type\":\"WebPage\",\"@id\":\"https:\/\/www.excalibur-generator.com\/es\/motor-de-gasolina-vertical-s20.html\",\"url\":\"https:\/\/www.excalibur-generator.com\/es\/motor-de-gasolina-vertical-s20.html\",\"name\":\"Motor de gasolina vertical S20 &#8211; Excalibur Generator\",\"isPartOf\":{\"@id\":\"https:\/\/www.excalibur-generator.com\/es\/#website\"},\"primaryImageOfPage\":{\"@id\":\"https:\/\/www.excalibur-generator.com\/es\/motor-de-gasolina-vertical-s20.html#primaryimage\"},\"image\":{\"@id\":\"https:\/\/www.excalibur-generator.com\/es\/motor-de-gasolina-vertical-s20.html#primaryimage\"},\"thumbnailUrl\":\"https:\/\/www.excalibur-generator.com\/wp-content\/uploads\/2024\/05\/S20-Vertical-Gasoline-Engine.jpg\",\"datePublished\":\"2024-05-24T02:46:33+00:00\",\"dateModified\":\"2024-09-18T08:46:02+00:00\",\"description\":\"El motor de gasolina vertical S20 cuenta con un dise\u00f1o potente, ideal para diversas aplicaciones. Con una construcci\u00f3n robusta y una potencia de 20 caballos de fuerza, garantiza un rendimiento y una eficiencia confiables, lo que lo convierte en una opci\u00f3n vers\u00e1til para diferentes tareas.\",\"breadcrumb\":{\"@id\":\"https:\/\/www.excalibur-generator.com\/es\/motor-de-gasolina-vertical-s20.html#breadcrumb\"},\"inLanguage\":\"es\",\"potentialAction\":[{\"@type\":\"ReadAction\",\"target\":[\"https:\/\/www.excalibur-generator.com\/es\/motor-de-gasolina-vertical-s20.html\"]}]},{\"@type\":\"ImageObject\",\"inLanguage\":\"es\",\"@id\":\"https:\/\/www.excalibur-generator.com\/es\/motor-de-gasolina-vertical-s20.html#primaryimage\",\"url\":\"https:\/\/www.excalibur-generator.com\/wp-content\/uploads\/2024\/05\/S20-Vertical-Gasoline-Engine.jpg\",\"contentUrl\":\"https:\/\/www.excalibur-generator.com\/wp-content\/uploads\/2024\/05\/S20-Vertical-Gasoline-Engine.jpg\",\"width\":800,\"height\":800,\"caption\":\"S20-Motor-Vertical-Gasolina\"},{\"@type\":\"BreadcrumbList\",\"@id\":\"https:\/\/www.excalibur-generator.com\/es\/motor-de-gasolina-vertical-s20.html#breadcrumb\",\"itemListElement\":[{\"@type\":\"ListItem\",\"position\":1,\"name\":\"Home\",\"item\":\"https:\/\/www.excalibur-generator.com\/es\/inicio\/\"},{\"@type\":\"ListItem\",\"position\":2,\"name\":\"Productos\",\"item\":\"https:\/\/www.excalibur-generator.com\/es\/productos.html\"},{\"@type\":\"ListItem\",\"position\":3,\"name\":\"Motor de gasolina vertical S20\"}]},{\"@type\":\"WebSite\",\"@id\":\"https:\/\/www.excalibur-generator.com\/es\/#website\",\"url\":\"https:\/\/www.excalibur-generator.com\/es\/\",\"name\":\"Excalibur Generator\",\"description\":\"\",\"publisher\":{\"@id\":\"https:\/\/www.excalibur-generator.com\/es\/#organization\"},\"potentialAction\":[{\"@type\":\"SearchAction\",\"target\":{\"@type\":\"EntryPoint\",\"urlTemplate\":\"https:\/\/www.excalibur-generator.com\/es\/?s={search_term_string}\"},\"query-input\":{\"@type\":\"PropertyValueSpecification\",\"valueRequired\":true,\"valueName\":\"search_term_string\"}}],\"inLanguage\":\"es\"},{\"@type\":\"Organization\",\"@id\":\"https:\/\/www.excalibur-generator.com\/es\/#organization\",\"name\":\"Excalibur Generator\",\"url\":\"https:\/\/www.excalibur-generator.com\/es\/\",\"logo\":{\"@type\":\"ImageObject\",\"inLanguage\":\"es\",\"@id\":\"https:\/\/www.excalibur-generator.com\/es\/#\/schema\/logo\/image\/\",\"url\":\"https:\/\/www.excalibur-generator.com\/wp-content\/uploads\/2024\/05\/EXCALIBUR.png\",\"contentUrl\":\"https:\/\/www.excalibur-generator.com\/wp-content\/uploads\/2024\/05\/EXCALIBUR.png\",\"width\":350,\"height\":79,\"caption\":\"Excalibur Generator\"},\"image\":{\"@id\":\"https:\/\/www.excalibur-generator.com\/es\/#\/schema\/logo\/image\/\"}}]}<\/script>\n<!-- \/ Yoast SEO plugin. -->","yoast_head_json":{"title":"Motor de gasolina vertical S20 &#8211; Excalibur Generator","description":"El motor de gasolina vertical S20 cuenta con un dise\u00f1o potente, ideal para diversas aplicaciones. Con una construcci\u00f3n robusta y una potencia de 20 caballos de fuerza, garantiza un rendimiento y una eficiencia confiables, lo que lo convierte en una opci\u00f3n vers\u00e1til para diferentes tareas.","robots":{"index":"index","follow":"follow","max-snippet":"max-snippet:-1","max-image-preview":"max-image-preview:large","max-video-preview":"max-video-preview:-1"},"canonical":"https:\/\/www.excalibur-generator.com\/es\/motor-de-gasolina-vertical-s20.html","twitter_misc":{"Tiempo de lectura":"1 minuto"},"schema":{"@context":"https:\/\/schema.org","@graph":[{"@type":"WebPage","@id":"https:\/\/www.excalibur-generator.com\/es\/motor-de-gasolina-vertical-s20.html","url":"https:\/\/www.excalibur-generator.com\/es\/motor-de-gasolina-vertical-s20.html","name":"Motor de gasolina vertical S20 &#8211; Excalibur Generator","isPartOf":{"@id":"https:\/\/www.excalibur-generator.com\/es\/#website"},"primaryImageOfPage":{"@id":"https:\/\/www.excalibur-generator.com\/es\/motor-de-gasolina-vertical-s20.html#primaryimage"},"image":{"@id":"https:\/\/www.excalibur-generator.com\/es\/motor-de-gasolina-vertical-s20.html#primaryimage"},"thumbnailUrl":"https:\/\/www.excalibur-generator.com\/wp-content\/uploads\/2024\/05\/S20-Vertical-Gasoline-Engine.jpg","datePublished":"2024-05-24T02:46:33+00:00","dateModified":"2024-09-18T08:46:02+00:00","description":"El motor de gasolina vertical S20 cuenta con un dise\u00f1o potente, ideal para diversas aplicaciones. Con una construcci\u00f3n robusta y una potencia de 20 caballos de fuerza, garantiza un rendimiento y una eficiencia confiables, lo que lo convierte en una opci\u00f3n vers\u00e1til para diferentes tareas.","breadcrumb":{"@id":"https:\/\/www.excalibur-generator.com\/es\/motor-de-gasolina-vertical-s20.html#breadcrumb"},"inLanguage":"es","potentialAction":[{"@type":"ReadAction","target":["https:\/\/www.excalibur-generator.com\/es\/motor-de-gasolina-vertical-s20.html"]}]},{"@type":"ImageObject","inLanguage":"es","@id":"https:\/\/www.excalibur-generator.com\/es\/motor-de-gasolina-vertical-s20.html#primaryimage","url":"https:\/\/www.excalibur-generator.com\/wp-content\/uploads\/2024\/05\/S20-Vertical-Gasoline-Engine.jpg","contentUrl":"https:\/\/www.excalibur-generator.com\/wp-content\/uploads\/2024\/05\/S20-Vertical-Gasoline-Engine.jpg","width":800,"height":800,"caption":"S20-Motor-Vertical-Gasolina"},{"@type":"BreadcrumbList","@id":"https:\/\/www.excalibur-generator.com\/es\/motor-de-gasolina-vertical-s20.html#breadcrumb","itemListElement":[{"@type":"ListItem","position":1,"name":"Home","item":"https:\/\/www.excalibur-generator.com\/es\/inicio\/"},{"@type":"ListItem","position":2,"name":"Productos","item":"https:\/\/www.excalibur-generator.com\/es\/productos.html"},{"@type":"ListItem","position":3,"name":"Motor de gasolina vertical S20"}]},{"@type":"WebSite","@id":"https:\/\/www.excalibur-generator.com\/es\/#website","url":"https:\/\/www.excalibur-generator.com\/es\/","name":"Excalibur Generator","description":"","publisher":{"@id":"https:\/\/www.excalibur-generator.com\/es\/#organization"},"potentialAction":[{"@type":"SearchAction","target":{"@type":"EntryPoint","urlTemplate":"https:\/\/www.excalibur-generator.com\/es\/?s={search_term_string}"},"query-input":{"@type":"PropertyValueSpecification","valueRequired":true,"valueName":"search_term_string"}}],"inLanguage":"es"},{"@type":"Organization","@id":"https:\/\/www.excalibur-generator.com\/es\/#organization","name":"Excalibur Generator","url":"https:\/\/www.excalibur-generator.com\/es\/","logo":{"@type":"ImageObject","inLanguage":"es","@id":"https:\/\/www.excalibur-generator.com\/es\/#\/schema\/logo\/image\/","url":"https:\/\/www.excalibur-generator.com\/wp-content\/uploads\/2024\/05\/EXCALIBUR.png","contentUrl":"https:\/\/www.excalibur-generator.com\/wp-content\/uploads\/2024\/05\/EXCALIBUR.png","width":350,"height":79,"caption":"Excalibur Generator"},"image":{"@id":"https:\/\/www.excalibur-generator.com\/es\/#\/schema\/logo\/image\/"}}]}},"_links":{"self":[{"href":"https:\/\/www.excalibur-generator.com\/es\/wp-json\/wp\/v2\/product\/3905","targetHints":{"allow":["GET"]}}],"collection":[{"href":"https:\/\/www.excalibur-generator.com\/es\/wp-json\/wp\/v2\/product"}],"about":[{"href":"https:\/\/www.excalibur-generator.com\/es\/wp-json\/wp\/v2\/types\/product"}],"replies":[{"embeddable":true,"href":"https:\/\/www.excalibur-generator.com\/es\/wp-json\/wp\/v2\/comments?post=3905"}],"wp:featuredmedia":[{"embeddable":true,"href":"https:\/\/www.excalibur-generator.com\/es\/wp-json\/wp\/v2\/media\/3358"}],"wp:attachment":[{"href":"https:\/\/www.excalibur-generator.com\/es\/wp-json\/wp\/v2\/media?parent=3905"}],"wp:term":[{"taxonomy":"product_brand","embeddable":true,"href":"https:\/\/www.excalibur-generator.com\/es\/wp-json\/wp\/v2\/product_brand?post=3905"},{"taxonomy":"product_cat","embeddable":true,"href":"https:\/\/www.excalibur-generator.com\/es\/wp-json\/wp\/v2\/product_cat?post=3905"},{"taxonomy":"product_tag","embeddable":true,"href":"https:\/\/www.excalibur-generator.com\/es\/wp-json\/wp\/v2\/product_tag?post=3905"}],"curies":[{"name":"wp","href":"https:\/\/api.w.org\/{rel}","templated":true}]}}