{"id":3909,"date":"2024-05-24T10:24:57","date_gmt":"2024-05-24T02:24:57","guid":{"rendered":"https:\/\/www.excalibur-generator.com\/motor-de-gasolina-horizontal-s500-de-15-hp\/"},"modified":"2024-09-18T17:01:51","modified_gmt":"2024-09-18T09:01:51","slug":"motor-de-gasolina-horizontal-s500-de-15-hp","status":"publish","type":"product","link":"https:\/\/www.excalibur-generator.com\/es\/motor-de-gasolina-horizontal-s500-de-15-hp.html","title":{"rendered":"Motor de gasolina horizontal S500 de 15 HP"},"content":{"rendered":"<table>\n<colgroup>\n<col \/>\n<col \/><\/colgroup>\n<tbody>\n<tr class=\"firstRow\">\n<td>Modelo<\/td>\n<td>S500<\/td>\n<\/tr>\n<tr>\n<td>Tipo<\/td>\n<td>Refrigerado por aire,4 tiempos,monocil\u00edndrico,v\u00e1lvula lateral<\/td>\n<\/tr>\n<tr>\n<td>Di\u00e1metro*Carrera(mm)<\/td>\n<td>94*72<\/td>\n<\/tr>\n<tr>\n<td>Cilindrada (cc)<\/td>\n<td>500<\/td>\n<\/tr>\n<tr>\n<td>Relaci\u00f3n de compresi\u00f3n<\/td>\n<td>8.5:1<\/td>\n<\/tr>\n<tr>\n<td>Potencia m\u00e1x.<br \/>\nPotencia de salida (CV\/rpm)<\/td>\n<td>18\/3600<\/td>\n<\/tr>\n<tr>\n<td>Par m\u00e1x.<br \/>\nPar(N.m\/)<\/td>\n<td>31<\/td>\n<\/tr>\n<tr>\n<td>Sistema de encendido<\/td>\n<td>Sistema de encendido Encendido transistorizado sin contacto (T.C.I.)<\/td>\n<\/tr>\n<tr>\n<td>Sistema de arranque<\/td>\n<td>Bobinado\/El\u00e9ctrico<\/td>\n<\/tr>\n<tr>\n<td>Depurador de aire<\/td>\n<td>Ba\u00f1o semiseco, doble, doble silencioso y tipo cicl\u00f3n<\/td>\n<\/tr>\n<tr>\n<td>Dep\u00f3sito de combustible (L)<\/td>\n<td>6.9<\/td>\n<\/tr>\n<tr>\n<td>Capacidad de aceite (L)<\/td>\n<td>1.2<\/td>\n<\/tr>\n<tr>\n<td>Consumo de combustible (g\/kw-hora)<\/td>\n<td>\u2264374<\/td>\n<\/tr>\n<tr>\n<td>Dimensi\u00f3n(L* An* Al)mm<\/td>\n<td>475*425*440<\/td>\n<\/tr>\n<tr>\n<td>G.W\/NW (Kg)<\/td>\n<td>39\/36<\/td>\n<\/tr>\n<\/tbody>\n<\/table>\n","protected":false},"excerpt":{"rendered":"<p>Modelo S500 Tipo Refrigerado por aire,4 tiempos,monocil\u00edndrico,v\u00e1lvula lateral Di\u00e1metro*Carrera(mm) 94*72 Cilindrada (cc) 500 Relaci\u00f3n de compresi\u00f3n 8.5:1 Potencia m\u00e1x. Potencia de salida (CV\/rpm) 18\/3600 Par m\u00e1x. Par(N.m\/) 31 Sistema de encendido Sistema de encendido Encendido transistorizado sin contacto (T.C.I.) Sistema de arranque Bobinado\/El\u00e9ctrico Depurador de aire Ba\u00f1o semiseco, doble, doble silencioso y tipo cicl\u00f3n Dep\u00f3sito de combustible (L) 6.9 Capacidad de aceite (L) 1.2 Consumo de combustible (g\/kw-hora) \u2264374 Dimensi\u00f3n(L* An* Al)mm 475*425*440 G.W\/NW (Kg) 39\/36<\/p>\n","protected":false},"featured_media":3362,"comment_status":"open","ping_status":"closed","template":"","meta":{"site-sidebar-layout":"default","site-content-layout":"","ast-site-content-layout":"default","site-content-style":"default","site-sidebar-style":"default","ast-global-header-display":"","ast-banner-title-visibility":"","ast-main-header-display":"","ast-hfb-above-header-display":"","ast-hfb-below-header-display":"","ast-hfb-mobile-header-display":"","site-post-title":"","ast-breadcrumbs-content":"","ast-featured-img":"","footer-sml-layout":"","theme-transparent-header-meta":"default","adv-header-id-meta":"","stick-header-meta":"","header-above-stick-meta":"","header-main-stick-meta":"","header-below-stick-meta":"","astra-migrate-meta-layouts":"set","ast-page-background-enabled":"default","ast-page-background-meta":{"desktop":{"background-color":"var(--ast-global-color-4)","background-image":"","background-repeat":"repeat","background-position":"center center","background-size":"auto","background-attachment":"scroll","background-type":"","background-media":"","overlay-type":"","overlay-color":"","overlay-opacity":"","overlay-gradient":""},"tablet":{"background-color":"","background-image":"","background-repeat":"repeat","background-position":"center center","background-size":"auto","background-attachment":"scroll","background-type":"","background-media":"","overlay-type":"","overlay-color":"","overlay-opacity":"","overlay-gradient":""},"mobile":{"background-color":"","background-image":"","background-repeat":"repeat","background-position":"center center","background-size":"auto","background-attachment":"scroll","background-type":"","background-media":"","overlay-type":"","overlay-color":"","overlay-opacity":"","overlay-gradient":""}},"ast-content-background-meta":{"desktop":{"background-color":"var(--ast-global-color-5)","background-image":"","background-repeat":"repeat","background-position":"center center","background-size":"auto","background-attachment":"scroll","background-type":"","background-media":"","overlay-type":"","overlay-color":"","overlay-opacity":"","overlay-gradient":""},"tablet":{"background-color":"var(--ast-global-color-5)","background-image":"","background-repeat":"repeat","background-position":"center center","background-size":"auto","background-attachment":"scroll","background-type":"","background-media":"","overlay-type":"","overlay-color":"","overlay-opacity":"","overlay-gradient":""},"mobile":{"background-color":"var(--ast-global-color-5)","background-image":"","background-repeat":"repeat","background-position":"center center","background-size":"auto","background-attachment":"scroll","background-type":"","background-media":"","overlay-type":"","overlay-color":"","overlay-opacity":"","overlay-gradient":""}}},"product_brand":[],"product_cat":[43],"product_tag":[],"class_list":{"0":"post-3909","1":"product","2":"type-product","3":"status-publish","4":"has-post-thumbnail","6":"product_cat-sin-categorizar","7":"desktop-align-left","8":"tablet-align-left","9":"mobile-align-left","11":"first","12":"instock","13":"shipping-taxable","14":"product-type-simple"},"yoast_head":"<!-- This site is optimized with the Yoast SEO plugin v26.5 - https:\/\/yoast.com\/wordpress\/plugins\/seo\/ -->\n<title>Motor de gasolina horizontal S500 de 15 HP &#8211; Excalibur Generator<\/title>\n<meta name=\"description\" content=\"El motor de gasolina horizontal S500 de 15 HP es una unidad compacta de alto rendimiento dise\u00f1ada para brindar versatilidad. Con un dise\u00f1o robusto de 4 tiempos, ofrece potencia confiable para diversas aplicaciones, lo que garantiza eficiencia y durabilidad en una configuraci\u00f3n que ahorra espacio.\" \/>\n<meta name=\"robots\" content=\"index, follow, max-snippet:-1, max-image-preview:large, max-video-preview:-1\" \/>\n<link rel=\"canonical\" href=\"https:\/\/www.excalibur-generator.com\/es\/motor-de-gasolina-horizontal-s500-de-15-hp.html\" \/>\n<meta name=\"twitter:label1\" content=\"Tiempo de lectura\" \/>\n\t<meta name=\"twitter:data1\" content=\"1 minuto\" \/>\n<script type=\"application\/ld+json\" class=\"yoast-schema-graph\">{\"@context\":\"https:\/\/schema.org\",\"@graph\":[{\"@type\":\"WebPage\",\"@id\":\"https:\/\/www.excalibur-generator.com\/es\/motor-de-gasolina-horizontal-s500-de-15-hp.html\",\"url\":\"https:\/\/www.excalibur-generator.com\/es\/motor-de-gasolina-horizontal-s500-de-15-hp.html\",\"name\":\"Motor de gasolina horizontal S500 de 15 HP &#8211; Excalibur Generator\",\"isPartOf\":{\"@id\":\"https:\/\/www.excalibur-generator.com\/es\/#website\"},\"primaryImageOfPage\":{\"@id\":\"https:\/\/www.excalibur-generator.com\/es\/motor-de-gasolina-horizontal-s500-de-15-hp.html#primaryimage\"},\"image\":{\"@id\":\"https:\/\/www.excalibur-generator.com\/es\/motor-de-gasolina-horizontal-s500-de-15-hp.html#primaryimage\"},\"thumbnailUrl\":\"https:\/\/www.excalibur-generator.com\/wp-content\/uploads\/2024\/05\/15HP-S500-Horizontal-Gasoline-Engine.jpg\",\"datePublished\":\"2024-05-24T02:24:57+00:00\",\"dateModified\":\"2024-09-18T09:01:51+00:00\",\"description\":\"El motor de gasolina horizontal S500 de 15 HP es una unidad compacta de alto rendimiento dise\u00f1ada para brindar versatilidad. Con un dise\u00f1o robusto de 4 tiempos, ofrece potencia confiable para diversas aplicaciones, lo que garantiza eficiencia y durabilidad en una configuraci\u00f3n que ahorra espacio.\",\"breadcrumb\":{\"@id\":\"https:\/\/www.excalibur-generator.com\/es\/motor-de-gasolina-horizontal-s500-de-15-hp.html#breadcrumb\"},\"inLanguage\":\"es\",\"potentialAction\":[{\"@type\":\"ReadAction\",\"target\":[\"https:\/\/www.excalibur-generator.com\/es\/motor-de-gasolina-horizontal-s500-de-15-hp.html\"]}]},{\"@type\":\"ImageObject\",\"inLanguage\":\"es\",\"@id\":\"https:\/\/www.excalibur-generator.com\/es\/motor-de-gasolina-horizontal-s500-de-15-hp.html#primaryimage\",\"url\":\"https:\/\/www.excalibur-generator.com\/wp-content\/uploads\/2024\/05\/15HP-S500-Horizontal-Gasoline-Engine.jpg\",\"contentUrl\":\"https:\/\/www.excalibur-generator.com\/wp-content\/uploads\/2024\/05\/15HP-S500-Horizontal-Gasoline-Engine.jpg\",\"width\":800,\"height\":800,\"caption\":\"Motor de gasolina horizontal S500 de 15 HP\"},{\"@type\":\"BreadcrumbList\",\"@id\":\"https:\/\/www.excalibur-generator.com\/es\/motor-de-gasolina-horizontal-s500-de-15-hp.html#breadcrumb\",\"itemListElement\":[{\"@type\":\"ListItem\",\"position\":1,\"name\":\"Home\",\"item\":\"https:\/\/www.excalibur-generator.com\/es\/inicio\/\"},{\"@type\":\"ListItem\",\"position\":2,\"name\":\"Productos\",\"item\":\"https:\/\/www.excalibur-generator.com\/es\/productos.html\"},{\"@type\":\"ListItem\",\"position\":3,\"name\":\"Motor de gasolina horizontal S500 de 15 HP\"}]},{\"@type\":\"WebSite\",\"@id\":\"https:\/\/www.excalibur-generator.com\/es\/#website\",\"url\":\"https:\/\/www.excalibur-generator.com\/es\/\",\"name\":\"Excalibur Generator\",\"description\":\"\",\"publisher\":{\"@id\":\"https:\/\/www.excalibur-generator.com\/es\/#organization\"},\"potentialAction\":[{\"@type\":\"SearchAction\",\"target\":{\"@type\":\"EntryPoint\",\"urlTemplate\":\"https:\/\/www.excalibur-generator.com\/es\/?s={search_term_string}\"},\"query-input\":{\"@type\":\"PropertyValueSpecification\",\"valueRequired\":true,\"valueName\":\"search_term_string\"}}],\"inLanguage\":\"es\"},{\"@type\":\"Organization\",\"@id\":\"https:\/\/www.excalibur-generator.com\/es\/#organization\",\"name\":\"Excalibur Generator\",\"url\":\"https:\/\/www.excalibur-generator.com\/es\/\",\"logo\":{\"@type\":\"ImageObject\",\"inLanguage\":\"es\",\"@id\":\"https:\/\/www.excalibur-generator.com\/es\/#\/schema\/logo\/image\/\",\"url\":\"https:\/\/www.excalibur-generator.com\/wp-content\/uploads\/2024\/05\/EXCALIBUR.png\",\"contentUrl\":\"https:\/\/www.excalibur-generator.com\/wp-content\/uploads\/2024\/05\/EXCALIBUR.png\",\"width\":350,\"height\":79,\"caption\":\"Excalibur Generator\"},\"image\":{\"@id\":\"https:\/\/www.excalibur-generator.com\/es\/#\/schema\/logo\/image\/\"}}]}<\/script>\n<!-- \/ Yoast SEO plugin. -->","yoast_head_json":{"title":"Motor de gasolina horizontal S500 de 15 HP &#8211; Excalibur Generator","description":"El motor de gasolina horizontal S500 de 15 HP es una unidad compacta de alto rendimiento dise\u00f1ada para brindar versatilidad. Con un dise\u00f1o robusto de 4 tiempos, ofrece potencia confiable para diversas aplicaciones, lo que garantiza eficiencia y durabilidad en una configuraci\u00f3n que ahorra espacio.","robots":{"index":"index","follow":"follow","max-snippet":"max-snippet:-1","max-image-preview":"max-image-preview:large","max-video-preview":"max-video-preview:-1"},"canonical":"https:\/\/www.excalibur-generator.com\/es\/motor-de-gasolina-horizontal-s500-de-15-hp.html","twitter_misc":{"Tiempo de lectura":"1 minuto"},"schema":{"@context":"https:\/\/schema.org","@graph":[{"@type":"WebPage","@id":"https:\/\/www.excalibur-generator.com\/es\/motor-de-gasolina-horizontal-s500-de-15-hp.html","url":"https:\/\/www.excalibur-generator.com\/es\/motor-de-gasolina-horizontal-s500-de-15-hp.html","name":"Motor de gasolina horizontal S500 de 15 HP &#8211; Excalibur Generator","isPartOf":{"@id":"https:\/\/www.excalibur-generator.com\/es\/#website"},"primaryImageOfPage":{"@id":"https:\/\/www.excalibur-generator.com\/es\/motor-de-gasolina-horizontal-s500-de-15-hp.html#primaryimage"},"image":{"@id":"https:\/\/www.excalibur-generator.com\/es\/motor-de-gasolina-horizontal-s500-de-15-hp.html#primaryimage"},"thumbnailUrl":"https:\/\/www.excalibur-generator.com\/wp-content\/uploads\/2024\/05\/15HP-S500-Horizontal-Gasoline-Engine.jpg","datePublished":"2024-05-24T02:24:57+00:00","dateModified":"2024-09-18T09:01:51+00:00","description":"El motor de gasolina horizontal S500 de 15 HP es una unidad compacta de alto rendimiento dise\u00f1ada para brindar versatilidad. Con un dise\u00f1o robusto de 4 tiempos, ofrece potencia confiable para diversas aplicaciones, lo que garantiza eficiencia y durabilidad en una configuraci\u00f3n que ahorra espacio.","breadcrumb":{"@id":"https:\/\/www.excalibur-generator.com\/es\/motor-de-gasolina-horizontal-s500-de-15-hp.html#breadcrumb"},"inLanguage":"es","potentialAction":[{"@type":"ReadAction","target":["https:\/\/www.excalibur-generator.com\/es\/motor-de-gasolina-horizontal-s500-de-15-hp.html"]}]},{"@type":"ImageObject","inLanguage":"es","@id":"https:\/\/www.excalibur-generator.com\/es\/motor-de-gasolina-horizontal-s500-de-15-hp.html#primaryimage","url":"https:\/\/www.excalibur-generator.com\/wp-content\/uploads\/2024\/05\/15HP-S500-Horizontal-Gasoline-Engine.jpg","contentUrl":"https:\/\/www.excalibur-generator.com\/wp-content\/uploads\/2024\/05\/15HP-S500-Horizontal-Gasoline-Engine.jpg","width":800,"height":800,"caption":"Motor de gasolina horizontal S500 de 15 HP"},{"@type":"BreadcrumbList","@id":"https:\/\/www.excalibur-generator.com\/es\/motor-de-gasolina-horizontal-s500-de-15-hp.html#breadcrumb","itemListElement":[{"@type":"ListItem","position":1,"name":"Home","item":"https:\/\/www.excalibur-generator.com\/es\/inicio\/"},{"@type":"ListItem","position":2,"name":"Productos","item":"https:\/\/www.excalibur-generator.com\/es\/productos.html"},{"@type":"ListItem","position":3,"name":"Motor de gasolina horizontal S500 de 15 HP"}]},{"@type":"WebSite","@id":"https:\/\/www.excalibur-generator.com\/es\/#website","url":"https:\/\/www.excalibur-generator.com\/es\/","name":"Excalibur Generator","description":"","publisher":{"@id":"https:\/\/www.excalibur-generator.com\/es\/#organization"},"potentialAction":[{"@type":"SearchAction","target":{"@type":"EntryPoint","urlTemplate":"https:\/\/www.excalibur-generator.com\/es\/?s={search_term_string}"},"query-input":{"@type":"PropertyValueSpecification","valueRequired":true,"valueName":"search_term_string"}}],"inLanguage":"es"},{"@type":"Organization","@id":"https:\/\/www.excalibur-generator.com\/es\/#organization","name":"Excalibur Generator","url":"https:\/\/www.excalibur-generator.com\/es\/","logo":{"@type":"ImageObject","inLanguage":"es","@id":"https:\/\/www.excalibur-generator.com\/es\/#\/schema\/logo\/image\/","url":"https:\/\/www.excalibur-generator.com\/wp-content\/uploads\/2024\/05\/EXCALIBUR.png","contentUrl":"https:\/\/www.excalibur-generator.com\/wp-content\/uploads\/2024\/05\/EXCALIBUR.png","width":350,"height":79,"caption":"Excalibur Generator"},"image":{"@id":"https:\/\/www.excalibur-generator.com\/es\/#\/schema\/logo\/image\/"}}]}},"_links":{"self":[{"href":"https:\/\/www.excalibur-generator.com\/es\/wp-json\/wp\/v2\/product\/3909","targetHints":{"allow":["GET"]}}],"collection":[{"href":"https:\/\/www.excalibur-generator.com\/es\/wp-json\/wp\/v2\/product"}],"about":[{"href":"https:\/\/www.excalibur-generator.com\/es\/wp-json\/wp\/v2\/types\/product"}],"replies":[{"embeddable":true,"href":"https:\/\/www.excalibur-generator.com\/es\/wp-json\/wp\/v2\/comments?post=3909"}],"wp:featuredmedia":[{"embeddable":true,"href":"https:\/\/www.excalibur-generator.com\/es\/wp-json\/wp\/v2\/media\/3362"}],"wp:attachment":[{"href":"https:\/\/www.excalibur-generator.com\/es\/wp-json\/wp\/v2\/media?parent=3909"}],"wp:term":[{"taxonomy":"product_brand","embeddable":true,"href":"https:\/\/www.excalibur-generator.com\/es\/wp-json\/wp\/v2\/product_brand?post=3909"},{"taxonomy":"product_cat","embeddable":true,"href":"https:\/\/www.excalibur-generator.com\/es\/wp-json\/wp\/v2\/product_cat?post=3909"},{"taxonomy":"product_tag","embeddable":true,"href":"https:\/\/www.excalibur-generator.com\/es\/wp-json\/wp\/v2\/product_tag?post=3909"}],"curies":[{"name":"wp","href":"https:\/\/api.w.org\/{rel}","templated":true}]}}