{"id":3911,"date":"2024-05-24T10:08:28","date_gmt":"2024-05-24T02:08:28","guid":{"rendered":"https:\/\/www.excalibur-generator.com\/motor-diesel-monocilindrico-de-5-hp\/"},"modified":"2024-09-18T17:09:08","modified_gmt":"2024-09-18T09:09:08","slug":"motor-diesel-monocilindrico-de-5-hp","status":"publish","type":"product","link":"https:\/\/www.excalibur-generator.com\/es\/motor-diesel-monocilindrico-de-5-hp.html","title":{"rendered":"Motor diesel monocil\u00edndrico de 5 HP"},"content":{"rendered":"<table>\n<colgroup>\n<col \/>\n<col \/><\/colgroup>\n<tbody>\n<tr class=\"firstRow\">\n<td>Modelo<\/td>\n<td>S173F(E)<\/td>\n<\/tr>\n<tr>\n<td>Tipo<\/td>\n<td>Refrigerado por aire, 4 tiempos, monocil\u00edndrico, vertical<\/td>\n<\/tr>\n<tr>\n<td>Di\u00e1metro*Carrera(mm)<\/td>\n<td>73*58<\/td>\n<\/tr>\n<tr>\n<td>Cilindrada (cc)<\/td>\n<td>243<\/td>\n<\/tr>\n<tr>\n<td>Sistema de combusti\u00f3n<\/td>\n<td>Inyecci\u00f3n directa<\/td>\n<\/tr>\n<tr>\n<td rowspan=\"2\">Potencia nominal kW (CV)\/rpm<\/td>\n<td>3.5(5.2)\/3000<\/td>\n<\/tr>\n<tr>\n<td>3.8(5.5)\/3600<\/td>\n<\/tr>\n<tr>\n<td rowspan=\"2\">Potencia m\u00e1xima kW (CV)\/rpm<\/td>\n<td>3.8(5.5)\/3000<\/td>\n<\/tr>\n<tr>\n<td>4.05(6.0)\/3600<\/td>\n<\/tr>\n<tr>\n<td>Sentido de giro<\/td>\n<td>En sentido contrario a las agujas del reloj, orientado hacia el \u00e1rbol de transmisi\u00f3n<\/td>\n<\/tr>\n<tr>\n<td>Combustible<\/td>\n<td>0#(verano)\/-10#(invierno)<\/td>\n<\/tr>\n<tr>\n<td>Capacidad del dep\u00f3sito de combustible (L)<\/td>\n<td>2.5<\/td>\n<\/tr>\n<tr>\n<td>Capacidad del aceite lubricante (L)<\/td>\n<td>0.75<\/td>\n<\/tr>\n<tr>\n<td>Sistema de lubricaci\u00f3n<\/td>\n<td>Pressre salpicado<\/td>\n<\/tr>\n<tr>\n<td>Sistema de arranque<\/td>\n<td>Arrancador de retroceso\/ Arrancador el\u00e9ctrico<\/td>\n<\/tr>\n<tr>\n<td>Tama\u00f1o del embalaje (mm)<\/td>\n<td>420*380*460<\/td>\n<\/tr>\n<tr>\n<td>Peso neto<\/td>\n<td>27<\/td>\n<\/tr>\n<\/tbody>\n<\/table>\n","protected":false},"excerpt":{"rendered":"<p>Modelo S173F(E) Tipo Refrigerado por aire, 4 tiempos, monocil\u00edndrico, vertical Di\u00e1metro*Carrera(mm) 73*58 Cilindrada (cc) 243 Sistema de combusti\u00f3n Inyecci\u00f3n directa Potencia nominal kW (CV)\/rpm 3.5(5.2)\/3000 3.8(5.5)\/3600 Potencia m\u00e1xima kW (CV)\/rpm 3.8(5.5)\/3000 4.05(6.0)\/3600 Sentido de giro En sentido contrario a las agujas del reloj, orientado hacia el \u00e1rbol de transmisi\u00f3n Combustible 0#(verano)\/-10#(invierno) Capacidad del dep\u00f3sito de combustible (L) 2.5 Capacidad del aceite lubricante (L) 0.75 Sistema de lubricaci\u00f3n Pressre salpicado Sistema de arranque Arrancador de retroceso\/ Arrancador el\u00e9ctrico Tama\u00f1o del embalaje (mm) 420*380*460 Peso neto 27<\/p>\n","protected":false},"featured_media":3364,"comment_status":"open","ping_status":"closed","template":"","meta":{"site-sidebar-layout":"default","site-content-layout":"","ast-site-content-layout":"default","site-content-style":"default","site-sidebar-style":"default","ast-global-header-display":"","ast-banner-title-visibility":"","ast-main-header-display":"","ast-hfb-above-header-display":"","ast-hfb-below-header-display":"","ast-hfb-mobile-header-display":"","site-post-title":"","ast-breadcrumbs-content":"","ast-featured-img":"","footer-sml-layout":"","theme-transparent-header-meta":"default","adv-header-id-meta":"","stick-header-meta":"","header-above-stick-meta":"","header-main-stick-meta":"","header-below-stick-meta":"","astra-migrate-meta-layouts":"set","ast-page-background-enabled":"default","ast-page-background-meta":{"desktop":{"background-color":"var(--ast-global-color-4)","background-image":"","background-repeat":"repeat","background-position":"center center","background-size":"auto","background-attachment":"scroll","background-type":"","background-media":"","overlay-type":"","overlay-color":"","overlay-opacity":"","overlay-gradient":""},"tablet":{"background-color":"","background-image":"","background-repeat":"repeat","background-position":"center center","background-size":"auto","background-attachment":"scroll","background-type":"","background-media":"","overlay-type":"","overlay-color":"","overlay-opacity":"","overlay-gradient":""},"mobile":{"background-color":"","background-image":"","background-repeat":"repeat","background-position":"center center","background-size":"auto","background-attachment":"scroll","background-type":"","background-media":"","overlay-type":"","overlay-color":"","overlay-opacity":"","overlay-gradient":""}},"ast-content-background-meta":{"desktop":{"background-color":"var(--ast-global-color-5)","background-image":"","background-repeat":"repeat","background-position":"center center","background-size":"auto","background-attachment":"scroll","background-type":"","background-media":"","overlay-type":"","overlay-color":"","overlay-opacity":"","overlay-gradient":""},"tablet":{"background-color":"var(--ast-global-color-5)","background-image":"","background-repeat":"repeat","background-position":"center center","background-size":"auto","background-attachment":"scroll","background-type":"","background-media":"","overlay-type":"","overlay-color":"","overlay-opacity":"","overlay-gradient":""},"mobile":{"background-color":"var(--ast-global-color-5)","background-image":"","background-repeat":"repeat","background-position":"center center","background-size":"auto","background-attachment":"scroll","background-type":"","background-media":"","overlay-type":"","overlay-color":"","overlay-opacity":"","overlay-gradient":""}}},"product_brand":[],"product_cat":[43],"product_tag":[],"class_list":{"0":"post-3911","1":"product","2":"type-product","3":"status-publish","4":"has-post-thumbnail","6":"product_cat-sin-categorizar","7":"desktop-align-left","8":"tablet-align-left","9":"mobile-align-left","11":"first","12":"instock","13":"shipping-taxable","14":"product-type-simple"},"yoast_head":"<!-- This site is optimized with the Yoast SEO plugin v26.5 - https:\/\/yoast.com\/wordpress\/plugins\/seo\/ -->\n<title>Motor diesel monocil\u00edndrico de 5 HP &#8211; Excalibur Generator<\/title>\n<meta name=\"description\" content=\"Un motor di\u00e9sel de 5 HP es una m\u00e1quina de combusti\u00f3n interna potente y eficiente con una potencia de cinco caballos de fuerza, com\u00fanmente utilizada para diversas aplicaciones, incluida maquinaria agr\u00edcola, generadores y equipos industriales.\" \/>\n<meta name=\"robots\" content=\"index, follow, max-snippet:-1, max-image-preview:large, max-video-preview:-1\" \/>\n<link rel=\"canonical\" href=\"https:\/\/www.excalibur-generator.com\/es\/motor-diesel-monocilindrico-de-5-hp.html\" \/>\n<meta name=\"twitter:label1\" content=\"Tiempo de lectura\" \/>\n\t<meta name=\"twitter:data1\" content=\"1 minuto\" \/>\n<script type=\"application\/ld+json\" class=\"yoast-schema-graph\">{\"@context\":\"https:\/\/schema.org\",\"@graph\":[{\"@type\":\"WebPage\",\"@id\":\"https:\/\/www.excalibur-generator.com\/es\/motor-diesel-monocilindrico-de-5-hp.html\",\"url\":\"https:\/\/www.excalibur-generator.com\/es\/motor-diesel-monocilindrico-de-5-hp.html\",\"name\":\"Motor diesel monocil\u00edndrico de 5 HP &#8211; Excalibur Generator\",\"isPartOf\":{\"@id\":\"https:\/\/www.excalibur-generator.com\/es\/#website\"},\"primaryImageOfPage\":{\"@id\":\"https:\/\/www.excalibur-generator.com\/es\/motor-diesel-monocilindrico-de-5-hp.html#primaryimage\"},\"image\":{\"@id\":\"https:\/\/www.excalibur-generator.com\/es\/motor-diesel-monocilindrico-de-5-hp.html#primaryimage\"},\"thumbnailUrl\":\"https:\/\/www.excalibur-generator.com\/wp-content\/uploads\/2024\/05\/5HP-Diesel-Engine-Single-Cylinder.jpg\",\"datePublished\":\"2024-05-24T02:08:28+00:00\",\"dateModified\":\"2024-09-18T09:09:08+00:00\",\"description\":\"Un motor di\u00e9sel de 5 HP es una m\u00e1quina de combusti\u00f3n interna potente y eficiente con una potencia de cinco caballos de fuerza, com\u00fanmente utilizada para diversas aplicaciones, incluida maquinaria agr\u00edcola, generadores y equipos industriales.\",\"breadcrumb\":{\"@id\":\"https:\/\/www.excalibur-generator.com\/es\/motor-diesel-monocilindrico-de-5-hp.html#breadcrumb\"},\"inLanguage\":\"es\",\"potentialAction\":[{\"@type\":\"ReadAction\",\"target\":[\"https:\/\/www.excalibur-generator.com\/es\/motor-diesel-monocilindrico-de-5-hp.html\"]}]},{\"@type\":\"ImageObject\",\"inLanguage\":\"es\",\"@id\":\"https:\/\/www.excalibur-generator.com\/es\/motor-diesel-monocilindrico-de-5-hp.html#primaryimage\",\"url\":\"https:\/\/www.excalibur-generator.com\/wp-content\/uploads\/2024\/05\/5HP-Diesel-Engine-Single-Cylinder.jpg\",\"contentUrl\":\"https:\/\/www.excalibur-generator.com\/wp-content\/uploads\/2024\/05\/5HP-Diesel-Engine-Single-Cylinder.jpg\",\"width\":800,\"height\":800,\"caption\":\"Motor di\u00e9sel de 5 HP de un solo cilindro\"},{\"@type\":\"BreadcrumbList\",\"@id\":\"https:\/\/www.excalibur-generator.com\/es\/motor-diesel-monocilindrico-de-5-hp.html#breadcrumb\",\"itemListElement\":[{\"@type\":\"ListItem\",\"position\":1,\"name\":\"Home\",\"item\":\"https:\/\/www.excalibur-generator.com\/es\/inicio\/\"},{\"@type\":\"ListItem\",\"position\":2,\"name\":\"Productos\",\"item\":\"https:\/\/www.excalibur-generator.com\/es\/productos.html\"},{\"@type\":\"ListItem\",\"position\":3,\"name\":\"Motor diesel monocil\u00edndrico de 5 HP\"}]},{\"@type\":\"WebSite\",\"@id\":\"https:\/\/www.excalibur-generator.com\/es\/#website\",\"url\":\"https:\/\/www.excalibur-generator.com\/es\/\",\"name\":\"Excalibur Generator\",\"description\":\"\",\"publisher\":{\"@id\":\"https:\/\/www.excalibur-generator.com\/es\/#organization\"},\"potentialAction\":[{\"@type\":\"SearchAction\",\"target\":{\"@type\":\"EntryPoint\",\"urlTemplate\":\"https:\/\/www.excalibur-generator.com\/es\/?s={search_term_string}\"},\"query-input\":{\"@type\":\"PropertyValueSpecification\",\"valueRequired\":true,\"valueName\":\"search_term_string\"}}],\"inLanguage\":\"es\"},{\"@type\":\"Organization\",\"@id\":\"https:\/\/www.excalibur-generator.com\/es\/#organization\",\"name\":\"Excalibur Generator\",\"url\":\"https:\/\/www.excalibur-generator.com\/es\/\",\"logo\":{\"@type\":\"ImageObject\",\"inLanguage\":\"es\",\"@id\":\"https:\/\/www.excalibur-generator.com\/es\/#\/schema\/logo\/image\/\",\"url\":\"https:\/\/www.excalibur-generator.com\/wp-content\/uploads\/2024\/05\/EXCALIBUR.png\",\"contentUrl\":\"https:\/\/www.excalibur-generator.com\/wp-content\/uploads\/2024\/05\/EXCALIBUR.png\",\"width\":350,\"height\":79,\"caption\":\"Excalibur Generator\"},\"image\":{\"@id\":\"https:\/\/www.excalibur-generator.com\/es\/#\/schema\/logo\/image\/\"}}]}<\/script>\n<!-- \/ Yoast SEO plugin. -->","yoast_head_json":{"title":"Motor diesel monocil\u00edndrico de 5 HP &#8211; Excalibur Generator","description":"Un motor di\u00e9sel de 5 HP es una m\u00e1quina de combusti\u00f3n interna potente y eficiente con una potencia de cinco caballos de fuerza, com\u00fanmente utilizada para diversas aplicaciones, incluida maquinaria agr\u00edcola, generadores y equipos industriales.","robots":{"index":"index","follow":"follow","max-snippet":"max-snippet:-1","max-image-preview":"max-image-preview:large","max-video-preview":"max-video-preview:-1"},"canonical":"https:\/\/www.excalibur-generator.com\/es\/motor-diesel-monocilindrico-de-5-hp.html","twitter_misc":{"Tiempo de lectura":"1 minuto"},"schema":{"@context":"https:\/\/schema.org","@graph":[{"@type":"WebPage","@id":"https:\/\/www.excalibur-generator.com\/es\/motor-diesel-monocilindrico-de-5-hp.html","url":"https:\/\/www.excalibur-generator.com\/es\/motor-diesel-monocilindrico-de-5-hp.html","name":"Motor diesel monocil\u00edndrico de 5 HP &#8211; Excalibur Generator","isPartOf":{"@id":"https:\/\/www.excalibur-generator.com\/es\/#website"},"primaryImageOfPage":{"@id":"https:\/\/www.excalibur-generator.com\/es\/motor-diesel-monocilindrico-de-5-hp.html#primaryimage"},"image":{"@id":"https:\/\/www.excalibur-generator.com\/es\/motor-diesel-monocilindrico-de-5-hp.html#primaryimage"},"thumbnailUrl":"https:\/\/www.excalibur-generator.com\/wp-content\/uploads\/2024\/05\/5HP-Diesel-Engine-Single-Cylinder.jpg","datePublished":"2024-05-24T02:08:28+00:00","dateModified":"2024-09-18T09:09:08+00:00","description":"Un motor di\u00e9sel de 5 HP es una m\u00e1quina de combusti\u00f3n interna potente y eficiente con una potencia de cinco caballos de fuerza, com\u00fanmente utilizada para diversas aplicaciones, incluida maquinaria agr\u00edcola, generadores y equipos industriales.","breadcrumb":{"@id":"https:\/\/www.excalibur-generator.com\/es\/motor-diesel-monocilindrico-de-5-hp.html#breadcrumb"},"inLanguage":"es","potentialAction":[{"@type":"ReadAction","target":["https:\/\/www.excalibur-generator.com\/es\/motor-diesel-monocilindrico-de-5-hp.html"]}]},{"@type":"ImageObject","inLanguage":"es","@id":"https:\/\/www.excalibur-generator.com\/es\/motor-diesel-monocilindrico-de-5-hp.html#primaryimage","url":"https:\/\/www.excalibur-generator.com\/wp-content\/uploads\/2024\/05\/5HP-Diesel-Engine-Single-Cylinder.jpg","contentUrl":"https:\/\/www.excalibur-generator.com\/wp-content\/uploads\/2024\/05\/5HP-Diesel-Engine-Single-Cylinder.jpg","width":800,"height":800,"caption":"Motor di\u00e9sel de 5 HP de un solo cilindro"},{"@type":"BreadcrumbList","@id":"https:\/\/www.excalibur-generator.com\/es\/motor-diesel-monocilindrico-de-5-hp.html#breadcrumb","itemListElement":[{"@type":"ListItem","position":1,"name":"Home","item":"https:\/\/www.excalibur-generator.com\/es\/inicio\/"},{"@type":"ListItem","position":2,"name":"Productos","item":"https:\/\/www.excalibur-generator.com\/es\/productos.html"},{"@type":"ListItem","position":3,"name":"Motor diesel monocil\u00edndrico de 5 HP"}]},{"@type":"WebSite","@id":"https:\/\/www.excalibur-generator.com\/es\/#website","url":"https:\/\/www.excalibur-generator.com\/es\/","name":"Excalibur Generator","description":"","publisher":{"@id":"https:\/\/www.excalibur-generator.com\/es\/#organization"},"potentialAction":[{"@type":"SearchAction","target":{"@type":"EntryPoint","urlTemplate":"https:\/\/www.excalibur-generator.com\/es\/?s={search_term_string}"},"query-input":{"@type":"PropertyValueSpecification","valueRequired":true,"valueName":"search_term_string"}}],"inLanguage":"es"},{"@type":"Organization","@id":"https:\/\/www.excalibur-generator.com\/es\/#organization","name":"Excalibur Generator","url":"https:\/\/www.excalibur-generator.com\/es\/","logo":{"@type":"ImageObject","inLanguage":"es","@id":"https:\/\/www.excalibur-generator.com\/es\/#\/schema\/logo\/image\/","url":"https:\/\/www.excalibur-generator.com\/wp-content\/uploads\/2024\/05\/EXCALIBUR.png","contentUrl":"https:\/\/www.excalibur-generator.com\/wp-content\/uploads\/2024\/05\/EXCALIBUR.png","width":350,"height":79,"caption":"Excalibur Generator"},"image":{"@id":"https:\/\/www.excalibur-generator.com\/es\/#\/schema\/logo\/image\/"}}]}},"_links":{"self":[{"href":"https:\/\/www.excalibur-generator.com\/es\/wp-json\/wp\/v2\/product\/3911","targetHints":{"allow":["GET"]}}],"collection":[{"href":"https:\/\/www.excalibur-generator.com\/es\/wp-json\/wp\/v2\/product"}],"about":[{"href":"https:\/\/www.excalibur-generator.com\/es\/wp-json\/wp\/v2\/types\/product"}],"replies":[{"embeddable":true,"href":"https:\/\/www.excalibur-generator.com\/es\/wp-json\/wp\/v2\/comments?post=3911"}],"wp:featuredmedia":[{"embeddable":true,"href":"https:\/\/www.excalibur-generator.com\/es\/wp-json\/wp\/v2\/media\/3364"}],"wp:attachment":[{"href":"https:\/\/www.excalibur-generator.com\/es\/wp-json\/wp\/v2\/media?parent=3911"}],"wp:term":[{"taxonomy":"product_brand","embeddable":true,"href":"https:\/\/www.excalibur-generator.com\/es\/wp-json\/wp\/v2\/product_brand?post=3911"},{"taxonomy":"product_cat","embeddable":true,"href":"https:\/\/www.excalibur-generator.com\/es\/wp-json\/wp\/v2\/product_cat?post=3911"},{"taxonomy":"product_tag","embeddable":true,"href":"https:\/\/www.excalibur-generator.com\/es\/wp-json\/wp\/v2\/product_tag?post=3911"}],"curies":[{"name":"wp","href":"https:\/\/api.w.org\/{rel}","templated":true}]}}