{"id":3913,"date":"2024-05-24T09:35:53","date_gmt":"2024-05-24T01:35:53","guid":{"rendered":"https:\/\/www.excalibur-generator.com\/bomba-de-agua-semi-basura\/"},"modified":"2024-09-18T17:18:27","modified_gmt":"2024-09-18T09:18:27","slug":"bomba-de-agua-semi-basura","status":"publish","type":"product","link":"https:\/\/www.excalibur-generator.com\/es\/bomba-de-agua-semi-basura.html","title":{"rendered":"Bomba de agua semi-basura"},"content":{"rendered":"<table width=\"907\">\n<colgroup>\n<col \/>\n<col span=\"3\" \/>\n<col \/>\n<col span=\"2\" \/><\/colgroup>\n<tbody>\n<tr class=\"firstRow\">\n<td colspan=\"5\">TIPO GASOLINA<\/td>\n<td colspan=\"2\">SP405D(E)<\/td>\n<\/tr>\n<tr>\n<td>Modelo<\/td>\n<td>STP205B<\/td>\n<td>STP305B<\/td>\n<td>STP405B<\/td>\n<td>STP205D<\/td>\n<td>STP305D<\/td>\n<td>STP405D<\/td>\n<\/tr>\n<tr>\n<td>Succi\u00f3n*entrega(mm)(pulgadas)<\/td>\n<td>2\u201d<\/td>\n<td>3&#8243;<\/td>\n<td>4\u201d<\/td>\n<td>2\u201d<\/td>\n<td>3\u201d<\/td>\n<td>4&#8243;<\/td>\n<\/tr>\n<tr>\n<td>Altura total (m)<\/td>\n<td>46<\/td>\n<td>32<\/td>\n<td>28<\/td>\n<td>46<\/td>\n<td>32<\/td>\n<td>28<\/td>\n<\/tr>\n<tr>\n<td>Altura de aspiraci\u00f3n (m)<\/td>\n<td>8<\/td>\n<td>8<\/td>\n<td>8<\/td>\n<td>8<\/td>\n<td>8<\/td>\n<td>8<\/td>\n<\/tr>\n<tr>\n<td>Volumen m\u00e1ximo de suministro (m\u00b3\/h)<\/td>\n<td>36<\/td>\n<td>60<\/td>\n<td>80<\/td>\n<td>36<\/td>\n<td>60<\/td>\n<td>80<\/td>\n<\/tr>\n<tr>\n<td>Cierre mec\u00e1nico<\/td>\n<td colspan=\"6\">Carbono cer\u00e1mico<\/td>\n<\/tr>\n<tr>\n<td>Modelo de motor<\/td>\n<td>S200<\/td>\n<td>S200<\/td>\n<td>S390<\/td>\n<td>S173F<\/td>\n<td>S178F<\/td>\n<td>S186F<\/td>\n<\/tr>\n<tr>\n<td>Capacidad del tanque de combustible (L)<\/td>\n<td>3.5<\/td>\n<td>6.5<\/td>\n<td>6.5<\/td>\n<td>2.5<\/td>\n<td>3.5<\/td>\n<td>5.5<\/td>\n<\/tr>\n<tr>\n<td>Sistema de arranque<\/td>\n<td colspan=\"6\">Arranque manual\/el\u00e9ctrico<\/td>\n<\/tr>\n<tr>\n<td>Tama\u00f1o del embalaje(L*A*A)mm<\/td>\n<td>485*385*380<\/td>\n<td>510*385*425<\/td>\n<td>635*455*545<\/td>\n<td>520*420*380<\/td>\n<td>590*500*535<\/td>\n<td>690*535*560<\/td>\n<\/tr>\n<tr>\n<td>Peso neto (KG)<\/td>\n<td>26<\/td>\n<td>28<\/td>\n<td>47<\/td>\n<td>32<\/td>\n<td>46<\/td>\n<td>64<\/td>\n<\/tr>\n<\/tbody>\n<\/table>\n","protected":false},"excerpt":{"rendered":"<p>TIPO GASOLINA SP405D(E) Modelo STP205B STP305B STP405B STP205D STP305D STP405D Succi\u00f3n*entrega(mm)(pulgadas) 2\u201d 3&#8243; 4\u201d 2\u201d 3\u201d 4&#8243; Altura total (m) 46 32 28 46 32 28 Altura de aspiraci\u00f3n (m) 8 8 8 8 8 8 Volumen m\u00e1ximo de suministro (m\u00b3\/h) 36 60 80 36 60 80 Cierre mec\u00e1nico Carbono cer\u00e1mico Modelo de motor S200 S200 S390 S173F S178F S186F Capacidad del tanque de combustible (L) 3.5 6.5 6.5 2.5 3.5 5.5 Sistema de arranque Arranque manual\/el\u00e9ctrico Tama\u00f1o del embalaje(L*A*A)mm 485*385*380 510*385*425 635*455*545 520*420*380 590*500*535 690*535*560 Peso neto (KG) 26 28 47 32 46 64<\/p>\n","protected":false},"featured_media":3366,"comment_status":"open","ping_status":"closed","template":"","meta":{"site-sidebar-layout":"default","site-content-layout":"","ast-site-content-layout":"default","site-content-style":"default","site-sidebar-style":"default","ast-global-header-display":"","ast-banner-title-visibility":"","ast-main-header-display":"","ast-hfb-above-header-display":"","ast-hfb-below-header-display":"","ast-hfb-mobile-header-display":"","site-post-title":"","ast-breadcrumbs-content":"","ast-featured-img":"","footer-sml-layout":"","theme-transparent-header-meta":"default","adv-header-id-meta":"","stick-header-meta":"","header-above-stick-meta":"","header-main-stick-meta":"","header-below-stick-meta":"","astra-migrate-meta-layouts":"set","ast-page-background-enabled":"default","ast-page-background-meta":{"desktop":{"background-color":"var(--ast-global-color-4)","background-image":"","background-repeat":"repeat","background-position":"center center","background-size":"auto","background-attachment":"scroll","background-type":"","background-media":"","overlay-type":"","overlay-color":"","overlay-opacity":"","overlay-gradient":""},"tablet":{"background-color":"","background-image":"","background-repeat":"repeat","background-position":"center center","background-size":"auto","background-attachment":"scroll","background-type":"","background-media":"","overlay-type":"","overlay-color":"","overlay-opacity":"","overlay-gradient":""},"mobile":{"background-color":"","background-image":"","background-repeat":"repeat","background-position":"center center","background-size":"auto","background-attachment":"scroll","background-type":"","background-media":"","overlay-type":"","overlay-color":"","overlay-opacity":"","overlay-gradient":""}},"ast-content-background-meta":{"desktop":{"background-color":"var(--ast-global-color-5)","background-image":"","background-repeat":"repeat","background-position":"center center","background-size":"auto","background-attachment":"scroll","background-type":"","background-media":"","overlay-type":"","overlay-color":"","overlay-opacity":"","overlay-gradient":""},"tablet":{"background-color":"var(--ast-global-color-5)","background-image":"","background-repeat":"repeat","background-position":"center center","background-size":"auto","background-attachment":"scroll","background-type":"","background-media":"","overlay-type":"","overlay-color":"","overlay-opacity":"","overlay-gradient":""},"mobile":{"background-color":"var(--ast-global-color-5)","background-image":"","background-repeat":"repeat","background-position":"center center","background-size":"auto","background-attachment":"scroll","background-type":"","background-media":"","overlay-type":"","overlay-color":"","overlay-opacity":"","overlay-gradient":""}}},"product_brand":[],"product_cat":[43],"product_tag":[],"class_list":{"0":"post-3913","1":"product","2":"type-product","3":"status-publish","4":"has-post-thumbnail","6":"product_cat-sin-categorizar","7":"desktop-align-left","8":"tablet-align-left","9":"mobile-align-left","11":"first","12":"instock","13":"shipping-taxable","14":"product-type-simple"},"yoast_head":"<!-- This site is optimized with the Yoast SEO plugin v26.5 - https:\/\/yoast.com\/wordpress\/plugins\/seo\/ -->\n<title>Bomba de agua semi-basura &#8211; Excalibur Generator<\/title>\n<meta name=\"description\" content=\"Una bomba de agua semidestilada es un dispositivo robusto dise\u00f1ado para manipular agua cargada de residuos. Bombea de manera eficiente agua que contiene part\u00edculas s\u00f3lidas, lo que la hace adecuada para diversas aplicaciones, como la construcci\u00f3n y el control de inundaciones.\" \/>\n<meta name=\"robots\" content=\"index, follow, max-snippet:-1, max-image-preview:large, max-video-preview:-1\" \/>\n<link rel=\"canonical\" href=\"https:\/\/www.excalibur-generator.com\/es\/bomba-de-agua-semi-basura.html\" \/>\n<meta name=\"twitter:label1\" content=\"Tiempo de lectura\" \/>\n\t<meta name=\"twitter:data1\" content=\"1 minuto\" \/>\n<script type=\"application\/ld+json\" class=\"yoast-schema-graph\">{\"@context\":\"https:\/\/schema.org\",\"@graph\":[{\"@type\":\"WebPage\",\"@id\":\"https:\/\/www.excalibur-generator.com\/es\/bomba-de-agua-semi-basura.html\",\"url\":\"https:\/\/www.excalibur-generator.com\/es\/bomba-de-agua-semi-basura.html\",\"name\":\"Bomba de agua semi-basura &#8211; Excalibur Generator\",\"isPartOf\":{\"@id\":\"https:\/\/www.excalibur-generator.com\/es\/#website\"},\"primaryImageOfPage\":{\"@id\":\"https:\/\/www.excalibur-generator.com\/es\/bomba-de-agua-semi-basura.html#primaryimage\"},\"image\":{\"@id\":\"https:\/\/www.excalibur-generator.com\/es\/bomba-de-agua-semi-basura.html#primaryimage\"},\"thumbnailUrl\":\"https:\/\/www.excalibur-generator.com\/wp-content\/uploads\/2024\/05\/Semi-Trash-Water-Pump.jpg\",\"datePublished\":\"2024-05-24T01:35:53+00:00\",\"dateModified\":\"2024-09-18T09:18:27+00:00\",\"description\":\"Una bomba de agua semidestilada es un dispositivo robusto dise\u00f1ado para manipular agua cargada de residuos. Bombea de manera eficiente agua que contiene part\u00edculas s\u00f3lidas, lo que la hace adecuada para diversas aplicaciones, como la construcci\u00f3n y el control de inundaciones.\",\"breadcrumb\":{\"@id\":\"https:\/\/www.excalibur-generator.com\/es\/bomba-de-agua-semi-basura.html#breadcrumb\"},\"inLanguage\":\"es\",\"potentialAction\":[{\"@type\":\"ReadAction\",\"target\":[\"https:\/\/www.excalibur-generator.com\/es\/bomba-de-agua-semi-basura.html\"]}]},{\"@type\":\"ImageObject\",\"inLanguage\":\"es\",\"@id\":\"https:\/\/www.excalibur-generator.com\/es\/bomba-de-agua-semi-basura.html#primaryimage\",\"url\":\"https:\/\/www.excalibur-generator.com\/wp-content\/uploads\/2024\/05\/Semi-Trash-Water-Pump.jpg\",\"contentUrl\":\"https:\/\/www.excalibur-generator.com\/wp-content\/uploads\/2024\/05\/Semi-Trash-Water-Pump.jpg\",\"width\":800,\"height\":800,\"caption\":\"Bomba de agua semi-basura\"},{\"@type\":\"BreadcrumbList\",\"@id\":\"https:\/\/www.excalibur-generator.com\/es\/bomba-de-agua-semi-basura.html#breadcrumb\",\"itemListElement\":[{\"@type\":\"ListItem\",\"position\":1,\"name\":\"Home\",\"item\":\"https:\/\/www.excalibur-generator.com\/es\/inicio\/\"},{\"@type\":\"ListItem\",\"position\":2,\"name\":\"Productos\",\"item\":\"https:\/\/www.excalibur-generator.com\/es\/productos.html\"},{\"@type\":\"ListItem\",\"position\":3,\"name\":\"Bomba de agua semi-basura\"}]},{\"@type\":\"WebSite\",\"@id\":\"https:\/\/www.excalibur-generator.com\/es\/#website\",\"url\":\"https:\/\/www.excalibur-generator.com\/es\/\",\"name\":\"Excalibur Generator\",\"description\":\"\",\"publisher\":{\"@id\":\"https:\/\/www.excalibur-generator.com\/es\/#organization\"},\"potentialAction\":[{\"@type\":\"SearchAction\",\"target\":{\"@type\":\"EntryPoint\",\"urlTemplate\":\"https:\/\/www.excalibur-generator.com\/es\/?s={search_term_string}\"},\"query-input\":{\"@type\":\"PropertyValueSpecification\",\"valueRequired\":true,\"valueName\":\"search_term_string\"}}],\"inLanguage\":\"es\"},{\"@type\":\"Organization\",\"@id\":\"https:\/\/www.excalibur-generator.com\/es\/#organization\",\"name\":\"Excalibur Generator\",\"url\":\"https:\/\/www.excalibur-generator.com\/es\/\",\"logo\":{\"@type\":\"ImageObject\",\"inLanguage\":\"es\",\"@id\":\"https:\/\/www.excalibur-generator.com\/es\/#\/schema\/logo\/image\/\",\"url\":\"https:\/\/www.excalibur-generator.com\/wp-content\/uploads\/2024\/05\/EXCALIBUR.png\",\"contentUrl\":\"https:\/\/www.excalibur-generator.com\/wp-content\/uploads\/2024\/05\/EXCALIBUR.png\",\"width\":350,\"height\":79,\"caption\":\"Excalibur Generator\"},\"image\":{\"@id\":\"https:\/\/www.excalibur-generator.com\/es\/#\/schema\/logo\/image\/\"}}]}<\/script>\n<!-- \/ Yoast SEO plugin. -->","yoast_head_json":{"title":"Bomba de agua semi-basura &#8211; Excalibur Generator","description":"Una bomba de agua semidestilada es un dispositivo robusto dise\u00f1ado para manipular agua cargada de residuos. Bombea de manera eficiente agua que contiene part\u00edculas s\u00f3lidas, lo que la hace adecuada para diversas aplicaciones, como la construcci\u00f3n y el control de inundaciones.","robots":{"index":"index","follow":"follow","max-snippet":"max-snippet:-1","max-image-preview":"max-image-preview:large","max-video-preview":"max-video-preview:-1"},"canonical":"https:\/\/www.excalibur-generator.com\/es\/bomba-de-agua-semi-basura.html","twitter_misc":{"Tiempo de lectura":"1 minuto"},"schema":{"@context":"https:\/\/schema.org","@graph":[{"@type":"WebPage","@id":"https:\/\/www.excalibur-generator.com\/es\/bomba-de-agua-semi-basura.html","url":"https:\/\/www.excalibur-generator.com\/es\/bomba-de-agua-semi-basura.html","name":"Bomba de agua semi-basura &#8211; Excalibur Generator","isPartOf":{"@id":"https:\/\/www.excalibur-generator.com\/es\/#website"},"primaryImageOfPage":{"@id":"https:\/\/www.excalibur-generator.com\/es\/bomba-de-agua-semi-basura.html#primaryimage"},"image":{"@id":"https:\/\/www.excalibur-generator.com\/es\/bomba-de-agua-semi-basura.html#primaryimage"},"thumbnailUrl":"https:\/\/www.excalibur-generator.com\/wp-content\/uploads\/2024\/05\/Semi-Trash-Water-Pump.jpg","datePublished":"2024-05-24T01:35:53+00:00","dateModified":"2024-09-18T09:18:27+00:00","description":"Una bomba de agua semidestilada es un dispositivo robusto dise\u00f1ado para manipular agua cargada de residuos. Bombea de manera eficiente agua que contiene part\u00edculas s\u00f3lidas, lo que la hace adecuada para diversas aplicaciones, como la construcci\u00f3n y el control de inundaciones.","breadcrumb":{"@id":"https:\/\/www.excalibur-generator.com\/es\/bomba-de-agua-semi-basura.html#breadcrumb"},"inLanguage":"es","potentialAction":[{"@type":"ReadAction","target":["https:\/\/www.excalibur-generator.com\/es\/bomba-de-agua-semi-basura.html"]}]},{"@type":"ImageObject","inLanguage":"es","@id":"https:\/\/www.excalibur-generator.com\/es\/bomba-de-agua-semi-basura.html#primaryimage","url":"https:\/\/www.excalibur-generator.com\/wp-content\/uploads\/2024\/05\/Semi-Trash-Water-Pump.jpg","contentUrl":"https:\/\/www.excalibur-generator.com\/wp-content\/uploads\/2024\/05\/Semi-Trash-Water-Pump.jpg","width":800,"height":800,"caption":"Bomba de agua semi-basura"},{"@type":"BreadcrumbList","@id":"https:\/\/www.excalibur-generator.com\/es\/bomba-de-agua-semi-basura.html#breadcrumb","itemListElement":[{"@type":"ListItem","position":1,"name":"Home","item":"https:\/\/www.excalibur-generator.com\/es\/inicio\/"},{"@type":"ListItem","position":2,"name":"Productos","item":"https:\/\/www.excalibur-generator.com\/es\/productos.html"},{"@type":"ListItem","position":3,"name":"Bomba de agua semi-basura"}]},{"@type":"WebSite","@id":"https:\/\/www.excalibur-generator.com\/es\/#website","url":"https:\/\/www.excalibur-generator.com\/es\/","name":"Excalibur Generator","description":"","publisher":{"@id":"https:\/\/www.excalibur-generator.com\/es\/#organization"},"potentialAction":[{"@type":"SearchAction","target":{"@type":"EntryPoint","urlTemplate":"https:\/\/www.excalibur-generator.com\/es\/?s={search_term_string}"},"query-input":{"@type":"PropertyValueSpecification","valueRequired":true,"valueName":"search_term_string"}}],"inLanguage":"es"},{"@type":"Organization","@id":"https:\/\/www.excalibur-generator.com\/es\/#organization","name":"Excalibur Generator","url":"https:\/\/www.excalibur-generator.com\/es\/","logo":{"@type":"ImageObject","inLanguage":"es","@id":"https:\/\/www.excalibur-generator.com\/es\/#\/schema\/logo\/image\/","url":"https:\/\/www.excalibur-generator.com\/wp-content\/uploads\/2024\/05\/EXCALIBUR.png","contentUrl":"https:\/\/www.excalibur-generator.com\/wp-content\/uploads\/2024\/05\/EXCALIBUR.png","width":350,"height":79,"caption":"Excalibur Generator"},"image":{"@id":"https:\/\/www.excalibur-generator.com\/es\/#\/schema\/logo\/image\/"}}]}},"_links":{"self":[{"href":"https:\/\/www.excalibur-generator.com\/es\/wp-json\/wp\/v2\/product\/3913","targetHints":{"allow":["GET"]}}],"collection":[{"href":"https:\/\/www.excalibur-generator.com\/es\/wp-json\/wp\/v2\/product"}],"about":[{"href":"https:\/\/www.excalibur-generator.com\/es\/wp-json\/wp\/v2\/types\/product"}],"replies":[{"embeddable":true,"href":"https:\/\/www.excalibur-generator.com\/es\/wp-json\/wp\/v2\/comments?post=3913"}],"wp:featuredmedia":[{"embeddable":true,"href":"https:\/\/www.excalibur-generator.com\/es\/wp-json\/wp\/v2\/media\/3366"}],"wp:attachment":[{"href":"https:\/\/www.excalibur-generator.com\/es\/wp-json\/wp\/v2\/media?parent=3913"}],"wp:term":[{"taxonomy":"product_brand","embeddable":true,"href":"https:\/\/www.excalibur-generator.com\/es\/wp-json\/wp\/v2\/product_brand?post=3913"},{"taxonomy":"product_cat","embeddable":true,"href":"https:\/\/www.excalibur-generator.com\/es\/wp-json\/wp\/v2\/product_cat?post=3913"},{"taxonomy":"product_tag","embeddable":true,"href":"https:\/\/www.excalibur-generator.com\/es\/wp-json\/wp\/v2\/product_tag?post=3913"}],"curies":[{"name":"wp","href":"https:\/\/api.w.org\/{rel}","templated":true}]}}