{"id":3914,"date":"2024-05-24T09:22:22","date_gmt":"2024-05-24T01:22:22","guid":{"rendered":"https:\/\/www.excalibur-generator.com\/bomba-de-agua-quimica\/"},"modified":"2024-09-18T17:22:44","modified_gmt":"2024-09-18T09:22:44","slug":"bomba-de-agua-quimica","status":"publish","type":"product","link":"https:\/\/www.excalibur-generator.com\/es\/bomba-de-agua-quimica.html","title":{"rendered":"Bomba de agua qu\u00edmica"},"content":{"rendered":"<table>\n<colgroup>\n<col \/>\n<col span=\"3\" \/><\/colgroup>\n<tbody>\n<tr class=\"firstRow\">\n<td><\/td>\n<td>Modelo<\/td>\n<td>SP50DC<\/td>\n<td>SP80DC<\/td>\n<\/tr>\n<tr>\n<td rowspan=\"4\">Bomba<\/td>\n<td>Succi\u00f3n*entrega (mm)\/(pulgada)<\/td>\n<td>50*50\/2*2<\/td>\n<td>80*80\/3*3<\/td>\n<\/tr>\n<tr>\n<td>Altura nominal (m)<\/td>\n<td>36<\/td>\n<td>26<\/td>\n<\/tr>\n<tr>\n<td>M\u00e1x.<br \/>\naltura de aspiraci\u00f3n (m)<\/td>\n<td>8<\/td>\n<td>8<\/td>\n<\/tr>\n<tr>\n<td>Volumen m\u00e1ximo de suministro (m\u00b3\/h)<\/td>\n<td>36<\/td>\n<td>65<\/td>\n<\/tr>\n<tr>\n<td rowspan=\"5\">Motor<\/td>\n<td>Modelo<\/td>\n<td>S173F(E)<\/td>\n<td>S178F(E)<\/td>\n<\/tr>\n<tr>\n<td>Potencia del motor<\/td>\n<td>6CV<\/td>\n<td>7CV<\/td>\n<\/tr>\n<tr>\n<td>Tipo de motor<\/td>\n<td colspan=\"2\">Motor diesel monocil\u00edndrico de 4 tiempos, vertical, refrigerado por aire<\/td>\n<\/tr>\n<tr>\n<td>Sistema de arranque<\/td>\n<td colspan=\"2\">Arranque manual\/el\u00e9ctrico<\/td>\n<\/tr>\n<tr>\n<td>Dep\u00f3sito de combustible (L)<\/td>\n<td>2.5<\/td>\n<td>3.5<\/td>\n<\/tr>\n<tr>\n<td rowspan=\"3\">Set de bomba<\/td>\n<td>Tiempo de funcionamiento continuo (h)<\/td>\n<td>2<\/td>\n<td>2.5<\/td>\n<\/tr>\n<tr>\n<td>N.W \/G.w (kg)<\/td>\n<td>34\/37<\/td>\n<td>50\/53<\/td>\n<\/tr>\n<tr>\n<td>Tama\u00f1o del embalaje L*A*A(mm)<\/td>\n<td>570*420*530<\/td>\n<td>610*460*560<\/td>\n<\/tr>\n<\/tbody>\n<\/table>\n","protected":false},"excerpt":{"rendered":"<p>Modelo SP50DC SP80DC Bomba Succi\u00f3n*entrega (mm)\/(pulgada) 50*50\/2*2 80*80\/3*3 Altura nominal (m) 36 26 M\u00e1x. altura de aspiraci\u00f3n (m) 8 8 Volumen m\u00e1ximo de suministro (m\u00b3\/h) 36 65 Motor Modelo S173F(E) S178F(E) Potencia del motor 6CV 7CV Tipo de motor Motor diesel monocil\u00edndrico de 4 tiempos, vertical, refrigerado por aire Sistema de arranque Arranque manual\/el\u00e9ctrico Dep\u00f3sito de combustible (L) 2.5 3.5 Set de bomba Tiempo de funcionamiento continuo (h) 2 2.5 N.W \/G.w (kg) 34\/37 50\/53 Tama\u00f1o del embalaje L*A*A(mm) 570*420*530 610*460*560<\/p>\n","protected":false},"featured_media":3367,"comment_status":"open","ping_status":"closed","template":"","meta":{"site-sidebar-layout":"default","site-content-layout":"","ast-site-content-layout":"default","site-content-style":"default","site-sidebar-style":"default","ast-global-header-display":"","ast-banner-title-visibility":"","ast-main-header-display":"","ast-hfb-above-header-display":"","ast-hfb-below-header-display":"","ast-hfb-mobile-header-display":"","site-post-title":"","ast-breadcrumbs-content":"","ast-featured-img":"","footer-sml-layout":"","theme-transparent-header-meta":"default","adv-header-id-meta":"","stick-header-meta":"","header-above-stick-meta":"","header-main-stick-meta":"","header-below-stick-meta":"","astra-migrate-meta-layouts":"set","ast-page-background-enabled":"default","ast-page-background-meta":{"desktop":{"background-color":"var(--ast-global-color-4)","background-image":"","background-repeat":"repeat","background-position":"center center","background-size":"auto","background-attachment":"scroll","background-type":"","background-media":"","overlay-type":"","overlay-color":"","overlay-opacity":"","overlay-gradient":""},"tablet":{"background-color":"","background-image":"","background-repeat":"repeat","background-position":"center center","background-size":"auto","background-attachment":"scroll","background-type":"","background-media":"","overlay-type":"","overlay-color":"","overlay-opacity":"","overlay-gradient":""},"mobile":{"background-color":"","background-image":"","background-repeat":"repeat","background-position":"center center","background-size":"auto","background-attachment":"scroll","background-type":"","background-media":"","overlay-type":"","overlay-color":"","overlay-opacity":"","overlay-gradient":""}},"ast-content-background-meta":{"desktop":{"background-color":"var(--ast-global-color-5)","background-image":"","background-repeat":"repeat","background-position":"center center","background-size":"auto","background-attachment":"scroll","background-type":"","background-media":"","overlay-type":"","overlay-color":"","overlay-opacity":"","overlay-gradient":""},"tablet":{"background-color":"var(--ast-global-color-5)","background-image":"","background-repeat":"repeat","background-position":"center center","background-size":"auto","background-attachment":"scroll","background-type":"","background-media":"","overlay-type":"","overlay-color":"","overlay-opacity":"","overlay-gradient":""},"mobile":{"background-color":"var(--ast-global-color-5)","background-image":"","background-repeat":"repeat","background-position":"center center","background-size":"auto","background-attachment":"scroll","background-type":"","background-media":"","overlay-type":"","overlay-color":"","overlay-opacity":"","overlay-gradient":""}}},"product_brand":[],"product_cat":[43],"product_tag":[],"class_list":{"0":"post-3914","1":"product","2":"type-product","3":"status-publish","4":"has-post-thumbnail","6":"product_cat-sin-categorizar","7":"desktop-align-left","8":"tablet-align-left","9":"mobile-align-left","11":"first","12":"instock","13":"shipping-taxable","14":"product-type-simple"},"yoast_head":"<!-- This site is optimized with the Yoast SEO plugin v26.5 - https:\/\/yoast.com\/wordpress\/plugins\/seo\/ -->\n<title>Bomba de agua qu\u00edmica &#8211; Excalibur Generator<\/title>\n<meta name=\"description\" content=\"Las bombas de agua qu\u00edmicas transfieren de manera eficiente diversos l\u00edquidos, lo que garantiza un movimiento de fluidos preciso y confiable. Dise\u00f1adas para aplicaciones qu\u00edmicas, ofrecen resistencia a la corrosi\u00f3n y un rendimiento \u00f3ptimo, cumpliendo con los est\u00e1ndares de la industria.\" \/>\n<meta name=\"robots\" content=\"index, follow, max-snippet:-1, max-image-preview:large, max-video-preview:-1\" \/>\n<link rel=\"canonical\" href=\"https:\/\/www.excalibur-generator.com\/es\/bomba-de-agua-quimica.html\" \/>\n<meta name=\"twitter:label1\" content=\"Tiempo de lectura\" \/>\n\t<meta name=\"twitter:data1\" content=\"1 minuto\" \/>\n<script type=\"application\/ld+json\" class=\"yoast-schema-graph\">{\"@context\":\"https:\/\/schema.org\",\"@graph\":[{\"@type\":\"WebPage\",\"@id\":\"https:\/\/www.excalibur-generator.com\/es\/bomba-de-agua-quimica.html\",\"url\":\"https:\/\/www.excalibur-generator.com\/es\/bomba-de-agua-quimica.html\",\"name\":\"Bomba de agua qu\u00edmica &#8211; Excalibur Generator\",\"isPartOf\":{\"@id\":\"https:\/\/www.excalibur-generator.com\/es\/#website\"},\"primaryImageOfPage\":{\"@id\":\"https:\/\/www.excalibur-generator.com\/es\/bomba-de-agua-quimica.html#primaryimage\"},\"image\":{\"@id\":\"https:\/\/www.excalibur-generator.com\/es\/bomba-de-agua-quimica.html#primaryimage\"},\"thumbnailUrl\":\"https:\/\/www.excalibur-generator.com\/wp-content\/uploads\/2024\/05\/Chemical-Water-Pump.jpg\",\"datePublished\":\"2024-05-24T01:22:22+00:00\",\"dateModified\":\"2024-09-18T09:22:44+00:00\",\"description\":\"Las bombas de agua qu\u00edmicas transfieren de manera eficiente diversos l\u00edquidos, lo que garantiza un movimiento de fluidos preciso y confiable. Dise\u00f1adas para aplicaciones qu\u00edmicas, ofrecen resistencia a la corrosi\u00f3n y un rendimiento \u00f3ptimo, cumpliendo con los est\u00e1ndares de la industria.\",\"breadcrumb\":{\"@id\":\"https:\/\/www.excalibur-generator.com\/es\/bomba-de-agua-quimica.html#breadcrumb\"},\"inLanguage\":\"es\",\"potentialAction\":[{\"@type\":\"ReadAction\",\"target\":[\"https:\/\/www.excalibur-generator.com\/es\/bomba-de-agua-quimica.html\"]}]},{\"@type\":\"ImageObject\",\"inLanguage\":\"es\",\"@id\":\"https:\/\/www.excalibur-generator.com\/es\/bomba-de-agua-quimica.html#primaryimage\",\"url\":\"https:\/\/www.excalibur-generator.com\/wp-content\/uploads\/2024\/05\/Chemical-Water-Pump.jpg\",\"contentUrl\":\"https:\/\/www.excalibur-generator.com\/wp-content\/uploads\/2024\/05\/Chemical-Water-Pump.jpg\",\"width\":800,\"height\":800,\"caption\":\"Bomba de agua qu\u00edmica\"},{\"@type\":\"BreadcrumbList\",\"@id\":\"https:\/\/www.excalibur-generator.com\/es\/bomba-de-agua-quimica.html#breadcrumb\",\"itemListElement\":[{\"@type\":\"ListItem\",\"position\":1,\"name\":\"Home\",\"item\":\"https:\/\/www.excalibur-generator.com\/es\/inicio\/\"},{\"@type\":\"ListItem\",\"position\":2,\"name\":\"Productos\",\"item\":\"https:\/\/www.excalibur-generator.com\/es\/productos.html\"},{\"@type\":\"ListItem\",\"position\":3,\"name\":\"Bomba de agua qu\u00edmica\"}]},{\"@type\":\"WebSite\",\"@id\":\"https:\/\/www.excalibur-generator.com\/es\/#website\",\"url\":\"https:\/\/www.excalibur-generator.com\/es\/\",\"name\":\"Excalibur Generator\",\"description\":\"\",\"publisher\":{\"@id\":\"https:\/\/www.excalibur-generator.com\/es\/#organization\"},\"potentialAction\":[{\"@type\":\"SearchAction\",\"target\":{\"@type\":\"EntryPoint\",\"urlTemplate\":\"https:\/\/www.excalibur-generator.com\/es\/?s={search_term_string}\"},\"query-input\":{\"@type\":\"PropertyValueSpecification\",\"valueRequired\":true,\"valueName\":\"search_term_string\"}}],\"inLanguage\":\"es\"},{\"@type\":\"Organization\",\"@id\":\"https:\/\/www.excalibur-generator.com\/es\/#organization\",\"name\":\"Excalibur Generator\",\"url\":\"https:\/\/www.excalibur-generator.com\/es\/\",\"logo\":{\"@type\":\"ImageObject\",\"inLanguage\":\"es\",\"@id\":\"https:\/\/www.excalibur-generator.com\/es\/#\/schema\/logo\/image\/\",\"url\":\"https:\/\/www.excalibur-generator.com\/wp-content\/uploads\/2024\/05\/EXCALIBUR.png\",\"contentUrl\":\"https:\/\/www.excalibur-generator.com\/wp-content\/uploads\/2024\/05\/EXCALIBUR.png\",\"width\":350,\"height\":79,\"caption\":\"Excalibur Generator\"},\"image\":{\"@id\":\"https:\/\/www.excalibur-generator.com\/es\/#\/schema\/logo\/image\/\"}}]}<\/script>\n<!-- \/ Yoast SEO plugin. -->","yoast_head_json":{"title":"Bomba de agua qu\u00edmica &#8211; Excalibur Generator","description":"Las bombas de agua qu\u00edmicas transfieren de manera eficiente diversos l\u00edquidos, lo que garantiza un movimiento de fluidos preciso y confiable. Dise\u00f1adas para aplicaciones qu\u00edmicas, ofrecen resistencia a la corrosi\u00f3n y un rendimiento \u00f3ptimo, cumpliendo con los est\u00e1ndares de la industria.","robots":{"index":"index","follow":"follow","max-snippet":"max-snippet:-1","max-image-preview":"max-image-preview:large","max-video-preview":"max-video-preview:-1"},"canonical":"https:\/\/www.excalibur-generator.com\/es\/bomba-de-agua-quimica.html","twitter_misc":{"Tiempo de lectura":"1 minuto"},"schema":{"@context":"https:\/\/schema.org","@graph":[{"@type":"WebPage","@id":"https:\/\/www.excalibur-generator.com\/es\/bomba-de-agua-quimica.html","url":"https:\/\/www.excalibur-generator.com\/es\/bomba-de-agua-quimica.html","name":"Bomba de agua qu\u00edmica &#8211; Excalibur Generator","isPartOf":{"@id":"https:\/\/www.excalibur-generator.com\/es\/#website"},"primaryImageOfPage":{"@id":"https:\/\/www.excalibur-generator.com\/es\/bomba-de-agua-quimica.html#primaryimage"},"image":{"@id":"https:\/\/www.excalibur-generator.com\/es\/bomba-de-agua-quimica.html#primaryimage"},"thumbnailUrl":"https:\/\/www.excalibur-generator.com\/wp-content\/uploads\/2024\/05\/Chemical-Water-Pump.jpg","datePublished":"2024-05-24T01:22:22+00:00","dateModified":"2024-09-18T09:22:44+00:00","description":"Las bombas de agua qu\u00edmicas transfieren de manera eficiente diversos l\u00edquidos, lo que garantiza un movimiento de fluidos preciso y confiable. Dise\u00f1adas para aplicaciones qu\u00edmicas, ofrecen resistencia a la corrosi\u00f3n y un rendimiento \u00f3ptimo, cumpliendo con los est\u00e1ndares de la industria.","breadcrumb":{"@id":"https:\/\/www.excalibur-generator.com\/es\/bomba-de-agua-quimica.html#breadcrumb"},"inLanguage":"es","potentialAction":[{"@type":"ReadAction","target":["https:\/\/www.excalibur-generator.com\/es\/bomba-de-agua-quimica.html"]}]},{"@type":"ImageObject","inLanguage":"es","@id":"https:\/\/www.excalibur-generator.com\/es\/bomba-de-agua-quimica.html#primaryimage","url":"https:\/\/www.excalibur-generator.com\/wp-content\/uploads\/2024\/05\/Chemical-Water-Pump.jpg","contentUrl":"https:\/\/www.excalibur-generator.com\/wp-content\/uploads\/2024\/05\/Chemical-Water-Pump.jpg","width":800,"height":800,"caption":"Bomba de agua qu\u00edmica"},{"@type":"BreadcrumbList","@id":"https:\/\/www.excalibur-generator.com\/es\/bomba-de-agua-quimica.html#breadcrumb","itemListElement":[{"@type":"ListItem","position":1,"name":"Home","item":"https:\/\/www.excalibur-generator.com\/es\/inicio\/"},{"@type":"ListItem","position":2,"name":"Productos","item":"https:\/\/www.excalibur-generator.com\/es\/productos.html"},{"@type":"ListItem","position":3,"name":"Bomba de agua qu\u00edmica"}]},{"@type":"WebSite","@id":"https:\/\/www.excalibur-generator.com\/es\/#website","url":"https:\/\/www.excalibur-generator.com\/es\/","name":"Excalibur Generator","description":"","publisher":{"@id":"https:\/\/www.excalibur-generator.com\/es\/#organization"},"potentialAction":[{"@type":"SearchAction","target":{"@type":"EntryPoint","urlTemplate":"https:\/\/www.excalibur-generator.com\/es\/?s={search_term_string}"},"query-input":{"@type":"PropertyValueSpecification","valueRequired":true,"valueName":"search_term_string"}}],"inLanguage":"es"},{"@type":"Organization","@id":"https:\/\/www.excalibur-generator.com\/es\/#organization","name":"Excalibur Generator","url":"https:\/\/www.excalibur-generator.com\/es\/","logo":{"@type":"ImageObject","inLanguage":"es","@id":"https:\/\/www.excalibur-generator.com\/es\/#\/schema\/logo\/image\/","url":"https:\/\/www.excalibur-generator.com\/wp-content\/uploads\/2024\/05\/EXCALIBUR.png","contentUrl":"https:\/\/www.excalibur-generator.com\/wp-content\/uploads\/2024\/05\/EXCALIBUR.png","width":350,"height":79,"caption":"Excalibur Generator"},"image":{"@id":"https:\/\/www.excalibur-generator.com\/es\/#\/schema\/logo\/image\/"}}]}},"_links":{"self":[{"href":"https:\/\/www.excalibur-generator.com\/es\/wp-json\/wp\/v2\/product\/3914","targetHints":{"allow":["GET"]}}],"collection":[{"href":"https:\/\/www.excalibur-generator.com\/es\/wp-json\/wp\/v2\/product"}],"about":[{"href":"https:\/\/www.excalibur-generator.com\/es\/wp-json\/wp\/v2\/types\/product"}],"replies":[{"embeddable":true,"href":"https:\/\/www.excalibur-generator.com\/es\/wp-json\/wp\/v2\/comments?post=3914"}],"wp:featuredmedia":[{"embeddable":true,"href":"https:\/\/www.excalibur-generator.com\/es\/wp-json\/wp\/v2\/media\/3367"}],"wp:attachment":[{"href":"https:\/\/www.excalibur-generator.com\/es\/wp-json\/wp\/v2\/media?parent=3914"}],"wp:term":[{"taxonomy":"product_brand","embeddable":true,"href":"https:\/\/www.excalibur-generator.com\/es\/wp-json\/wp\/v2\/product_brand?post=3914"},{"taxonomy":"product_cat","embeddable":true,"href":"https:\/\/www.excalibur-generator.com\/es\/wp-json\/wp\/v2\/product_cat?post=3914"},{"taxonomy":"product_tag","embeddable":true,"href":"https:\/\/www.excalibur-generator.com\/es\/wp-json\/wp\/v2\/product_tag?post=3914"}],"curies":[{"name":"wp","href":"https:\/\/api.w.org\/{rel}","templated":true}]}}