{"id":3915,"date":"2024-05-23T17:27:11","date_gmt":"2024-05-23T09:27:11","guid":{"rendered":"https:\/\/www.excalibur-generator.com\/bomba-de-agua-de-eje-flexible\/"},"modified":"2024-09-18T17:24:38","modified_gmt":"2024-09-18T09:24:38","slug":"bomba-de-agua-de-eje-flexible","status":"publish","type":"product","link":"https:\/\/www.excalibur-generator.com\/es\/bomba-de-agua-de-eje-flexible.html","title":{"rendered":"Bomba de agua de eje flexible"},"content":{"rendered":"<table>\n<tbody>\n<tr class=\"firstRow\">\n<td>Modelo<\/td>\n<td>SFP50<\/td>\n<td>SFP80<\/td>\n<\/tr>\n<tr>\n<td>Di\u00e1metro de descarga (mm)<\/td>\n<td>50<\/td>\n<td>80<\/td>\n<\/tr>\n<tr>\n<td>Eje flexible (m)<\/td>\n<td>6<\/td>\n<td>6<\/td>\n<\/tr>\n<tr>\n<td>Tipo de uni\u00f3n<\/td>\n<td colspan=\"2\">TIPO PASADOR:TIPO MARIPOSA<\/td>\n<\/tr>\n<tr>\n<td>Elevaci\u00f3n m\u00e1xima (m)<\/td>\n<td>16<\/td>\n<td>12<\/td>\n<\/tr>\n<tr>\n<td>Volumen m\u00e1ximo de suministro (m3\/h)<\/td>\n<td>25<\/td>\n<td>40<\/td>\n<\/tr>\n<tr>\n<td>Modelo de motor<\/td>\n<td colspan=\"2\">S20<\/td>\n<\/tr>\n<tr>\n<td>Capacidad del dep\u00f3sito de combustible (L)<\/td>\n<td>3.8<\/td>\n<td>3.8<\/td>\n<\/tr>\n<tr>\n<td>Sistema de arranque<\/td>\n<td colspan=\"2\">Motor de arranque<\/td>\n<\/tr>\n<tr>\n<td>Tama\u00f1o del embalaje(L*A*A)mm<\/td>\n<td colspan=\"2\">515*380*515<\/td>\n<\/tr>\n<tr>\n<td>Peso neto (KG)<\/td>\n<td>22<\/td>\n<td>24<\/td>\n<\/tr>\n<\/tbody>\n<\/table>\n","protected":false},"excerpt":{"rendered":"<p>Modelo SFP50 SFP80 Di\u00e1metro de descarga (mm) 50 80 Eje flexible (m) 6 6 Tipo de uni\u00f3n TIPO PASADOR:TIPO MARIPOSA Elevaci\u00f3n m\u00e1xima (m) 16 12 Volumen m\u00e1ximo de suministro (m3\/h) 25 40 Modelo de motor S20 Capacidad del dep\u00f3sito de combustible (L) 3.8 3.8 Sistema de arranque Motor de arranque Tama\u00f1o del embalaje(L*A*A)mm 515*380*515 Peso neto (KG) 22 24<\/p>\n","protected":false},"featured_media":3368,"comment_status":"open","ping_status":"closed","template":"","meta":{"site-sidebar-layout":"default","site-content-layout":"","ast-site-content-layout":"default","site-content-style":"default","site-sidebar-style":"default","ast-global-header-display":"","ast-banner-title-visibility":"","ast-main-header-display":"","ast-hfb-above-header-display":"","ast-hfb-below-header-display":"","ast-hfb-mobile-header-display":"","site-post-title":"","ast-breadcrumbs-content":"","ast-featured-img":"","footer-sml-layout":"","theme-transparent-header-meta":"default","adv-header-id-meta":"","stick-header-meta":"","header-above-stick-meta":"","header-main-stick-meta":"","header-below-stick-meta":"","astra-migrate-meta-layouts":"set","ast-page-background-enabled":"default","ast-page-background-meta":{"desktop":{"background-color":"var(--ast-global-color-4)","background-image":"","background-repeat":"repeat","background-position":"center center","background-size":"auto","background-attachment":"scroll","background-type":"","background-media":"","overlay-type":"","overlay-color":"","overlay-opacity":"","overlay-gradient":""},"tablet":{"background-color":"","background-image":"","background-repeat":"repeat","background-position":"center center","background-size":"auto","background-attachment":"scroll","background-type":"","background-media":"","overlay-type":"","overlay-color":"","overlay-opacity":"","overlay-gradient":""},"mobile":{"background-color":"","background-image":"","background-repeat":"repeat","background-position":"center center","background-size":"auto","background-attachment":"scroll","background-type":"","background-media":"","overlay-type":"","overlay-color":"","overlay-opacity":"","overlay-gradient":""}},"ast-content-background-meta":{"desktop":{"background-color":"var(--ast-global-color-5)","background-image":"","background-repeat":"repeat","background-position":"center center","background-size":"auto","background-attachment":"scroll","background-type":"","background-media":"","overlay-type":"","overlay-color":"","overlay-opacity":"","overlay-gradient":""},"tablet":{"background-color":"var(--ast-global-color-5)","background-image":"","background-repeat":"repeat","background-position":"center center","background-size":"auto","background-attachment":"scroll","background-type":"","background-media":"","overlay-type":"","overlay-color":"","overlay-opacity":"","overlay-gradient":""},"mobile":{"background-color":"var(--ast-global-color-5)","background-image":"","background-repeat":"repeat","background-position":"center center","background-size":"auto","background-attachment":"scroll","background-type":"","background-media":"","overlay-type":"","overlay-color":"","overlay-opacity":"","overlay-gradient":""}}},"product_brand":[],"product_cat":[43],"product_tag":[],"class_list":{"0":"post-3915","1":"product","2":"type-product","3":"status-publish","4":"has-post-thumbnail","6":"product_cat-sin-categorizar","7":"desktop-align-left","8":"tablet-align-left","9":"mobile-align-left","11":"first","12":"instock","13":"shipping-taxable","14":"product-type-simple"},"yoast_head":"<!-- This site is optimized with the Yoast SEO plugin v26.5 - https:\/\/yoast.com\/wordpress\/plugins\/seo\/ -->\n<title>Bomba de agua de eje flexible &#8211; Excalibur Generator<\/title>\n<meta name=\"description\" content=\"Una bomba de agua de eje flexible es un dispositivo vers\u00e1til dise\u00f1ado para diversas aplicaciones de transferencia de agua. Su eje flexible permite un bombeo eficiente en \u00e1reas de dif\u00edcil acceso, lo que brinda comodidad y adaptabilidad.\" \/>\n<meta name=\"robots\" content=\"index, follow, max-snippet:-1, max-image-preview:large, max-video-preview:-1\" \/>\n<link rel=\"canonical\" href=\"https:\/\/www.excalibur-generator.com\/es\/bomba-de-agua-de-eje-flexible.html\" \/>\n<meta name=\"twitter:label1\" content=\"Tiempo de lectura\" \/>\n\t<meta name=\"twitter:data1\" content=\"1 minuto\" \/>\n<script type=\"application\/ld+json\" class=\"yoast-schema-graph\">{\"@context\":\"https:\/\/schema.org\",\"@graph\":[{\"@type\":\"WebPage\",\"@id\":\"https:\/\/www.excalibur-generator.com\/es\/bomba-de-agua-de-eje-flexible.html\",\"url\":\"https:\/\/www.excalibur-generator.com\/es\/bomba-de-agua-de-eje-flexible.html\",\"name\":\"Bomba de agua de eje flexible &#8211; Excalibur Generator\",\"isPartOf\":{\"@id\":\"https:\/\/www.excalibur-generator.com\/es\/#website\"},\"primaryImageOfPage\":{\"@id\":\"https:\/\/www.excalibur-generator.com\/es\/bomba-de-agua-de-eje-flexible.html#primaryimage\"},\"image\":{\"@id\":\"https:\/\/www.excalibur-generator.com\/es\/bomba-de-agua-de-eje-flexible.html#primaryimage\"},\"thumbnailUrl\":\"https:\/\/www.excalibur-generator.com\/wp-content\/uploads\/2024\/05\/Flexible-Shaft-Water-Pump.jpg\",\"datePublished\":\"2024-05-23T09:27:11+00:00\",\"dateModified\":\"2024-09-18T09:24:38+00:00\",\"description\":\"Una bomba de agua de eje flexible es un dispositivo vers\u00e1til dise\u00f1ado para diversas aplicaciones de transferencia de agua. Su eje flexible permite un bombeo eficiente en \u00e1reas de dif\u00edcil acceso, lo que brinda comodidad y adaptabilidad.\",\"breadcrumb\":{\"@id\":\"https:\/\/www.excalibur-generator.com\/es\/bomba-de-agua-de-eje-flexible.html#breadcrumb\"},\"inLanguage\":\"es\",\"potentialAction\":[{\"@type\":\"ReadAction\",\"target\":[\"https:\/\/www.excalibur-generator.com\/es\/bomba-de-agua-de-eje-flexible.html\"]}]},{\"@type\":\"ImageObject\",\"inLanguage\":\"es\",\"@id\":\"https:\/\/www.excalibur-generator.com\/es\/bomba-de-agua-de-eje-flexible.html#primaryimage\",\"url\":\"https:\/\/www.excalibur-generator.com\/wp-content\/uploads\/2024\/05\/Flexible-Shaft-Water-Pump.jpg\",\"contentUrl\":\"https:\/\/www.excalibur-generator.com\/wp-content\/uploads\/2024\/05\/Flexible-Shaft-Water-Pump.jpg\",\"width\":800,\"height\":800,\"caption\":\"Bomba de agua de eje flexible\"},{\"@type\":\"BreadcrumbList\",\"@id\":\"https:\/\/www.excalibur-generator.com\/es\/bomba-de-agua-de-eje-flexible.html#breadcrumb\",\"itemListElement\":[{\"@type\":\"ListItem\",\"position\":1,\"name\":\"Home\",\"item\":\"https:\/\/www.excalibur-generator.com\/es\/inicio\/\"},{\"@type\":\"ListItem\",\"position\":2,\"name\":\"Productos\",\"item\":\"https:\/\/www.excalibur-generator.com\/es\/productos.html\"},{\"@type\":\"ListItem\",\"position\":3,\"name\":\"Bomba de agua de eje flexible\"}]},{\"@type\":\"WebSite\",\"@id\":\"https:\/\/www.excalibur-generator.com\/es\/#website\",\"url\":\"https:\/\/www.excalibur-generator.com\/es\/\",\"name\":\"Excalibur Generator\",\"description\":\"\",\"publisher\":{\"@id\":\"https:\/\/www.excalibur-generator.com\/es\/#organization\"},\"potentialAction\":[{\"@type\":\"SearchAction\",\"target\":{\"@type\":\"EntryPoint\",\"urlTemplate\":\"https:\/\/www.excalibur-generator.com\/es\/?s={search_term_string}\"},\"query-input\":{\"@type\":\"PropertyValueSpecification\",\"valueRequired\":true,\"valueName\":\"search_term_string\"}}],\"inLanguage\":\"es\"},{\"@type\":\"Organization\",\"@id\":\"https:\/\/www.excalibur-generator.com\/es\/#organization\",\"name\":\"Excalibur Generator\",\"url\":\"https:\/\/www.excalibur-generator.com\/es\/\",\"logo\":{\"@type\":\"ImageObject\",\"inLanguage\":\"es\",\"@id\":\"https:\/\/www.excalibur-generator.com\/es\/#\/schema\/logo\/image\/\",\"url\":\"https:\/\/www.excalibur-generator.com\/wp-content\/uploads\/2024\/05\/EXCALIBUR.png\",\"contentUrl\":\"https:\/\/www.excalibur-generator.com\/wp-content\/uploads\/2024\/05\/EXCALIBUR.png\",\"width\":350,\"height\":79,\"caption\":\"Excalibur Generator\"},\"image\":{\"@id\":\"https:\/\/www.excalibur-generator.com\/es\/#\/schema\/logo\/image\/\"}}]}<\/script>\n<!-- \/ Yoast SEO plugin. -->","yoast_head_json":{"title":"Bomba de agua de eje flexible &#8211; Excalibur Generator","description":"Una bomba de agua de eje flexible es un dispositivo vers\u00e1til dise\u00f1ado para diversas aplicaciones de transferencia de agua. Su eje flexible permite un bombeo eficiente en \u00e1reas de dif\u00edcil acceso, lo que brinda comodidad y adaptabilidad.","robots":{"index":"index","follow":"follow","max-snippet":"max-snippet:-1","max-image-preview":"max-image-preview:large","max-video-preview":"max-video-preview:-1"},"canonical":"https:\/\/www.excalibur-generator.com\/es\/bomba-de-agua-de-eje-flexible.html","twitter_misc":{"Tiempo de lectura":"1 minuto"},"schema":{"@context":"https:\/\/schema.org","@graph":[{"@type":"WebPage","@id":"https:\/\/www.excalibur-generator.com\/es\/bomba-de-agua-de-eje-flexible.html","url":"https:\/\/www.excalibur-generator.com\/es\/bomba-de-agua-de-eje-flexible.html","name":"Bomba de agua de eje flexible &#8211; Excalibur Generator","isPartOf":{"@id":"https:\/\/www.excalibur-generator.com\/es\/#website"},"primaryImageOfPage":{"@id":"https:\/\/www.excalibur-generator.com\/es\/bomba-de-agua-de-eje-flexible.html#primaryimage"},"image":{"@id":"https:\/\/www.excalibur-generator.com\/es\/bomba-de-agua-de-eje-flexible.html#primaryimage"},"thumbnailUrl":"https:\/\/www.excalibur-generator.com\/wp-content\/uploads\/2024\/05\/Flexible-Shaft-Water-Pump.jpg","datePublished":"2024-05-23T09:27:11+00:00","dateModified":"2024-09-18T09:24:38+00:00","description":"Una bomba de agua de eje flexible es un dispositivo vers\u00e1til dise\u00f1ado para diversas aplicaciones de transferencia de agua. Su eje flexible permite un bombeo eficiente en \u00e1reas de dif\u00edcil acceso, lo que brinda comodidad y adaptabilidad.","breadcrumb":{"@id":"https:\/\/www.excalibur-generator.com\/es\/bomba-de-agua-de-eje-flexible.html#breadcrumb"},"inLanguage":"es","potentialAction":[{"@type":"ReadAction","target":["https:\/\/www.excalibur-generator.com\/es\/bomba-de-agua-de-eje-flexible.html"]}]},{"@type":"ImageObject","inLanguage":"es","@id":"https:\/\/www.excalibur-generator.com\/es\/bomba-de-agua-de-eje-flexible.html#primaryimage","url":"https:\/\/www.excalibur-generator.com\/wp-content\/uploads\/2024\/05\/Flexible-Shaft-Water-Pump.jpg","contentUrl":"https:\/\/www.excalibur-generator.com\/wp-content\/uploads\/2024\/05\/Flexible-Shaft-Water-Pump.jpg","width":800,"height":800,"caption":"Bomba de agua de eje flexible"},{"@type":"BreadcrumbList","@id":"https:\/\/www.excalibur-generator.com\/es\/bomba-de-agua-de-eje-flexible.html#breadcrumb","itemListElement":[{"@type":"ListItem","position":1,"name":"Home","item":"https:\/\/www.excalibur-generator.com\/es\/inicio\/"},{"@type":"ListItem","position":2,"name":"Productos","item":"https:\/\/www.excalibur-generator.com\/es\/productos.html"},{"@type":"ListItem","position":3,"name":"Bomba de agua de eje flexible"}]},{"@type":"WebSite","@id":"https:\/\/www.excalibur-generator.com\/es\/#website","url":"https:\/\/www.excalibur-generator.com\/es\/","name":"Excalibur Generator","description":"","publisher":{"@id":"https:\/\/www.excalibur-generator.com\/es\/#organization"},"potentialAction":[{"@type":"SearchAction","target":{"@type":"EntryPoint","urlTemplate":"https:\/\/www.excalibur-generator.com\/es\/?s={search_term_string}"},"query-input":{"@type":"PropertyValueSpecification","valueRequired":true,"valueName":"search_term_string"}}],"inLanguage":"es"},{"@type":"Organization","@id":"https:\/\/www.excalibur-generator.com\/es\/#organization","name":"Excalibur Generator","url":"https:\/\/www.excalibur-generator.com\/es\/","logo":{"@type":"ImageObject","inLanguage":"es","@id":"https:\/\/www.excalibur-generator.com\/es\/#\/schema\/logo\/image\/","url":"https:\/\/www.excalibur-generator.com\/wp-content\/uploads\/2024\/05\/EXCALIBUR.png","contentUrl":"https:\/\/www.excalibur-generator.com\/wp-content\/uploads\/2024\/05\/EXCALIBUR.png","width":350,"height":79,"caption":"Excalibur Generator"},"image":{"@id":"https:\/\/www.excalibur-generator.com\/es\/#\/schema\/logo\/image\/"}}]}},"_links":{"self":[{"href":"https:\/\/www.excalibur-generator.com\/es\/wp-json\/wp\/v2\/product\/3915","targetHints":{"allow":["GET"]}}],"collection":[{"href":"https:\/\/www.excalibur-generator.com\/es\/wp-json\/wp\/v2\/product"}],"about":[{"href":"https:\/\/www.excalibur-generator.com\/es\/wp-json\/wp\/v2\/types\/product"}],"replies":[{"embeddable":true,"href":"https:\/\/www.excalibur-generator.com\/es\/wp-json\/wp\/v2\/comments?post=3915"}],"wp:featuredmedia":[{"embeddable":true,"href":"https:\/\/www.excalibur-generator.com\/es\/wp-json\/wp\/v2\/media\/3368"}],"wp:attachment":[{"href":"https:\/\/www.excalibur-generator.com\/es\/wp-json\/wp\/v2\/media?parent=3915"}],"wp:term":[{"taxonomy":"product_brand","embeddable":true,"href":"https:\/\/www.excalibur-generator.com\/es\/wp-json\/wp\/v2\/product_brand?post=3915"},{"taxonomy":"product_cat","embeddable":true,"href":"https:\/\/www.excalibur-generator.com\/es\/wp-json\/wp\/v2\/product_cat?post=3915"},{"taxonomy":"product_tag","embeddable":true,"href":"https:\/\/www.excalibur-generator.com\/es\/wp-json\/wp\/v2\/product_tag?post=3915"}],"curies":[{"name":"wp","href":"https:\/\/api.w.org\/{rel}","templated":true}]}}