{"id":3917,"date":"2024-05-23T17:15:08","date_gmt":"2024-05-23T09:15:08","guid":{"rendered":"https:\/\/www.excalibur-generator.com\/bomba-de-agua-limpia-para-diesel\/"},"modified":"2024-09-18T17:30:57","modified_gmt":"2024-09-18T09:30:57","slug":"bomba-de-agua-limpia-para-diesel","status":"publish","type":"product","link":"https:\/\/www.excalibur-generator.com\/es\/bomba-de-agua-limpia-para-diesel.html","title":{"rendered":"Bomba de agua limpia para di\u00e9sel"},"content":{"rendered":"<table>\n<colgroup>\n<col \/>\n<col span=\"2\" \/>\n<col \/>\n<col \/>\n<col span=\"2\" \/>\n<col span=\"2\" \/><\/colgroup>\n<tbody>\n<tr class=\"firstRow\">\n<td>Modelo<\/td>\n<td>SP205D(E)<\/td>\n<td>SP205D(E)-1<\/td>\n<td>SP305D(E)<\/td>\n<td>SP305D(E)-1<\/td>\n<td>SP405D(E)<\/td>\n<td>SP405D(E)-1<\/td>\n<td>SP605D(E)-1<\/td>\n<td>SP805D(E)-1<\/td>\n<\/tr>\n<tr>\n<td>Tipo<\/td>\n<td colspan=\"8\">Bomba centr\u00edfuga autocebante<\/td>\n<\/tr>\n<tr>\n<td>Succi\u00f3n*entrega(mm)(pulgadas)<\/td>\n<td colspan=\"2\">50*50\/2*2<\/td>\n<td colspan=\"2\">80*80\/3*3<\/td>\n<td colspan=\"2\">100*100\/4*4<\/td>\n<td>155*155\/6*6<\/td>\n<td>200*200\/8*8<\/td>\n<\/tr>\n<tr>\n<td>Altura total (m)<\/td>\n<td colspan=\"2\">46<\/td>\n<td colspan=\"2\">32<\/td>\n<td colspan=\"2\">25<\/td>\n<td>15<\/td>\n<td>25<\/td>\n<\/tr>\n<tr>\n<td>Altura de aspiraci\u00f3n (m)<\/td>\n<td colspan=\"2\">8<\/td>\n<td colspan=\"2\">8<\/td>\n<td colspan=\"2\">8<\/td>\n<td>8<\/td>\n<td>5<\/td>\n<\/tr>\n<tr>\n<td>Volumen m\u00e1ximo de suministro (m\u00b3\/h)<\/td>\n<td colspan=\"2\">36<\/td>\n<td colspan=\"2\">60<\/td>\n<td colspan=\"2\">80<\/td>\n<td>200<\/td>\n<td>242<\/td>\n<\/tr>\n<tr>\n<td>Sello mec\u00e1nico<\/td>\n<td><\/td>\n<td><\/td>\n<td><\/td>\n<td><\/td>\n<td>Carb\u00f3n cer\u00e1mico<\/td>\n<td><\/td>\n<td><\/td>\n<td><\/td>\n<\/tr>\n<tr>\n<td>Modelo de motor<\/td>\n<td colspan=\"2\">S173F(E)<\/td>\n<td colspan=\"2\">S178F(E)<\/td>\n<td colspan=\"2\">S186FA(E)<\/td>\n<td>S192F(E)<\/td>\n<td>SV292FE<\/td>\n<\/tr>\n<tr>\n<td>Capacidad del tanque de combustible (L)<\/td>\n<td>2.5<\/td>\n<td>12.5<\/td>\n<td>3.5<\/td>\n<td>12.5<\/td>\n<td>5.5<\/td>\n<td>12.5<\/td>\n<td>12.5<\/td>\n<td>25<\/td>\n<\/tr>\n<tr>\n<td>Sistema de arranque<\/td>\n<td><\/td>\n<td><\/td>\n<td colspan=\"2\">Arranque manual\/el\u00e9ctrico<\/td>\n<td><\/td>\n<td><\/td>\n<td>arranque el\u00e9ctrico<\/td>\n<td>Arranque el\u00e9ctrico<\/td>\n<\/tr>\n<tr>\n<td>Tama\u00f1o del embalaje(L*A*A)mm<\/td>\n<td>520*420*380<\/td>\n<td>535*465*615<\/td>\n<td>570*465*560<\/td>\n<td>590*465*660<\/td>\n<td>590*465*660<\/td>\n<td>690*510*720<\/td>\n<td>785*600*790<\/td>\n<td>1045*715*980<\/td>\n<\/tr>\n<tr>\n<td>Peso neto (KG)<\/td>\n<td>32<\/td>\n<td>38<\/td>\n<td>45<\/td>\n<td>50<\/td>\n<td>64<\/td>\n<td>70<\/td>\n<td>130<\/td>\n<td>180<\/td>\n<\/tr>\n<\/tbody>\n<\/table>\n","protected":false},"excerpt":{"rendered":"<p>Modelo SP205D(E) SP205D(E)-1 SP305D(E) SP305D(E)-1 SP405D(E) SP405D(E)-1 SP605D(E)-1 SP805D(E)-1 Tipo Bomba centr\u00edfuga autocebante Succi\u00f3n*entrega(mm)(pulgadas) 50*50\/2*2 80*80\/3*3 100*100\/4*4 155*155\/6*6 200*200\/8*8 Altura total (m) 46 32 25 15 25 Altura de aspiraci\u00f3n (m) 8 8 8 8 5 Volumen m\u00e1ximo de suministro (m\u00b3\/h) 36 60 80 200 242 Sello mec\u00e1nico Carb\u00f3n cer\u00e1mico Modelo de motor S173F(E) S178F(E) S186FA(E) S192F(E) SV292FE Capacidad del tanque de combustible (L) 2.5 12.5 3.5 12.5 5.5 12.5 12.5 25 Sistema de arranque Arranque manual\/el\u00e9ctrico arranque el\u00e9ctrico Arranque el\u00e9ctrico Tama\u00f1o del embalaje(L*A*A)mm 520*420*380 535*465*615 570*465*560 590*465*660 590*465*660 690*510*720 785*600*790 1045*715*980 Peso neto (KG) 32 38 45 50 64 70 130 180<\/p>\n","protected":false},"featured_media":3370,"comment_status":"open","ping_status":"closed","template":"","meta":{"site-sidebar-layout":"default","site-content-layout":"","ast-site-content-layout":"default","site-content-style":"default","site-sidebar-style":"default","ast-global-header-display":"","ast-banner-title-visibility":"","ast-main-header-display":"","ast-hfb-above-header-display":"","ast-hfb-below-header-display":"","ast-hfb-mobile-header-display":"","site-post-title":"","ast-breadcrumbs-content":"","ast-featured-img":"","footer-sml-layout":"","theme-transparent-header-meta":"default","adv-header-id-meta":"","stick-header-meta":"","header-above-stick-meta":"","header-main-stick-meta":"","header-below-stick-meta":"","astra-migrate-meta-layouts":"set","ast-page-background-enabled":"default","ast-page-background-meta":{"desktop":{"background-color":"var(--ast-global-color-4)","background-image":"","background-repeat":"repeat","background-position":"center center","background-size":"auto","background-attachment":"scroll","background-type":"","background-media":"","overlay-type":"","overlay-color":"","overlay-opacity":"","overlay-gradient":""},"tablet":{"background-color":"","background-image":"","background-repeat":"repeat","background-position":"center center","background-size":"auto","background-attachment":"scroll","background-type":"","background-media":"","overlay-type":"","overlay-color":"","overlay-opacity":"","overlay-gradient":""},"mobile":{"background-color":"","background-image":"","background-repeat":"repeat","background-position":"center center","background-size":"auto","background-attachment":"scroll","background-type":"","background-media":"","overlay-type":"","overlay-color":"","overlay-opacity":"","overlay-gradient":""}},"ast-content-background-meta":{"desktop":{"background-color":"var(--ast-global-color-5)","background-image":"","background-repeat":"repeat","background-position":"center center","background-size":"auto","background-attachment":"scroll","background-type":"","background-media":"","overlay-type":"","overlay-color":"","overlay-opacity":"","overlay-gradient":""},"tablet":{"background-color":"var(--ast-global-color-5)","background-image":"","background-repeat":"repeat","background-position":"center center","background-size":"auto","background-attachment":"scroll","background-type":"","background-media":"","overlay-type":"","overlay-color":"","overlay-opacity":"","overlay-gradient":""},"mobile":{"background-color":"var(--ast-global-color-5)","background-image":"","background-repeat":"repeat","background-position":"center center","background-size":"auto","background-attachment":"scroll","background-type":"","background-media":"","overlay-type":"","overlay-color":"","overlay-opacity":"","overlay-gradient":""}}},"product_brand":[],"product_cat":[43],"product_tag":[],"class_list":{"0":"post-3917","1":"product","2":"type-product","3":"status-publish","4":"has-post-thumbnail","6":"product_cat-sin-categorizar","7":"desktop-align-left","8":"tablet-align-left","9":"mobile-align-left","11":"first","12":"instock","13":"shipping-taxable","14":"product-type-simple"},"yoast_head":"<!-- This site is optimized with the Yoast SEO plugin v26.5 - https:\/\/yoast.com\/wordpress\/plugins\/seo\/ -->\n<title>Bomba de agua limpia para di\u00e9sel &#8211; Excalibur Generator<\/title>\n<meta name=\"description\" content=\"Una bomba de agua limpia a di\u00e9sel es un dispositivo robusto y eficiente dise\u00f1ado para transferir agua limpia. Alimentada por di\u00e9sel, ofrece un rendimiento confiable en diversas aplicaciones de bombeo de agua.\" \/>\n<meta name=\"robots\" content=\"index, follow, max-snippet:-1, max-image-preview:large, max-video-preview:-1\" \/>\n<link rel=\"canonical\" href=\"https:\/\/www.excalibur-generator.com\/es\/bomba-de-agua-limpia-para-diesel.html\" \/>\n<meta name=\"twitter:label1\" content=\"Tiempo de lectura\" \/>\n\t<meta name=\"twitter:data1\" content=\"1 minuto\" \/>\n<script type=\"application\/ld+json\" class=\"yoast-schema-graph\">{\"@context\":\"https:\/\/schema.org\",\"@graph\":[{\"@type\":\"WebPage\",\"@id\":\"https:\/\/www.excalibur-generator.com\/es\/bomba-de-agua-limpia-para-diesel.html\",\"url\":\"https:\/\/www.excalibur-generator.com\/es\/bomba-de-agua-limpia-para-diesel.html\",\"name\":\"Bomba de agua limpia para di\u00e9sel &#8211; Excalibur Generator\",\"isPartOf\":{\"@id\":\"https:\/\/www.excalibur-generator.com\/es\/#website\"},\"primaryImageOfPage\":{\"@id\":\"https:\/\/www.excalibur-generator.com\/es\/bomba-de-agua-limpia-para-diesel.html#primaryimage\"},\"image\":{\"@id\":\"https:\/\/www.excalibur-generator.com\/es\/bomba-de-agua-limpia-para-diesel.html#primaryimage\"},\"thumbnailUrl\":\"https:\/\/www.excalibur-generator.com\/wp-content\/uploads\/2024\/05\/Diesel-Clear-Water-Pump.jpg\",\"datePublished\":\"2024-05-23T09:15:08+00:00\",\"dateModified\":\"2024-09-18T09:30:57+00:00\",\"description\":\"Una bomba de agua limpia a di\u00e9sel es un dispositivo robusto y eficiente dise\u00f1ado para transferir agua limpia. Alimentada por di\u00e9sel, ofrece un rendimiento confiable en diversas aplicaciones de bombeo de agua.\",\"breadcrumb\":{\"@id\":\"https:\/\/www.excalibur-generator.com\/es\/bomba-de-agua-limpia-para-diesel.html#breadcrumb\"},\"inLanguage\":\"es\",\"potentialAction\":[{\"@type\":\"ReadAction\",\"target\":[\"https:\/\/www.excalibur-generator.com\/es\/bomba-de-agua-limpia-para-diesel.html\"]}]},{\"@type\":\"ImageObject\",\"inLanguage\":\"es\",\"@id\":\"https:\/\/www.excalibur-generator.com\/es\/bomba-de-agua-limpia-para-diesel.html#primaryimage\",\"url\":\"https:\/\/www.excalibur-generator.com\/wp-content\/uploads\/2024\/05\/Diesel-Clear-Water-Pump.jpg\",\"contentUrl\":\"https:\/\/www.excalibur-generator.com\/wp-content\/uploads\/2024\/05\/Diesel-Clear-Water-Pump.jpg\",\"width\":800,\"height\":800,\"caption\":\"Bomba de agua limpia di\u00e9sel\"},{\"@type\":\"BreadcrumbList\",\"@id\":\"https:\/\/www.excalibur-generator.com\/es\/bomba-de-agua-limpia-para-diesel.html#breadcrumb\",\"itemListElement\":[{\"@type\":\"ListItem\",\"position\":1,\"name\":\"Home\",\"item\":\"https:\/\/www.excalibur-generator.com\/es\/inicio\/\"},{\"@type\":\"ListItem\",\"position\":2,\"name\":\"Productos\",\"item\":\"https:\/\/www.excalibur-generator.com\/es\/productos.html\"},{\"@type\":\"ListItem\",\"position\":3,\"name\":\"Bomba de agua limpia para di\u00e9sel\"}]},{\"@type\":\"WebSite\",\"@id\":\"https:\/\/www.excalibur-generator.com\/es\/#website\",\"url\":\"https:\/\/www.excalibur-generator.com\/es\/\",\"name\":\"Excalibur Generator\",\"description\":\"\",\"publisher\":{\"@id\":\"https:\/\/www.excalibur-generator.com\/es\/#organization\"},\"potentialAction\":[{\"@type\":\"SearchAction\",\"target\":{\"@type\":\"EntryPoint\",\"urlTemplate\":\"https:\/\/www.excalibur-generator.com\/es\/?s={search_term_string}\"},\"query-input\":{\"@type\":\"PropertyValueSpecification\",\"valueRequired\":true,\"valueName\":\"search_term_string\"}}],\"inLanguage\":\"es\"},{\"@type\":\"Organization\",\"@id\":\"https:\/\/www.excalibur-generator.com\/es\/#organization\",\"name\":\"Excalibur Generator\",\"url\":\"https:\/\/www.excalibur-generator.com\/es\/\",\"logo\":{\"@type\":\"ImageObject\",\"inLanguage\":\"es\",\"@id\":\"https:\/\/www.excalibur-generator.com\/es\/#\/schema\/logo\/image\/\",\"url\":\"https:\/\/www.excalibur-generator.com\/wp-content\/uploads\/2024\/05\/EXCALIBUR.png\",\"contentUrl\":\"https:\/\/www.excalibur-generator.com\/wp-content\/uploads\/2024\/05\/EXCALIBUR.png\",\"width\":350,\"height\":79,\"caption\":\"Excalibur Generator\"},\"image\":{\"@id\":\"https:\/\/www.excalibur-generator.com\/es\/#\/schema\/logo\/image\/\"}}]}<\/script>\n<!-- \/ Yoast SEO plugin. -->","yoast_head_json":{"title":"Bomba de agua limpia para di\u00e9sel &#8211; Excalibur Generator","description":"Una bomba de agua limpia a di\u00e9sel es un dispositivo robusto y eficiente dise\u00f1ado para transferir agua limpia. Alimentada por di\u00e9sel, ofrece un rendimiento confiable en diversas aplicaciones de bombeo de agua.","robots":{"index":"index","follow":"follow","max-snippet":"max-snippet:-1","max-image-preview":"max-image-preview:large","max-video-preview":"max-video-preview:-1"},"canonical":"https:\/\/www.excalibur-generator.com\/es\/bomba-de-agua-limpia-para-diesel.html","twitter_misc":{"Tiempo de lectura":"1 minuto"},"schema":{"@context":"https:\/\/schema.org","@graph":[{"@type":"WebPage","@id":"https:\/\/www.excalibur-generator.com\/es\/bomba-de-agua-limpia-para-diesel.html","url":"https:\/\/www.excalibur-generator.com\/es\/bomba-de-agua-limpia-para-diesel.html","name":"Bomba de agua limpia para di\u00e9sel &#8211; Excalibur Generator","isPartOf":{"@id":"https:\/\/www.excalibur-generator.com\/es\/#website"},"primaryImageOfPage":{"@id":"https:\/\/www.excalibur-generator.com\/es\/bomba-de-agua-limpia-para-diesel.html#primaryimage"},"image":{"@id":"https:\/\/www.excalibur-generator.com\/es\/bomba-de-agua-limpia-para-diesel.html#primaryimage"},"thumbnailUrl":"https:\/\/www.excalibur-generator.com\/wp-content\/uploads\/2024\/05\/Diesel-Clear-Water-Pump.jpg","datePublished":"2024-05-23T09:15:08+00:00","dateModified":"2024-09-18T09:30:57+00:00","description":"Una bomba de agua limpia a di\u00e9sel es un dispositivo robusto y eficiente dise\u00f1ado para transferir agua limpia. Alimentada por di\u00e9sel, ofrece un rendimiento confiable en diversas aplicaciones de bombeo de agua.","breadcrumb":{"@id":"https:\/\/www.excalibur-generator.com\/es\/bomba-de-agua-limpia-para-diesel.html#breadcrumb"},"inLanguage":"es","potentialAction":[{"@type":"ReadAction","target":["https:\/\/www.excalibur-generator.com\/es\/bomba-de-agua-limpia-para-diesel.html"]}]},{"@type":"ImageObject","inLanguage":"es","@id":"https:\/\/www.excalibur-generator.com\/es\/bomba-de-agua-limpia-para-diesel.html#primaryimage","url":"https:\/\/www.excalibur-generator.com\/wp-content\/uploads\/2024\/05\/Diesel-Clear-Water-Pump.jpg","contentUrl":"https:\/\/www.excalibur-generator.com\/wp-content\/uploads\/2024\/05\/Diesel-Clear-Water-Pump.jpg","width":800,"height":800,"caption":"Bomba de agua limpia di\u00e9sel"},{"@type":"BreadcrumbList","@id":"https:\/\/www.excalibur-generator.com\/es\/bomba-de-agua-limpia-para-diesel.html#breadcrumb","itemListElement":[{"@type":"ListItem","position":1,"name":"Home","item":"https:\/\/www.excalibur-generator.com\/es\/inicio\/"},{"@type":"ListItem","position":2,"name":"Productos","item":"https:\/\/www.excalibur-generator.com\/es\/productos.html"},{"@type":"ListItem","position":3,"name":"Bomba de agua limpia para di\u00e9sel"}]},{"@type":"WebSite","@id":"https:\/\/www.excalibur-generator.com\/es\/#website","url":"https:\/\/www.excalibur-generator.com\/es\/","name":"Excalibur Generator","description":"","publisher":{"@id":"https:\/\/www.excalibur-generator.com\/es\/#organization"},"potentialAction":[{"@type":"SearchAction","target":{"@type":"EntryPoint","urlTemplate":"https:\/\/www.excalibur-generator.com\/es\/?s={search_term_string}"},"query-input":{"@type":"PropertyValueSpecification","valueRequired":true,"valueName":"search_term_string"}}],"inLanguage":"es"},{"@type":"Organization","@id":"https:\/\/www.excalibur-generator.com\/es\/#organization","name":"Excalibur Generator","url":"https:\/\/www.excalibur-generator.com\/es\/","logo":{"@type":"ImageObject","inLanguage":"es","@id":"https:\/\/www.excalibur-generator.com\/es\/#\/schema\/logo\/image\/","url":"https:\/\/www.excalibur-generator.com\/wp-content\/uploads\/2024\/05\/EXCALIBUR.png","contentUrl":"https:\/\/www.excalibur-generator.com\/wp-content\/uploads\/2024\/05\/EXCALIBUR.png","width":350,"height":79,"caption":"Excalibur Generator"},"image":{"@id":"https:\/\/www.excalibur-generator.com\/es\/#\/schema\/logo\/image\/"}}]}},"_links":{"self":[{"href":"https:\/\/www.excalibur-generator.com\/es\/wp-json\/wp\/v2\/product\/3917","targetHints":{"allow":["GET"]}}],"collection":[{"href":"https:\/\/www.excalibur-generator.com\/es\/wp-json\/wp\/v2\/product"}],"about":[{"href":"https:\/\/www.excalibur-generator.com\/es\/wp-json\/wp\/v2\/types\/product"}],"replies":[{"embeddable":true,"href":"https:\/\/www.excalibur-generator.com\/es\/wp-json\/wp\/v2\/comments?post=3917"}],"wp:featuredmedia":[{"embeddable":true,"href":"https:\/\/www.excalibur-generator.com\/es\/wp-json\/wp\/v2\/media\/3370"}],"wp:attachment":[{"href":"https:\/\/www.excalibur-generator.com\/es\/wp-json\/wp\/v2\/media?parent=3917"}],"wp:term":[{"taxonomy":"product_brand","embeddable":true,"href":"https:\/\/www.excalibur-generator.com\/es\/wp-json\/wp\/v2\/product_brand?post=3917"},{"taxonomy":"product_cat","embeddable":true,"href":"https:\/\/www.excalibur-generator.com\/es\/wp-json\/wp\/v2\/product_cat?post=3917"},{"taxonomy":"product_tag","embeddable":true,"href":"https:\/\/www.excalibur-generator.com\/es\/wp-json\/wp\/v2\/product_tag?post=3917"}],"curies":[{"name":"wp","href":"https:\/\/api.w.org\/{rel}","templated":true}]}}