{"id":3919,"date":"2024-05-23T16:38:41","date_gmt":"2024-05-23T08:38:41","guid":{"rendered":"https:\/\/www.excalibur-generator.com\/bomba-de-hierro-fundido-de-alta-presion\/"},"modified":"2024-09-18T17:35:13","modified_gmt":"2024-09-18T09:35:13","slug":"bomba-de-hierro-fundido-de-alta-presion","status":"publish","type":"product","link":"https:\/\/www.excalibur-generator.com\/es\/bomba-de-hierro-fundido-de-alta-presion.html","title":{"rendered":"Bomba de hierro fundido de alta presi\u00f3n"},"content":{"rendered":"<table width=\"1064\">\n<colgroup>\n<col span=\"2\" \/>\n<col span=\"3\" \/>\n<col \/>\n<col \/>\n<col \/>\n<col \/><\/colgroup>\n<tbody>\n<tr class=\"firstRow\">\n<td><\/td>\n<td colspan=\"3\">Tyoe Diesel<\/td>\n<td colspan=\"3\">Tipo Gasolina<\/td>\n<td colspan=\"2\">Dos cilindros Tipo Diesel<\/td>\n<\/tr>\n<tr>\n<td>Modelo<\/td>\n<td>SHP5ODEI<\/td>\n<td>SHP8ODEI<\/td>\n<td>SHP100DEI<\/td>\n<td>SHP50BI<\/td>\n<td>SHP80BI<\/td>\n<td>SHP100BI<\/td>\n<td>SHP8ODEI<\/td>\n<td>SHP100DEI<\/td>\n<\/tr>\n<tr>\n<td>Tipo<\/td>\n<td colspan=\"6\">Bomba centr\u00edfuga autoaspirante<\/td>\n<td colspan=\"2\">Bomba centr\u00edfuga autoaspirante<\/td>\n<\/tr>\n<tr>\n<td>Succi\u00f3n*entrada (mm) (pulg.)<\/td>\n<td>50*50\/2*2<\/td>\n<td>80*80\/3*3<\/td>\n<td>100*100\/4*4<\/td>\n<td>50*50\/2*2<\/td>\n<td>80*80\/3*3<\/td>\n<td>100*100\/4*4<\/td>\n<td>80*80<\/td>\n<td>100*100<\/td>\n<\/tr>\n<tr>\n<td>Altura total (m)<\/td>\n<td>85<\/td>\n<td>75<\/td>\n<td>55<\/td>\n<td>85<\/td>\n<td>75<\/td>\n<td>55<\/td>\n<td>95<\/td>\n<td>85<\/td>\n<\/tr>\n<tr>\n<td>Altura de aspiraci\u00f3n (m)<\/td>\n<td>6<\/td>\n<td>6<\/td>\n<td>6<\/td>\n<td>6<\/td>\n<td>6<\/td>\n<td>6<\/td>\n<td>6<\/td>\n<td>6<\/td>\n<\/tr>\n<tr>\n<td>Volumen m\u00e1ximo de suministro (m3\/h)<\/td>\n<td>35<\/td>\n<td>42<\/td>\n<td>120<\/td>\n<td>35<\/td>\n<td>42<\/td>\n<td>120<\/td>\n<td>101<\/td>\n<td>120<\/td>\n<\/tr>\n<tr>\n<td>Cierre mec\u00e1nico<\/td>\n<td colspan=\"8\">Carbono cer\u00e1mico<\/td>\n<\/tr>\n<tr>\n<td>Modelo de motor<\/td>\n<td>S178F(E)<\/td>\n<td>S186FA(E)<\/td>\n<td>S192F(E)<\/td>\n<td>S210F<\/td>\n<td>S210F<\/td>\n<td>S420F<\/td>\n<td colspan=\"2\">SV292FE<\/td>\n<\/tr>\n<tr>\n<td>Capacidad del dep\u00f3sito de combustible (L)<\/td>\n<td>3.5<\/td>\n<td>5.5<\/td>\n<td>5.5<\/td>\n<td>3.6<\/td>\n<td>3.6<\/td>\n<td>6.5<\/td>\n<td colspan=\"2\">12.5<\/td>\n<\/tr>\n<tr>\n<td>Sistema de arranque<\/td>\n<td colspan=\"8\">Arranque manual \/ arranque el\u00e9ctrico<\/td>\n<\/tr>\n<tr>\n<td>Tama\u00f1o del embalaje (L*A*A) mm<\/td>\n<td>580*490*570<\/td>\n<td>580*490*630<\/td>\n<td>585*490*635<\/td>\n<td>470*380*450<\/td>\n<td>510*38*450<\/td>\n<td>620*535*545<\/td>\n<td colspan=\"2\" rowspan=\"2\"><\/td>\n<\/tr>\n<tr>\n<td>Peso neto (KG)<\/td>\n<td>50<\/td>\n<td>68<\/td>\n<td>75<\/td>\n<td>35<\/td>\n<td>42<\/td>\n<td>55<\/td>\n<\/tr>\n<\/tbody>\n<\/table>\n","protected":false},"excerpt":{"rendered":"<p>Tyoe Diesel Tipo Gasolina Dos cilindros Tipo Diesel Modelo SHP5ODEI SHP8ODEI SHP100DEI SHP50BI SHP80BI SHP100BI SHP8ODEI SHP100DEI Tipo Bomba centr\u00edfuga autoaspirante Bomba centr\u00edfuga autoaspirante Succi\u00f3n*entrada (mm) (pulg.) 50*50\/2*2 80*80\/3*3 100*100\/4*4 50*50\/2*2 80*80\/3*3 100*100\/4*4 80*80 100*100 Altura total (m) 85 75 55 85 75 55 95 85 Altura de aspiraci\u00f3n (m) 6 6 6 6 6 6 6 6 Volumen m\u00e1ximo de suministro (m3\/h) 35 42 120 35 42 120 101 120 Cierre mec\u00e1nico Carbono cer\u00e1mico Modelo de motor S178F(E) S186FA(E) S192F(E) S210F S210F S420F SV292FE Capacidad del dep\u00f3sito de combustible (L) 3.5 5.5 5.5 3.6 3.6 6.5 12.5 Sistema de arranque Arranque manual \/ arranque el\u00e9ctrico Tama\u00f1o del embalaje (L*A*A) mm 580*490*570 580*490*630 585*490*635 470*380*450 510*38*450 620*535*545 Peso neto (KG) 50 68 75 35 42 55<\/p>\n","protected":false},"featured_media":3372,"comment_status":"open","ping_status":"closed","template":"","meta":{"site-sidebar-layout":"default","site-content-layout":"","ast-site-content-layout":"default","site-content-style":"default","site-sidebar-style":"default","ast-global-header-display":"","ast-banner-title-visibility":"","ast-main-header-display":"","ast-hfb-above-header-display":"","ast-hfb-below-header-display":"","ast-hfb-mobile-header-display":"","site-post-title":"","ast-breadcrumbs-content":"","ast-featured-img":"","footer-sml-layout":"","theme-transparent-header-meta":"default","adv-header-id-meta":"","stick-header-meta":"","header-above-stick-meta":"","header-main-stick-meta":"","header-below-stick-meta":"","astra-migrate-meta-layouts":"set","ast-page-background-enabled":"default","ast-page-background-meta":{"desktop":{"background-color":"var(--ast-global-color-4)","background-image":"","background-repeat":"repeat","background-position":"center center","background-size":"auto","background-attachment":"scroll","background-type":"","background-media":"","overlay-type":"","overlay-color":"","overlay-opacity":"","overlay-gradient":""},"tablet":{"background-color":"","background-image":"","background-repeat":"repeat","background-position":"center center","background-size":"auto","background-attachment":"scroll","background-type":"","background-media":"","overlay-type":"","overlay-color":"","overlay-opacity":"","overlay-gradient":""},"mobile":{"background-color":"","background-image":"","background-repeat":"repeat","background-position":"center center","background-size":"auto","background-attachment":"scroll","background-type":"","background-media":"","overlay-type":"","overlay-color":"","overlay-opacity":"","overlay-gradient":""}},"ast-content-background-meta":{"desktop":{"background-color":"var(--ast-global-color-5)","background-image":"","background-repeat":"repeat","background-position":"center center","background-size":"auto","background-attachment":"scroll","background-type":"","background-media":"","overlay-type":"","overlay-color":"","overlay-opacity":"","overlay-gradient":""},"tablet":{"background-color":"var(--ast-global-color-5)","background-image":"","background-repeat":"repeat","background-position":"center center","background-size":"auto","background-attachment":"scroll","background-type":"","background-media":"","overlay-type":"","overlay-color":"","overlay-opacity":"","overlay-gradient":""},"mobile":{"background-color":"var(--ast-global-color-5)","background-image":"","background-repeat":"repeat","background-position":"center center","background-size":"auto","background-attachment":"scroll","background-type":"","background-media":"","overlay-type":"","overlay-color":"","overlay-opacity":"","overlay-gradient":""}}},"product_brand":[],"product_cat":[43],"product_tag":[],"class_list":{"0":"post-3919","1":"product","2":"type-product","3":"status-publish","4":"has-post-thumbnail","6":"product_cat-sin-categorizar","7":"desktop-align-left","8":"tablet-align-left","9":"mobile-align-left","11":"first","12":"instock","13":"shipping-taxable","14":"product-type-simple"},"yoast_head":"<!-- This site is optimized with the Yoast SEO plugin v26.5 - https:\/\/yoast.com\/wordpress\/plugins\/seo\/ -->\n<title>Bomba de hierro fundido de alta presi\u00f3n &#8211; Excalibur Generator<\/title>\n<meta name=\"description\" content=\"La bomba de hierro fundido de alta presi\u00f3n ofrece un rendimiento robusto y soporta tareas exigentes con durabilidad. Su construcci\u00f3n robusta garantiza una eficiencia duradera en diversas aplicaciones industriales y comerciales.\" \/>\n<meta name=\"robots\" content=\"index, follow, max-snippet:-1, max-image-preview:large, max-video-preview:-1\" \/>\n<link rel=\"canonical\" href=\"https:\/\/www.excalibur-generator.com\/es\/bomba-de-hierro-fundido-de-alta-presion.html\" \/>\n<meta name=\"twitter:label1\" content=\"Tiempo de lectura\" \/>\n\t<meta name=\"twitter:data1\" content=\"1 minuto\" \/>\n<script type=\"application\/ld+json\" class=\"yoast-schema-graph\">{\"@context\":\"https:\/\/schema.org\",\"@graph\":[{\"@type\":\"WebPage\",\"@id\":\"https:\/\/www.excalibur-generator.com\/es\/bomba-de-hierro-fundido-de-alta-presion.html\",\"url\":\"https:\/\/www.excalibur-generator.com\/es\/bomba-de-hierro-fundido-de-alta-presion.html\",\"name\":\"Bomba de hierro fundido de alta presi\u00f3n &#8211; Excalibur Generator\",\"isPartOf\":{\"@id\":\"https:\/\/www.excalibur-generator.com\/es\/#website\"},\"primaryImageOfPage\":{\"@id\":\"https:\/\/www.excalibur-generator.com\/es\/bomba-de-hierro-fundido-de-alta-presion.html#primaryimage\"},\"image\":{\"@id\":\"https:\/\/www.excalibur-generator.com\/es\/bomba-de-hierro-fundido-de-alta-presion.html#primaryimage\"},\"thumbnailUrl\":\"https:\/\/www.excalibur-generator.com\/wp-content\/uploads\/2024\/05\/High-Pressure-Cast-Iron-Pump.jpg\",\"datePublished\":\"2024-05-23T08:38:41+00:00\",\"dateModified\":\"2024-09-18T09:35:13+00:00\",\"description\":\"La bomba de hierro fundido de alta presi\u00f3n ofrece un rendimiento robusto y soporta tareas exigentes con durabilidad. Su construcci\u00f3n robusta garantiza una eficiencia duradera en diversas aplicaciones industriales y comerciales.\",\"breadcrumb\":{\"@id\":\"https:\/\/www.excalibur-generator.com\/es\/bomba-de-hierro-fundido-de-alta-presion.html#breadcrumb\"},\"inLanguage\":\"es\",\"potentialAction\":[{\"@type\":\"ReadAction\",\"target\":[\"https:\/\/www.excalibur-generator.com\/es\/bomba-de-hierro-fundido-de-alta-presion.html\"]}]},{\"@type\":\"ImageObject\",\"inLanguage\":\"es\",\"@id\":\"https:\/\/www.excalibur-generator.com\/es\/bomba-de-hierro-fundido-de-alta-presion.html#primaryimage\",\"url\":\"https:\/\/www.excalibur-generator.com\/wp-content\/uploads\/2024\/05\/High-Pressure-Cast-Iron-Pump.jpg\",\"contentUrl\":\"https:\/\/www.excalibur-generator.com\/wp-content\/uploads\/2024\/05\/High-Pressure-Cast-Iron-Pump.jpg\",\"width\":800,\"height\":800,\"caption\":\"Bomba de hierro fundido de alta presi\u00f3n\"},{\"@type\":\"BreadcrumbList\",\"@id\":\"https:\/\/www.excalibur-generator.com\/es\/bomba-de-hierro-fundido-de-alta-presion.html#breadcrumb\",\"itemListElement\":[{\"@type\":\"ListItem\",\"position\":1,\"name\":\"Home\",\"item\":\"https:\/\/www.excalibur-generator.com\/es\/inicio\/\"},{\"@type\":\"ListItem\",\"position\":2,\"name\":\"Productos\",\"item\":\"https:\/\/www.excalibur-generator.com\/es\/productos.html\"},{\"@type\":\"ListItem\",\"position\":3,\"name\":\"Bomba de hierro fundido de alta presi\u00f3n\"}]},{\"@type\":\"WebSite\",\"@id\":\"https:\/\/www.excalibur-generator.com\/es\/#website\",\"url\":\"https:\/\/www.excalibur-generator.com\/es\/\",\"name\":\"Excalibur Generator\",\"description\":\"\",\"publisher\":{\"@id\":\"https:\/\/www.excalibur-generator.com\/es\/#organization\"},\"potentialAction\":[{\"@type\":\"SearchAction\",\"target\":{\"@type\":\"EntryPoint\",\"urlTemplate\":\"https:\/\/www.excalibur-generator.com\/es\/?s={search_term_string}\"},\"query-input\":{\"@type\":\"PropertyValueSpecification\",\"valueRequired\":true,\"valueName\":\"search_term_string\"}}],\"inLanguage\":\"es\"},{\"@type\":\"Organization\",\"@id\":\"https:\/\/www.excalibur-generator.com\/es\/#organization\",\"name\":\"Excalibur Generator\",\"url\":\"https:\/\/www.excalibur-generator.com\/es\/\",\"logo\":{\"@type\":\"ImageObject\",\"inLanguage\":\"es\",\"@id\":\"https:\/\/www.excalibur-generator.com\/es\/#\/schema\/logo\/image\/\",\"url\":\"https:\/\/www.excalibur-generator.com\/wp-content\/uploads\/2024\/05\/EXCALIBUR.png\",\"contentUrl\":\"https:\/\/www.excalibur-generator.com\/wp-content\/uploads\/2024\/05\/EXCALIBUR.png\",\"width\":350,\"height\":79,\"caption\":\"Excalibur Generator\"},\"image\":{\"@id\":\"https:\/\/www.excalibur-generator.com\/es\/#\/schema\/logo\/image\/\"}}]}<\/script>\n<!-- \/ Yoast SEO plugin. -->","yoast_head_json":{"title":"Bomba de hierro fundido de alta presi\u00f3n &#8211; Excalibur Generator","description":"La bomba de hierro fundido de alta presi\u00f3n ofrece un rendimiento robusto y soporta tareas exigentes con durabilidad. Su construcci\u00f3n robusta garantiza una eficiencia duradera en diversas aplicaciones industriales y comerciales.","robots":{"index":"index","follow":"follow","max-snippet":"max-snippet:-1","max-image-preview":"max-image-preview:large","max-video-preview":"max-video-preview:-1"},"canonical":"https:\/\/www.excalibur-generator.com\/es\/bomba-de-hierro-fundido-de-alta-presion.html","twitter_misc":{"Tiempo de lectura":"1 minuto"},"schema":{"@context":"https:\/\/schema.org","@graph":[{"@type":"WebPage","@id":"https:\/\/www.excalibur-generator.com\/es\/bomba-de-hierro-fundido-de-alta-presion.html","url":"https:\/\/www.excalibur-generator.com\/es\/bomba-de-hierro-fundido-de-alta-presion.html","name":"Bomba de hierro fundido de alta presi\u00f3n &#8211; Excalibur Generator","isPartOf":{"@id":"https:\/\/www.excalibur-generator.com\/es\/#website"},"primaryImageOfPage":{"@id":"https:\/\/www.excalibur-generator.com\/es\/bomba-de-hierro-fundido-de-alta-presion.html#primaryimage"},"image":{"@id":"https:\/\/www.excalibur-generator.com\/es\/bomba-de-hierro-fundido-de-alta-presion.html#primaryimage"},"thumbnailUrl":"https:\/\/www.excalibur-generator.com\/wp-content\/uploads\/2024\/05\/High-Pressure-Cast-Iron-Pump.jpg","datePublished":"2024-05-23T08:38:41+00:00","dateModified":"2024-09-18T09:35:13+00:00","description":"La bomba de hierro fundido de alta presi\u00f3n ofrece un rendimiento robusto y soporta tareas exigentes con durabilidad. Su construcci\u00f3n robusta garantiza una eficiencia duradera en diversas aplicaciones industriales y comerciales.","breadcrumb":{"@id":"https:\/\/www.excalibur-generator.com\/es\/bomba-de-hierro-fundido-de-alta-presion.html#breadcrumb"},"inLanguage":"es","potentialAction":[{"@type":"ReadAction","target":["https:\/\/www.excalibur-generator.com\/es\/bomba-de-hierro-fundido-de-alta-presion.html"]}]},{"@type":"ImageObject","inLanguage":"es","@id":"https:\/\/www.excalibur-generator.com\/es\/bomba-de-hierro-fundido-de-alta-presion.html#primaryimage","url":"https:\/\/www.excalibur-generator.com\/wp-content\/uploads\/2024\/05\/High-Pressure-Cast-Iron-Pump.jpg","contentUrl":"https:\/\/www.excalibur-generator.com\/wp-content\/uploads\/2024\/05\/High-Pressure-Cast-Iron-Pump.jpg","width":800,"height":800,"caption":"Bomba de hierro fundido de alta presi\u00f3n"},{"@type":"BreadcrumbList","@id":"https:\/\/www.excalibur-generator.com\/es\/bomba-de-hierro-fundido-de-alta-presion.html#breadcrumb","itemListElement":[{"@type":"ListItem","position":1,"name":"Home","item":"https:\/\/www.excalibur-generator.com\/es\/inicio\/"},{"@type":"ListItem","position":2,"name":"Productos","item":"https:\/\/www.excalibur-generator.com\/es\/productos.html"},{"@type":"ListItem","position":3,"name":"Bomba de hierro fundido de alta presi\u00f3n"}]},{"@type":"WebSite","@id":"https:\/\/www.excalibur-generator.com\/es\/#website","url":"https:\/\/www.excalibur-generator.com\/es\/","name":"Excalibur Generator","description":"","publisher":{"@id":"https:\/\/www.excalibur-generator.com\/es\/#organization"},"potentialAction":[{"@type":"SearchAction","target":{"@type":"EntryPoint","urlTemplate":"https:\/\/www.excalibur-generator.com\/es\/?s={search_term_string}"},"query-input":{"@type":"PropertyValueSpecification","valueRequired":true,"valueName":"search_term_string"}}],"inLanguage":"es"},{"@type":"Organization","@id":"https:\/\/www.excalibur-generator.com\/es\/#organization","name":"Excalibur Generator","url":"https:\/\/www.excalibur-generator.com\/es\/","logo":{"@type":"ImageObject","inLanguage":"es","@id":"https:\/\/www.excalibur-generator.com\/es\/#\/schema\/logo\/image\/","url":"https:\/\/www.excalibur-generator.com\/wp-content\/uploads\/2024\/05\/EXCALIBUR.png","contentUrl":"https:\/\/www.excalibur-generator.com\/wp-content\/uploads\/2024\/05\/EXCALIBUR.png","width":350,"height":79,"caption":"Excalibur Generator"},"image":{"@id":"https:\/\/www.excalibur-generator.com\/es\/#\/schema\/logo\/image\/"}}]}},"_links":{"self":[{"href":"https:\/\/www.excalibur-generator.com\/es\/wp-json\/wp\/v2\/product\/3919","targetHints":{"allow":["GET"]}}],"collection":[{"href":"https:\/\/www.excalibur-generator.com\/es\/wp-json\/wp\/v2\/product"}],"about":[{"href":"https:\/\/www.excalibur-generator.com\/es\/wp-json\/wp\/v2\/types\/product"}],"replies":[{"embeddable":true,"href":"https:\/\/www.excalibur-generator.com\/es\/wp-json\/wp\/v2\/comments?post=3919"}],"wp:featuredmedia":[{"embeddable":true,"href":"https:\/\/www.excalibur-generator.com\/es\/wp-json\/wp\/v2\/media\/3372"}],"wp:attachment":[{"href":"https:\/\/www.excalibur-generator.com\/es\/wp-json\/wp\/v2\/media?parent=3919"}],"wp:term":[{"taxonomy":"product_brand","embeddable":true,"href":"https:\/\/www.excalibur-generator.com\/es\/wp-json\/wp\/v2\/product_brand?post=3919"},{"taxonomy":"product_cat","embeddable":true,"href":"https:\/\/www.excalibur-generator.com\/es\/wp-json\/wp\/v2\/product_cat?post=3919"},{"taxonomy":"product_tag","embeddable":true,"href":"https:\/\/www.excalibur-generator.com\/es\/wp-json\/wp\/v2\/product_tag?post=3919"}],"curies":[{"name":"wp","href":"https:\/\/api.w.org\/{rel}","templated":true}]}}