{"id":6901,"date":"2025-06-25T17:02:30","date_gmt":"2025-06-25T09:02:30","guid":{"rendered":"https:\/\/www.excalibur-generator.com\/rodillo-compactador-hidraulico-shr-800-shr-800c\/"},"modified":"2025-06-25T17:02:30","modified_gmt":"2025-06-25T09:02:30","slug":"rodillo-compactador-hidraulico-shr-800-shr-800c","status":"publish","type":"product","link":"https:\/\/www.excalibur-generator.com\/es\/rodillo-compactador-hidraulico-shr-800-shr-800c\/","title":{"rendered":"Rodillo compactador hidr\u00e1ulico SHR-800\/SHR-800C"},"content":{"rendered":"<table>\n<tbody>\n<tr>\n<td>Modelo<\/td>\n<td>SHR-800<\/td>\n<td>SHR-800C<\/td>\n<\/tr>\n<tr>\n<td>Velocidad de caminata<\/td>\n<td colspan=\"2\">0-4km\/h<\/td>\n<\/tr>\n<tr>\n<td>Capacidad de grado<\/td>\n<td colspan=\"2\">30%<\/td>\n<\/tr>\n<tr>\n<td>Tipo de transmisi\u00f3n<\/td>\n<td colspan=\"2\">Transmisi\u00f3n hidr\u00e1ulica<\/td>\n<\/tr>\n<tr>\n<td>Tipo de vibraci\u00f3n<\/td>\n<td colspan=\"2\">Embrague electromagn\u00e9tico<\/td>\n<\/tr>\n<tr>\n<td>Carga lineal est\u00e1tica<\/td>\n<td colspan=\"2\">75N\/cm<\/td>\n<\/tr>\n<tr>\n<td>Amplitud nominal<\/td>\n<td colspan=\"2\">0.5mm<\/td>\n<\/tr>\n<tr>\n<td>Frecuencia de vibraci\u00f3n<\/td>\n<td colspan=\"2\">70Hz<\/td>\n<\/tr>\n<tr>\n<td>Fuerza Excitante<\/td>\n<td colspan=\"2\">20 kN<\/td>\n<\/tr>\n<tr>\n<td>Tanque de agua<\/td>\n<td colspan=\"2\">26L<\/td>\n<\/tr>\n<tr>\n<td>Tanque de aceite hidr\u00e1ulico<\/td>\n<td colspan=\"2\">20L<\/td>\n<\/tr>\n<tr>\n<td>Modelo de motor<\/td>\n<td>Honda GX390<\/td>\n<td>S186FA<\/td>\n<\/tr>\n<tr>\n<td>Fuerza<\/td>\n<td>13.0HP<\/td>\n<td>10.0HP<\/td>\n<\/tr>\n<tr>\n<td>Tama\u00f1o de la rueda de acero<\/td>\n<td colspan=\"2\">\u00d8350X636mmX2<\/td>\n<\/tr>\n<tr>\n<td>Tama\u00f1o del paquete<\/td>\n<td colspan=\"2\"> 1510X870X1920mm<\/td>\n<\/tr>\n<tr>\n<td>Peso de trabajo<\/td>\n<td>780kg<\/td>\n<td>800kg<\/td>\n<\/tr>\n<tr>\n<td>Modo de inicio<\/td>\n<td colspan=\"2\">Mano y el\u00e9ctrico<\/td>\n<\/tr>\n<\/tbody>\n<\/table>\n","protected":false},"excerpt":{"rendered":"<ul>\n<li>El accionamiento hidr\u00e1ulico garantiza un funcionamiento suave en distintos tipos de superficies.<\/li>\n<li>La fuerte fuerza de vibraci\u00f3n y la capacidad de pendiente del 30 % mejoran el rendimiento.<\/li>\n<li>Los tambores de acero dobles y el dise\u00f1o compacto mejoran la compactaci\u00f3n del suelo.<\/li>\n<\/ul>\n","protected":false},"featured_media":6776,"comment_status":"open","ping_status":"closed","template":"","meta":{"site-sidebar-layout":"default","site-content-layout":"","ast-site-content-layout":"default","site-content-style":"default","site-sidebar-style":"default","ast-global-header-display":"","ast-banner-title-visibility":"","ast-main-header-display":"","ast-hfb-above-header-display":"","ast-hfb-below-header-display":"","ast-hfb-mobile-header-display":"","site-post-title":"","ast-breadcrumbs-content":"","ast-featured-img":"","footer-sml-layout":"","theme-transparent-header-meta":"default","adv-header-id-meta":"","stick-header-meta":"","header-above-stick-meta":"","header-main-stick-meta":"","header-below-stick-meta":"","astra-migrate-meta-layouts":"default","ast-page-background-enabled":"default","ast-page-background-meta":{"desktop":{"background-color":"var(--ast-global-color-4)","background-image":"","background-repeat":"repeat","background-position":"center center","background-size":"auto","background-attachment":"scroll","background-type":"","background-media":"","overlay-type":"","overlay-color":"","overlay-opacity":"","overlay-gradient":""},"tablet":{"background-color":"","background-image":"","background-repeat":"repeat","background-position":"center center","background-size":"auto","background-attachment":"scroll","background-type":"","background-media":"","overlay-type":"","overlay-color":"","overlay-opacity":"","overlay-gradient":""},"mobile":{"background-color":"","background-image":"","background-repeat":"repeat","background-position":"center center","background-size":"auto","background-attachment":"scroll","background-type":"","background-media":"","overlay-type":"","overlay-color":"","overlay-opacity":"","overlay-gradient":""}},"ast-content-background-meta":{"desktop":{"background-color":"var(--ast-global-color-5)","background-image":"","background-repeat":"repeat","background-position":"center center","background-size":"auto","background-attachment":"scroll","background-type":"","background-media":"","overlay-type":"","overlay-color":"","overlay-opacity":"","overlay-gradient":""},"tablet":{"background-color":"var(--ast-global-color-5)","background-image":"","background-repeat":"repeat","background-position":"center center","background-size":"auto","background-attachment":"scroll","background-type":"","background-media":"","overlay-type":"","overlay-color":"","overlay-opacity":"","overlay-gradient":""},"mobile":{"background-color":"var(--ast-global-color-5)","background-image":"","background-repeat":"repeat","background-position":"center center","background-size":"auto","background-attachment":"scroll","background-type":"","background-media":"","overlay-type":"","overlay-color":"","overlay-opacity":"","overlay-gradient":""}}},"product_brand":[],"product_cat":[43],"product_tag":[],"class_list":{"0":"post-6901","1":"product","2":"type-product","3":"status-publish","4":"has-post-thumbnail","6":"product_cat-sin-categorizar","7":"desktop-align-left","8":"tablet-align-left","9":"mobile-align-left","11":"first","12":"instock","13":"shipping-taxable","14":"product-type-simple"},"yoast_head":"<!-- This site is optimized with the Yoast SEO plugin v26.5 - https:\/\/yoast.com\/wordpress\/plugins\/seo\/ -->\n<title>Rodillo compactador hidr\u00e1ulico SHR-800\/SHR-800C &#8211; Excalibur Generator<\/title>\n<meta name=\"description\" content=\"El SHR-800\/SHR-800C cuenta con accionamiento hidr\u00e1ulico, una potente fuerza de vibraci\u00f3n de 20 kN, tambores de acero dobles y una compactaci\u00f3n eficiente hasta un 30 % de pendiente.\" \/>\n<meta name=\"robots\" content=\"index, follow, max-snippet:-1, max-image-preview:large, max-video-preview:-1\" \/>\n<link rel=\"canonical\" href=\"https:\/\/www.excalibur-generator.com\/es\/rodillo-compactador-hidraulico-shr-800-shr-800c\/\" \/>\n<script type=\"application\/ld+json\" class=\"yoast-schema-graph\">{\"@context\":\"https:\/\/schema.org\",\"@graph\":[{\"@type\":\"WebPage\",\"@id\":\"https:\/\/www.excalibur-generator.com\/es\/rodillo-compactador-hidraulico-shr-800-shr-800c\/\",\"url\":\"https:\/\/www.excalibur-generator.com\/es\/rodillo-compactador-hidraulico-shr-800-shr-800c\/\",\"name\":\"Rodillo compactador hidr\u00e1ulico SHR-800\/SHR-800C &#8211; Excalibur Generator\",\"isPartOf\":{\"@id\":\"https:\/\/www.excalibur-generator.com\/es\/#website\"},\"primaryImageOfPage\":{\"@id\":\"https:\/\/www.excalibur-generator.com\/es\/rodillo-compactador-hidraulico-shr-800-shr-800c\/#primaryimage\"},\"image\":{\"@id\":\"https:\/\/www.excalibur-generator.com\/es\/rodillo-compactador-hidraulico-shr-800-shr-800c\/#primaryimage\"},\"thumbnailUrl\":\"https:\/\/www.excalibur-generator.com\/wp-content\/uploads\/2025\/06\/SHR-800SHR-800C-Hydraulic-Road-Roller-1.jpg\",\"datePublished\":\"2025-06-25T09:02:30+00:00\",\"description\":\"El SHR-800\/SHR-800C cuenta con accionamiento hidr\u00e1ulico, una potente fuerza de vibraci\u00f3n de 20 kN, tambores de acero dobles y una compactaci\u00f3n eficiente hasta un 30 % de pendiente.\",\"breadcrumb\":{\"@id\":\"https:\/\/www.excalibur-generator.com\/es\/rodillo-compactador-hidraulico-shr-800-shr-800c\/#breadcrumb\"},\"inLanguage\":\"es\",\"potentialAction\":[{\"@type\":\"ReadAction\",\"target\":[\"https:\/\/www.excalibur-generator.com\/es\/rodillo-compactador-hidraulico-shr-800-shr-800c\/\"]}]},{\"@type\":\"ImageObject\",\"inLanguage\":\"es\",\"@id\":\"https:\/\/www.excalibur-generator.com\/es\/rodillo-compactador-hidraulico-shr-800-shr-800c\/#primaryimage\",\"url\":\"https:\/\/www.excalibur-generator.com\/wp-content\/uploads\/2025\/06\/SHR-800SHR-800C-Hydraulic-Road-Roller-1.jpg\",\"contentUrl\":\"https:\/\/www.excalibur-generator.com\/wp-content\/uploads\/2025\/06\/SHR-800SHR-800C-Hydraulic-Road-Roller-1.jpg\",\"width\":800,\"height\":800,\"caption\":\"Rodillo compactador hidr\u00e1ulico SHR-800SHR-800C\"},{\"@type\":\"BreadcrumbList\",\"@id\":\"https:\/\/www.excalibur-generator.com\/es\/rodillo-compactador-hidraulico-shr-800-shr-800c\/#breadcrumb\",\"itemListElement\":[{\"@type\":\"ListItem\",\"position\":1,\"name\":\"Home\",\"item\":\"https:\/\/www.excalibur-generator.com\/es\/inicio\/\"},{\"@type\":\"ListItem\",\"position\":2,\"name\":\"Productos\",\"item\":\"https:\/\/www.excalibur-generator.com\/es\/productos.html\"},{\"@type\":\"ListItem\",\"position\":3,\"name\":\"Rodillo compactador hidr\u00e1ulico SHR-800\/SHR-800C\"}]},{\"@type\":\"WebSite\",\"@id\":\"https:\/\/www.excalibur-generator.com\/es\/#website\",\"url\":\"https:\/\/www.excalibur-generator.com\/es\/\",\"name\":\"Excalibur Generator\",\"description\":\"\",\"publisher\":{\"@id\":\"https:\/\/www.excalibur-generator.com\/es\/#organization\"},\"potentialAction\":[{\"@type\":\"SearchAction\",\"target\":{\"@type\":\"EntryPoint\",\"urlTemplate\":\"https:\/\/www.excalibur-generator.com\/es\/?s={search_term_string}\"},\"query-input\":{\"@type\":\"PropertyValueSpecification\",\"valueRequired\":true,\"valueName\":\"search_term_string\"}}],\"inLanguage\":\"es\"},{\"@type\":\"Organization\",\"@id\":\"https:\/\/www.excalibur-generator.com\/es\/#organization\",\"name\":\"Excalibur Generator\",\"url\":\"https:\/\/www.excalibur-generator.com\/es\/\",\"logo\":{\"@type\":\"ImageObject\",\"inLanguage\":\"es\",\"@id\":\"https:\/\/www.excalibur-generator.com\/es\/#\/schema\/logo\/image\/\",\"url\":\"https:\/\/www.excalibur-generator.com\/wp-content\/uploads\/2024\/05\/EXCALIBUR.png\",\"contentUrl\":\"https:\/\/www.excalibur-generator.com\/wp-content\/uploads\/2024\/05\/EXCALIBUR.png\",\"width\":350,\"height\":79,\"caption\":\"Excalibur Generator\"},\"image\":{\"@id\":\"https:\/\/www.excalibur-generator.com\/es\/#\/schema\/logo\/image\/\"}}]}<\/script>\n<!-- \/ Yoast SEO plugin. -->","yoast_head_json":{"title":"Rodillo compactador hidr\u00e1ulico SHR-800\/SHR-800C &#8211; Excalibur Generator","description":"El SHR-800\/SHR-800C cuenta con accionamiento hidr\u00e1ulico, una potente fuerza de vibraci\u00f3n de 20 kN, tambores de acero dobles y una compactaci\u00f3n eficiente hasta un 30 % de pendiente.","robots":{"index":"index","follow":"follow","max-snippet":"max-snippet:-1","max-image-preview":"max-image-preview:large","max-video-preview":"max-video-preview:-1"},"canonical":"https:\/\/www.excalibur-generator.com\/es\/rodillo-compactador-hidraulico-shr-800-shr-800c\/","schema":{"@context":"https:\/\/schema.org","@graph":[{"@type":"WebPage","@id":"https:\/\/www.excalibur-generator.com\/es\/rodillo-compactador-hidraulico-shr-800-shr-800c\/","url":"https:\/\/www.excalibur-generator.com\/es\/rodillo-compactador-hidraulico-shr-800-shr-800c\/","name":"Rodillo compactador hidr\u00e1ulico SHR-800\/SHR-800C &#8211; Excalibur Generator","isPartOf":{"@id":"https:\/\/www.excalibur-generator.com\/es\/#website"},"primaryImageOfPage":{"@id":"https:\/\/www.excalibur-generator.com\/es\/rodillo-compactador-hidraulico-shr-800-shr-800c\/#primaryimage"},"image":{"@id":"https:\/\/www.excalibur-generator.com\/es\/rodillo-compactador-hidraulico-shr-800-shr-800c\/#primaryimage"},"thumbnailUrl":"https:\/\/www.excalibur-generator.com\/wp-content\/uploads\/2025\/06\/SHR-800SHR-800C-Hydraulic-Road-Roller-1.jpg","datePublished":"2025-06-25T09:02:30+00:00","description":"El SHR-800\/SHR-800C cuenta con accionamiento hidr\u00e1ulico, una potente fuerza de vibraci\u00f3n de 20 kN, tambores de acero dobles y una compactaci\u00f3n eficiente hasta un 30 % de pendiente.","breadcrumb":{"@id":"https:\/\/www.excalibur-generator.com\/es\/rodillo-compactador-hidraulico-shr-800-shr-800c\/#breadcrumb"},"inLanguage":"es","potentialAction":[{"@type":"ReadAction","target":["https:\/\/www.excalibur-generator.com\/es\/rodillo-compactador-hidraulico-shr-800-shr-800c\/"]}]},{"@type":"ImageObject","inLanguage":"es","@id":"https:\/\/www.excalibur-generator.com\/es\/rodillo-compactador-hidraulico-shr-800-shr-800c\/#primaryimage","url":"https:\/\/www.excalibur-generator.com\/wp-content\/uploads\/2025\/06\/SHR-800SHR-800C-Hydraulic-Road-Roller-1.jpg","contentUrl":"https:\/\/www.excalibur-generator.com\/wp-content\/uploads\/2025\/06\/SHR-800SHR-800C-Hydraulic-Road-Roller-1.jpg","width":800,"height":800,"caption":"Rodillo compactador hidr\u00e1ulico SHR-800SHR-800C"},{"@type":"BreadcrumbList","@id":"https:\/\/www.excalibur-generator.com\/es\/rodillo-compactador-hidraulico-shr-800-shr-800c\/#breadcrumb","itemListElement":[{"@type":"ListItem","position":1,"name":"Home","item":"https:\/\/www.excalibur-generator.com\/es\/inicio\/"},{"@type":"ListItem","position":2,"name":"Productos","item":"https:\/\/www.excalibur-generator.com\/es\/productos.html"},{"@type":"ListItem","position":3,"name":"Rodillo compactador hidr\u00e1ulico SHR-800\/SHR-800C"}]},{"@type":"WebSite","@id":"https:\/\/www.excalibur-generator.com\/es\/#website","url":"https:\/\/www.excalibur-generator.com\/es\/","name":"Excalibur Generator","description":"","publisher":{"@id":"https:\/\/www.excalibur-generator.com\/es\/#organization"},"potentialAction":[{"@type":"SearchAction","target":{"@type":"EntryPoint","urlTemplate":"https:\/\/www.excalibur-generator.com\/es\/?s={search_term_string}"},"query-input":{"@type":"PropertyValueSpecification","valueRequired":true,"valueName":"search_term_string"}}],"inLanguage":"es"},{"@type":"Organization","@id":"https:\/\/www.excalibur-generator.com\/es\/#organization","name":"Excalibur Generator","url":"https:\/\/www.excalibur-generator.com\/es\/","logo":{"@type":"ImageObject","inLanguage":"es","@id":"https:\/\/www.excalibur-generator.com\/es\/#\/schema\/logo\/image\/","url":"https:\/\/www.excalibur-generator.com\/wp-content\/uploads\/2024\/05\/EXCALIBUR.png","contentUrl":"https:\/\/www.excalibur-generator.com\/wp-content\/uploads\/2024\/05\/EXCALIBUR.png","width":350,"height":79,"caption":"Excalibur Generator"},"image":{"@id":"https:\/\/www.excalibur-generator.com\/es\/#\/schema\/logo\/image\/"}}]}},"_links":{"self":[{"href":"https:\/\/www.excalibur-generator.com\/es\/wp-json\/wp\/v2\/product\/6901","targetHints":{"allow":["GET"]}}],"collection":[{"href":"https:\/\/www.excalibur-generator.com\/es\/wp-json\/wp\/v2\/product"}],"about":[{"href":"https:\/\/www.excalibur-generator.com\/es\/wp-json\/wp\/v2\/types\/product"}],"replies":[{"embeddable":true,"href":"https:\/\/www.excalibur-generator.com\/es\/wp-json\/wp\/v2\/comments?post=6901"}],"wp:featuredmedia":[{"embeddable":true,"href":"https:\/\/www.excalibur-generator.com\/es\/wp-json\/wp\/v2\/media\/6776"}],"wp:attachment":[{"href":"https:\/\/www.excalibur-generator.com\/es\/wp-json\/wp\/v2\/media?parent=6901"}],"wp:term":[{"taxonomy":"product_brand","embeddable":true,"href":"https:\/\/www.excalibur-generator.com\/es\/wp-json\/wp\/v2\/product_brand?post=6901"},{"taxonomy":"product_cat","embeddable":true,"href":"https:\/\/www.excalibur-generator.com\/es\/wp-json\/wp\/v2\/product_cat?post=6901"},{"taxonomy":"product_tag","embeddable":true,"href":"https:\/\/www.excalibur-generator.com\/es\/wp-json\/wp\/v2\/product_tag?post=6901"}],"curies":[{"name":"wp","href":"https:\/\/api.w.org\/{rel}","templated":true}]}}