{"id":6903,"date":"2025-06-25T16:24:30","date_gmt":"2025-06-25T08:24:30","guid":{"rendered":"https:\/\/www.excalibur-generator.com\/rodillo-compactador-de-mano-dvr600h-600d\/"},"modified":"2025-07-04T13:48:18","modified_gmt":"2025-07-04T05:48:18","slug":"rodillo-compactador-de-mano-dvr600h-600d","status":"publish","type":"product","link":"https:\/\/www.excalibur-generator.com\/es\/rodillo-compactador-de-mano-dvr600h-600d\/","title":{"rendered":"Rodillo compactador de mano DVR600H\/600D"},"content":{"rendered":"<table>\n<tbody>\n<tr>\n<td>Modelo<\/td>\n<td>DVR600H<\/td>\n<td>DVR600D<\/td>\n<\/tr>\n<tr>\n<td>Marca del motor<\/td>\n<td>HONDA GX270<\/td>\n<td>S178<\/td>\n<\/tr>\n<tr>\n<td>Modelo de motor<\/td>\n<td>Gasolina y monocil\u00edndrico y vertical y cuatro tiempos y di\u00e9sel y v\u00e1lvulas en cabeza individuales<\/td>\n<td>Di\u00e9sel monocil\u00edndrico vertical de cuatro tiempos con inyecci\u00f3n directa<\/td>\n<\/tr>\n<tr>\n<td>Fuerza<\/td>\n<td>6.7kw<\/td>\n<td>4.4kw<\/td>\n<\/tr>\n<tr>\n<td>Velocidad de rotaci\u00f3n<\/td>\n<td>3600rpm<\/td>\n<td>3600rpm<\/td>\n<\/tr>\n<tr>\n<td>Capacidad de combustible<\/td>\n<td>5.9L<\/td>\n<td>3.5L<\/td>\n<\/tr>\n<tr>\n<td>Aceite lubricante<\/td>\n<td>1.1L<\/td>\n<td>1.1L<\/td>\n<\/tr>\n<tr>\n<td>Puesta en marcha<\/td>\n<td colspan=\"2\">Arranque manual\/el\u00e9ctrico<\/td>\n<\/tr>\n<tr>\n<td>Carga est\u00e1tica<\/td>\n<td colspan=\"2\">45n\/cm<\/td>\n<\/tr>\n<tr>\n<td>Frecuencia de vibraci\u00f3n<\/td>\n<td colspan=\"2\">70hz<\/td>\n<\/tr>\n<tr>\n<td>Amplitud nominal<\/td>\n<td colspan=\"2\">0.6mm<\/td>\n<\/tr>\n<tr>\n<td>Fuerza emocionante<\/td>\n<td colspan=\"2\">20kn<\/td>\n<\/tr>\n<tr>\n<td>Camino peatonal<\/td>\n<td colspan=\"2\">Transmisi\u00f3n hidr\u00e1ulica bidireccional por cadena<\/td>\n<\/tr>\n<tr>\n<td>Velocidad al caminar<\/td>\n<td colspan=\"2\">0~3.8km\/h<\/td>\n<\/tr>\n<tr>\n<td>Velocidad al caminar<\/td>\n<td colspan=\"2\">30%<\/td>\n<\/tr>\n<tr>\n<td>Capacidad del tanque hidr\u00e1ulico<\/td>\n<td colspan=\"2\">18L<\/td>\n<\/tr>\n<tr>\n<td>Capacidad del tanque de agua<\/td>\n<td>20L<\/td>\n<td>20L<\/td>\n<\/tr>\n<tr>\n<td>Sistema de riego<\/td>\n<td>Riego por gravedad<\/td>\n<td>Riego por gravedad<\/td>\n<\/tr>\n<tr>\n<td>Tama\u00f1o de la rueda<\/td>\n<td colspan=\"2\">\u03c6426*600mm*2<\/td>\n<\/tr>\n<tr>\n<td>Ancho completo<\/td>\n<td colspan=\"2\">780mm<\/td>\n<\/tr>\n<tr>\n<td>Longitud de la m\u00e1quina (bastidor protector de descarga)<\/td>\n<td colspan=\"2\">2480mm<\/td>\n<\/tr>\n<tr>\n<td>Altura de la m\u00e1quina (soporte protector vertical)<\/td>\n<td colspan=\"2\">1820mm<\/td>\n<\/tr>\n<tr>\n<td>Tama\u00f1o del paquete<\/td>\n<td colspan=\"2\">1600*850*1900mm<\/td>\n<\/tr>\n<tr>\n<td>Peso<\/td>\n<td>540kg<\/td>\n<td>540kg<\/td>\n<\/tr>\n<\/tbody>\n<\/table>\n","protected":false},"excerpt":{"rendered":"<ul>\n<li>Motor de gasolina o di\u00e9sel, arranque el\u00e9ctrico, fuerza de excitaci\u00f3n de 20kN.<\/li>\n<li>Dise\u00f1o de doble tambor, vibraci\u00f3n de 70 Hz, amplitud de 0,6 mm, ascenso del 30 %.<\/li>\n<li>Transmisi\u00f3n hidr\u00e1ulica por cadena, ancho 780 mm, riego por gravedad, peso 540 kg.<\/li>\n<\/ul>\n","protected":false},"featured_media":6761,"comment_status":"open","ping_status":"closed","template":"","meta":{"site-sidebar-layout":"default","site-content-layout":"","ast-site-content-layout":"default","site-content-style":"default","site-sidebar-style":"default","ast-global-header-display":"","ast-banner-title-visibility":"","ast-main-header-display":"","ast-hfb-above-header-display":"","ast-hfb-below-header-display":"","ast-hfb-mobile-header-display":"","site-post-title":"","ast-breadcrumbs-content":"","ast-featured-img":"","footer-sml-layout":"","theme-transparent-header-meta":"default","adv-header-id-meta":"","stick-header-meta":"","header-above-stick-meta":"","header-main-stick-meta":"","header-below-stick-meta":"","astra-migrate-meta-layouts":"default","ast-page-background-enabled":"default","ast-page-background-meta":{"desktop":{"background-color":"var(--ast-global-color-4)","background-image":"","background-repeat":"repeat","background-position":"center center","background-size":"auto","background-attachment":"scroll","background-type":"","background-media":"","overlay-type":"","overlay-color":"","overlay-opacity":"","overlay-gradient":""},"tablet":{"background-color":"","background-image":"","background-repeat":"repeat","background-position":"center center","background-size":"auto","background-attachment":"scroll","background-type":"","background-media":"","overlay-type":"","overlay-color":"","overlay-opacity":"","overlay-gradient":""},"mobile":{"background-color":"","background-image":"","background-repeat":"repeat","background-position":"center center","background-size":"auto","background-attachment":"scroll","background-type":"","background-media":"","overlay-type":"","overlay-color":"","overlay-opacity":"","overlay-gradient":""}},"ast-content-background-meta":{"desktop":{"background-color":"var(--ast-global-color-5)","background-image":"","background-repeat":"repeat","background-position":"center center","background-size":"auto","background-attachment":"scroll","background-type":"","background-media":"","overlay-type":"","overlay-color":"","overlay-opacity":"","overlay-gradient":""},"tablet":{"background-color":"var(--ast-global-color-5)","background-image":"","background-repeat":"repeat","background-position":"center center","background-size":"auto","background-attachment":"scroll","background-type":"","background-media":"","overlay-type":"","overlay-color":"","overlay-opacity":"","overlay-gradient":""},"mobile":{"background-color":"var(--ast-global-color-5)","background-image":"","background-repeat":"repeat","background-position":"center center","background-size":"auto","background-attachment":"scroll","background-type":"","background-media":"","overlay-type":"","overlay-color":"","overlay-opacity":"","overlay-gradient":""}}},"product_brand":[],"product_cat":[43],"product_tag":[],"class_list":{"0":"post-6903","1":"product","2":"type-product","3":"status-publish","4":"has-post-thumbnail","6":"product_cat-sin-categorizar","7":"desktop-align-left","8":"tablet-align-left","9":"mobile-align-left","11":"first","12":"instock","13":"shipping-taxable","14":"product-type-simple"},"yoast_head":"<!-- This site is optimized with the Yoast SEO plugin v26.5 - https:\/\/yoast.com\/wordpress\/plugins\/seo\/ -->\n<title>Rodillo tandem compactador de mano DVR600H\/600D &#8211; Excalibur Generator<\/title>\n<meta name=\"description\" content=\"Los rodillos compactadores de carretera con operador a pie DVR600H\/600D cuentan con tambores dobles, fuerza centr\u00edfuga de 20 kN, capacidad de pendiente del 30 % y potencia eficiente de motor Honda o di\u00e9sel.\" \/>\n<meta name=\"robots\" content=\"index, follow, max-snippet:-1, max-image-preview:large, max-video-preview:-1\" \/>\n<link rel=\"canonical\" href=\"https:\/\/www.excalibur-generator.com\/es\/rodillo-compactador-de-mano-dvr600h-600d\/\" \/>\n<meta name=\"twitter:label1\" content=\"Tiempo de lectura\" \/>\n\t<meta name=\"twitter:data1\" content=\"1 minuto\" \/>\n<script type=\"application\/ld+json\" class=\"yoast-schema-graph\">{\"@context\":\"https:\/\/schema.org\",\"@graph\":[{\"@type\":\"WebPage\",\"@id\":\"https:\/\/www.excalibur-generator.com\/es\/rodillo-compactador-de-mano-dvr600h-600d\/\",\"url\":\"https:\/\/www.excalibur-generator.com\/es\/rodillo-compactador-de-mano-dvr600h-600d\/\",\"name\":\"Rodillo tandem compactador de mano DVR600H\/600D &#8211; Excalibur Generator\",\"isPartOf\":{\"@id\":\"https:\/\/www.excalibur-generator.com\/es\/#website\"},\"primaryImageOfPage\":{\"@id\":\"https:\/\/www.excalibur-generator.com\/es\/rodillo-compactador-de-mano-dvr600h-600d\/#primaryimage\"},\"image\":{\"@id\":\"https:\/\/www.excalibur-generator.com\/es\/rodillo-compactador-de-mano-dvr600h-600d\/#primaryimage\"},\"thumbnailUrl\":\"https:\/\/www.excalibur-generator.com\/wp-content\/uploads\/2025\/06\/DVR60H-600D-walk-behind-road-roller.jpg\",\"datePublished\":\"2025-06-25T08:24:30+00:00\",\"dateModified\":\"2025-07-04T05:48:18+00:00\",\"description\":\"Los rodillos compactadores de carretera con operador a pie DVR600H\/600D cuentan con tambores dobles, fuerza centr\u00edfuga de 20 kN, capacidad de pendiente del 30 % y potencia eficiente de motor Honda o di\u00e9sel.\",\"breadcrumb\":{\"@id\":\"https:\/\/www.excalibur-generator.com\/es\/rodillo-compactador-de-mano-dvr600h-600d\/#breadcrumb\"},\"inLanguage\":\"es\",\"potentialAction\":[{\"@type\":\"ReadAction\",\"target\":[\"https:\/\/www.excalibur-generator.com\/es\/rodillo-compactador-de-mano-dvr600h-600d\/\"]}]},{\"@type\":\"ImageObject\",\"inLanguage\":\"es\",\"@id\":\"https:\/\/www.excalibur-generator.com\/es\/rodillo-compactador-de-mano-dvr600h-600d\/#primaryimage\",\"url\":\"https:\/\/www.excalibur-generator.com\/wp-content\/uploads\/2025\/06\/DVR60H-600D-walk-behind-road-roller.jpg\",\"contentUrl\":\"https:\/\/www.excalibur-generator.com\/wp-content\/uploads\/2025\/06\/DVR60H-600D-walk-behind-road-roller.jpg\",\"width\":800,\"height\":800,\"caption\":\"Compactador compactador manual DVR60H 600D\"},{\"@type\":\"BreadcrumbList\",\"@id\":\"https:\/\/www.excalibur-generator.com\/es\/rodillo-compactador-de-mano-dvr600h-600d\/#breadcrumb\",\"itemListElement\":[{\"@type\":\"ListItem\",\"position\":1,\"name\":\"Home\",\"item\":\"https:\/\/www.excalibur-generator.com\/es\/inicio\/\"},{\"@type\":\"ListItem\",\"position\":2,\"name\":\"Productos\",\"item\":\"https:\/\/www.excalibur-generator.com\/es\/productos.html\"},{\"@type\":\"ListItem\",\"position\":3,\"name\":\"Rodillo compactador de mano DVR600H\/600D\"}]},{\"@type\":\"WebSite\",\"@id\":\"https:\/\/www.excalibur-generator.com\/es\/#website\",\"url\":\"https:\/\/www.excalibur-generator.com\/es\/\",\"name\":\"Excalibur Generator\",\"description\":\"\",\"publisher\":{\"@id\":\"https:\/\/www.excalibur-generator.com\/es\/#organization\"},\"potentialAction\":[{\"@type\":\"SearchAction\",\"target\":{\"@type\":\"EntryPoint\",\"urlTemplate\":\"https:\/\/www.excalibur-generator.com\/es\/?s={search_term_string}\"},\"query-input\":{\"@type\":\"PropertyValueSpecification\",\"valueRequired\":true,\"valueName\":\"search_term_string\"}}],\"inLanguage\":\"es\"},{\"@type\":\"Organization\",\"@id\":\"https:\/\/www.excalibur-generator.com\/es\/#organization\",\"name\":\"Excalibur Generator\",\"url\":\"https:\/\/www.excalibur-generator.com\/es\/\",\"logo\":{\"@type\":\"ImageObject\",\"inLanguage\":\"es\",\"@id\":\"https:\/\/www.excalibur-generator.com\/es\/#\/schema\/logo\/image\/\",\"url\":\"https:\/\/www.excalibur-generator.com\/wp-content\/uploads\/2024\/05\/EXCALIBUR.png\",\"contentUrl\":\"https:\/\/www.excalibur-generator.com\/wp-content\/uploads\/2024\/05\/EXCALIBUR.png\",\"width\":350,\"height\":79,\"caption\":\"Excalibur Generator\"},\"image\":{\"@id\":\"https:\/\/www.excalibur-generator.com\/es\/#\/schema\/logo\/image\/\"}}]}<\/script>\n<!-- \/ Yoast SEO plugin. -->","yoast_head_json":{"title":"Rodillo tandem compactador de mano DVR600H\/600D &#8211; Excalibur Generator","description":"Los rodillos compactadores de carretera con operador a pie DVR600H\/600D cuentan con tambores dobles, fuerza centr\u00edfuga de 20 kN, capacidad de pendiente del 30 % y potencia eficiente de motor Honda o di\u00e9sel.","robots":{"index":"index","follow":"follow","max-snippet":"max-snippet:-1","max-image-preview":"max-image-preview:large","max-video-preview":"max-video-preview:-1"},"canonical":"https:\/\/www.excalibur-generator.com\/es\/rodillo-compactador-de-mano-dvr600h-600d\/","twitter_misc":{"Tiempo de lectura":"1 minuto"},"schema":{"@context":"https:\/\/schema.org","@graph":[{"@type":"WebPage","@id":"https:\/\/www.excalibur-generator.com\/es\/rodillo-compactador-de-mano-dvr600h-600d\/","url":"https:\/\/www.excalibur-generator.com\/es\/rodillo-compactador-de-mano-dvr600h-600d\/","name":"Rodillo tandem compactador de mano DVR600H\/600D &#8211; Excalibur Generator","isPartOf":{"@id":"https:\/\/www.excalibur-generator.com\/es\/#website"},"primaryImageOfPage":{"@id":"https:\/\/www.excalibur-generator.com\/es\/rodillo-compactador-de-mano-dvr600h-600d\/#primaryimage"},"image":{"@id":"https:\/\/www.excalibur-generator.com\/es\/rodillo-compactador-de-mano-dvr600h-600d\/#primaryimage"},"thumbnailUrl":"https:\/\/www.excalibur-generator.com\/wp-content\/uploads\/2025\/06\/DVR60H-600D-walk-behind-road-roller.jpg","datePublished":"2025-06-25T08:24:30+00:00","dateModified":"2025-07-04T05:48:18+00:00","description":"Los rodillos compactadores de carretera con operador a pie DVR600H\/600D cuentan con tambores dobles, fuerza centr\u00edfuga de 20 kN, capacidad de pendiente del 30 % y potencia eficiente de motor Honda o di\u00e9sel.","breadcrumb":{"@id":"https:\/\/www.excalibur-generator.com\/es\/rodillo-compactador-de-mano-dvr600h-600d\/#breadcrumb"},"inLanguage":"es","potentialAction":[{"@type":"ReadAction","target":["https:\/\/www.excalibur-generator.com\/es\/rodillo-compactador-de-mano-dvr600h-600d\/"]}]},{"@type":"ImageObject","inLanguage":"es","@id":"https:\/\/www.excalibur-generator.com\/es\/rodillo-compactador-de-mano-dvr600h-600d\/#primaryimage","url":"https:\/\/www.excalibur-generator.com\/wp-content\/uploads\/2025\/06\/DVR60H-600D-walk-behind-road-roller.jpg","contentUrl":"https:\/\/www.excalibur-generator.com\/wp-content\/uploads\/2025\/06\/DVR60H-600D-walk-behind-road-roller.jpg","width":800,"height":800,"caption":"Compactador compactador manual DVR60H 600D"},{"@type":"BreadcrumbList","@id":"https:\/\/www.excalibur-generator.com\/es\/rodillo-compactador-de-mano-dvr600h-600d\/#breadcrumb","itemListElement":[{"@type":"ListItem","position":1,"name":"Home","item":"https:\/\/www.excalibur-generator.com\/es\/inicio\/"},{"@type":"ListItem","position":2,"name":"Productos","item":"https:\/\/www.excalibur-generator.com\/es\/productos.html"},{"@type":"ListItem","position":3,"name":"Rodillo compactador de mano DVR600H\/600D"}]},{"@type":"WebSite","@id":"https:\/\/www.excalibur-generator.com\/es\/#website","url":"https:\/\/www.excalibur-generator.com\/es\/","name":"Excalibur Generator","description":"","publisher":{"@id":"https:\/\/www.excalibur-generator.com\/es\/#organization"},"potentialAction":[{"@type":"SearchAction","target":{"@type":"EntryPoint","urlTemplate":"https:\/\/www.excalibur-generator.com\/es\/?s={search_term_string}"},"query-input":{"@type":"PropertyValueSpecification","valueRequired":true,"valueName":"search_term_string"}}],"inLanguage":"es"},{"@type":"Organization","@id":"https:\/\/www.excalibur-generator.com\/es\/#organization","name":"Excalibur Generator","url":"https:\/\/www.excalibur-generator.com\/es\/","logo":{"@type":"ImageObject","inLanguage":"es","@id":"https:\/\/www.excalibur-generator.com\/es\/#\/schema\/logo\/image\/","url":"https:\/\/www.excalibur-generator.com\/wp-content\/uploads\/2024\/05\/EXCALIBUR.png","contentUrl":"https:\/\/www.excalibur-generator.com\/wp-content\/uploads\/2024\/05\/EXCALIBUR.png","width":350,"height":79,"caption":"Excalibur Generator"},"image":{"@id":"https:\/\/www.excalibur-generator.com\/es\/#\/schema\/logo\/image\/"}}]}},"_links":{"self":[{"href":"https:\/\/www.excalibur-generator.com\/es\/wp-json\/wp\/v2\/product\/6903","targetHints":{"allow":["GET"]}}],"collection":[{"href":"https:\/\/www.excalibur-generator.com\/es\/wp-json\/wp\/v2\/product"}],"about":[{"href":"https:\/\/www.excalibur-generator.com\/es\/wp-json\/wp\/v2\/types\/product"}],"replies":[{"embeddable":true,"href":"https:\/\/www.excalibur-generator.com\/es\/wp-json\/wp\/v2\/comments?post=6903"}],"wp:featuredmedia":[{"embeddable":true,"href":"https:\/\/www.excalibur-generator.com\/es\/wp-json\/wp\/v2\/media\/6761"}],"wp:attachment":[{"href":"https:\/\/www.excalibur-generator.com\/es\/wp-json\/wp\/v2\/media?parent=6903"}],"wp:term":[{"taxonomy":"product_brand","embeddable":true,"href":"https:\/\/www.excalibur-generator.com\/es\/wp-json\/wp\/v2\/product_brand?post=6903"},{"taxonomy":"product_cat","embeddable":true,"href":"https:\/\/www.excalibur-generator.com\/es\/wp-json\/wp\/v2\/product_cat?post=6903"},{"taxonomy":"product_tag","embeddable":true,"href":"https:\/\/www.excalibur-generator.com\/es\/wp-json\/wp\/v2\/product_tag?post=6903"}],"curies":[{"name":"wp","href":"https:\/\/api.w.org\/{rel}","templated":true}]}}