{"id":6904,"date":"2025-06-25T16:09:09","date_gmt":"2025-06-25T08:09:09","guid":{"rendered":"https:\/\/www.excalibur-generator.com\/rodillo-compactador-de-mano-svr600h-600d\/"},"modified":"2025-06-25T16:09:09","modified_gmt":"2025-06-25T08:09:09","slug":"rodillo-compactador-de-mano-svr600h-600d","status":"publish","type":"product","link":"https:\/\/www.excalibur-generator.com\/es\/rodillo-compactador-de-mano-svr600h-600d\/","title":{"rendered":"Rodillo compactador de mano SVR600H\/600D"},"content":{"rendered":"<table>\n<tbody>\n<tr>\n<td>Modelo<\/td>\n<td>SVR600H<\/td>\n<td>SVR600D<\/td>\n<\/tr>\n<tr>\n<td>Marca del motor<\/td>\n<td>HONDAGX160<\/td>\n<td>S173F<\/td>\n<\/tr>\n<tr>\n<td>Modelo de motor<\/td>\n<td>Gasolina y monocil\u00edndrico y vertical y cuatro tiempos y di\u00e9sel y monocil\u00edndrico y vertical y cuatro tiempos y v\u00e1lvulas en cabeza<\/td>\n<td>Inyecci\u00f3n directa de aire<\/td>\n<\/tr>\n<tr>\n<td>Poder<\/td>\n<td>4.1kw<\/td>\n<td>3.1kw<\/td>\n<\/tr>\n<tr>\n<td>Velocidad de rotaci\u00f3n<\/td>\n<td>360Orpm<\/td>\n<td>3600rpm<\/td>\n<\/tr>\n<tr>\n<td>Capacidad de combustible<\/td>\n<td>3.6L<\/td>\n<td>2.5L<\/td>\n<\/tr>\n<tr>\n<td>Aceite lubricante<\/td>\n<td>0.6L<\/td>\n<td>0.75L<\/td>\n<\/tr>\n<tr>\n<td>Puesta en marcha<\/td>\n<td colspan=\"2\">Arranque manual\/el\u00e9ctrico<\/td>\n<\/tr>\n<tr>\n<td>Carga est\u00e1tica<\/td>\n<td colspan=\"2\">45n\/cm<\/td>\n<\/tr>\n<tr>\n<td>Frecuencia de vibraci\u00f3n<\/td>\n<td colspan=\"2\">70hz<\/td>\n<\/tr>\n<tr>\n<td>Amplitud nominal<\/td>\n<td colspan=\"2\">0.6mm<\/td>\n<\/tr>\n<tr>\n<td>Fuerza emocionante<\/td>\n<td colspan=\"2\">15kn<\/td>\n<\/tr>\n<tr>\n<td>Camino peatonal<\/td>\n<td colspan=\"2\">Transmisi\u00f3n hidr\u00e1ulica bidireccional por cadena<\/td>\n<\/tr>\n<tr>\n<td>Velocidad al caminar<\/td>\n<td colspan=\"2\">3.8km\/h<\/td>\n<\/tr>\n<tr>\n<td>Velocidad al caminar<\/td>\n<td colspan=\"2\">30%<\/td>\n<\/tr>\n<tr>\n<td>Capacidad del tanque hidr\u00e1ulico<\/td>\n<td>15L<\/td>\n<td>10L<\/td>\n<\/tr>\n<tr>\n<td>Capacidad del tanque de agua<\/td>\n<td colspan=\"2\">22L<\/td>\n<\/tr>\n<tr>\n<td>Sistema de riego<\/td>\n<td colspan=\"2\">Riego por gravedad<\/td>\n<\/tr>\n<tr>\n<td>Tama\u00f1o de la rueda<\/td>\n<td colspan=\"2\">\u03c6426*600mm<\/td>\n<\/tr>\n<tr>\n<td>Ancho completo<\/td>\n<td colspan=\"2\">780mm<\/td>\n<\/tr>\n<tr>\n<td>Longitud de la m\u00e1quina (bastidor protector de descarga)<\/td>\n<td colspan=\"2\">1600mm<\/td>\n<\/tr>\n<tr>\n<td>Altura de la m\u00e1quina (soporte protector vertical)<\/td>\n<td colspan=\"2\">1060mm<\/td>\n<\/tr>\n<tr>\n<td>Tama\u00f1o del paquete<\/td>\n<td colspan=\"2\">1050*850*1200mm<\/td>\n<\/tr>\n<tr>\n<td>Peso<\/td>\n<td colspan=\"2\">330kg<\/td>\n<\/tr>\n<\/tbody>\n<\/table>\n","protected":false},"excerpt":{"rendered":"<ul>\n<li>Potencia de marca famosa, calidad asegurada, excelente rendimiento, f\u00e1cil de arrancar.<\/li>\n<li>Radio de operaci\u00f3n peque\u00f1o, puede trabajar dentro de un \u00e1rea muy estrecha.<\/li>\n<li>Utiliza bombas y motores hidr\u00e1ulicos dom\u00e9sticos de primera calidad; f\u00e1cil desplazamiento y operaci\u00f3n.<\/li>\n<li>El reposabrazos se ajusta de manera flexible, se adapta f\u00e1cilmente y se adapta a operadores de todas las alturas.<\/li>\n<li>Los rodamientos FYH de Jap\u00f3n y la correa Mitsuboshi garantizan un rendimiento confiable de la m\u00e1quina.<\/li>\n<li>Rociado de superficie, apariencia hermosa y resistencia a la corrosi\u00f3n por \u00f3xido.<\/li>\n<\/ul>\n","protected":false},"featured_media":6757,"comment_status":"open","ping_status":"closed","template":"","meta":{"site-sidebar-layout":"default","site-content-layout":"","ast-site-content-layout":"default","site-content-style":"default","site-sidebar-style":"default","ast-global-header-display":"","ast-banner-title-visibility":"","ast-main-header-display":"","ast-hfb-above-header-display":"","ast-hfb-below-header-display":"","ast-hfb-mobile-header-display":"","site-post-title":"","ast-breadcrumbs-content":"","ast-featured-img":"","footer-sml-layout":"","theme-transparent-header-meta":"default","adv-header-id-meta":"","stick-header-meta":"","header-above-stick-meta":"","header-main-stick-meta":"","header-below-stick-meta":"","astra-migrate-meta-layouts":"default","ast-page-background-enabled":"default","ast-page-background-meta":{"desktop":{"background-color":"var(--ast-global-color-4)","background-image":"","background-repeat":"repeat","background-position":"center center","background-size":"auto","background-attachment":"scroll","background-type":"","background-media":"","overlay-type":"","overlay-color":"","overlay-opacity":"","overlay-gradient":""},"tablet":{"background-color":"","background-image":"","background-repeat":"repeat","background-position":"center center","background-size":"auto","background-attachment":"scroll","background-type":"","background-media":"","overlay-type":"","overlay-color":"","overlay-opacity":"","overlay-gradient":""},"mobile":{"background-color":"","background-image":"","background-repeat":"repeat","background-position":"center center","background-size":"auto","background-attachment":"scroll","background-type":"","background-media":"","overlay-type":"","overlay-color":"","overlay-opacity":"","overlay-gradient":""}},"ast-content-background-meta":{"desktop":{"background-color":"var(--ast-global-color-5)","background-image":"","background-repeat":"repeat","background-position":"center center","background-size":"auto","background-attachment":"scroll","background-type":"","background-media":"","overlay-type":"","overlay-color":"","overlay-opacity":"","overlay-gradient":""},"tablet":{"background-color":"var(--ast-global-color-5)","background-image":"","background-repeat":"repeat","background-position":"center center","background-size":"auto","background-attachment":"scroll","background-type":"","background-media":"","overlay-type":"","overlay-color":"","overlay-opacity":"","overlay-gradient":""},"mobile":{"background-color":"var(--ast-global-color-5)","background-image":"","background-repeat":"repeat","background-position":"center center","background-size":"auto","background-attachment":"scroll","background-type":"","background-media":"","overlay-type":"","overlay-color":"","overlay-opacity":"","overlay-gradient":""}}},"product_brand":[],"product_cat":[43],"product_tag":[],"class_list":{"0":"post-6904","1":"product","2":"type-product","3":"status-publish","4":"has-post-thumbnail","6":"product_cat-sin-categorizar","7":"desktop-align-left","8":"tablet-align-left","9":"mobile-align-left","11":"first","12":"instock","13":"shipping-taxable","14":"product-type-simple"},"yoast_head":"<!-- This site is optimized with the Yoast SEO plugin v26.5 - https:\/\/yoast.com\/wordpress\/plugins\/seo\/ -->\n<title>Rodillo compactador de mano &#8211; Excalibur Generator<\/title>\n<meta name=\"description\" content=\"Los rodillos compactadores manuales SVR600H\/600D cuentan con una fuerza de 15 kN, vibraci\u00f3n de 70 Hz, accionamiento hidr\u00e1ulico de doble direcci\u00f3n y motores de gasolina o di\u00e9sel para un rendimiento compacto.\" \/>\n<meta name=\"robots\" content=\"index, follow, max-snippet:-1, max-image-preview:large, max-video-preview:-1\" \/>\n<link rel=\"canonical\" href=\"https:\/\/www.excalibur-generator.com\/es\/rodillo-compactador-de-mano-svr600h-600d\/\" \/>\n<meta name=\"twitter:label1\" content=\"Tiempo de lectura\" \/>\n\t<meta name=\"twitter:data1\" content=\"1 minuto\" \/>\n<script type=\"application\/ld+json\" class=\"yoast-schema-graph\">{\"@context\":\"https:\/\/schema.org\",\"@graph\":[{\"@type\":\"WebPage\",\"@id\":\"https:\/\/www.excalibur-generator.com\/es\/rodillo-compactador-de-mano-svr600h-600d\/\",\"url\":\"https:\/\/www.excalibur-generator.com\/es\/rodillo-compactador-de-mano-svr600h-600d\/\",\"name\":\"Rodillo compactador de mano &#8211; Excalibur Generator\",\"isPartOf\":{\"@id\":\"https:\/\/www.excalibur-generator.com\/es\/#website\"},\"primaryImageOfPage\":{\"@id\":\"https:\/\/www.excalibur-generator.com\/es\/rodillo-compactador-de-mano-svr600h-600d\/#primaryimage\"},\"image\":{\"@id\":\"https:\/\/www.excalibur-generator.com\/es\/rodillo-compactador-de-mano-svr600h-600d\/#primaryimage\"},\"thumbnailUrl\":\"https:\/\/www.excalibur-generator.com\/wp-content\/uploads\/2025\/06\/SVR600HSVR600D-Hand-Road-Roller.jpg\",\"datePublished\":\"2025-06-25T08:09:09+00:00\",\"description\":\"Los rodillos compactadores manuales SVR600H\/600D cuentan con una fuerza de 15 kN, vibraci\u00f3n de 70 Hz, accionamiento hidr\u00e1ulico de doble direcci\u00f3n y motores de gasolina o di\u00e9sel para un rendimiento compacto.\",\"breadcrumb\":{\"@id\":\"https:\/\/www.excalibur-generator.com\/es\/rodillo-compactador-de-mano-svr600h-600d\/#breadcrumb\"},\"inLanguage\":\"es\",\"potentialAction\":[{\"@type\":\"ReadAction\",\"target\":[\"https:\/\/www.excalibur-generator.com\/es\/rodillo-compactador-de-mano-svr600h-600d\/\"]}]},{\"@type\":\"ImageObject\",\"inLanguage\":\"es\",\"@id\":\"https:\/\/www.excalibur-generator.com\/es\/rodillo-compactador-de-mano-svr600h-600d\/#primaryimage\",\"url\":\"https:\/\/www.excalibur-generator.com\/wp-content\/uploads\/2025\/06\/SVR600HSVR600D-Hand-Road-Roller.jpg\",\"contentUrl\":\"https:\/\/www.excalibur-generator.com\/wp-content\/uploads\/2025\/06\/SVR600HSVR600D-Hand-Road-Roller.jpg\",\"width\":800,\"height\":800,\"caption\":\"Rodillo compactador manual SVR600HSVR600D\"},{\"@type\":\"BreadcrumbList\",\"@id\":\"https:\/\/www.excalibur-generator.com\/es\/rodillo-compactador-de-mano-svr600h-600d\/#breadcrumb\",\"itemListElement\":[{\"@type\":\"ListItem\",\"position\":1,\"name\":\"Home\",\"item\":\"https:\/\/www.excalibur-generator.com\/es\/inicio\/\"},{\"@type\":\"ListItem\",\"position\":2,\"name\":\"Productos\",\"item\":\"https:\/\/www.excalibur-generator.com\/es\/productos.html\"},{\"@type\":\"ListItem\",\"position\":3,\"name\":\"Rodillo compactador de mano SVR600H\/600D\"}]},{\"@type\":\"WebSite\",\"@id\":\"https:\/\/www.excalibur-generator.com\/es\/#website\",\"url\":\"https:\/\/www.excalibur-generator.com\/es\/\",\"name\":\"Excalibur Generator\",\"description\":\"\",\"publisher\":{\"@id\":\"https:\/\/www.excalibur-generator.com\/es\/#organization\"},\"potentialAction\":[{\"@type\":\"SearchAction\",\"target\":{\"@type\":\"EntryPoint\",\"urlTemplate\":\"https:\/\/www.excalibur-generator.com\/es\/?s={search_term_string}\"},\"query-input\":{\"@type\":\"PropertyValueSpecification\",\"valueRequired\":true,\"valueName\":\"search_term_string\"}}],\"inLanguage\":\"es\"},{\"@type\":\"Organization\",\"@id\":\"https:\/\/www.excalibur-generator.com\/es\/#organization\",\"name\":\"Excalibur Generator\",\"url\":\"https:\/\/www.excalibur-generator.com\/es\/\",\"logo\":{\"@type\":\"ImageObject\",\"inLanguage\":\"es\",\"@id\":\"https:\/\/www.excalibur-generator.com\/es\/#\/schema\/logo\/image\/\",\"url\":\"https:\/\/www.excalibur-generator.com\/wp-content\/uploads\/2024\/05\/EXCALIBUR.png\",\"contentUrl\":\"https:\/\/www.excalibur-generator.com\/wp-content\/uploads\/2024\/05\/EXCALIBUR.png\",\"width\":350,\"height\":79,\"caption\":\"Excalibur Generator\"},\"image\":{\"@id\":\"https:\/\/www.excalibur-generator.com\/es\/#\/schema\/logo\/image\/\"}}]}<\/script>\n<!-- \/ Yoast SEO plugin. -->","yoast_head_json":{"title":"Rodillo compactador de mano &#8211; Excalibur Generator","description":"Los rodillos compactadores manuales SVR600H\/600D cuentan con una fuerza de 15 kN, vibraci\u00f3n de 70 Hz, accionamiento hidr\u00e1ulico de doble direcci\u00f3n y motores de gasolina o di\u00e9sel para un rendimiento compacto.","robots":{"index":"index","follow":"follow","max-snippet":"max-snippet:-1","max-image-preview":"max-image-preview:large","max-video-preview":"max-video-preview:-1"},"canonical":"https:\/\/www.excalibur-generator.com\/es\/rodillo-compactador-de-mano-svr600h-600d\/","twitter_misc":{"Tiempo de lectura":"1 minuto"},"schema":{"@context":"https:\/\/schema.org","@graph":[{"@type":"WebPage","@id":"https:\/\/www.excalibur-generator.com\/es\/rodillo-compactador-de-mano-svr600h-600d\/","url":"https:\/\/www.excalibur-generator.com\/es\/rodillo-compactador-de-mano-svr600h-600d\/","name":"Rodillo compactador de mano &#8211; Excalibur Generator","isPartOf":{"@id":"https:\/\/www.excalibur-generator.com\/es\/#website"},"primaryImageOfPage":{"@id":"https:\/\/www.excalibur-generator.com\/es\/rodillo-compactador-de-mano-svr600h-600d\/#primaryimage"},"image":{"@id":"https:\/\/www.excalibur-generator.com\/es\/rodillo-compactador-de-mano-svr600h-600d\/#primaryimage"},"thumbnailUrl":"https:\/\/www.excalibur-generator.com\/wp-content\/uploads\/2025\/06\/SVR600HSVR600D-Hand-Road-Roller.jpg","datePublished":"2025-06-25T08:09:09+00:00","description":"Los rodillos compactadores manuales SVR600H\/600D cuentan con una fuerza de 15 kN, vibraci\u00f3n de 70 Hz, accionamiento hidr\u00e1ulico de doble direcci\u00f3n y motores de gasolina o di\u00e9sel para un rendimiento compacto.","breadcrumb":{"@id":"https:\/\/www.excalibur-generator.com\/es\/rodillo-compactador-de-mano-svr600h-600d\/#breadcrumb"},"inLanguage":"es","potentialAction":[{"@type":"ReadAction","target":["https:\/\/www.excalibur-generator.com\/es\/rodillo-compactador-de-mano-svr600h-600d\/"]}]},{"@type":"ImageObject","inLanguage":"es","@id":"https:\/\/www.excalibur-generator.com\/es\/rodillo-compactador-de-mano-svr600h-600d\/#primaryimage","url":"https:\/\/www.excalibur-generator.com\/wp-content\/uploads\/2025\/06\/SVR600HSVR600D-Hand-Road-Roller.jpg","contentUrl":"https:\/\/www.excalibur-generator.com\/wp-content\/uploads\/2025\/06\/SVR600HSVR600D-Hand-Road-Roller.jpg","width":800,"height":800,"caption":"Rodillo compactador manual SVR600HSVR600D"},{"@type":"BreadcrumbList","@id":"https:\/\/www.excalibur-generator.com\/es\/rodillo-compactador-de-mano-svr600h-600d\/#breadcrumb","itemListElement":[{"@type":"ListItem","position":1,"name":"Home","item":"https:\/\/www.excalibur-generator.com\/es\/inicio\/"},{"@type":"ListItem","position":2,"name":"Productos","item":"https:\/\/www.excalibur-generator.com\/es\/productos.html"},{"@type":"ListItem","position":3,"name":"Rodillo compactador de mano SVR600H\/600D"}]},{"@type":"WebSite","@id":"https:\/\/www.excalibur-generator.com\/es\/#website","url":"https:\/\/www.excalibur-generator.com\/es\/","name":"Excalibur Generator","description":"","publisher":{"@id":"https:\/\/www.excalibur-generator.com\/es\/#organization"},"potentialAction":[{"@type":"SearchAction","target":{"@type":"EntryPoint","urlTemplate":"https:\/\/www.excalibur-generator.com\/es\/?s={search_term_string}"},"query-input":{"@type":"PropertyValueSpecification","valueRequired":true,"valueName":"search_term_string"}}],"inLanguage":"es"},{"@type":"Organization","@id":"https:\/\/www.excalibur-generator.com\/es\/#organization","name":"Excalibur Generator","url":"https:\/\/www.excalibur-generator.com\/es\/","logo":{"@type":"ImageObject","inLanguage":"es","@id":"https:\/\/www.excalibur-generator.com\/es\/#\/schema\/logo\/image\/","url":"https:\/\/www.excalibur-generator.com\/wp-content\/uploads\/2024\/05\/EXCALIBUR.png","contentUrl":"https:\/\/www.excalibur-generator.com\/wp-content\/uploads\/2024\/05\/EXCALIBUR.png","width":350,"height":79,"caption":"Excalibur Generator"},"image":{"@id":"https:\/\/www.excalibur-generator.com\/es\/#\/schema\/logo\/image\/"}}]}},"_links":{"self":[{"href":"https:\/\/www.excalibur-generator.com\/es\/wp-json\/wp\/v2\/product\/6904","targetHints":{"allow":["GET"]}}],"collection":[{"href":"https:\/\/www.excalibur-generator.com\/es\/wp-json\/wp\/v2\/product"}],"about":[{"href":"https:\/\/www.excalibur-generator.com\/es\/wp-json\/wp\/v2\/types\/product"}],"replies":[{"embeddable":true,"href":"https:\/\/www.excalibur-generator.com\/es\/wp-json\/wp\/v2\/comments?post=6904"}],"wp:featuredmedia":[{"embeddable":true,"href":"https:\/\/www.excalibur-generator.com\/es\/wp-json\/wp\/v2\/media\/6757"}],"wp:attachment":[{"href":"https:\/\/www.excalibur-generator.com\/es\/wp-json\/wp\/v2\/media?parent=6904"}],"wp:term":[{"taxonomy":"product_brand","embeddable":true,"href":"https:\/\/www.excalibur-generator.com\/es\/wp-json\/wp\/v2\/product_brand?post=6904"},{"taxonomy":"product_cat","embeddable":true,"href":"https:\/\/www.excalibur-generator.com\/es\/wp-json\/wp\/v2\/product_cat?post=6904"},{"taxonomy":"product_tag","embeddable":true,"href":"https:\/\/www.excalibur-generator.com\/es\/wp-json\/wp\/v2\/product_tag?post=6904"}],"curies":[{"name":"wp","href":"https:\/\/api.w.org\/{rel}","templated":true}]}}