{"id":6912,"date":"2025-06-25T11:10:16","date_gmt":"2025-06-25T03:10:16","guid":{"rendered":"https:\/\/www.excalibur-generator.com\/vibrador-de-aguja-szna\/"},"modified":"2025-06-25T11:10:16","modified_gmt":"2025-06-25T03:10:16","slug":"vibrador-de-aguja-szna","status":"publish","type":"product","link":"https:\/\/www.excalibur-generator.com\/es\/vibrador-de-aguja-szna\/","title":{"rendered":"Vibrador de aguja SZNA"},"content":{"rendered":"<table>\n<tbody>\n<tr>\n<td>Modelo<\/td>\n<td>Voltage<\/td>\n<td>Fuerza<\/td>\n<td>Motor<\/td>\n<\/tr>\n<tr>\n<td rowspan=\"4\"><img fetchpriority=\"high\" decoding=\"async\" class=\"aligncenter wp-image-6616 size-medium\" src=\"https:\/\/www.excalibur-generator.com\/wp-content\/uploads\/2025\/06\/Hand-Held-Concrete-Vibrator-300x300.jpg\" alt=\"vibrador de aguja\" width=\"300\" height=\"300\" srcset=\"https:\/\/www.excalibur-generator.com\/wp-content\/uploads\/2025\/06\/Hand-Held-Concrete-Vibrator-300x300.jpg 300w, https:\/\/www.excalibur-generator.com\/wp-content\/uploads\/2025\/06\/Hand-Held-Concrete-Vibrator-150x150.jpg 150w, https:\/\/www.excalibur-generator.com\/wp-content\/uploads\/2025\/06\/Hand-Held-Concrete-Vibrator-768x768.jpg 768w, https:\/\/www.excalibur-generator.com\/wp-content\/uploads\/2025\/06\/Hand-Held-Concrete-Vibrator-600x600.jpg 600w, https:\/\/www.excalibur-generator.com\/wp-content\/uploads\/2025\/06\/Hand-Held-Concrete-Vibrator-100x100.jpg 100w, https:\/\/www.excalibur-generator.com\/wp-content\/uploads\/2025\/06\/Hand-Held-Concrete-Vibrator.jpg 800w\" sizes=\"(max-width: 300px) 100vw, 300px\" \/><\/td>\n<td>220V<\/td>\n<td>800W<\/td>\n<td>Altura del estator y del rotor: 35 mm<\/td>\n<\/tr>\n<tr>\n<td>220V<\/td>\n<td>900W<\/td>\n<td>Altura del estator y del rotor: 40 mm<\/td>\n<\/tr>\n<tr>\n<td>220V<\/td>\n<td>1000W<\/td>\n<td>Altura del estator y del rotor: 45 mm<\/td>\n<\/tr>\n<tr>\n<td>220V<\/td>\n<td>1200W<\/td>\n<td>Altura del estator y del rotor: 50 mm<\/td>\n<\/tr>\n<tr>\n<td rowspan=\"4\"><img decoding=\"async\" class=\"wp-image-6619 size-medium aligncenter\" src=\"https:\/\/www.excalibur-generator.com\/wp-content\/uploads\/2025\/06\/SANA-2-pencil-concrete-vibrator-300x300.jpg\" alt=\"Vibrador de hormig\u00f3n tipo l\u00e1piz SANA-2\" width=\"300\" height=\"300\" srcset=\"https:\/\/www.excalibur-generator.com\/wp-content\/uploads\/2025\/06\/SANA-2-pencil-concrete-vibrator-300x300.jpg 300w, https:\/\/www.excalibur-generator.com\/wp-content\/uploads\/2025\/06\/SANA-2-pencil-concrete-vibrator-150x150.jpg 150w, https:\/\/www.excalibur-generator.com\/wp-content\/uploads\/2025\/06\/SANA-2-pencil-concrete-vibrator-768x768.jpg 768w, https:\/\/www.excalibur-generator.com\/wp-content\/uploads\/2025\/06\/SANA-2-pencil-concrete-vibrator-600x600.jpg 600w, https:\/\/www.excalibur-generator.com\/wp-content\/uploads\/2025\/06\/SANA-2-pencil-concrete-vibrator-100x100.jpg 100w, https:\/\/www.excalibur-generator.com\/wp-content\/uploads\/2025\/06\/SANA-2-pencil-concrete-vibrator.jpg 800w\" sizes=\"(max-width: 300px) 100vw, 300px\" \/><\/td>\n<td>220V<\/td>\n<td>800W<\/td>\n<td>Altura del estator y del rotor: 35 mm<\/td>\n<\/tr>\n<tr>\n<td>220V<\/td>\n<td>900W<\/td>\n<td>Altura del estator y del rotor: 40 mm<\/td>\n<\/tr>\n<tr>\n<td>220V<\/td>\n<td>1000W<\/td>\n<td>Altura del estator y del rotor: 45 mm<\/td>\n<\/tr>\n<tr>\n<td>220V<\/td>\n<td>1200W<\/td>\n<td>Altura del estator y del rotor: 50 mm<\/td>\n<\/tr>\n<tr>\n<td rowspan=\"4\"><img decoding=\"async\" class=\"wp-image-6622 size-medium aligncenter\" src=\"https:\/\/www.excalibur-generator.com\/wp-content\/uploads\/2025\/06\/SZNA-pencil-concrete-vibrator-300x300.jpg\" alt=\"Vibrador de hormig\u00f3n tipo l\u00e1piz SZNA\" width=\"300\" height=\"300\" srcset=\"https:\/\/www.excalibur-generator.com\/wp-content\/uploads\/2025\/06\/SZNA-pencil-concrete-vibrator-300x300.jpg 300w, https:\/\/www.excalibur-generator.com\/wp-content\/uploads\/2025\/06\/SZNA-pencil-concrete-vibrator-150x150.jpg 150w, https:\/\/www.excalibur-generator.com\/wp-content\/uploads\/2025\/06\/SZNA-pencil-concrete-vibrator-768x768.jpg 768w, https:\/\/www.excalibur-generator.com\/wp-content\/uploads\/2025\/06\/SZNA-pencil-concrete-vibrator-600x600.jpg 600w, https:\/\/www.excalibur-generator.com\/wp-content\/uploads\/2025\/06\/SZNA-pencil-concrete-vibrator-100x100.jpg 100w, https:\/\/www.excalibur-generator.com\/wp-content\/uploads\/2025\/06\/SZNA-pencil-concrete-vibrator.jpg 800w\" sizes=\"(max-width: 300px) 100vw, 300px\" \/><\/td>\n<td>220V<\/td>\n<td>800W<\/td>\n<td>Altura del estator y del rotor: 35 mm, carcasa de aluminio.<\/td>\n<\/tr>\n<tr>\n<td>220V<\/td>\n<td>900W<\/td>\n<td>Altura del estator y del rotor: 35 mm, carcasa de aluminio.<\/td>\n<\/tr>\n<tr>\n<td>220V<\/td>\n<td>1000W<\/td>\n<td>Altura del estator y del rotor: 45 mm, carcasa de aluminio.<\/td>\n<\/tr>\n<tr>\n<td>220V<\/td>\n<td>1200W<\/td>\n<td>Altura del estator y del rotor: 50 mm, carcasa de aluminio.<\/td>\n<\/tr>\n<\/tbody>\n<\/table>\n<p><img loading=\"lazy\" decoding=\"async\" class=\"size-full wp-image-6639 aligncenter\" src=\"https:\/\/www.excalibur-generator.com\/wp-content\/uploads\/2025\/06\/Vibrator-Hose.jpg\" alt=\"Manguera vibradora\" width=\"800\" height=\"106\" srcset=\"https:\/\/www.excalibur-generator.com\/wp-content\/uploads\/2025\/06\/Vibrator-Hose.jpg 800w, https:\/\/www.excalibur-generator.com\/wp-content\/uploads\/2025\/06\/Vibrator-Hose-300x40.jpg 300w, https:\/\/www.excalibur-generator.com\/wp-content\/uploads\/2025\/06\/Vibrator-Hose-768x102.jpg 768w, https:\/\/www.excalibur-generator.com\/wp-content\/uploads\/2025\/06\/Vibrator-Hose-600x80.jpg 600w\" sizes=\"(max-width: 800px) 100vw, 800px\" \/><\/p>\n<table>\n<tbody>\n<tr>\n<td colspan=\"7\">\n<p style=\"text-align: center;\">Opciones de mangueras vibradoras<\/p>\n<\/td>\n<\/tr>\n<tr>\n<td>Tama\u00f1o de la cabeza del eje<\/td>\n<td>25mm<\/td>\n<td>25mm<\/td>\n<td>35mm<\/td>\n<td>35mm<\/td>\n<td>35mm<\/td>\n<td>35mm<\/td>\n<\/tr>\n<tr>\n<td>Opciones de longitud del eje (m)<\/td>\n<td>1M<\/td>\n<td>2M<\/td>\n<td>1M<\/td>\n<td>1.5M<\/td>\n<td>2M<\/td>\n<td>3M<\/td>\n<\/tr>\n<tr>\n<td>M\u00e9todo de embalaje<\/td>\n<td>5pcs\/ctn<\/td>\n<td>5pcs\/ctn<\/td>\n<td>5pcs\/ctn<\/td>\n<td>5pcs\/ctn<\/td>\n<td>5pcs\/ctn<\/td>\n<td>1pc\/ctn<\/td>\n<\/tr>\n<\/tbody>\n<\/table>\n","protected":false},"excerpt":{"rendered":"<ul>\n<li>Ofrece voltaje de 220 V con rango de potencia de 800 W a 1200 W.<\/li>\n<li>La altura del estator y del rotor var\u00eda de 35 mm a 50 mm.<\/li>\n<li>La carcasa de aluminio opcional mejora la durabilidad y el rendimiento de disipaci\u00f3n de calor.<\/li>\n<\/ul>\n","protected":false},"featured_media":6618,"comment_status":"open","ping_status":"closed","template":"","meta":{"site-sidebar-layout":"default","site-content-layout":"","ast-site-content-layout":"default","site-content-style":"default","site-sidebar-style":"default","ast-global-header-display":"","ast-banner-title-visibility":"","ast-main-header-display":"","ast-hfb-above-header-display":"","ast-hfb-below-header-display":"","ast-hfb-mobile-header-display":"","site-post-title":"","ast-breadcrumbs-content":"","ast-featured-img":"","footer-sml-layout":"","theme-transparent-header-meta":"default","adv-header-id-meta":"","stick-header-meta":"","header-above-stick-meta":"","header-main-stick-meta":"","header-below-stick-meta":"","astra-migrate-meta-layouts":"default","ast-page-background-enabled":"default","ast-page-background-meta":{"desktop":{"background-color":"var(--ast-global-color-4)","background-image":"","background-repeat":"repeat","background-position":"center center","background-size":"auto","background-attachment":"scroll","background-type":"","background-media":"","overlay-type":"","overlay-color":"","overlay-opacity":"","overlay-gradient":""},"tablet":{"background-color":"","background-image":"","background-repeat":"repeat","background-position":"center center","background-size":"auto","background-attachment":"scroll","background-type":"","background-media":"","overlay-type":"","overlay-color":"","overlay-opacity":"","overlay-gradient":""},"mobile":{"background-color":"","background-image":"","background-repeat":"repeat","background-position":"center center","background-size":"auto","background-attachment":"scroll","background-type":"","background-media":"","overlay-type":"","overlay-color":"","overlay-opacity":"","overlay-gradient":""}},"ast-content-background-meta":{"desktop":{"background-color":"var(--ast-global-color-5)","background-image":"","background-repeat":"repeat","background-position":"center center","background-size":"auto","background-attachment":"scroll","background-type":"","background-media":"","overlay-type":"","overlay-color":"","overlay-opacity":"","overlay-gradient":""},"tablet":{"background-color":"var(--ast-global-color-5)","background-image":"","background-repeat":"repeat","background-position":"center center","background-size":"auto","background-attachment":"scroll","background-type":"","background-media":"","overlay-type":"","overlay-color":"","overlay-opacity":"","overlay-gradient":""},"mobile":{"background-color":"var(--ast-global-color-5)","background-image":"","background-repeat":"repeat","background-position":"center center","background-size":"auto","background-attachment":"scroll","background-type":"","background-media":"","overlay-type":"","overlay-color":"","overlay-opacity":"","overlay-gradient":""}}},"product_brand":[],"product_cat":[43],"product_tag":[],"class_list":{"0":"post-6912","1":"product","2":"type-product","3":"status-publish","4":"has-post-thumbnail","6":"product_cat-sin-categorizar","7":"desktop-align-left","8":"tablet-align-left","9":"mobile-align-left","11":"first","12":"instock","13":"shipping-taxable","14":"product-type-simple"},"yoast_head":"<!-- This site is optimized with the Yoast SEO plugin v26.5 - https:\/\/yoast.com\/wordpress\/plugins\/seo\/ -->\n<title>Vibrador de aguja SZNA &#8211; Excalibur Generator<\/title>\n<meta name=\"description\" content=\"El vibrador de hormig\u00f3n tipo l\u00e1piz SZNA cuenta con una potencia de 220 V, un motor de 800 W a 1200 W y una carcasa duradera de aluminio o est\u00e1ndar para una compactaci\u00f3n de hormig\u00f3n eficiente.\" \/>\n<meta name=\"robots\" content=\"index, follow, max-snippet:-1, max-image-preview:large, max-video-preview:-1\" \/>\n<link rel=\"canonical\" href=\"https:\/\/www.excalibur-generator.com\/es\/vibrador-de-aguja-szna\/\" \/>\n<meta name=\"twitter:label1\" content=\"Tiempo de lectura\" \/>\n\t<meta name=\"twitter:data1\" content=\"1 minuto\" \/>\n<script type=\"application\/ld+json\" class=\"yoast-schema-graph\">{\"@context\":\"https:\/\/schema.org\",\"@graph\":[{\"@type\":\"WebPage\",\"@id\":\"https:\/\/www.excalibur-generator.com\/es\/vibrador-de-aguja-szna\/\",\"url\":\"https:\/\/www.excalibur-generator.com\/es\/vibrador-de-aguja-szna\/\",\"name\":\"Vibrador de aguja SZNA &#8211; Excalibur Generator\",\"isPartOf\":{\"@id\":\"https:\/\/www.excalibur-generator.com\/es\/#website\"},\"primaryImageOfPage\":{\"@id\":\"https:\/\/www.excalibur-generator.com\/es\/vibrador-de-aguja-szna\/#primaryimage\"},\"image\":{\"@id\":\"https:\/\/www.excalibur-generator.com\/es\/vibrador-de-aguja-szna\/#primaryimage\"},\"thumbnailUrl\":\"https:\/\/www.excalibur-generator.com\/wp-content\/uploads\/2025\/06\/Hand-Held-Concrete-Vibrator.jpg\",\"datePublished\":\"2025-06-25T03:10:16+00:00\",\"description\":\"El vibrador de hormig\u00f3n tipo l\u00e1piz SZNA cuenta con una potencia de 220 V, un motor de 800 W a 1200 W y una carcasa duradera de aluminio o est\u00e1ndar para una compactaci\u00f3n de hormig\u00f3n eficiente.\",\"breadcrumb\":{\"@id\":\"https:\/\/www.excalibur-generator.com\/es\/vibrador-de-aguja-szna\/#breadcrumb\"},\"inLanguage\":\"es\",\"potentialAction\":[{\"@type\":\"ReadAction\",\"target\":[\"https:\/\/www.excalibur-generator.com\/es\/vibrador-de-aguja-szna\/\"]}]},{\"@type\":\"ImageObject\",\"inLanguage\":\"es\",\"@id\":\"https:\/\/www.excalibur-generator.com\/es\/vibrador-de-aguja-szna\/#primaryimage\",\"url\":\"https:\/\/www.excalibur-generator.com\/wp-content\/uploads\/2025\/06\/Hand-Held-Concrete-Vibrator.jpg\",\"contentUrl\":\"https:\/\/www.excalibur-generator.com\/wp-content\/uploads\/2025\/06\/Hand-Held-Concrete-Vibrator.jpg\",\"width\":800,\"height\":800,\"caption\":\"Vibrador de hormig\u00f3n port\u00e1til\"},{\"@type\":\"BreadcrumbList\",\"@id\":\"https:\/\/www.excalibur-generator.com\/es\/vibrador-de-aguja-szna\/#breadcrumb\",\"itemListElement\":[{\"@type\":\"ListItem\",\"position\":1,\"name\":\"Home\",\"item\":\"https:\/\/www.excalibur-generator.com\/es\/inicio\/\"},{\"@type\":\"ListItem\",\"position\":2,\"name\":\"Productos\",\"item\":\"https:\/\/www.excalibur-generator.com\/es\/productos.html\"},{\"@type\":\"ListItem\",\"position\":3,\"name\":\"Vibrador de aguja SZNA\"}]},{\"@type\":\"WebSite\",\"@id\":\"https:\/\/www.excalibur-generator.com\/es\/#website\",\"url\":\"https:\/\/www.excalibur-generator.com\/es\/\",\"name\":\"Excalibur Generator\",\"description\":\"\",\"publisher\":{\"@id\":\"https:\/\/www.excalibur-generator.com\/es\/#organization\"},\"potentialAction\":[{\"@type\":\"SearchAction\",\"target\":{\"@type\":\"EntryPoint\",\"urlTemplate\":\"https:\/\/www.excalibur-generator.com\/es\/?s={search_term_string}\"},\"query-input\":{\"@type\":\"PropertyValueSpecification\",\"valueRequired\":true,\"valueName\":\"search_term_string\"}}],\"inLanguage\":\"es\"},{\"@type\":\"Organization\",\"@id\":\"https:\/\/www.excalibur-generator.com\/es\/#organization\",\"name\":\"Excalibur Generator\",\"url\":\"https:\/\/www.excalibur-generator.com\/es\/\",\"logo\":{\"@type\":\"ImageObject\",\"inLanguage\":\"es\",\"@id\":\"https:\/\/www.excalibur-generator.com\/es\/#\/schema\/logo\/image\/\",\"url\":\"https:\/\/www.excalibur-generator.com\/wp-content\/uploads\/2024\/05\/EXCALIBUR.png\",\"contentUrl\":\"https:\/\/www.excalibur-generator.com\/wp-content\/uploads\/2024\/05\/EXCALIBUR.png\",\"width\":350,\"height\":79,\"caption\":\"Excalibur Generator\"},\"image\":{\"@id\":\"https:\/\/www.excalibur-generator.com\/es\/#\/schema\/logo\/image\/\"}}]}<\/script>\n<!-- \/ Yoast SEO plugin. -->","yoast_head_json":{"title":"Vibrador de aguja SZNA &#8211; Excalibur Generator","description":"El vibrador de hormig\u00f3n tipo l\u00e1piz SZNA cuenta con una potencia de 220 V, un motor de 800 W a 1200 W y una carcasa duradera de aluminio o est\u00e1ndar para una compactaci\u00f3n de hormig\u00f3n eficiente.","robots":{"index":"index","follow":"follow","max-snippet":"max-snippet:-1","max-image-preview":"max-image-preview:large","max-video-preview":"max-video-preview:-1"},"canonical":"https:\/\/www.excalibur-generator.com\/es\/vibrador-de-aguja-szna\/","twitter_misc":{"Tiempo de lectura":"1 minuto"},"schema":{"@context":"https:\/\/schema.org","@graph":[{"@type":"WebPage","@id":"https:\/\/www.excalibur-generator.com\/es\/vibrador-de-aguja-szna\/","url":"https:\/\/www.excalibur-generator.com\/es\/vibrador-de-aguja-szna\/","name":"Vibrador de aguja SZNA &#8211; Excalibur Generator","isPartOf":{"@id":"https:\/\/www.excalibur-generator.com\/es\/#website"},"primaryImageOfPage":{"@id":"https:\/\/www.excalibur-generator.com\/es\/vibrador-de-aguja-szna\/#primaryimage"},"image":{"@id":"https:\/\/www.excalibur-generator.com\/es\/vibrador-de-aguja-szna\/#primaryimage"},"thumbnailUrl":"https:\/\/www.excalibur-generator.com\/wp-content\/uploads\/2025\/06\/Hand-Held-Concrete-Vibrator.jpg","datePublished":"2025-06-25T03:10:16+00:00","description":"El vibrador de hormig\u00f3n tipo l\u00e1piz SZNA cuenta con una potencia de 220 V, un motor de 800 W a 1200 W y una carcasa duradera de aluminio o est\u00e1ndar para una compactaci\u00f3n de hormig\u00f3n eficiente.","breadcrumb":{"@id":"https:\/\/www.excalibur-generator.com\/es\/vibrador-de-aguja-szna\/#breadcrumb"},"inLanguage":"es","potentialAction":[{"@type":"ReadAction","target":["https:\/\/www.excalibur-generator.com\/es\/vibrador-de-aguja-szna\/"]}]},{"@type":"ImageObject","inLanguage":"es","@id":"https:\/\/www.excalibur-generator.com\/es\/vibrador-de-aguja-szna\/#primaryimage","url":"https:\/\/www.excalibur-generator.com\/wp-content\/uploads\/2025\/06\/Hand-Held-Concrete-Vibrator.jpg","contentUrl":"https:\/\/www.excalibur-generator.com\/wp-content\/uploads\/2025\/06\/Hand-Held-Concrete-Vibrator.jpg","width":800,"height":800,"caption":"Vibrador de hormig\u00f3n port\u00e1til"},{"@type":"BreadcrumbList","@id":"https:\/\/www.excalibur-generator.com\/es\/vibrador-de-aguja-szna\/#breadcrumb","itemListElement":[{"@type":"ListItem","position":1,"name":"Home","item":"https:\/\/www.excalibur-generator.com\/es\/inicio\/"},{"@type":"ListItem","position":2,"name":"Productos","item":"https:\/\/www.excalibur-generator.com\/es\/productos.html"},{"@type":"ListItem","position":3,"name":"Vibrador de aguja SZNA"}]},{"@type":"WebSite","@id":"https:\/\/www.excalibur-generator.com\/es\/#website","url":"https:\/\/www.excalibur-generator.com\/es\/","name":"Excalibur Generator","description":"","publisher":{"@id":"https:\/\/www.excalibur-generator.com\/es\/#organization"},"potentialAction":[{"@type":"SearchAction","target":{"@type":"EntryPoint","urlTemplate":"https:\/\/www.excalibur-generator.com\/es\/?s={search_term_string}"},"query-input":{"@type":"PropertyValueSpecification","valueRequired":true,"valueName":"search_term_string"}}],"inLanguage":"es"},{"@type":"Organization","@id":"https:\/\/www.excalibur-generator.com\/es\/#organization","name":"Excalibur Generator","url":"https:\/\/www.excalibur-generator.com\/es\/","logo":{"@type":"ImageObject","inLanguage":"es","@id":"https:\/\/www.excalibur-generator.com\/es\/#\/schema\/logo\/image\/","url":"https:\/\/www.excalibur-generator.com\/wp-content\/uploads\/2024\/05\/EXCALIBUR.png","contentUrl":"https:\/\/www.excalibur-generator.com\/wp-content\/uploads\/2024\/05\/EXCALIBUR.png","width":350,"height":79,"caption":"Excalibur Generator"},"image":{"@id":"https:\/\/www.excalibur-generator.com\/es\/#\/schema\/logo\/image\/"}}]}},"_links":{"self":[{"href":"https:\/\/www.excalibur-generator.com\/es\/wp-json\/wp\/v2\/product\/6912","targetHints":{"allow":["GET"]}}],"collection":[{"href":"https:\/\/www.excalibur-generator.com\/es\/wp-json\/wp\/v2\/product"}],"about":[{"href":"https:\/\/www.excalibur-generator.com\/es\/wp-json\/wp\/v2\/types\/product"}],"replies":[{"embeddable":true,"href":"https:\/\/www.excalibur-generator.com\/es\/wp-json\/wp\/v2\/comments?post=6912"}],"wp:featuredmedia":[{"embeddable":true,"href":"https:\/\/www.excalibur-generator.com\/es\/wp-json\/wp\/v2\/media\/6618"}],"wp:attachment":[{"href":"https:\/\/www.excalibur-generator.com\/es\/wp-json\/wp\/v2\/media?parent=6912"}],"wp:term":[{"taxonomy":"product_brand","embeddable":true,"href":"https:\/\/www.excalibur-generator.com\/es\/wp-json\/wp\/v2\/product_brand?post=6912"},{"taxonomy":"product_cat","embeddable":true,"href":"https:\/\/www.excalibur-generator.com\/es\/wp-json\/wp\/v2\/product_cat?post=6912"},{"taxonomy":"product_tag","embeddable":true,"href":"https:\/\/www.excalibur-generator.com\/es\/wp-json\/wp\/v2\/product_tag?post=6912"}],"curies":[{"name":"wp","href":"https:\/\/api.w.org\/{rel}","templated":true}]}}