{"id":6913,"date":"2025-06-25T10:53:46","date_gmt":"2025-06-25T02:53:46","guid":{"rendered":"https:\/\/www.excalibur-generator.com\/vibradora-para-concreto-sv\/"},"modified":"2025-06-25T10:53:46","modified_gmt":"2025-06-25T02:53:46","slug":"vibradora-para-concreto-sv","status":"publish","type":"product","link":"https:\/\/www.excalibur-generator.com\/es\/vibradora-para-concreto-sv\/","title":{"rendered":"Vibradora para concreto SV"},"content":{"rendered":"<table>\n<tbody>\n<tr>\n<td colspan=\"3\">\n<p style=\"text-align: center;\">Opciones de motor<\/p>\n<\/td>\n<td colspan=\"4\">\n<p style=\"text-align: center;\">Opci\u00f3n de marco<\/p>\n<\/td>\n<\/tr>\n<tr>\n<td><img fetchpriority=\"high\" decoding=\"async\" class=\"alignnone wp-image-6651 size-medium\" src=\"https:\/\/www.excalibur-generator.com\/wp-content\/uploads\/2025\/06\/Robin-engine-EY20-5HP-300x300.jpg\" alt=\"Motor Robin EY20 (5 HP)\" width=\"300\" height=\"300\" srcset=\"https:\/\/www.excalibur-generator.com\/wp-content\/uploads\/2025\/06\/Robin-engine-EY20-5HP-300x300.jpg 300w, https:\/\/www.excalibur-generator.com\/wp-content\/uploads\/2025\/06\/Robin-engine-EY20-5HP-150x150.jpg 150w, https:\/\/www.excalibur-generator.com\/wp-content\/uploads\/2025\/06\/Robin-engine-EY20-5HP-100x100.jpg 100w, https:\/\/www.excalibur-generator.com\/wp-content\/uploads\/2025\/06\/Robin-engine-EY20-5HP.jpg 400w\" sizes=\"(max-width: 300px) 100vw, 300px\" \/><\/td>\n<td><img decoding=\"async\" class=\"alignnone wp-image-6654 size-medium\" src=\"https:\/\/www.excalibur-generator.com\/wp-content\/uploads\/2025\/06\/Honda-engine-GX160-5.5HP-300x300.jpg\" alt=\"Motor Honda GX160 (5,5 CV)\" width=\"300\" height=\"300\" srcset=\"https:\/\/www.excalibur-generator.com\/wp-content\/uploads\/2025\/06\/Honda-engine-GX160-5.5HP-300x300.jpg 300w, https:\/\/www.excalibur-generator.com\/wp-content\/uploads\/2025\/06\/Honda-engine-GX160-5.5HP-150x150.jpg 150w, https:\/\/www.excalibur-generator.com\/wp-content\/uploads\/2025\/06\/Honda-engine-GX160-5.5HP-100x100.jpg 100w, https:\/\/www.excalibur-generator.com\/wp-content\/uploads\/2025\/06\/Honda-engine-GX160-5.5HP.jpg 400w\" sizes=\"(max-width: 300px) 100vw, 300px\" \/><\/td>\n<td><img decoding=\"async\" class=\"alignnone wp-image-6657 size-medium\" src=\"https:\/\/www.excalibur-generator.com\/wp-content\/uploads\/2025\/06\/Diesel-Engine-S173F-6HP-300x300.jpg\" alt=\"Motor di\u00e9sel S173F (6 HP)\" width=\"300\" height=\"300\" srcset=\"https:\/\/www.excalibur-generator.com\/wp-content\/uploads\/2025\/06\/Diesel-Engine-S173F-6HP-300x300.jpg 300w, https:\/\/www.excalibur-generator.com\/wp-content\/uploads\/2025\/06\/Diesel-Engine-S173F-6HP-150x150.jpg 150w, https:\/\/www.excalibur-generator.com\/wp-content\/uploads\/2025\/06\/Diesel-Engine-S173F-6HP-100x100.jpg 100w, https:\/\/www.excalibur-generator.com\/wp-content\/uploads\/2025\/06\/Diesel-Engine-S173F-6HP.jpg 400w\" sizes=\"(max-width: 300px) 100vw, 300px\" \/><\/td>\n<td><img loading=\"lazy\" decoding=\"async\" class=\"alignnone wp-image-6660 size-medium\" src=\"https:\/\/www.excalibur-generator.com\/wp-content\/uploads\/2025\/06\/type-B-300x300.jpg\" alt=\"tipo B\" width=\"300\" height=\"300\" srcset=\"https:\/\/www.excalibur-generator.com\/wp-content\/uploads\/2025\/06\/type-B-300x300.jpg 300w, https:\/\/www.excalibur-generator.com\/wp-content\/uploads\/2025\/06\/type-B-150x150.jpg 150w, https:\/\/www.excalibur-generator.com\/wp-content\/uploads\/2025\/06\/type-B-100x100.jpg 100w, https:\/\/www.excalibur-generator.com\/wp-content\/uploads\/2025\/06\/type-B.jpg 400w\" sizes=\"(max-width: 300px) 100vw, 300px\" \/><\/td>\n<td><img loading=\"lazy\" decoding=\"async\" class=\"alignnone wp-image-6663 size-medium\" src=\"https:\/\/www.excalibur-generator.com\/wp-content\/uploads\/2025\/06\/TYPE-C-300x300.jpg\" alt=\"TIPO C\" width=\"300\" height=\"300\" srcset=\"https:\/\/www.excalibur-generator.com\/wp-content\/uploads\/2025\/06\/TYPE-C-300x300.jpg 300w, https:\/\/www.excalibur-generator.com\/wp-content\/uploads\/2025\/06\/TYPE-C-150x150.jpg 150w, https:\/\/www.excalibur-generator.com\/wp-content\/uploads\/2025\/06\/TYPE-C-100x100.jpg 100w, https:\/\/www.excalibur-generator.com\/wp-content\/uploads\/2025\/06\/TYPE-C.jpg 400w\" sizes=\"(max-width: 300px) 100vw, 300px\" \/><\/td>\n<td><img loading=\"lazy\" decoding=\"async\" class=\"alignnone wp-image-6666 size-medium\" src=\"https:\/\/www.excalibur-generator.com\/wp-content\/uploads\/2025\/06\/TYPE-D-300x300.jpg\" alt=\"TIPO C\" width=\"300\" height=\"300\" srcset=\"https:\/\/www.excalibur-generator.com\/wp-content\/uploads\/2025\/06\/TYPE-D-300x300.jpg 300w, https:\/\/www.excalibur-generator.com\/wp-content\/uploads\/2025\/06\/TYPE-D-150x150.jpg 150w, https:\/\/www.excalibur-generator.com\/wp-content\/uploads\/2025\/06\/TYPE-D-100x100.jpg 100w, https:\/\/www.excalibur-generator.com\/wp-content\/uploads\/2025\/06\/TYPE-D.jpg 400w\" sizes=\"(max-width: 300px) 100vw, 300px\" \/><\/td>\n<td><img loading=\"lazy\" decoding=\"async\" class=\"alignnone wp-image-6669 size-medium\" src=\"https:\/\/www.excalibur-generator.com\/wp-content\/uploads\/2025\/06\/TYPE-E-300x300.jpg\" alt=\"TIPO E\" width=\"300\" height=\"300\" srcset=\"https:\/\/www.excalibur-generator.com\/wp-content\/uploads\/2025\/06\/TYPE-E-300x300.jpg 300w, https:\/\/www.excalibur-generator.com\/wp-content\/uploads\/2025\/06\/TYPE-E-150x150.jpg 150w, https:\/\/www.excalibur-generator.com\/wp-content\/uploads\/2025\/06\/TYPE-E-100x100.jpg 100w, https:\/\/www.excalibur-generator.com\/wp-content\/uploads\/2025\/06\/TYPE-E.jpg 400w\" sizes=\"(max-width: 300px) 100vw, 300px\" \/><\/td>\n<\/tr>\n<tr>\n<td>Motor Robin EY20 (5 HP)<\/td>\n<td>Motor Honda GX160 (5,5 CV)<\/td>\n<td>Motor di\u00e9sel S173F (6 HP)<\/td>\n<td>Tipo B<\/td>\n<td>Tipo C<\/td>\n<td>Tipo D<\/td>\n<td>Tipo E<\/td>\n<\/tr>\n<\/tbody>\n<\/table>\n<table>\n<tbody>\n<tr>\n<td colspan=\"2\">\n<p style=\"text-align: center;\">Opciones de tipo de acoplamiento<\/p>\n<\/td>\n<\/tr>\n<tr>\n<td><img loading=\"lazy\" decoding=\"async\" class=\"alignnone size-full wp-image-6690\" src=\"https:\/\/www.excalibur-generator.com\/wp-content\/uploads\/2025\/06\/coupling-1.webp\" alt=\"Acoplamiento-1\" width=\"600\" height=\"400\" srcset=\"https:\/\/www.excalibur-generator.com\/wp-content\/uploads\/2025\/06\/coupling-1.webp 600w, https:\/\/www.excalibur-generator.com\/wp-content\/uploads\/2025\/06\/coupling-1-300x200.webp 300w\" sizes=\"(max-width: 600px) 100vw, 600px\" \/><\/td>\n<td><img loading=\"lazy\" decoding=\"async\" class=\"alignnone size-full wp-image-6694\" src=\"https:\/\/www.excalibur-generator.com\/wp-content\/uploads\/2025\/06\/Coupling-2.webp\" alt=\"Acoplamiento-2\" width=\"800\" height=\"400\" srcset=\"https:\/\/www.excalibur-generator.com\/wp-content\/uploads\/2025\/06\/Coupling-2.webp 800w, https:\/\/www.excalibur-generator.com\/wp-content\/uploads\/2025\/06\/Coupling-2-300x150.webp 300w, https:\/\/www.excalibur-generator.com\/wp-content\/uploads\/2025\/06\/Coupling-2-768x384.webp 768w, https:\/\/www.excalibur-generator.com\/wp-content\/uploads\/2025\/06\/Coupling-2-600x300.webp 600w\" sizes=\"(max-width: 800px) 100vw, 800px\" \/><\/td>\n<\/tr>\n<\/tbody>\n<\/table>\n<table>\n<tbody>\n<tr>\n<td>Opciones de mangueras vibradoras<\/td>\n<td>Tama\u00f1o de la cabeza del eje<\/td>\n<td>28mm<\/td>\n<td>32mm<\/td>\n<td>38mm<\/td>\n<td>45mm<\/td>\n<td>50mm<\/td>\n<td>60mm<\/td>\n<\/tr>\n<tr>\n<td rowspan=\"7\">&nbsp;<\/p>\n<p><img loading=\"lazy\" decoding=\"async\" class=\"alignnone size-full wp-image-6672\" src=\"https:\/\/www.excalibur-generator.com\/wp-content\/uploads\/2025\/06\/vibrator-hose-1.jpg\" alt=\"manguera vibradora\" width=\"800\" height=\"400\" srcset=\"https:\/\/www.excalibur-generator.com\/wp-content\/uploads\/2025\/06\/vibrator-hose-1.jpg 800w, https:\/\/www.excalibur-generator.com\/wp-content\/uploads\/2025\/06\/vibrator-hose-1-300x150.jpg 300w, https:\/\/www.excalibur-generator.com\/wp-content\/uploads\/2025\/06\/vibrator-hose-1-768x384.jpg 768w, https:\/\/www.excalibur-generator.com\/wp-content\/uploads\/2025\/06\/vibrator-hose-1-600x300.jpg 600w\" sizes=\"(max-width: 800px) 100vw, 800px\" \/><\/td>\n<td>Opciones de longitud del eje (m)<\/td>\n<td colspan=\"6\">4M\/6M\/8M<\/td>\n<\/tr>\n<tr>\n<td>Cabezal de vibraci\u00f3n (mm)<\/td>\n<td>28*470<\/td>\n<td>32*470<\/td>\n<td>38*470<\/td>\n<td>45*470<\/td>\n<td>50*470<\/td>\n<td>60*470<\/td>\n<\/tr>\n<tr>\n<td>Vibraci\u00f3n\/min<\/td>\n<td><\/td>\n<td><\/td>\n<td colspan=\"2\">9800-12000<\/td>\n<td><\/td>\n<td><\/td>\n<\/tr>\n<tr>\n<td>Velocidad de rotaci\u00f3n del eje<\/td>\n<td colspan=\"2\"><\/td>\n<td colspan=\"4\">3000-3600<\/td>\n<\/tr>\n<tr>\n<td>Amplitud (m\/min)<\/td>\n<td>0.8<\/td>\n<td>0.9<\/td>\n<td>  1.2<\/td>\n<td>  1.3<\/td>\n<td>  1.6<\/td>\n<td>2<\/td>\n<\/tr>\n<tr>\n<td>Peso de la manguera<\/td>\n<td>14<\/td>\n<td>16<\/td>\n<td>  18<\/td>\n<td>  19<\/td>\n<td>  20<\/td>\n<td>21<\/td>\n<\/tr>\n<tr>\n<td>Tama\u00f1o del embalaje de la manguera (mm)<\/td>\n<td><\/td>\n<td colspan=\"5\">870*660*80<\/td>\n<\/tr>\n<\/tbody>\n<\/table>\n<h2>Par\u00e1metros del producto<\/h2>\n<table>\n<tbody>\n<tr>\n<td>Modelo<\/td>\n<td>SV<\/td>\n<\/tr>\n<tr>\n<td rowspan=\"3\">Modelo de motor<\/td>\n<td>Motor Robin EY20 (5 HP)<\/td>\n<\/tr>\n<tr>\n<td>Motor Honda GX160 (5,5 CV)<\/td>\n<\/tr>\n<tr>\n<td>Motor di\u00e9sel S173F (6 HP)<\/td>\n<\/tr>\n<tr>\n<td rowspan=\"3\">Tipo de acoplamiento<\/td>\n<td>Tipo de pin<\/td>\n<\/tr>\n<tr>\n<td>Tipo de Malasia<\/td>\n<\/tr>\n<tr>\n<td>Tipo turco<\/td>\n<\/tr>\n<tr>\n<td>Capacidad del tanque de combustible (L)<\/td>\n<td>3.8L<\/td>\n<\/tr>\n<tr>\n<td>Sistema de arranque<\/td>\n<td>Arrancador de retroceso<\/td>\n<\/tr>\n<tr>\n<td>Tama\u00f1o del embalaje (mm)<\/td>\n<td>515*380*515mm<\/td>\n<\/tr>\n<tr>\n<td>Peso neto (KG)<\/td>\n<td>22<\/td>\n<\/tr>\n<\/tbody>\n<\/table>\n","protected":false},"excerpt":{"rendered":"<ul>\n<li>Compatible con motores Robin, Honda o di\u00e9sel de hasta 6 HP.<\/li>\n<li>Ofrece opciones de acoplamiento Pin, Malasia y Turqu\u00eda para mayor versatilidad.<\/li>\n<li>Dise\u00f1o compacto de 22 kg con tanque de 3,8 L y arranque manual.<\/li>\n<\/ul>\n","protected":false},"featured_media":6598,"comment_status":"open","ping_status":"closed","template":"","meta":{"site-sidebar-layout":"default","site-content-layout":"","ast-site-content-layout":"default","site-content-style":"default","site-sidebar-style":"default","ast-global-header-display":"","ast-banner-title-visibility":"","ast-main-header-display":"","ast-hfb-above-header-display":"","ast-hfb-below-header-display":"","ast-hfb-mobile-header-display":"","site-post-title":"","ast-breadcrumbs-content":"","ast-featured-img":"","footer-sml-layout":"","theme-transparent-header-meta":"default","adv-header-id-meta":"","stick-header-meta":"","header-above-stick-meta":"","header-main-stick-meta":"","header-below-stick-meta":"","astra-migrate-meta-layouts":"default","ast-page-background-enabled":"default","ast-page-background-meta":{"desktop":{"background-color":"var(--ast-global-color-4)","background-image":"","background-repeat":"repeat","background-position":"center center","background-size":"auto","background-attachment":"scroll","background-type":"","background-media":"","overlay-type":"","overlay-color":"","overlay-opacity":"","overlay-gradient":""},"tablet":{"background-color":"","background-image":"","background-repeat":"repeat","background-position":"center center","background-size":"auto","background-attachment":"scroll","background-type":"","background-media":"","overlay-type":"","overlay-color":"","overlay-opacity":"","overlay-gradient":""},"mobile":{"background-color":"","background-image":"","background-repeat":"repeat","background-position":"center center","background-size":"auto","background-attachment":"scroll","background-type":"","background-media":"","overlay-type":"","overlay-color":"","overlay-opacity":"","overlay-gradient":""}},"ast-content-background-meta":{"desktop":{"background-color":"var(--ast-global-color-5)","background-image":"","background-repeat":"repeat","background-position":"center center","background-size":"auto","background-attachment":"scroll","background-type":"","background-media":"","overlay-type":"","overlay-color":"","overlay-opacity":"","overlay-gradient":""},"tablet":{"background-color":"var(--ast-global-color-5)","background-image":"","background-repeat":"repeat","background-position":"center center","background-size":"auto","background-attachment":"scroll","background-type":"","background-media":"","overlay-type":"","overlay-color":"","overlay-opacity":"","overlay-gradient":""},"mobile":{"background-color":"var(--ast-global-color-5)","background-image":"","background-repeat":"repeat","background-position":"center center","background-size":"auto","background-attachment":"scroll","background-type":"","background-media":"","overlay-type":"","overlay-color":"","overlay-opacity":"","overlay-gradient":""}}},"product_brand":[],"product_cat":[43],"product_tag":[],"class_list":{"0":"post-6913","1":"product","2":"type-product","3":"status-publish","4":"has-post-thumbnail","6":"product_cat-sin-categorizar","7":"desktop-align-left","8":"tablet-align-left","9":"mobile-align-left","11":"first","12":"instock","13":"shipping-taxable","14":"product-type-simple"},"yoast_head":"<!-- This site is optimized with the Yoast SEO plugin v26.5 - https:\/\/yoast.com\/wordpress\/plugins\/seo\/ -->\n<title>Vibradora para concreto SV &#8211; Excalibur Generator<\/title>\n<meta name=\"description\" content=\"El vibrador SV Poker cuenta con motores de 5 a 6 HP, tanque de combustible de 3,8 L, arranque manual y m\u00faltiples tipos de acoplamiento para tareas vers\u00e1tiles de vibraci\u00f3n de concreto.\" \/>\n<meta name=\"robots\" content=\"index, follow, max-snippet:-1, max-image-preview:large, max-video-preview:-1\" \/>\n<link rel=\"canonical\" href=\"https:\/\/www.excalibur-generator.com\/es\/vibradora-para-concreto-sv\/\" \/>\n<meta name=\"twitter:label1\" content=\"Tiempo de lectura\" \/>\n\t<meta name=\"twitter:data1\" content=\"1 minuto\" \/>\n<script type=\"application\/ld+json\" class=\"yoast-schema-graph\">{\"@context\":\"https:\/\/schema.org\",\"@graph\":[{\"@type\":\"WebPage\",\"@id\":\"https:\/\/www.excalibur-generator.com\/es\/vibradora-para-concreto-sv\/\",\"url\":\"https:\/\/www.excalibur-generator.com\/es\/vibradora-para-concreto-sv\/\",\"name\":\"Vibradora para concreto SV &#8211; Excalibur Generator\",\"isPartOf\":{\"@id\":\"https:\/\/www.excalibur-generator.com\/es\/#website\"},\"primaryImageOfPage\":{\"@id\":\"https:\/\/www.excalibur-generator.com\/es\/vibradora-para-concreto-sv\/#primaryimage\"},\"image\":{\"@id\":\"https:\/\/www.excalibur-generator.com\/es\/vibradora-para-concreto-sv\/#primaryimage\"},\"thumbnailUrl\":\"https:\/\/www.excalibur-generator.com\/wp-content\/uploads\/2025\/06\/SV-Poker-Vibrator.jpg\",\"datePublished\":\"2025-06-25T02:53:46+00:00\",\"description\":\"El vibrador SV Poker cuenta con motores de 5 a 6 HP, tanque de combustible de 3,8 L, arranque manual y m\u00faltiples tipos de acoplamiento para tareas vers\u00e1tiles de vibraci\u00f3n de concreto.\",\"breadcrumb\":{\"@id\":\"https:\/\/www.excalibur-generator.com\/es\/vibradora-para-concreto-sv\/#breadcrumb\"},\"inLanguage\":\"es\",\"potentialAction\":[{\"@type\":\"ReadAction\",\"target\":[\"https:\/\/www.excalibur-generator.com\/es\/vibradora-para-concreto-sv\/\"]}]},{\"@type\":\"ImageObject\",\"inLanguage\":\"es\",\"@id\":\"https:\/\/www.excalibur-generator.com\/es\/vibradora-para-concreto-sv\/#primaryimage\",\"url\":\"https:\/\/www.excalibur-generator.com\/wp-content\/uploads\/2025\/06\/SV-Poker-Vibrator.jpg\",\"contentUrl\":\"https:\/\/www.excalibur-generator.com\/wp-content\/uploads\/2025\/06\/SV-Poker-Vibrator.jpg\",\"width\":800,\"height\":800,\"caption\":\"Vibrador de p\u00f3quer SV\"},{\"@type\":\"BreadcrumbList\",\"@id\":\"https:\/\/www.excalibur-generator.com\/es\/vibradora-para-concreto-sv\/#breadcrumb\",\"itemListElement\":[{\"@type\":\"ListItem\",\"position\":1,\"name\":\"Home\",\"item\":\"https:\/\/www.excalibur-generator.com\/es\/inicio\/\"},{\"@type\":\"ListItem\",\"position\":2,\"name\":\"Productos\",\"item\":\"https:\/\/www.excalibur-generator.com\/es\/productos.html\"},{\"@type\":\"ListItem\",\"position\":3,\"name\":\"Vibradora para concreto SV\"}]},{\"@type\":\"WebSite\",\"@id\":\"https:\/\/www.excalibur-generator.com\/es\/#website\",\"url\":\"https:\/\/www.excalibur-generator.com\/es\/\",\"name\":\"Excalibur Generator\",\"description\":\"\",\"publisher\":{\"@id\":\"https:\/\/www.excalibur-generator.com\/es\/#organization\"},\"potentialAction\":[{\"@type\":\"SearchAction\",\"target\":{\"@type\":\"EntryPoint\",\"urlTemplate\":\"https:\/\/www.excalibur-generator.com\/es\/?s={search_term_string}\"},\"query-input\":{\"@type\":\"PropertyValueSpecification\",\"valueRequired\":true,\"valueName\":\"search_term_string\"}}],\"inLanguage\":\"es\"},{\"@type\":\"Organization\",\"@id\":\"https:\/\/www.excalibur-generator.com\/es\/#organization\",\"name\":\"Excalibur Generator\",\"url\":\"https:\/\/www.excalibur-generator.com\/es\/\",\"logo\":{\"@type\":\"ImageObject\",\"inLanguage\":\"es\",\"@id\":\"https:\/\/www.excalibur-generator.com\/es\/#\/schema\/logo\/image\/\",\"url\":\"https:\/\/www.excalibur-generator.com\/wp-content\/uploads\/2024\/05\/EXCALIBUR.png\",\"contentUrl\":\"https:\/\/www.excalibur-generator.com\/wp-content\/uploads\/2024\/05\/EXCALIBUR.png\",\"width\":350,\"height\":79,\"caption\":\"Excalibur Generator\"},\"image\":{\"@id\":\"https:\/\/www.excalibur-generator.com\/es\/#\/schema\/logo\/image\/\"}}]}<\/script>\n<!-- \/ Yoast SEO plugin. -->","yoast_head_json":{"title":"Vibradora para concreto SV &#8211; Excalibur Generator","description":"El vibrador SV Poker cuenta con motores de 5 a 6 HP, tanque de combustible de 3,8 L, arranque manual y m\u00faltiples tipos de acoplamiento para tareas vers\u00e1tiles de vibraci\u00f3n de concreto.","robots":{"index":"index","follow":"follow","max-snippet":"max-snippet:-1","max-image-preview":"max-image-preview:large","max-video-preview":"max-video-preview:-1"},"canonical":"https:\/\/www.excalibur-generator.com\/es\/vibradora-para-concreto-sv\/","twitter_misc":{"Tiempo de lectura":"1 minuto"},"schema":{"@context":"https:\/\/schema.org","@graph":[{"@type":"WebPage","@id":"https:\/\/www.excalibur-generator.com\/es\/vibradora-para-concreto-sv\/","url":"https:\/\/www.excalibur-generator.com\/es\/vibradora-para-concreto-sv\/","name":"Vibradora para concreto SV &#8211; Excalibur Generator","isPartOf":{"@id":"https:\/\/www.excalibur-generator.com\/es\/#website"},"primaryImageOfPage":{"@id":"https:\/\/www.excalibur-generator.com\/es\/vibradora-para-concreto-sv\/#primaryimage"},"image":{"@id":"https:\/\/www.excalibur-generator.com\/es\/vibradora-para-concreto-sv\/#primaryimage"},"thumbnailUrl":"https:\/\/www.excalibur-generator.com\/wp-content\/uploads\/2025\/06\/SV-Poker-Vibrator.jpg","datePublished":"2025-06-25T02:53:46+00:00","description":"El vibrador SV Poker cuenta con motores de 5 a 6 HP, tanque de combustible de 3,8 L, arranque manual y m\u00faltiples tipos de acoplamiento para tareas vers\u00e1tiles de vibraci\u00f3n de concreto.","breadcrumb":{"@id":"https:\/\/www.excalibur-generator.com\/es\/vibradora-para-concreto-sv\/#breadcrumb"},"inLanguage":"es","potentialAction":[{"@type":"ReadAction","target":["https:\/\/www.excalibur-generator.com\/es\/vibradora-para-concreto-sv\/"]}]},{"@type":"ImageObject","inLanguage":"es","@id":"https:\/\/www.excalibur-generator.com\/es\/vibradora-para-concreto-sv\/#primaryimage","url":"https:\/\/www.excalibur-generator.com\/wp-content\/uploads\/2025\/06\/SV-Poker-Vibrator.jpg","contentUrl":"https:\/\/www.excalibur-generator.com\/wp-content\/uploads\/2025\/06\/SV-Poker-Vibrator.jpg","width":800,"height":800,"caption":"Vibrador de p\u00f3quer SV"},{"@type":"BreadcrumbList","@id":"https:\/\/www.excalibur-generator.com\/es\/vibradora-para-concreto-sv\/#breadcrumb","itemListElement":[{"@type":"ListItem","position":1,"name":"Home","item":"https:\/\/www.excalibur-generator.com\/es\/inicio\/"},{"@type":"ListItem","position":2,"name":"Productos","item":"https:\/\/www.excalibur-generator.com\/es\/productos.html"},{"@type":"ListItem","position":3,"name":"Vibradora para concreto SV"}]},{"@type":"WebSite","@id":"https:\/\/www.excalibur-generator.com\/es\/#website","url":"https:\/\/www.excalibur-generator.com\/es\/","name":"Excalibur Generator","description":"","publisher":{"@id":"https:\/\/www.excalibur-generator.com\/es\/#organization"},"potentialAction":[{"@type":"SearchAction","target":{"@type":"EntryPoint","urlTemplate":"https:\/\/www.excalibur-generator.com\/es\/?s={search_term_string}"},"query-input":{"@type":"PropertyValueSpecification","valueRequired":true,"valueName":"search_term_string"}}],"inLanguage":"es"},{"@type":"Organization","@id":"https:\/\/www.excalibur-generator.com\/es\/#organization","name":"Excalibur Generator","url":"https:\/\/www.excalibur-generator.com\/es\/","logo":{"@type":"ImageObject","inLanguage":"es","@id":"https:\/\/www.excalibur-generator.com\/es\/#\/schema\/logo\/image\/","url":"https:\/\/www.excalibur-generator.com\/wp-content\/uploads\/2024\/05\/EXCALIBUR.png","contentUrl":"https:\/\/www.excalibur-generator.com\/wp-content\/uploads\/2024\/05\/EXCALIBUR.png","width":350,"height":79,"caption":"Excalibur Generator"},"image":{"@id":"https:\/\/www.excalibur-generator.com\/es\/#\/schema\/logo\/image\/"}}]}},"_links":{"self":[{"href":"https:\/\/www.excalibur-generator.com\/es\/wp-json\/wp\/v2\/product\/6913","targetHints":{"allow":["GET"]}}],"collection":[{"href":"https:\/\/www.excalibur-generator.com\/es\/wp-json\/wp\/v2\/product"}],"about":[{"href":"https:\/\/www.excalibur-generator.com\/es\/wp-json\/wp\/v2\/types\/product"}],"replies":[{"embeddable":true,"href":"https:\/\/www.excalibur-generator.com\/es\/wp-json\/wp\/v2\/comments?post=6913"}],"wp:featuredmedia":[{"embeddable":true,"href":"https:\/\/www.excalibur-generator.com\/es\/wp-json\/wp\/v2\/media\/6598"}],"wp:attachment":[{"href":"https:\/\/www.excalibur-generator.com\/es\/wp-json\/wp\/v2\/media?parent=6913"}],"wp:term":[{"taxonomy":"product_brand","embeddable":true,"href":"https:\/\/www.excalibur-generator.com\/es\/wp-json\/wp\/v2\/product_brand?post=6913"},{"taxonomy":"product_cat","embeddable":true,"href":"https:\/\/www.excalibur-generator.com\/es\/wp-json\/wp\/v2\/product_cat?post=6913"},{"taxonomy":"product_tag","embeddable":true,"href":"https:\/\/www.excalibur-generator.com\/es\/wp-json\/wp\/v2\/product_tag?post=6913"}],"curies":[{"name":"wp","href":"https:\/\/api.w.org\/{rel}","templated":true}]}}